{"id":69073,"date":"2023-03-08T02:37:09","date_gmt":"2023-03-08T02:37:09","guid":{"rendered":"https:\/\/chanrathanhthuy.com\/product\/tham-chan-khach-san-loai-b-dat-may-theo-yeu-cau"},"modified":"2026-04-13T06:39:11","modified_gmt":"2026-04-13T06:39:11","slug":"tham-chan-khach-san-loai-b-dat-may-theo-yeu-cau","status":"publish","type":"product","link":"https:\/\/chanrathanhthuy.com\/en\/product\/tham-chan-khach-san-loai-b-dat-may-theo-yeu-cau\/","title":{"rendered":"5. Th\u1ea3m Ch\u00e2n Kh\u00e1ch S\u1ea1n Lo\u1ea1i B"},"content":{"rendered":"<h2 style=\"text-align: justify;\" data-sourcepos=\"2:1-2:77\">Th\u1ea3m Ch\u00e2n Tr\u1eafng Tr\u01a1n Lo\u1ea1i B \u2013 S\u1ef1 L\u1ef1a Ch\u1ecdn T\u1ed1i \u01afu T\u1eeb Ch\u0103n Ra Thanh Th\u1ee7y<\/h2>\n<p style=\"text-align: justify;\" data-sourcepos=\"4:1-4:373\">Th\u1ea3m ch\u00e2n l\u00e0 m\u1ed9t chi ti\u1ebft nh\u1ecf nh\u01b0ng l\u1ea1i \u0111\u00f3ng vai tr\u00f2 quan tr\u1ecdng trong vi\u1ec7c ho\u00e0n thi\u1ec7n kh\u00f4ng gian ph\u00f2ng t\u1eafm v\u00e0 mang l\u1ea1i s\u1ef1 tho\u1ea3i m\u00e1i cho kh\u00e1ch h\u00e0ng t\u1ea1i c\u00e1c kh\u00e1ch s\u1ea1n. Ch\u0103n Ra Thanh Th\u1ee7y t\u1ef1 h\u00e0o gi\u1edbi thi\u1ec7u d\u00f2ng th\u1ea3m ch\u00e2n tr\u1eafng tr\u01a1n Lo\u1ea1i B v\u1edbi ch\u1ea5t l\u01b0\u1ee3ng cao, \u0111\u01b0\u1ee3c s\u1ea3n xu\u1ea5t t\u1eeb 100% s\u1ee3i cotton, \u0111\u1ea3m b\u1ea3o \u0111\u1ed9 b\u1ec1n v\u01b0\u1ee3t tr\u1ed9i v\u00e0 c\u1ea3m gi\u00e1c m\u1ec1m m\u1ea1i t\u1ed1i \u0111a sau nhi\u1ec1u l\u1ea7n gi\u1eb7t.<\/p>\n<p data-sourcepos=\"4:1-4:373\"><a href=\"https:\/\/chanrathanhthuy.com\/wp-content\/uploads\/2025\/03\/khan-cotton-tham-cotton-khan-tay-khan-mat-khan-tam-dep-long-cho-tau-hoa-xe-lua-va-may-bay.png\"><img loading=\"lazy\" decoding=\"async\" class=\"aligncenter size-full wp-image-70612\" src=\"https:\/\/chanrathanhthuy.com\/wp-content\/uploads\/2025\/03\/khan-cotton-tham-cotton-khan-tay-khan-mat-khan-tam-dep-long-cho-tau-hoa-xe-lua-va-may-bay.png\" alt=\"\" width=\"1500\" height=\"4307\" title=\"\" srcset=\"https:\/\/chanrathanhthuy.com\/wp-content\/uploads\/2025\/03\/khan-cotton-tham-cotton-khan-tay-khan-mat-khan-tam-dep-long-cho-tau-hoa-xe-lua-va-may-bay.png 1500w, https:\/\/chanrathanhthuy.com\/wp-content\/uploads\/2025\/03\/khan-cotton-tham-cotton-khan-tay-khan-mat-khan-tam-dep-long-cho-tau-hoa-xe-lua-va-may-bay-104x300.png 104w, https:\/\/chanrathanhthuy.com\/wp-content\/uploads\/2025\/03\/khan-cotton-tham-cotton-khan-tay-khan-mat-khan-tam-dep-long-cho-tau-hoa-xe-lua-va-may-bay-357x1024.png 357w, https:\/\/chanrathanhthuy.com\/wp-content\/uploads\/2025\/03\/khan-cotton-tham-cotton-khan-tay-khan-mat-khan-tam-dep-long-cho-tau-hoa-xe-lua-va-may-bay-52x150.png 52w, https:\/\/chanrathanhthuy.com\/wp-content\/uploads\/2025\/03\/khan-cotton-tham-cotton-khan-tay-khan-mat-khan-tam-dep-long-cho-tau-hoa-xe-lua-va-may-bay-768x2205.png 768w, https:\/\/chanrathanhthuy.com\/wp-content\/uploads\/2025\/03\/khan-cotton-tham-cotton-khan-tay-khan-mat-khan-tam-dep-long-cho-tau-hoa-xe-lua-va-may-bay-535x1536.png 535w, https:\/\/chanrathanhthuy.com\/wp-content\/uploads\/2025\/03\/khan-cotton-tham-cotton-khan-tay-khan-mat-khan-tam-dep-long-cho-tau-hoa-xe-lua-va-may-bay-713x2048.png 713w, https:\/\/chanrathanhthuy.com\/wp-content\/uploads\/2025\/03\/khan-cotton-tham-cotton-khan-tay-khan-mat-khan-tam-dep-long-cho-tau-hoa-xe-lua-va-may-bay-600x1723.png 600w\" sizes=\"auto, (max-width: 1500px) 100vw, 1500px\" \/><\/a><\/p>\n<h3 style=\"text-align: justify;\" data-sourcepos=\"6:1-6:75\">\u0110\u1eb7c T\u00ednh N\u1ed5i B\u1eadt C\u1ee7a Th\u1ea3m Ch\u00e2n Tr\u1eafng Tr\u01a1n Lo\u1ea1i B Ch\u0103n Ra Thanh Th\u1ee7y<\/h3>\n<p style=\"text-align: justify;\" data-sourcepos=\"8:1-8:150\">Th\u1ea3m ch\u00e2n tr\u1eafng tr\u01a1n Lo\u1ea1i B c\u1ee7a ch\u00fang t\u00f4i \u0111\u01b0\u1ee3c thi\u1ebft k\u1ebf \u0111\u1ec3 \u0111\u00e1p \u1ee9ng nh\u1eefng y\u00eau c\u1ea7u kh\u1eaft khe nh\u1ea5t v\u1ec1 ch\u1ea5t l\u01b0\u1ee3ng v\u00e0 \u0111\u1ed9 b\u1ec1n trong m\u00f4i tr\u01b0\u1eddng kh\u00e1ch s\u1ea1n:<\/p>\n<ul style=\"text-align: justify;\" data-sourcepos=\"10:1-14:0\">\n<li data-sourcepos=\"10:1-10:194\">Ch\u1ea5t li\u1ec7u 100% s\u1ee3i cotton: \u0110\u1ea3m b\u1ea3o kh\u1ea3 n\u0103ng th\u1ea5m h\u00fat n\u01b0\u1edbc t\u1ed1t, \u0111\u1ed3ng th\u1eddi mang l\u1ea1i c\u1ea3m gi\u00e1c \u00eam \u00e1i, m\u1ec1m m\u1ea1i cho \u0111\u00f4i ch\u00e2n. S\u1ee3i cotton t\u1ef1 nhi\u00ean c\u0169ng r\u1ea5t an to\u00e0n cho l\u00e0n da, kh\u00f4ng g\u00e2y k\u00edch \u1ee9ng.<\/li>\n<li data-sourcepos=\"11:1-11:217\">\u0110\u1ed9 b\u1ec1n v\u01b0\u1ee3t tr\u1ed9i: Th\u1ea3m ch\u00e2n tr\u1eafng tr\u01a1n Lo\u1ea1i B t\u1eeb Ch\u0103n Ra Thanh Th\u1ee7y gi\u1eef \u0111\u01b0\u1ee3c \u0111\u1ed9 m\u1ec1m m\u1ea1i v\u00e0 form d\u00e1ng ngay c\u1ea3 sau nhi\u1ec1u l\u1ea7n gi\u1eb7t v\u00e0 s\u1ea5y b\u1eb1ng m\u00e1y c\u00f4ng nghi\u1ec7p, gi\u00fap ti\u1ebft ki\u1ec7m chi ph\u00ed thay th\u1ebf cho kh\u00e1ch s\u1ea1n.<\/li>\n<li data-sourcepos=\"12:1-12:184\">K\u00edch th\u01b0\u1edbc ti\u00eau chu\u1ea9n: V\u1edbi k\u00edch c\u1ee1 40 cm x 60 cm v\u00e0 tr\u1ecdng l\u01b0\u1ee3ng 250 gram, s\u1ea3n ph\u1ea9m ph\u00f9 h\u1ee3p v\u1edbi h\u1ea7u h\u1ebft c\u00e1c kh\u00f4ng gian ph\u00f2ng t\u1eafm, mang l\u1ea1i s\u1ef1 ti\u1ec7n l\u1ee3i v\u00e0 t\u00ednh th\u1ea9m m\u1ef9 cao.<\/li>\n<li data-sourcepos=\"13:1-14:0\">Tho\u1ea3i m\u00e1i v\u00e0 th\u01b0 gi\u00e3n: S\u1ef1 m\u1ec1m m\u1ea1i c\u1ee7a th\u1ea3m gi\u00fap ng\u01b0\u1eddi d\u00f9ng c\u00f3 nh\u1eefng tr\u1ea3i nghi\u1ec7m tho\u1ea3i m\u00e1i v\u00e0 th\u01b0 gi\u00e3n nh\u1ea5t sau m\u1ed7i l\u1ea7n t\u1eafm.<\/li>\n<\/ul>\n<h3 style=\"text-align: justify;\" data-sourcepos=\"15:1-15:59\">Li\u00ean H\u1ec7 Ch\u0103n Ra Thanh Th\u1ee7y \u0110\u1ec3 Nh\u1eadn B\u00e1o Gi\u00e1 T\u1ed1t Nh\u1ea5t<\/h3>\n<p style=\"text-align: justify;\" data-sourcepos=\"17:1-17:362\">Ch\u0103n Ra Thanh Th\u1ee7y lu\u00f4n s\u1eb5n l\u00f2ng t\u01b0 v\u1ea5n v\u00e0 cung c\u1ea5p th\u1ea3m ch\u00e2n tr\u1eafng tr\u01a1n Lo\u1ea1i B v\u1edbi s\u1ed1 l\u01b0\u1ee3ng l\u1edbn cho c\u00e1c d\u1ef1 \u00e1n kh\u00e1ch s\u1ea1n. \u0110\u1ec3 nh\u1eadn \u0111\u01b0\u1ee3c b\u00e1o gi\u00e1 t\u1ed1t nh\u1ea5t ho\u1eb7c \u0111\u1eb7t h\u00e0ng theo y\u00eau c\u1ea7u ri\u00eang, Qu\u00fd kh\u00e1ch vui l\u00f2ng li\u00ean h\u1ec7 tr\u1ef1c ti\u1ebfp ho\u1eb7c \u0111\u1ec3 l\u1ea1i th\u00f4ng tin b\u00ean d\u01b0\u1edbi. \u0110\u1ed9i ng\u0169 kinh doanh c\u1ee7a ch\u00fang t\u00f4i s\u1ebd nhanh ch\u00f3ng ph\u1ea3n h\u1ed3i v\u00e0 h\u1ed7 tr\u1ee3 b\u1ea1n m\u1ed9t c\u00e1ch chuy\u00ean nghi\u1ec7p nh\u1ea5t.<\/p>\n","protected":false},"excerpt":{"rendered":"<p><span style=\"color: #ff0000;\"><strong>GI\u00c1 \u01afU \u0110\u00c3I T\u1edaI 50% KHI \u0110\u1eb6T MAY THEO Y\u00caU C\u1ea6U<\/strong><\/span><\/p>\n","protected":false},"featured_media":81697,"comment_status":"open","ping_status":"closed","template":"","meta":{"_acf_changed":false,"inline_featured_image":false},"product_cat":[2073,2651],"product_tag":[],"class_list":{"0":"post-69073","1":"product","2":"type-product","3":"status-publish","4":"has-post-thumbnail","6":"product_cat-khach-san-homestay-nha-nghi","7":"product_cat-khan-tham","9":"first","10":"instock","11":"purchasable","12":"product-type-variable","13":"rtwpvg-product"},"acf":[],"_links":{"self":[{"href":"https:\/\/chanrathanhthuy.com\/en\/wp-json\/wp\/v2\/product\/69073","targetHints":{"allow":["GET"]}}],"collection":[{"href":"https:\/\/chanrathanhthuy.com\/en\/wp-json\/wp\/v2\/product"}],"about":[{"href":"https:\/\/chanrathanhthuy.com\/en\/wp-json\/wp\/v2\/types\/product"}],"replies":[{"embeddable":true,"href":"https:\/\/chanrathanhthuy.com\/en\/wp-json\/wp\/v2\/comments?post=69073"}],"wp:featuredmedia":[{"embeddable":true,"href":"https:\/\/chanrathanhthuy.com\/en\/wp-json\/wp\/v2\/media\/81697"}],"wp:attachment":[{"href":"https:\/\/chanrathanhthuy.com\/en\/wp-json\/wp\/v2\/media?parent=69073"}],"wp:term":[{"taxonomy":"product_cat","embeddable":true,"href":"https:\/\/chanrathanhthuy.com\/en\/wp-json\/wp\/v2\/product_cat?post=69073"},{"taxonomy":"product_tag","embeddable":true,"href":"https:\/\/chanrathanhthuy.com\/en\/wp-json\/wp\/v2\/product_tag?post=69073"}],"curies":[{"name":"wp","href":"https:\/\/api.w.org\/{rel}","templated":true}]}}