{"id":69086,"date":"2023-03-08T06:55:17","date_gmt":"2023-03-08T06:55:17","guid":{"rendered":"https:\/\/chanrathanhthuy.com\/product\/ao-goi-trang-soc-chong-nhan-dat-may-theo-yeu-cau"},"modified":"2026-04-10T03:47:33","modified_gmt":"2026-04-10T03:47:33","slug":"ao-goi-trang-soc-chong-nhan-dat-may-theo-yeu-cau","status":"publish","type":"product","link":"https:\/\/chanrathanhthuy.com\/en\/product\/ao-goi-trang-soc-chong-nhan-dat-may-theo-yeu-cau\/","title":{"rendered":"2.1. \u00c1o G\u1ed1i Tr\u1eafng S\u1ecdc Ch\u1ed1ng Nh\u0103n Kh\u00e1ch S\u1ea1n"},"content":{"rendered":"<h2 style=\"text-align: justify;\" data-sourcepos=\"3:1-3:89\">\u00c1o G\u1ed1i Tr\u1eafng S\u1ecdc Ch\u1ed1ng Nh\u0103n Kh\u00e1ch S\u1ea1n &#8211; N\u00e2ng T\u1ea7m Ch\u0103n Ga G\u1ed1i \u0110\u1ec7m t\u1eeb Ch\u0103n Ra Thanh Th\u1ee7y<\/h2>\n<p style=\"text-align: justify;\" data-sourcepos=\"5:1-5:354\">\u0110\u1ec3 t\u1ea1o \u1ea5n t\u01b0\u1ee3ng sang tr\u1ecdng v\u00e0 \u0111\u1ea3m b\u1ea3o s\u1ef1 tho\u1ea3i m\u00e1i t\u1ed1i \u0111a cho kh\u00e1ch l\u01b0u tr\u00fa, \u00e1o g\u1ed1i kh\u00e1ch s\u1ea1n \u0111\u00f3ng vai tr\u00f2 thi\u1ebft y\u1ebfu trong b\u1ed9 ch\u0103n ga g\u1ed1i \u0111\u1ec7m. Ch\u0103n Ra Thanh Th\u1ee7y t\u1ef1 h\u00e0o gi\u1edbi thi\u1ec7u s\u1ea3n ph\u1ea9m \u00e1o g\u1ed1i tr\u1eafng s\u1ecdc ch\u1ed1ng nh\u0103n, \u0111\u01b0\u1ee3c thi\u1ebft k\u1ebf chuy\u00ean bi\u1ec7t cho kh\u00e1ch s\u1ea1n, homestay v\u00e0 c\u00e1c c\u01a1 s\u1edf l\u01b0u tr\u00fa cao c\u1ea5p, mang \u0111\u1ebfn v\u1ebb \u0111\u1eb9p tinh t\u1ebf v\u00e0 \u0111\u1ed9 b\u1ec1n v\u01b0\u1ee3t tr\u1ed9i.<\/p>\n<p data-sourcepos=\"5:1-5:354\"><a href=\"https:\/\/chanrathanhthuy.com\/wp-content\/uploads\/2023\/03\/Chan-ga-goi-dem-khach-san-homestay-resort-nha-nghi.jpg\"><img loading=\"lazy\" decoding=\"async\" class=\"aligncenter size-full wp-image-80019\" src=\"https:\/\/chanrathanhthuy.com\/wp-content\/uploads\/2023\/03\/Chan-ga-goi-dem-khach-san-homestay-resort-nha-nghi.jpg\" alt=\"\" width=\"1500\" height=\"1089\" title=\"\" srcset=\"https:\/\/chanrathanhthuy.com\/wp-content\/uploads\/2023\/03\/Chan-ga-goi-dem-khach-san-homestay-resort-nha-nghi.jpg 1500w, https:\/\/chanrathanhthuy.com\/wp-content\/uploads\/2023\/03\/Chan-ga-goi-dem-khach-san-homestay-resort-nha-nghi-300x218.jpg 300w, https:\/\/chanrathanhthuy.com\/wp-content\/uploads\/2023\/03\/Chan-ga-goi-dem-khach-san-homestay-resort-nha-nghi-1024x743.jpg 1024w, https:\/\/chanrathanhthuy.com\/wp-content\/uploads\/2023\/03\/Chan-ga-goi-dem-khach-san-homestay-resort-nha-nghi-150x109.jpg 150w, https:\/\/chanrathanhthuy.com\/wp-content\/uploads\/2023\/03\/Chan-ga-goi-dem-khach-san-homestay-resort-nha-nghi-768x558.jpg 768w, https:\/\/chanrathanhthuy.com\/wp-content\/uploads\/2023\/03\/Chan-ga-goi-dem-khach-san-homestay-resort-nha-nghi-600x436.jpg 600w\" sizes=\"auto, (max-width: 1500px) 100vw, 1500px\" \/><\/a><\/p>\n<p style=\"text-align: justify;\" data-sourcepos=\"7:1-7:434\">\u00c1o g\u1ed1i tr\u1eafng s\u1ecdc ch\u1ed1ng nh\u0103n Thanh Th\u1ee7y \u0111\u01b0\u1ee3c may theo quy c\u00e1ch &#8220;may ch\u1ed3m&#8221; ti\u1ec7n l\u1ee3i, kh\u00f4ng l\u00f3t g\u00f2n, kh\u00f4ng d\u00e2y k\u00e9o v\u00e0 kh\u00f4ng ch\u1eb7n vi\u1ec1n, gi\u00fap vi\u1ec7c v\u1ec7 sinh v\u00e0 b\u1ea3o qu\u1ea3n tr\u1edf n\u00ean v\u00f4 c\u00f9ng d\u1ec5 d\u00e0ng. Ch\u00fang t\u00f4i \u0111\u1eb7c bi\u1ec7t s\u1eed d\u1ee5ng ch\u1ea5t li\u1ec7u v\u1ea3i Cotton S\u1ecdc T300 (60% Cotton, 40% Polyester) \u2013 s\u1ef1 k\u1ebft h\u1ee3p ho\u00e0n h\u1ea3o mang l\u1ea1i kh\u1ea3 n\u0103ng ch\u1ed1ng nh\u0103n v\u01b0\u1ee3t tr\u1ed9i, gi\u1eef cho \u00e1o g\u1ed1i lu\u00f4n ph\u1eb3ng phiu, t\u1ea1o n\u00ean kh\u00f4ng gian ph\u00f2ng ngh\u1ec9 chuy\u00ean nghi\u1ec7p v\u00e0 \u0111\u1eb3ng c\u1ea5p.<\/p>\n<p><a href=\"https:\/\/chanrathanhthuy.com\/wp-content\/uploads\/2025\/05\/Vo-goi-khach-san-scaled.jpg\"><img loading=\"lazy\" decoding=\"async\" class=\"aligncenter size-full wp-image-80006\" src=\"https:\/\/chanrathanhthuy.com\/wp-content\/uploads\/2025\/05\/Vo-goi-khach-san-scaled.jpg\" alt=\"\" width=\"1378\" height=\"2560\" title=\"\" srcset=\"https:\/\/chanrathanhthuy.com\/wp-content\/uploads\/2025\/05\/Vo-goi-khach-san-scaled.jpg 1378w, https:\/\/chanrathanhthuy.com\/wp-content\/uploads\/2025\/05\/Vo-goi-khach-san-161x300.jpg 161w, https:\/\/chanrathanhthuy.com\/wp-content\/uploads\/2025\/05\/Vo-goi-khach-san-551x1024.jpg 551w, https:\/\/chanrathanhthuy.com\/wp-content\/uploads\/2025\/05\/Vo-goi-khach-san-81x150.jpg 81w, https:\/\/chanrathanhthuy.com\/wp-content\/uploads\/2025\/05\/Vo-goi-khach-san-768x1427.jpg 768w, https:\/\/chanrathanhthuy.com\/wp-content\/uploads\/2025\/05\/Vo-goi-khach-san-827x1536.jpg 827w, https:\/\/chanrathanhthuy.com\/wp-content\/uploads\/2025\/05\/Vo-goi-khach-san-1102x2048.jpg 1102w, https:\/\/chanrathanhthuy.com\/wp-content\/uploads\/2025\/05\/Vo-goi-khach-san-600x1115.jpg 600w\" sizes=\"auto, (max-width: 1378px) 100vw, 1378px\" \/><\/a><\/p>\n<h3 data-sourcepos=\"7:1-7:434\">\u01afu \u0111i\u1ec3m c\u1ee7a \u00c1o g\u1ed1i tr\u1eafng s\u1ecdc ch\u1ed1ng nh\u0103n kh\u00e1ch s\u1ea1n<\/h3>\n<p style=\"text-align: justify;\" data-sourcepos=\"9:1-9:135\">Ch\u0103n Ra Thanh Th\u1ee7y cam k\u1ebft ch\u1ea5t l\u01b0\u1ee3ng h\u00e0ng \u0111\u1ea7u v\u1edbi c\u00e1c t\u00ednh n\u0103ng \u0111\u1eb7c bi\u1ec7t cho s\u1ea3n ph\u1ea9m \u00e1o g\u1ed1i kh\u00e1ch s\u1ea1n v\u00e0 ch\u0103n ga g\u1ed1i \u0111\u1ec7m:<\/p>\n<ol style=\"text-align: justify;\" data-sourcepos=\"11:1-16:0\">\n<li data-sourcepos=\"11:1-11:110\">V\u1ea3i m\u1ec1m v\u00e0 b\u1ec1n: Chuy\u00ean nghi\u1ec7p cho kh\u0103n tr\u1ea3i gi\u01b0\u1eddng kh\u00e1ch s\u1ea1n m\u00e0u tr\u1eafng, \u0111\u1ea3m b\u1ea3o tu\u1ed5i th\u1ecd s\u1ea3n ph\u1ea9m cao.<\/li>\n<li data-sourcepos=\"12:1-12:106\">Ti\u00eau chu\u1ea9n ch\u1ea5t l\u01b0\u1ee3ng 100%: M\u1eadt \u0111\u1ed9, tr\u1ecdng l\u01b0\u1ee3ng v\u00e0 s\u1ee3i v\u1ea3i \u0111\u1ea1t ti\u00eau chu\u1ea9n cao nh\u1ea5t c\u1ee7a kh\u00e1ch h\u00e0ng.<\/li>\n<li data-sourcepos=\"13:1-13:116\">An to\u00e0n v\u00e0 th\u00e2n thi\u1ec7n m\u00f4i tr\u01b0\u1eddng: V\u1eadt li\u1ec7u t\u1ea9y v\u00e0 nhu\u1ed9m kh\u00f4ng ch\u1ee9a AZO, an to\u00e0n tuy\u1ec7t \u0111\u1ed1i cho ng\u01b0\u1eddi s\u1eed d\u1ee5ng.<\/li>\n<li data-sourcepos=\"14:1-14:115\">H\u1ea1n ch\u1ebf co r\u00fat: \u0110\u1ed9 co r\u00fat trong v\u00f2ng 3% sau 3 l\u1ea7n gi\u1eb7t \u1edf 40 \u0111\u1ed9 v\u00e0 s\u1ea5y kh\u00f4, gi\u00fap \u00e1o g\u1ed1i gi\u1eef form d\u00e1ng chu\u1ea9n.<\/li>\n<li data-sourcepos=\"15:1-16:0\">Ki\u1ec3m so\u00e1t ch\u1ea5t l\u01b0\u1ee3ng t\u1eeb g\u1ed1c: S\u1edf h\u1eefu x\u01b0\u1edfng k\u00e9o s\u1ee3i v\u00e0 d\u1ec7t v\u1ea3i ri\u00eang, Ch\u0103n Ra Thanh Th\u1ee7y \u0111\u1ea3m b\u1ea3o ch\u1ea5t l\u01b0\u1ee3ng \u0111\u1ed3ng b\u1ed9 v\u00e0 th\u1eddi gian giao h\u00e0ng nhanh ch\u00f3ng t\u1eeb kh\u00e2u nguy\u00ean li\u1ec7u th\u00f4.<\/li>\n<\/ol>\n<p style=\"text-align: justify;\" data-sourcepos=\"17:1-17:168\">L\u1ef1a ch\u1ecdn \u00e1o g\u1ed1i tr\u1eafng s\u1ecdc ch\u1ed1ng nh\u0103n c\u1ee7a Ch\u0103n Ra Thanh Th\u1ee7y l\u00e0 gi\u1ea3i ph\u00e1p t\u1ed1i \u01b0u \u0111\u1ec3 n\u00e2ng t\u1ea7m tr\u1ea3i nghi\u1ec7m kh\u00e1ch h\u00e0ng v\u00e0 kh\u1eb3ng \u0111\u1ecbnh \u0111\u1eb3ng c\u1ea5p cho kh\u00e1ch s\u1ea1n c\u1ee7a b\u1ea1n.<\/p>\n","protected":false},"excerpt":{"rendered":"<p><span style=\"color: #ff0000;\"><strong>GI\u00c1 \u01afU \u0110\u00c3I T\u1edaI 50% KHI \u0110\u1eb6T MAY THEO Y\u00caU C\u1ea6U<\/strong><\/span><\/p>\n","protected":false},"featured_media":72988,"comment_status":"open","ping_status":"closed","template":"","meta":{"_acf_changed":false,"inline_featured_image":false},"product_cat":[2073,2648],"product_tag":[],"class_list":{"0":"post-69086","1":"product","2":"type-product","3":"status-publish","4":"has-post-thumbnail","6":"product_cat-khach-san-homestay-nha-nghi","7":"product_cat-trang-soc","9":"first","10":"instock","11":"purchasable","12":"product-type-variable","13":"rtwpvg-product"},"acf":[],"_links":{"self":[{"href":"https:\/\/chanrathanhthuy.com\/en\/wp-json\/wp\/v2\/product\/69086","targetHints":{"allow":["GET"]}}],"collection":[{"href":"https:\/\/chanrathanhthuy.com\/en\/wp-json\/wp\/v2\/product"}],"about":[{"href":"https:\/\/chanrathanhthuy.com\/en\/wp-json\/wp\/v2\/types\/product"}],"replies":[{"embeddable":true,"href":"https:\/\/chanrathanhthuy.com\/en\/wp-json\/wp\/v2\/comments?post=69086"}],"wp:featuredmedia":[{"embeddable":true,"href":"https:\/\/chanrathanhthuy.com\/en\/wp-json\/wp\/v2\/media\/72988"}],"wp:attachment":[{"href":"https:\/\/chanrathanhthuy.com\/en\/wp-json\/wp\/v2\/media?parent=69086"}],"wp:term":[{"taxonomy":"product_cat","embeddable":true,"href":"https:\/\/chanrathanhthuy.com\/en\/wp-json\/wp\/v2\/product_cat?post=69086"},{"taxonomy":"product_tag","embeddable":true,"href":"https:\/\/chanrathanhthuy.com\/en\/wp-json\/wp\/v2\/product_tag?post=69086"}],"curies":[{"name":"wp","href":"https:\/\/api.w.org\/{rel}","templated":true}]}}