{"id":69120,"date":"2023-03-08T07:07:44","date_gmt":"2023-03-08T07:07:44","guid":{"rendered":"https:\/\/chanrathanhthuy.com\/product\/ruot-men-khach-san-dat-may-theo-yeu-cau"},"modified":"2026-04-13T06:29:17","modified_gmt":"2026-04-13T06:29:17","slug":"ruot-men-khach-san-dat-may-theo-yeu-cau","status":"publish","type":"product","link":"https:\/\/chanrathanhthuy.com\/en\/product\/ruot-men-khach-san-dat-may-theo-yeu-cau\/","title":{"rendered":"4. Ru\u1ed9t M\u1ec1n Kh\u00e1ch S\u1ea1n"},"content":{"rendered":"<h2 style=\"text-align: justify;\" data-sourcepos=\"2:1-2:80\">Ru\u1ed9t M\u1ec1n Kh\u00e1ch S\u1ea1n \u2013 B\u00ed Quy\u1ebft Cho Gi\u1ea5c Ng\u1ee7 Ho\u00e0n H\u1ea3o T\u1eeb Ch\u0103n Ra Thanh Th\u1ee7y<\/h2>\n<p style=\"text-align: justify;\" data-sourcepos=\"4:1-4:382\">Ch\u0103n Ra Thanh Th\u1ee7y t\u1ef1 h\u00e0o l\u00e0 \u0111\u01a1n v\u1ecb h\u00e0ng \u0111\u1ea7u cung c\u1ea5p ru\u1ed9t m\u1ec1n kh\u00e1ch s\u1ea1n ch\u1ea5t l\u01b0\u1ee3ng cao, \u0111\u00e1p \u1ee9ng m\u1ecdi ti\u00eau chu\u1ea9n kh\u1eaft khe t\u1eeb kh\u00e1ch s\u1ea1n 3 sao \u0111\u1ebfn 5 sao. Ch\u00fang t\u00f4i hi\u1ec3u r\u1eb1ng, m\u1ed9t chi\u1ebfc ru\u1ed9t m\u1ec1n \u00eam \u00e1i, gi\u1eef nhi\u1ec7t t\u1ed1t v\u00e0 th\u00f4ng tho\u00e1ng l\u00e0 y\u1ebfu t\u1ed1 then ch\u1ed1t mang l\u1ea1i tr\u1ea3i nghi\u1ec7m ngh\u1ec9 d\u01b0\u1ee1ng tuy\u1ec7t v\u1eddi cho kh\u00e1ch h\u00e0ng, g\u00f3p ph\u1ea7n t\u1ea1o n\u00ean s\u1ef1 h\u00e0i l\u00f2ng v\u00e0 \u0111\u00e1nh gi\u00e1 cao v\u1ec1 d\u1ecbch v\u1ee5 l\u01b0u tr\u00fa.<\/p>\n<p data-sourcepos=\"4:1-4:382\"><a href=\"https:\/\/chanrathanhthuy.com\/wp-content\/uploads\/2023\/03\/Chan-ga-goi-dem-khach-san-homestay-resort-nha-nghi.jpg\"><img loading=\"lazy\" decoding=\"async\" class=\"aligncenter size-full wp-image-80019\" src=\"https:\/\/chanrathanhthuy.com\/wp-content\/uploads\/2023\/03\/Chan-ga-goi-dem-khach-san-homestay-resort-nha-nghi.jpg\" alt=\"\" width=\"1500\" height=\"1089\" title=\"\" srcset=\"https:\/\/chanrathanhthuy.com\/wp-content\/uploads\/2023\/03\/Chan-ga-goi-dem-khach-san-homestay-resort-nha-nghi.jpg 1500w, https:\/\/chanrathanhthuy.com\/wp-content\/uploads\/2023\/03\/Chan-ga-goi-dem-khach-san-homestay-resort-nha-nghi-300x218.jpg 300w, https:\/\/chanrathanhthuy.com\/wp-content\/uploads\/2023\/03\/Chan-ga-goi-dem-khach-san-homestay-resort-nha-nghi-1024x743.jpg 1024w, https:\/\/chanrathanhthuy.com\/wp-content\/uploads\/2023\/03\/Chan-ga-goi-dem-khach-san-homestay-resort-nha-nghi-150x109.jpg 150w, https:\/\/chanrathanhthuy.com\/wp-content\/uploads\/2023\/03\/Chan-ga-goi-dem-khach-san-homestay-resort-nha-nghi-768x558.jpg 768w, https:\/\/chanrathanhthuy.com\/wp-content\/uploads\/2023\/03\/Chan-ga-goi-dem-khach-san-homestay-resort-nha-nghi-600x436.jpg 600w\" sizes=\"auto, (max-width: 1500px) 100vw, 1500px\" \/><\/a><\/p>\n<h3 style=\"text-align: justify;\" data-sourcepos=\"6:1-6:68\">\u0110\u1eb7c \u0110i\u1ec3m V\u01b0\u1ee3t Tr\u1ed9i C\u1ee7a Ru\u1ed9t M\u1ec1n Kh\u00e1ch S\u1ea1n Ch\u0103n Ra Thanh Th\u1ee7y<\/h3>\n<p style=\"text-align: justify;\" data-sourcepos=\"8:1-8:277\">Ru\u1ed9t m\u1ec1n kh\u00e1ch s\u1ea1n c\u1ee7a Ch\u0103n Ra Thanh Th\u1ee7y \u0111\u01b0\u1ee3c s\u1ea3n xu\u1ea5t t\u1eeb g\u00f2n ch\u1ea5t l\u01b0\u1ee3ng cao c\u1ea5p, v\u1edbi \u0111\u1ed9 d\u00e0y m\u1ecfng t\u00f9y ch\u1ec9nh theo y\u00eau c\u1ea7u c\u1ee7a t\u1eebng kh\u00e1ch h\u00e0ng. \u0110i\u1ec1u n\u00e0y \u0111\u1ea3m b\u1ea3o s\u1ea3n ph\u1ea9m kh\u00f4ng ch\u1ec9 mang l\u1ea1i \u0111\u1ed9 m\u1ec1m m\u1ea1i t\u1ed1i \u01b0u m\u00e0 c\u00f2n ph\u00f9 h\u1ee3p v\u1edbi m\u1ecdi \u0111i\u1ec1u ki\u1ec7n th\u1eddi ti\u1ebft v\u00e0 s\u1edf th\u00edch c\u00e1 nh\u00e2n.<\/p>\n<p data-sourcepos=\"8:1-8:277\"><a href=\"https:\/\/chanrathanhthuy.com\/wp-content\/uploads\/2023\/03\/chan-chan-bong-men-dan-gon-khach-san.jpg\"><img loading=\"lazy\" decoding=\"async\" class=\"aligncenter size-full wp-image-80062\" src=\"https:\/\/chanrathanhthuy.com\/wp-content\/uploads\/2023\/03\/chan-chan-bong-men-dan-gon-khach-san.jpg\" alt=\"\" width=\"1500\" height=\"2181\" title=\"\" srcset=\"https:\/\/chanrathanhthuy.com\/wp-content\/uploads\/2023\/03\/chan-chan-bong-men-dan-gon-khach-san.jpg 1500w, https:\/\/chanrathanhthuy.com\/wp-content\/uploads\/2023\/03\/chan-chan-bong-men-dan-gon-khach-san-206x300.jpg 206w, https:\/\/chanrathanhthuy.com\/wp-content\/uploads\/2023\/03\/chan-chan-bong-men-dan-gon-khach-san-704x1024.jpg 704w, https:\/\/chanrathanhthuy.com\/wp-content\/uploads\/2023\/03\/chan-chan-bong-men-dan-gon-khach-san-103x150.jpg 103w, https:\/\/chanrathanhthuy.com\/wp-content\/uploads\/2023\/03\/chan-chan-bong-men-dan-gon-khach-san-768x1117.jpg 768w, https:\/\/chanrathanhthuy.com\/wp-content\/uploads\/2023\/03\/chan-chan-bong-men-dan-gon-khach-san-1056x1536.jpg 1056w, https:\/\/chanrathanhthuy.com\/wp-content\/uploads\/2023\/03\/chan-chan-bong-men-dan-gon-khach-san-1409x2048.jpg 1409w, https:\/\/chanrathanhthuy.com\/wp-content\/uploads\/2023\/03\/chan-chan-bong-men-dan-gon-khach-san-600x872.jpg 600w\" sizes=\"auto, (max-width: 1500px) 100vw, 1500px\" \/><\/a><\/p>\n<p style=\"text-align: justify;\" data-sourcepos=\"10:1-10:110\">Quy c\u00e1ch may c\u1ee7a ru\u1ed9t m\u1ec1n kh\u00e1ch s\u1ea1n Ch\u0103n Ra Thanh Th\u1ee7y \u0111\u01b0\u1ee3c thi\u1ebft k\u1ebf \u0111\u1ec3 t\u1ed1i \u01b0u h\u00f3a s\u1ef1 tho\u1ea3i m\u00e1i v\u00e0 \u0111\u1ed9 b\u1ec1n:<\/p>\n<ul style=\"text-align: justify;\" data-sourcepos=\"12:1-18:0\">\n<li data-sourcepos=\"12:1-12:180\">Ch\u1ea5t li\u1ec7u cao c\u1ea5p: Ru\u1ed9t ch\u0103n Thanh Th\u1ee7y s\u1eed d\u1ee5ng b\u00f4ng polyester \u0111\u01b0\u1ee3c x\u1eed l\u00fd k\u1ef9 l\u01b0\u1ee1ng, lo\u1ea1i b\u1ecf ho\u00e0n to\u00e0n c\u00e1c ch\u1ea5t g\u00e2y h\u1ea1i, \u0111\u1ea3m b\u1ea3o an to\u00e0n tuy\u1ec7t \u0111\u1ed1i cho s\u1ee9c kh\u1ecfe ng\u01b0\u1eddi d\u00f9ng.<\/li>\n<li data-sourcepos=\"13:1-13:239\">Ru\u1ed9t m\u1ec1n tr\u1eafng, nh\u1eb9 v\u00e0 gi\u1eef nhi\u1ec7t t\u1ed1t: S\u1ea3n ph\u1ea9m c\u00f3 m\u00e0u tr\u1eafng tinh kh\u00f4i, tr\u1ecdng l\u01b0\u1ee3ng nh\u1eb9 nh\u01b0ng kh\u1ea3 n\u0103ng gi\u1eef nhi\u1ec7t v\u01b0\u1ee3t tr\u1ed9i, \u0111\u1ed3ng th\u1eddi r\u1ea5t th\u00f4ng tho\u00e1ng, gi\u00fap c\u01a1 th\u1ec3 lu\u00f4n \u1ea5m \u00e1p m\u00e0 kh\u00f4ng g\u00e2y b\u00ed b\u00e1ch, mang \u0111\u1ebfn gi\u1ea5c ng\u1ee7 ngon v\u00e0 s\u1ea3ng kho\u00e1i.<\/li>\n<li data-sourcepos=\"14:1-14:176\">B\u00f4ng Micro cao c\u1ea5p: Ru\u1ed9t m\u1ec1n kh\u00e1ch s\u1ea1n \u0111\u01b0\u1ee3c l\u00e0m t\u1eeb b\u00f4ng Micro cao c\u1ea5p, lo\u1ea1i b\u00f4ng \u0111\u01b0\u1ee3c s\u1eed d\u1ee5ng r\u1ed9ng r\u00e3i trong ng\u00e0nh may m\u1eb7c v\u00e0 s\u1ea3n xu\u1ea5t ch\u0103n ga g\u1ed1i \u0111\u1ec7m ch\u1ea5t l\u01b0\u1ee3ng cao.<\/li>\n<li data-sourcepos=\"15:1-15:143\">V\u1ecf b\u1ecdc v\u1ea3i CVC: V\u1edbi nh\u1eefng s\u1ee3i b\u00f4ng si\u00eau nh\u1ecf, v\u1ecf ru\u1ed9t m\u1ec1n \u0111\u01b0\u1ee3c l\u00e0m b\u1eb1ng v\u1ea3i CVC cao c\u1ea5p, t\u0103ng c\u01b0\u1eddng \u0111\u1ed9 b\u1ec1n v\u00e0 s\u1ef1 m\u1ec1m m\u1ea1i cho s\u1ea3n ph\u1ea9m.<\/li>\n<li data-sourcepos=\"16:1-16:195\">Thi\u1ebft k\u1ebf t\u1ed1i \u01b0u: Ru\u1ed9t c\u00f3 \u0111\u1ed9 d\u00e0y h\u1ee3p l\u00fd, tr\u1ecdng l\u01b0\u1ee3ng nh\u1eb9, t\u1ea1o \u0111\u1ed9 \u1ea5m v\u1eeba ph\u1ea3i khi s\u1eed d\u1ee5ng, mang \u0111\u1ebfn s\u1ef1 m\u1ec1m m\u1ea1i v\u00e0 \u1ea5m \u00e1p ho\u00e0n h\u1ea3o nh\u1ea5t. S\u1ea3n ph\u1ea9m cung c\u1ea5p s\u1ef1 h\u1ed7 tr\u1ee3 ph\u00f9 h\u1ee3p cho t\u1eebng t\u01b0 th\u1ebf ng\u1ee7.<\/li>\n<li data-sourcepos=\"17:1-18:0\">Th\u00f4ng tho\u00e1ng v\u00e0 kh\u00f4ng g\u00e2y d\u1ecb \u1ee9ng: Kh\u1ea3 n\u0103ng gi\u1eef nhi\u1ec7t t\u1ed1t gi\u00fap c\u01a1 th\u1ec3 lu\u00f4n \u1ea5m \u00e1p, trong khi \u0111\u1ed9 th\u1ea5m h\u00fat \u1ea9m cao v\u00e0 th\u00f4ng kh\u00ed t\u1ed1t t\u1ea1o n\u00ean s\u1ef1 m\u1ec1m m\u1ea1i \u0111\u1eb7c bi\u1ec7t, th\u00f4ng tho\u00e1ng kh\u00ed, ph\u00f9 h\u1ee3p v\u1edbi m\u1ecdi lo\u1ea1i th\u1eddi ti\u1ebft. \u0110\u1ed9 l\u00f5m v\u1eeba \u0111\u1ee7 gi\u00fap m\u00e1u l\u01b0u th\u00f4ng d\u1ec5 d\u00e0ng, kh\u00f4ng g\u00e2y d\u1ecb \u1ee9ng, \u0111\u1ea3m b\u1ea3o gi\u1ea5c ng\u1ee7 s\u00e2u v\u00e0 tr\u1ecdn v\u1eb9n.<\/li>\n<\/ul>\n<p><a href=\"https:\/\/chanrathanhthuy.com\/wp-content\/uploads\/2023\/03\/Ruot-chan-Vo-chan-khach-san.jpg\"><img loading=\"lazy\" decoding=\"async\" class=\"aligncenter size-full wp-image-80065\" src=\"https:\/\/chanrathanhthuy.com\/wp-content\/uploads\/2023\/03\/Ruot-chan-Vo-chan-khach-san.jpg\" alt=\"\" width=\"1500\" height=\"1812\" title=\"\" srcset=\"https:\/\/chanrathanhthuy.com\/wp-content\/uploads\/2023\/03\/Ruot-chan-Vo-chan-khach-san.jpg 1500w, https:\/\/chanrathanhthuy.com\/wp-content\/uploads\/2023\/03\/Ruot-chan-Vo-chan-khach-san-248x300.jpg 248w, https:\/\/chanrathanhthuy.com\/wp-content\/uploads\/2023\/03\/Ruot-chan-Vo-chan-khach-san-848x1024.jpg 848w, https:\/\/chanrathanhthuy.com\/wp-content\/uploads\/2023\/03\/Ruot-chan-Vo-chan-khach-san-124x150.jpg 124w, https:\/\/chanrathanhthuy.com\/wp-content\/uploads\/2023\/03\/Ruot-chan-Vo-chan-khach-san-768x928.jpg 768w, https:\/\/chanrathanhthuy.com\/wp-content\/uploads\/2023\/03\/Ruot-chan-Vo-chan-khach-san-1272x1536.jpg 1272w, https:\/\/chanrathanhthuy.com\/wp-content\/uploads\/2023\/03\/Ruot-chan-Vo-chan-khach-san-600x725.jpg 600w\" sizes=\"auto, (max-width: 1500px) 100vw, 1500px\" \/><\/a><\/p>\n<h3 style=\"text-align: justify;\" data-sourcepos=\"21:1-21:61\">V\u00ec Sao Ch\u1ecdn Ru\u1ed9t M\u1ec1n Kh\u00e1ch S\u1ea1n T\u1eeb Ch\u0103n Ra Thanh Th\u1ee7y?<\/h3>\n<p style=\"text-align: justify;\" data-sourcepos=\"23:1-23:103\">Ch\u0103n Ra Thanh Th\u1ee7y cam k\u1ebft mang \u0111\u1ebfn nh\u1eefng s\u1ea3n ph\u1ea9m ch\u1ea5t l\u01b0\u1ee3ng v\u01b0\u1ee3t tr\u1ed9i c\u00f9ng d\u1ecbch v\u1ee5 chuy\u00ean nghi\u1ec7p:<\/p>\n<ul style=\"text-align: justify;\">\n<li>V\u1ea3i m\u1ec1m v\u00e0 b\u1ec1n: Ch\u00fang t\u00f4i chuy\u00ean cung c\u1ea5p v\u1ea3i chuy\u00ean nghi\u1ec7p cho kh\u0103n tr\u1ea3i gi\u01b0\u1eddng kh\u00e1ch s\u1ea1n m\u00e0u tr\u1eafng, \u0111\u1ea3m b\u1ea3o \u0111\u1ed9 m\u1ec1m m\u1ea1i v\u00e0 \u0111\u1ed9 b\u1ec1n t\u1ed1i \u01b0u, ph\u00f9 h\u1ee3p v\u1edbi t\u1ea7n su\u1ea5t s\u1eed d\u1ee5ng cao trong m\u00f4i tr\u01b0\u1eddng kh\u00e1ch s\u1ea1n.<\/li>\n<li>\u0110\u1ea1t chu\u1ea9n 100% c\u1ee7a kh\u00e1ch h\u00e0ng: M\u1eadt \u0111\u1ed9, tr\u1ecdng l\u01b0\u1ee3ng v\u00e0 s\u1ee3i v\u1ea3i lu\u00f4n \u0111\u01b0\u1ee3c ki\u1ec3m so\u00e1t ch\u1eb7t ch\u1ebd, \u0111\u1ea1t ti\u00eau chu\u1ea9n ch\u1ea5t l\u01b0\u1ee3ng cao nh\u1ea5t, \u0111\u00e1p \u1ee9ng m\u1ecdi y\u00eau c\u1ea7u kh\u1eaft khe c\u1ee7a kh\u00e1ch s\u1ea1n.<\/li>\n<li>V\u1eadt li\u1ec7u th\u00e2n thi\u1ec7n m\u00f4i tr\u01b0\u1eddng: Ch\u00fang t\u00f4i s\u1eed d\u1ee5ng v\u1eadt li\u1ec7u t\u1ea9y v\u00e0 nhu\u1ed9m kh\u00f4ng ch\u1ee9a AZO, \u0111\u1ea3m b\u1ea3o an to\u00e0n cho s\u1ee9c kh\u1ecfe ng\u01b0\u1eddi d\u00f9ng v\u00e0 th\u00e2n thi\u1ec7n v\u1edbi m\u00f4i tr\u01b0\u1eddng.<\/li>\n<li>Co r\u00fat t\u1ed1i thi\u1ec3u: S\u1ea3n ph\u1ea9m c\u00f3 \u0111\u1ed9 co r\u00fat trong v\u00f2ng 3% sau 3 l\u1ea7n gi\u1eb7t \u1edf 40 \u0111\u1ed9 v\u00e0 s\u1ea5y kh\u00f4, gi\u00fap duy tr\u00ec form d\u00e1ng v\u00e0 k\u00edch th\u01b0\u1edbc ban \u0111\u1ea7u, \u0111\u1ea3m b\u1ea3o t\u00ednh th\u1ea9m m\u1ef9 l\u00e2u d\u00e0i.<\/li>\n<li>Ki\u1ec3m so\u00e1t ch\u1ea5t l\u01b0\u1ee3ng t\u1eeb g\u1ed1c: V\u1edbi x\u01b0\u1edfng k\u00e9o s\u1ee3i v\u00e0 d\u1ec7t v\u1ea3i ri\u00eang, Ch\u0103n Ra Thanh Th\u1ee7y ch\u1ee7 \u0111\u1ed9ng ho\u00e0n to\u00e0n trong vi\u1ec7c ki\u1ec3m so\u00e1t ch\u1ea5t l\u01b0\u1ee3ng s\u1ea3n ph\u1ea9m v\u00e0 \u0111\u1ea3m b\u1ea3o th\u1eddi gian giao h\u00e0ng nhanh ch\u00f3ng ngay t\u1eeb kh\u00e2u nguy\u00ean li\u1ec7u th\u00f4.<\/li>\n<\/ul>\n<p style=\"text-align: justify;\" data-sourcepos=\"31:1-31:189\">H\u00e3y li\u00ean h\u1ec7 v\u1edbi Ch\u0103n Ra Thanh Th\u1ee7y ngay h\u00f4m nay \u0111\u1ec3 \u0111\u01b0\u1ee3c t\u01b0 v\u1ea5n v\u00e0 \u0111\u1eb7t mua ru\u1ed9t m\u1ec1n kh\u00e1ch s\u1ea1n ch\u1ea5t l\u01b0\u1ee3ng cao, g\u00f3p ph\u1ea7n ki\u1ebfn t\u1ea1o kh\u00f4ng gian ngh\u1ec9 d\u01b0\u1ee1ng \u0111\u1eb3ng c\u1ea5p cho kh\u00e1ch h\u00e0ng c\u1ee7a b\u1ea1n<\/p>\n","protected":false},"excerpt":{"rendered":"<p><span style=\"color: #ff0000;\"><strong>GI\u00c1 \u01afU \u0110\u00c3I T\u1edaI 50% KHI \u0110\u1eb6T MAY THEO Y\u00caU C\u1ea6U<\/strong><\/span><\/p>\n","protected":false},"featured_media":74925,"comment_status":"open","ping_status":"closed","template":"","meta":{"_acf_changed":false,"inline_featured_image":false},"product_cat":[2073,2650],"product_tag":[],"class_list":{"0":"post-69120","1":"product","2":"type-product","3":"status-publish","4":"has-post-thumbnail","6":"product_cat-khach-san-homestay-nha-nghi","7":"product_cat-ruot-goi-2","9":"first","10":"instock","11":"purchasable","12":"product-type-variable","13":"rtwpvg-product"},"acf":[],"_links":{"self":[{"href":"https:\/\/chanrathanhthuy.com\/en\/wp-json\/wp\/v2\/product\/69120","targetHints":{"allow":["GET"]}}],"collection":[{"href":"https:\/\/chanrathanhthuy.com\/en\/wp-json\/wp\/v2\/product"}],"about":[{"href":"https:\/\/chanrathanhthuy.com\/en\/wp-json\/wp\/v2\/types\/product"}],"replies":[{"embeddable":true,"href":"https:\/\/chanrathanhthuy.com\/en\/wp-json\/wp\/v2\/comments?post=69120"}],"wp:featuredmedia":[{"embeddable":true,"href":"https:\/\/chanrathanhthuy.com\/en\/wp-json\/wp\/v2\/media\/74925"}],"wp:attachment":[{"href":"https:\/\/chanrathanhthuy.com\/en\/wp-json\/wp\/v2\/media?parent=69120"}],"wp:term":[{"taxonomy":"product_cat","embeddable":true,"href":"https:\/\/chanrathanhthuy.com\/en\/wp-json\/wp\/v2\/product_cat?post=69120"},{"taxonomy":"product_tag","embeddable":true,"href":"https:\/\/chanrathanhthuy.com\/en\/wp-json\/wp\/v2\/product_tag?post=69120"}],"curies":[{"name":"wp","href":"https:\/\/api.w.org\/{rel}","templated":true}]}}