{"id":69140,"date":"2023-03-08T07:24:41","date_gmt":"2023-03-08T07:24:41","guid":{"rendered":"https:\/\/chanrathanhthuy.com\/product\/ao-men-trang-soc-chong-nhan-dat-may-theo-yeu-cau-2"},"modified":"2026-04-10T03:58:49","modified_gmt":"2026-04-10T03:58:49","slug":"ao-men-trang-soc-chong-nhan-dat-may-theo-yeu-cau-2","status":"publish","type":"product","link":"https:\/\/chanrathanhthuy.com\/en\/product\/ao-men-trang-soc-chong-nhan-dat-may-theo-yeu-cau-2\/","title":{"rendered":"2.4. \u00c1o M\u1ec1n Tr\u1eafng S\u1ecdc Ch\u1ed1ng Nh\u0103n Kh\u00e1ch S\u1ea1n"},"content":{"rendered":"<h2 style=\"text-align: justify;\" data-sourcepos=\"2:1-2:77\">\u00c1o M\u1ec1n Tr\u1eafng S\u1ecdc Kh\u00e1ch S\u1ea1n \u2013 N\u00e2ng T\u1ea7m \u0110\u1eb3ng C\u1ea5p C\u00f9ng Ch\u0103n Ra Thanh Th\u1ee7y<\/h2>\n<p style=\"text-align: justify;\" data-sourcepos=\"4:1-4:310\">\u00c1o m\u1ec1n tr\u1eafng s\u1ecdc kh\u00e1ch s\u1ea1n, hay c\u00f2n g\u1ecdi l\u00e0 v\u1ecf m\u1ec1n (v\u1ecf ch\u0103n kh\u00e1ch s\u1ea1n), l\u00e0 y\u1ebfu t\u1ed1 quan tr\u1ecdng t\u1ea1o n\u00ean s\u1ef1 sang tr\u1ecdng v\u00e0 tho\u1ea3i m\u00e1i cho kh\u00f4ng gian ngh\u1ec9 d\u01b0\u1ee1ng. Ch\u0103n Ra Thanh Th\u1ee7y t\u1ef1 h\u00e0o l\u00e0 \u0111\u01a1n v\u1ecb h\u00e0ng \u0111\u1ea7u cung c\u1ea5p \u00e1o m\u1ec1n kh\u00e1ch s\u1ea1n ch\u1ea5t l\u01b0\u1ee3ng cao, \u0111\u00e1p \u1ee9ng m\u1ecdi ti\u00eau chu\u1ea9n kh\u1eaft khe t\u1eeb kh\u00e1ch s\u1ea1n 3 sao \u0111\u1ebfn 5 sao.<\/p>\n<p data-sourcepos=\"4:1-4:310\"><a href=\"https:\/\/chanrathanhthuy.com\/wp-content\/uploads\/2023\/03\/Chan-ga-goi-dem-khach-san-homestay-resort-nha-nghi.jpg\"><img loading=\"lazy\" decoding=\"async\" class=\"aligncenter size-full wp-image-80019\" src=\"https:\/\/chanrathanhthuy.com\/wp-content\/uploads\/2023\/03\/Chan-ga-goi-dem-khach-san-homestay-resort-nha-nghi.jpg\" alt=\"\" width=\"1500\" height=\"1089\" title=\"\" srcset=\"https:\/\/chanrathanhthuy.com\/wp-content\/uploads\/2023\/03\/Chan-ga-goi-dem-khach-san-homestay-resort-nha-nghi.jpg 1500w, https:\/\/chanrathanhthuy.com\/wp-content\/uploads\/2023\/03\/Chan-ga-goi-dem-khach-san-homestay-resort-nha-nghi-300x218.jpg 300w, https:\/\/chanrathanhthuy.com\/wp-content\/uploads\/2023\/03\/Chan-ga-goi-dem-khach-san-homestay-resort-nha-nghi-1024x743.jpg 1024w, https:\/\/chanrathanhthuy.com\/wp-content\/uploads\/2023\/03\/Chan-ga-goi-dem-khach-san-homestay-resort-nha-nghi-150x109.jpg 150w, https:\/\/chanrathanhthuy.com\/wp-content\/uploads\/2023\/03\/Chan-ga-goi-dem-khach-san-homestay-resort-nha-nghi-768x558.jpg 768w, https:\/\/chanrathanhthuy.com\/wp-content\/uploads\/2023\/03\/Chan-ga-goi-dem-khach-san-homestay-resort-nha-nghi-600x436.jpg 600w\" sizes=\"auto, (max-width: 1500px) 100vw, 1500px\" \/><\/a><\/p>\n<h3 style=\"text-align: justify;\" data-sourcepos=\"6:1-6:64\">\u00c1o M\u1ec1n Tr\u1eafng S\u1ecdc Kh\u00e1ch S\u1ea1n Ch\u0103n Ra Thanh Th\u1ee7y: \u0110a D\u1ea1ng v\u00e0 Ti\u1ec7n L\u1ee3i<\/h3>\n<p style=\"text-align: justify;\" data-sourcepos=\"8:1-8:318\">\u00c1o m\u1ec1n kh\u00e1ch s\u1ea1n c\u1ee7a Ch\u0103n Ra Thanh Th\u1ee7y \u0111\u01b0\u1ee3c thi\u1ebft k\u1ebf chuy\u00ean bi\u1ec7t cho c\u00e1c kh\u00e1ch s\u1ea1n, resort, v\u1edbi k\u00edch th\u01b0\u1edbc \u0111a d\u1ea1ng \u0111\u1ec3 ph\u00f9 h\u1ee3p v\u1edbi m\u1ecdi nhu c\u1ea7u c\u1ee7a kh\u00e1ch h\u00e0ng. Hai lo\u1ea1i ph\u1ed5 bi\u1ebfn nh\u1ea5t hi\u1ec7n nay l\u00e0 \u00e1o m\u1ec1n tr\u1eafng tr\u01a1n v\u00e0 \u00e1o m\u1ec1n tr\u1eafng s\u1ecdc, mang \u0111\u1ebfn s\u1ef1 l\u1ef1a ch\u1ecdn linh ho\u1ea1t cho t\u1eebng phong c\u00e1ch thi\u1ebft k\u1ebf n\u1ed9i th\u1ea5t.<\/p>\n<p data-sourcepos=\"8:1-8:318\"><a href=\"https:\/\/chanrathanhthuy.com\/wp-content\/uploads\/2023\/03\/Ruot-chan-Vo-chan-khach-san.jpg\"><img loading=\"lazy\" decoding=\"async\" class=\"aligncenter size-full wp-image-80065\" src=\"https:\/\/chanrathanhthuy.com\/wp-content\/uploads\/2023\/03\/Ruot-chan-Vo-chan-khach-san.jpg\" alt=\"\" width=\"1500\" height=\"1812\" title=\"\" srcset=\"https:\/\/chanrathanhthuy.com\/wp-content\/uploads\/2023\/03\/Ruot-chan-Vo-chan-khach-san.jpg 1500w, https:\/\/chanrathanhthuy.com\/wp-content\/uploads\/2023\/03\/Ruot-chan-Vo-chan-khach-san-248x300.jpg 248w, https:\/\/chanrathanhthuy.com\/wp-content\/uploads\/2023\/03\/Ruot-chan-Vo-chan-khach-san-848x1024.jpg 848w, https:\/\/chanrathanhthuy.com\/wp-content\/uploads\/2023\/03\/Ruot-chan-Vo-chan-khach-san-124x150.jpg 124w, https:\/\/chanrathanhthuy.com\/wp-content\/uploads\/2023\/03\/Ruot-chan-Vo-chan-khach-san-768x928.jpg 768w, https:\/\/chanrathanhthuy.com\/wp-content\/uploads\/2023\/03\/Ruot-chan-Vo-chan-khach-san-1272x1536.jpg 1272w, https:\/\/chanrathanhthuy.com\/wp-content\/uploads\/2023\/03\/Ruot-chan-Vo-chan-khach-san-600x725.jpg 600w\" sizes=\"auto, (max-width: 1500px) 100vw, 1500px\" \/><\/a><\/p>\n<h3 style=\"text-align: justify;\" data-sourcepos=\"10:1-10:47\">Quy C\u00e1ch May \u00c1o M\u1ec1n Tr\u1eafng S\u1ecdc Kh\u00e1ch S\u1ea1n Chu\u1ea9n M\u1ef1c<\/h3>\n<ul style=\"text-align: justify;\" data-sourcepos=\"12:1-15:0\">\n<li data-sourcepos=\"12:1-12:270\">Ch\u1ea5t li\u1ec7u v\u1ea3i cao c\u1ea5p: Ch\u0103n Ra Thanh Th\u1ee7y s\u1eed d\u1ee5ng c\u00e1c lo\u1ea1i v\u1ea3i ch\u1ea5t l\u01b0\u1ee3ng h\u00e0ng \u0111\u1ea7u nh\u01b0 v\u1ea3i CVC v\u00e0 Cotton Satin \u0111\u1ec3 may \u00e1o m\u1ec1n kh\u00e1ch s\u1ea1n. Nh\u1eefng ch\u1ea5t li\u1ec7u n\u00e0y kh\u00f4ng ch\u1ec9 m\u1ec1m m\u1ea1i, tho\u00e1ng m\u00e1t m\u00e0 c\u00f2n c\u00f3 \u0111\u1ed9 b\u1ec1n v\u01b0\u1ee3t tr\u1ed9i, \u0111\u1ea3m b\u1ea3o tu\u1ed5i th\u1ecd s\u1ea3n ph\u1ea9m l\u00e2u d\u00e0i.<\/li>\n<li data-sourcepos=\"13:1-13:184\">M\u00e0u s\u1eafc tinh t\u1ebf: S\u1ea3n ph\u1ea9m c\u00f3 hai l\u1ef1a ch\u1ecdn m\u00e0u s\u1eafc c\u01a1 b\u1ea3n l\u00e0 tr\u1eafng tr\u01a1n v\u00e0 tr\u1eafng s\u1ecdc, d\u1ec5 d\u00e0ng ph\u1ed1i h\u1ee3p v\u1edbi m\u1ecdi kh\u00f4ng gian n\u1ed9i th\u1ea5t, t\u1ea1o v\u1ebb \u0111\u1eb9p thanh l\u1ecbch v\u00e0 chuy\u00ean nghi\u1ec7p.<\/li>\n<li data-sourcepos=\"14:1-15:0\">Chi ti\u1ebft ki\u1ec3u may: \u0110\u1ec3 \u0111\u01b0\u1ee3c t\u01b0 v\u1ea5n chi ti\u1ebft v\u1ec1 c\u00e1c ki\u1ec3u may \u00e1o m\u1ec1n kh\u00e1ch s\u1ea1n ph\u00f9 h\u1ee3p nh\u1ea5t v\u1edbi y\u00eau c\u1ea7u c\u1ee7a b\u1ea1n, vui l\u00f2ng li\u00ean h\u1ec7 tr\u1ef1c ti\u1ebfp v\u1edbi \u0111\u1ed9i ng\u0169 nh\u00e2n vi\u00ean chuy\u00ean nghi\u1ec7p c\u1ee7a ch\u00fang t\u00f4i.<\/li>\n<\/ul>\n<h3 style=\"text-align: justify;\" data-sourcepos=\"16:1-16:52\">\u0110\u1eb7c Quy\u1ec1n Khi Ch\u1ecdn \u00c1o M\u1ec1n Ch\u0103n Ra Thanh Th\u1ee7y<\/h3>\n<p style=\"text-align: justify;\" data-sourcepos=\"18:1-18:79\">Ch\u0103n Ra Thanh Th\u1ee7y cam k\u1ebft mang \u0111\u1ebfn nh\u1eefng gi\u00e1 tr\u1ecb v\u01b0\u1ee3t tr\u1ed9i cho kh\u00e1ch h\u00e0ng:<\/p>\n<ul>\n<li>V\u1ea3i m\u1ec1m v\u00e0 b\u1ec1n: Ch\u00fang t\u00f4i chuy\u00ean cung c\u1ea5p v\u1ea3i ch\u1ea5t l\u01b0\u1ee3ng cao, chuy\u00ean nghi\u1ec7p cho kh\u0103n tr\u1ea3i gi\u01b0\u1eddng kh\u00e1ch s\u1ea1n m\u00e0u tr\u1eafng, \u0111\u1ea3m b\u1ea3o \u0111\u1ed9 m\u1ec1m m\u1ea1i v\u00e0 b\u1ec1n b\u1ec9 theo th\u1eddi gian.<\/li>\n<li>\u0110\u1ea1t chu\u1ea9n 100% c\u1ee7a kh\u00e1ch h\u00e0ng: M\u1eadt \u0111\u1ed9, tr\u1ecdng l\u01b0\u1ee3ng v\u00e0 s\u1ee3i v\u1ea3i lu\u00f4n \u0111\u01b0\u1ee3c ki\u1ec3m so\u00e1t ch\u1eb7t ch\u1ebd \u0111\u1ec3 \u0111\u1ea1t ti\u00eau chu\u1ea9n cao nh\u1ea5t, \u0111\u00e1p \u1ee9ng m\u1ecdi y\u00eau c\u1ea7u c\u1ee7a kh\u00e1ch s\u1ea1n.<\/li>\n<li>Th\u00e2n thi\u1ec7n v\u1edbi m\u00f4i tr\u01b0\u1eddng: V\u1eadt li\u1ec7u t\u1ea9y v\u00e0 nhu\u1ed9m c\u1ee7a ch\u00fang t\u00f4i kh\u00f4ng ch\u1ee9a AZO, an to\u00e0n cho ng\u01b0\u1eddi s\u1eed d\u1ee5ng v\u00e0 b\u1ea3o v\u1ec7 m\u00f4i tr\u01b0\u1eddng.<\/li>\n<li>\u0110\u1ed9 co r\u00fat t\u1ed1i thi\u1ec3u: S\u1ea3n ph\u1ea9m c\u00f3 \u0111\u1ed9 co r\u00fat trong v\u00f2ng 3% sau 3 l\u1ea7n gi\u1eb7t \u1edf 40 \u0111\u1ed9 v\u00e0 s\u1ea5y kh\u00f4, gi\u00fap duy tr\u00ec form d\u00e1ng v\u00e0 k\u00edch th\u01b0\u1edbc ban \u0111\u1ea7u.<\/li>\n<li>Ki\u1ec3m so\u00e1t ch\u1ea5t l\u01b0\u1ee3ng t\u1eeb g\u1ed1c: V\u1edbi x\u01b0\u1edfng k\u00e9o s\u1ee3i v\u00e0 d\u1ec7t v\u1ea3i ri\u00eang, Ch\u0103n Ra Thanh Th\u1ee7y \u0111\u1ea3m b\u1ea3o ch\u1ea5t l\u01b0\u1ee3ng s\u1ea3n ph\u1ea9m v\u00e0 th\u1eddi gian giao h\u00e0ng ngay t\u1eeb kh\u00e2u nguy\u00ean li\u1ec7u th\u00f4.<\/li>\n<\/ul>\n<p style=\"text-align: justify;\" data-sourcepos=\"26:1-26:192\">H\u00e3y li\u00ean h\u1ec7 v\u1edbi Ch\u0103n Ra Thanh Th\u1ee7y ngay h\u00f4m nay \u0111\u1ec3 s\u1edf h\u1eefu nh\u1eefng s\u1ea3n ph\u1ea9m \u00e1o m\u1ec1n tr\u1eafng s\u1ecdc kh\u00e1ch s\u1ea1n ch\u1ea5t l\u01b0\u1ee3ng, g\u00f3p ph\u1ea7n ki\u1ebfn t\u1ea1o kh\u00f4ng gian ngh\u1ec9 d\u01b0\u1ee1ng \u0111\u1eb3ng c\u1ea5p cho kh\u00e1ch h\u00e0ng c\u1ee7a b\u1ea1n<\/p>\n","protected":false},"excerpt":{"rendered":"<p><span style=\"color: #ff0000;\"><strong>GI\u00c1 \u01afU \u0110\u00c3I T\u1edaI 50% KHI \u0110\u1eb6T MAY THEO Y\u00caU C\u1ea6U<\/strong><\/span><\/p>\n","protected":false},"featured_media":72979,"comment_status":"open","ping_status":"closed","template":"","meta":{"_acf_changed":false,"inline_featured_image":false},"product_cat":[2073,2648],"product_tag":[],"class_list":{"0":"post-69140","1":"product","2":"type-product","3":"status-publish","4":"has-post-thumbnail","6":"product_cat-khach-san-homestay-nha-nghi","7":"product_cat-trang-soc","9":"first","10":"instock","11":"purchasable","12":"product-type-variable","13":"rtwpvg-product"},"acf":[],"_links":{"self":[{"href":"https:\/\/chanrathanhthuy.com\/en\/wp-json\/wp\/v2\/product\/69140","targetHints":{"allow":["GET"]}}],"collection":[{"href":"https:\/\/chanrathanhthuy.com\/en\/wp-json\/wp\/v2\/product"}],"about":[{"href":"https:\/\/chanrathanhthuy.com\/en\/wp-json\/wp\/v2\/types\/product"}],"replies":[{"embeddable":true,"href":"https:\/\/chanrathanhthuy.com\/en\/wp-json\/wp\/v2\/comments?post=69140"}],"wp:featuredmedia":[{"embeddable":true,"href":"https:\/\/chanrathanhthuy.com\/en\/wp-json\/wp\/v2\/media\/72979"}],"wp:attachment":[{"href":"https:\/\/chanrathanhthuy.com\/en\/wp-json\/wp\/v2\/media?parent=69140"}],"wp:term":[{"taxonomy":"product_cat","embeddable":true,"href":"https:\/\/chanrathanhthuy.com\/en\/wp-json\/wp\/v2\/product_cat?post=69140"},{"taxonomy":"product_tag","embeddable":true,"href":"https:\/\/chanrathanhthuy.com\/en\/wp-json\/wp\/v2\/product_tag?post=69140"}],"curies":[{"name":"wp","href":"https:\/\/api.w.org\/{rel}","templated":true}]}}