{"id":69174,"date":"2023-03-08T07:32:55","date_gmt":"2023-03-08T07:32:55","guid":{"rendered":"https:\/\/chanrathanhthuy.com\/product\/chan-men-soc-chan-gon-khach-san-dat-may-theo-yeu-cau"},"modified":"2026-04-10T04:07:39","modified_gmt":"2026-04-10T04:07:39","slug":"chan-men-soc-chan-gon-khach-san-dat-may-theo-yeu-cau","status":"publish","type":"product","link":"https:\/\/chanrathanhthuy.com\/en\/product\/chan-men-soc-chan-gon-khach-san-dat-may-theo-yeu-cau\/","title":{"rendered":"2.5. Ch\u0103n, M\u1ec1n Tr\u1eafng S\u1ecdc Ch\u1ea7n B\u00f4ng Kh\u00e1ch S\u1ea1n"},"content":{"rendered":"<h2 style=\"text-align: justify;\" data-sourcepos=\"2:1-2:83\">Ch\u0103n M\u1ec1n S\u1ecdc Ch\u1ea7n G\u00f2n Kh\u00e1ch S\u1ea1n \u2013 S\u1ef1 L\u1ef1a Ch\u1ecdn Ho\u00e0n H\u1ea3o T\u1eeb Ch\u0103n Ra Thanh Th\u1ee7y<\/h2>\n<p style=\"text-align: justify;\" data-sourcepos=\"4:1-4:468\">\u0110\u1ed1i v\u1edbi c\u00e1c kh\u00e1ch s\u1ea1n, \u0111\u1ed9 b\u1ec1n c\u1ee7a ch\u0103n m\u1ec1n s\u1ecdc ch\u1ea7n g\u00f2n kh\u00e1ch s\u1ea1n l\u00e0 y\u1ebfu t\u1ed1 then ch\u1ed1t, g\u00f3p ph\u1ea7n t\u1ed1i \u01b0u chi ph\u00ed \u0111\u1ea7u t\u01b0. V\u1edbi t\u1ea7n su\u1ea5t gi\u1eb7t gi\u0169 v\u00e0 s\u1eed d\u1ee5ng h\u00f3a ch\u1ea5t t\u1ea9y r\u1eeda cao, vi\u1ec7c l\u1ef1a ch\u1ecdn ch\u0103n ga g\u1ed1i \u0111\u1ec7m kh\u00e1ch s\u1ea1n c\u00f3 ch\u1ea5t li\u1ec7u pha polyester \u0111\u1ed9 b\u1ec1n cao kh\u00f4ng ch\u1ec9 mang l\u1ea1i hi\u1ec7u qu\u1ea3 kinh t\u1ebf m\u00e0 c\u00f2n \u0111\u1ea3m b\u1ea3o s\u1ef1 sang tr\u1ecdng, tinh t\u1ebf cho kh\u00f4ng gian ngh\u1ec9 d\u01b0\u1ee1ng. Ch\u0103n Ra Thanh Th\u1ee7y t\u1ef1 h\u00e0o cung c\u1ea5p c\u00e1c s\u1ea3n ph\u1ea9m ch\u0103n m\u1ec1n kh\u00e1ch s\u1ea1n \u0111\u00e1p \u1ee9ng ho\u00e0n h\u1ea3o nh\u1eefng ti\u00eau ch\u00ed n\u00e0y.<\/p>\n<p data-sourcepos=\"4:1-4:468\"><a href=\"https:\/\/chanrathanhthuy.com\/wp-content\/uploads\/2023\/03\/Chan-ga-goi-dem-khach-san-homestay-resort-nha-nghi.jpg\"><img loading=\"lazy\" decoding=\"async\" class=\"aligncenter size-full wp-image-80019\" src=\"https:\/\/chanrathanhthuy.com\/wp-content\/uploads\/2023\/03\/Chan-ga-goi-dem-khach-san-homestay-resort-nha-nghi.jpg\" alt=\"\" width=\"1500\" height=\"1089\" title=\"\" srcset=\"https:\/\/chanrathanhthuy.com\/wp-content\/uploads\/2023\/03\/Chan-ga-goi-dem-khach-san-homestay-resort-nha-nghi.jpg 1500w, https:\/\/chanrathanhthuy.com\/wp-content\/uploads\/2023\/03\/Chan-ga-goi-dem-khach-san-homestay-resort-nha-nghi-300x218.jpg 300w, https:\/\/chanrathanhthuy.com\/wp-content\/uploads\/2023\/03\/Chan-ga-goi-dem-khach-san-homestay-resort-nha-nghi-1024x743.jpg 1024w, https:\/\/chanrathanhthuy.com\/wp-content\/uploads\/2023\/03\/Chan-ga-goi-dem-khach-san-homestay-resort-nha-nghi-150x109.jpg 150w, https:\/\/chanrathanhthuy.com\/wp-content\/uploads\/2023\/03\/Chan-ga-goi-dem-khach-san-homestay-resort-nha-nghi-768x558.jpg 768w, https:\/\/chanrathanhthuy.com\/wp-content\/uploads\/2023\/03\/Chan-ga-goi-dem-khach-san-homestay-resort-nha-nghi-600x436.jpg 600w\" sizes=\"auto, (max-width: 1500px) 100vw, 1500px\" \/><\/a><\/p>\n<h3 style=\"text-align: justify;\" data-sourcepos=\"6:1-6:80\">\u0110a D\u1ea1ng Ch\u1ea5t Li\u1ec7u Ch\u0103n M\u1ec1n S\u1ecdc Ch\u1ea7n G\u00f2n Kh\u00e1ch S\u1ea1n T\u1ea1i Ch\u0103n Ra Thanh Th\u1ee7y<\/h3>\n<p style=\"text-align: justify;\" data-sourcepos=\"8:1-8:341\">C\u00e1c kh\u00e1ch s\u1ea1n t\u1ea1i Vi\u1ec7t Nam th\u01b0\u1eddng \u01b0a chu\u1ed9ng ch\u0103n ga g\u1ed1i m\u00e0u tr\u1eafng, \u0111\u00f4i khi \u0111i\u1ec3m xuy\u1ebft th\u00eam chi ti\u1ebft k\u1ebb s\u1ecdc, hoa v\u0103n d\u1ec7t ch\u00ecm ho\u1eb7c th\u00eau \u0111\u1ec3 t\u0103ng th\u00eam v\u1ebb tinh t\u1ebf v\u00e0 sang tr\u1ecdng. T\u1ea1i Ch\u0103n Ra Thanh Th\u1ee7y, qu\u00fd kh\u00e1ch c\u00f3 th\u1ec3 d\u1ec5 d\u00e0ng \u0111\u1eb7t h\u00e0ng d\u1ef1 \u00e1n kh\u00e1ch s\u1ea1n v\u1edbi c\u00e1c ch\u1ea5t li\u1ec7u ch\u0103n m\u1ec1n s\u1ecdc ch\u1ea7n g\u00f2n ph\u1ed5 bi\u1ebfn v\u00e0 ch\u1ea5t l\u01b0\u1ee3ng cao c\u1ee7a ch\u00fang t\u00f4i:<\/p>\n<ul style=\"text-align: justify;\" data-sourcepos=\"10:1-16:0\">\n<li data-sourcepos=\"10:1-11:123\">CVC (50% Cotton, 50% Polyester):\n<ul data-sourcepos=\"11:5-11:123\">\n<li data-sourcepos=\"11:5-11:123\">\u01afu \u0111i\u1ec3m: Kh\u1ea3 n\u0103ng ch\u1ed1ng nh\u0103n v\u01b0\u1ee3t tr\u1ed9i, gi\u1eef cho ch\u0103n m\u1ec1n lu\u00f4n ph\u1eb3ng phiu, \u0111\u1eb9p m\u1eaft ngay c\u1ea3 sau nhi\u1ec1u l\u1ea7n gi\u1eb7t.<\/li>\n<\/ul>\n<\/li>\n<li data-sourcepos=\"12:1-13:132\">Cotton S\u1ecdc T300 (60% Cotton, 40% Polyester):\n<ul data-sourcepos=\"13:5-13:132\">\n<li data-sourcepos=\"13:5-13:132\">\u01afu \u0111i\u1ec3m: T\u01b0\u01a1ng t\u1ef1 nh\u01b0 CVC, ch\u1ea5t li\u1ec7u n\u00e0y c\u0169ng n\u1ed5i b\u1eadt v\u1edbi kh\u1ea3 n\u0103ng ch\u1ed1ng nh\u0103n hi\u1ec7u qu\u1ea3, \u0111\u1ed3ng th\u1eddi mang l\u1ea1i \u0111\u1ed9 b\u1ec1n cao.<\/li>\n<\/ul>\n<\/li>\n<li data-sourcepos=\"14:1-16:0\">Cotton S\u1ecdc T300 (100% Cotton):\n<ul data-sourcepos=\"15:5-16:0\">\n<li data-sourcepos=\"15:5-16:0\">\u01afu \u0111i\u1ec3m: R\u1ea5t m\u1ec1m m\u1ecbn v\u00e0 tho\u00e1ng m\u00e1t, mang \u0111\u1ebfn c\u1ea3m gi\u00e1c tho\u1ea3i m\u00e1i t\u1ed1i \u0111a cho kh\u00e1ch h\u00e0ng. Ch\u1ea5t li\u1ec7u 100% cotton c\u0169ng \u0111\u1ea3m b\u1ea3o th\u1eddi gian s\u1eed d\u1ee5ng l\u00e2u d\u00e0i, b\u1ec1n b\u1ec9 theo th\u1eddi gian.<\/li>\n<\/ul>\n<\/li>\n<\/ul>\n<p><a href=\"https:\/\/chanrathanhthuy.com\/wp-content\/uploads\/2023\/03\/chan-chan-bong-men-dan-gon-khach-san.jpg\"><img loading=\"lazy\" decoding=\"async\" class=\"aligncenter size-full wp-image-80062\" src=\"https:\/\/chanrathanhthuy.com\/wp-content\/uploads\/2023\/03\/chan-chan-bong-men-dan-gon-khach-san.jpg\" alt=\"\" width=\"1500\" height=\"2181\" title=\"\" srcset=\"https:\/\/chanrathanhthuy.com\/wp-content\/uploads\/2023\/03\/chan-chan-bong-men-dan-gon-khach-san.jpg 1500w, https:\/\/chanrathanhthuy.com\/wp-content\/uploads\/2023\/03\/chan-chan-bong-men-dan-gon-khach-san-206x300.jpg 206w, https:\/\/chanrathanhthuy.com\/wp-content\/uploads\/2023\/03\/chan-chan-bong-men-dan-gon-khach-san-704x1024.jpg 704w, https:\/\/chanrathanhthuy.com\/wp-content\/uploads\/2023\/03\/chan-chan-bong-men-dan-gon-khach-san-103x150.jpg 103w, https:\/\/chanrathanhthuy.com\/wp-content\/uploads\/2023\/03\/chan-chan-bong-men-dan-gon-khach-san-768x1117.jpg 768w, https:\/\/chanrathanhthuy.com\/wp-content\/uploads\/2023\/03\/chan-chan-bong-men-dan-gon-khach-san-1056x1536.jpg 1056w, https:\/\/chanrathanhthuy.com\/wp-content\/uploads\/2023\/03\/chan-chan-bong-men-dan-gon-khach-san-1409x2048.jpg 1409w, https:\/\/chanrathanhthuy.com\/wp-content\/uploads\/2023\/03\/chan-chan-bong-men-dan-gon-khach-san-600x872.jpg 600w\" sizes=\"auto, (max-width: 1500px) 100vw, 1500px\" \/><\/a><\/p>\n<p style=\"text-align: justify;\" data-sourcepos=\"17:1-17:186\">M\u1ed7i ch\u1ea5t li\u1ec7u \u0111\u1ec1u c\u00f3 nh\u1eefng t\u00ednh ch\u1ea5t v\u00e0 m\u1ee9c gi\u00e1 kh\u00e1c nhau, cho ph\u00e9p qu\u00fd kh\u00e1ch h\u00e0ng l\u1ef1a ch\u1ecdn ch\u0103n m\u1ec1n s\u1ecdc ch\u1ea7n g\u00f2n kh\u00e1ch s\u1ea1n ph\u00f9 h\u1ee3p nh\u1ea5t v\u1edbi ph\u00e2n kh\u00fac v\u00e0 y\u00eau c\u1ea7u kinh doanh c\u1ee7a m\u00ecnh.<\/p>\n<h3 style=\"text-align: justify;\" data-sourcepos=\"21:1-21:77\">L\u00fd Do N\u00ean Ch\u1ecdn Ch\u0103n M\u1ec1n S\u1ecdc Ch\u1ea7n G\u00f2n Kh\u00e1ch S\u1ea1n C\u1ee7a Ch\u0103n Ra Thanh Th\u1ee7y<\/h3>\n<p style=\"text-align: justify;\" data-sourcepos=\"23:1-23:103\">Ch\u0103n Ra Thanh Th\u1ee7y cam k\u1ebft mang \u0111\u1ebfn nh\u1eefng s\u1ea3n ph\u1ea9m ch\u1ea5t l\u01b0\u1ee3ng v\u01b0\u1ee3t tr\u1ed9i c\u00f9ng d\u1ecbch v\u1ee5 chuy\u00ean nghi\u1ec7p:<\/p>\n<ul>\n<li>V\u1ea3i m\u1ec1m v\u00e0 b\u1ec1n: Ch\u00fang t\u00f4i chuy\u00ean cung c\u1ea5p v\u1ea3i chuy\u00ean nghi\u1ec7p cho kh\u0103n tr\u1ea3i gi\u01b0\u1eddng kh\u00e1ch s\u1ea1n m\u00e0u tr\u1eafng, \u0111\u1ea3m b\u1ea3o \u0111\u1ed9 m\u1ec1m m\u1ea1i v\u00e0 \u0111\u1ed9 b\u1ec1n t\u1ed1i \u01b0u, ph\u00f9 h\u1ee3p v\u1edbi t\u1ea7n su\u1ea5t s\u1eed d\u1ee5ng cao.<\/li>\n<li>\u0110\u1ea1t chu\u1ea9n 100% c\u1ee7a kh\u00e1ch h\u00e0ng: M\u1eadt \u0111\u1ed9, tr\u1ecdng l\u01b0\u1ee3ng v\u00e0 s\u1ee3i v\u1ea3i lu\u00f4n \u0111\u01b0\u1ee3c ki\u1ec3m so\u00e1t ch\u1eb7t ch\u1ebd, \u0111\u1ea1t ti\u00eau chu\u1ea9n ch\u1ea5t l\u01b0\u1ee3ng cao nh\u1ea5t, \u0111\u00e1p \u1ee9ng m\u1ecdi y\u00eau c\u1ea7u kh\u1eaft khe c\u1ee7a kh\u00e1ch s\u1ea1n.<\/li>\n<li>V\u1eadt li\u1ec7u th\u00e2n thi\u1ec7n m\u00f4i tr\u01b0\u1eddng: Ch\u00fang t\u00f4i s\u1eed d\u1ee5ng v\u1eadt li\u1ec7u t\u1ea9y v\u00e0 nhu\u1ed9m kh\u00f4ng ch\u1ee9a AZO, \u0111\u1ea3m b\u1ea3o an to\u00e0n cho s\u1ee9c kh\u1ecfe ng\u01b0\u1eddi d\u00f9ng v\u00e0 th\u00e2n thi\u1ec7n v\u1edbi m\u00f4i tr\u01b0\u1eddng.<\/li>\n<li>Co r\u00fat t\u1ed1i thi\u1ec3u: S\u1ea3n ph\u1ea9m c\u00f3 \u0111\u1ed9 co r\u00fat trong v\u00f2ng 3% sau 3 l\u1ea7n gi\u1eb7t \u1edf 40 \u0111\u1ed9 v\u00e0 s\u1ea5y kh\u00f4, gi\u00fap duy tr\u00ec form d\u00e1ng v\u00e0 k\u00edch th\u01b0\u1edbc ban \u0111\u1ea7u, \u0111\u1ea3m b\u1ea3o t\u00ednh th\u1ea9m m\u1ef9 l\u00e2u d\u00e0i.<\/li>\n<li>Ki\u1ec3m so\u00e1t ch\u1ea5t l\u01b0\u1ee3ng t\u1eeb g\u1ed1c: V\u1edbi x\u01b0\u1edfng k\u00e9o s\u1ee3i v\u00e0 d\u1ec7t v\u1ea3i ri\u00eang, Ch\u0103n Ra Thanh Th\u1ee7y ch\u1ee7 \u0111\u1ed9ng ho\u00e0n to\u00e0n trong vi\u1ec7c ki\u1ec3m so\u00e1t ch\u1ea5t l\u01b0\u1ee3ng s\u1ea3n ph\u1ea9m v\u00e0 \u0111\u1ea3m b\u1ea3o th\u1eddi gian giao h\u00e0ng nhanh ch\u00f3ng ngay t\u1eeb kh\u00e2u nguy\u00ean li\u1ec7u th\u00f4.<\/li>\n<\/ul>\n<p style=\"text-align: justify;\" data-sourcepos=\"31:1-31:192\">H\u00e3y li\u00ean h\u1ec7 v\u1edbi Ch\u0103n Ra Thanh Th\u1ee7y ngay h\u00f4m nay \u0111\u1ec3 nh\u1eadn t\u01b0 v\u1ea5n v\u00e0 \u0111\u1eb7t mua ch\u0103n m\u1ec1n s\u1ecdc ch\u1ea7n g\u00f2n kh\u00e1ch s\u1ea1n ch\u1ea5t l\u01b0\u1ee3ng cao, t\u1ed1i \u01b0u chi ph\u00ed v\u00e0 n\u00e2ng t\u1ea7m tr\u1ea3i nghi\u1ec7m cho kh\u00e1ch h\u00e0ng c\u1ee7a b\u1ea1n<\/p>\n","protected":false},"excerpt":{"rendered":"<p><span style=\"color: #ff0000;\"><strong>GI\u00c1 \u01afU \u0110\u00c3I T\u1edaI 50% KHI \u0110\u1eb6T MAY THEO Y\u00caU C\u1ea6U<\/strong><\/span><\/p>\n","protected":false},"featured_media":72992,"comment_status":"open","ping_status":"closed","template":"","meta":{"_acf_changed":false,"inline_featured_image":false},"product_cat":[2073,2648],"product_tag":[],"class_list":{"0":"post-69174","1":"product","2":"type-product","3":"status-publish","4":"has-post-thumbnail","6":"product_cat-khach-san-homestay-nha-nghi","7":"product_cat-trang-soc","9":"first","10":"instock","11":"purchasable","12":"product-type-variable","13":"rtwpvg-product"},"acf":[],"_links":{"self":[{"href":"https:\/\/chanrathanhthuy.com\/en\/wp-json\/wp\/v2\/product\/69174","targetHints":{"allow":["GET"]}}],"collection":[{"href":"https:\/\/chanrathanhthuy.com\/en\/wp-json\/wp\/v2\/product"}],"about":[{"href":"https:\/\/chanrathanhthuy.com\/en\/wp-json\/wp\/v2\/types\/product"}],"replies":[{"embeddable":true,"href":"https:\/\/chanrathanhthuy.com\/en\/wp-json\/wp\/v2\/comments?post=69174"}],"wp:featuredmedia":[{"embeddable":true,"href":"https:\/\/chanrathanhthuy.com\/en\/wp-json\/wp\/v2\/media\/72992"}],"wp:attachment":[{"href":"https:\/\/chanrathanhthuy.com\/en\/wp-json\/wp\/v2\/media?parent=69174"}],"wp:term":[{"taxonomy":"product_cat","embeddable":true,"href":"https:\/\/chanrathanhthuy.com\/en\/wp-json\/wp\/v2\/product_cat?post=69174"},{"taxonomy":"product_tag","embeddable":true,"href":"https:\/\/chanrathanhthuy.com\/en\/wp-json\/wp\/v2\/product_tag?post=69174"}],"curies":[{"name":"wp","href":"https:\/\/api.w.org\/{rel}","templated":true}]}}