{"id":69183,"date":"2023-03-08T07:39:27","date_gmt":"2023-03-08T07:39:27","guid":{"rendered":"https:\/\/chanrathanhthuy.com\/product\/ga-thang-trang-tron-chong-nhan-khach-san-dat-may-theo-yeu-cau"},"modified":"2026-04-28T10:28:33","modified_gmt":"2026-04-28T10:28:33","slug":"ga-thang-trang-tron-chong-nhan-khach-san","status":"publish","type":"product","link":"https:\/\/chanrathanhthuy.com\/en\/product\/ga-thang-trang-tron-chong-nhan-khach-san\/","title":{"rendered":"1.2. Ga Th\u1eb3ng Tr\u1eafng Tr\u01a1n Ch\u1ed1ng Nh\u0103n Kh\u00e1ch S\u1ea1n"},"content":{"rendered":"<h2 style=\"text-align: justify;\" data-sourcepos=\"3:1-3:87\">Ch\u0103n Ga G\u1ed1i \u0110\u1ec7m Kh\u00e1ch S\u1ea1n Cao C\u1ea5p &#8211; Ga Th\u1eb3ng Tr\u1eafng Tr\u01a1n &#8211; T\u1ea5m Tr\u1ea3i t\u1eeb Ch\u0103n Ra Thanh Th\u1ee7y<\/h2>\n<p style=\"text-align: justify;\" data-sourcepos=\"5:1-5:381\">Trong b\u1ed9 ch\u0103n ga g\u1ed1i \u0111\u1ec7m ho\u00e0n h\u1ea3o c\u1ee7a m\u1ed7i kh\u00e1ch s\u1ea1n, ga th\u1eb3ng gi\u01b0\u1eddng \u0111\u00f3ng vai tr\u00f2 v\u00f4 c\u00f9ng quan tr\u1ecdng. \u0110\u00e2y ch\u00ednh l\u00e0 t\u1ea5m v\u1ea3i m\u1ec1m m\u1ecbn ph\u1ee7 l\u00ean b\u1ec1 m\u1eb7t \u0111\u1ec7m, n\u01a1i c\u01a1 th\u1ec3 ch\u00fang ta ti\u1ebfp x\u00fac tr\u1ef1c ti\u1ebfp \u0111\u1ec3 c\u00f3 \u0111\u01b0\u1ee3c gi\u1ea5c ng\u1ee7 ngon. Hi\u1ec3u \u0111\u01b0\u1ee3c \u0111i\u1ec1u n\u00e0y, Ch\u0103n Ra Thanh Th\u1ee7y t\u1ef1 h\u00e0o gi\u1edbi thi\u1ec7u s\u1ea3n ph\u1ea9m ga th\u1eb3ng gi\u01b0\u1eddng tr\u1eafng cao c\u1ea5p v\u00e0 T\u1ea5m tr\u1ea3i kh\u00e1ch s\u1ea1n, mang \u0111\u1ebfn s\u1ef1 \u00eam \u00e1i v\u00e0 tho\u1ea3i m\u00e1i t\u1ed1i \u0111a cho kh\u00e1ch l\u01b0u tr\u00fa.<\/p>\n<p style=\"text-align: justify;\" data-sourcepos=\"5:1-5:381\"><a href=\"https:\/\/chanrathanhthuy.com\/wp-content\/uploads\/2023\/03\/Chan-ga-goi-dem-khach-san-homestay-resort-nha-nghi.jpg\"><img loading=\"lazy\" decoding=\"async\" class=\"aligncenter size-full wp-image-80019\" src=\"https:\/\/chanrathanhthuy.com\/wp-content\/uploads\/2023\/03\/Chan-ga-goi-dem-khach-san-homestay-resort-nha-nghi.jpg\" alt=\"\" width=\"1500\" height=\"1089\" title=\"\" srcset=\"https:\/\/chanrathanhthuy.com\/wp-content\/uploads\/2023\/03\/Chan-ga-goi-dem-khach-san-homestay-resort-nha-nghi.jpg 1500w, https:\/\/chanrathanhthuy.com\/wp-content\/uploads\/2023\/03\/Chan-ga-goi-dem-khach-san-homestay-resort-nha-nghi-300x218.jpg 300w, https:\/\/chanrathanhthuy.com\/wp-content\/uploads\/2023\/03\/Chan-ga-goi-dem-khach-san-homestay-resort-nha-nghi-1024x743.jpg 1024w, https:\/\/chanrathanhthuy.com\/wp-content\/uploads\/2023\/03\/Chan-ga-goi-dem-khach-san-homestay-resort-nha-nghi-150x109.jpg 150w, https:\/\/chanrathanhthuy.com\/wp-content\/uploads\/2023\/03\/Chan-ga-goi-dem-khach-san-homestay-resort-nha-nghi-768x558.jpg 768w, https:\/\/chanrathanhthuy.com\/wp-content\/uploads\/2023\/03\/Chan-ga-goi-dem-khach-san-homestay-resort-nha-nghi-600x436.jpg 600w\" sizes=\"auto, (max-width: 1500px) 100vw, 1500px\" \/><\/a> <a href=\"https:\/\/chanrathanhthuy.com\/wp-content\/uploads\/2023\/03\/Ga-boc-ga-thang-khach-san.jpg\"><img loading=\"lazy\" decoding=\"async\" class=\"aligncenter size-full wp-image-80022\" src=\"https:\/\/chanrathanhthuy.com\/wp-content\/uploads\/2023\/03\/Ga-boc-ga-thang-khach-san.jpg\" alt=\"\" width=\"1500\" height=\"1682\" title=\"\" srcset=\"https:\/\/chanrathanhthuy.com\/wp-content\/uploads\/2023\/03\/Ga-boc-ga-thang-khach-san.jpg 1500w, https:\/\/chanrathanhthuy.com\/wp-content\/uploads\/2023\/03\/Ga-boc-ga-thang-khach-san-268x300.jpg 268w, https:\/\/chanrathanhthuy.com\/wp-content\/uploads\/2023\/03\/Ga-boc-ga-thang-khach-san-913x1024.jpg 913w, https:\/\/chanrathanhthuy.com\/wp-content\/uploads\/2023\/03\/Ga-boc-ga-thang-khach-san-134x150.jpg 134w, https:\/\/chanrathanhthuy.com\/wp-content\/uploads\/2023\/03\/Ga-boc-ga-thang-khach-san-768x861.jpg 768w, https:\/\/chanrathanhthuy.com\/wp-content\/uploads\/2023\/03\/Ga-boc-ga-thang-khach-san-1370x1536.jpg 1370w, https:\/\/chanrathanhthuy.com\/wp-content\/uploads\/2023\/03\/Ga-boc-ga-thang-khach-san-600x673.jpg 600w\" sizes=\"auto, (max-width: 1500px) 100vw, 1500px\" \/><\/a><\/p>\n<h3 style=\"text-align: justify;\" data-sourcepos=\"5:1-5:381\">Chi ti\u1ebft Ga gi\u01b0\u1eddng v\u00e0 T\u1ea7m tr\u1ea3i th\u1eb3ng tr\u1eafng tr\u01a1n<\/h3>\n<table style=\"border-collapse: collapse; width: 100%;\">\n<tbody>\n<tr>\n<td style=\"width: 49.9578%;\">CVC T260<\/td>\n<td style=\"width: 49.9578%;\">Satin T400<\/td>\n<\/tr>\n<tr>\n<td style=\"width: 49.9578%;\">Ch\u1ea5t li\u1ec7u: 50% Cotton, 50% Polyester<\/p>\n<p>\u0110\u1eb7c t\u00ednh v\u1ea3i CVC:<\/p>\n<ul>\n<li>M\u1ec1m m\u1ea1i, m\u00e1t m\u1ebb, tho\u1ea3i m\u00e1i v\u00e0 b\u1ec1n<\/li>\n<li>Kh\u00f4ng \u0111\u1ed9c h\u1ea1i, th\u00e2n thi\u1ec7n v\u1edbi m\u00f4i tr\u01b0\u1eddng<\/li>\n<li>D\u1ec5 b\u1ea3o qu\u1ea3n v\u00e0 v\u1ec7 sinh<\/li>\n<\/ul>\n<p>M\u1eadt \u0111\u1ed9 s\u1ee3i: T260<br \/>\n\u01afu \u0111i\u1ec3m: ch\u1ed1ng nh\u0103n<\/td>\n<td style=\"width: 49.9578%;\">Ch\u1ea5t li\u1ec7u: 100% cotton<\/p>\n<p>\u0110\u1eb7c t\u00ednh v\u1ea3i cotton Satin T400:<\/p>\n<ul>\n<li>Kh\u00f4ng b\u1ecb nh\u0103n m\u1ed7i khi v\u00f2, gi\u1eb7t<\/li>\n<li>C\u00f3 \u0111\u1ed9 b\u1ec1n cao v\u00ec s\u1ee3i\u00a0v\u1ea3i\u00a0r\u1ea5t nh\u1ecf v\u1edbi m\u1eadt \u0111\u1ed9 d\u00e0y\u00a0\u0111\u1eb7c<\/li>\n<li>Kh\u1ea3 n\u0103ng th\u1ea5m h\u00fat t\u1ed1t, th\u00e2n thi\u1ec7n v\u1edbi l\u00e0n da<\/li>\n<\/ul>\n<p>M\u1eadt \u0111\u1ed9 s\u1ee3i: T400<br \/>\n\u01afu \u0111i\u1ec3m: m\u1ec1m m\u1ecbn, tho\u00e1ng m\u00e1t<\/td>\n<\/tr>\n<\/tbody>\n<\/table>\n<h3 style=\"text-align: justify;\" data-sourcepos=\"17:1-17:81\">\u01afu \u0111i\u1ec3m v\u01b0\u1ee3t tr\u1ed9i c\u1ee7a Ga gi\u01b0\u1eddng v\u00e0 T\u1ea5m tr\u1ea3i kh\u00e1ch s\u1ea1n<\/h3>\n<p style=\"text-align: justify;\" data-sourcepos=\"7:1-7:120\">Ga gi\u01b0\u1eddng kh\u00e1ch s\u1ea1n Ch\u0103n Ra Thanh Th\u1ee7y kh\u00f4ng ch\u1ec9 ch\u00fa tr\u1ecdng v\u1ec1 ch\u1ea5t li\u1ec7u m\u00e0 c\u00f2n \u0111\u1ea3m b\u1ea3o c\u00e1c ti\u00eau chu\u1ea9n kh\u1eaft khe nh\u1ea5t:<\/p>\n<ul style=\"text-align: justify;\" data-sourcepos=\"9:1-14:0\">\n<li data-sourcepos=\"9:1-9:162\">V\u1ea3i m\u1ec1m v\u00e0 b\u1ec1n: S\u1ea3n ph\u1ea9m \u0111\u01b0\u1ee3c thi\u1ebft k\u1ebf chuy\u00ean bi\u1ec7t cho kh\u0103n tr\u1ea3i gi\u01b0\u1eddng kh\u00e1ch s\u1ea1n m\u00e0u tr\u1eafng, \u0111\u1ea3m b\u1ea3o \u0111\u1ed9 b\u1ec1n v\u01b0\u1ee3t tr\u1ed9i v\u00e0 c\u1ea3m gi\u00e1c m\u1ec1m m\u1ea1i chuy\u00ean nghi\u1ec7p.<\/li>\n<li data-sourcepos=\"10:1-10:184\">Ti\u00eau chu\u1ea9n ch\u1ea5t l\u01b0\u1ee3ng v\u01b0\u1ee3t tr\u1ed9i: M\u1eadt \u0111\u1ed9, tr\u1ecdng l\u01b0\u1ee3ng v\u00e0 s\u1ee3i v\u1ea3i \u0111\u1ec1u \u0111\u1ea1t 100% ti\u00eau chu\u1ea9n c\u1ee7a kh\u00e1ch h\u00e0ng, \u0111\u1ea3m b\u1ea3o s\u1ef1 \u0111\u1ed3ng nh\u1ea5t v\u00e0 ch\u1ea5t l\u01b0\u1ee3ng cao c\u1ea5p cho m\u1ecdi b\u1ed9 ch\u0103n ga g\u1ed1i \u0111\u1ec7m.<\/li>\n<li data-sourcepos=\"11:1-11:153\">An to\u00e0n v\u00e0 th\u00e2n thi\u1ec7n m\u00f4i tr\u01b0\u1eddng: V\u1eadt li\u1ec7u t\u1ea9y v\u00e0 nhu\u1ed9m \u0111\u1ec1u \u0111\u01b0\u1ee3c ki\u1ec3m \u0111\u1ecbnh kh\u00f4ng ch\u1ee9a AZO, an to\u00e0n tuy\u1ec7t \u0111\u1ed1i cho s\u1ee9c kh\u1ecfe ng\u01b0\u1eddi d\u00f9ng v\u00e0 m\u00f4i tr\u01b0\u1eddng.<\/li>\n<li data-sourcepos=\"12:1-12:172\">H\u1ea1n ch\u1ebf co r\u00fat t\u1ed1i \u0111a: V\u1edbi \u0111\u1ed9 co r\u00fat trong v\u00f2ng 3% sau 3 l\u1ea7n gi\u1eb7t \u1edf 40 \u0111\u1ed9 v\u00e0 s\u1ea5y kh\u00f4, ga gi\u01b0\u1eddng c\u1ee7a Ch\u0103n Ra Thanh Th\u1ee7y gi\u1eef \u0111\u01b0\u1ee3c form d\u00e1ng v\u00e0 k\u00edch th\u01b0\u1edbc chu\u1ea9n x\u00e1c.<\/li>\n<li data-sourcepos=\"13:1-14:0\">Ki\u1ec3m so\u00e1t ch\u1ea5t l\u01b0\u1ee3ng to\u00e0n di\u1ec7n: Ch\u00fang t\u00f4i s\u1edf h\u1eefu x\u01b0\u1edfng k\u00e9o s\u1ee3i v\u00e0 d\u1ec7t v\u1ea3i ri\u00eang, \u0111\u1ea3m b\u1ea3o ki\u1ec3m so\u00e1t ch\u1ea5t l\u01b0\u1ee3ng t\u1eeb kh\u00e2u \u0111\u1ea7u ti\u00ean c\u1ee7a s\u1ee3i b\u00f4ng cho \u0111\u1ebfn th\u00e0nh ph\u1ea9m, t\u1eeb \u0111\u00f3 t\u1ed1i \u01b0u ch\u1ea5t l\u01b0\u1ee3ng v\u00e0 th\u1eddi gian giao h\u00e0ng.<\/li>\n<\/ul>\n<p style=\"text-align: justify;\" data-sourcepos=\"15:1-15:158\">L\u1ef1a ch\u1ecdn ch\u0103n ga g\u1ed1i \u0111\u1ec7m v\u00e0 \u0111\u1eb7c bi\u1ec7t l\u00e0 ga th\u1eb3ng gi\u01b0\u1eddng c\u1ee7a Ch\u0103n Ra Thanh Th\u1ee7y l\u00e0 quy\u1ebft \u0111\u1ecbnh s\u00e1ng su\u1ed1t \u0111\u1ec3 n\u00e2ng t\u1ea7m tr\u1ea3i nghi\u1ec7m cho kh\u00e1ch h\u00e0ng c\u1ee7a b\u1ea1n.<\/p>\n","protected":false},"excerpt":{"rendered":"<p><span style=\"color: #ff0000;\"><strong>GI\u00c1 \u01afU \u0110\u00c3I T\u1edaI 50% KHI \u0110\u1eb6T MAY THEO Y\u00caU C\u1ea6U<\/strong><\/span><\/p>\n","protected":false},"featured_media":82466,"comment_status":"open","ping_status":"closed","template":"","meta":{"_acf_changed":false,"inline_featured_image":false},"product_cat":[2073,2647],"product_tag":[],"class_list":{"0":"post-69183","1":"product","2":"type-product","3":"status-publish","4":"has-post-thumbnail","6":"product_cat-khach-san-homestay-nha-nghi","7":"product_cat-trang-tron","9":"first","10":"instock","11":"purchasable","12":"product-type-variable","13":"rtwpvg-product"},"acf":[],"_links":{"self":[{"href":"https:\/\/chanrathanhthuy.com\/en\/wp-json\/wp\/v2\/product\/69183","targetHints":{"allow":["GET"]}}],"collection":[{"href":"https:\/\/chanrathanhthuy.com\/en\/wp-json\/wp\/v2\/product"}],"about":[{"href":"https:\/\/chanrathanhthuy.com\/en\/wp-json\/wp\/v2\/types\/product"}],"replies":[{"embeddable":true,"href":"https:\/\/chanrathanhthuy.com\/en\/wp-json\/wp\/v2\/comments?post=69183"}],"wp:featuredmedia":[{"embeddable":true,"href":"https:\/\/chanrathanhthuy.com\/en\/wp-json\/wp\/v2\/media\/82466"}],"wp:attachment":[{"href":"https:\/\/chanrathanhthuy.com\/en\/wp-json\/wp\/v2\/media?parent=69183"}],"wp:term":[{"taxonomy":"product_cat","embeddable":true,"href":"https:\/\/chanrathanhthuy.com\/en\/wp-json\/wp\/v2\/product_cat?post=69183"},{"taxonomy":"product_tag","embeddable":true,"href":"https:\/\/chanrathanhthuy.com\/en\/wp-json\/wp\/v2\/product_tag?post=69183"}],"curies":[{"name":"wp","href":"https:\/\/api.w.org\/{rel}","templated":true}]}}