{"id":72290,"date":"2025-04-22T07:43:57","date_gmt":"2025-04-22T07:43:57","guid":{"rendered":"https:\/\/chanrathanhthuy.com\/?post_type=product&#038;p=72290"},"modified":"2025-11-05T09:09:38","modified_gmt":"2025-11-05T09:09:38","slug":"chan-chan-bong-100-cotton-sateen-guni-mau-thoang-mat-tron-don-gian","status":"publish","type":"product","link":"https:\/\/chanrathanhthuy.com\/en\/product\/chan-chan-bong-100-cotton-sateen-guni-mau-thoang-mat-tron-don-gian\/","title":{"rendered":"Ch\u0103n Ch\u1ea7n B\u00f4ng &#8211; 100% Cotton Sateen Guni M\u00e0u &#8211; tho\u00e1ng m\u00e1t &#8211; Tr\u01a1n, \u0110\u01a1n gi\u1ea3n"},"content":{"rendered":"<p>Ch\u0103n Ch\u1ea7n B\u00f4ng Size 1m8x2m &#8211; 100% Cotton Guni M\u00e0u Tr\u01a1n, \u0110\u01a1n gi\u1ea3n &#8211; THANH THUY<\/p>\n<p>T<strong>H\u00d4NG S\u1ed0 K\u0128 THU\u1eacT<\/strong><\/p>\n<ul>\n<li>T\u00ean s\u1ea3n ph\u1ea9m: Ch\u0103n ch\u1ea7n b\u00f4ng Cotton Th\u00eau Ch\u00e2n, Cotton M\u00e0u Tr\u01a1n<\/li>\n<li>Ch\u1ea5t li\u1ec7u: 100% Cotton<\/li>\n<li>K\u00edch th\u01b0\u1edbc: 180&#215;200<\/li>\n<\/ul>\n<p>Cotton Th\u00eau Ch\u00e2n \u0111\u01b0\u1ee3c s\u1ea3n xu\u1ea5t t\u1eeb lo\u1ea1i v\u1ea3i cotton truy\u1ec1n th\u1ed1ng v\u00e0 d\u1ec7t h\u1ecda ti\u1ebft hoa l\u00ean b\u1ec1 m\u1eb7t v\u1ea3i. \u0110\u01b0\u1eddng n\u00e9t th\u00eau tinh t\u1ebf, t\u1ec9 m\u1ec9 v\u00e0 mang t\u00ednh th\u1ea9m m\u1ef9 cao t\u1ea1o \u0111i\u1ec3m nh\u1ea5n cho b\u1ed9 drap gi\u01b0\u1eddng, v\u00e0 mang \u0111\u1ebfn v\u1ebb \u0111\u1eb9p sang tr\u1ecdng v\u00e0 thanh l\u1ecbch cho nhi\u1ec1u kh\u00f4ng gian ph\u00f2ng ng\u1ee7 hi\u1ec7n \u0111\u1ea1i v\u00e0 \u0111\u01a1n gi\u1ea3n.<\/p>\n<p>Cotton M\u00e0u Tr\u01a1n \u0111\u01b0\u1ee3c l\u00e0m ho\u00e0n to\u00e0n t\u1eeb v\u1ea3i cotton c\u00f3 t\u00ednh n\u0103ng th\u1ea5m h\u00fat m\u1ed3 h\u00f4i t\u1ed1t, tho\u00e1ng m\u00e1t v\u00e0 m\u1ec1m m\u1ecbn, d\u1ec5 ch\u1ecbu khi s\u1eed d\u1ee5ng. Ch\u1ea5t li\u1ec7u d\u1ec5 gi\u1eb7t, nhanh kh\u00f4, c\u00f3 \u0111\u1ed9 b\u1ec1n cao, ti\u1ec7n d\u1ee5ng cho ng\u01b0\u1eddi d\u00f9ng. B\u00ean c\u1ea1nh \u0111\u00f3, b\u1ed9 ch\u0103n ga g\u1ed1i Cotton Guni c\u1ee7a Thanh Th\u1ee7y kh\u00f4ng nh\u1eefng c\u00f3 \u0111\u1ed9 b\u1ec1n cao m\u00e0 m\u1eabu m\u00e3 l\u1ea1i c\u00f2n r\u1ea5t \u0111a d\u1ea1ng.<\/p>\n<p><strong>\u01afU \u0110I\u1ec2M V\u01af\u1ee2T TR\u1ed8I B\u1ed8 CH\u0102N GA COTTON<\/strong><\/p>\n<ul>\n<li>Tho\u1ea3i m\u00e1i: Ch\u1ea5t li\u1ec7u Cotton mang \u0111\u1ebfn c\u1ea3m gi\u00e1c m\u1ec1m m\u1ea1i, tho\u00e1ng m\u00e1t, gi\u00fap b\u1ea1n c\u00f3 gi\u1ea5c ng\u1ee7 s\u00e2u v\u00e0 ngon h\u01a1n.<\/li>\n<li>B\u1ec1n \u0111\u1eb9p: M\u00e0u s\u1eafc b\u1ec1n m\u00e0u, kh\u00f4ng phai, d\u1ec5 d\u00e0ng gi\u1eb7t \u1ee7i v\u00e0 b\u1ea3o qu\u1ea3n.<\/li>\n<li>\u0110a n\u0103ng: Ph\u00f9 h\u1ee3p v\u1edbi m\u1ecdi m\u00f9a v\u00e0 m\u1ecdi lo\u1ea1i th\u1eddi ti\u1ebft.<\/li>\n<li>Gi\u00e1 c\u1ea3 h\u1ee3p l\u00fd: S\u1ea3n ph\u1ea9m ch\u1ea5t l\u01b0\u1ee3ng cao v\u1edbi gi\u00e1 c\u1ea3 c\u1ea1nh tranh.<\/li>\n<\/ul>\n<p>\u0110\u00f4i khi b\u1ea1n c\u1ea3m th\u1ea5y nh\u00e0m ch\u00e1n v\u1edbi nh\u1eefng b\u1ed9 ch\u0103n ga g\u1ed1i nhi\u1ec1u m\u00e0u s\u1eafc, hay h\u1ecda ti\u1ebft v\u00e0 mu\u1ed1n t\u00ecm \u0111\u1ebfn m\u1ed9t b\u1ed9 ch\u0103n ga g\u1ed1i th\u1eadt \u0111\u01a1n gi\u1ea3n. Th\u00ec ch\u1eafc h\u1eb3n r\u1eb1ng b\u1ed9 drap g\u1ed1i cotton th\u00eau s\u1ebd l\u00e0 l\u1ef1a ch\u1ecdn ph\u00f9 h\u1ee3p d\u00e0nh cho b\u1ea1n. S\u1ef1 ti\u1ebft ch\u1ebf h\u1ecda ti\u1ebft v\u1eabn kh\u00f4ng l\u00e0m gi\u1ea3m s\u1ef1 tinh t\u1ebf c\u1ee7a c\u00e1c b\u1ed9 cotton th\u00eau. S\u1ea3n ph\u1ea9m \u0111\u01b0\u1ee3c thi\u1ebft k\u1ebf theo phong c\u00e1ch hi\u1ec7n \u0111\u1ea1i, n\u0103ng \u0111\u1ed9ng v\u00e0 m\u1edbi m\u1ebb.<\/p>\n<p>&nbsp;<\/p>\n<p><strong>H\u01af\u1edaNG D\u1eaaN S\u1eec D\u1ee4NG V\u00c0 B\u1ea2O QU\u1ea2N CH\u0102N RA G\u1ed0I COTTON<\/strong><\/p>\n<ul>\n<li>Kh\u00f4ng gi\u1eb7t chung s\u1ea3n ph\u1ea9m v\u1edbi c\u00e1c lo\u1ea1i v\u1ea3i kh\u00e1c, \u0111\u1eb7c bi\u1ec7t l\u00e0 c\u00e1c lo\u1ea1i v\u1ea3i b\u1ec1 m\u1eb7t c\u1ee9ng, c\u00f3 d\u00e2y k\u00e9o d\u1ea1ng l\u1edbn ho\u1eb7c c\u00f3 th\u00e0nh ph\u1ea7n polyester, c\u00f3 th\u1ec3 l\u00e0m h\u1ecfng b\u1ec1 m\u1eb7t v\u1ea3i v\u00e0 l\u00e0m s\u1ea3n ph\u1ea9m b\u1ecb x\u00f9 l\u00f4ng.<\/li>\n<li>Kh\u00f4ng s\u1eed d\u1ee5ng thu\u1ed1c t\u1ea9y ho\u1eb7c c\u00e1c lo\u1ea1i n\u01b0\u1edbc gi\u1eb7t c\u00f3 ch\u1ee9a th\u00e0nh ph\u1ea7n thu\u1ed1c t\u1ea9y.<\/li>\n<li>Kh\u00f4ng s\u1ea5y s\u1ea3n ph\u1ea9m \u1edf m\u1ee9c nhi\u1ec7t \u0111\u1ed9 qu\u00e1 cao ho\u1eb7c ph\u01a1i tr\u1ef1c ti\u1ebfp d\u01b0\u1edbi \u00e1nh n\u1eafng g\u1eaft<\/li>\n<li>B\u1ea3o qu\u1ea3n s\u1ea3n ph\u1ea9m \u1edf n\u01a1i kh\u00f4 r\u00e1o, tho\u00e1ng m\u00e1t, tr\u00e1nh \u00e1nh s\u00e1ng tr\u1ef1c ti\u1ebfp c\u1ee7a m\u1eb7t tr\u1eddi.<\/li>\n<\/ul>\n<p>&nbsp;<\/p>\n<p>\ud83d\udca4 L\u01afU \u00dd:<\/p>\n<p>H\u00ecnh \u1ea3nh th\u1eadt do THANHTHUY ch\u1ee5p, s\u1ebd c\u00f3 s\u1ef1 ch\u00eanh l\u1ec7ch 3%-5% v\u1ec1 m\u00e0u s\u1eafc, \u00e1nh s\u00e1ng c\u0169ng nh\u01b0 c\u00e1c y\u00eau t\u1ed1 kh\u00e1c<\/p>\n<p>&nbsp;<\/p>\n","protected":false},"excerpt":{"rendered":"<p>Ch\u0103n Ch\u1ea7n B\u00f4ng Size 1m8x2m &#8211; 100% Cotton Guni M\u00e0u Tr\u01a1n, \u0110\u01a1n gi\u1ea3n &#8211; THANH THUY<\/p>\n<p><strong>TH\u00d4NG S\u1ed0 K\u0128 THU\u1eacT<\/strong><\/p>\n<ul>\n<li>T\u00ean s\u1ea3n ph\u1ea9m: Ch\u0103n ch\u1ea7n b\u00f4ng Cotton Th\u00eau Ch\u00e2n, Cotton M\u00e0u Tr\u01a1n<\/li>\n<li>Ch\u1ea5t li\u1ec7u: 100% Cotton<\/li>\n<li>K\u00edch th\u01b0\u1edbc: 180&#215;200<\/li>\n<\/ul>\n","protected":false},"featured_media":88812,"comment_status":"open","ping_status":"closed","template":"","meta":{"_acf_changed":false,"inline_featured_image":false},"product_cat":[2069,1960,2493,1932],"product_tag":[],"class_list":{"0":"post-72290","1":"product","2":"type-product","3":"status-publish","4":"has-post-thumbnail","6":"product_cat-cotton-guni-hoa-tiet","7":"product_cat-chan-ga-gia-dinh","8":"product_cat-tat-ca-2","9":"product_cat-chan-ga-goi-cotton","10":"pa_mau-sac-bien-tron-1","11":"pa_mau-sac-xam-tron-5","13":"first","14":"instock","15":"taxable","16":"shipping-taxable","17":"purchasable","18":"product-type-variable","19":"rtwpvg-product"},"acf":[],"_links":{"self":[{"href":"https:\/\/chanrathanhthuy.com\/en\/wp-json\/wp\/v2\/product\/72290","targetHints":{"allow":["GET"]}}],"collection":[{"href":"https:\/\/chanrathanhthuy.com\/en\/wp-json\/wp\/v2\/product"}],"about":[{"href":"https:\/\/chanrathanhthuy.com\/en\/wp-json\/wp\/v2\/types\/product"}],"replies":[{"embeddable":true,"href":"https:\/\/chanrathanhthuy.com\/en\/wp-json\/wp\/v2\/comments?post=72290"}],"wp:featuredmedia":[{"embeddable":true,"href":"https:\/\/chanrathanhthuy.com\/en\/wp-json\/wp\/v2\/media\/88812"}],"wp:attachment":[{"href":"https:\/\/chanrathanhthuy.com\/en\/wp-json\/wp\/v2\/media?parent=72290"}],"wp:term":[{"taxonomy":"product_cat","embeddable":true,"href":"https:\/\/chanrathanhthuy.com\/en\/wp-json\/wp\/v2\/product_cat?post=72290"},{"taxonomy":"product_tag","embeddable":true,"href":"https:\/\/chanrathanhthuy.com\/en\/wp-json\/wp\/v2\/product_tag?post=72290"}],"curies":[{"name":"wp","href":"https:\/\/api.w.org\/{rel}","templated":true}]}}