{"id":72407,"date":"2025-04-24T02:37:24","date_gmt":"2025-04-24T02:37:24","guid":{"rendered":"https:\/\/chanrathanhthuy.com\/?post_type=product&#038;p=72407"},"modified":"2026-04-14T09:48:56","modified_gmt":"2026-04-14T09:48:56","slug":"khan-an-nha-hang-tiec-cuoi","status":"publish","type":"product","link":"https:\/\/chanrathanhthuy.com\/en\/product\/khan-an-nha-hang-tiec-cuoi\/","title":{"rendered":"Kh\u0103n \u0102n Nh\u00e0 H\u00e0ng"},"content":{"rendered":"<h1 style=\"text-align: justify;\" data-sourcepos=\"5:1-5:96\">N\u00e2ng T\u1ea7m \u0110\u1eb3ng C\u1ea5p V\u1edbi Kh\u0103n \u0102n Cao C\u1ea5p D\u00e0nh Cho Nh\u00e0 H\u00e0ng &amp; Ti\u1ec7c C\u01b0\u1edbi T\u1eeb Ch\u0103n Ra Thanh Th\u1ee7y<\/h1>\n<p style=\"text-align: justify;\" data-sourcepos=\"7:1-7:549\">Trong ng\u00e0nh d\u1ecbch v\u1ee5 nh\u00e0 h\u00e0ng v\u00e0 t\u1ed5 ch\u1ee9c ti\u1ec7c c\u01b0\u1edbi, kh\u0103n \u0103n kh\u00f4ng ch\u1ec9 \u0111\u01a1n thu\u1ea7n l\u00e0 v\u1eadt d\u1ee5ng v\u1ec7 sinh m\u00e0 c\u00f2n l\u00e0 m\u1ed9t y\u1ebfu t\u1ed1 quan tr\u1ecdng g\u00f3p ph\u1ea7n t\u1ea1o n\u00ean v\u1ebb \u0111\u1eb9p th\u1ea9m m\u1ef9, s\u1ef1 sang tr\u1ecdng v\u00e0 chuy\u00ean nghi\u1ec7p cho kh\u00f4ng gian. M\u1ed9t chi\u1ebfc kh\u0103n \u0103n \u0111\u01b0\u1ee3c l\u1ef1a ch\u1ecdn k\u1ef9 l\u01b0\u1ee1ng s\u1ebd th\u1ec3 hi\u1ec7n s\u1ef1 tinh t\u1ebf c\u1ee7a ch\u1ee7 nh\u00e0 h\u00e0ng hay ban t\u1ed5 ch\u1ee9c, \u0111\u1ed3ng th\u1eddi mang l\u1ea1i tr\u1ea3i nghi\u1ec7m t\u1ed1t nh\u1ea5t cho kh\u00e1ch h\u00e0ng. T\u1ea1i Ch\u0103n Ra Thanh Th\u1ee7y, ch\u00fang t\u00f4i t\u1ef1 h\u00e0o cung c\u1ea5p \u0111a d\u1ea1ng c\u00e1c lo\u1ea1i kh\u0103n \u0103n ch\u1ea5t l\u01b0\u1ee3ng cao, \u0111\u00e1p \u1ee9ng m\u1ecdi y\u00eau c\u1ea7u kh\u1eaft khe c\u1ee7a nh\u00e0 h\u00e0ng, kh\u00e1ch s\u1ea1n v\u00e0 \u0111\u01a1n v\u1ecb t\u1ed5 ch\u1ee9c ti\u1ec7c c\u01b0\u1edbi.<\/p>\n<p data-sourcepos=\"7:1-7:549\"><a href=\"https:\/\/chanrathanhthuy.com\/wp-content\/uploads\/2025\/04\/khan-an-cua-nha-hang-tiec-cuoi-2.png\"><img loading=\"lazy\" decoding=\"async\" class=\"aligncenter size-full wp-image-81972\" src=\"https:\/\/chanrathanhthuy.com\/wp-content\/uploads\/2025\/04\/khan-an-cua-nha-hang-tiec-cuoi-2.png\" alt=\"\" width=\"1200\" height=\"800\" title=\"\" srcset=\"https:\/\/chanrathanhthuy.com\/wp-content\/uploads\/2025\/04\/khan-an-cua-nha-hang-tiec-cuoi-2.png 1200w, https:\/\/chanrathanhthuy.com\/wp-content\/uploads\/2025\/04\/khan-an-cua-nha-hang-tiec-cuoi-2-300x200.png 300w, https:\/\/chanrathanhthuy.com\/wp-content\/uploads\/2025\/04\/khan-an-cua-nha-hang-tiec-cuoi-2-1024x683.png 1024w, https:\/\/chanrathanhthuy.com\/wp-content\/uploads\/2025\/04\/khan-an-cua-nha-hang-tiec-cuoi-2-150x100.png 150w, https:\/\/chanrathanhthuy.com\/wp-content\/uploads\/2025\/04\/khan-an-cua-nha-hang-tiec-cuoi-2-768x512.png 768w, https:\/\/chanrathanhthuy.com\/wp-content\/uploads\/2025\/04\/khan-an-cua-nha-hang-tiec-cuoi-2-600x400.png 600w\" sizes=\"auto, (max-width: 1200px) 100vw, 1200px\" \/><\/a><\/p>\n<h2 style=\"text-align: justify;\" data-sourcepos=\"9:1-9:68\">T\u1ea1i Sao Kh\u0103n \u0102n L\u1ea1i Quan Tr\u1ecdng \u0110\u1ed1i V\u1edbi Nh\u00e0 H\u00e0ng &amp; Ti\u1ec7c C\u01b0\u1edbi?<\/h2>\n<ul style=\"text-align: justify;\" data-sourcepos=\"11:1-15:0\">\n<li data-sourcepos=\"11:1-11:245\">T\u1ea1o \u1ea5n t\u01b0\u1ee3ng ban \u0111\u1ea7u: Kh\u0103n \u0103n l\u00e0 m\u1ed9t trong nh\u1eefng \u0111i\u1ec3m ch\u1ea1m \u0111\u1ea7u ti\u00ean khi kh\u00e1ch h\u00e0ng b\u01b0\u1edbc v\u00e0o kh\u00f4ng gian \u0103n u\u1ed1ng. M\u1ed9t chi\u1ebfc kh\u0103n s\u1ea1ch s\u1ebd, \u0111\u01b0\u1ee3c g\u1ea5p g\u1ecdn g\u00e0ng v\u00e0 c\u00f3 ch\u1ea5t li\u1ec7u \u0111\u1eb9p m\u1eaft s\u1ebd ngay l\u1eadp t\u1ee9c t\u1ea1o thi\u1ec7n c\u1ea3m v\u00e0 n\u00e2ng cao gi\u00e1 tr\u1ecb c\u1ee7a b\u1eefa \u0103n.<\/li>\n<li data-sourcepos=\"12:1-12:149\">N\u00e2ng cao t\u00ednh th\u1ea9m m\u1ef9: Kh\u0103n \u0103n gi\u00fap ho\u00e0n thi\u1ec7n b\u1ed1 c\u1ee5c b\u00e0n ti\u1ec7c, b\u1ed5 sung m\u00e0u s\u1eafc v\u00e0 k\u1ebft c\u1ea5u, t\u1ea1o n\u00ean m\u1ed9t kh\u00f4ng gian \u0103n u\u1ed1ng h\u00e0i h\u00f2a v\u00e0 \u0111\u1eb3ng c\u1ea5p.<\/li>\n<li data-sourcepos=\"13:1-13:198\">Th\u1ec3 hi\u1ec7n s\u1ef1 chuy\u00ean nghi\u1ec7p: Vi\u1ec7c \u0111\u1ea7u t\u01b0 v\u00e0o kh\u0103n \u0103n ch\u1ea5t l\u01b0\u1ee3ng cao cho th\u1ea5y s\u1ef1 quan t\u00e2m \u0111\u1ebfn t\u1eebng chi ti\u1ebft nh\u1ecf c\u1ee7a doanh nghi\u1ec7p, t\u1eeb \u0111\u00f3 kh\u1eb3ng \u0111\u1ecbnh t\u00ednh chuy\u00ean nghi\u1ec7p v\u00e0 s\u1ef1 t\u1eadn t\u00e2m v\u1edbi kh\u00e1ch h\u00e0ng.<\/li>\n<li data-sourcepos=\"14:1-15:0\">B\u1ea3o v\u1ec7 b\u00e0n \u0103n: Kh\u0103n \u0103n c\u00f2n c\u00f3 t\u00e1c d\u1ee5ng gi\u1eef v\u1ec7 sinh, ng\u0103n ng\u1eeba th\u1ee9c \u0103n v\u00e0 v\u1ebft b\u1ea9n d\u00ednh tr\u1ef1c ti\u1ebfp l\u00ean b\u00e0n, gi\u00fap vi\u1ec7c d\u1ecdn d\u1eb9p sau ti\u1ec7c tr\u1edf n\u00ean d\u1ec5 d\u00e0ng h\u01a1n.<\/li>\n<\/ul>\n<p><a href=\"https:\/\/chanrathanhthuy.com\/wp-content\/uploads\/2025\/04\/khan-an-cua-nha-hang-tiec-cuoi-3.png\"><img loading=\"lazy\" decoding=\"async\" class=\"aligncenter size-full wp-image-81975\" src=\"https:\/\/chanrathanhthuy.com\/wp-content\/uploads\/2025\/04\/khan-an-cua-nha-hang-tiec-cuoi-3.png\" alt=\"\" width=\"1200\" height=\"800\" title=\"\" srcset=\"https:\/\/chanrathanhthuy.com\/wp-content\/uploads\/2025\/04\/khan-an-cua-nha-hang-tiec-cuoi-3.png 1200w, https:\/\/chanrathanhthuy.com\/wp-content\/uploads\/2025\/04\/khan-an-cua-nha-hang-tiec-cuoi-3-300x200.png 300w, https:\/\/chanrathanhthuy.com\/wp-content\/uploads\/2025\/04\/khan-an-cua-nha-hang-tiec-cuoi-3-1024x683.png 1024w, https:\/\/chanrathanhthuy.com\/wp-content\/uploads\/2025\/04\/khan-an-cua-nha-hang-tiec-cuoi-3-150x100.png 150w, https:\/\/chanrathanhthuy.com\/wp-content\/uploads\/2025\/04\/khan-an-cua-nha-hang-tiec-cuoi-3-768x512.png 768w, https:\/\/chanrathanhthuy.com\/wp-content\/uploads\/2025\/04\/khan-an-cua-nha-hang-tiec-cuoi-3-600x400.png 600w\" sizes=\"auto, (max-width: 1200px) 100vw, 1200px\" \/><\/a><\/p>\n<h2 style=\"text-align: justify;\" data-sourcepos=\"18:1-18:68\">Kh\u0103n \u0102n Ch\u0103n Ra Thanh Th\u1ee7y: S\u1ef1 L\u1ef1a Ch\u1ecdn Ho\u00e0n H\u1ea3o Cho M\u1ecdi S\u1ef1 Ki\u1ec7n<\/h2>\n<p style=\"text-align: justify;\" data-sourcepos=\"20:1-20:261\">Ch\u0103n Ra Thanh Th\u1ee7y hi\u1ec3u r\u1eb1ng m\u1ed7i nh\u00e0 h\u00e0ng v\u00e0 m\u1ed7i s\u1ef1 ki\u1ec7n ti\u1ec7c c\u01b0\u1edbi \u0111\u1ec1u c\u00f3 nh\u1eefng phong c\u00e1ch v\u00e0 y\u00eau c\u1ea7u ri\u00eang bi\u1ec7t. V\u00ec v\u1eady, ch\u00fang t\u00f4i t\u1eadp trung v\u00e0o vi\u1ec7c cung c\u1ea5p c\u00e1c s\u1ea3n ph\u1ea9m kh\u0103n \u0103n v\u1edbi \u0111a d\u1ea1ng ch\u1ea5t li\u1ec7u, m\u00e0u s\u1eafc v\u00e0 k\u00edch th\u01b0\u1edbc \u0111\u1ec3 ph\u00f9 h\u1ee3p v\u1edbi m\u1ecdi nhu c\u1ea7u:<\/p>\n<h3 style=\"text-align: justify;\" data-sourcepos=\"22:1-22:55\">1. Kh\u0103n \u0102n 100% Polyester \u2013 B\u1ec1n \u0110\u1eb9p &amp; Ti\u1ec7n L\u1ee3i<\/h3>\n<p style=\"text-align: justify;\" data-sourcepos=\"24:1-24:125\">Kh\u0103n \u0103n 100% polyester l\u00e0 s\u1ef1 l\u1ef1a ch\u1ecdn l\u00fd t\u01b0\u1edfng cho c\u00e1c nh\u00e0 h\u00e0ng v\u00e0 ti\u1ec7c c\u01b0\u1edbi b\u1eadn r\u1ed9n nh\u1edd nh\u1eefng \u01b0u \u0111i\u1ec3m v\u01b0\u1ee3t tr\u1ed9i:<\/p>\n<ul style=\"text-align: justify;\" data-sourcepos=\"26:1-30:0\">\n<li data-sourcepos=\"26:1-26:127\">Ch\u1ed1ng nh\u0103n hi\u1ec7u qu\u1ea3: D\u1ec5 d\u00e0ng gi\u1eef \u0111\u01b0\u1ee3c form d\u00e1ng ban \u0111\u1ea7u, kh\u00f4ng c\u1ea7n \u1ee7i l\u00e0 qu\u00e1 nhi\u1ec1u, gi\u00fap ti\u1ebft ki\u1ec7m th\u1eddi gian v\u00e0 c\u00f4ng s\u1ee9c.<\/li>\n<li data-sourcepos=\"27:1-27:176\">Ch\u1ed1ng b\u00e1m b\u1ea9n &amp; d\u1ec5 gi\u1eb7t s\u1ea1ch: Ch\u1ea5t li\u1ec7u polyester \u00edt th\u1ea5m h\u00fat, gi\u00fap v\u1ebft b\u1ea9n kh\u00f3 b\u00e1m s\u00e2u, d\u1ec5 d\u00e0ng lo\u1ea1i b\u1ecf trong qu\u00e1 tr\u00ecnh gi\u1eb7t, \u0111\u1ea3m b\u1ea3o kh\u0103n lu\u00f4n tr\u1eafng s\u1ea1ch tinh t\u01b0\u01a1m.<\/li>\n<li data-sourcepos=\"28:1-28:153\">\u0110\u1ed9 b\u1ec1n cao: Ch\u1ecbu \u0111\u01b0\u1ee3c t\u1ea7n su\u1ea5t gi\u1eb7t \u1ee7i th\u01b0\u1eddng xuy\u00ean m\u00e0 kh\u00f4ng b\u1ecb phai m\u00e0u hay s\u1eddn r\u00e1ch, \u0111\u1ea3m b\u1ea3o tu\u1ed5i th\u1ecd s\u1eed d\u1ee5ng l\u00e2u d\u00e0i, t\u1ed1i \u01b0u h\u00f3a chi ph\u00ed \u0111\u1ea7u t\u01b0.<\/li>\n<li data-sourcepos=\"29:1-30:0\">M\u00e0u s\u1eafc \u0111a d\u1ea1ng: Polyester d\u1ec5 nhu\u1ed9m m\u00e0u, cho ph\u00e9p Ch\u0103n Ra Thanh Th\u1ee7y cung c\u1ea5p nhi\u1ec1u l\u1ef1a ch\u1ecdn m\u00e0u s\u1eafc phong ph\u00fa, ph\u00f9 h\u1ee3p v\u1edbi m\u1ecdi ch\u1ee7 \u0111\u1ec1 trang tr\u00ed ti\u1ec7c c\u01b0\u1edbi ho\u1eb7c phong c\u00e1ch nh\u00e0 h\u00e0ng.<\/li>\n<\/ul>\n<h3 style=\"text-align: justify;\" data-sourcepos=\"31:1-31:43\">2. Ch\u1ea5t Li\u1ec7u Kh\u00e1c &amp; M\u1eabu M\u00e3 \u0110a D\u1ea1ng<\/h3>\n<p style=\"text-align: justify;\" data-sourcepos=\"33:1-33:329\">B\u00ean c\u1ea1nh polyester, Ch\u0103n Ra Thanh Th\u1ee7y c\u00f2n cung c\u1ea5p c\u00e1c lo\u1ea1i kh\u0103n \u0103n t\u1eeb nhi\u1ec1u ch\u1ea5t li\u1ec7u cao c\u1ea5p kh\u00e1c nh\u01b0 cotton, linen pha\u2026 mang \u0111\u1ebfn c\u1ea3m gi\u00e1c m\u1ec1m m\u1ea1i, sang tr\u1ecdng t\u00f9y theo s\u1edf th\u00edch v\u00e0 ng\u00e2n s\u00e1ch c\u1ee7a b\u1ea1n. Ch\u00fang t\u00f4i lu\u00f4n c\u1eadp nh\u1eadt nh\u1eefng xu h\u01b0\u1edbng m\u1edbi nh\u1ea5t v\u1ec1 m\u00e0u s\u1eafc v\u00e0 hoa v\u0103n \u0111\u1ec3 gi\u00fap b\u1ea1n d\u1ec5 d\u00e0ng t\u00ecm \u0111\u01b0\u1ee3c s\u1ea3n ph\u1ea9m \u01b0ng \u00fd nh\u1ea5t.<\/p>\n<p data-sourcepos=\"33:1-33:329\"><a href=\"https:\/\/chanrathanhthuy.com\/wp-content\/uploads\/2025\/04\/khan-an-cua-nha-hang-tiec-cuoi-1.png\"><img loading=\"lazy\" decoding=\"async\" class=\"aligncenter size-full wp-image-81978\" src=\"https:\/\/chanrathanhthuy.com\/wp-content\/uploads\/2025\/04\/khan-an-cua-nha-hang-tiec-cuoi-1.png\" alt=\"\" width=\"1200\" height=\"800\" title=\"\" srcset=\"https:\/\/chanrathanhthuy.com\/wp-content\/uploads\/2025\/04\/khan-an-cua-nha-hang-tiec-cuoi-1.png 1200w, https:\/\/chanrathanhthuy.com\/wp-content\/uploads\/2025\/04\/khan-an-cua-nha-hang-tiec-cuoi-1-300x200.png 300w, https:\/\/chanrathanhthuy.com\/wp-content\/uploads\/2025\/04\/khan-an-cua-nha-hang-tiec-cuoi-1-1024x683.png 1024w, https:\/\/chanrathanhthuy.com\/wp-content\/uploads\/2025\/04\/khan-an-cua-nha-hang-tiec-cuoi-1-150x100.png 150w, https:\/\/chanrathanhthuy.com\/wp-content\/uploads\/2025\/04\/khan-an-cua-nha-hang-tiec-cuoi-1-768x512.png 768w, https:\/\/chanrathanhthuy.com\/wp-content\/uploads\/2025\/04\/khan-an-cua-nha-hang-tiec-cuoi-1-600x400.png 600w\" sizes=\"auto, (max-width: 1200px) 100vw, 1200px\" \/><\/a><\/p>\n<h2 style=\"text-align: justify;\" data-sourcepos=\"37:1-37:52\">T\u1ea1i Sao N\u00ean Ch\u1ecdn Kh\u0103n \u0102n C\u1ee7a Ch\u0103n Ra Thanh Th\u1ee7y?<\/h2>\n<ul data-sourcepos=\"39:1-43:0\">\n<li style=\"text-align: justify;\" data-sourcepos=\"39:1-39:197\">Ch\u1ea5t l\u01b0\u1ee3ng v\u01b0\u1ee3t tr\u1ed9i: Ch\u00fang t\u00f4i cam k\u1ebft s\u1eed d\u1ee5ng nguy\u00ean li\u1ec7u cao c\u1ea5p v\u00e0 quy tr\u00ecnh s\u1ea3n xu\u1ea5t hi\u1ec7n \u0111\u1ea1i \u0111\u1ec3 t\u1ea1o ra nh\u1eefng s\u1ea3n ph\u1ea9m kh\u0103n \u0103n b\u1ec1n \u0111\u1eb9p, \u0111\u00e1p \u1ee9ng ti\u00eau chu\u1ea9n kh\u1eaft khe c\u1ee7a ng\u00e0nh d\u1ecbch v\u1ee5.<\/li>\n<li style=\"text-align: justify;\" data-sourcepos=\"40:1-40:133\">Gi\u00e1 c\u1ea3 c\u1ea1nh tranh: Ch\u0103n Ra Thanh Th\u1ee7y cung c\u1ea5p s\u1ea3n ph\u1ea9m v\u1edbi m\u1ee9c gi\u00e1 h\u1ee3p l\u00fd, mang l\u1ea1i gi\u00e1 tr\u1ecb t\u1ed1t nh\u1ea5t cho c\u00e1c doanh nghi\u1ec7p.<\/li>\n<li style=\"text-align: justify;\" data-sourcepos=\"41:1-41:177\">T\u01b0 v\u1ea5n chuy\u00ean nghi\u1ec7p: \u0110\u1ed9i ng\u0169 nh\u00e2n vi\u00ean gi\u00e0u kinh nghi\u1ec7m c\u1ee7a ch\u00fang t\u00f4i lu\u00f4n s\u1eb5n s\u00e0ng t\u01b0 v\u1ea5n, gi\u00fap b\u1ea1n l\u1ef1a ch\u1ecdn \u0111\u01b0\u1ee3c lo\u1ea1i kh\u0103n \u0103n ph\u00f9 h\u1ee3p nh\u1ea5t v\u1edbi nhu c\u1ea7u v\u00e0 ng\u00e2n s\u00e1ch.<\/li>\n<li style=\"text-align: justify;\" data-sourcepos=\"42:1-43:0\">Giao h\u00e0ng nhanh ch\u00f3ng: Ch\u00fang t\u00f4i \u0111\u1ea3m b\u1ea3o giao h\u00e0ng \u0111\u00fang h\u1eb9n, gi\u00fap b\u1ea1n chu\u1ea9n b\u1ecb t\u1ed1t nh\u1ea5t cho c\u00e1c s\u1ef1 ki\u1ec7n quan tr\u1ecdng.<\/li>\n<\/ul>\n","protected":false},"excerpt":{"rendered":"<p>N\u00e2ng T\u1ea7m \u0110\u1eb3ng C\u1ea5p V\u1edbi Kh\u0103n \u0102n Cao C\u1ea5p D\u00e0nh Cho Nh\u00e0 H\u00e0ng &amp; Ti\u1ec7c C\u01b0\u1edbi T\u1eeb Ch\u0103n Ra Thanh Th\u1ee7y Trong ng\u00e0nh d\u1ecbch v\u1ee5 nh\u00e0 h\u00e0ng v\u00e0 t\u1ed5 ch\u1ee9c ti\u1ec7c c\u01b0\u1edbi, kh\u0103n \u0103n kh\u00f4ng ch\u1ec9 \u0111\u01a1n thu\u1ea7n l\u00e0 v\u1eadt d\u1ee5ng v\u1ec7 sinh m\u00e0 c\u00f2n l\u00e0 m\u1ed9t y\u1ebfu t\u1ed1 quan tr\u1ecdng g\u00f3p ph\u1ea7n t\u1ea1o n\u00ean &#8230; <a title=\"Kh\u0103n \u0102n Nh\u00e0 H\u00e0ng\" class=\"read-more\" href=\"https:\/\/chanrathanhthuy.com\/en\/product\/khan-an-nha-hang-tiec-cuoi\/\" aria-label=\"More on Kh\u0103n \u0102n Nh\u00e0 H\u00e0ng\">Read more<\/a><\/p>\n","protected":false},"featured_media":75579,"comment_status":"open","ping_status":"closed","template":"","meta":{"_acf_changed":false,"inline_featured_image":false},"product_cat":[2077],"product_tag":[],"class_list":{"0":"post-72407","1":"product","2":"type-product","3":"status-publish","4":"has-post-thumbnail","6":"product_cat-nha-hang","8":"first","9":"instock","10":"taxable","11":"shipping-taxable","12":"purchasable","13":"product-type-variable","14":"rtwpvg-product"},"acf":[],"_links":{"self":[{"href":"https:\/\/chanrathanhthuy.com\/en\/wp-json\/wp\/v2\/product\/72407","targetHints":{"allow":["GET"]}}],"collection":[{"href":"https:\/\/chanrathanhthuy.com\/en\/wp-json\/wp\/v2\/product"}],"about":[{"href":"https:\/\/chanrathanhthuy.com\/en\/wp-json\/wp\/v2\/types\/product"}],"replies":[{"embeddable":true,"href":"https:\/\/chanrathanhthuy.com\/en\/wp-json\/wp\/v2\/comments?post=72407"}],"wp:featuredmedia":[{"embeddable":true,"href":"https:\/\/chanrathanhthuy.com\/en\/wp-json\/wp\/v2\/media\/75579"}],"wp:attachment":[{"href":"https:\/\/chanrathanhthuy.com\/en\/wp-json\/wp\/v2\/media?parent=72407"}],"wp:term":[{"taxonomy":"product_cat","embeddable":true,"href":"https:\/\/chanrathanhthuy.com\/en\/wp-json\/wp\/v2\/product_cat?post=72407"},{"taxonomy":"product_tag","embeddable":true,"href":"https:\/\/chanrathanhthuy.com\/en\/wp-json\/wp\/v2\/product_tag?post=72407"}],"curies":[{"name":"wp","href":"https:\/\/api.w.org\/{rel}","templated":true}]}}