{"id":72440,"date":"2025-04-24T03:36:15","date_gmt":"2025-04-24T03:36:15","guid":{"rendered":"https:\/\/chanrathanhthuy.com\/?post_type=product&#038;p=72440"},"modified":"2026-04-15T06:38:53","modified_gmt":"2026-04-15T06:38:53","slug":"ga-boc-trang-tron-chong-nhan-spa-tham-my-vien-quan-massage","status":"publish","type":"product","link":"https:\/\/chanrathanhthuy.com\/en\/product\/ga-boc-trang-tron-chong-nhan-spa-tham-my-vien-quan-massage\/","title":{"rendered":"Ga B\u1ecdc Tr\u1eafng Tr\u01a1n Ch\u1ed1ng Nh\u0103n Spa, Th\u1ea9m M\u1ef9 Vi\u1ec7n, Qu\u00e1n Massage"},"content":{"rendered":"<h1 style=\"text-align: justify;\" data-sourcepos=\"5:1-5:91\">Ga B\u1ecdc Tr\u1eafng Tr\u01a1n Ch\u1ed1ng Nh\u0103n Chuy\u00ean D\u1ee5ng Cho Spa, Th\u1ea9m M\u1ef9 Vi\u1ec7n, Qu\u00e1n Massage \u2013 Thanh Th\u1ee7y<\/h1>\n<p style=\"text-align: justify;\" data-sourcepos=\"7:1-7:293\">B\u1ea1n \u0111ang t\u00ecm ki\u1ebfm gi\u1ea3i ph\u00e1p ch\u0103n ga cao c\u1ea5p, b\u1ec1n \u0111\u1eb9p v\u00e0 chuy\u00ean nghi\u1ec7p cho kh\u00f4ng gian Spa, Th\u1ea9m M\u1ef9 Vi\u1ec7n hay Qu\u00e1n Massage c\u1ee7a m\u00ecnh? Ch\u0103n Ra Thanh Th\u1ee7y t\u1ef1 h\u00e0o gi\u1edbi thi\u1ec7u d\u00f2ng s\u1ea3n ph\u1ea9m Ga B\u1ecdc Tr\u1eafng Tr\u01a1n Ch\u1ed1ng Nh\u0103n \u2013 l\u1ef1a ch\u1ecdn ho\u00e0n h\u1ea3o \u0111\u1ec3 n\u00e2ng t\u1ea7m \u0111\u1eb3ng c\u1ea5p v\u00e0 s\u1ef1 h\u00e0i l\u00f2ng cho kh\u00e1ch h\u00e0ng c\u1ee7a b\u1ea1n.<\/p>\n<p data-sourcepos=\"7:1-7:293\"><a href=\"https:\/\/chanrathanhthuy.com\/wp-content\/uploads\/2024\/07\/do-vai-chan-ga-goi-spa-tham-my-vien-massage-1-e1721441108879.png\"><img loading=\"lazy\" decoding=\"async\" class=\"aligncenter size-full wp-image-63182\" src=\"https:\/\/chanrathanhthuy.com\/wp-content\/uploads\/2024\/07\/do-vai-chan-ga-goi-spa-tham-my-vien-massage-1-e1721441108879.png\" alt=\"\u0111\u1ed3 v\u1ea3i ch\u0103n ga g\u1ed1i spa, th\u1ea9m m\u1ef9 vi\u00ean, massage\" width=\"1350\" height=\"938\" title=\"\" srcset=\"https:\/\/chanrathanhthuy.com\/wp-content\/uploads\/2024\/07\/do-vai-chan-ga-goi-spa-tham-my-vien-massage-1-e1721441108879.png 1350w, https:\/\/chanrathanhthuy.com\/wp-content\/uploads\/2024\/07\/do-vai-chan-ga-goi-spa-tham-my-vien-massage-1-e1721441108879-600x417.png 600w, https:\/\/chanrathanhthuy.com\/wp-content\/uploads\/2024\/07\/do-vai-chan-ga-goi-spa-tham-my-vien-massage-1-e1721441108879-300x208.png 300w, https:\/\/chanrathanhthuy.com\/wp-content\/uploads\/2024\/07\/do-vai-chan-ga-goi-spa-tham-my-vien-massage-1-e1721441108879-1024x711.png 1024w, https:\/\/chanrathanhthuy.com\/wp-content\/uploads\/2024\/07\/do-vai-chan-ga-goi-spa-tham-my-vien-massage-1-e1721441108879-150x104.png 150w, https:\/\/chanrathanhthuy.com\/wp-content\/uploads\/2024\/07\/do-vai-chan-ga-goi-spa-tham-my-vien-massage-1-e1721441108879-768x534.png 768w\" sizes=\"auto, (max-width: 1350px) 100vw, 1350px\" \/><\/a><\/p>\n<h2 style=\"text-align: justify;\" data-sourcepos=\"9:1-9:99\">T\u1ea1i Sao Ga B\u1ecdc Tr\u1eafng Tr\u01a1n Ch\u1ed1ng Nh\u0103n C\u1ee7a Thanh Th\u1ee7y L\u00e0 L\u1ef1a Ch\u1ecdn T\u1ed1i \u01afu Cho Doanh Nghi\u1ec7p C\u1ee7a B\u1ea1n?<\/h2>\n<p style=\"text-align: justify;\" data-sourcepos=\"11:1-11:322\">Trong ng\u00e0nh d\u1ecbch v\u1ee5 th\u01b0 gi\u00e3n v\u00e0 l\u00e0m \u0111\u1eb9p, m\u1ed7i chi ti\u1ebft nh\u1ecf \u0111\u1ec1u g\u00f3p ph\u1ea7n t\u1ea1o n\u00ean tr\u1ea3i nghi\u1ec7m ho\u00e0n h\u1ea3o cho kh\u00e1ch h\u00e0ng. Ga b\u1ecdc gi\u01b0\u1eddng kh\u00f4ng ch\u1ec9 c\u1ea7n s\u1ea1ch s\u1ebd m\u00e0 c\u00f2n ph\u1ea3i th\u1ec3 hi\u1ec7n s\u1ef1 chuy\u00ean nghi\u1ec7p v\u00e0 tho\u1ea3i m\u00e1i. Ga B\u1ecdc Tr\u1eafng Tr\u01a1n Ch\u1ed1ng Nh\u0103n c\u1ee7a Ch\u0103n Ra Thanh Th\u1ee7y \u0111\u01b0\u1ee3c thi\u1ebft k\u1ebf \u0111\u1eb7c bi\u1ec7t \u0111\u1ec3 \u0111\u00e1p \u1ee9ng nh\u1eefng y\u00eau c\u1ea7u kh\u1eaft khe nh\u1ea5t:<\/p>\n<ul style=\"text-align: justify;\" data-sourcepos=\"13:1-16:0\">\n<li data-sourcepos=\"13:1-13:247\">V\u1ebb \u0110\u1eb9p Tinh T\u1ebf &amp; Chuy\u00ean Nghi\u1ec7p: M\u00e0u tr\u1eafng tr\u01a1n mang l\u1ea1i c\u1ea3m gi\u00e1c s\u1ea1ch s\u1ebd, sang tr\u1ecdng v\u00e0 th\u01b0 th\u00e1i, ph\u00f9 h\u1ee3p v\u1edbi m\u1ecdi kh\u00f4ng gian Spa, Th\u1ea9m M\u1ef9 Vi\u1ec7n, Qu\u00e1n Massage. S\u1eafc tr\u1eafng tinh kh\u00f4i c\u00f2n gi\u00fap d\u1ec5 d\u00e0ng nh\u1eadn di\u1ec7n v\u1ebft b\u1ea9n, \u0111\u1ea3m b\u1ea3o v\u1ec7 sinh t\u1ed1i \u0111a.<\/li>\n<li data-sourcepos=\"14:1-14:309\">Ch\u1ea5t Li\u1ec7u Cao C\u1ea5p &amp; Kh\u00e1ng Nh\u0103n V\u01b0\u1ee3t Tr\u1ed9i: S\u1ea3n ph\u1ea9m \u0111\u01b0\u1ee3c s\u1ea3n xu\u1ea5t t\u1eeb ch\u1ea5t li\u1ec7u ch\u1ecdn l\u1ecdc, c\u00f3 kh\u1ea3 n\u0103ng ch\u1ed1ng nh\u0103n hi\u1ec7u qu\u1ea3. \u0110i\u1ec1u n\u00e0y gi\u00fap ga lu\u00f4n ph\u1eb3ng phiu, \u0111\u1eb9p m\u1eaft m\u00e0 kh\u00f4ng t\u1ed1n nhi\u1ec1u th\u1eddi gian v\u00e0 c\u00f4ng s\u1ee9c l\u00e0 \u1ee7i, duy tr\u00ec s\u1ef1 g\u1ecdn g\u00e0ng v\u00e0 chuy\u00ean nghi\u1ec7p cho c\u01a1 s\u1edf c\u1ee7a b\u1ea1n ngay c\u1ea3 trong nh\u1eefng gi\u1edd cao \u0111i\u1ec3m.<\/li>\n<li data-sourcepos=\"15:1-16:0\">\u0110\u1ed9 B\u1ec1n V\u01b0\u1ee3t Th\u1eddi Gian: Ga b\u1ecdc c\u1ee7a Ch\u0103n Ra Thanh Th\u1ee7y \u0111\u01b0\u1ee3c thi\u1ebft k\u1ebf \u0111\u1ec3 ch\u1ecbu \u0111\u01b0\u1ee3c t\u1ea7n su\u1ea5t gi\u1eb7t gi\u0169 cao, kh\u00f4 nhanh v\u00e0 b\u1ec1n m\u00e0u. \u0110i\u1ec1u n\u00e0y gi\u00fap gi\u1ea3m chi ph\u00ed thay th\u1ebf v\u00e0 duy tr\u00ec ch\u1ea5t l\u01b0\u1ee3ng s\u1ea3n ph\u1ea9m trong th\u1eddi gian d\u00e0i, mang l\u1ea1i hi\u1ec7u qu\u1ea3 kinh t\u1ebf cao cho doanh nghi\u1ec7p.<\/li>\n<\/ul>\n<p><a href=\"https:\/\/chanrathanhthuy.com\/wp-content\/uploads\/2024\/07\/Nhung-san-pham-chan-ga-goi-Spa-Tham-My-Vien-Quan-Massage-scaled.jpg\"><img loading=\"lazy\" decoding=\"async\" class=\"aligncenter size-full wp-image-63357\" src=\"https:\/\/chanrathanhthuy.com\/wp-content\/uploads\/2024\/07\/Nhung-san-pham-chan-ga-goi-Spa-Tham-My-Vien-Quan-Massage-scaled.jpg\" alt=\"Nh\u1eefng s\u1ea3n ph\u1ea9m ch\u0103n ga g\u1ed1i Spa, Th\u1ea9m M\u1ef9 Vi\u1ec7n, Qu\u00e1n Massage\" width=\"1244\" height=\"2560\" title=\"\" srcset=\"https:\/\/chanrathanhthuy.com\/wp-content\/uploads\/2024\/07\/Nhung-san-pham-chan-ga-goi-Spa-Tham-My-Vien-Quan-Massage-scaled.jpg 1244w, https:\/\/chanrathanhthuy.com\/wp-content\/uploads\/2024\/07\/Nhung-san-pham-chan-ga-goi-Spa-Tham-My-Vien-Quan-Massage-scaled-600x1235.jpg 600w, https:\/\/chanrathanhthuy.com\/wp-content\/uploads\/2024\/07\/Nhung-san-pham-chan-ga-goi-Spa-Tham-My-Vien-Quan-Massage-146x300.jpg 146w, https:\/\/chanrathanhthuy.com\/wp-content\/uploads\/2024\/07\/Nhung-san-pham-chan-ga-goi-Spa-Tham-My-Vien-Quan-Massage-498x1024.jpg 498w, https:\/\/chanrathanhthuy.com\/wp-content\/uploads\/2024\/07\/Nhung-san-pham-chan-ga-goi-Spa-Tham-My-Vien-Quan-Massage-73x150.jpg 73w, https:\/\/chanrathanhthuy.com\/wp-content\/uploads\/2024\/07\/Nhung-san-pham-chan-ga-goi-Spa-Tham-My-Vien-Quan-Massage-768x1581.jpg 768w, https:\/\/chanrathanhthuy.com\/wp-content\/uploads\/2024\/07\/Nhung-san-pham-chan-ga-goi-Spa-Tham-My-Vien-Quan-Massage-746x1536.jpg 746w, https:\/\/chanrathanhthuy.com\/wp-content\/uploads\/2024\/07\/Nhung-san-pham-chan-ga-goi-Spa-Tham-My-Vien-Quan-Massage-995x2048.jpg 995w\" sizes=\"auto, (max-width: 1244px) 100vw, 1244px\" \/><\/a><\/p>\n<h3 style=\"text-align: justify;\" data-sourcepos=\"17:1-17:62\">L\u1ee3i \u00cdch V\u01b0\u1ee3t Tr\u1ed9i Khi S\u1eed D\u1ee5ng Ga B\u1ecdc Ch\u1ed1ng Nh\u0103n Thanh Th\u1ee7y<\/h3>\n<ul style=\"text-align: justify;\" data-sourcepos=\"19:1-23:0\">\n<li data-sourcepos=\"19:1-19:177\">N\u00e2ng Cao Tr\u1ea3i Nghi\u1ec7m Kh\u00e1ch H\u00e0ng: B\u1ec1 m\u1eb7t m\u1ec1m m\u1ea1i, m\u1ecbn m\u00e0ng v\u00e0 lu\u00f4n ph\u1eb3ng phiu t\u1ea1o c\u1ea3m gi\u00e1c d\u1ec5 ch\u1ecbu, tho\u1ea3i m\u00e1i tuy\u1ec7t \u0111\u1ed1i cho kh\u00e1ch h\u00e0ng trong su\u1ed1t qu\u00e1 tr\u00ecnh s\u1eed d\u1ee5ng d\u1ecbch v\u1ee5.<\/li>\n<li data-sourcepos=\"20:1-20:205\">Ti\u1ebft Ki\u1ec7m Chi Ph\u00ed &amp; Th\u1eddi Gian V\u1eadn H\u00e0nh: Kh\u1ea3 n\u0103ng ch\u1ed1ng nh\u0103n gi\u00fap gi\u1ea3m thi\u1ec3u c\u00f4ng \u0111o\u1ea1n l\u00e0 \u1ee7i, ti\u1ebft ki\u1ec7m \u0111i\u1ec7n n\u0103ng v\u00e0 nh\u00e2n c\u00f4ng. \u0110\u1ed9 b\u1ec1n cao k\u00e9o d\u00e0i tu\u1ed5i th\u1ecd s\u1ea3n ph\u1ea9m, t\u1ed1i \u01b0u chi ph\u00ed \u0111\u1ea7u t\u01b0 ban \u0111\u1ea7u.<\/li>\n<li data-sourcepos=\"21:1-21:161\">D\u1ec5 D\u00e0ng V\u1ec7 Sinh &amp; B\u1ea3o Qu\u1ea3n: Ch\u1ea5t li\u1ec7u cao c\u1ea5p gi\u00fap ga d\u1ec5 d\u00e0ng gi\u1eb7t s\u1ea1ch m\u1ecdi v\u1ebft b\u1ea9n, \u0111\u1ea3m b\u1ea3o ti\u00eau chu\u1ea9n v\u1ec7 sinh kh\u1eaft khe nh\u1ea5t trong m\u00f4i tr\u01b0\u1eddng d\u1ecbch v\u1ee5.<\/li>\n<li data-sourcepos=\"22:1-23:0\">Th\u01b0\u01a1ng Hi\u1ec7u Uy T\u00edn H\u00e0ng \u0110\u1ea7u: V\u1edbi kinh nghi\u1ec7m v\u00e0 uy t\u00edn l\u00e2u n\u0103m trong ng\u00e0nh ch\u0103n ga g\u1ed1i n\u1ec7m, Ch\u0103n Ra Thanh Th\u1ee7y cam k\u1ebft mang \u0111\u1ebfn s\u1ea3n ph\u1ea9m ch\u1ea5t l\u01b0\u1ee3ng, \u0111\u00e1ng tin c\u1eady.<\/li>\n<\/ul>\n<p style=\"text-align: justify;\" data-sourcepos=\"24:1-24:190\">Li\u00ean h\u1ec7 ngay v\u1edbi Ch\u0103n Ra Thanh Th\u1ee7y \u0111\u1ec3 \u0111\u01b0\u1ee3c t\u01b0 v\u1ea5n v\u00e0 nh\u1eadn b\u00e1o gi\u00e1 chi ti\u1ebft v\u1ec1 Ga B\u1ecdc Tr\u1eafng Tr\u01a1n Ch\u1ed1ng Nh\u0103n, g\u00f3p ph\u1ea7n t\u1ea1o n\u00ean s\u1ef1 kh\u00e1c bi\u1ec7t cho Spa, Th\u1ea9m M\u1ef9 Vi\u1ec7n hay Qu\u00e1n Massage c\u1ee7a b\u1ea1n<\/p>\n","protected":false},"excerpt":{"rendered":"<div class=\"wrap-product-attributes\">\n<form class=\"variations_form cart wvs-loaded\" action=\"https:\/\/chanrathanhthuy.com\/chan-ga-khach-san\/khach-san-homestay-nha-nghi\/1-1-ao-goi-trang-tron-khach-san-dat-may-theo-yeu-cau\/\" enctype=\"multipart\/form-data\" method=\"post\" data-product_id=\"79859\" data-product_variations=\"false\">\n<div data-product_id=\"79859\" data-threshold_min=\"30\" data-threshold_max=\"100\" data-total=\"45\">\n<div class=\"single_variation_wrap\">\n<div class=\"woocommerce-product-details__short-description\">\n<p><span style=\"color: #ff0000;\"><strong>GI\u00c1 \u01afU \u0110\u00c3I T\u1edaI 50% KHI \u0110\u1eb6T MAY THEO Y\u00caU C\u1ea6U<\/strong><\/span><\/p>\n<\/div>\n<\/div>\n<\/div>\n<\/form>\n<\/div>\n","protected":false},"featured_media":75165,"comment_status":"open","ping_status":"closed","template":"","meta":{"_acf_changed":false,"inline_featured_image":false},"product_cat":[2076],"product_tag":[],"class_list":{"0":"post-72440","1":"product","2":"type-product","3":"status-publish","4":"has-post-thumbnail","6":"product_cat-spa","8":"first","9":"instock","10":"purchasable","11":"product-type-variable","12":"rtwpvg-product"},"acf":[],"_links":{"self":[{"href":"https:\/\/chanrathanhthuy.com\/en\/wp-json\/wp\/v2\/product\/72440","targetHints":{"allow":["GET"]}}],"collection":[{"href":"https:\/\/chanrathanhthuy.com\/en\/wp-json\/wp\/v2\/product"}],"about":[{"href":"https:\/\/chanrathanhthuy.com\/en\/wp-json\/wp\/v2\/types\/product"}],"replies":[{"embeddable":true,"href":"https:\/\/chanrathanhthuy.com\/en\/wp-json\/wp\/v2\/comments?post=72440"}],"wp:featuredmedia":[{"embeddable":true,"href":"https:\/\/chanrathanhthuy.com\/en\/wp-json\/wp\/v2\/media\/75165"}],"wp:attachment":[{"href":"https:\/\/chanrathanhthuy.com\/en\/wp-json\/wp\/v2\/media?parent=72440"}],"wp:term":[{"taxonomy":"product_cat","embeddable":true,"href":"https:\/\/chanrathanhthuy.com\/en\/wp-json\/wp\/v2\/product_cat?post=72440"},{"taxonomy":"product_tag","embeddable":true,"href":"https:\/\/chanrathanhthuy.com\/en\/wp-json\/wp\/v2\/product_tag?post=72440"}],"curies":[{"name":"wp","href":"https:\/\/api.w.org\/{rel}","templated":true}]}}