{"id":72456,"date":"2025-04-24T03:38:37","date_gmt":"2025-04-24T03:38:37","guid":{"rendered":"https:\/\/chanrathanhthuy.com\/?post_type=product&#038;p=72456"},"modified":"2026-04-14T08:53:07","modified_gmt":"2026-04-14T08:53:07","slug":"ao-men-trang-tron-chong-nhan-spa-tham-my-vien-quan-massage","status":"publish","type":"product","link":"https:\/\/chanrathanhthuy.com\/en\/product\/ao-men-trang-tron-chong-nhan-spa-tham-my-vien-quan-massage\/","title":{"rendered":"\u00c1o M\u1ec1n Tr\u1eafng Tr\u01a1n Ch\u1ed1ng Nh\u0103n Spa, Th\u1ea9m M\u1ef9 Vi\u1ec7n, Qu\u00e1n Massage"},"content":{"rendered":"<h1 style=\"text-align: justify;\" data-sourcepos=\"1:1-1:85\">\u00c1o M\u1ec1n Tr\u1eafng Tr\u01a1n Ch\u1ed1ng Nh\u0103n \u2013 V\u1ebb \u0110\u1eb9p Tinh Kh\u00f4i Cho Spa, Th\u1ea9m M\u1ef9 Vi\u1ec7n, Qu\u00e1n Massage<\/h1>\n<h2 style=\"text-align: justify;\" data-sourcepos=\"3:1-3:85\">\u00c1o M\u1ec1n Tr\u1eafng Tr\u01a1n Ch\u1ed1ng Nh\u0103n \u2013 N\u00e2ng T\u1ea7m Chuy\u00ean Nghi\u1ec7p C\u00f9ng Ch\u0103n Ra Thanh Th\u1ee7y<\/h2>\n<p style=\"text-align: justify;\" data-sourcepos=\"5:1-5:337\">Trong ng\u00e0nh d\u1ecbch v\u1ee5 Spa, Th\u1ea9m M\u1ef9 Vi\u1ec7n v\u00e0 Qu\u00e1n Massage, kh\u00f4ng gian s\u1ea1ch s\u1ebd, tinh t\u1ebf v\u00e0 tho\u1ea3i m\u00e1i l\u00e0 y\u1ebfu t\u1ed1 then ch\u1ed1t \u0111\u1ec3 t\u1ea1o \u1ea5n t\u01b0\u1ee3ng s\u00e2u s\u1eafc v\u00e0 x\u00e2y d\u1ef1ng l\u00f2ng tin v\u1edbi kh\u00e1ch h\u00e0ng. \u00c1o M\u1ec1n Tr\u1eafng Tr\u01a1n Ch\u1ed1ng Nh\u0103n c\u1ee7a Ch\u0103n Ra Thanh Th\u1ee7y l\u00e0 l\u1ef1a ch\u1ecdn ho\u00e0n h\u1ea3o, mang \u0111\u1ebfn s\u1ef1 thanh l\u1ecbch, ti\u1ec7n nghi v\u00e0 chu\u1ea9n m\u1ef1c cao c\u1ea5p cho m\u1ecdi ph\u00f2ng tr\u1ecb li\u1ec7u.<\/p>\n<p data-sourcepos=\"5:1-5:337\"><a href=\"https:\/\/chanrathanhthuy.com\/wp-content\/uploads\/2024\/07\/do-vai-chan-ga-goi-spa-tham-my-vien-massage.png\"><img loading=\"lazy\" decoding=\"async\" class=\"aligncenter size-full wp-image-63170\" src=\"https:\/\/chanrathanhthuy.com\/wp-content\/uploads\/2024\/07\/do-vai-chan-ga-goi-spa-tham-my-vien-massage.png\" alt=\"\u0111\u1ed3 v\u1ea3i ch\u0103n ga g\u1ed1i spa, th\u1ea9m m\u1ef9 vi\u00ean, massage\" width=\"1200\" height=\"850\" title=\"\" srcset=\"https:\/\/chanrathanhthuy.com\/wp-content\/uploads\/2024\/07\/do-vai-chan-ga-goi-spa-tham-my-vien-massage.png 1200w, https:\/\/chanrathanhthuy.com\/wp-content\/uploads\/2024\/07\/do-vai-chan-ga-goi-spa-tham-my-vien-massage-600x425.png 600w, https:\/\/chanrathanhthuy.com\/wp-content\/uploads\/2024\/07\/do-vai-chan-ga-goi-spa-tham-my-vien-massage-300x213.png 300w, https:\/\/chanrathanhthuy.com\/wp-content\/uploads\/2024\/07\/do-vai-chan-ga-goi-spa-tham-my-vien-massage-1024x725.png 1024w, https:\/\/chanrathanhthuy.com\/wp-content\/uploads\/2024\/07\/do-vai-chan-ga-goi-spa-tham-my-vien-massage-150x106.png 150w, https:\/\/chanrathanhthuy.com\/wp-content\/uploads\/2024\/07\/do-vai-chan-ga-goi-spa-tham-my-vien-massage-768x544.png 768w\" sizes=\"auto, (max-width: 1200px) 100vw, 1200px\" \/><\/a><\/p>\n<h3 style=\"text-align: justify;\" data-sourcepos=\"7:1-7:56\">\u01afu \u0110i\u1ec3m N\u1ed5i B\u1eadt C\u1ee7a \u00c1o M\u1ec1n Tr\u1eafng Tr\u01a1n Ch\u1ed1ng Nh\u0103n<\/h3>\n<p style=\"text-align: justify;\" data-sourcepos=\"9:1-9:166\">S\u1ea3n ph\u1ea9m \u00e1o m\u1ec1n c\u1ee7a Ch\u0103n Ra Thanh Th\u1ee7y \u0111\u01b0\u1ee3c thi\u1ebft k\u1ebf \u0111\u1eb7c bi\u1ec7t \u0111\u1ec3 \u0111\u00e1p \u1ee9ng m\u1ecdi y\u00eau c\u1ea7u kh\u1eaft khe v\u1ec1 th\u1ea9m m\u1ef9 v\u00e0 c\u00f4ng n\u0103ng s\u1eed d\u1ee5ng trong m\u00f4i tr\u01b0\u1eddng kinh doanh cao c\u1ea5p:<\/p>\n<ul style=\"text-align: justify;\" data-sourcepos=\"11:1-15:0\">\n<li data-sourcepos=\"11:1-11:262\">V\u1ebb \u0111\u1eb9p t\u1ed1i gi\u1ea3n, thu\u1ea7n khi\u1ebft: M\u00e0u tr\u1eafng tr\u01a1n kh\u00f4ng h\u1ecda ti\u1ebft mang \u0111\u1ebfn s\u1ef1 sang tr\u1ecdng, tinh kh\u00f4i v\u00e0 c\u1ea3m gi\u00e1c r\u1ed9ng r\u00e3i cho kh\u00f4ng gian. \u0110\u00e2y l\u00e0 bi\u1ec3u t\u01b0\u1ee3ng c\u1ee7a s\u1ef1 s\u1ea1ch s\u1ebd tuy\u1ec7t \u0111\u1ed1i v\u00e0 d\u1ec5 d\u00e0ng ph\u1ed1i h\u1ee3p v\u1edbi m\u1ecdi phong c\u00e1ch thi\u1ebft k\u1ebf n\u1ed9i th\u1ea5t, t\u1eeb c\u1ed5 \u0111i\u1ec3n \u0111\u1ebfn hi\u1ec7n \u0111\u1ea1i.<\/li>\n<li data-sourcepos=\"12:1-12:330\">Ch\u1ea5t li\u1ec7u cao c\u1ea5p &amp; Ch\u1ed1ng nh\u0103n v\u01b0\u1ee3t tr\u1ed9i: \u0110\u01b0\u1ee3c s\u1ea3n xu\u1ea5t t\u1eeb ch\u1ea5t li\u1ec7u v\u1ea3i ch\u1ecdn l\u1ecdc, \u00e1o m\u1ec1n kh\u00f4ng ch\u1ec9 m\u1ec1m m\u1ea1i, tho\u00e1ng kh\u00ed m\u00e0 c\u00f2n s\u1edf h\u1eefu kh\u1ea3 n\u0103ng ch\u1ed1ng nh\u0103n hi\u1ec7u qu\u1ea3. \u0110i\u1ec1u n\u00e0y gi\u00fap s\u1ea3n ph\u1ea9m lu\u00f4n gi\u1eef \u0111\u01b0\u1ee3c v\u1ebb ph\u1eb3ng phiu, t\u01b0\u01a1m t\u1ea5t, g\u1ecdn g\u00e0ng, ngay c\u1ea3 sau nhi\u1ec1u l\u1ea7n s\u1eed d\u1ee5ng v\u00e0 gi\u1eb7t \u1ee7i, t\u1ed1i \u01b0u h\u00f3a th\u1eddi gian v\u00e0 c\u00f4ng s\u1ee9c b\u1ea3o qu\u1ea3n.<\/li>\n<li data-sourcepos=\"13:1-13:292\">\u0110\u1ed9 b\u1ec1n \u1ea5n t\u01b0\u1ee3ng v\u00e0 d\u1ec5 d\u00e0ng v\u1ec7 sinh: S\u1ee3i v\u1ea3i ch\u1eafc ch\u1eafn, b\u1ec1n m\u00e0u, c\u00f3 kh\u1ea3 n\u0103ng ch\u1ecbu \u0111\u01b0\u1ee3c c\u01b0\u1eddng \u0111\u1ed9 gi\u1eb7t \u1ee7i c\u00f4ng nghi\u1ec7p cao, \u0111\u1ea3m b\u1ea3o tu\u1ed5i th\u1ecd s\u1ea3n ph\u1ea9m l\u00e2u d\u00e0i. B\u1ec1 m\u1eb7t v\u1ea3i tr\u01a1n m\u1ecbn, \u00edt b\u00e1m b\u1ea9n, gi\u00fap vi\u1ec7c v\u1ec7 sinh tr\u1edf n\u00ean nhanh ch\u00f3ng v\u00e0 hi\u1ec7u qu\u1ea3, duy tr\u00ec m\u00f4i tr\u01b0\u1eddng lu\u00f4n s\u1ea1ch s\u1ebd v\u00e0 h\u1ee3p v\u1ec7 sinh.<\/li>\n<li data-sourcepos=\"14:1-15:0\">Mang l\u1ea1i c\u1ea3m gi\u00e1c th\u01b0 th\u00e1i tuy\u1ec7t \u0111\u1ed1i: V\u1edbi ch\u1ea5t li\u1ec7u m\u1ec1m m\u1ea1i, \u00e1o m\u1ec1n t\u1ea1o c\u1ea3m gi\u00e1c \u00eam \u00e1i, nh\u1eb9 nh\u00e0ng, g\u00f3p ph\u1ea7n gi\u00fap kh\u00e1ch h\u00e0ng ho\u00e0n to\u00e0n th\u01b0 gi\u00e3n, tho\u1ea3i m\u00e1i trong su\u1ed1t qu\u00e1 tr\u00ecnh tr\u1ecb li\u1ec7u, n\u00e2ng cao ch\u1ea5t l\u01b0\u1ee3ng d\u1ecbch v\u1ee5 v\u00e0 s\u1ef1 h\u00e0i l\u00f2ng.<\/li>\n<\/ul>\n<p><a href=\"https:\/\/chanrathanhthuy.com\/wp-content\/uploads\/2024\/07\/Nhung-san-pham-chan-ga-goi-Spa-Tham-My-Vien-Quan-Massage-scaled.jpg\"><img loading=\"lazy\" decoding=\"async\" class=\"aligncenter size-full wp-image-63357\" src=\"https:\/\/chanrathanhthuy.com\/wp-content\/uploads\/2024\/07\/Nhung-san-pham-chan-ga-goi-Spa-Tham-My-Vien-Quan-Massage-scaled.jpg\" alt=\"Nh\u1eefng s\u1ea3n ph\u1ea9m ch\u0103n ga g\u1ed1i Spa, Th\u1ea9m M\u1ef9 Vi\u1ec7n, Qu\u00e1n Massage\" width=\"1244\" height=\"2560\" title=\"\" srcset=\"https:\/\/chanrathanhthuy.com\/wp-content\/uploads\/2024\/07\/Nhung-san-pham-chan-ga-goi-Spa-Tham-My-Vien-Quan-Massage-scaled.jpg 1244w, https:\/\/chanrathanhthuy.com\/wp-content\/uploads\/2024\/07\/Nhung-san-pham-chan-ga-goi-Spa-Tham-My-Vien-Quan-Massage-scaled-600x1235.jpg 600w, https:\/\/chanrathanhthuy.com\/wp-content\/uploads\/2024\/07\/Nhung-san-pham-chan-ga-goi-Spa-Tham-My-Vien-Quan-Massage-146x300.jpg 146w, https:\/\/chanrathanhthuy.com\/wp-content\/uploads\/2024\/07\/Nhung-san-pham-chan-ga-goi-Spa-Tham-My-Vien-Quan-Massage-498x1024.jpg 498w, https:\/\/chanrathanhthuy.com\/wp-content\/uploads\/2024\/07\/Nhung-san-pham-chan-ga-goi-Spa-Tham-My-Vien-Quan-Massage-73x150.jpg 73w, https:\/\/chanrathanhthuy.com\/wp-content\/uploads\/2024\/07\/Nhung-san-pham-chan-ga-goi-Spa-Tham-My-Vien-Quan-Massage-768x1581.jpg 768w, https:\/\/chanrathanhthuy.com\/wp-content\/uploads\/2024\/07\/Nhung-san-pham-chan-ga-goi-Spa-Tham-My-Vien-Quan-Massage-746x1536.jpg 746w, https:\/\/chanrathanhthuy.com\/wp-content\/uploads\/2024\/07\/Nhung-san-pham-chan-ga-goi-Spa-Tham-My-Vien-Quan-Massage-995x2048.jpg 995w\" sizes=\"auto, (max-width: 1244px) 100vw, 1244px\" \/><\/a><\/p>\n<h3 style=\"text-align: justify;\" data-sourcepos=\"16:1-16:93\">L\u1ef1a Ch\u1ecdn \u00c1o M\u1ec1n Tr\u1eafng Tr\u01a1n Ch\u1ed1ng Nh\u0103n C\u1ee7a Ch\u0103n Ra Thanh Th\u1ee7y \u2013 \u0110\u1ea7u T\u01b0 Cho S\u1ef1 V\u0129nh C\u1eedu<\/h3>\n<p style=\"text-align: justify;\" data-sourcepos=\"18:1-18:211\">Ch\u0103n Ra Thanh Th\u1ee7y t\u1ef1 h\u00e0o l\u00e0 nh\u00e0 cung c\u1ea5p uy t\u00edn c\u00e1c s\u1ea3n ph\u1ea9m \u0111\u1ed3 v\u1ea3i ch\u1ea5t l\u01b0\u1ee3ng cao cho ng\u00e0nh Spa, Th\u1ea9m M\u1ef9 Vi\u1ec7n v\u00e0 Qu\u00e1n Massage. Khi l\u1ef1a ch\u1ecdn \u00c1o M\u1ec1n Tr\u1eafng Tr\u01a1n Ch\u1ed1ng Nh\u0103n c\u1ee7a ch\u00fang t\u00f4i, b\u1ea1n s\u1ebd nh\u1eadn \u0111\u01b0\u1ee3c:<\/p>\n<ul style=\"text-align: justify;\" data-sourcepos=\"20:1-23:0\">\n<li data-sourcepos=\"20:1-20:175\">Ch\u1ea5t l\u01b0\u1ee3ng s\u1ea3n ph\u1ea9m \u0111\u1ec9nh cao: M\u1ed7i chi\u1ebfc \u00e1o m\u1ec1n \u0111\u1ec1u tr\u1ea3i qua quy tr\u00ecnh ki\u1ec3m \u0111\u1ecbnh ch\u1ea5t l\u01b0\u1ee3ng nghi\u00eam ng\u1eb7t, \u0111\u1ea3m b\u1ea3o \u0111\u1ed9 b\u1ec1n, t\u00ednh th\u1ea9m m\u1ef9 v\u00e0 an to\u00e0n t\u1ed1i \u01b0u cho ng\u01b0\u1eddi s\u1eed d\u1ee5ng.<\/li>\n<li data-sourcepos=\"21:1-21:214\">Gi\u1ea3i ph\u00e1p \u0111\u1ed3ng b\u1ed9 ho\u00e0n h\u1ea3o: Ch\u00fang t\u00f4i cung c\u1ea5p \u0111\u1ea7y \u0111\u1ee7 c\u00e1c s\u1ea3n ph\u1ea9m ch\u0103n ga g\u1ed1i v\u00e0 kh\u0103n \u0111\u1ed3ng b\u1ed9 m\u00e0u tr\u1eafng tr\u01a1n ho\u1eb7c c\u00f3 h\u1ecda ti\u1ebft s\u1ecdc, gi\u00fap b\u1ea1n d\u1ec5 d\u00e0ng ki\u1ebfn t\u1ea1o m\u1ed9t kh\u00f4ng gian chuy\u00ean nghi\u1ec7p, h\u00e0i h\u00f2a v\u00e0 \u0111\u1eb3ng c\u1ea5p.<\/li>\n<li data-sourcepos=\"22:1-23:0\">D\u1ecbch v\u1ee5 kh\u00e1ch h\u00e0ng t\u1eadn t\u00e2m: \u0110\u1ed9i ng\u0169 t\u01b0 v\u1ea5n gi\u00e0u kinh nghi\u1ec7m lu\u00f4n s\u1eb5n s\u00e0ng h\u1ed7 tr\u1ee3, \u0111\u01b0a ra gi\u1ea3i ph\u00e1p t\u1ed1i \u01b0u nh\u1ea5t, ph\u00f9 h\u1ee3p v\u1edbi m\u1ecdi nhu c\u1ea7u v\u00e0 ng\u00e2n s\u00e1ch c\u1ee7a c\u01a1 s\u1edf kinh doanh c\u1ee7a b\u1ea1n.<\/li>\n<\/ul>\n<p style=\"text-align: justify;\" data-sourcepos=\"24:1-24:185\">N\u00e2ng t\u1ea7m kh\u00f4ng gian v\u00e0 \u0111\u1eb3ng c\u1ea5p d\u1ecbch v\u1ee5 v\u1edbi \u00c1o M\u1ec1n Tr\u1eafng Tr\u01a1n Ch\u1ed1ng Nh\u0103n t\u1eeb Ch\u0103n Ra Thanh Th\u1ee7y. H\u00e3y li\u00ean h\u1ec7 v\u1edbi ch\u00fang t\u00f4i ngay h\u00f4m nay \u0111\u1ec3 nh\u1eadn b\u00e1o gi\u00e1 \u01b0u \u0111\u00e3i v\u00e0 t\u01b0 v\u1ea5n chi ti\u1ebft<\/p>\n","protected":false},"excerpt":{"rendered":"<div class=\"wrap-product-attributes\">\n<form class=\"variations_form cart wvs-loaded\" action=\"https:\/\/chanrathanhthuy.com\/chan-ga-khach-san\/khach-san-homestay-nha-nghi\/ao-men-trang-tron-chong-nhan-dat-may-theo-yeu-cau\/\" enctype=\"multipart\/form-data\" method=\"post\" data-product_id=\"69157\" data-product_variations=\"false\">\n<div data-product_id=\"69157\" data-threshold_min=\"30\" data-threshold_max=\"100\" data-total=\"55\">\n<div class=\"single_variation_wrap\">\n<div class=\"woocommerce-product-details__short-description\">\n<p><span style=\"color: #ff0000;\"><strong>GI\u00c1 \u01afU \u0110\u00c3I T\u1edaI 50% KHI \u0110\u1eb6T MAY THEO Y\u00caU C\u1ea6U<\/strong><\/span><\/p>\n<\/div>\n<\/div>\n<\/div>\n<\/form>\n<\/div>\n","protected":false},"featured_media":75162,"comment_status":"open","ping_status":"closed","template":"","meta":{"_acf_changed":false,"inline_featured_image":false},"product_cat":[2076],"product_tag":[],"class_list":{"0":"post-72456","1":"product","2":"type-product","3":"status-publish","4":"has-post-thumbnail","6":"product_cat-spa","8":"first","9":"instock","10":"purchasable","11":"product-type-variable","12":"rtwpvg-product"},"acf":[],"_links":{"self":[{"href":"https:\/\/chanrathanhthuy.com\/en\/wp-json\/wp\/v2\/product\/72456","targetHints":{"allow":["GET"]}}],"collection":[{"href":"https:\/\/chanrathanhthuy.com\/en\/wp-json\/wp\/v2\/product"}],"about":[{"href":"https:\/\/chanrathanhthuy.com\/en\/wp-json\/wp\/v2\/types\/product"}],"replies":[{"embeddable":true,"href":"https:\/\/chanrathanhthuy.com\/en\/wp-json\/wp\/v2\/comments?post=72456"}],"wp:featuredmedia":[{"embeddable":true,"href":"https:\/\/chanrathanhthuy.com\/en\/wp-json\/wp\/v2\/media\/75162"}],"wp:attachment":[{"href":"https:\/\/chanrathanhthuy.com\/en\/wp-json\/wp\/v2\/media?parent=72456"}],"wp:term":[{"taxonomy":"product_cat","embeddable":true,"href":"https:\/\/chanrathanhthuy.com\/en\/wp-json\/wp\/v2\/product_cat?post=72456"},{"taxonomy":"product_tag","embeddable":true,"href":"https:\/\/chanrathanhthuy.com\/en\/wp-json\/wp\/v2\/product_tag?post=72456"}],"curies":[{"name":"wp","href":"https:\/\/api.w.org\/{rel}","templated":true}]}}