{"id":72461,"date":"2025-04-24T03:38:42","date_gmt":"2025-04-24T03:38:42","guid":{"rendered":"https:\/\/chanrathanhthuy.com\/?post_type=product&#038;p=72461"},"modified":"2026-04-14T07:25:38","modified_gmt":"2026-04-14T07:25:38","slug":"ao-men-trang-soc-chong-nhan-spa-tham-my-vien-quan-massage","status":"publish","type":"product","link":"https:\/\/chanrathanhthuy.com\/en\/product\/ao-men-trang-soc-chong-nhan-spa-tham-my-vien-quan-massage\/","title":{"rendered":"\u00c1o M\u1ec1n Tr\u1eafng S\u1ecdc Ch\u1ed1ng Nh\u0103n Spa, Th\u1ea9m M\u1ef9 Vi\u1ec7n, Qu\u00e1n Massage"},"content":{"rendered":"<h1 style=\"text-align: justify;\" data-sourcepos=\"1:1-1:87\">\u00c1o M\u1ec1n Tr\u1eafng S\u1ecdc Ch\u1ed1ng Nh\u0103n \u2013 N\u00e2ng T\u1ea7m Sang Tr\u1ecdng Cho Spa, Th\u1ea9m M\u1ef9 Vi\u1ec7n, Qu\u00e1n Massage<\/h1>\n<h2 style=\"text-align: justify;\" data-sourcepos=\"3:1-3:114\">\u00c1o M\u1ec1n Tr\u1eafng S\u1ecdc Ch\u1ed1ng Nh\u0103n \u2013 Gi\u1ea3i Ph\u00e1p \u0110\u1eb3ng C\u1ea5p T\u1eeb Ch\u0103n Ra Thanh Th\u1ee7y Cho Spa, Th\u1ea9m M\u1ef9 Vi\u1ec7n, Qu\u00e1n Massage<\/h2>\n<p style=\"text-align: justify;\" data-sourcepos=\"5:1-5:330\">\u0110\u1ec3 t\u1ea1o d\u1ef1ng kh\u00f4ng gian th\u01b0 gi\u00e3n ho\u00e0n h\u1ea3o v\u00e0 n\u00e2ng cao tr\u1ea3i nghi\u1ec7m kh\u00e1ch h\u00e0ng, c\u00e1c Spa, Th\u1ea9m M\u1ef9 Vi\u1ec7n v\u00e0 Qu\u00e1n Massage lu\u00f4n ch\u00fa tr\u1ecdng \u0111\u1ebfn t\u1eebng chi ti\u1ebft nh\u1ecf nh\u1ea5t. \u00c1o M\u1ec1n Tr\u1eafng S\u1ecdc Ch\u1ed1ng Nh\u0103n c\u1ee7a Ch\u0103n Ra Thanh Th\u1ee7y l\u00e0 l\u1ef1a ch\u1ecdn t\u1ed1i \u01b0u, mang \u0111\u1ebfn v\u1ebb \u0111\u1eb9p tinh t\u1ebf, s\u1ef1 ti\u1ec7n nghi v\u01b0\u1ee3t tr\u1ed9i v\u00e0 \u0111\u1eb3ng c\u1ea5p chuy\u00ean nghi\u1ec7p cho m\u1ecdi li\u1ec7u tr\u00ecnh.<\/p>\n<p data-sourcepos=\"5:1-5:330\"><a href=\"https:\/\/chanrathanhthuy.com\/wp-content\/uploads\/2024\/07\/do-vai-chan-ga-goi-spa-tham-my-vien-massage.png\"><img loading=\"lazy\" decoding=\"async\" class=\"aligncenter size-full wp-image-63170\" src=\"https:\/\/chanrathanhthuy.com\/wp-content\/uploads\/2024\/07\/do-vai-chan-ga-goi-spa-tham-my-vien-massage.png\" alt=\"\u0111\u1ed3 v\u1ea3i ch\u0103n ga g\u1ed1i spa, th\u1ea9m m\u1ef9 vi\u00ean, massage\" width=\"1200\" height=\"850\" title=\"\" srcset=\"https:\/\/chanrathanhthuy.com\/wp-content\/uploads\/2024\/07\/do-vai-chan-ga-goi-spa-tham-my-vien-massage.png 1200w, https:\/\/chanrathanhthuy.com\/wp-content\/uploads\/2024\/07\/do-vai-chan-ga-goi-spa-tham-my-vien-massage-600x425.png 600w, https:\/\/chanrathanhthuy.com\/wp-content\/uploads\/2024\/07\/do-vai-chan-ga-goi-spa-tham-my-vien-massage-300x213.png 300w, https:\/\/chanrathanhthuy.com\/wp-content\/uploads\/2024\/07\/do-vai-chan-ga-goi-spa-tham-my-vien-massage-1024x725.png 1024w, https:\/\/chanrathanhthuy.com\/wp-content\/uploads\/2024\/07\/do-vai-chan-ga-goi-spa-tham-my-vien-massage-150x106.png 150w, https:\/\/chanrathanhthuy.com\/wp-content\/uploads\/2024\/07\/do-vai-chan-ga-goi-spa-tham-my-vien-massage-768x544.png 768w\" sizes=\"auto, (max-width: 1200px) 100vw, 1200px\" \/><\/a><\/p>\n<h3 style=\"text-align: justify;\" data-sourcepos=\"7:1-7:56\">\u0110\u1eb7c \u0110i\u1ec3m N\u1ed5i B\u1eadt C\u1ee7a \u00c1o M\u1ec1n Tr\u1eafng S\u1ecdc Ch\u1ed1ng Nh\u0103n<\/h3>\n<p style=\"text-align: justify;\" data-sourcepos=\"9:1-9:151\">S\u1ea3n ph\u1ea9m \u00e1o m\u1ec1n c\u1ee7a Ch\u0103n Ra Thanh Th\u1ee7y \u0111\u01b0\u1ee3c thi\u1ebft k\u1ebf ri\u00eang bi\u1ec7t \u0111\u1ec3 \u0111\u00e1p \u1ee9ng nh\u1eefng y\u00eau c\u1ea7u kh\u1eaft khe nh\u1ea5t trong m\u00f4i tr\u01b0\u1eddng kinh doanh d\u1ecbch v\u1ee5 cao c\u1ea5p:<\/p>\n<ul style=\"text-align: justify;\" data-sourcepos=\"11:1-15:0\">\n<li data-sourcepos=\"11:1-11:241\">V\u1ebb \u0111\u1eb9p tinh khi\u1ebft, hi\u1ec7n \u0111\u1ea1i: Gam m\u00e0u tr\u1eafng thanh l\u1ecbch k\u1ebft h\u1ee3p c\u00f9ng h\u1ecda ti\u1ebft s\u1ecdc d\u1ec7t ch\u00ecm t\u1ea1o n\u00ean s\u1ef1 sang tr\u1ecdng, s\u1ea1ch s\u1ebd v\u00e0 tho\u00e1ng \u0111\u00e3ng. \u0110\u00e2y l\u00e0 bi\u1ec3u t\u01b0\u1ee3ng c\u1ee7a s\u1ef1 v\u1ec7 sinh v\u00e0 an to\u00e0n, gi\u00fap kh\u00e1ch h\u00e0ng ho\u00e0n to\u00e0n y\u00ean t\u00e2m khi s\u1eed d\u1ee5ng d\u1ecbch v\u1ee5.<\/li>\n<li data-sourcepos=\"12:1-12:321\">Ch\u1ea5t li\u1ec7u cao c\u1ea5p &amp; Ch\u1ed1ng nh\u0103n v\u01b0\u1ee3t tr\u1ed9i: \u0110\u01b0\u1ee3c s\u1ea3n xu\u1ea5t t\u1eeb ch\u1ea5t li\u1ec7u v\u1ea3i cao c\u1ea5p, \u00e1o m\u1ec1n kh\u00f4ng ch\u1ec9 m\u1ec1m m\u1ea1i, tho\u00e1ng kh\u00ed m\u00e0 c\u00f2n c\u00f3 kh\u1ea3 n\u0103ng ch\u1ed1ng nh\u0103n hi\u1ec7u qu\u1ea3. \u0110i\u1ec1u n\u00e0y \u0111\u1ea3m b\u1ea3o s\u1ea3n ph\u1ea9m lu\u00f4n gi\u1eef \u0111\u01b0\u1ee3c v\u1ebb ph\u1eb3ng phiu, t\u01b0\u01a1m t\u1ea5t ngay c\u1ea3 sau nhi\u1ec1u l\u1ea7n s\u1eed d\u1ee5ng v\u00e0 gi\u1eb7t \u1ee7i, ti\u1ebft ki\u1ec7m t\u1ed1i \u0111a th\u1eddi gian v\u00e0 chi ph\u00ed b\u1ea3o tr\u00ec.<\/li>\n<li data-sourcepos=\"13:1-13:284\">\u0110\u1ed9 b\u1ec1n \u1ea5n t\u01b0\u1ee3ng v\u00e0 d\u1ec5 d\u00e0ng v\u1ec7 sinh: S\u1ee3i v\u1ea3i ch\u1eafc ch\u1eafn, b\u1ec1n m\u00e0u, c\u00f3 kh\u1ea3 n\u0103ng ch\u1ecbu \u0111\u01b0\u1ee3c c\u01b0\u1eddng \u0111\u1ed9 gi\u1eb7t \u1ee7i c\u00f4ng nghi\u1ec7p cao, gi\u00fap k\u00e9o d\u00e0i tu\u1ed5i th\u1ecd s\u1ea3n ph\u1ea9m. B\u1ec1 m\u1eb7t v\u1ea3i \u00edt b\u00e1m b\u1ea9n, d\u1ec5 d\u00e0ng lo\u1ea1i b\u1ecf v\u1ebft b\u1ea9n, duy tr\u00ec s\u1ef1 s\u1ea1ch s\u1ebd tuy\u1ec7t \u0111\u1ed1i v\u00e0 \u0111\u00e1p \u1ee9ng ti\u00eau chu\u1ea9n v\u1ec7 sinh kh\u1eaft khe c\u1ee7a ng\u00e0nh.<\/li>\n<li data-sourcepos=\"14:1-15:0\">Mang l\u1ea1i c\u1ea3m gi\u00e1c th\u01b0 th\u00e1i t\u1ed1i \u0111a: V\u1edbi ch\u1ea5t li\u1ec7u m\u1ec1m m\u1ea1i, \u00e1o m\u1ec1n t\u1ea1o c\u1ea3m gi\u00e1c \u1ea5m \u00e1p v\u00e0 \u00eam \u00e1i, g\u00f3p ph\u1ea7n gi\u00fap kh\u00e1ch h\u00e0ng ho\u00e0n to\u00e0n th\u01b0 gi\u00e3n, tho\u1ea3i m\u00e1i trong su\u1ed1t qu\u00e1 tr\u00ecnh tr\u1ecb li\u1ec7u, n\u00e2ng cao ch\u1ea5t l\u01b0\u1ee3ng d\u1ecbch v\u1ee5 v\u00e0 s\u1ef1 h\u00e0i l\u00f2ng.<\/li>\n<\/ul>\n<p><a href=\"https:\/\/chanrathanhthuy.com\/wp-content\/uploads\/2024\/07\/Khan-trai-giuong-spa-tham-my-vien-quan-massage.png\"><img loading=\"lazy\" decoding=\"async\" class=\"aligncenter size-full wp-image-64587\" src=\"https:\/\/chanrathanhthuy.com\/wp-content\/uploads\/2024\/07\/Khan-trai-giuong-spa-tham-my-vien-quan-massage.png\" alt=\"Kh\u0103n tr\u1ea3i gi\u01b0\u1eddng spa, th\u1ea9m m\u1ef9 vi\u1ec7n qu\u00e1n massage\" width=\"1500\" height=\"1011\" title=\"\" srcset=\"https:\/\/chanrathanhthuy.com\/wp-content\/uploads\/2024\/07\/Khan-trai-giuong-spa-tham-my-vien-quan-massage.png 1500w, https:\/\/chanrathanhthuy.com\/wp-content\/uploads\/2024\/07\/Khan-trai-giuong-spa-tham-my-vien-quan-massage-600x404.png 600w, https:\/\/chanrathanhthuy.com\/wp-content\/uploads\/2024\/07\/Khan-trai-giuong-spa-tham-my-vien-quan-massage-300x202.png 300w, https:\/\/chanrathanhthuy.com\/wp-content\/uploads\/2024\/07\/Khan-trai-giuong-spa-tham-my-vien-quan-massage-1024x690.png 1024w, https:\/\/chanrathanhthuy.com\/wp-content\/uploads\/2024\/07\/Khan-trai-giuong-spa-tham-my-vien-quan-massage-150x101.png 150w, https:\/\/chanrathanhthuy.com\/wp-content\/uploads\/2024\/07\/Khan-trai-giuong-spa-tham-my-vien-quan-massage-768x518.png 768w\" sizes=\"auto, (max-width: 1500px) 100vw, 1500px\" \/><\/a><\/p>\n<h3 style=\"text-align: justify;\" data-sourcepos=\"16:1-16:75\">T\u1ea1i Sao N\u00ean Ch\u1ecdn \u00c1o M\u1ec1n Tr\u1eafng S\u1ecdc Ch\u1ed1ng Nh\u0103n T\u1eeb Ch\u0103n Ra Thanh Th\u1ee7y?<\/h3>\n<p style=\"text-align: justify;\" data-sourcepos=\"18:1-18:208\">Ch\u0103n Ra Thanh Th\u1ee7y l\u00e0 \u0111\u1ed1i t\u00e1c \u0111\u00e1ng tin c\u1eady, chuy\u00ean cung c\u1ea5p \u0111\u1ed3 v\u1ea3i ch\u1ea5t l\u01b0\u1ee3ng cao cho ng\u00e0nh Spa, Th\u1ea9m M\u1ef9 Vi\u1ec7n v\u00e0 Qu\u00e1n Massage. Khi l\u1ef1a ch\u1ecdn \u00c1o M\u1ec1n Tr\u1eafng S\u1ecdc Ch\u1ed1ng Nh\u0103n c\u1ee7a ch\u00fang t\u00f4i, b\u1ea1n s\u1ebd nh\u1eadn \u0111\u01b0\u1ee3c:<\/p>\n<ul style=\"text-align: justify;\" data-sourcepos=\"20:1-23:0\">\n<li data-sourcepos=\"20:1-20:142\">Ch\u1ea5t l\u01b0\u1ee3ng \u0111\u1ea3m b\u1ea3o: M\u1ed7i s\u1ea3n ph\u1ea9m \u0111\u1ec1u tr\u1ea3i qua quy tr\u00ecnh ki\u1ec3m tra ch\u1ea5t l\u01b0\u1ee3ng nghi\u00eam ng\u1eb7t, \u0111\u1ea3m b\u1ea3o \u0111\u1ed9 b\u1ec1n, t\u00ednh th\u1ea9m m\u1ef9 v\u00e0 an to\u00e0n t\u1ed1i \u01b0u.<\/li>\n<li data-sourcepos=\"21:1-21:158\">Gi\u1ea3i ph\u00e1p \u0111\u1ed3ng b\u1ed9: Ch\u00fang t\u00f4i cung c\u1ea5p \u0111a d\u1ea1ng c\u00e1c s\u1ea3n ph\u1ea9m ch\u0103n ga g\u1ed1i v\u00e0 kh\u0103n \u0111\u1ed3ng b\u1ed9, gi\u00fap b\u1ea1n d\u1ec5 d\u00e0ng ki\u1ebfn t\u1ea1o m\u1ed9t kh\u00f4ng gian chuy\u00ean nghi\u1ec7p, h\u00e0i h\u00f2a.<\/li>\n<li data-sourcepos=\"22:1-23:0\">D\u1ecbch v\u1ee5 chuy\u00ean nghi\u1ec7p: \u0110\u1ed9i ng\u0169 t\u01b0 v\u1ea5n t\u1eadn t\u00e2m c\u1ee7a ch\u00fang t\u00f4i lu\u00f4n s\u1eb5n s\u00e0ng h\u1ed7 tr\u1ee3, \u0111\u01b0a ra gi\u1ea3i ph\u00e1p ph\u00f9 h\u1ee3p nh\u1ea5t v\u1edbi nhu c\u1ea7u v\u00e0 ng\u00e2n s\u00e1ch c\u1ee7a c\u01a1 s\u1edf kinh doanh c\u1ee7a b\u1ea1n.<\/li>\n<\/ul>\n<p style=\"text-align: justify;\" data-sourcepos=\"24:1-24:184\">N\u00e2ng t\u1ea7m kh\u00f4ng gian v\u00e0 \u0111\u1eb3ng c\u1ea5p d\u1ecbch v\u1ee5 v\u1edbi \u00c1o M\u1ec1n Tr\u1eafng S\u1ecdc Ch\u1ed1ng Nh\u0103n t\u1eeb Ch\u0103n Ra Thanh Th\u1ee7y. H\u00e3y li\u00ean h\u1ec7 v\u1edbi ch\u00fang t\u00f4i ngay h\u00f4m nay \u0111\u1ec3 nh\u1eadn b\u00e1o gi\u00e1 \u01b0u \u0111\u00e3i v\u00e0 t\u01b0 v\u1ea5n chi ti\u1ebft<\/p>\n","protected":false},"excerpt":{"rendered":"<div class=\"wrap-product-attributes\">\n<form class=\"variations_form cart wvs-loaded\" action=\"https:\/\/chanrathanhthuy.com\/chan-ga-khach-san\/khach-san-homestay-nha-nghi\/ao-men-trang-soc-chong-nhan-dat-may-theo-yeu-cau-2\/\" enctype=\"multipart\/form-data\" method=\"post\" data-product_id=\"69140\" data-product_variations=\"false\">\n<div data-product_id=\"69140\" data-threshold_min=\"30\" data-threshold_max=\"100\" data-total=\"33\">\n<div class=\"single_variation_wrap\">\n<div class=\"woocommerce-product-details__short-description\">\n<p><span style=\"color: #ff0000;\"><strong>GI\u00c1 \u01afU \u0110\u00c3I T\u1edaI 50% KHI \u0110\u1eb6T MAY THEO Y\u00caU C\u1ea6U<\/strong><\/span><\/p>\n<\/div>\n<\/div>\n<\/div>\n<\/form>\n<\/div>\n","protected":false},"featured_media":75159,"comment_status":"open","ping_status":"closed","template":"","meta":{"_acf_changed":false,"inline_featured_image":false},"product_cat":[2076],"product_tag":[],"class_list":{"0":"post-72461","1":"product","2":"type-product","3":"status-publish","4":"has-post-thumbnail","6":"product_cat-spa","8":"first","9":"instock","10":"purchasable","11":"product-type-variable","12":"rtwpvg-product"},"acf":[],"_links":{"self":[{"href":"https:\/\/chanrathanhthuy.com\/en\/wp-json\/wp\/v2\/product\/72461","targetHints":{"allow":["GET"]}}],"collection":[{"href":"https:\/\/chanrathanhthuy.com\/en\/wp-json\/wp\/v2\/product"}],"about":[{"href":"https:\/\/chanrathanhthuy.com\/en\/wp-json\/wp\/v2\/types\/product"}],"replies":[{"embeddable":true,"href":"https:\/\/chanrathanhthuy.com\/en\/wp-json\/wp\/v2\/comments?post=72461"}],"wp:featuredmedia":[{"embeddable":true,"href":"https:\/\/chanrathanhthuy.com\/en\/wp-json\/wp\/v2\/media\/75159"}],"wp:attachment":[{"href":"https:\/\/chanrathanhthuy.com\/en\/wp-json\/wp\/v2\/media?parent=72461"}],"wp:term":[{"taxonomy":"product_cat","embeddable":true,"href":"https:\/\/chanrathanhthuy.com\/en\/wp-json\/wp\/v2\/product_cat?post=72461"},{"taxonomy":"product_tag","embeddable":true,"href":"https:\/\/chanrathanhthuy.com\/en\/wp-json\/wp\/v2\/product_tag?post=72461"}],"curies":[{"name":"wp","href":"https:\/\/api.w.org\/{rel}","templated":true}]}}