{"id":72478,"date":"2025-04-24T03:38:58","date_gmt":"2025-04-24T03:38:58","guid":{"rendered":"https:\/\/chanrathanhthuy.com\/?post_type=product&#038;p=72478"},"modified":"2026-04-13T09:44:59","modified_gmt":"2026-04-13T09:44:59","slug":"tham-chan-spa-tham-my-vien-quan-massage","status":"publish","type":"product","link":"https:\/\/chanrathanhthuy.com\/en\/product\/tham-chan-spa-tham-my-vien-quan-massage\/","title":{"rendered":"Th\u1ea3m Ch\u00e2n Spa, Th\u1ea9m M\u1ef9 Vi\u1ec7n, Qu\u00e1n Massage"},"content":{"rendered":"<h1 style=\"text-align: justify;\" data-sourcepos=\"1:1-1:114\">Th\u1ea3m Ch\u00e2n Cotton Chuy\u00ean D\u1ee5ng Cho Spa, Th\u1ea9m M\u1ef9 Vi\u1ec7n, Qu\u00e1n Massage \u2013 S\u1ea1ch S\u1ebd &amp; An To\u00e0n C\u00f9ng Ch\u0103n Ra Thanh Th\u1ee7y<\/h1>\n<p style=\"text-align: justify;\" data-sourcepos=\"3:1-3:359\">B\u1ea1n \u0111ang t\u00ecm ki\u1ebfm gi\u1ea3i ph\u00e1p th\u1ea3m ch\u00e2n ch\u1ea5t l\u01b0\u1ee3ng cao, th\u1ea5m h\u00fat t\u1ed1t v\u00e0 \u0111\u1ea3m b\u1ea3o v\u1ec7 sinh cho khu v\u1ef1c ti\u1ebfp \u0111\u00f3n ho\u1eb7c ph\u00f2ng d\u1ecbch v\u1ee5 t\u1ea1i Spa, Th\u1ea9m M\u1ef9 Vi\u1ec7n hay Qu\u00e1n Massage c\u1ee7a m\u00ecnh? Ch\u0103n Ra Thanh Th\u1ee7y t\u1ef1 h\u00e0o gi\u1edbi thi\u1ec7u Th\u1ea3m Ch\u00e2n Cotton chuy\u00ean d\u1ee5ng \u2013 s\u1ea3n ph\u1ea9m thi\u1ebft y\u1ebfu \u0111\u1ec3 t\u1ea1o s\u1ef1 s\u1ea1ch s\u1ebd, an to\u00e0n v\u00e0 n\u00e2ng t\u1ea7m tr\u1ea3i nghi\u1ec7m cho kh\u00e1ch h\u00e0ng ngay t\u1eeb b\u01b0\u1edbc ch\u00e2n \u0111\u1ea7u ti\u00ean.<\/p>\n<p data-sourcepos=\"3:1-3:359\"><a href=\"https:\/\/chanrathanhthuy.com\/wp-content\/uploads\/2024\/07\/do-vai-chan-ga-goi-spa-tham-my-vien-massage-1-e1721441108879.png\"><img loading=\"lazy\" decoding=\"async\" class=\"aligncenter size-full wp-image-63182\" src=\"https:\/\/chanrathanhthuy.com\/wp-content\/uploads\/2024\/07\/do-vai-chan-ga-goi-spa-tham-my-vien-massage-1-e1721441108879.png\" alt=\"\u0111\u1ed3 v\u1ea3i ch\u0103n ga g\u1ed1i spa, th\u1ea9m m\u1ef9 vi\u00ean, massage\" width=\"1350\" height=\"938\" title=\"\" srcset=\"https:\/\/chanrathanhthuy.com\/wp-content\/uploads\/2024\/07\/do-vai-chan-ga-goi-spa-tham-my-vien-massage-1-e1721441108879.png 1350w, https:\/\/chanrathanhthuy.com\/wp-content\/uploads\/2024\/07\/do-vai-chan-ga-goi-spa-tham-my-vien-massage-1-e1721441108879-600x417.png 600w, https:\/\/chanrathanhthuy.com\/wp-content\/uploads\/2024\/07\/do-vai-chan-ga-goi-spa-tham-my-vien-massage-1-e1721441108879-300x208.png 300w, https:\/\/chanrathanhthuy.com\/wp-content\/uploads\/2024\/07\/do-vai-chan-ga-goi-spa-tham-my-vien-massage-1-e1721441108879-1024x711.png 1024w, https:\/\/chanrathanhthuy.com\/wp-content\/uploads\/2024\/07\/do-vai-chan-ga-goi-spa-tham-my-vien-massage-1-e1721441108879-150x104.png 150w, https:\/\/chanrathanhthuy.com\/wp-content\/uploads\/2024\/07\/do-vai-chan-ga-goi-spa-tham-my-vien-massage-1-e1721441108879-768x534.png 768w\" sizes=\"auto, (max-width: 1350px) 100vw, 1350px\" \/><\/a><\/p>\n<h2 style=\"text-align: justify;\" data-sourcepos=\"5:1-5:83\">T\u1ea1i Sao Th\u1ea3m Ch\u00e2n Cotton C\u1ee7a Thanh Th\u1ee7y L\u00e0 L\u1ef1a Ch\u1ecdn T\u1ed1i \u01afu Cho Doanh Nghi\u1ec7p B\u1ea1n?<\/h2>\n<p style=\"text-align: justify;\" data-sourcepos=\"7:1-7:352\">Trong ng\u00e0nh d\u1ecbch v\u1ee5 ch\u0103m s\u00f3c s\u1ee9c kh\u1ecfe v\u00e0 l\u00e0m \u0111\u1eb9p, m\u1ed7i chi ti\u1ebft nh\u1ecf \u0111\u1ec1u g\u00f3p ph\u1ea7n t\u1ea1o n\u00ean \u1ea5n t\u01b0\u1ee3ng chuy\u00ean nghi\u1ec7p v\u00e0 s\u1ef1 tho\u1ea3i m\u00e1i cho kh\u00e1ch h\u00e0ng. Th\u1ea3m ch\u00e2n kh\u00f4ng ch\u1ec9 l\u00e0 v\u1eadt trang tr\u00ed m\u00e0 c\u00f2n l\u00e0 y\u1ebfu t\u1ed1 quan tr\u1ecdng trong vi\u1ec7c gi\u1eef g\u00ecn v\u1ec7 sinh v\u00e0 an to\u00e0n. Th\u1ea3m Ch\u00e2n Cotton c\u1ee7a Ch\u0103n Ra Thanh Th\u1ee7y \u0111\u01b0\u1ee3c thi\u1ebft k\u1ebf \u0111\u1eb7c bi\u1ec7t \u0111\u1ec3 \u0111\u00e1p \u1ee9ng nh\u1eefng y\u00eau c\u1ea7u kh\u1eaft khe n\u00e0y:<\/p>\n<ul style=\"text-align: justify;\" data-sourcepos=\"9:1-12:0\">\n<li data-sourcepos=\"9:1-9:291\">Th\u1ea5m H\u00fat V\u01b0\u1ee3t Tr\u1ed9i &amp; Gi\u1eef G\u00ecn V\u1ec7 Sinh: \u0110\u01b0\u1ee3c l\u00e0m t\u1eeb 100% cotton cao c\u1ea5p, th\u1ea3m ch\u00e2n c\u00f3 kh\u1ea3 n\u0103ng th\u1ea5m h\u00fat n\u01b0\u1edbc v\u00e0 b\u1ee5i b\u1ea9n c\u1ef1c t\u1ed1t, gi\u00fap gi\u1eef cho s\u00e0n nh\u00e0 lu\u00f4n kh\u00f4 r\u00e1o v\u00e0 s\u1ea1ch s\u1ebd. \u0110i\u1ec1u n\u00e0y kh\u00f4ng ch\u1ec9 t\u1ea1o c\u1ea3m gi\u00e1c d\u1ec5 ch\u1ecbu cho kh\u00e1ch h\u00e0ng m\u00e0 c\u00f2n h\u1ea1n ch\u1ebf tr\u01a1n tr\u01b0\u1ee3t, \u0111\u1ea3m b\u1ea3o an to\u00e0n tuy\u1ec7t \u0111\u1ed1i.<\/li>\n<li data-sourcepos=\"10:1-10:189\">M\u1ec1m M\u1ea1i &amp; Th\u00e2n Thi\u1ec7n V\u1edbi L\u00e0n Da: Ch\u1ea5t li\u1ec7u cotton t\u1ef1 nhi\u00ean mang l\u1ea1i c\u1ea3m gi\u00e1c m\u1ec1m m\u1ea1i, \u00eam \u00e1i d\u01b0\u1edbi ch\u00e2n, kh\u00f4ng g\u00e2y k\u00edch \u1ee9ng da, ph\u00f9 h\u1ee3p v\u1edbi m\u00f4i tr\u01b0\u1eddng th\u01b0 gi\u00e3n v\u00e0 ch\u0103m s\u00f3c s\u1ee9c kh\u1ecfe.<\/li>\n<li data-sourcepos=\"11:1-12:0\">\u0110\u1ed9 B\u1ec1n Cao &amp; D\u1ec5 D\u00e0ng V\u1ec7 Sinh: Th\u1ea3m ch\u00e2n c\u1ee7a Ch\u0103n Ra Thanh Th\u1ee7y \u0111\u01b0\u1ee3c d\u1ec7t ch\u1eafc ch\u1eafn, ch\u1ecbu \u0111\u01b0\u1ee3c t\u1ea7n su\u1ea5t gi\u1eb7t gi\u0169 cao m\u00e0 kh\u00f4ng b\u1ecb x\u00f9 l\u00f4ng hay phai m\u00e0u. S\u1ea3n ph\u1ea9m d\u1ec5 d\u00e0ng v\u1ec7 sinh, kh\u00f4 nhanh, \u0111\u1ea3m b\u1ea3o lu\u00f4n s\u1ea1ch s\u1ebd v\u00e0 s\u1eb5n s\u00e0ng ph\u1ee5c v\u1ee5.<\/li>\n<\/ul>\n<p><a href=\"https:\/\/chanrathanhthuy.com\/wp-content\/uploads\/2024\/07\/Khan-cottonchan-ga-goi-Spa-Tham-My-Vien-Quan-Massage.png\"><img loading=\"lazy\" decoding=\"async\" class=\"aligncenter size-full wp-image-63364\" src=\"https:\/\/chanrathanhthuy.com\/wp-content\/uploads\/2024\/07\/Khan-cottonchan-ga-goi-Spa-Tham-My-Vien-Quan-Massage.png\" alt=\"Kh\u0103n cotton ch\u0103n ga g\u1ed1i Spa, Th\u1ea9m M\u1ef9 Vi\u1ec7n, Qu\u00e1n Massage\" width=\"1500\" height=\"3600\" title=\"\" srcset=\"https:\/\/chanrathanhthuy.com\/wp-content\/uploads\/2024\/07\/Khan-cottonchan-ga-goi-Spa-Tham-My-Vien-Quan-Massage.png 1500w, https:\/\/chanrathanhthuy.com\/wp-content\/uploads\/2024\/07\/Khan-cottonchan-ga-goi-Spa-Tham-My-Vien-Quan-Massage-600x1440.png 600w, https:\/\/chanrathanhthuy.com\/wp-content\/uploads\/2024\/07\/Khan-cottonchan-ga-goi-Spa-Tham-My-Vien-Quan-Massage-125x300.png 125w, https:\/\/chanrathanhthuy.com\/wp-content\/uploads\/2024\/07\/Khan-cottonchan-ga-goi-Spa-Tham-My-Vien-Quan-Massage-427x1024.png 427w, https:\/\/chanrathanhthuy.com\/wp-content\/uploads\/2024\/07\/Khan-cottonchan-ga-goi-Spa-Tham-My-Vien-Quan-Massage-63x150.png 63w, https:\/\/chanrathanhthuy.com\/wp-content\/uploads\/2024\/07\/Khan-cottonchan-ga-goi-Spa-Tham-My-Vien-Quan-Massage-768x1843.png 768w, https:\/\/chanrathanhthuy.com\/wp-content\/uploads\/2024\/07\/Khan-cottonchan-ga-goi-Spa-Tham-My-Vien-Quan-Massage-640x1536.png 640w, https:\/\/chanrathanhthuy.com\/wp-content\/uploads\/2024\/07\/Khan-cottonchan-ga-goi-Spa-Tham-My-Vien-Quan-Massage-853x2048.png 853w\" sizes=\"auto, (max-width: 1500px) 100vw, 1500px\" \/><\/a><\/p>\n<h3 style=\"text-align: justify;\" data-sourcepos=\"13:1-13:58\">L\u1ee3i \u00cdch N\u1ed5i B\u1eadt Khi \u0110\u1ea7u T\u01b0 Th\u1ea3m Ch\u00e2n Cotton Thanh Th\u1ee7y<\/h3>\n<ul style=\"text-align: justify;\" data-sourcepos=\"15:1-20:0\">\n<li data-sourcepos=\"15:1-15:132\">T\u1ea1o \u1ea4n T\u01b0\u1ee3ng Chuy\u00ean Nghi\u1ec7p: Th\u1ec3 hi\u1ec7n s\u1ef1 ch\u00fa tr\u1ecdng \u0111\u1ebfn t\u1eebng chi ti\u1ebft nh\u1ecf, g\u00f3p ph\u1ea7n x\u00e2y d\u1ef1ng h\u00ecnh \u1ea3nh c\u01a1 s\u1edf \u0111\u1eb3ng c\u1ea5p v\u00e0 tinh t\u1ebf.<\/li>\n<li data-sourcepos=\"16:1-16:166\">\u0110\u1ea3m B\u1ea3o An To\u00e0n Cho Kh\u00e1ch H\u00e0ng &amp; Nh\u00e2n Vi\u00ean: H\u1ea1n ch\u1ebf t\u1ed1i \u0111a t\u00ecnh tr\u1ea1ng tr\u01b0\u1ee3t ng\u00e3 do s\u00e0n \u01b0\u1edbt ho\u1eb7c b\u1ee5i b\u1ea9n, \u0111\u1eb7c bi\u1ec7t quan tr\u1ecdng trong khu v\u1ef1c c\u00f3 n\u01b0\u1edbc ho\u1eb7c d\u1ea7u.<\/li>\n<li data-sourcepos=\"17:1-17:144\">Gi\u1eef G\u00ecn S\u1ea1ch S\u1ebd Kh\u00f4ng Gian: Ng\u0103n ch\u1eb7n b\u1ee5i b\u1ea9n v\u00e0 \u1ea9m \u01b0\u1edbt l\u00e2y lan, gi\u00fap duy tr\u00ec kh\u00f4ng gian spa, th\u1ea9m m\u1ef9 vi\u1ec7n lu\u00f4n trong tr\u1ea1ng th\u00e1i l\u00fd t\u01b0\u1edfng.<\/li>\n<li data-sourcepos=\"18:1-18:137\">Ti\u1ebft Ki\u1ec7m Chi Ph\u00ed &amp; Th\u1eddi Gian V\u1eadn H\u00e0nh: \u0110\u1ed9 b\u1ec1n cao v\u00e0 kh\u1ea3 n\u0103ng d\u1ec5 d\u00e0ng v\u1ec7 sinh gi\u00fap gi\u1ea3m chi ph\u00ed thay th\u1ebf v\u00e0 c\u00f4ng s\u1ee9c gi\u1eb7t gi\u0169.<\/li>\n<li data-sourcepos=\"19:1-20:0\">Uy T\u00edn \u0110\u1ea3m B\u1ea3o T\u1eeb Th\u01b0\u01a1ng Hi\u1ec7u H\u00e0ng \u0110\u1ea7u: V\u1edbi kinh nghi\u1ec7m v\u00e0 danh ti\u1ebfng trong ng\u00e0nh d\u1ec7t may, Ch\u0103n Ra Thanh Th\u1ee7y cam k\u1ebft mang \u0111\u1ebfn s\u1ea3n ph\u1ea9m th\u1ea3m ch\u00e2n cotton ch\u1ea5t l\u01b0\u1ee3ng, b\u1ec1n \u0111\u1eb9p v\u00e0 an to\u00e0n.<\/li>\n<\/ul>\n<p style=\"text-align: justify;\" data-sourcepos=\"21:1-21:244\">H\u00e3y li\u00ean h\u1ec7 ngay v\u1edbi Ch\u0103n Ra Thanh Th\u1ee7y \u0111\u1ec3 \u0111\u01b0\u1ee3c t\u01b0 v\u1ea5n chi ti\u1ebft v\u00e0 nh\u1eadn b\u00e1o gi\u00e1 t\u1ed1t nh\u1ea5t cho Th\u1ea3m Ch\u00e2n Cotton chuy\u00ean d\u1ee5ng cho Spa, Th\u1ea9m M\u1ef9 Vi\u1ec7n, Qu\u00e1n Massage, g\u00f3p ph\u1ea7n ki\u1ebfn t\u1ea1o kh\u00f4ng gian s\u1ea1ch s\u1ebd, an to\u00e0n v\u00e0 chuy\u00ean nghi\u1ec7p cho c\u01a1 s\u1edf c\u1ee7a b\u1ea1n<\/p>\n<p style=\"text-align: justify;\" data-sourcepos=\"21:1-21:244\">\n","protected":false},"excerpt":{"rendered":"<p><span style=\"color: #ff0000;\"><strong>GI\u00c1 \u01afU \u0110\u00c3I T\u1edaI 50% KHI \u0110\u1eb6T MAY THEO Y\u00caU C\u1ea6U<\/strong><\/span><\/p>\n","protected":false},"featured_media":75286,"comment_status":"open","ping_status":"closed","template":"","meta":{"_acf_changed":false,"inline_featured_image":false},"product_cat":[2076],"product_tag":[],"class_list":{"0":"post-72478","1":"product","2":"type-product","3":"status-publish","4":"has-post-thumbnail","6":"product_cat-spa","8":"first","9":"instock","10":"purchasable","11":"product-type-variable","12":"rtwpvg-product"},"acf":[],"_links":{"self":[{"href":"https:\/\/chanrathanhthuy.com\/en\/wp-json\/wp\/v2\/product\/72478","targetHints":{"allow":["GET"]}}],"collection":[{"href":"https:\/\/chanrathanhthuy.com\/en\/wp-json\/wp\/v2\/product"}],"about":[{"href":"https:\/\/chanrathanhthuy.com\/en\/wp-json\/wp\/v2\/types\/product"}],"replies":[{"embeddable":true,"href":"https:\/\/chanrathanhthuy.com\/en\/wp-json\/wp\/v2\/comments?post=72478"}],"wp:featuredmedia":[{"embeddable":true,"href":"https:\/\/chanrathanhthuy.com\/en\/wp-json\/wp\/v2\/media\/75286"}],"wp:attachment":[{"href":"https:\/\/chanrathanhthuy.com\/en\/wp-json\/wp\/v2\/media?parent=72478"}],"wp:term":[{"taxonomy":"product_cat","embeddable":true,"href":"https:\/\/chanrathanhthuy.com\/en\/wp-json\/wp\/v2\/product_cat?post=72478"},{"taxonomy":"product_tag","embeddable":true,"href":"https:\/\/chanrathanhthuy.com\/en\/wp-json\/wp\/v2\/product_tag?post=72478"}],"curies":[{"name":"wp","href":"https:\/\/api.w.org\/{rel}","templated":true}]}}