{"id":72483,"date":"2025-04-24T03:39:08","date_gmt":"2025-04-24T03:39:08","guid":{"rendered":"https:\/\/chanrathanhthuy.com\/?post_type=product&#038;p=72483"},"modified":"2026-04-13T09:38:02","modified_gmt":"2026-04-13T09:38:02","slug":"tam-trang-tri-spa-tham-my-vien-quan-massage","status":"publish","type":"product","link":"https:\/\/chanrathanhthuy.com\/en\/product\/tam-trang-tri-spa-tham-my-vien-quan-massage\/","title":{"rendered":"T\u1ea5m Trang Tr\u00ed Spa, Th\u1ea9m M\u1ef9 Vi\u1ec7n, Qu\u00e1n Massage"},"content":{"rendered":"<h1 style=\"text-align: justify;\" data-sourcepos=\"1:1-1:97\">T\u1ea5m Trang Tr\u00ed Gi\u01b0\u1eddng Spa, Th\u1ea9m M\u1ef9 Vi\u1ec7n, Qu\u00e1n Massage \u2013 N\u00e2ng T\u1ea7m Th\u1ea9m M\u1ef9 C\u00f9ng Ch\u0103n Ra Thanh Th\u1ee7y<\/h1>\n<p style=\"text-align: justify;\" data-sourcepos=\"3:1-3:320\">B\u1ea1n mong mu\u1ed1n t\u1ea1o \u0111i\u1ec3m nh\u1ea5n sang tr\u1ecdng, tinh t\u1ebf v\u00e0 chuy\u00ean nghi\u1ec7p cho kh\u00f4ng gian Spa, Th\u1ea9m M\u1ef9 Vi\u1ec7n hay Qu\u00e1n Massage c\u1ee7a m\u00ecnh? Ch\u0103n Ra Thanh Th\u1ee7y t\u1ef1 h\u00e0o gi\u1edbi thi\u1ec7u T\u1ea5m Trang Tr\u00ed Gi\u01b0\u1eddng chuy\u00ean d\u1ee5ng \u2013 gi\u1ea3i ph\u00e1p ho\u00e0n h\u1ea3o \u0111\u1ec3 ho\u00e0n thi\u1ec7n v\u1ebb \u0111\u1eb9p t\u1ed5ng th\u1ec3, t\u1ea1o \u1ea5n t\u01b0\u1ee3ng s\u00e2u s\u1eafc v\u00e0 n\u00e2ng cao tr\u1ea3i nghi\u1ec7m th\u1ecb gi\u00e1c cho kh\u00e1ch h\u00e0ng.<\/p>\n<p data-sourcepos=\"3:1-3:320\"><a href=\"https:\/\/chanrathanhthuy.com\/wp-content\/uploads\/2024\/07\/do-vai-chan-ga-goi-spa-tham-my-vien-massage.png\"><img loading=\"lazy\" decoding=\"async\" class=\"aligncenter size-full wp-image-63170\" src=\"https:\/\/chanrathanhthuy.com\/wp-content\/uploads\/2024\/07\/do-vai-chan-ga-goi-spa-tham-my-vien-massage.png\" alt=\"\u0111\u1ed3 v\u1ea3i ch\u0103n ga g\u1ed1i spa, th\u1ea9m m\u1ef9 vi\u00ean, massage\" width=\"1200\" height=\"850\" title=\"\" srcset=\"https:\/\/chanrathanhthuy.com\/wp-content\/uploads\/2024\/07\/do-vai-chan-ga-goi-spa-tham-my-vien-massage.png 1200w, https:\/\/chanrathanhthuy.com\/wp-content\/uploads\/2024\/07\/do-vai-chan-ga-goi-spa-tham-my-vien-massage-600x425.png 600w, https:\/\/chanrathanhthuy.com\/wp-content\/uploads\/2024\/07\/do-vai-chan-ga-goi-spa-tham-my-vien-massage-300x213.png 300w, https:\/\/chanrathanhthuy.com\/wp-content\/uploads\/2024\/07\/do-vai-chan-ga-goi-spa-tham-my-vien-massage-1024x725.png 1024w, https:\/\/chanrathanhthuy.com\/wp-content\/uploads\/2024\/07\/do-vai-chan-ga-goi-spa-tham-my-vien-massage-150x106.png 150w, https:\/\/chanrathanhthuy.com\/wp-content\/uploads\/2024\/07\/do-vai-chan-ga-goi-spa-tham-my-vien-massage-768x544.png 768w\" sizes=\"auto, (max-width: 1200px) 100vw, 1200px\" \/><\/a><\/p>\n<h2 style=\"text-align: justify;\" data-sourcepos=\"5:1-5:101\">T\u1ea1i Sao T\u1ea5m Trang Tr\u00ed Gi\u01b0\u1eddng C\u1ee7a Thanh Th\u1ee7y L\u00e0 B\u00ed Quy\u1ebft T\u1ea1o N\u00ean S\u1ef1 Kh\u00e1c Bi\u1ec7t Cho Doanh Nghi\u1ec7p B\u1ea1n?<\/h2>\n<p style=\"text-align: justify;\" data-sourcepos=\"7:1-7:364\">Trong ng\u00e0nh d\u1ecbch v\u1ee5 l\u00e0m \u0111\u1eb9p v\u00e0 th\u01b0 gi\u00e3n, kh\u00f4ng gian l\u00e0 y\u1ebfu t\u1ed1 quan tr\u1ecdng \u1ea3nh h\u01b0\u1edfng \u0111\u1ebfn c\u1ea3m nh\u1eadn c\u1ee7a kh\u00e1ch h\u00e0ng. M\u1ed9t chi\u1ebfc gi\u01b0\u1eddng \u0111\u01b0\u1ee3c trang tr\u00ed \u0111\u1eb9p m\u1eaft, tinh t\u1ebf kh\u00f4ng ch\u1ec9 th\u1ec3 hi\u1ec7n s\u1ef1 chuy\u00ean nghi\u1ec7p m\u00e0 c\u00f2n t\u1ea1o c\u1ea3m gi\u00e1c th\u01b0 th\u00e1i, sang tr\u1ecdng. T\u1ea5m Trang Tr\u00ed Gi\u01b0\u1eddng c\u1ee7a Ch\u0103n Ra Thanh Th\u1ee7y \u0111\u01b0\u1ee3c thi\u1ebft k\u1ebf \u0111\u1eb7c bi\u1ec7t \u0111\u1ec3 \u0111\u00e1p \u1ee9ng nh\u1eefng y\u00eau c\u1ea7u cao v\u1ec1 th\u1ea9m m\u1ef9 v\u00e0 ch\u1ea5t l\u01b0\u1ee3ng:<\/p>\n<ul style=\"text-align: justify;\" data-sourcepos=\"9:1-12:0\">\n<li data-sourcepos=\"9:1-9:290\">T\u1ea1o \u0110i\u1ec3m Nh\u1ea5n Sang Tr\u1ecdng &amp; Tinh T\u1ebf: T\u1ea5m trang tr\u00ed v\u1edbi m\u00e0u s\u1eafc v\u00e0 h\u1ecda ti\u1ebft \u0111\u01b0\u1ee3c l\u1ef1a ch\u1ecdn k\u1ef9 l\u01b0\u1ee1ng, ph\u00f9 h\u1ee3p v\u1edbi phong c\u00e1ch c\u1ee7a t\u1eebng Spa, Th\u1ea9m M\u1ef9 Vi\u1ec7n hay Qu\u00e1n Massage. S\u1ea3n ph\u1ea9m gi\u00fap ph\u00e1 v\u1ee1 s\u1ef1 \u0111\u01a1n \u0111i\u1ec7u c\u1ee7a b\u1ed9 ch\u0103n ga tr\u1eafng, t\u1ea1o n\u00ean m\u1ed9t t\u1ed5ng th\u1ec3 h\u00e0i h\u00f2a, \u0111\u1eb3ng c\u1ea5p v\u00e0 thu h\u00fat \u00e1nh nh\u00ecn.<\/li>\n<li data-sourcepos=\"10:1-10:255\">Ho\u00e0n Thi\u1ec7n Kh\u00f4ng Gian &amp; N\u00e2ng Cao Tr\u1ea3i Nghi\u1ec7m Th\u1ecb Gi\u00e1c: M\u1ed9t chi\u1ebfc gi\u01b0\u1eddng \u0111\u01b0\u1ee3c b\u00e0y tr\u00ed \u0111\u1eb9p m\u1eaft s\u1ebd t\u1ea1o \u1ea5n t\u01b0\u1ee3ng chuy\u00ean nghi\u1ec7p ngay t\u1eeb c\u00e1i nh\u00ecn \u0111\u1ea7u ti\u00ean, gi\u00fap kh\u00e1ch h\u00e0ng c\u1ea3m th\u1ea5y \u0111\u01b0\u1ee3c ch\u0103m s\u00f3c chu \u0111\u00e1o v\u00e0 t\u1eadn h\u01b0\u1edfng m\u1ed9t kh\u00f4ng gian th\u01b0 gi\u00e3n \u0111\u00fang ngh\u0129a.<\/li>\n<li data-sourcepos=\"11:1-12:0\">Ch\u1ea5t Li\u1ec7u Cao C\u1ea5p &amp; B\u1ec1n \u0110\u1eb9p: T\u1ea5m trang tr\u00ed c\u1ee7a Ch\u0103n Ra Thanh Th\u1ee7y \u0111\u01b0\u1ee3c l\u00e0m t\u1eeb ch\u1ea5t li\u1ec7u v\u1ea3i cao c\u1ea5p, b\u1ec1n m\u00e0u, \u00edt nh\u0103n v\u00e0 d\u1ec5 d\u00e0ng v\u1ec7 sinh. \u0110i\u1ec1u n\u00e0y \u0111\u1ea3m b\u1ea3o s\u1ea3n ph\u1ea9m lu\u00f4n gi\u1eef \u0111\u01b0\u1ee3c v\u1ebb \u0111\u1eb9p ban \u0111\u1ea7u, ph\u00f9 h\u1ee3p v\u1edbi t\u1ea7n su\u1ea5t s\u1eed d\u1ee5ng v\u00e0 gi\u1eb7t gi\u0169 trong m\u00f4i tr\u01b0\u1eddng kinh doanh d\u1ecbch v\u1ee5.<\/li>\n<\/ul>\n<p><a href=\"https:\/\/chanrathanhthuy.com\/wp-content\/uploads\/2024\/07\/vay-giuong-do-vai-chan-ga-goi-spa-tham-my-vien-massage-e1721441164911.png\"><img loading=\"lazy\" decoding=\"async\" class=\"aligncenter size-full wp-image-63176\" src=\"https:\/\/chanrathanhthuy.com\/wp-content\/uploads\/2024\/07\/vay-giuong-do-vai-chan-ga-goi-spa-tham-my-vien-massage-e1721441164911.png\" alt=\"v\u00e1y gi\u01b0\u1eddng \u0111\u1ed3 v\u1ea3i ch\u0103n ga g\u1ed1i spa, th\u1ea9m m\u1ef9 vi\u00ean, massage\" width=\"1347\" height=\"2263\" title=\"\" srcset=\"https:\/\/chanrathanhthuy.com\/wp-content\/uploads\/2024\/07\/vay-giuong-do-vai-chan-ga-goi-spa-tham-my-vien-massage-e1721441164911.png 1347w, https:\/\/chanrathanhthuy.com\/wp-content\/uploads\/2024\/07\/vay-giuong-do-vai-chan-ga-goi-spa-tham-my-vien-massage-e1721441164911-600x1008.png 600w, https:\/\/chanrathanhthuy.com\/wp-content\/uploads\/2024\/07\/vay-giuong-do-vai-chan-ga-goi-spa-tham-my-vien-massage-e1721441164911-179x300.png 179w, https:\/\/chanrathanhthuy.com\/wp-content\/uploads\/2024\/07\/vay-giuong-do-vai-chan-ga-goi-spa-tham-my-vien-massage-e1721441164911-610x1024.png 610w, https:\/\/chanrathanhthuy.com\/wp-content\/uploads\/2024\/07\/vay-giuong-do-vai-chan-ga-goi-spa-tham-my-vien-massage-e1721441164911-89x150.png 89w, https:\/\/chanrathanhthuy.com\/wp-content\/uploads\/2024\/07\/vay-giuong-do-vai-chan-ga-goi-spa-tham-my-vien-massage-e1721441164911-768x1290.png 768w, https:\/\/chanrathanhthuy.com\/wp-content\/uploads\/2024\/07\/vay-giuong-do-vai-chan-ga-goi-spa-tham-my-vien-massage-e1721441164911-914x1536.png 914w, https:\/\/chanrathanhthuy.com\/wp-content\/uploads\/2024\/07\/vay-giuong-do-vai-chan-ga-goi-spa-tham-my-vien-massage-e1721441164911-1219x2048.png 1219w\" sizes=\"auto, (max-width: 1347px) 100vw, 1347px\" \/><\/a><\/p>\n<h3 style=\"text-align: justify;\" data-sourcepos=\"13:1-13:62\">L\u1ee3i \u00cdch N\u1ed5i B\u1eadt Khi \u0110\u1ea7u T\u01b0 T\u1ea5m Trang Tr\u00ed Gi\u01b0\u1eddng Thanh Th\u1ee7y<\/h3>\n<ul style=\"text-align: justify;\" data-sourcepos=\"15:1-20:0\">\n<li data-sourcepos=\"15:1-15:161\">T\u0103ng C\u01b0\u1eddng Th\u1ea9m M\u1ef9 &amp; \u0110\u1eb3ng C\u1ea5p: Bi\u1ebfn chi\u1ebfc gi\u01b0\u1eddng tr\u1ecb li\u1ec7u th\u00f4ng th\u01b0\u1eddng th\u00e0nh m\u1ed9t t\u00e1c ph\u1ea9m ngh\u1ec7 thu\u1eadt, n\u00e2ng cao gi\u00e1 tr\u1ecb th\u1ea9m m\u1ef9 t\u1ed5ng th\u1ec3 c\u1ee7a kh\u00f4ng gian.<\/li>\n<li data-sourcepos=\"16:1-16:137\">T\u1ea1o \u1ea4n T\u01b0\u1ee3ng Kh\u00f3 Qu\u00ean V\u1edbi Kh\u00e1ch H\u00e0ng: G\u00f3p ph\u1ea7n x\u00e2y d\u1ef1ng h\u00ecnh \u1ea3nh th\u01b0\u01a1ng hi\u1ec7u chuy\u00ean nghi\u1ec7p, t\u1eadn t\u00e2m v\u00e0 ch\u00fa \u00fd \u0111\u1ebfn t\u1eebng chi ti\u1ebft nh\u1ecf.<\/li>\n<li data-sourcepos=\"17:1-17:214\">\u0110a D\u1ea1ng M\u1eabu M\u00e3 &amp; Ph\u00f9 H\u1ee3p M\u1ecdi Phong C\u00e1ch: Ch\u0103n Ra Thanh Th\u1ee7y cung c\u1ea5p nhi\u1ec1u l\u1ef1a ch\u1ecdn v\u1ec1 m\u00e0u s\u1eafc, ch\u1ea5t li\u1ec7u v\u00e0 ki\u1ec3u d\u00e1ng, gi\u00fap b\u1ea1n d\u1ec5 d\u00e0ng t\u00ecm \u0111\u01b0\u1ee3c t\u1ea5m trang tr\u00ed ph\u00f9 h\u1ee3p v\u1edbi thi\u1ebft k\u1ebf n\u1ed9i th\u1ea5t c\u1ee7a c\u01a1 s\u1edf.<\/li>\n<li data-sourcepos=\"18:1-18:153\">D\u1ec5 D\u00e0ng V\u1ec7 Sinh &amp; B\u1ea3o Qu\u1ea3n: S\u1ea3n ph\u1ea9m \u0111\u01b0\u1ee3c thi\u1ebft k\u1ebf \u0111\u1ec3 d\u1ec5 d\u00e0ng gi\u1eb7t s\u1ea1ch, nhanh kh\u00f4, thu\u1eadn ti\u1ec7n cho vi\u1ec7c duy tr\u00ec s\u1ef1 s\u1ea1ch s\u1ebd v\u00e0 m\u1edbi m\u1ebb h\u00e0ng ng\u00e0y.<\/li>\n<li data-sourcepos=\"19:1-20:0\">Uy T\u00edn \u0110\u1ea3m B\u1ea3o T\u1eeb Th\u01b0\u01a1ng Hi\u1ec7u H\u00e0ng \u0110\u1ea7u: V\u1edbi kinh nghi\u1ec7m v\u00e0 danh ti\u1ebfng trong ng\u00e0nh ch\u0103n ga g\u1ed1i n\u1ec7m, Ch\u0103n Ra Thanh Th\u1ee7y cam k\u1ebft mang \u0111\u1ebfn s\u1ea3n ph\u1ea9m ch\u1ea5t l\u01b0\u1ee3ng, b\u1ec1n \u0111\u1eb9p, l\u00e0 s\u1ef1 \u0111\u1ea7u t\u01b0 th\u00f4ng minh cho doanh nghi\u1ec7p c\u1ee7a b\u1ea1n.<\/li>\n<\/ul>\n<p><a href=\"https:\/\/chanrathanhthuy.com\/wp-content\/uploads\/2024\/07\/CHAN-GA-GOI-SPA-THAM-MY-VIEN-MASSAGE-1.png\"><img loading=\"lazy\" decoding=\"async\" class=\"aligncenter size-full wp-image-63192\" src=\"https:\/\/chanrathanhthuy.com\/wp-content\/uploads\/2024\/07\/CHAN-GA-GOI-SPA-THAM-MY-VIEN-MASSAGE-1.png\" alt=\"CH\u0102N GA G\u1ed0I SPA, TH\u1ea8M M\u1ef8 VI\u00caN, MASSAGE\" width=\"1350\" height=\"956\" title=\"\" srcset=\"https:\/\/chanrathanhthuy.com\/wp-content\/uploads\/2024\/07\/CHAN-GA-GOI-SPA-THAM-MY-VIEN-MASSAGE-1.png 1350w, https:\/\/chanrathanhthuy.com\/wp-content\/uploads\/2024\/07\/CHAN-GA-GOI-SPA-THAM-MY-VIEN-MASSAGE-1-600x425.png 600w, https:\/\/chanrathanhthuy.com\/wp-content\/uploads\/2024\/07\/CHAN-GA-GOI-SPA-THAM-MY-VIEN-MASSAGE-1-300x212.png 300w, https:\/\/chanrathanhthuy.com\/wp-content\/uploads\/2024\/07\/CHAN-GA-GOI-SPA-THAM-MY-VIEN-MASSAGE-1-1024x725.png 1024w, https:\/\/chanrathanhthuy.com\/wp-content\/uploads\/2024\/07\/CHAN-GA-GOI-SPA-THAM-MY-VIEN-MASSAGE-1-150x106.png 150w, https:\/\/chanrathanhthuy.com\/wp-content\/uploads\/2024\/07\/CHAN-GA-GOI-SPA-THAM-MY-VIEN-MASSAGE-1-768x544.png 768w\" sizes=\"auto, (max-width: 1350px) 100vw, 1350px\" \/><\/a><\/p>\n<p style=\"text-align: justify;\" data-sourcepos=\"21:1-21:209\">H\u00e3y li\u00ean h\u1ec7 ngay v\u1edbi Ch\u0103n Ra Thanh Th\u1ee7y \u0111\u1ec3 \u0111\u01b0\u1ee3c t\u01b0 v\u1ea5n chuy\u00ean s\u00e2u v\u00e0 nh\u1eadn b\u00e1o gi\u00e1 t\u1ed1t nh\u1ea5t cho T\u1ea5m Trang Tr\u00ed Gi\u01b0\u1eddng Spa, Th\u1ea9m M\u1ef9 Vi\u1ec7n, Qu\u00e1n Massage, gi\u00fap kh\u00f4ng gian c\u1ee7a b\u1ea1n tr\u1edf n\u00ean ho\u00e0n h\u1ea3o v\u00e0 thu h\u00fat h\u01a1n.<\/p>\n","protected":false},"excerpt":{"rendered":"<p><span style=\"color: #ff0000;\"><strong>GI\u00c1 \u01afU \u0110\u00c3I T\u1edaI 50% KHI \u0110\u1eb6T MAY THEO Y\u00caU C\u1ea6U<\/strong><\/span><\/p>\n","protected":false},"featured_media":75283,"comment_status":"open","ping_status":"closed","template":"","meta":{"_acf_changed":false,"inline_featured_image":false},"product_cat":[2076],"product_tag":[],"class_list":{"0":"post-72483","1":"product","2":"type-product","3":"status-publish","4":"has-post-thumbnail","6":"product_cat-spa","8":"first","9":"instock","10":"purchasable","11":"product-type-variable","12":"rtwpvg-product"},"acf":[],"_links":{"self":[{"href":"https:\/\/chanrathanhthuy.com\/en\/wp-json\/wp\/v2\/product\/72483","targetHints":{"allow":["GET"]}}],"collection":[{"href":"https:\/\/chanrathanhthuy.com\/en\/wp-json\/wp\/v2\/product"}],"about":[{"href":"https:\/\/chanrathanhthuy.com\/en\/wp-json\/wp\/v2\/types\/product"}],"replies":[{"embeddable":true,"href":"https:\/\/chanrathanhthuy.com\/en\/wp-json\/wp\/v2\/comments?post=72483"}],"wp:featuredmedia":[{"embeddable":true,"href":"https:\/\/chanrathanhthuy.com\/en\/wp-json\/wp\/v2\/media\/75283"}],"wp:attachment":[{"href":"https:\/\/chanrathanhthuy.com\/en\/wp-json\/wp\/v2\/media?parent=72483"}],"wp:term":[{"taxonomy":"product_cat","embeddable":true,"href":"https:\/\/chanrathanhthuy.com\/en\/wp-json\/wp\/v2\/product_cat?post=72483"},{"taxonomy":"product_tag","embeddable":true,"href":"https:\/\/chanrathanhthuy.com\/en\/wp-json\/wp\/v2\/product_tag?post=72483"}],"curies":[{"name":"wp","href":"https:\/\/api.w.org\/{rel}","templated":true}]}}