{"id":72494,"date":"2025-04-24T03:39:11","date_gmt":"2025-04-24T03:39:11","guid":{"rendered":"https:\/\/chanrathanhthuy.com\/?post_type=product&#038;p=72494"},"modified":"2026-04-13T09:34:20","modified_gmt":"2026-04-13T09:34:20","slug":"tam-bao-ve-nem-spa-tham-my-vien-quan-massage","status":"publish","type":"product","link":"https:\/\/chanrathanhthuy.com\/en\/product\/tam-bao-ve-nem-spa-tham-my-vien-quan-massage\/","title":{"rendered":"T\u1ea5m B\u1ea3o V\u1ec7 N\u1ec7m Spa, Th\u1ea9m M\u1ef9 Vi\u1ec7n, Qu\u00e1n Massage"},"content":{"rendered":"<h1 style=\"text-align: justify;\" data-sourcepos=\"1:1-1:111\">T\u1ea5m B\u1ea3o V\u1ec7 N\u1ec7m Chuy\u00ean D\u1ee5ng Cho Spa, Th\u1ea9m M\u1ef9 Vi\u1ec7n, Qu\u00e1n Massage \u2013 K\u00e9o D\u00e0i Tu\u1ed5i Th\u1ecd N\u1ec7m C\u00f9ng Ch\u0103n Ra Thanh Th\u1ee7y<\/h1>\n<p style=\"text-align: justify;\" data-sourcepos=\"3:1-3:336\">B\u1ea1n \u0111ang t\u00ecm ki\u1ebfm gi\u1ea3i ph\u00e1p t\u1ed1i \u01b0u \u0111\u1ec3 b\u1ea3o v\u1ec7 n\u1ec7m, \u0111\u1ea3m b\u1ea3o v\u1ec7 sinh v\u00e0 n\u00e2ng cao \u0111\u1ed9 b\u1ec1n cho gi\u01b0\u1eddng massage, gi\u01b0\u1eddng spa t\u1ea1i c\u01a1 s\u1edf c\u1ee7a m\u00ecnh? Ch\u0103n Ra Thanh Th\u1ee7y t\u1ef1 h\u00e0o gi\u1edbi thi\u1ec7u T\u1ea5m B\u1ea3o V\u1ec7 N\u1ec7m chuy\u00ean d\u1ee5ng cho Spa, Th\u1ea9m M\u1ef9 Vi\u1ec7n, Qu\u00e1n Massage \u2013 s\u1ea3n ph\u1ea9m kh\u00f4ng th\u1ec3 thi\u1ebfu \u0111\u1ec3 duy tr\u00ec ch\u1ea5t l\u01b0\u1ee3ng v\u00e0 k\u00e9o d\u00e0i tu\u1ed5i th\u1ecd n\u1ec7m m\u1ed9t c\u00e1ch hi\u1ec7u qu\u1ea3 nh\u1ea5t.<\/p>\n<p data-sourcepos=\"3:1-3:336\"><a href=\"https:\/\/chanrathanhthuy.com\/wp-content\/uploads\/2024\/07\/do-vai-chan-ga-goi-spa-tham-my-vien-massage-1-e1721441108879.png\"><img loading=\"lazy\" decoding=\"async\" class=\"aligncenter size-full wp-image-63182\" src=\"https:\/\/chanrathanhthuy.com\/wp-content\/uploads\/2024\/07\/do-vai-chan-ga-goi-spa-tham-my-vien-massage-1-e1721441108879.png\" alt=\"\u0111\u1ed3 v\u1ea3i ch\u0103n ga g\u1ed1i spa, th\u1ea9m m\u1ef9 vi\u00ean, massage\" width=\"1350\" height=\"938\" title=\"\" srcset=\"https:\/\/chanrathanhthuy.com\/wp-content\/uploads\/2024\/07\/do-vai-chan-ga-goi-spa-tham-my-vien-massage-1-e1721441108879.png 1350w, https:\/\/chanrathanhthuy.com\/wp-content\/uploads\/2024\/07\/do-vai-chan-ga-goi-spa-tham-my-vien-massage-1-e1721441108879-600x417.png 600w, https:\/\/chanrathanhthuy.com\/wp-content\/uploads\/2024\/07\/do-vai-chan-ga-goi-spa-tham-my-vien-massage-1-e1721441108879-300x208.png 300w, https:\/\/chanrathanhthuy.com\/wp-content\/uploads\/2024\/07\/do-vai-chan-ga-goi-spa-tham-my-vien-massage-1-e1721441108879-1024x711.png 1024w, https:\/\/chanrathanhthuy.com\/wp-content\/uploads\/2024\/07\/do-vai-chan-ga-goi-spa-tham-my-vien-massage-1-e1721441108879-150x104.png 150w, https:\/\/chanrathanhthuy.com\/wp-content\/uploads\/2024\/07\/do-vai-chan-ga-goi-spa-tham-my-vien-massage-1-e1721441108879-768x534.png 768w\" sizes=\"auto, (max-width: 1350px) 100vw, 1350px\" \/><\/a><\/p>\n<h2 style=\"text-align: justify;\" data-sourcepos=\"5:1-5:85\">T\u1ea1i Sao T\u1ea5m B\u1ea3o V\u1ec7 N\u1ec7m C\u1ee7a Thanh Th\u1ee7y L\u00e0 L\u1ef1a Ch\u1ecdn Th\u00f4ng Minh Cho Doanh Nghi\u1ec7p B\u1ea1n?<\/h2>\n<p style=\"text-align: justify;\" data-sourcepos=\"7:1-7:272\">Trong ng\u00e0nh d\u1ecbch v\u1ee5, vi\u1ec7c b\u1ea3o v\u1ec7 t\u00e0i s\u1ea3n v\u00e0 duy tr\u00ec m\u00f4i tr\u01b0\u1eddng v\u1ec7 sinh s\u1ea1ch s\u1ebd l\u00e0 y\u1ebfu t\u1ed1 then ch\u1ed1t. N\u1ec7m l\u00e0 kho\u1ea3n \u0111\u1ea7u t\u01b0 l\u1edbn v\u00e0 ch\u1ecbu nhi\u1ec1u t\u00e1c \u0111\u1ed9ng trong qu\u00e1 tr\u00ecnh s\u1eed d\u1ee5ng. T\u1ea5m B\u1ea3o V\u1ec7 N\u1ec7m c\u1ee7a Ch\u0103n Ra Thanh Th\u1ee7y \u0111\u01b0\u1ee3c thi\u1ebft k\u1ebf \u0111\u1eb7c bi\u1ec7t \u0111\u1ec3 gi\u1ea3i quy\u1ebft nh\u1eefng th\u00e1ch th\u1ee9c n\u00e0y:<\/p>\n<ul style=\"text-align: justify;\" data-sourcepos=\"9:1-12:0\">\n<li data-sourcepos=\"9:1-9:321\">B\u1ea3o V\u1ec7 To\u00e0n Di\u1ec7n &amp; K\u00e9o D\u00e0i Tu\u1ed5i Th\u1ecd N\u1ec7m: T\u1ea5m b\u1ea3o v\u1ec7 n\u1ec7m t\u1ea1o m\u1ed9t l\u1edbp r\u00e0o ch\u1eafn hi\u1ec7u qu\u1ea3, ng\u0103n ch\u1eb7n m\u1ed3 h\u00f4i, d\u1ea7u massage, m\u1ef9 ph\u1ea9m, b\u1ee5i b\u1ea9n v\u00e0 c\u00e1c t\u00e1c nh\u00e2n g\u00e2y h\u1ea1i kh\u00e1c th\u1ea5m tr\u1ef1c ti\u1ebfp v\u00e0o n\u1ec7m. \u0110i\u1ec1u n\u00e0y gi\u00fap b\u1ea3o v\u1ec7 n\u1ec7m kh\u1ecfi h\u01b0 h\u1ea1i, gi\u1eef n\u1ec7m lu\u00f4n s\u1ea1ch s\u1ebd v\u00e0 k\u00e9o d\u00e0i \u0111\u00e1ng k\u1ec3 tu\u1ed5i th\u1ecd s\u1eed d\u1ee5ng, ti\u1ebft ki\u1ec7m chi ph\u00ed thay th\u1ebf.<\/li>\n<li data-sourcepos=\"10:1-10:308\">\u0110\u1ea3m B\u1ea3o V\u1ec7 Sinh &amp; An To\u00e0n Tuy\u1ec7t \u0110\u1ed1i: V\u1edbi ch\u1ea5t li\u1ec7u chuy\u00ean d\u1ee5ng, t\u1ea5m b\u1ea3o v\u1ec7 n\u1ec7m c\u1ee7a Ch\u0103n Ra Thanh Th\u1ee7y d\u1ec5 d\u00e0ng gi\u1eb7t s\u1ea1ch, kh\u00f4 nhanh, gi\u00fap duy tr\u00ec m\u00f4i tr\u01b0\u1eddng ng\u1ee7\/ngh\u1ec9 ng\u01a1i lu\u00f4n kh\u00f4 tho\u00e1ng, s\u1ea1ch s\u1ebd v\u00e0 h\u1ee3p v\u1ec7 sinh. \u0110\u00e2y l\u00e0 y\u1ebfu t\u1ed1 c\u1ef1c k\u1ef3 quan tr\u1ecdng \u0111\u1ec3 \u0111\u1ea3m b\u1ea3o s\u1ee9c kh\u1ecfe v\u00e0 s\u1ef1 tin t\u01b0\u1edfng c\u1ee7a kh\u00e1ch h\u00e0ng.<\/li>\n<li data-sourcepos=\"11:1-12:0\">T\u0103ng C\u01b0\u1eddng Tho\u1ea3i M\u00e1i &amp; Tr\u1ea3i Nghi\u1ec7m: T\u1ea5m b\u1ea3o v\u1ec7 n\u1ec7m c\u00f2n g\u00f3p ph\u1ea7n t\u1ea1o th\u00eam m\u1ed9t l\u1edbp \u0111\u1ec7m \u00eam \u00e1i, t\u0103ng c\u01b0\u1eddng s\u1ef1 tho\u1ea3i m\u00e1i cho kh\u00e1ch h\u00e0ng trong su\u1ed1t qu\u00e1 tr\u00ecnh s\u1eed d\u1ee5ng d\u1ecbch v\u1ee5, \u0111\u1ed3ng th\u1eddi gi\u1eef cho ga tr\u1ea3i gi\u01b0\u1eddng lu\u00f4n ph\u1eb3ng phiu, \u0111\u1eb9p m\u1eaft.<\/li>\n<\/ul>\n<p><a href=\"https:\/\/chanrathanhthuy.com\/wp-content\/uploads\/2024\/07\/vay-giuong-do-vai-chan-ga-goi-spa-tham-my-vien-massage-e1721441164911.png\"><img loading=\"lazy\" decoding=\"async\" class=\"aligncenter size-full wp-image-63176\" src=\"https:\/\/chanrathanhthuy.com\/wp-content\/uploads\/2024\/07\/vay-giuong-do-vai-chan-ga-goi-spa-tham-my-vien-massage-e1721441164911.png\" alt=\"v\u00e1y gi\u01b0\u1eddng \u0111\u1ed3 v\u1ea3i ch\u0103n ga g\u1ed1i spa, th\u1ea9m m\u1ef9 vi\u00ean, massage\" width=\"1347\" height=\"2263\" title=\"\" srcset=\"https:\/\/chanrathanhthuy.com\/wp-content\/uploads\/2024\/07\/vay-giuong-do-vai-chan-ga-goi-spa-tham-my-vien-massage-e1721441164911.png 1347w, https:\/\/chanrathanhthuy.com\/wp-content\/uploads\/2024\/07\/vay-giuong-do-vai-chan-ga-goi-spa-tham-my-vien-massage-e1721441164911-600x1008.png 600w, https:\/\/chanrathanhthuy.com\/wp-content\/uploads\/2024\/07\/vay-giuong-do-vai-chan-ga-goi-spa-tham-my-vien-massage-e1721441164911-179x300.png 179w, https:\/\/chanrathanhthuy.com\/wp-content\/uploads\/2024\/07\/vay-giuong-do-vai-chan-ga-goi-spa-tham-my-vien-massage-e1721441164911-610x1024.png 610w, https:\/\/chanrathanhthuy.com\/wp-content\/uploads\/2024\/07\/vay-giuong-do-vai-chan-ga-goi-spa-tham-my-vien-massage-e1721441164911-89x150.png 89w, https:\/\/chanrathanhthuy.com\/wp-content\/uploads\/2024\/07\/vay-giuong-do-vai-chan-ga-goi-spa-tham-my-vien-massage-e1721441164911-768x1290.png 768w, https:\/\/chanrathanhthuy.com\/wp-content\/uploads\/2024\/07\/vay-giuong-do-vai-chan-ga-goi-spa-tham-my-vien-massage-e1721441164911-914x1536.png 914w, https:\/\/chanrathanhthuy.com\/wp-content\/uploads\/2024\/07\/vay-giuong-do-vai-chan-ga-goi-spa-tham-my-vien-massage-e1721441164911-1219x2048.png 1219w\" sizes=\"auto, (max-width: 1347px) 100vw, 1347px\" \/><\/a><\/p>\n<h3 style=\"text-align: justify;\" data-sourcepos=\"13:1-13:56\">L\u1ee3i \u00cdch N\u1ed5i B\u1eadt Khi \u0110\u1ea7u T\u01b0 T\u1ea5m B\u1ea3o V\u1ec7 N\u1ec7m Thanh Th\u1ee7y<\/h3>\n<ul style=\"text-align: justify;\" data-sourcepos=\"15:1-19:0\">\n<li data-sourcepos=\"15:1-15:123\">B\u1ea3o V\u1ec7 T\u00e0i S\u1ea3n Hi\u1ec7u Qu\u1ea3: Gi\u00fap n\u1ec7m tr\u00e1nh kh\u1ecfi c\u00e1c v\u1ebft b\u1ea9n c\u1ee9ng \u0111\u1ea7u v\u00e0 \u1ea9m m\u1ed1c, gi\u1eef n\u1ec7m lu\u00f4n m\u1edbi v\u00e0 s\u1ea1ch s\u1ebd nh\u01b0 ban \u0111\u1ea7u.<\/li>\n<li data-sourcepos=\"16:1-16:146\">Ti\u1ebft Ki\u1ec7m Chi Ph\u00ed &amp; Th\u1eddi Gian: Gi\u1ea3m thi\u1ec3u nhu c\u1ea7u v\u1ec7 sinh n\u1ec7m \u0111\u1ecbnh k\u1ef3, \u0111\u1ed3ng th\u1eddi k\u00e9o d\u00e0i tu\u1ed5i th\u1ecd n\u1ec7m, ti\u1ebft ki\u1ec7m chi ph\u00ed \u0111\u1ea7u t\u01b0 d\u00e0i h\u1ea1n.<\/li>\n<li data-sourcepos=\"17:1-17:205\">D\u1ec5 D\u00e0ng V\u1ec7 Sinh &amp; B\u1ea3o Qu\u1ea3n: Quy c\u00e1ch \u0111\u01b0\u1eddng kim m\u0169i ch\u1ec9 ch\u1eafc ch\u1eafn, \u0111\u01b0\u1eddng may th\u1eb3ng kh\u00f4ng \u0111\u1ee9t, gi\u00fap t\u1ea5m b\u1ea3o v\u1ec7 n\u1ec7m d\u1ec5 d\u00e0ng th\u00e1o r\u1eddi \u0111\u1ec3 gi\u1eb7t gi\u0169 v\u00e0 nhanh kh\u00f4, thu\u1eadn ti\u1ec7n cho vi\u1ec7c thay th\u1ebf h\u00e0ng ng\u00e0y.<\/li>\n<li data-sourcepos=\"18:1-19:0\">Uy T\u00edn \u0110\u1ea3m B\u1ea3o T\u1eeb Th\u01b0\u01a1ng Hi\u1ec7u H\u00e0ng \u0110\u1ea7u: V\u1edbi kinh nghi\u1ec7m v\u00e0 danh ti\u1ebfng v\u1eefng ch\u1eafc trong ng\u00e0nh ch\u0103n ga g\u1ed1i n\u1ec7m, Ch\u0103n Ra Thanh Th\u1ee7y cam k\u1ebft mang \u0111\u1ebfn s\u1ea3n ph\u1ea9m ch\u1ea5t l\u01b0\u1ee3ng v\u01b0\u1ee3t tr\u1ed9i, l\u00e0 s\u1ef1 l\u1ef1a ch\u1ecdn th\u00f4ng minh cho doanh nghi\u1ec7p c\u1ee7a b\u1ea1n.<\/li>\n<\/ul>\n<p><a href=\"https:\/\/chanrathanhthuy.com\/wp-content\/uploads\/2024\/07\/Phan-khuc-dat-may-chan-ga-goi-Spa-tam-trung.png\"><img loading=\"lazy\" decoding=\"async\" class=\"aligncenter size-full wp-image-63116\" src=\"https:\/\/chanrathanhthuy.com\/wp-content\/uploads\/2024\/07\/Phan-khuc-dat-may-chan-ga-goi-Spa-tam-trung.png\" alt=\"Ph\u00e2n kh\u00fac \u0111\u1eb7t may ch\u0103n ga g\u1ed1i Spa t\u1ea7m trung\" width=\"1200\" height=\"850\" title=\"\" srcset=\"https:\/\/chanrathanhthuy.com\/wp-content\/uploads\/2024\/07\/Phan-khuc-dat-may-chan-ga-goi-Spa-tam-trung.png 1200w, https:\/\/chanrathanhthuy.com\/wp-content\/uploads\/2024\/07\/Phan-khuc-dat-may-chan-ga-goi-Spa-tam-trung-600x425.png 600w, https:\/\/chanrathanhthuy.com\/wp-content\/uploads\/2024\/07\/Phan-khuc-dat-may-chan-ga-goi-Spa-tam-trung-300x213.png 300w, https:\/\/chanrathanhthuy.com\/wp-content\/uploads\/2024\/07\/Phan-khuc-dat-may-chan-ga-goi-Spa-tam-trung-1024x725.png 1024w, https:\/\/chanrathanhthuy.com\/wp-content\/uploads\/2024\/07\/Phan-khuc-dat-may-chan-ga-goi-Spa-tam-trung-150x106.png 150w, https:\/\/chanrathanhthuy.com\/wp-content\/uploads\/2024\/07\/Phan-khuc-dat-may-chan-ga-goi-Spa-tam-trung-768x544.png 768w\" sizes=\"auto, (max-width: 1200px) 100vw, 1200px\" \/><\/a><\/p>\n<p style=\"text-align: justify;\" data-sourcepos=\"20:1-20:201\">H\u00e3y li\u00ean h\u1ec7 ngay v\u1edbi Ch\u0103n Ra Thanh Th\u1ee7y \u0111\u1ec3 \u0111\u01b0\u1ee3c t\u01b0 v\u1ea5n chuy\u00ean s\u00e2u v\u00e0 nh\u1eadn b\u00e1o gi\u00e1 t\u1ed1t nh\u1ea5t cho T\u1ea5m B\u1ea3o V\u1ec7 N\u1ec7m Spa, Th\u1ea9m M\u1ef9 Vi\u1ec7n, Qu\u00e1n Massage, gi\u00fap n\u00e2ng t\u1ea7m \u0111\u1eb3ng c\u1ea5p v\u00e0 hi\u1ec7u qu\u1ea3 kinh doanh c\u1ee7a b\u1ea1n.<\/p>\n","protected":false},"excerpt":{"rendered":"<p><span style=\"color: #ff0000;\"><strong>GI\u00c1 \u01afU \u0110\u00c3I T\u1edaI 50% KHI \u0110\u1eb6T MAY THEO Y\u00caU C\u1ea6U<\/strong><\/span><\/p>\n","protected":false},"featured_media":75229,"comment_status":"open","ping_status":"closed","template":"","meta":{"_acf_changed":false,"inline_featured_image":false},"product_cat":[2076],"product_tag":[],"class_list":{"0":"post-72494","1":"product","2":"type-product","3":"status-publish","4":"has-post-thumbnail","6":"product_cat-spa","8":"first","9":"instock","10":"purchasable","11":"product-type-variable","12":"rtwpvg-product"},"acf":[],"_links":{"self":[{"href":"https:\/\/chanrathanhthuy.com\/en\/wp-json\/wp\/v2\/product\/72494","targetHints":{"allow":["GET"]}}],"collection":[{"href":"https:\/\/chanrathanhthuy.com\/en\/wp-json\/wp\/v2\/product"}],"about":[{"href":"https:\/\/chanrathanhthuy.com\/en\/wp-json\/wp\/v2\/types\/product"}],"replies":[{"embeddable":true,"href":"https:\/\/chanrathanhthuy.com\/en\/wp-json\/wp\/v2\/comments?post=72494"}],"wp:featuredmedia":[{"embeddable":true,"href":"https:\/\/chanrathanhthuy.com\/en\/wp-json\/wp\/v2\/media\/75229"}],"wp:attachment":[{"href":"https:\/\/chanrathanhthuy.com\/en\/wp-json\/wp\/v2\/media?parent=72494"}],"wp:term":[{"taxonomy":"product_cat","embeddable":true,"href":"https:\/\/chanrathanhthuy.com\/en\/wp-json\/wp\/v2\/product_cat?post=72494"},{"taxonomy":"product_tag","embeddable":true,"href":"https:\/\/chanrathanhthuy.com\/en\/wp-json\/wp\/v2\/product_tag?post=72494"}],"curies":[{"name":"wp","href":"https:\/\/api.w.org\/{rel}","templated":true}]}}