{"id":72509,"date":"2025-04-24T03:45:50","date_gmt":"2025-04-24T03:45:50","guid":{"rendered":"https:\/\/chanrathanhthuy.com\/?post_type=product&#038;p=72509"},"modified":"2025-07-14T08:07:01","modified_gmt":"2025-07-14T08:07:01","slug":"ruot-goi-truong-hoc-ky-tuc-xa","status":"publish","type":"product","link":"https:\/\/chanrathanhthuy.com\/en\/product\/ruot-goi-truong-hoc-ky-tuc-xa\/","title":{"rendered":"Ru\u1ed9t G\u1ed1i Tr\u01b0\u1eddng H\u1ecdc &#8211; K\u00fd T\u00fac X\u00e1"},"content":{"rendered":"<h2 style=\"text-align: justify;\" data-sourcepos=\"1:1-1:105\">Ru\u1ed9t G\u1ed1i Tr\u01b0\u1eddng H\u1ecdc &#8211; K\u00fd T\u00fac X\u00e1: N\u00e2ng T\u1ea7m Gi\u1ea5c Ng\u1ee7, N\u00e2ng Cao Hi\u1ec7u Su\u1ea5t H\u1ecdc T\u1eadp C\u00f9ng Ch\u0103n Ra Thanh Th\u1ee7y<\/h2>\n<p style=\"text-align: justify;\" data-sourcepos=\"3:1-3:436\">Gi\u1ea5c ng\u1ee7 \u0111\u00f3ng vai tr\u00f2 c\u1ef1c k\u1ef3 quan tr\u1ecdng \u0111\u1ed1i v\u1edbi s\u1ee9c kh\u1ecfe v\u00e0 s\u1ef1 ph\u00e1t tri\u1ec3n c\u1ee7a h\u1ecdc sinh, sinh vi\u00ean. M\u1ed9t chi\u1ebfc g\u1ed1i \u00eam \u00e1i, ch\u1ea5t l\u01b0\u1ee3ng kh\u00f4ng ch\u1ec9 mang l\u1ea1i s\u1ef1 tho\u1ea3i m\u00e1i m\u00e0 c\u00f2n h\u1ed7 tr\u1ee3 c\u1ed9t s\u1ed1ng c\u1ed5, gi\u00fap t\u00e1i t\u1ea1o n\u0103ng l\u01b0\u1ee3ng sau nh\u1eefng gi\u1edd h\u1ecdc t\u1eadp c\u0103ng th\u1eb3ng. Th\u1ea5u hi\u1ec3u \u0111i\u1ec1u n\u00e0y, Ch\u0103n Ra Thanh Th\u1ee7y t\u1ef1 h\u00e0o gi\u1edbi thi\u1ec7u d\u00f2ng s\u1ea3n ph\u1ea9m Ru\u1ed9t G\u1ed1i Tr\u01b0\u1eddng H\u1ecdc &#8211; K\u00fd T\u00fac X\u00e1, \u0111\u01b0\u1ee3c thi\u1ebft k\u1ebf chuy\u00ean bi\u1ec7t \u0111\u1ec3 \u0111\u00e1p \u1ee9ng t\u1ed1i \u0111a nhu c\u1ea7u c\u1ee7a m\u00f4i tr\u01b0\u1eddng gi\u00e1o d\u1ee5c.<\/p>\n<p><a href=\"https:\/\/chanrathanhthuy.com\/wp-content\/uploads\/2025\/04\/Bao-gia-chan-ga-goi-truong-hoc-ki-tuc-xa.jpg\"><img loading=\"lazy\" decoding=\"async\" class=\"aligncenter size-full wp-image-76501\" src=\"https:\/\/chanrathanhthuy.com\/wp-content\/uploads\/2025\/04\/Bao-gia-chan-ga-goi-truong-hoc-ki-tuc-xa.jpg\" alt=\"\" width=\"1500\" height=\"1292\" title=\"\" srcset=\"https:\/\/chanrathanhthuy.com\/wp-content\/uploads\/2025\/04\/Bao-gia-chan-ga-goi-truong-hoc-ki-tuc-xa.jpg 1500w, https:\/\/chanrathanhthuy.com\/wp-content\/uploads\/2025\/04\/Bao-gia-chan-ga-goi-truong-hoc-ki-tuc-xa-300x258.jpg 300w, https:\/\/chanrathanhthuy.com\/wp-content\/uploads\/2025\/04\/Bao-gia-chan-ga-goi-truong-hoc-ki-tuc-xa-1024x882.jpg 1024w, https:\/\/chanrathanhthuy.com\/wp-content\/uploads\/2025\/04\/Bao-gia-chan-ga-goi-truong-hoc-ki-tuc-xa-150x129.jpg 150w, https:\/\/chanrathanhthuy.com\/wp-content\/uploads\/2025\/04\/Bao-gia-chan-ga-goi-truong-hoc-ki-tuc-xa-768x662.jpg 768w, https:\/\/chanrathanhthuy.com\/wp-content\/uploads\/2025\/04\/Bao-gia-chan-ga-goi-truong-hoc-ki-tuc-xa-600x517.jpg 600w\" sizes=\"auto, (max-width: 1500px) 100vw, 1500px\" \/><\/a><\/p>\n<h3 style=\"text-align: justify;\" data-sourcepos=\"7:1-7:93\">T\u1ea1i sao Ru\u1ed9t G\u1ed1i c\u1ee7a Ch\u0103n Ra Thanh Th\u1ee7y l\u00e0 l\u1ef1a ch\u1ecdn ho\u00e0n h\u1ea3o cho tr\u01b0\u1eddng h\u1ecdc v\u00e0 k\u00fd t\u00fac x\u00e1?<\/h3>\n<p style=\"text-align: justify;\" data-sourcepos=\"9:1-10:180\">1. Ch\u1ea5t li\u1ec7u cao c\u1ea5p, \u0111\u1ea3m b\u1ea3o s\u1ee9c kh\u1ecfe: Ch\u0103n Ra Thanh Th\u1ee7y ch\u00fa tr\u1ecdng l\u1ef1a ch\u1ecdn c\u00e1c ch\u1ea5t li\u1ec7u ru\u1ed9t g\u1ed1i an to\u00e0n v\u00e0 b\u1ec1n b\u1ec9. S\u1ea3n ph\u1ea9m ph\u1ed5 bi\u1ebfn \u0111\u01b0\u1ee3c l\u00e0m t\u1eeb g\u00f2n bi c\u1ee5c (Polyester) ho\u1eb7c l\u00f4ng v\u0169 nh\u00e2n t\u1ea1o (Microfiber).<\/p>\n<ul style=\"text-align: justify;\" data-sourcepos=\"11:1-13:0\">\n<li data-sourcepos=\"11:1-11:316\">G\u00f2n bi c\u1ee5c: V\u1edbi c\u00f4ng ngh\u1ec7 v\u00f3n bi, ru\u1ed9t g\u1ed1i gi\u1eef \u0111\u01b0\u1ee3c \u0111\u1ed9 b\u1ed3ng t\u1ed1t, h\u1ea1n ch\u1ebf t\u00ecnh tr\u1ea1ng x\u1eb9p l\u00fan sau th\u1eddi gian d\u00e0i s\u1eed d\u1ee5ng. S\u1ee3i b\u00f4ng nh\u1ecf m\u1ecbn, th\u00f4ng tho\u00e1ng, gi\u00fap h\u00fat \u1ea9m v\u00e0 t\u1ea1o c\u1ea3m gi\u00e1c \u00eam \u00e1i, nh\u1eb9 nh\u00e0ng. \u0110\u1eb7c bi\u1ec7t, lo\u1ea1i g\u00f2n n\u00e0y c\u00f2n c\u00f3 kh\u1ea3 n\u0103ng kh\u00e1ng khu\u1ea9n, kh\u00f4ng g\u00e2y d\u1ecb \u1ee9ng, \u0111\u1ea3m b\u1ea3o an to\u00e0n cho s\u1ee9c kh\u1ecfe ng\u01b0\u1eddi s\u1eed d\u1ee5ng.<\/li>\n<li data-sourcepos=\"12:1-13:0\">L\u00f4ng v\u0169 nh\u00e2n t\u1ea1o (Microfiber): Mang l\u1ea1i c\u1ea3m gi\u00e1c m\u1ec1m m\u1ea1i, \u00eam \u00e1i t\u01b0\u01a1ng t\u1ef1 l\u00f4ng v\u0169 t\u1ef1 nhi\u00ean nh\u01b0ng v\u1edbi chi ph\u00ed h\u1ee3p l\u00fd h\u01a1n v\u00e0 d\u1ec5 v\u1ec7 sinh. Ch\u1ea5t li\u1ec7u n\u00e0y c\u0169ng c\u00f3 \u0111\u1ed9 tho\u00e1ng kh\u00ed t\u1ed1t, gi\u00fap \u0111i\u1ec1u h\u00f2a nhi\u1ec7t \u0111\u1ed9, ph\u00f9 h\u1ee3p v\u1edbi kh\u00ed h\u1eadu Vi\u1ec7t Nam.<\/li>\n<\/ul>\n<p><a href=\"https:\/\/chanrathanhthuy.com\/wp-content\/uploads\/2025\/04\/Bao-gia-chan-ga-goi-truong-hoc-ky-tuc-xa-san-pham-ao-goi-va-ruot-goi.jpg\"><img loading=\"lazy\" decoding=\"async\" class=\"aligncenter size-full wp-image-76504\" src=\"https:\/\/chanrathanhthuy.com\/wp-content\/uploads\/2025\/04\/Bao-gia-chan-ga-goi-truong-hoc-ky-tuc-xa-san-pham-ao-goi-va-ruot-goi.jpg\" alt=\"\" width=\"1500\" height=\"1996\" title=\"\" srcset=\"https:\/\/chanrathanhthuy.com\/wp-content\/uploads\/2025\/04\/Bao-gia-chan-ga-goi-truong-hoc-ky-tuc-xa-san-pham-ao-goi-va-ruot-goi.jpg 1500w, https:\/\/chanrathanhthuy.com\/wp-content\/uploads\/2025\/04\/Bao-gia-chan-ga-goi-truong-hoc-ky-tuc-xa-san-pham-ao-goi-va-ruot-goi-225x300.jpg 225w, https:\/\/chanrathanhthuy.com\/wp-content\/uploads\/2025\/04\/Bao-gia-chan-ga-goi-truong-hoc-ky-tuc-xa-san-pham-ao-goi-va-ruot-goi-770x1024.jpg 770w, https:\/\/chanrathanhthuy.com\/wp-content\/uploads\/2025\/04\/Bao-gia-chan-ga-goi-truong-hoc-ky-tuc-xa-san-pham-ao-goi-va-ruot-goi-113x150.jpg 113w, https:\/\/chanrathanhthuy.com\/wp-content\/uploads\/2025\/04\/Bao-gia-chan-ga-goi-truong-hoc-ky-tuc-xa-san-pham-ao-goi-va-ruot-goi-768x1022.jpg 768w, https:\/\/chanrathanhthuy.com\/wp-content\/uploads\/2025\/04\/Bao-gia-chan-ga-goi-truong-hoc-ky-tuc-xa-san-pham-ao-goi-va-ruot-goi-1154x1536.jpg 1154w, https:\/\/chanrathanhthuy.com\/wp-content\/uploads\/2025\/04\/Bao-gia-chan-ga-goi-truong-hoc-ky-tuc-xa-san-pham-ao-goi-va-ruot-goi-600x798.jpg 600w\" sizes=\"auto, (max-width: 1500px) 100vw, 1500px\" \/><\/a><\/p>\n<p style=\"text-align: justify;\" data-sourcepos=\"14:1-15:132\">2. Thi\u1ebft k\u1ebf t\u1ed1i \u01b0u cho m\u00f4i tr\u01b0\u1eddng h\u1ecdc \u0111\u01b0\u1eddng: Ru\u1ed9t G\u1ed1i Tr\u01b0\u1eddng H\u1ecdc &#8211; K\u00fd T\u00fac X\u00e1 c\u1ee7a Ch\u0103n Ra Thanh Th\u1ee7y \u0111\u01b0\u1ee3c thi\u1ebft k\u1ebf \u0111\u1ec3 ph\u00f9 h\u1ee3p v\u1edbi \u0111\u1eb7c th\u00f9 s\u1eed d\u1ee5ng c\u1ee7a h\u1ecdc sinh, sinh vi\u00ean:<\/p>\n<ul style=\"text-align: justify;\" data-sourcepos=\"16:1-19:0\">\n<li data-sourcepos=\"16:1-16:233\">D\u1ec5 d\u00e0ng v\u1ec7 sinh: C\u1ea3 g\u00f2n bi c\u1ee5c v\u00e0 microfiber \u0111\u1ec1u c\u00f3 kh\u1ea3 n\u0103ng gi\u1eb7t m\u00e1y th\u00f4ng th\u01b0\u1eddng m\u00e0 kh\u00f4ng lo b\u1ecb v\u00f3n c\u1ee5c hay m\u1ea5t form, gi\u00fap vi\u1ec7c gi\u1eef g\u00ecn v\u1ec7 sinh lu\u00f4n d\u1ec5 d\u00e0ng, \u0111\u1ea3m b\u1ea3o m\u00f4i tr\u01b0\u1eddng ng\u1ee7 lu\u00f4n s\u1ea1ch s\u1ebd, ng\u0103n ng\u1eeba vi khu\u1ea9n v\u00e0 n\u1ea5m m\u1ed1c.<\/li>\n<li data-sourcepos=\"17:1-17:218\">\u0110\u1ed9 b\u1ec1n cao, l\u00e2u x\u1eb9p: V\u1edbi c\u00f4ng ngh\u1ec7 \u00e9p ch\u00e2n kh\u00f4ng v\u00e0 ch\u1ea5t li\u1ec7u cao c\u1ea5p, ru\u1ed9t g\u1ed1i gi\u1eef \u0111\u01b0\u1ee3c \u0111\u1ed9 \u0111\u00e0n h\u1ed3i v\u00e0 \u0111\u1ed9 ph\u1ed3ng t\u1ed1i \u01b0u, \u00edt b\u1ecb x\u1eb9p l\u00fan, \u0111\u1ea3m b\u1ea3o th\u1eddi gian s\u1eed d\u1ee5ng l\u00e2u d\u00e0i, ti\u1ebft ki\u1ec7m chi ph\u00ed thay m\u1edbi cho c\u00e1c \u0111\u01a1n v\u1ecb.<\/li>\n<li data-sourcepos=\"18:1-19:0\">V\u1ecf ru\u1ed9t g\u1ed1i 100% Cotton: V\u1ecf ru\u1ed9t g\u1ed1i th\u01b0\u1eddng \u0111\u01b0\u1ee3c l\u00e0m t\u1eeb v\u1ea3i 100% cotton, tho\u00e1ng kh\u00ed, h\u00fat \u1ea9m t\u1ed1t, mang l\u1ea1i c\u1ea3m gi\u00e1c m\u00e1t m\u1ebb, d\u1ec5 ch\u1ecbu khi s\u1eed d\u1ee5ng.<\/li>\n<\/ul>\n<p style=\"text-align: justify;\" data-sourcepos=\"20:1-21:240\">3. \u0110a d\u1ea1ng k\u00edch th\u01b0\u1edbc v\u00e0 kh\u1ea3 n\u0103ng \u0111\u1eb7t may theo y\u00eau c\u1ea7u: Ch\u0103n Ra Thanh Th\u1ee7y cung c\u1ea5p c\u00e1c k\u00edch th\u01b0\u1edbc ph\u1ed5 bi\u1ebfn nh\u01b0 40x60cm, 50x70cm v\u00e0 c\u00f3 th\u1ec3 \u0111\u1eb7t may theo y\u00eau c\u1ea7u ri\u00eang c\u1ee7a t\u1eebng tr\u01b0\u1eddng h\u1ecdc, k\u00fd t\u00fac x\u00e1. \u0110i\u1ec1u n\u00e0y gi\u00fap c\u00e1c \u0111\u01a1n v\u1ecb d\u1ec5 d\u00e0ng \u0111\u1ed3ng b\u1ed9 h\u00f3a trang b\u1ecb, t\u1ea1o s\u1ef1 th\u1ed1ng nh\u1ea5t v\u00e0 chuy\u00ean nghi\u1ec7p.<\/p>\n<p style=\"text-align: justify;\" data-sourcepos=\"25:1-25:298\">\u0110\u1ea7u t\u01b0 v\u00e0o m\u1ed9t chi\u1ebfc ru\u1ed9t g\u1ed1i ch\u1ea5t l\u01b0\u1ee3ng l\u00e0 \u0111\u1ea7u t\u01b0 v\u00e0o s\u1ee9c kh\u1ecfe v\u00e0 n\u0103ng l\u01b0\u1ee3ng c\u1ee7a th\u1ebf h\u1ec7 tr\u1ebb. V\u1edbi Ru\u1ed9t G\u1ed1i Tr\u01b0\u1eddng H\u1ecdc &#8211; K\u00fd T\u00fac X\u00e1 t\u1eeb Ch\u0103n Ra Thanh Th\u1ee7y, ch\u00fang t\u00f4i cam k\u1ebft mang \u0111\u1ebfn nh\u1eefng gi\u1ea5c ng\u1ee7 th\u1eadt s\u1ef1 th\u01b0 th\u00e1i, gi\u00fap h\u1ecdc sinh, sinh vi\u00ean lu\u00f4n tr\u00e0n \u0111\u1ea7y n\u0103ng l\u01b0\u1ee3ng \u0111\u1ec3 chinh ph\u1ee5c tri th\u1ee9c.<\/p>\n<p style=\"text-align: justify;\" data-sourcepos=\"27:1-27:147\">H\u00e3y li\u00ean h\u1ec7 v\u1edbi Ch\u0103n Ra Thanh Th\u1ee7y ngay h\u00f4m nay \u0111\u1ec3 \u0111\u01b0\u1ee3c t\u01b0 v\u1ea5n v\u00e0 l\u1ef1a ch\u1ecdn gi\u1ea3i ph\u00e1p ch\u0103n ga g\u1ed1i t\u1ed1i \u01b0u nh\u1ea5t cho tr\u01b0\u1eddng h\u1ecdc, k\u00fd t\u00fac x\u00e1 c\u1ee7a b\u1ea1n.<\/p>\n","protected":false},"excerpt":{"rendered":"<p><span style=\"color: #ff0000;\"><strong>GI\u00c1 \u01afU \u0110\u00c3I T\u1edaI 50% KHI \u0110\u1eb6T MAY THEO Y\u00caU C\u1ea6U<\/strong><\/span><\/p>\n","protected":false},"featured_media":81894,"comment_status":"open","ping_status":"closed","template":"","meta":{"_acf_changed":false,"inline_featured_image":false},"product_cat":[2075],"product_tag":[],"class_list":{"0":"post-72509","1":"product","2":"type-product","3":"status-publish","4":"has-post-thumbnail","6":"product_cat-truong-hoc-ki-tuc-xa","8":"first","9":"outofstock","10":"product-type-variable","11":"rtwpvg-product"},"acf":[],"_links":{"self":[{"href":"https:\/\/chanrathanhthuy.com\/en\/wp-json\/wp\/v2\/product\/72509","targetHints":{"allow":["GET"]}}],"collection":[{"href":"https:\/\/chanrathanhthuy.com\/en\/wp-json\/wp\/v2\/product"}],"about":[{"href":"https:\/\/chanrathanhthuy.com\/en\/wp-json\/wp\/v2\/types\/product"}],"replies":[{"embeddable":true,"href":"https:\/\/chanrathanhthuy.com\/en\/wp-json\/wp\/v2\/comments?post=72509"}],"wp:featuredmedia":[{"embeddable":true,"href":"https:\/\/chanrathanhthuy.com\/en\/wp-json\/wp\/v2\/media\/81894"}],"wp:attachment":[{"href":"https:\/\/chanrathanhthuy.com\/en\/wp-json\/wp\/v2\/media?parent=72509"}],"wp:term":[{"taxonomy":"product_cat","embeddable":true,"href":"https:\/\/chanrathanhthuy.com\/en\/wp-json\/wp\/v2\/product_cat?post=72509"},{"taxonomy":"product_tag","embeddable":true,"href":"https:\/\/chanrathanhthuy.com\/en\/wp-json\/wp\/v2\/product_tag?post=72509"}],"curies":[{"name":"wp","href":"https:\/\/api.w.org\/{rel}","templated":true}]}}