{"id":72528,"date":"2025-04-24T03:46:47","date_gmt":"2025-04-24T03:46:47","guid":{"rendered":"https:\/\/chanrathanhthuy.com\/?post_type=product&#038;p=72528"},"modified":"2025-07-14T08:04:01","modified_gmt":"2025-07-14T08:04:01","slug":"ao-goi-trang-soc-chong-nhan-truong-hoc-ky-tuc-xa","status":"publish","type":"product","link":"https:\/\/chanrathanhthuy.com\/en\/product\/ao-goi-trang-soc-chong-nhan-truong-hoc-ky-tuc-xa\/","title":{"rendered":"\u00c1o G\u1ed1i Tr\u01b0\u1eddng H\u1ecdc &#8211; K\u00fd T\u00fac X\u00e1"},"content":{"rendered":"<h2 style=\"text-align: justify;\" data-sourcepos=\"1:1-1:87\">\u00c1o G\u1ed1i Tr\u01b0\u1eddng H\u1ecdc &#8211; K\u00fd T\u00fac X\u00e1: Ch\u0103n Ra Thanh Th\u1ee7y N\u00e2ng Niu Gi\u1ea5c Ng\u1ee7 Tu\u1ed5i H\u1ecdc Tr\u00f2<\/h2>\n<p style=\"text-align: justify;\" data-sourcepos=\"3:1-3:428\">Gi\u1ea5c ng\u1ee7 ngon l\u00e0 n\u1ec1n t\u1ea3ng v\u1eefng ch\u1eafc cho s\u1ee9c kh\u1ecfe v\u00e0 kh\u1ea3 n\u0103ng ti\u1ebfp thu ki\u1ebfn th\u1ee9c c\u1ee7a h\u1ecdc sinh. \u0110\u1eb7c bi\u1ec7t t\u1ea1i c\u00e1c tr\u01b0\u1eddng h\u1ecdc n\u1ed9i tr\u00fa v\u00e0 k\u00fd t\u00fac x\u00e1, vi\u1ec7c l\u1ef1a ch\u1ecdn \u00e1o g\u1ed1i ch\u1ea5t l\u01b0\u1ee3ng l\u00e0 \u01b0u ti\u00ean h\u00e0ng \u0111\u1ea7u. Ch\u0103n Ra Thanh Th\u1ee7y t\u1ef1 h\u00e0o gi\u1edbi thi\u1ec7u s\u1ea3n ph\u1ea9m \u00c1o G\u1ed1i Tr\u01b0\u1eddng H\u1ecdc &#8211; K\u00fd T\u00fac X\u00e1 (\u0110\u1eb7t May Theo Y\u00eau C\u1ea7u), \u0111\u01b0\u1ee3c thi\u1ebft k\u1ebf chuy\u00ean bi\u1ec7t \u0111\u1ec3 mang \u0111\u1ebfn s\u1ef1 tho\u1ea3i m\u00e1i v\u00e0 an to\u00e0n cho h\u1ecdc sinh \u1edf m\u1ecdi c\u1ea5p b\u1eadc: M\u1ea7m non, Ti\u1ec3u h\u1ecdc, Ph\u1ed5 th\u00f4ng.<\/p>\n<p><a href=\"https:\/\/chanrathanhthuy.com\/wp-content\/uploads\/2025\/04\/Bao-gia-chan-ga-goi-truong-hoc-ki-tuc-xa.jpg\"><img loading=\"lazy\" decoding=\"async\" class=\"aligncenter size-full wp-image-76501\" src=\"https:\/\/chanrathanhthuy.com\/wp-content\/uploads\/2025\/04\/Bao-gia-chan-ga-goi-truong-hoc-ki-tuc-xa.jpg\" alt=\"\" width=\"1500\" height=\"1292\" title=\"\" srcset=\"https:\/\/chanrathanhthuy.com\/wp-content\/uploads\/2025\/04\/Bao-gia-chan-ga-goi-truong-hoc-ki-tuc-xa.jpg 1500w, https:\/\/chanrathanhthuy.com\/wp-content\/uploads\/2025\/04\/Bao-gia-chan-ga-goi-truong-hoc-ki-tuc-xa-300x258.jpg 300w, https:\/\/chanrathanhthuy.com\/wp-content\/uploads\/2025\/04\/Bao-gia-chan-ga-goi-truong-hoc-ki-tuc-xa-1024x882.jpg 1024w, https:\/\/chanrathanhthuy.com\/wp-content\/uploads\/2025\/04\/Bao-gia-chan-ga-goi-truong-hoc-ki-tuc-xa-150x129.jpg 150w, https:\/\/chanrathanhthuy.com\/wp-content\/uploads\/2025\/04\/Bao-gia-chan-ga-goi-truong-hoc-ki-tuc-xa-768x662.jpg 768w, https:\/\/chanrathanhthuy.com\/wp-content\/uploads\/2025\/04\/Bao-gia-chan-ga-goi-truong-hoc-ki-tuc-xa-600x517.jpg 600w\" sizes=\"auto, (max-width: 1500px) 100vw, 1500px\" \/><\/a><\/p>\n<h3 style=\"text-align: justify;\" data-sourcepos=\"5:1-5:80\">\u00c1o G\u1ed1i Tr\u01b0\u1eddng H\u1ecdc Ch\u0103n Ra Thanh Th\u1ee7y: \u0110a D\u1ea1ng Ch\u1ea5t Li\u1ec7u, T\u1ed1i \u01afu Ti\u1ec7n \u00cdch<\/h3>\n<p style=\"text-align: justify;\" data-sourcepos=\"7:1-7:211\">Ch\u00fang t\u00f4i hi\u1ec3u r\u1eb1ng m\u1ed7i m\u00f4i tr\u01b0\u1eddng v\u00e0 l\u1ee9a tu\u1ed5i h\u1ecdc sinh c\u00f3 nh\u1eefng nhu c\u1ea7u ri\u00eang bi\u1ec7t. V\u00ec v\u1eady, \u00e1o g\u1ed1i tr\u01b0\u1eddng h\u1ecdc &#8211; k\u00fd t\u00fac x\u00e1 c\u1ee7a Ch\u0103n Ra Thanh Th\u1ee7y c\u00f3 th\u1ec3 \u0111\u01b0\u1ee3c \u0111\u1eb7t may v\u1edbi nhi\u1ec1u l\u1ef1a ch\u1ecdn ch\u1ea5t li\u1ec7u cao c\u1ea5p:<\/p>\n<ul style=\"text-align: justify;\" data-sourcepos=\"9:1-13:0\">\n<li data-sourcepos=\"9:1-9:122\">Polyester: B\u1ec1n b\u1ec9, ch\u1ed1ng nh\u0103n, d\u1ec5 gi\u1eb7t v\u00e0 nhanh kh\u00f4, ph\u00f9 h\u1ee3p cho m\u00f4i tr\u01b0\u1eddng c\u1ea7n s\u1ef1 ti\u1ec7n l\u1ee3i v\u00e0 t\u1ea7n su\u1ea5t v\u1ec7 sinh cao.<\/li>\n<li data-sourcepos=\"10:1-10:164\">Cotton: M\u1ec1m m\u1ea1i, tho\u00e1ng m\u00e1t, th\u1ea5m h\u00fat m\u1ed3 h\u00f4i t\u1ed1t, mang l\u1ea1i c\u1ea3m gi\u00e1c d\u1ec5 ch\u1ecbu t\u1ed1i \u0111a, \u0111\u1eb7c bi\u1ec7t th\u00edch h\u1ee3p v\u1edbi h\u1ecdc sinh nh\u1ecf tu\u1ed5i v\u00e0 nh\u1eefng ai \u01b0a th\u00edch s\u1ef1 t\u1ef1 nhi\u00ean.<\/li>\n<li data-sourcepos=\"11:1-11:84\">N\u1ec9: \u1ea4m \u00e1p, m\u1ec1m m\u1ea1i, l\u00fd t\u01b0\u1edfng cho m\u00f9a l\u1ea1nh ho\u1eb7c nh\u1eefng khu v\u1ef1c c\u00f3 nhi\u1ec7t \u0111\u1ed9 th\u1ea5p.<\/li>\n<li data-sourcepos=\"12:1-13:0\">T\u1ec9 l\u1ec7 ch\u1ea5t li\u1ec7u theo y\u00eau c\u1ea7u: Ch\u00fang t\u00f4i linh ho\u1ea1t ph\u1ed1i tr\u1ed9n c\u00e1c lo\u1ea1i s\u1ee3i theo t\u1ec9 l\u1ec7 ph\u1ea7n tr\u0103m c\u1ee5 th\u1ec3 (v\u00ed d\u1ee5: Cotton\/Polyester) \u0111\u1ec3 t\u1ed1i \u01b0u h\u00f3a \u0111\u1eb7c t\u00ednh s\u1ea3n ph\u1ea9m theo ng\u00e2n s\u00e1ch v\u00e0 y\u00eau c\u1ea7u s\u1eed d\u1ee5ng c\u1ee7a t\u1eebng tr\u01b0\u1eddng.<\/li>\n<\/ul>\n<p style=\"text-align: justify;\" data-sourcepos=\"14:1-14:183\">S\u1ea3n ph\u1ea9m \u0111\u01b0\u1ee3c thi\u1ebft k\u1ebf \u0111\u1ec3 \u0111\u1ea3m b\u1ea3o v\u1ec7 sinh, d\u1ec5 d\u00e0ng gi\u1eb7t gi\u0169 v\u00e0 b\u1ec1n \u0111\u1eb9p theo th\u1eddi gian, h\u1ed7 tr\u1ee3 t\u1ed1i \u0111a cho c\u00f4ng t\u00e1c qu\u1ea3n l\u00fd c\u1ee7a nh\u00e0 tr\u01b0\u1eddng v\u00e0 mang l\u1ea1i gi\u1ea5c ng\u1ee7 s\u00e2u, th\u01b0 th\u00e1i cho c\u00e1c em.<\/p>\n<p><a href=\"https:\/\/chanrathanhthuy.com\/wp-content\/uploads\/2025\/04\/Bao-gia-chan-ga-goi-truong-hoc-ky-tuc-xa-san-pham-ao-goi-va-ruot-goi.jpg\"><img loading=\"lazy\" decoding=\"async\" class=\"aligncenter size-full wp-image-76504\" src=\"https:\/\/chanrathanhthuy.com\/wp-content\/uploads\/2025\/04\/Bao-gia-chan-ga-goi-truong-hoc-ky-tuc-xa-san-pham-ao-goi-va-ruot-goi.jpg\" alt=\"\" width=\"1500\" height=\"1996\" title=\"\" srcset=\"https:\/\/chanrathanhthuy.com\/wp-content\/uploads\/2025\/04\/Bao-gia-chan-ga-goi-truong-hoc-ky-tuc-xa-san-pham-ao-goi-va-ruot-goi.jpg 1500w, https:\/\/chanrathanhthuy.com\/wp-content\/uploads\/2025\/04\/Bao-gia-chan-ga-goi-truong-hoc-ky-tuc-xa-san-pham-ao-goi-va-ruot-goi-225x300.jpg 225w, https:\/\/chanrathanhthuy.com\/wp-content\/uploads\/2025\/04\/Bao-gia-chan-ga-goi-truong-hoc-ky-tuc-xa-san-pham-ao-goi-va-ruot-goi-770x1024.jpg 770w, https:\/\/chanrathanhthuy.com\/wp-content\/uploads\/2025\/04\/Bao-gia-chan-ga-goi-truong-hoc-ky-tuc-xa-san-pham-ao-goi-va-ruot-goi-113x150.jpg 113w, https:\/\/chanrathanhthuy.com\/wp-content\/uploads\/2025\/04\/Bao-gia-chan-ga-goi-truong-hoc-ky-tuc-xa-san-pham-ao-goi-va-ruot-goi-768x1022.jpg 768w, https:\/\/chanrathanhthuy.com\/wp-content\/uploads\/2025\/04\/Bao-gia-chan-ga-goi-truong-hoc-ky-tuc-xa-san-pham-ao-goi-va-ruot-goi-1154x1536.jpg 1154w, https:\/\/chanrathanhthuy.com\/wp-content\/uploads\/2025\/04\/Bao-gia-chan-ga-goi-truong-hoc-ky-tuc-xa-san-pham-ao-goi-va-ruot-goi-600x798.jpg 600w\" sizes=\"auto, (max-width: 1500px) 100vw, 1500px\" \/><\/a><\/p>\n<h3 style=\"text-align: justify;\" data-sourcepos=\"16:1-16:59\">\u0110\u1eb7t May \u00c1o G\u1ed1i Theo Y\u00eau C\u1ea7u C\u00f9ng Ch\u0103n Ra Thanh Th\u1ee7y<\/h3>\n<p style=\"text-align: justify;\" data-sourcepos=\"18:1-18:293\">Kh\u00f4ng ch\u1ec9 d\u1eebng l\u1ea1i \u1edf ch\u1ea5t li\u1ec7u, Ch\u0103n Ra Thanh Th\u1ee7y c\u00f2n cung c\u1ea5p d\u1ecbch v\u1ee5 \u0111\u1eb7t may \u00e1o g\u1ed1i tr\u01b0\u1eddng h\u1ecdc &#8211; k\u00fd t\u00fac x\u00e1 theo y\u00eau c\u1ea7u v\u1ec1 k\u00edch th\u01b0\u1edbc, m\u00e0u s\u1eafc v\u00e0 th\u1eadm ch\u00ed l\u00e0 th\u00eau\/in logo c\u1ee7a tr\u01b0\u1eddng. \u0110i\u1ec1u n\u00e0y gi\u00fap c\u00e1c c\u01a1 s\u1edf gi\u00e1o d\u1ee5c t\u1ea1o n\u00ean s\u1ef1 \u0111\u1ed3ng b\u1ed9, chuy\u00ean nghi\u1ec7p v\u00e0 kh\u1eb3ng \u0111\u1ecbnh th\u01b0\u01a1ng hi\u1ec7u ri\u00eang.<\/p>\n<p style=\"text-align: justify;\" data-sourcepos=\"20:1-20:237\">H\u00e3y li\u00ean h\u1ec7 ngay v\u1edbi Ch\u0103n Ra Thanh Th\u1ee7y \u0111\u1ec3 \u0111\u01b0\u1ee3c t\u01b0 v\u1ea5n chi ti\u1ebft v\u00e0 nh\u1eadn b\u00e1o gi\u00e1 t\u1ed1t nh\u1ea5t cho gi\u1ea3i ph\u00e1p \u00e1o g\u1ed1i tr\u01b0\u1eddng h\u1ecdc &#8211; k\u00fd t\u00fac x\u00e1 ho\u00e0n h\u1ea3o, g\u00f3p ph\u1ea7n x\u00e2y d\u1ef1ng m\u00f4i tr\u01b0\u1eddng h\u1ecdc \u0111\u01b0\u1eddng ch\u1ea5t l\u01b0\u1ee3ng v\u00e0 n\u00e2ng cao s\u1ee9c kh\u1ecfe cho th\u1ebf h\u1ec7 tr\u1ebb.<\/p>\n","protected":false},"excerpt":{"rendered":"<p><span style=\"color: #ff0000;\"><strong>GI\u00c1 \u01afU \u0110\u00c3I T\u1edaI 50% KHI \u0110\u1eb6T MAY THEO Y\u00caU C\u1ea6U<\/strong><\/span><\/p>\n","protected":false},"featured_media":76484,"comment_status":"open","ping_status":"closed","template":"","meta":{"_acf_changed":false,"inline_featured_image":false},"product_cat":[2075],"product_tag":[],"class_list":{"0":"post-72528","1":"product","2":"type-product","3":"status-publish","4":"has-post-thumbnail","6":"product_cat-truong-hoc-ki-tuc-xa","8":"first","9":"instock","10":"product-type-variable","11":"rtwpvg-product"},"acf":[],"_links":{"self":[{"href":"https:\/\/chanrathanhthuy.com\/en\/wp-json\/wp\/v2\/product\/72528","targetHints":{"allow":["GET"]}}],"collection":[{"href":"https:\/\/chanrathanhthuy.com\/en\/wp-json\/wp\/v2\/product"}],"about":[{"href":"https:\/\/chanrathanhthuy.com\/en\/wp-json\/wp\/v2\/types\/product"}],"replies":[{"embeddable":true,"href":"https:\/\/chanrathanhthuy.com\/en\/wp-json\/wp\/v2\/comments?post=72528"}],"wp:featuredmedia":[{"embeddable":true,"href":"https:\/\/chanrathanhthuy.com\/en\/wp-json\/wp\/v2\/media\/76484"}],"wp:attachment":[{"href":"https:\/\/chanrathanhthuy.com\/en\/wp-json\/wp\/v2\/media?parent=72528"}],"wp:term":[{"taxonomy":"product_cat","embeddable":true,"href":"https:\/\/chanrathanhthuy.com\/en\/wp-json\/wp\/v2\/product_cat?post=72528"},{"taxonomy":"product_tag","embeddable":true,"href":"https:\/\/chanrathanhthuy.com\/en\/wp-json\/wp\/v2\/product_tag?post=72528"}],"curies":[{"name":"wp","href":"https:\/\/api.w.org\/{rel}","templated":true}]}}