{"id":72556,"date":"2025-04-24T03:55:07","date_gmt":"2025-04-24T03:55:07","guid":{"rendered":"https:\/\/chanrathanhthuy.com\/?post_type=product&#038;p=72556"},"modified":"2025-07-14T08:07:51","modified_gmt":"2025-07-14T08:07:51","slug":"tam-lot-ngu-truong-hoc-ky-tuc-xa","status":"publish","type":"product","link":"https:\/\/chanrathanhthuy.com\/en\/product\/tam-lot-ngu-truong-hoc-ky-tuc-xa\/","title":{"rendered":"T\u1ea5m L\u00f3t Ng\u1ee7 Tr\u01b0\u1eddng H\u1ecdc &#8211; K\u00fd T\u00fac X\u00e1"},"content":{"rendered":"<h2 data-sourcepos=\"1:1-1:215\">T\u1ea5m L\u00f3t Ng\u1ee7 Tr\u01b0\u1eddng H\u1ecdc &#8211; K\u00fd T\u00fac X\u00e1<\/h2>\n<p data-sourcepos=\"3:1-3:273\">V\u1edbi cu\u1ed9c s\u1ed1ng n\u0103ng \u0111\u1ed9ng c\u1ee7a h\u1ecdc sinh, sinh vi\u00ean, m\u1ed9t gi\u1ea5c ng\u1ee7 ngon l\u00e0 y\u1ebfu t\u1ed1 then ch\u1ed1t \u0111\u1ec3 duy tr\u00ec s\u1ee9c kh\u1ecfe v\u00e0 hi\u1ec7u su\u1ea5t h\u1ecdc t\u1eadp. Th\u1ea5u hi\u1ec3u \u0111i\u1ec1u n\u00e0y, Ch\u0103n Ra Thanh Th\u1ee7y \u0111\u00e3 mang \u0111\u1ebfn s\u1ea3n ph\u1ea9m t\u1ea5m l\u00f3t ng\u1ee7 \u0111\u01b0\u1ee3c thi\u1ebft k\u1ebf chuy\u00ean bi\u1ec7t, \u0111\u00e1p \u1ee9ng m\u1ecdi nhu c\u1ea7u c\u1ee7a m\u00f4i tr\u01b0\u1eddng h\u1ecdc \u0111\u01b0\u1eddng.<\/p>\n<p><a href=\"https:\/\/chanrathanhthuy.com\/wp-content\/uploads\/2025\/04\/Bao-gia-chan-ga-goi-truong-hoc-ki-tuc-xa.jpg\"><img loading=\"lazy\" decoding=\"async\" class=\"aligncenter size-full wp-image-76501\" src=\"https:\/\/chanrathanhthuy.com\/wp-content\/uploads\/2025\/04\/Bao-gia-chan-ga-goi-truong-hoc-ki-tuc-xa.jpg\" alt=\"\" width=\"1500\" height=\"1292\" title=\"\" srcset=\"https:\/\/chanrathanhthuy.com\/wp-content\/uploads\/2025\/04\/Bao-gia-chan-ga-goi-truong-hoc-ki-tuc-xa.jpg 1500w, https:\/\/chanrathanhthuy.com\/wp-content\/uploads\/2025\/04\/Bao-gia-chan-ga-goi-truong-hoc-ki-tuc-xa-300x258.jpg 300w, https:\/\/chanrathanhthuy.com\/wp-content\/uploads\/2025\/04\/Bao-gia-chan-ga-goi-truong-hoc-ki-tuc-xa-1024x882.jpg 1024w, https:\/\/chanrathanhthuy.com\/wp-content\/uploads\/2025\/04\/Bao-gia-chan-ga-goi-truong-hoc-ki-tuc-xa-150x129.jpg 150w, https:\/\/chanrathanhthuy.com\/wp-content\/uploads\/2025\/04\/Bao-gia-chan-ga-goi-truong-hoc-ki-tuc-xa-768x662.jpg 768w, https:\/\/chanrathanhthuy.com\/wp-content\/uploads\/2025\/04\/Bao-gia-chan-ga-goi-truong-hoc-ki-tuc-xa-600x517.jpg 600w\" sizes=\"auto, (max-width: 1500px) 100vw, 1500px\" \/><\/a><\/p>\n<h3 data-sourcepos=\"5:1-5:91\">T\u1ea1i sao T\u1ea5m L\u00f3t Ng\u1ee7 Tr\u01b0\u1eddng H\u1ecdc &#8211; K\u00fd T\u00fac X\u00e1 c\u1ee7a Ch\u0103n Ra Thanh Th\u1ee7y l\u00e0 l\u1ef1a ch\u1ecdn l\u00fd t\u01b0\u1edfng?<\/h3>\n<ul data-sourcepos=\"7:1-12:0\">\n<li data-sourcepos=\"7:1-7:253\">Ch\u1ea5t li\u1ec7u cao c\u1ea5p: S\u1ea3n ph\u1ea9m \u0111\u01b0\u1ee3c l\u00e0m t\u1eeb c\u00e1c ch\u1ea5t li\u1ec7u m\u1ec1m m\u1ea1i, tho\u00e1ng m\u00e1t nh\u01b0 Polyester, Cotton, N\u1ec9, \u0111\u1ea3m b\u1ea3o s\u1ef1 \u00eam \u00e1i v\u00e0 tho\u1ea3i m\u00e1i t\u1ed1i \u0111a cho ng\u01b0\u1eddi s\u1eed d\u1ee5ng. \u0110\u1eb7c bi\u1ec7t, ch\u1ea5t li\u1ec7u cotton th\u1ea5m h\u00fat m\u1ed3 h\u00f4i t\u1ed1t, an to\u00e0n cho da, ph\u00f9 h\u1ee3p v\u1edbi m\u1ecdi th\u1eddi ti\u1ebft.<\/li>\n<li data-sourcepos=\"8:1-8:293\">Thi\u1ebft k\u1ebf \u0111a d\u1ea1ng, linh ho\u1ea1t: Ch\u0103n Ra Thanh Th\u1ee7y cung c\u1ea5p nhi\u1ec1u l\u1ef1a ch\u1ecdn v\u1ec1 h\u1ecda ti\u1ebft nh\u01b0 tr\u01a1n, th\u00eau, d\u1ec7t, ho\u1eb7c in logo theo y\u00eau c\u1ea7u, gi\u00fap kh\u00f4ng gian ngh\u1ec9 ng\u01a1i th\u00eam sinh \u0111\u1ed9ng v\u00e0 chuy\u00ean nghi\u1ec7p. \u0110i\u1ec1u n\u00e0y \u0111\u1eb7c bi\u1ec7t h\u1eefu \u00edch cho c\u00e1c tr\u01b0\u1eddng h\u1ecdc mu\u1ed1n \u0111\u1ed3ng b\u1ed9 h\u00f3a h\u00ecnh \u1ea3nh ho\u1eb7c t\u1ea1o \u0111i\u1ec3m nh\u1ea5n ri\u00eang.<\/li>\n<li data-sourcepos=\"9:1-9:239\">Ti\u1ec7n l\u1ee3i v\u00e0 d\u1ec5 d\u00e0ng v\u1ec7 sinh: T\u1ea5m l\u00f3t ng\u1ee7 c\u00f3 th\u1ec3 d\u1ec5 d\u00e0ng g\u1ea5p g\u1ecdn, di chuy\u1ec3n v\u00e0 v\u1ec7 sinh, gi\u00fap ti\u1ebft ki\u1ec7m kh\u00f4ng gian v\u00e0 c\u00f4ng s\u1ee9c. \u0110\u00e2y l\u00e0 \u01b0u \u0111i\u1ec3m v\u01b0\u1ee3t tr\u1ed9i trong m\u00f4i tr\u01b0\u1eddng k\u00fd t\u00fac x\u00e1 v\u00e0 b\u00e1n tr\u00fa, n\u01a1i s\u1ef1 ti\u1ec7n l\u1ee3i lu\u00f4n \u0111\u01b0\u1ee3c \u01b0u ti\u00ean h\u00e0ng \u0111\u1ea7u.<\/li>\n<li data-sourcepos=\"10:1-10:185\">B\u1ea3o v\u1ec7 s\u1ee9c kh\u1ecfe: M\u1ed9t gi\u1ea5c ng\u1ee7 ch\u1ea5t l\u01b0\u1ee3ng tr\u00ean t\u1ea5m l\u00f3t s\u1ea1ch s\u1ebd, \u00eam \u00e1i s\u1ebd gi\u00fap c\u1ea3i thi\u1ec7n tu\u1ea7n ho\u00e0n m\u00e1u, gi\u1ea3m \u0111au l\u01b0ng v\u00e0 mang l\u1ea1i c\u1ea3m gi\u00e1c th\u01b0 th\u00e1i sau nh\u1eefng gi\u1edd h\u1ecdc t\u1eadp c\u0103ng th\u1eb3ng.<\/li>\n<li data-sourcepos=\"11:1-12:0\">N\u00e2ng cao ch\u1ea5t l\u01b0\u1ee3ng gi\u1ea5c ng\u1ee7: S\u1ea3n ph\u1ea9m c\u1ee7a Ch\u0103n Ra Thanh Th\u1ee7y kh\u00f4ng ch\u1ec9 mang l\u1ea1i s\u1ef1 tho\u1ea3i m\u00e1i m\u00e0 c\u00f2n g\u00f3p ph\u1ea7n n\u00e2ng cao ch\u1ea5t l\u01b0\u1ee3ng gi\u1ea5c ng\u1ee7, gi\u00fap h\u1ecdc sinh, sinh vi\u00ean t\u00e1i t\u1ea1o n\u0103ng l\u01b0\u1ee3ng hi\u1ec7u qu\u1ea3.<\/li>\n<\/ul>\n<p><a href=\"https:\/\/chanrathanhthuy.com\/wp-content\/uploads\/2025\/04\/Bao-gia-chan-ga-goi-truong-hoc-ky-tuc-xa-san-pham-Tam-lot-ngu.jpg\"><img loading=\"lazy\" decoding=\"async\" class=\"aligncenter size-full wp-image-76498\" src=\"https:\/\/chanrathanhthuy.com\/wp-content\/uploads\/2025\/04\/Bao-gia-chan-ga-goi-truong-hoc-ky-tuc-xa-san-pham-Tam-lot-ngu.jpg\" alt=\"\" width=\"1500\" height=\"2410\" title=\"\" srcset=\"https:\/\/chanrathanhthuy.com\/wp-content\/uploads\/2025\/04\/Bao-gia-chan-ga-goi-truong-hoc-ky-tuc-xa-san-pham-Tam-lot-ngu.jpg 1500w, https:\/\/chanrathanhthuy.com\/wp-content\/uploads\/2025\/04\/Bao-gia-chan-ga-goi-truong-hoc-ky-tuc-xa-san-pham-Tam-lot-ngu-187x300.jpg 187w, https:\/\/chanrathanhthuy.com\/wp-content\/uploads\/2025\/04\/Bao-gia-chan-ga-goi-truong-hoc-ky-tuc-xa-san-pham-Tam-lot-ngu-637x1024.jpg 637w, https:\/\/chanrathanhthuy.com\/wp-content\/uploads\/2025\/04\/Bao-gia-chan-ga-goi-truong-hoc-ky-tuc-xa-san-pham-Tam-lot-ngu-93x150.jpg 93w, https:\/\/chanrathanhthuy.com\/wp-content\/uploads\/2025\/04\/Bao-gia-chan-ga-goi-truong-hoc-ky-tuc-xa-san-pham-Tam-lot-ngu-768x1234.jpg 768w, https:\/\/chanrathanhthuy.com\/wp-content\/uploads\/2025\/04\/Bao-gia-chan-ga-goi-truong-hoc-ky-tuc-xa-san-pham-Tam-lot-ngu-956x1536.jpg 956w, https:\/\/chanrathanhthuy.com\/wp-content\/uploads\/2025\/04\/Bao-gia-chan-ga-goi-truong-hoc-ky-tuc-xa-san-pham-Tam-lot-ngu-1275x2048.jpg 1275w, https:\/\/chanrathanhthuy.com\/wp-content\/uploads\/2025\/04\/Bao-gia-chan-ga-goi-truong-hoc-ky-tuc-xa-san-pham-Tam-lot-ngu-600x964.jpg 600w\" sizes=\"auto, (max-width: 1500px) 100vw, 1500px\" \/><\/a><\/p>\n<p data-sourcepos=\"13:1-13:301\">Ch\u0103n Ra Thanh Th\u1ee7y t\u1ef1 h\u00e0o l\u00e0 \u0111\u1ed1i t\u00e1c tin c\u1eady, mang \u0111\u1ebfn nh\u1eefng gi\u1ea3i ph\u00e1p ch\u0103n ga g\u1ed1i n\u1ec7m ch\u1ea5t l\u01b0\u1ee3ng cao, \u0111\u1eb7c bi\u1ec7t l\u00e0 c\u00e1c s\u1ea3n ph\u1ea9m \u0111\u01b0\u1ee3c \u0111\u1eb7t may theo y\u00eau c\u1ea7u d\u00e0nh ri\u00eang cho tr\u01b0\u1eddng h\u1ecdc v\u00e0 k\u00fd t\u00fac x\u00e1. Ch\u00fang t\u00f4i cam k\u1ebft mang \u0111\u1ebfn nh\u1eefng s\u1ea3n ph\u1ea9m b\u1ec1n \u0111\u1eb9p, an to\u00e0n v\u00e0 t\u1ed1i \u01b0u cho gi\u1ea5c ng\u1ee7 c\u1ee7a th\u1ebf h\u1ec7 t\u01b0\u01a1ng lai.<\/p>\n<p data-sourcepos=\"15:1-15:122\">H\u00e3y \u0111\u1ec3 T\u1ea5m L\u00f3t Ng\u1ee7 Tr\u01b0\u1eddng H\u1ecdc &#8211; K\u00fd T\u00fac X\u00e1 c\u1ee7a Ch\u0103n Ra Thanh Th\u1ee7y \u0111\u1ed3ng h\u00e0nh c\u00f9ng b\u1ea1n tr\u00ean h\u00e0nh tr\u00ecnh h\u1ecdc t\u1eadp v\u00e0 ph\u00e1t tri\u1ec3n.<\/p>\n","protected":false},"excerpt":{"rendered":"<p><span style=\"color: #ff0000;\"><strong>GI\u00c1 \u01afU \u0110\u00c3I T\u1edaI 50% KHI \u0110\u1eb6T MAY THEO Y\u00caU C\u1ea6U<\/strong><\/span><\/p>\n","protected":false},"featured_media":76528,"comment_status":"open","ping_status":"closed","template":"","meta":{"_acf_changed":false,"inline_featured_image":false},"product_cat":[2075],"product_tag":[],"class_list":{"0":"post-72556","1":"product","2":"type-product","3":"status-publish","4":"has-post-thumbnail","6":"product_cat-truong-hoc-ki-tuc-xa","8":"first","9":"outofstock","10":"taxable","11":"shipping-taxable","12":"product-type-variable","13":"rtwpvg-product"},"acf":[],"_links":{"self":[{"href":"https:\/\/chanrathanhthuy.com\/en\/wp-json\/wp\/v2\/product\/72556","targetHints":{"allow":["GET"]}}],"collection":[{"href":"https:\/\/chanrathanhthuy.com\/en\/wp-json\/wp\/v2\/product"}],"about":[{"href":"https:\/\/chanrathanhthuy.com\/en\/wp-json\/wp\/v2\/types\/product"}],"replies":[{"embeddable":true,"href":"https:\/\/chanrathanhthuy.com\/en\/wp-json\/wp\/v2\/comments?post=72556"}],"wp:featuredmedia":[{"embeddable":true,"href":"https:\/\/chanrathanhthuy.com\/en\/wp-json\/wp\/v2\/media\/76528"}],"wp:attachment":[{"href":"https:\/\/chanrathanhthuy.com\/en\/wp-json\/wp\/v2\/media?parent=72556"}],"wp:term":[{"taxonomy":"product_cat","embeddable":true,"href":"https:\/\/chanrathanhthuy.com\/en\/wp-json\/wp\/v2\/product_cat?post=72556"},{"taxonomy":"product_tag","embeddable":true,"href":"https:\/\/chanrathanhthuy.com\/en\/wp-json\/wp\/v2\/product_tag?post=72556"}],"curies":[{"name":"wp","href":"https:\/\/api.w.org\/{rel}","templated":true}]}}