{"id":72629,"date":"2025-04-24T04:31:57","date_gmt":"2025-04-24T04:31:57","guid":{"rendered":"https:\/\/chanrathanhthuy.com\/?post_type=product&#038;p=72629"},"modified":"2026-04-13T04:29:21","modified_gmt":"2026-04-13T04:29:21","slug":"ruot-men-benh-vien","status":"publish","type":"product","link":"https:\/\/chanrathanhthuy.com\/en\/product\/ruot-men-benh-vien\/","title":{"rendered":"Ru\u1ed9t M\u1ec1n B\u1ec7nh Vi\u1ec7n"},"content":{"rendered":"<h1 style=\"text-align: justify;\" data-sourcepos=\"5:1-5:75\">Ru\u1ed9t M\u1ec1n B\u1ec7nh Vi\u1ec7n: \u0110\u1ea3m B\u1ea3o \u1ea4m \u00c1p v\u00e0 V\u1ec7 Sinh T\u1ed1i \u01afu T\u1eeb Ch\u0103n Ra Thanh Th\u1ee7y<\/h1>\n<h2 style=\"text-align: justify;\" data-sourcepos=\"7:1-7:79\">Ch\u0103n Ra Thanh Th\u1ee7y: N\u00e2ng Cao Tr\u1ea3i Nghi\u1ec7m Ngh\u1ec9 Ng\u01a1i v\u00e0 H\u1ed3i Ph\u1ee5c Cho B\u1ec7nh Nh\u00e2n<\/h2>\n<p style=\"text-align: justify;\" data-sourcepos=\"9:1-9:465\">Trong m\u00f4i tr\u01b0\u1eddng y t\u1ebf, vi\u1ec7c mang l\u1ea1i s\u1ef1 tho\u1ea3i m\u00e1i v\u00e0 \u1ea5m \u00e1p cho b\u1ec7nh nh\u00e2n l\u00e0 y\u1ebfu t\u1ed1 thi\u1ebft y\u1ebfu, \u0111\u1eb7c bi\u1ec7t trong qu\u00e1 tr\u00ecnh ngh\u1ec9 ng\u01a1i v\u00e0 h\u1ed3i ph\u1ee5c. Ch\u0103n Ra Thanh Th\u1ee7y t\u1ef1 h\u00e0o l\u00e0 nh\u00e0 cung c\u1ea5p h\u00e0ng \u0111\u1ea7u c\u00e1c s\u1ea3n ph\u1ea9m \u0111\u1ed3 v\u1ea3i chuy\u00ean d\u1ee5ng cho b\u1ec7nh vi\u1ec7n, trong \u0111\u00f3 n\u1ed5i b\u1eadt l\u00e0 d\u00f2ng Ru\u1ed9t M\u1ec1n B\u1ec7nh Vi\u1ec7n. V\u1edbi ch\u1ea5t li\u1ec7u ch\u1ecdn l\u1ecdc v\u00e0 quy tr\u00ecnh s\u1ea3n xu\u1ea5t ti\u00eau chu\u1ea9n, ru\u1ed9t m\u1ec1n c\u1ee7a ch\u00fang t\u00f4i kh\u00f4ng ch\u1ec9 \u0111\u1ea3m b\u1ea3o s\u1ef1 \u00eam \u00e1i, gi\u1eef \u1ea5m m\u00e0 c\u00f2n tu\u00e2n th\u1ee7 nghi\u00eam ng\u1eb7t c\u00e1c quy \u0111\u1ecbnh v\u1ec1 v\u1ec7 sinh y t\u1ebf.<\/p>\n<figure id=\"attachment_76550\" aria-describedby=\"caption-attachment-76550\" style=\"width: 1490px\" class=\"wp-caption aligncenter\"><a href=\"https:\/\/chanrathanhthuy.com\/wp-content\/uploads\/2024\/04\/BAO-GIA-DO-VAI-BENH-VIEN-Y-TE.jpg\"><img loading=\"lazy\" decoding=\"async\" class=\"size-full wp-image-76550\" src=\"https:\/\/chanrathanhthuy.com\/wp-content\/uploads\/2024\/04\/BAO-GIA-DO-VAI-BENH-VIEN-Y-TE.jpg\" alt=\"B\u00c1O GI\u00c1 \u0110\u1ed2 V\u1ea2I B\u1ec6NH VI\u1ec6N - Y T\u1ebe\" width=\"1500\" height=\"1175\" title=\"\" srcset=\"https:\/\/chanrathanhthuy.com\/wp-content\/uploads\/2024\/04\/BAO-GIA-DO-VAI-BENH-VIEN-Y-TE.jpg 1500w, https:\/\/chanrathanhthuy.com\/wp-content\/uploads\/2024\/04\/BAO-GIA-DO-VAI-BENH-VIEN-Y-TE-300x235.jpg 300w, https:\/\/chanrathanhthuy.com\/wp-content\/uploads\/2024\/04\/BAO-GIA-DO-VAI-BENH-VIEN-Y-TE-1024x802.jpg 1024w, https:\/\/chanrathanhthuy.com\/wp-content\/uploads\/2024\/04\/BAO-GIA-DO-VAI-BENH-VIEN-Y-TE-150x118.jpg 150w, https:\/\/chanrathanhthuy.com\/wp-content\/uploads\/2024\/04\/BAO-GIA-DO-VAI-BENH-VIEN-Y-TE-768x602.jpg 768w, https:\/\/chanrathanhthuy.com\/wp-content\/uploads\/2024\/04\/BAO-GIA-DO-VAI-BENH-VIEN-Y-TE-600x470.jpg 600w\" sizes=\"auto, (max-width: 1500px) 100vw, 1500px\" \/><\/a><figcaption id=\"caption-attachment-76550\" class=\"wp-caption-text\">B\u00c1O GI\u00c1 \u0110\u1ed2 V\u1ea2I B\u1ec6NH VI\u1ec6N &#8211; Y T\u1ebe<\/figcaption><\/figure>\n<h2 style=\"text-align: justify;\" data-sourcepos=\"11:1-11:63\">\u01afu \u0110i\u1ec3m N\u1ed5i B\u1eadt C\u1ee7a Ru\u1ed9t M\u1ec1n B\u1ec7nh Vi\u1ec7n T\u1eeb Ch\u0103n Ra Thanh Th\u1ee7y<\/h2>\n<p style=\"text-align: justify;\" data-sourcepos=\"13:1-13:143\">S\u1ea3n ph\u1ea9m ru\u1ed9t m\u1ec1n c\u1ee7a Ch\u0103n Ra Thanh Th\u1ee7y \u0111\u01b0\u1ee3c thi\u1ebft k\u1ebf \u0111\u1ec3 \u0111\u00e1p \u1ee9ng t\u1ed1i \u0111a nhu c\u1ea7u c\u1ee7a c\u00e1c c\u01a1 s\u1edf y t\u1ebf, t\u1eadp trung v\u00e0o s\u1ef1 ti\u1ec7n nghi v\u00e0 an to\u00e0n.<\/p>\n<h3 style=\"text-align: justify;\" data-sourcepos=\"15:1-15:55\">Ch\u1ea5t Li\u1ec7u Cao C\u1ea5p: \u1ea4m \u00c1p, Tho\u00e1ng Kh\u00ed v\u00e0 Kh\u00e1ng Khu\u1ea9n<\/h3>\n<p style=\"text-align: justify;\" data-sourcepos=\"17:1-17:463\">Ru\u1ed9t M\u1ec1n B\u1ec7nh Vi\u1ec7n \u0111\u01b0\u1ee3c s\u1ea3n xu\u1ea5t t\u1eeb c\u00e1c lo\u1ea1i g\u00f2n cao c\u1ea5p, th\u01b0\u1eddng l\u00e0 g\u00f2n polyester ho\u1eb7c s\u1ee3i t\u1ed5ng h\u1ee3p chuy\u00ean d\u1ee5ng, \u0111\u1ea3m b\u1ea3o \u0111\u1ed9 ph\u1ed3ng, nh\u1eb9 nh\u00e0ng v\u00e0 kh\u1ea3 n\u0103ng gi\u1eef \u1ea5m hi\u1ec7u qu\u1ea3. Ch\u1ea5t li\u1ec7u n\u00e0y kh\u00f4ng ch\u1ec9 mang l\u1ea1i c\u1ea3m gi\u00e1c d\u1ec5 ch\u1ecbu cho b\u1ec7nh nh\u00e2n m\u00e0 c\u00f2n c\u00f3 \u0111\u1eb7c t\u00ednh kh\u00e1ng khu\u1ea9n, ch\u1ed1ng n\u1ea5m m\u1ed1c, gi\u1ea3m thi\u1ec3u nguy c\u01a1 d\u1ecb \u1ee9ng. \u0110\u1ed3ng th\u1eddi, c\u1ea5u tr\u00fac s\u1ee3i \u0111\u1eb7c bi\u1ec7t gi\u00fap ru\u1ed9t m\u1ec1n lu\u00f4n th\u00f4ng tho\u00e1ng, tr\u00e1nh t\u00ecnh tr\u1ea1ng b\u00ed b\u00e1ch, t\u1ea1o \u0111i\u1ec1u ki\u1ec7n t\u1ed1t nh\u1ea5t cho gi\u1ea5c ng\u1ee7 c\u1ee7a ng\u01b0\u1eddi b\u1ec7nh.<\/p>\n<p><a href=\"https:\/\/chanrathanhthuy.com\/wp-content\/uploads\/2024\/04\/Quan-Ly-Va-Xu-Ly-Do-Vai-Y-Te-Benh-Vien.png\"><img loading=\"lazy\" decoding=\"async\" class=\"aligncenter size-full wp-image-61410\" src=\"https:\/\/chanrathanhthuy.com\/wp-content\/uploads\/2024\/04\/Quan-Ly-Va-Xu-Ly-Do-Vai-Y-Te-Benh-Vien.png\" alt=\"\u0110\u1ed3 V\u1ea3i Y T\u1ebf B\u1ec7nh Vi\u1ec7n\" width=\"1410\" height=\"1182\" title=\"\" srcset=\"https:\/\/chanrathanhthuy.com\/wp-content\/uploads\/2024\/04\/Quan-Ly-Va-Xu-Ly-Do-Vai-Y-Te-Benh-Vien.png 1410w, https:\/\/chanrathanhthuy.com\/wp-content\/uploads\/2024\/04\/Quan-Ly-Va-Xu-Ly-Do-Vai-Y-Te-Benh-Vien-600x503.png 600w, https:\/\/chanrathanhthuy.com\/wp-content\/uploads\/2024\/04\/Quan-Ly-Va-Xu-Ly-Do-Vai-Y-Te-Benh-Vien-300x251.png 300w, https:\/\/chanrathanhthuy.com\/wp-content\/uploads\/2024\/04\/Quan-Ly-Va-Xu-Ly-Do-Vai-Y-Te-Benh-Vien-1024x858.png 1024w, https:\/\/chanrathanhthuy.com\/wp-content\/uploads\/2024\/04\/Quan-Ly-Va-Xu-Ly-Do-Vai-Y-Te-Benh-Vien-150x126.png 150w, https:\/\/chanrathanhthuy.com\/wp-content\/uploads\/2024\/04\/Quan-Ly-Va-Xu-Ly-Do-Vai-Y-Te-Benh-Vien-768x644.png 768w\" sizes=\"auto, (max-width: 1410px) 100vw, 1410px\" \/><\/a><\/p>\n<h3 style=\"text-align: justify;\" data-sourcepos=\"19:1-19:70\">\u0110\u1ed9 B\u1ec1n V\u01b0\u1ee3t Tr\u1ed9i &amp; D\u1ec5 D\u00e0ng V\u1ec7 Sinh: Ti\u1ebft Ki\u1ec7m Chi Ph\u00ed V\u1eadn H\u00e0nh<\/h3>\n<p style=\"text-align: justify;\" data-sourcepos=\"21:1-21:464\">M\u1ed9t trong nh\u1eefng y\u1ebfu t\u1ed1 quan tr\u1ecdng nh\u1ea5t \u0111\u1ed1i v\u1edbi \u0111\u1ed3 v\u1ea3i b\u1ec7nh vi\u1ec7n l\u00e0 kh\u1ea3 n\u0103ng ch\u1ecbu \u0111\u1ef1ng quy tr\u00ecnh gi\u1eb7t t\u1ea9y v\u00e0 ti\u1ec7t tr\u00f9ng kh\u1eafc nghi\u1ec7t. Ru\u1ed9t M\u1ec1n B\u1ec7nh Vi\u1ec7n c\u1ee7a Ch\u0103n Ra Thanh Th\u1ee7y \u0111\u01b0\u1ee3c thi\u1ebft k\u1ebf v\u1edbi \u0111\u1ed9 b\u1ec1n cao, gi\u1eef \u0111\u01b0\u1ee3c form d\u00e1ng v\u00e0 \u0111\u1ed9 ph\u1ed3ng ban \u0111\u1ea7u ngay c\u1ea3 sau nhi\u1ec1u l\u1ea7n gi\u1eb7t. \u0110\u1eb7c t\u00ednh d\u1ec5 d\u00e0ng v\u1ec7 sinh v\u00e0 nhanh kh\u00f4 kh\u00f4ng ch\u1ec9 gi\u00fap duy tr\u00ec m\u00f4i tr\u01b0\u1eddng s\u1ea1ch s\u1ebd, v\u00f4 tr\u00f9ng m\u00e0 c\u00f2n t\u1ed1i \u01b0u h\u00f3a chi ph\u00ed v\u1eadn h\u00e0nh cho b\u1ec7nh vi\u1ec7n, \u0111\u1ea3m b\u1ea3o hi\u1ec7u qu\u1ea3 kinh t\u1ebf l\u00e2u d\u00e0i.<\/p>\n<h3 style=\"text-align: justify;\" data-sourcepos=\"23:1-23:63\">G\u00f3p Ph\u1ea7n T\u00edch C\u1ef1c V\u00e0o Qu\u00e1 Tr\u00ecnh H\u1ed3i Ph\u1ee5c S\u1ee9c Kh\u1ecfe B\u1ec7nh Nh\u00e2n<\/h3>\n<p style=\"text-align: justify;\" data-sourcepos=\"25:1-25:426\">S\u1ef1 \u1ea5m \u00e1p, \u00eam \u00e1i v\u00e0 s\u1ea1ch s\u1ebd c\u1ee7a Ru\u1ed9t M\u1ec1n B\u1ec7nh Vi\u1ec7n c\u00f3 vai tr\u00f2 thi\u1ebft y\u1ebfu trong vi\u1ec7c t\u1ea1o ra m\u1ed9t m\u00f4i tr\u01b0\u1eddng ngh\u1ec9 ng\u01a1i l\u00fd t\u01b0\u1edfng. Khi b\u1ec7nh nh\u00e2n c\u1ea3m th\u1ea5y tho\u1ea3i m\u00e1i, gi\u1ea5c ng\u1ee7 s\u00e2u v\u00e0 ch\u1ea5t l\u01b0\u1ee3ng h\u01a1n, t\u1eeb \u0111\u00f3 gi\u00fap c\u01a1 th\u1ec3 ph\u1ee5c h\u1ed3i nhanh ch\u00f3ng, gi\u1ea3m c\u0103ng th\u1eb3ng v\u00e0 c\u1ea3i thi\u1ec7n tinh th\u1ea7n. Ch\u0103n Ra Thanh Th\u1ee7y cam k\u1ebft mang \u0111\u1ebfn nh\u1eefng s\u1ea3n ph\u1ea9m kh\u00f4ng ch\u1ec9 \u0111\u1ea1t chu\u1ea9n m\u00e0 c\u00f2n v\u01b0\u1ee3t tr\u1ed9i, g\u00f3p ph\u1ea7n t\u00edch c\u1ef1c v\u00e0o c\u00f4ng t\u00e1c ch\u0103m s\u00f3c s\u1ee9c kh\u1ecfe c\u1ed9ng \u0111\u1ed3ng.<\/p>\n<p style=\"text-align: justify;\" data-sourcepos=\"27:1-27:202\">V\u1edbi cam k\u1ebft v\u1ec1 ch\u1ea5t l\u01b0\u1ee3ng v\u00e0 s\u1ef1 am hi\u1ec3u s\u00e2u s\u1eafc v\u1ec1 nhu c\u1ea7u ng\u00e0nh y t\u1ebf, Ch\u0103n Ra Thanh Th\u1ee7y l\u00e0 l\u1ef1a ch\u1ecdn h\u00e0ng \u0111\u1ea7u cho c\u00e1c gi\u1ea3i ph\u00e1p ru\u1ed9t m\u1ec1n b\u1ec7nh vi\u1ec7n, mang \u0111\u1ebfn s\u1ef1 an to\u00e0n, v\u1ec7 sinh v\u00e0 ti\u1ec7n nghi t\u1ed1i \u01b0u.<\/p>\n<p style=\"text-align: justify;\" data-sourcepos=\"29:1-29:135\">\u0110\u1ec3 bi\u1ebft th\u00eam th\u00f4ng tin chi ti\u1ebft v\u1ec1 s\u1ea3n ph\u1ea9m v\u00e0 nh\u1eadn b\u00e1o gi\u00e1 \u01b0u \u0111\u00e3i, Qu\u00fd b\u1ec7nh vi\u1ec7n vui l\u00f2ng li\u00ean h\u1ec7 Ch\u0103n Ra Thanh Th\u1ee7y ngay h\u00f4m nay<\/p>\n","protected":false},"excerpt":{"rendered":"<div class=\"wrap-product-attributes\">\n<p>&nbsp;<\/p>\n<\/div>\n","protected":false},"featured_media":75561,"comment_status":"open","ping_status":"closed","template":"","meta":{"_acf_changed":false,"inline_featured_image":false},"product_cat":[2074],"product_tag":[],"class_list":{"0":"post-72629","1":"product","2":"type-product","3":"status-publish","4":"has-post-thumbnail","6":"product_cat-benh-vien","8":"first","9":"instock","10":"purchasable","11":"product-type-variable","12":"rtwpvg-product"},"acf":[],"_links":{"self":[{"href":"https:\/\/chanrathanhthuy.com\/en\/wp-json\/wp\/v2\/product\/72629","targetHints":{"allow":["GET"]}}],"collection":[{"href":"https:\/\/chanrathanhthuy.com\/en\/wp-json\/wp\/v2\/product"}],"about":[{"href":"https:\/\/chanrathanhthuy.com\/en\/wp-json\/wp\/v2\/types\/product"}],"replies":[{"embeddable":true,"href":"https:\/\/chanrathanhthuy.com\/en\/wp-json\/wp\/v2\/comments?post=72629"}],"wp:featuredmedia":[{"embeddable":true,"href":"https:\/\/chanrathanhthuy.com\/en\/wp-json\/wp\/v2\/media\/75561"}],"wp:attachment":[{"href":"https:\/\/chanrathanhthuy.com\/en\/wp-json\/wp\/v2\/media?parent=72629"}],"wp:term":[{"taxonomy":"product_cat","embeddable":true,"href":"https:\/\/chanrathanhthuy.com\/en\/wp-json\/wp\/v2\/product_cat?post=72629"},{"taxonomy":"product_tag","embeddable":true,"href":"https:\/\/chanrathanhthuy.com\/en\/wp-json\/wp\/v2\/product_tag?post=72629"}],"curies":[{"name":"wp","href":"https:\/\/api.w.org\/{rel}","templated":true}]}}