{"id":72653,"date":"2025-04-24T04:32:23","date_gmt":"2025-04-24T04:32:23","guid":{"rendered":"https:\/\/chanrathanhthuy.com\/?post_type=product&#038;p=72653"},"modified":"2026-04-13T04:25:04","modified_gmt":"2026-04-13T04:25:04","slug":"tam-bao-ve-nem-benh-vien","status":"publish","type":"product","link":"https:\/\/chanrathanhthuy.com\/en\/product\/tam-bao-ve-nem-benh-vien\/","title":{"rendered":"T\u1ea5m B\u1ea3o V\u1ec7 N\u1ec7m B\u1ec7nh Vi\u1ec7n"},"content":{"rendered":"<h1 style=\"text-align: justify;\" data-sourcepos=\"1:1-1:78\">T\u1ea5m B\u1ea3o V\u1ec7 N\u1ec7m B\u1ec7nh Vi\u1ec7n: L\u00e1 Ch\u1eafn V\u1ec7 Sinh V\u00e0 Ti\u1ec7n Nghi T\u1eeb Ch\u0103n Ra Thanh Th\u1ee7y<\/h1>\n<h2 style=\"text-align: justify;\" data-sourcepos=\"3:1-3:74\">Ch\u0103n Ra Thanh Th\u1ee7y: Gi\u1ea3i Ph\u00e1p T\u1ed1i \u01afu Cho Gi\u01b0\u1eddng B\u1ec7nh S\u1ea1ch S\u1ebd v\u00e0 An To\u00e0n<\/h2>\n<p style=\"text-align: justify;\" data-sourcepos=\"5:1-5:456\">Trong m\u00f4i tr\u01b0\u1eddng y t\u1ebf, vi\u1ec7c duy tr\u00ec v\u1ec7 sinh tuy\u1ec7t \u0111\u1ed1i v\u00e0 s\u1ef1 tho\u1ea3i m\u00e1i cho b\u1ec7nh nh\u00e2n l\u00e0 v\u00f4 c\u00f9ng quan tr\u1ecdng. T\u1ea5m B\u1ea3o V\u1ec7 N\u1ec7m B\u1ec7nh Vi\u1ec7n c\u1ee7a Ch\u0103n Ra Thanh Th\u1ee7y l\u00e0 m\u1ed9t s\u1ea3n ph\u1ea9m kh\u00f4ng th\u1ec3 thi\u1ebfu, \u0111\u00f3ng vai tr\u00f2 nh\u01b0 m\u1ed9t l\u00e1 ch\u1eafn ki\u00ean c\u1ed1, b\u1ea3o v\u1ec7 n\u1ec7m kh\u1ecfi m\u1ecdi ch\u1ea5t l\u1ecfng v\u00e0 t\u00e1c nh\u00e2n g\u00e2y b\u1ea9n, \u0111\u1ed3ng th\u1eddi n\u00e2ng cao tr\u1ea3i nghi\u1ec7m ngh\u1ec9 ng\u01a1i c\u1ee7a ng\u01b0\u1eddi b\u1ec7nh. Ch\u00fang t\u00f4i t\u1ef1 h\u00e0o mang \u0111\u1ebfn nh\u1eefng s\u1ea3n ph\u1ea9m \u0111\u1ea1t ti\u00eau chu\u1ea9n cao nh\u1ea5t, ph\u00f9 h\u1ee3p v\u1edbi m\u1ecdi y\u00eau c\u1ea7u kh\u1eaft khe c\u1ee7a ng\u00e0nh y t\u1ebf.<\/p>\n<figure id=\"attachment_76550\" aria-describedby=\"caption-attachment-76550\" style=\"width: 1490px\" class=\"wp-caption aligncenter\"><a href=\"https:\/\/chanrathanhthuy.com\/wp-content\/uploads\/2024\/04\/BAO-GIA-DO-VAI-BENH-VIEN-Y-TE.jpg\"><img loading=\"lazy\" decoding=\"async\" class=\"size-full wp-image-76550\" src=\"https:\/\/chanrathanhthuy.com\/wp-content\/uploads\/2024\/04\/BAO-GIA-DO-VAI-BENH-VIEN-Y-TE.jpg\" alt=\"B\u00c1O GI\u00c1 \u0110\u1ed2 V\u1ea2I B\u1ec6NH VI\u1ec6N - Y T\u1ebe\" width=\"1500\" height=\"1175\" title=\"\" srcset=\"https:\/\/chanrathanhthuy.com\/wp-content\/uploads\/2024\/04\/BAO-GIA-DO-VAI-BENH-VIEN-Y-TE.jpg 1500w, https:\/\/chanrathanhthuy.com\/wp-content\/uploads\/2024\/04\/BAO-GIA-DO-VAI-BENH-VIEN-Y-TE-300x235.jpg 300w, https:\/\/chanrathanhthuy.com\/wp-content\/uploads\/2024\/04\/BAO-GIA-DO-VAI-BENH-VIEN-Y-TE-1024x802.jpg 1024w, https:\/\/chanrathanhthuy.com\/wp-content\/uploads\/2024\/04\/BAO-GIA-DO-VAI-BENH-VIEN-Y-TE-150x118.jpg 150w, https:\/\/chanrathanhthuy.com\/wp-content\/uploads\/2024\/04\/BAO-GIA-DO-VAI-BENH-VIEN-Y-TE-768x602.jpg 768w, https:\/\/chanrathanhthuy.com\/wp-content\/uploads\/2024\/04\/BAO-GIA-DO-VAI-BENH-VIEN-Y-TE-600x470.jpg 600w\" sizes=\"auto, (max-width: 1500px) 100vw, 1500px\" \/><\/a><figcaption id=\"caption-attachment-76550\" class=\"wp-caption-text\">B\u00c1O GI\u00c1 \u0110\u1ed2 V\u1ea2I B\u1ec6NH VI\u1ec6N &#8211; Y T\u1ebe<\/figcaption><\/figure>\n<h2 style=\"text-align: justify;\" data-sourcepos=\"7:1-7:71\">\u01afu \u0110i\u1ec3m V\u01b0\u1ee3t Tr\u1ed9i C\u1ee7a T\u1ea5m B\u1ea3o V\u1ec7 N\u1ec7m B\u1ec7nh Vi\u1ec7n T\u1eeb Ch\u0103n Ra Thanh Th\u1ee7y<\/h2>\n<p style=\"text-align: justify;\" data-sourcepos=\"9:1-9:152\">C\u00e1c t\u1ea5m b\u1ea3o v\u1ec7 n\u1ec7m c\u1ee7a Ch\u0103n Ra Thanh Th\u1ee7y \u0111\u01b0\u1ee3c thi\u1ebft k\u1ebf chuy\u00ean bi\u1ec7t \u0111\u1ec3 \u0111\u00e1p \u1ee9ng c\u00e1c ti\u00eau chu\u1ea9n cao v\u1ec1 v\u1ec7 sinh, \u0111\u1ed9 b\u1ec1n v\u00e0 s\u1ef1 ti\u1ec7n l\u1ee3i trong b\u1ec7nh vi\u1ec7n.<\/p>\n<h3 style=\"text-align: justify;\" data-sourcepos=\"11:1-11:50\">Ch\u1ea5t Li\u1ec7u \u0110a D\u1ea1ng v\u00e0 Cao C\u1ea5p: B\u1ea3o V\u1ec7 To\u00e0n Di\u1ec7n<\/h3>\n<p style=\"text-align: justify;\" data-sourcepos=\"13:1-13:169\">T\u1ea5m B\u1ea3o V\u1ec7 N\u1ec7m B\u1ec7nh Vi\u1ec7n t\u1eeb Ch\u0103n Ra Thanh Th\u1ee7y \u0111\u01b0\u1ee3c s\u1ea3n xu\u1ea5t t\u1eeb c\u00e1c ch\u1ea5t li\u1ec7u ch\u1ea5t l\u01b0\u1ee3ng cao, b\u1ec1n b\u1ec9 v\u00e0 an to\u00e0n, ph\u00f9 h\u1ee3p v\u1edbi nhu c\u1ea7u \u0111a d\u1ea1ng c\u1ee7a t\u1eebng c\u01a1 s\u1edf y t\u1ebf:<\/p>\n<ul style=\"text-align: justify;\" data-sourcepos=\"14:1-18:0\">\n<li data-sourcepos=\"14:1-14:40\">T300CN (60% Cotton, 40% Polyester)<\/li>\n<li data-sourcepos=\"15:1-15:38\">T300 (80% Cotton, 20% Polyester)<\/li>\n<li data-sourcepos=\"16:1-16:17\">100% Cotton<\/li>\n<li data-sourcepos=\"17:1-18:0\">100% Polyester<\/li>\n<\/ul>\n<p style=\"text-align: justify;\" data-sourcepos=\"19:1-19:237\">C\u00e1c ch\u1ea5t li\u1ec7u n\u00e0y \u0111\u01b0\u1ee3c l\u1ef1a ch\u1ecdn k\u1ef9 l\u01b0\u1ee1ng \u0111\u1ec3 \u0111\u1ea3m b\u1ea3o kh\u1ea3 n\u0103ng ch\u1ed1ng th\u1ea5m hi\u1ec7u qu\u1ea3, ng\u0103n ch\u1eb7n ch\u1ea5t l\u1ecfng, v\u1ebft b\u1ea9n v\u00e0 vi khu\u1ea9n x\u00e2m nh\u1eadp v\u00e0o n\u1ec7m. \u0110\u1ed3ng th\u1eddi, ch\u00fang c\u00f2n t\u0103ng c\u01b0\u1eddng s\u1ef1 m\u1ec1m m\u1ea1i, mang l\u1ea1i c\u1ea3m gi\u00e1c d\u1ec5 ch\u1ecbu cho b\u1ec7nh nh\u00e2n khi n\u1eb1m.<\/p>\n<p data-sourcepos=\"19:1-19:237\"><a href=\"https:\/\/chanrathanhthuy.com\/wp-content\/uploads\/2024\/11\/Du-an-Chan-ga-goi-dem-Benh-vien-Y-te-7.png\"><img loading=\"lazy\" decoding=\"async\" class=\"aligncenter size-full wp-image-66437\" src=\"https:\/\/chanrathanhthuy.com\/wp-content\/uploads\/2024\/11\/Du-an-Chan-ga-goi-dem-Benh-vien-Y-te-7.png\" alt=\"D\u1ef1 \u00e1n Ch\u0103n ga g\u1ed1i \u0111\u1ec7m B\u1ec7nh vi\u1ec7n - Y t\u1ebf\" width=\"1800\" height=\"900\" title=\"\" srcset=\"https:\/\/chanrathanhthuy.com\/wp-content\/uploads\/2024\/11\/Du-an-Chan-ga-goi-dem-Benh-vien-Y-te-7.png 1800w, https:\/\/chanrathanhthuy.com\/wp-content\/uploads\/2024\/11\/Du-an-Chan-ga-goi-dem-Benh-vien-Y-te-7-600x300.png 600w, https:\/\/chanrathanhthuy.com\/wp-content\/uploads\/2024\/11\/Du-an-Chan-ga-goi-dem-Benh-vien-Y-te-7-300x150.png 300w, https:\/\/chanrathanhthuy.com\/wp-content\/uploads\/2024\/11\/Du-an-Chan-ga-goi-dem-Benh-vien-Y-te-7-1024x512.png 1024w, https:\/\/chanrathanhthuy.com\/wp-content\/uploads\/2024\/11\/Du-an-Chan-ga-goi-dem-Benh-vien-Y-te-7-150x75.png 150w, https:\/\/chanrathanhthuy.com\/wp-content\/uploads\/2024\/11\/Du-an-Chan-ga-goi-dem-Benh-vien-Y-te-7-768x384.png 768w, https:\/\/chanrathanhthuy.com\/wp-content\/uploads\/2024\/11\/Du-an-Chan-ga-goi-dem-Benh-vien-Y-te-7-1536x768.png 1536w\" sizes=\"auto, (max-width: 1800px) 100vw, 1800px\" \/><\/a><\/p>\n<h3 style=\"text-align: justify;\" data-sourcepos=\"21:1-21:67\">Thi\u1ebft K\u1ebf Ch\u1eafc Ch\u1eafn &amp; D\u1ec5 D\u00e0ng V\u1ec7 Sinh: N\u00e2ng Cao Tu\u1ed5i Th\u1ecd N\u1ec7m<\/h3>\n<p style=\"text-align: justify;\" data-sourcepos=\"23:1-23:453\">S\u1ea3n ph\u1ea9m \u0111\u01b0\u1ee3c may v\u1edbi \u0111\u01b0\u1eddng ch\u1ec9 th\u1eb3ng t\u1eafp (straight stitching) v\u00e0 thi\u1ebft k\u1ebf \u00f4m s\u00e1t n\u1ec7m (secure fit), \u0111\u1ea3m b\u1ea3o t\u1ea5m b\u1ea3o v\u1ec7 kh\u00f4ng b\u1ecb x\u00f4 l\u1ec7ch trong qu\u00e1 tr\u00ecnh s\u1eed d\u1ee5ng. \u0110\u1eb7c t\u00ednh n\u00e0y c\u00f9ng v\u1edbi \u0111\u1ed9 b\u1ec1n v\u01b0\u1ee3t tr\u1ed9i gi\u00fap t\u1ea5m b\u1ea3o v\u1ec7 n\u1ec7m ch\u1ecbu \u0111\u01b0\u1ee3c t\u1ea7n su\u1ea5t gi\u1eb7t v\u00e0 ti\u1ec7t tr\u00f9ng cao, k\u00e9o d\u00e0i tu\u1ed5i th\u1ecd c\u1ee7a n\u1ec7m b\u1ec7nh vi\u1ec7n, t\u1eeb \u0111\u00f3 ti\u1ebft ki\u1ec7m chi ph\u00ed thay th\u1ebf \u0111\u00e1ng k\u1ec3. Kh\u1ea3 n\u0103ng d\u1ec5 d\u00e0ng l\u00e0m s\u1ea1ch c\u0169ng gi\u00fap duy tr\u00ec m\u00f4i tr\u01b0\u1eddng gi\u01b0\u1eddng b\u1ec7nh lu\u00f4n s\u1ea1ch s\u1ebd v\u00e0 v\u00f4 tr\u00f9ng.<\/p>\n<h3 style=\"text-align: justify;\" data-sourcepos=\"25:1-25:51\">Mang L\u1ea1i S\u1ef1 Tho\u1ea3i M\u00e1i T\u1ed1i \u0110a v\u00e0 H\u1ed7 Tr\u1ee3 Ph\u1ee5c H\u1ed3i<\/h3>\n<p style=\"text-align: justify;\" data-sourcepos=\"27:1-27:300\">Ngo\u00e0i ch\u1ee9c n\u0103ng b\u1ea3o v\u1ec7, T\u1ea5m B\u1ea3o V\u1ec7 N\u1ec7m B\u1ec7nh Vi\u1ec7n c\u00f2n th\u00eam m\u1ed9t l\u1edbp \u0111\u1ec7m \u00eam \u00e1i, g\u00f3p ph\u1ea7n n\u00e2ng cao s\u1ef1 tho\u1ea3i m\u00e1i cho b\u1ec7nh nh\u00e2n. \u0110i\u1ec1u n\u00e0y \u0111\u1eb7c bi\u1ec7t quan tr\u1ecdng \u0111\u1ed1i v\u1edbi nh\u1eefng ng\u01b0\u1eddi ph\u1ea3i n\u1eb1m l\u00e2u, gi\u00fap gi\u1ea3m \u00e1p l\u1ef1c v\u00e0 t\u1ea1o \u0111i\u1ec1u ki\u1ec7n t\u1ed1t h\u01a1n cho gi\u1ea5c ng\u1ee7, t\u1eeb \u0111\u00f3 h\u1ed7 tr\u1ee3 t\u00edch c\u1ef1c v\u00e0o qu\u00e1 tr\u00ecnh h\u1ed3i ph\u1ee5c s\u1ee9c kh\u1ecfe.<\/p>\n<p style=\"text-align: justify;\" data-sourcepos=\"29:1-29:204\">V\u1edbi cam k\u1ebft v\u1ec1 ch\u1ea5t l\u01b0\u1ee3ng v\u00e0 s\u1ef1 am hi\u1ec3u s\u00e2u s\u1eafc v\u1ec1 nhu c\u1ea7u ng\u00e0nh y t\u1ebf, Ch\u0103n Ra Thanh Th\u1ee7y l\u00e0 l\u1ef1a ch\u1ecdn h\u00e0ng \u0111\u1ea7u cho c\u00e1c gi\u1ea3i ph\u00e1p b\u1ea3o v\u1ec7 n\u1ec7m b\u1ec7nh vi\u1ec7n, mang \u0111\u1ebfn s\u1ef1 an to\u00e0n, v\u1ec7 sinh v\u00e0 ti\u1ec7n nghi t\u1ed1i \u01b0u.<\/p>\n<p style=\"text-align: justify;\" data-sourcepos=\"31:1-31:130\">\u0110\u1ec3 bi\u1ebft th\u00eam th\u00f4ng tin chi ti\u1ebft v\u1ec1 s\u1ea3n ph\u1ea9m v\u00e0 c\u00e1c gi\u1ea3i ph\u00e1p \u0111\u1ed3 v\u1ea3i b\u1ec7nh vi\u1ec7n kh\u00e1c, vui l\u00f2ng truy c\u1eadp trang web c\u1ee7a ch\u00fang t\u00f4i t\u1ea1i:<\/p>\n<ul data-sourcepos=\"33:1-33:99\">\n<li style=\"text-align: justify;\" data-sourcepos=\"33:1-33:99\"><a class=\"ng-star-inserted\" href=\"https:\/\/chanrathanhthuy.com\/du-an\/bao-gia-do-vai-benh-vien-y-te\/\" target=\"_blank\" rel=\"noopener\">B\u00e1o Gi\u00e1 \u0110\u1ed3 V\u1ea3i B\u1ec7nh Vi\u1ec7n Y T\u1ebf<\/a><\/li>\n<\/ul>\n","protected":false},"excerpt":{"rendered":"<div class=\"wrap-product-attributes\">\n<p>&nbsp;<\/p>\n<\/div>\n","protected":false},"featured_media":75564,"comment_status":"open","ping_status":"closed","template":"","meta":{"_acf_changed":false,"inline_featured_image":false},"product_cat":[2074],"product_tag":[],"class_list":{"0":"post-72653","1":"product","2":"type-product","3":"status-publish","4":"has-post-thumbnail","6":"product_cat-benh-vien","8":"first","9":"instock","10":"purchasable","11":"product-type-variable","12":"rtwpvg-product"},"acf":[],"_links":{"self":[{"href":"https:\/\/chanrathanhthuy.com\/en\/wp-json\/wp\/v2\/product\/72653","targetHints":{"allow":["GET"]}}],"collection":[{"href":"https:\/\/chanrathanhthuy.com\/en\/wp-json\/wp\/v2\/product"}],"about":[{"href":"https:\/\/chanrathanhthuy.com\/en\/wp-json\/wp\/v2\/types\/product"}],"replies":[{"embeddable":true,"href":"https:\/\/chanrathanhthuy.com\/en\/wp-json\/wp\/v2\/comments?post=72653"}],"wp:featuredmedia":[{"embeddable":true,"href":"https:\/\/chanrathanhthuy.com\/en\/wp-json\/wp\/v2\/media\/75564"}],"wp:attachment":[{"href":"https:\/\/chanrathanhthuy.com\/en\/wp-json\/wp\/v2\/media?parent=72653"}],"wp:term":[{"taxonomy":"product_cat","embeddable":true,"href":"https:\/\/chanrathanhthuy.com\/en\/wp-json\/wp\/v2\/product_cat?post=72653"},{"taxonomy":"product_tag","embeddable":true,"href":"https:\/\/chanrathanhthuy.com\/en\/wp-json\/wp\/v2\/product_tag?post=72653"}],"curies":[{"name":"wp","href":"https:\/\/api.w.org\/{rel}","templated":true}]}}