{"id":72687,"date":"2025-04-24T06:07:28","date_gmt":"2025-04-24T06:07:28","guid":{"rendered":"https:\/\/chanrathanhthuy.com\/?post_type=product&#038;p=72687"},"modified":"2026-04-14T17:27:06","modified_gmt":"2026-04-14T17:27:06","slug":"khan-cotton-xe-khach-xe-giuong-nam","status":"publish","type":"product","link":"https:\/\/chanrathanhthuy.com\/en\/product\/khan-cotton-xe-khach-xe-giuong-nam\/","title":{"rendered":"Kh\u0103n Cotton Xe Kh\u00e1ch &#8211; Xe Gi\u01b0\u1eddng N\u1eb1m"},"content":{"rendered":"<h2 style=\"text-align: justify;\">Kh\u0103n Cotton Cao C\u1ea5p Cho Xe Kh\u00e1ch &#8211; Xe Gi\u01b0\u1eddng N\u1eb1m: N\u00e2ng T\u1ea7m Tr\u1ea3i Nghi\u1ec7m Kh\u00e1ch H\u00e0ng C\u00f9ng Ch\u0103n Ra Thanh Th\u1ee7y<\/h2>\n<p style=\"text-align: justify;\">Trong ng\u00e0nh v\u1eadn t\u1ea3i h\u00e0nh kh\u00e1ch, \u0111\u1eb7c bi\u1ec7t l\u00e0 c\u00e1c chuy\u1ebfn xe kh\u00e1ch \u0111\u01b0\u1eddng d\u00e0i hay xe gi\u01b0\u1eddng n\u1eb1m, s\u1ef1 tho\u1ea3i m\u00e1i v\u00e0 v\u1ec7 sinh lu\u00f4n l\u00e0 \u01b0u ti\u00ean h\u00e0ng \u0111\u1ea7u. B\u00ean c\u1ea1nh ch\u0103n ga g\u1ed1i \u0111\u1ec7m ch\u1ea5t l\u01b0\u1ee3ng, nh\u1eefng chi\u1ebfc kh\u0103n cotton m\u1ec1m m\u1ea1i, s\u1ea1ch s\u1ebd \u0111\u00f3ng vai tr\u00f2 quan tr\u1ecdng trong vi\u1ec7c n\u00e2ng cao tr\u1ea3i nghi\u1ec7m t\u1ed5ng th\u1ec3 c\u1ee7a h\u00e0nh kh\u00e1ch. Ch\u0103n Ra Thanh Th\u1ee7y t\u1ef1 h\u00e0o mang \u0111\u1ebfn c\u00e1c gi\u1ea3i ph\u00e1p kh\u0103n cotton cao c\u1ea5p, chuy\u00ean bi\u1ec7t d\u00e0nh cho xe kh\u00e1ch v\u00e0 xe gi\u01b0\u1eddng n\u1eb1m, \u0111\u00e1p \u1ee9ng m\u1ecdi ti\u00eau chu\u1ea9n v\u1ec1 ch\u1ea5t l\u01b0\u1ee3ng, an to\u00e0n v\u00e0 th\u1ea9m m\u1ef9.<\/p>\n<p><a href=\"https:\/\/chanrathanhthuy.com\/wp-content\/uploads\/2024\/08\/Chan-ga-goi-dem-xe-khach-xe-giuong-nam-xe-phong-nam.jpg\"><img loading=\"lazy\" decoding=\"async\" class=\"aligncenter size-full wp-image-63839\" src=\"https:\/\/chanrathanhthuy.com\/wp-content\/uploads\/2024\/08\/Chan-ga-goi-dem-xe-khach-xe-giuong-nam-xe-phong-nam.jpg\" alt=\"Ch\u0103n ga g\u1ed1i \u0111\u1ec7m xe kh\u00e1ch, xe gi\u01b0\u1eddng n\u1eb1m, xe ph\u00f2ng n\u1eb1m\" width=\"1500\" height=\"1044\" title=\"\" srcset=\"https:\/\/chanrathanhthuy.com\/wp-content\/uploads\/2024\/08\/Chan-ga-goi-dem-xe-khach-xe-giuong-nam-xe-phong-nam.jpg 1500w, https:\/\/chanrathanhthuy.com\/wp-content\/uploads\/2024\/08\/Chan-ga-goi-dem-xe-khach-xe-giuong-nam-xe-phong-nam-600x418.jpg 600w, https:\/\/chanrathanhthuy.com\/wp-content\/uploads\/2024\/08\/Chan-ga-goi-dem-xe-khach-xe-giuong-nam-xe-phong-nam-300x209.jpg 300w, https:\/\/chanrathanhthuy.com\/wp-content\/uploads\/2024\/08\/Chan-ga-goi-dem-xe-khach-xe-giuong-nam-xe-phong-nam-1024x713.jpg 1024w, https:\/\/chanrathanhthuy.com\/wp-content\/uploads\/2024\/08\/Chan-ga-goi-dem-xe-khach-xe-giuong-nam-xe-phong-nam-150x104.jpg 150w, https:\/\/chanrathanhthuy.com\/wp-content\/uploads\/2024\/08\/Chan-ga-goi-dem-xe-khach-xe-giuong-nam-xe-phong-nam-768x535.jpg 768w\" sizes=\"auto, (max-width: 1500px) 100vw, 1500px\" \/><\/a><\/p>\n<h3 style=\"text-align: justify;\">V\u00ec Sao Kh\u0103n Cotton L\u00e0 L\u1ef1a Ch\u1ecdn T\u1ed1i \u01afu Cho Xe Kh\u00e1ch &#8211; Xe Gi\u01b0\u1eddng N\u1eb1m?<\/h3>\n<p style=\"text-align: justify;\">M\u1ec1m M\u1ea1i v\u00e0 Th\u1ea5m H\u00fat T\u1ed1t: S\u1ee3i cotton t\u1ef1 nhi\u00ean n\u1ed5i ti\u1ebfng v\u1edbi kh\u1ea3 n\u0103ng th\u1ea5m h\u00fat v\u01b0\u1ee3t tr\u1ed9i, mang l\u1ea1i c\u1ea3m gi\u00e1c kh\u00f4 tho\u00e1ng, d\u1ec5 ch\u1ecbu. \u0110i\u1ec1u n\u00e0y \u0111\u1eb7c bi\u1ec7t quan tr\u1ecdng cho h\u00e0nh kh\u00e1ch mu\u1ed1n v\u1ec7 sinh c\u00e1 nh\u00e2n ho\u1eb7c \u0111\u01a1n gi\u1ea3n l\u00e0 c\u1ea3m nh\u1eadn s\u1ef1 m\u1ec1m m\u1ea1i khi ti\u1ebfp x\u00fac.<\/p>\n<p style=\"text-align: justify;\">An To\u00e0n v\u00e0 Th\u00e2n Thi\u1ec7n V\u1edbi Da: Kh\u0103n cotton t\u1ef1 nhi\u00ean kh\u00f4ng ch\u1ee9a h\u00f3a ch\u1ea5t \u0111\u1ed9c h\u1ea1i, \u00edt g\u00e2y k\u00edch \u1ee9ng, an to\u00e0n cho m\u1ecdi lo\u1ea1i da, k\u1ec3 c\u1ea3 da nh\u1ea1y c\u1ea3m. \u0110\u00e2y l\u00e0 y\u1ebfu t\u1ed1 then ch\u1ed1t gi\u00fap kh\u00e1ch h\u00e0ng c\u1ea3m th\u1ea5y y\u00ean t\u00e2m khi s\u1eed d\u1ee5ng s\u1ea3n ph\u1ea9m trong su\u1ed1t h\u00e0nh tr\u00ecnh.<\/p>\n<p><a href=\"https:\/\/chanrathanhthuy.com\/wp-content\/uploads\/2024\/08\/khan-cotton-tham-cotton-Chan-ga-goi-xe-khach-xe-giuong-nam-xe-phong-nam.png\"><img loading=\"lazy\" decoding=\"async\" class=\"aligncenter size-full wp-image-64192\" src=\"https:\/\/chanrathanhthuy.com\/wp-content\/uploads\/2024\/08\/khan-cotton-tham-cotton-Chan-ga-goi-xe-khach-xe-giuong-nam-xe-phong-nam.png\" alt=\"kh\u0103n cotton, th\u1ea3m cotton Ch\u0103n ga g\u1ed1i xe kh\u00e1ch, xe gi\u01b0\u1eddng n\u1eb1m, xe ph\u00f2ng n\u1eb1m\" width=\"1500\" height=\"2166\" title=\"\" srcset=\"https:\/\/chanrathanhthuy.com\/wp-content\/uploads\/2024\/08\/khan-cotton-tham-cotton-Chan-ga-goi-xe-khach-xe-giuong-nam-xe-phong-nam.png 1500w, https:\/\/chanrathanhthuy.com\/wp-content\/uploads\/2024\/08\/khan-cotton-tham-cotton-Chan-ga-goi-xe-khach-xe-giuong-nam-xe-phong-nam-600x866.png 600w, https:\/\/chanrathanhthuy.com\/wp-content\/uploads\/2024\/08\/khan-cotton-tham-cotton-Chan-ga-goi-xe-khach-xe-giuong-nam-xe-phong-nam-208x300.png 208w, https:\/\/chanrathanhthuy.com\/wp-content\/uploads\/2024\/08\/khan-cotton-tham-cotton-Chan-ga-goi-xe-khach-xe-giuong-nam-xe-phong-nam-709x1024.png 709w, https:\/\/chanrathanhthuy.com\/wp-content\/uploads\/2024\/08\/khan-cotton-tham-cotton-Chan-ga-goi-xe-khach-xe-giuong-nam-xe-phong-nam-104x150.png 104w, https:\/\/chanrathanhthuy.com\/wp-content\/uploads\/2024\/08\/khan-cotton-tham-cotton-Chan-ga-goi-xe-khach-xe-giuong-nam-xe-phong-nam-768x1109.png 768w, https:\/\/chanrathanhthuy.com\/wp-content\/uploads\/2024\/08\/khan-cotton-tham-cotton-Chan-ga-goi-xe-khach-xe-giuong-nam-xe-phong-nam-1064x1536.png 1064w, https:\/\/chanrathanhthuy.com\/wp-content\/uploads\/2024\/08\/khan-cotton-tham-cotton-Chan-ga-goi-xe-khach-xe-giuong-nam-xe-phong-nam-1418x2048.png 1418w\" sizes=\"auto, (max-width: 1500px) 100vw, 1500px\" \/><\/a><\/p>\n<p style=\"text-align: justify;\">Tho\u00e1ng Kh\u00ed v\u00e0 Nhanh Kh\u00f4: C\u1ea5u tr\u00fac s\u1ee3i cotton gi\u00fap kh\u0103n tho\u00e1ng kh\u00ed, kh\u00f4ng g\u00e2y b\u00ed b\u00e1ch v\u00e0 kh\u00f4 nhanh ch\u00f3ng, h\u1ea1n ch\u1ebf s\u1ef1 ph\u00e1t tri\u1ec3n c\u1ee7a vi khu\u1ea9n v\u00e0 m\u00f9i kh\u00f3 ch\u1ecbu, \u0111\u1ea3m b\u1ea3o v\u1ec7 sinh t\u1ed1i \u01b0u.<\/p>\n<p style=\"text-align: justify;\">B\u1ec1n B\u1ec9 v\u00e0 D\u1ec5 Gi\u1eb7t Gi\u0169: V\u1edbi t\u1ea7n su\u1ea5t s\u1eed d\u1ee5ng v\u00e0 gi\u1eb7t t\u1ea9y cao trong ng\u00e0nh v\u1eadn t\u1ea3i, kh\u0103n cotton l\u00e0 l\u1ef1a ch\u1ecdn l\u00fd t\u01b0\u1edfng nh\u1edd \u0111\u1ed9 b\u1ec1n v\u01b0\u1ee3t tr\u1ed9i, kh\u1ea3 n\u0103ng ch\u1ecbu \u0111\u01b0\u1ee3c nhi\u1ec1u l\u1ea7n gi\u1eb7t m\u00e0 v\u1eabn gi\u1eef \u0111\u01b0\u1ee3c form d\u00e1ng v\u00e0 ch\u1ea5t l\u01b0\u1ee3ng.<\/p>\n<p style=\"text-align: justify;\">T\u1ea1o C\u1ea3m Gi\u00e1c V\u1ec7 Sinh v\u00e0 Chuy\u00ean Nghi\u1ec7p: M\u1ed9t chi\u1ebfc kh\u0103n s\u1ea1ch s\u1ebd, \u0111\u01b0\u1ee3c g\u1ea5p g\u1ecdn g\u00e0ng th\u1ec3 hi\u1ec7n s\u1ef1 chuy\u00ean nghi\u1ec7p c\u1ee7a nh\u00e0 xe, gi\u00fap h\u00e0nh kh\u00e1ch c\u1ea3m th\u1ea5y \u0111\u01b0\u1ee3c quan t\u00e2m v\u00e0 ch\u0103m s\u00f3c chu \u0111\u00e1o.<\/p>\n<h3 style=\"text-align: justify;\">Ch\u0103n Ra Thanh Th\u1ee7y: \u0110\u1ed1i T\u00e1c Tin C\u1eady Cung C\u1ea5p Kh\u0103n Cotton Cho Xe Kh\u00e1ch &#8211; Xe Gi\u01b0\u1eddng N\u1eb1m<\/h3>\n<p style=\"text-align: justify;\">V\u1edbi h\u01a1n 25 n\u0103m kinh nghi\u1ec7m trong ng\u00e0nh, Ch\u0103n Ra Thanh Th\u1ee7y kh\u00f4ng ch\u1ec9 l\u00e0 nh\u00e0 cung c\u1ea5p ch\u0103n ga g\u1ed1i \u0111\u1ec7m h\u00e0ng \u0111\u1ea7u m\u00e0 c\u00f2n l\u00e0 \u0111\u1ed1i t\u00e1c \u0111\u00e1ng tin c\u1eady trong vi\u1ec7c cung c\u1ea5p c\u00e1c lo\u1ea1i kh\u0103n cotton \u0111a d\u1ea1ng cho xe kh\u00e1ch v\u00e0 xe gi\u01b0\u1eddng n\u1eb1m. Ch\u00fang t\u00f4i cung c\u1ea5p \u0111\u1ea7y \u0111\u1ee7 c\u00e1c lo\u1ea1i kh\u0103n t\u1eeb kh\u0103n m\u1eb7t, kh\u0103n tay, kh\u0103n t\u1eafm nh\u1ecf \u0111\u1ebfn th\u1ea3m ch\u00f9i ch\u00e2n cotton, \u0111\u1ea3m b\u1ea3o ch\u1ea5t l\u01b0\u1ee3ng \u0111\u1ed3ng b\u1ed9 v\u00e0 v\u01b0\u1ee3t tr\u1ed9i.<\/p>\n<ul style=\"text-align: justify;\">\n<li>S\u1ea3n Ph\u1ea9m \u0110a D\u1ea1ng, Ch\u1ea5t L\u01b0\u1ee3ng \u0110\u1ed3ng Nh\u1ea5t: T\u1ea5t c\u1ea3 s\u1ea3n ph\u1ea9m kh\u0103n cotton c\u1ee7a ch\u00fang t\u00f4i \u0111\u1ec1u \u0111\u01b0\u1ee3c s\u1ea3n xu\u1ea5t t\u1eeb ch\u1ea5t li\u1ec7u ch\u1ecdn l\u1ecdc, \u0111\u1ea3m b\u1ea3o \u0111\u1ed9 b\u1ec1n v\u00e0 an to\u00e0n t\u1ed1i \u0111a, ph\u00f9 h\u1ee3p v\u1edbi m\u00f4i tr\u01b0\u1eddng s\u1eed d\u1ee5ng tr\u00ean xe.<\/li>\n<li>Gi\u1ea3i Ph\u00e1p T\u00f9y Ch\u1ec9nh (OEM &amp; ODM): Ch\u00fang t\u00f4i hi\u1ec3u r\u1eb1ng m\u1ed7i \u0111\u01a1n v\u1ecb v\u1eadn t\u1ea3i c\u00f3 nh\u1eefng y\u00eau c\u1ea7u ri\u00eang bi\u1ec7t. Ch\u0103n Ra Thanh Th\u1ee7y cung c\u1ea5p d\u1ecbch v\u1ee5 s\u1ea3n xu\u1ea5t theo y\u00eau c\u1ea7u (OEM &amp; ODM), gi\u00fap kh\u00e1ch h\u00e0ng d\u1ec5 d\u00e0ng t\u00f9y ch\u1ec9nh k\u00edch th\u01b0\u1edbc, m\u00e0u s\u1eafc, v\u00e0 \u0111\u1eb7c bi\u1ec7t l\u00e0 th\u00eau logo th\u01b0\u01a1ng hi\u1ec7u l\u00ean kh\u0103n \u0111\u1ec3 t\u0103ng c\u01b0\u1eddng nh\u1eadn di\u1ec7n v\u00e0 t\u00ednh chuy\u00ean nghi\u1ec7p.<\/li>\n<li>Tu\u00e2n Th\u1ee7 Ti\u00eau Chu\u1ea9n V\u1ec7 Sinh An To\u00e0n: T\u1ea5t c\u1ea3 s\u1ea3n ph\u1ea9m kh\u0103n cotton c\u1ee7a Ch\u0103n Ra Thanh Th\u1ee7y \u0111\u1ec1u \u0111\u00e1p \u1ee9ng nghi\u00eam ng\u1eb7t c\u00e1c ti\u00eau chu\u1ea9n v\u1ec1 an to\u00e0n v\u00e0 v\u1ec7 sinh, \u0111\u1ea3m b\u1ea3o an t\u00e2m tuy\u1ec7t \u0111\u1ed1i cho c\u1ea3 h\u00e0nh kh\u00e1ch v\u00e0 nh\u00e0 v\u1eadn h\u00e0nh.<\/li>\n<\/ul>\n<p style=\"text-align: justify;\">\u0110\u1ea7u t\u01b0 v\u00e0o kh\u0103n cotton ch\u1ea5t l\u01b0\u1ee3ng cao t\u1eeb Ch\u0103n Ra Thanh Th\u1ee7y l\u00e0 c\u00e1ch th\u00f4ng minh \u0111\u1ec3 n\u00e2ng cao s\u1ef1 h\u00e0i l\u00f2ng c\u1ee7a h\u00e0nh kh\u00e1ch, \u0111\u1ed3ng th\u1eddi t\u1ed1i \u01b0u h\u00f3a chi ph\u00ed v\u00e0 hi\u1ec7u qu\u1ea3 v\u1eadn h\u00e0nh cho doanh nghi\u1ec7p c\u1ee7a b\u1ea1n.<\/p>\n","protected":false},"excerpt":{"rendered":"<div class=\"wrap-product-attributes\">\n<form class=\"variations_form cart wvs-loaded\" action=\"https:\/\/chanrathanhthuy.com\/chan-ga-khach-san\/khach-san-homestay-nha-nghi\/1-1-ao-goi-trang-tron-khach-san-dat-may-theo-yeu-cau\/\" enctype=\"multipart\/form-data\" method=\"post\" data-product_id=\"79859\" data-product_variations=\"false\">\n<div data-product_id=\"79859\" data-threshold_min=\"30\" data-threshold_max=\"100\" data-total=\"49\">\n<div class=\"single_variation_wrap\">\n<div class=\"woocommerce-product-details__short-description\">\n<p style=\"text-align: justify;\"><span style=\"color: #ff0000;\"><strong>GI\u00c1 \u01afU \u0110\u00c3I T\u1edaI 50% KHI \u0110\u1eb6T MAY THEO Y\u00caU C\u1ea6U<\/strong><\/span><\/p>\n<\/div>\n<\/div>\n<\/div>\n<\/form>\n<\/div>\n","protected":false},"featured_media":75492,"comment_status":"open","ping_status":"closed","template":"","meta":{"_acf_changed":false,"inline_featured_image":false},"product_cat":[2116],"product_tag":[],"class_list":{"0":"post-72687","1":"product","2":"type-product","3":"status-publish","4":"has-post-thumbnail","6":"product_cat-xe-khach-xe-giuong-nam","8":"first","9":"instock","10":"taxable","11":"shipping-taxable","12":"purchasable","13":"product-type-variable","14":"rtwpvg-product"},"acf":[],"_links":{"self":[{"href":"https:\/\/chanrathanhthuy.com\/en\/wp-json\/wp\/v2\/product\/72687","targetHints":{"allow":["GET"]}}],"collection":[{"href":"https:\/\/chanrathanhthuy.com\/en\/wp-json\/wp\/v2\/product"}],"about":[{"href":"https:\/\/chanrathanhthuy.com\/en\/wp-json\/wp\/v2\/types\/product"}],"replies":[{"embeddable":true,"href":"https:\/\/chanrathanhthuy.com\/en\/wp-json\/wp\/v2\/comments?post=72687"}],"wp:featuredmedia":[{"embeddable":true,"href":"https:\/\/chanrathanhthuy.com\/en\/wp-json\/wp\/v2\/media\/75492"}],"wp:attachment":[{"href":"https:\/\/chanrathanhthuy.com\/en\/wp-json\/wp\/v2\/media?parent=72687"}],"wp:term":[{"taxonomy":"product_cat","embeddable":true,"href":"https:\/\/chanrathanhthuy.com\/en\/wp-json\/wp\/v2\/product_cat?post=72687"},{"taxonomy":"product_tag","embeddable":true,"href":"https:\/\/chanrathanhthuy.com\/en\/wp-json\/wp\/v2\/product_tag?post=72687"}],"curies":[{"name":"wp","href":"https:\/\/api.w.org\/{rel}","templated":true}]}}