{"id":72688,"date":"2025-04-24T06:07:31","date_gmt":"2025-04-24T06:07:31","guid":{"rendered":"https:\/\/chanrathanhthuy.com\/?post_type=product&#038;p=72688"},"modified":"2025-07-10T04:04:44","modified_gmt":"2025-07-10T04:04:44","slug":"rem-cua-xe-khach-xe-giuong-nam","status":"publish","type":"product","link":"https:\/\/chanrathanhthuy.com\/en\/product\/rem-cua-xe-khach-xe-giuong-nam\/","title":{"rendered":"R\u00e8m C\u1eeda Xe Kh\u00e1ch &#8211; Xe Gi\u01b0\u1eddng N\u1eb1m"},"content":{"rendered":"<h2 style=\"text-align: justify;\">R\u00e8m C\u1eeda Xe Kh\u00e1ch &#8211; Xe Gi\u01b0\u1eddng N\u1eb1m: N\u00e2ng T\u1ea7m Ri\u00eang T\u01b0 v\u00e0 Th\u1ea9m M\u1ef9 C\u00f9ng Ch\u0103n Ra Thanh Th\u1ee7y<\/h2>\n<p style=\"text-align: justify;\">Tr\u00ean c\u00e1c chuy\u1ebfn xe kh\u00e1ch \u0111\u01b0\u1eddng d\u00e0i hay xe gi\u01b0\u1eddng n\u1eb1m, vi\u1ec7c \u0111\u1ea3m b\u1ea3o s\u1ef1 ri\u00eang t\u01b0 v\u00e0 ti\u1ec7n nghi cho h\u00e0nh kh\u00e1ch l\u00e0 y\u1ebfu t\u1ed1 then ch\u1ed1t t\u1ea1o n\u00ean tr\u1ea3i nghi\u1ec7m di chuy\u1ec3n h\u00e0i l\u00f2ng. M\u1ed9t trong nh\u1eefng chi ti\u1ebft tuy nh\u1ecf nh\u01b0ng l\u1ea1i c\u00f3 vai tr\u00f2 v\u00f4 c\u00f9ng quan tr\u1ecdng ch\u00ednh l\u00e0 r\u00e8m c\u1eeda. Ch\u0103n Ra Thanh Th\u1ee7y t\u1ef1 h\u00e0o cung c\u1ea5p c\u00e1c gi\u1ea3i ph\u00e1p r\u00e8m c\u1eeda chuy\u00ean bi\u1ec7t cho xe kh\u00e1ch v\u00e0 xe gi\u01b0\u1eddng n\u1eb1m, v\u1eeba t\u0103ng c\u01b0\u1eddng s\u1ef1 tho\u1ea3i m\u00e1i, v\u1eeba n\u00e2ng cao t\u00ednh th\u1ea9m m\u1ef9 cho kh\u00f4ng gian xe.<\/p>\n<p><a href=\"https:\/\/chanrathanhthuy.com\/wp-content\/uploads\/2024\/11\/Du-an-Chan-ga-goi-dem-Xe-khach-Xe-giuong-nam-va-Xe-phong-nam-4.png\"><img loading=\"lazy\" decoding=\"async\" class=\"aligncenter size-full wp-image-66478\" src=\"https:\/\/chanrathanhthuy.com\/wp-content\/uploads\/2024\/11\/Du-an-Chan-ga-goi-dem-Xe-khach-Xe-giuong-nam-va-Xe-phong-nam-4.png\" alt=\"D\u1ef1 \u00e1n Ch\u0103n ga g\u1ed1i \u0111\u1ec7m Xe kh\u00e1ch, Xe gi\u01b0\u1eddng n\u1eb1m v\u00e0 Xe ph\u00f2ng n\u1eb1m\" width=\"1800\" height=\"900\" title=\"\" srcset=\"https:\/\/chanrathanhthuy.com\/wp-content\/uploads\/2024\/11\/Du-an-Chan-ga-goi-dem-Xe-khach-Xe-giuong-nam-va-Xe-phong-nam-4.png 1800w, https:\/\/chanrathanhthuy.com\/wp-content\/uploads\/2024\/11\/Du-an-Chan-ga-goi-dem-Xe-khach-Xe-giuong-nam-va-Xe-phong-nam-4-600x300.png 600w, https:\/\/chanrathanhthuy.com\/wp-content\/uploads\/2024\/11\/Du-an-Chan-ga-goi-dem-Xe-khach-Xe-giuong-nam-va-Xe-phong-nam-4-300x150.png 300w, https:\/\/chanrathanhthuy.com\/wp-content\/uploads\/2024\/11\/Du-an-Chan-ga-goi-dem-Xe-khach-Xe-giuong-nam-va-Xe-phong-nam-4-1024x512.png 1024w, https:\/\/chanrathanhthuy.com\/wp-content\/uploads\/2024\/11\/Du-an-Chan-ga-goi-dem-Xe-khach-Xe-giuong-nam-va-Xe-phong-nam-4-150x75.png 150w, https:\/\/chanrathanhthuy.com\/wp-content\/uploads\/2024\/11\/Du-an-Chan-ga-goi-dem-Xe-khach-Xe-giuong-nam-va-Xe-phong-nam-4-768x384.png 768w, https:\/\/chanrathanhthuy.com\/wp-content\/uploads\/2024\/11\/Du-an-Chan-ga-goi-dem-Xe-khach-Xe-giuong-nam-va-Xe-phong-nam-4-1536x768.png 1536w\" sizes=\"auto, (max-width: 1800px) 100vw, 1800px\" \/><\/a><\/p>\n<h3 style=\"text-align: justify;\">V\u00ec Sao R\u00e8m C\u1eeda Ch\u1ea5t L\u01b0\u1ee3ng L\u00e0 Y\u1ebfu T\u1ed1 C\u1ea7n Thi\u1ebft Cho Xe Kh\u00e1ch &#8211; Xe Gi\u01b0\u1eddng N\u1eb1m?<\/h3>\n<p style=\"text-align: justify;\">\u0110\u1ea3m B\u1ea3o S\u1ef1 Ri\u00eang T\u01b0: \u0110\u00e2y l\u00e0 l\u1ee3i \u00edch h\u00e0ng \u0111\u1ea7u c\u1ee7a r\u00e8m c\u1eeda, \u0111\u1eb7c bi\u1ec7t quan tr\u1ecdng tr\u00ean xe gi\u01b0\u1eddng n\u1eb1m. R\u00e8m gi\u00fap h\u00e0nh kh\u00e1ch c\u00f3 kh\u00f4ng gian ri\u00eang t\u01b0 c\u1ea7n thi\u1ebft, kh\u00f4ng b\u1ecb l\u00e0m phi\u1ec1n b\u1edfi \u00e1nh s\u00e1ng b\u00ean ngo\u00e0i ho\u1eb7c \u00e1nh nh\u00ecn t\u1eeb ng\u01b0\u1eddi kh\u00e1c, t\u1ea1o c\u1ea3m gi\u00e1c an to\u00e0n v\u00e0 tho\u1ea3i m\u00e1i nh\u01b0 \u1edf nh\u00e0.<\/p>\n<p style=\"text-align: justify;\">Ch\u1ed1ng N\u1eafng, Ch\u1ed1ng Ch\u00f3i Hi\u1ec7u Qu\u1ea3: R\u00e8m c\u1eeda gi\u00fap c\u1ea3n b\u1edbt \u00e1nh n\u1eafng gay g\u1eaft, tia UV v\u00e0 \u00e1nh s\u00e1ng ch\u00f3i t\u1eeb \u0111\u00e8n \u0111\u01b0\u1eddng, \u0111\u1ea3m b\u1ea3o kh\u00f4ng gian b\u00ean trong xe lu\u00f4n d\u1ecbu m\u00e1t v\u00e0 d\u1ec5 ch\u1ecbu, gi\u00fap h\u00e0nh kh\u00e1ch d\u1ec5 d\u00e0ng ngh\u1ec9 ng\u01a1i ho\u1eb7c ng\u1ee7.<\/p>\n<p><a href=\"https:\/\/chanrathanhthuy.com\/wp-content\/uploads\/2024\/11\/Du-an-Chan-ga-goi-dem-Xe-khach-Xe-giuong-nam-va-Xe-phong-nam-1.png\"><img loading=\"lazy\" decoding=\"async\" class=\"aligncenter size-full wp-image-66493\" src=\"https:\/\/chanrathanhthuy.com\/wp-content\/uploads\/2024\/11\/Du-an-Chan-ga-goi-dem-Xe-khach-Xe-giuong-nam-va-Xe-phong-nam-1.png\" alt=\"D\u1ef1 \u00e1n Ch\u0103n ga g\u1ed1i \u0111\u1ec7m Xe kh\u00e1ch, Xe gi\u01b0\u1eddng n\u1eb1m v\u00e0 Xe ph\u00f2ng n\u1eb1m\" width=\"1800\" height=\"900\" title=\"\" srcset=\"https:\/\/chanrathanhthuy.com\/wp-content\/uploads\/2024\/11\/Du-an-Chan-ga-goi-dem-Xe-khach-Xe-giuong-nam-va-Xe-phong-nam-1.png 1800w, https:\/\/chanrathanhthuy.com\/wp-content\/uploads\/2024\/11\/Du-an-Chan-ga-goi-dem-Xe-khach-Xe-giuong-nam-va-Xe-phong-nam-1-600x300.png 600w, https:\/\/chanrathanhthuy.com\/wp-content\/uploads\/2024\/11\/Du-an-Chan-ga-goi-dem-Xe-khach-Xe-giuong-nam-va-Xe-phong-nam-1-300x150.png 300w, https:\/\/chanrathanhthuy.com\/wp-content\/uploads\/2024\/11\/Du-an-Chan-ga-goi-dem-Xe-khach-Xe-giuong-nam-va-Xe-phong-nam-1-1024x512.png 1024w, https:\/\/chanrathanhthuy.com\/wp-content\/uploads\/2024\/11\/Du-an-Chan-ga-goi-dem-Xe-khach-Xe-giuong-nam-va-Xe-phong-nam-1-150x75.png 150w, https:\/\/chanrathanhthuy.com\/wp-content\/uploads\/2024\/11\/Du-an-Chan-ga-goi-dem-Xe-khach-Xe-giuong-nam-va-Xe-phong-nam-1-768x384.png 768w, https:\/\/chanrathanhthuy.com\/wp-content\/uploads\/2024\/11\/Du-an-Chan-ga-goi-dem-Xe-khach-Xe-giuong-nam-va-Xe-phong-nam-1-1536x768.png 1536w\" sizes=\"auto, (max-width: 1800px) 100vw, 1800px\" \/><\/a><\/p>\n<p style=\"text-align: justify;\">Ki\u1ec3m So\u00e1t Nhi\u1ec7t \u0110\u1ed9: L\u1edbp r\u00e8m c\u00f2n c\u00f3 t\u00e1c d\u1ee5ng c\u00e1ch nhi\u1ec7t nh\u1eb9, gi\u00fap gi\u1eef kh\u00f4ng kh\u00ed m\u00e1t m\u1ebb b\u00ean trong xe v\u00e0o m\u00f9a h\u00e8 v\u00e0 \u1ea5m \u00e1p h\u01a1n v\u00e0o m\u00f9a \u0111\u00f4ng, g\u00f3p ph\u1ea7n ti\u1ebft ki\u1ec7m n\u0103ng l\u01b0\u1ee3ng cho h\u1ec7 th\u1ed1ng \u0111i\u1ec1u h\u00f2a.<\/p>\n<p style=\"text-align: justify;\">T\u0103ng C\u01b0\u1eddng Th\u1ea9m M\u1ef9 &amp; S\u1ef1 Sang Tr\u1ecdng: R\u00e8m c\u1eeda ph\u00f9 h\u1ee3p v\u1ec1 m\u00e0u s\u1eafc v\u00e0 ki\u1ec3u d\u00e1ng s\u1ebd l\u00e0m t\u0103ng v\u1ebb \u0111\u1eb9p n\u1ed9i th\u1ea5t c\u1ee7a xe, t\u1ea1o \u0111i\u1ec3m nh\u1ea5n tinh t\u1ebf v\u00e0 th\u1ec3 hi\u1ec7n s\u1ef1 chuy\u00ean nghi\u1ec7p, \u0111\u1eb3ng c\u1ea5p c\u1ee7a nh\u00e0 xe.<\/p>\n<p style=\"text-align: justify;\">D\u1ec5 D\u00e0ng V\u1ec7 Sinh &amp; B\u1ea3o Tr\u00ec: V\u1edbi t\u1ea7n su\u1ea5t s\u1eed d\u1ee5ng cao, r\u00e8m c\u1eeda c\u1ea7n d\u1ec5 d\u00e0ng th\u00e1o l\u1eafp \u0111\u1ec3 v\u1ec7 sinh. R\u00e8m ch\u1ea5t l\u01b0\u1ee3ng cao \u0111\u1ea3m b\u1ea3o \u0111\u1ed9 b\u1ec1n, kh\u00f4ng b\u1ecb phai m\u00e0u hay h\u01b0 h\u1ecfng sau nhi\u1ec1u l\u1ea7n gi\u1eb7t.<\/p>\n<p><a href=\"https:\/\/chanrathanhthuy.com\/wp-content\/uploads\/2024\/11\/Du-an-Chan-ga-goi-dem-Xe-khach-Xe-giuong-nam-va-Xe-phong-nam-3.png\"><img loading=\"lazy\" decoding=\"async\" class=\"aligncenter size-full wp-image-66475\" src=\"https:\/\/chanrathanhthuy.com\/wp-content\/uploads\/2024\/11\/Du-an-Chan-ga-goi-dem-Xe-khach-Xe-giuong-nam-va-Xe-phong-nam-3.png\" alt=\"D\u1ef1 \u00e1n Ch\u0103n ga g\u1ed1i \u0111\u1ec7m Xe kh\u00e1ch, Xe gi\u01b0\u1eddng n\u1eb1m v\u00e0 Xe ph\u00f2ng n\u1eb1m\" width=\"1800\" height=\"900\" title=\"\" srcset=\"https:\/\/chanrathanhthuy.com\/wp-content\/uploads\/2024\/11\/Du-an-Chan-ga-goi-dem-Xe-khach-Xe-giuong-nam-va-Xe-phong-nam-3.png 1800w, https:\/\/chanrathanhthuy.com\/wp-content\/uploads\/2024\/11\/Du-an-Chan-ga-goi-dem-Xe-khach-Xe-giuong-nam-va-Xe-phong-nam-3-600x300.png 600w, https:\/\/chanrathanhthuy.com\/wp-content\/uploads\/2024\/11\/Du-an-Chan-ga-goi-dem-Xe-khach-Xe-giuong-nam-va-Xe-phong-nam-3-300x150.png 300w, https:\/\/chanrathanhthuy.com\/wp-content\/uploads\/2024\/11\/Du-an-Chan-ga-goi-dem-Xe-khach-Xe-giuong-nam-va-Xe-phong-nam-3-1024x512.png 1024w, https:\/\/chanrathanhthuy.com\/wp-content\/uploads\/2024\/11\/Du-an-Chan-ga-goi-dem-Xe-khach-Xe-giuong-nam-va-Xe-phong-nam-3-150x75.png 150w, https:\/\/chanrathanhthuy.com\/wp-content\/uploads\/2024\/11\/Du-an-Chan-ga-goi-dem-Xe-khach-Xe-giuong-nam-va-Xe-phong-nam-3-768x384.png 768w, https:\/\/chanrathanhthuy.com\/wp-content\/uploads\/2024\/11\/Du-an-Chan-ga-goi-dem-Xe-khach-Xe-giuong-nam-va-Xe-phong-nam-3-1536x768.png 1536w\" sizes=\"auto, (max-width: 1800px) 100vw, 1800px\" \/><\/a><\/p>\n<h3 style=\"text-align: justify;\">Ch\u0103n Ra Thanh Th\u1ee7y: Gi\u1ea3i Ph\u00e1p R\u00e8m C\u1eeda Chuy\u00ean Bi\u1ec7t Cho Xe Kh\u00e1ch &#8211; Xe Gi\u01b0\u1eddng N\u1eb1m<\/h3>\n<p style=\"text-align: justify;\">V\u1edbi h\u01a1n 25 n\u0103m kinh nghi\u1ec7m trong l\u0129nh v\u1ef1c cung c\u1ea5p ch\u0103n ga g\u1ed1i \u0111\u1ec7m cho c\u00e1c d\u1ef1 \u00e1n v\u1eadn t\u1ea3i l\u1edbn, Ch\u0103n Ra Thanh Th\u1ee7y l\u00e0 \u0111\u1ed1i t\u00e1c \u0111\u00e1ng tin c\u1eady, chuy\u00ean nghi\u1ec7p trong vi\u1ec7c mang \u0111\u1ebfn c\u00e1c gi\u1ea3i ph\u00e1p r\u00e8m c\u1eeda t\u1ed1i \u01b0u cho xe kh\u00e1ch v\u00e0 xe gi\u01b0\u1eddng n\u1eb1m.<\/p>\n<p style=\"text-align: justify;\">Ch\u00fang t\u00f4i cam k\u1ebft:<\/p>\n<ul style=\"text-align: justify;\">\n<li>Ch\u1ea5t Li\u1ec7u B\u1ec1n \u0110\u1eb9p &amp; Ch\u1ed1ng N\u1eafng T\u1ed1t: R\u00e8m c\u1eeda c\u1ee7a ch\u00fang t\u00f4i \u0111\u01b0\u1ee3c l\u00e0m t\u1eeb c\u00e1c lo\u1ea1i v\u1ea3i cao c\u1ea5p, c\u00f3 kh\u1ea3 n\u0103ng c\u1ea3n s\u00e1ng, ch\u1ed1ng n\u1eafng hi\u1ec7u qu\u1ea3, b\u1ec1n m\u00e0u v\u00e0 ch\u1ecbu \u0111\u01b0\u1ee3c m\u00f4i tr\u01b0\u1eddng s\u1eed d\u1ee5ng th\u01b0\u1eddng xuy\u00ean.<\/li>\n<li>Thi\u1ebft K\u1ebf Ph\u00f9 H\u1ee3p &amp; \u0110a D\u1ea1ng: Ch\u00fang t\u00f4i cung c\u1ea5p r\u00e8m c\u1eeda v\u1edbi nhi\u1ec1u ki\u1ec3u d\u00e1ng v\u00e0 m\u00e0u s\u1eafc, \u0111\u01b0\u1ee3c thi\u1ebft k\u1ebf chuy\u00ean bi\u1ec7t \u0111\u1ec3 l\u1eafp \u0111\u1eb7t v\u1eeba v\u1eb7n v\u1edbi t\u1eebng lo\u1ea1i c\u1eeda s\u1ed5, gi\u01b0\u1eddng n\u1eb1m tr\u00ean xe kh\u00e1ch v\u00e0 xe gi\u01b0\u1eddng n\u1eb1m, \u0111\u1ea3m b\u1ea3o t\u00ednh th\u1ea9m m\u1ef9 v\u00e0 c\u00f4ng n\u0103ng.<\/li>\n<li>D\u1ec5 D\u00e0ng L\u1eafp \u0110\u1eb7t &amp; Th\u00e1o G\u1ee1: R\u00e8m \u0111\u01b0\u1ee3c thi\u1ebft k\u1ebf t\u1ed1i \u01b0u cho vi\u1ec7c l\u1eafp \u0111\u1eb7t v\u00e0 th\u00e1o g\u1ee1 nhanh ch\u00f3ng, thu\u1eadn ti\u1ec7n cho c\u00f4ng t\u00e1c v\u1ec7 sinh v\u00e0 b\u1ea3o tr\u00ec \u0111\u1ecbnh k\u1ef3.<\/li>\n<li>Gi\u1ea3i Ph\u00e1p T\u00f9y Ch\u1ec9nh (OEM &amp; ODM): Ch\u0103n Ra Thanh Th\u1ee7y s\u1eb5n s\u00e0ng s\u1ea3n xu\u1ea5t theo y\u00eau c\u1ea7u, cho ph\u00e9p c\u00e1c \u0111\u1ed1i t\u00e1c t\u00f9y ch\u1ec9nh k\u00edch th\u01b0\u1edbc, m\u00e0u s\u1eafc v\u00e0 ki\u1ec3u d\u00e1ng r\u00e8m \u0111\u1ec3 ph\u00f9 h\u1ee3p nh\u1ea5t v\u1edbi phong c\u00e1ch v\u00e0 nh\u1eadn di\u1ec7n th\u01b0\u01a1ng hi\u1ec7u c\u1ee7a m\u00ecnh.<\/li>\n<li>Tu\u00e2n Th\u1ee7 Ti\u00eau Chu\u1ea9n Ch\u1ea5t L\u01b0\u1ee3ng: T\u1ea5t c\u1ea3 s\u1ea3n ph\u1ea9m \u0111\u1ec1u \u0111\u00e1p \u1ee9ng c\u00e1c ti\u00eau chu\u1ea9n nghi\u00eam ng\u1eb7t v\u1ec1 ch\u1ea5t l\u01b0\u1ee3ng v\u00e0 \u0111\u1ed9 b\u1ec1n, \u0111\u1ea3m b\u1ea3o s\u1ef1 h\u00e0i l\u00f2ng t\u1ed1i \u0111a cho kh\u00e1ch h\u00e0ng.<\/li>\n<\/ul>\n<p style=\"text-align: justify;\">\u0110\u1ea7u t\u01b0 v\u00e0o r\u00e8m c\u1eeda ch\u1ea5t l\u01b0\u1ee3ng t\u1eeb Ch\u0103n Ra Thanh Th\u1ee7y kh\u00f4ng ch\u1ec9 l\u00e0 n\u00e2ng c\u1ea5p ti\u1ec7n nghi cho h\u00e0nh kh\u00e1ch m\u00e0 c\u00f2n l\u00e0 c\u00e1ch th\u1ec3 hi\u1ec7n s\u1ef1 chuy\u00ean nghi\u1ec7p, ch\u00fa tr\u1ecdng \u0111\u1ebfn tr\u1ea3i nghi\u1ec7m kh\u00e1ch h\u00e0ng c\u1ee7a doanh nghi\u1ec7p v\u1eadn t\u1ea3i.<\/p>\n","protected":false},"excerpt":{"rendered":"<p style=\"text-align: justify;\"><span style=\"color: #ff0000;\"><strong>GI\u00c1 \u01afU \u0110\u00c3I T\u1edaI 50% KHI \u0110\u1eb6T MAY THEO Y\u00caU C\u1ea6U<\/strong><\/span><\/p>\n","protected":false},"featured_media":75692,"comment_status":"open","ping_status":"closed","template":"","meta":{"_acf_changed":false,"inline_featured_image":false},"product_cat":[2116],"product_tag":[],"class_list":{"0":"post-72688","1":"product","2":"type-product","3":"status-publish","4":"has-post-thumbnail","6":"product_cat-xe-khach-xe-giuong-nam","8":"first","9":"instock","10":"taxable","11":"shipping-taxable","12":"purchasable","13":"product-type-variable","14":"rtwpvg-product"},"acf":[],"_links":{"self":[{"href":"https:\/\/chanrathanhthuy.com\/en\/wp-json\/wp\/v2\/product\/72688","targetHints":{"allow":["GET"]}}],"collection":[{"href":"https:\/\/chanrathanhthuy.com\/en\/wp-json\/wp\/v2\/product"}],"about":[{"href":"https:\/\/chanrathanhthuy.com\/en\/wp-json\/wp\/v2\/types\/product"}],"replies":[{"embeddable":true,"href":"https:\/\/chanrathanhthuy.com\/en\/wp-json\/wp\/v2\/comments?post=72688"}],"wp:featuredmedia":[{"embeddable":true,"href":"https:\/\/chanrathanhthuy.com\/en\/wp-json\/wp\/v2\/media\/75692"}],"wp:attachment":[{"href":"https:\/\/chanrathanhthuy.com\/en\/wp-json\/wp\/v2\/media?parent=72688"}],"wp:term":[{"taxonomy":"product_cat","embeddable":true,"href":"https:\/\/chanrathanhthuy.com\/en\/wp-json\/wp\/v2\/product_cat?post=72688"},{"taxonomy":"product_tag","embeddable":true,"href":"https:\/\/chanrathanhthuy.com\/en\/wp-json\/wp\/v2\/product_tag?post=72688"}],"curies":[{"name":"wp","href":"https:\/\/api.w.org\/{rel}","templated":true}]}}