{"id":72696,"date":"2025-04-24T06:07:56","date_gmt":"2025-04-24T06:07:56","guid":{"rendered":"https:\/\/chanrathanhthuy.com\/?post_type=product&#038;p=72696"},"modified":"2026-04-14T17:30:21","modified_gmt":"2026-04-14T17:30:21","slug":"tam-tien-nghi-topper-xe-khach-xe-giuong-nam","status":"publish","type":"product","link":"https:\/\/chanrathanhthuy.com\/en\/product\/tam-tien-nghi-topper-xe-khach-xe-giuong-nam\/","title":{"rendered":"T\u1ea5m Ti\u1ec7n Nghi (TOPPER) Xe Kh\u00e1ch &#8211; Xe Gi\u01b0\u1eddng N\u1eb1m"},"content":{"rendered":"<h2 style=\"text-align: justify;\">T\u1ea5m Ti\u1ec7n Nghi (Topper) Cho Xe Kh\u00e1ch &#8211; Xe Gi\u01b0\u1eddng N\u1eb1m: N\u00e2ng T\u1ea7m Tho\u1ea3i M\u00e1i C\u00f9ng Ch\u0103n Ra Thanh Th\u1ee7y<\/h2>\n<p style=\"text-align: justify;\">Trong ng\u00e0nh d\u1ecbch v\u1ee5 v\u1eadn t\u1ea3i h\u00e0nh kh\u00e1ch, \u0111\u1eb7c bi\u1ec7t l\u00e0 tr\u00ean c\u00e1c chuy\u1ebfn xe kh\u00e1ch \u0111\u01b0\u1eddng d\u00e0i hay xe gi\u01b0\u1eddng n\u1eb1m, s\u1ef1 tho\u1ea3i m\u00e1i c\u1ee7a kh\u00e1ch h\u00e0ng l\u00e0 y\u1ebfu t\u1ed1 then ch\u1ed1t quy\u1ebft \u0111\u1ecbnh s\u1ef1 h\u00e0i l\u00f2ng. \u0110\u1ec3 t\u1ed1i \u01b0u h\u00f3a tr\u1ea3i nghi\u1ec7m n\u00e0y, vi\u1ec7c b\u1ed5 sung t\u1ea5m ti\u1ec7n nghi (topper) l\u00e0 m\u1ed9t gi\u1ea3i ph\u00e1p th\u00f4ng minh. Ch\u0103n Ra Thanh Th\u1ee7y t\u1ef1 h\u00e0o cung c\u1ea5p c\u00e1c s\u1ea3n ph\u1ea9m topper chuy\u00ean bi\u1ec7t cho xe kh\u00e1ch v\u00e0 xe gi\u01b0\u1eddng n\u1eb1m, mang \u0111\u1ebfn s\u1ef1 \u00eam \u00e1i v\u00e0 ti\u1ec7n nghi v\u01b0\u1ee3t tr\u1ed9i cho m\u1ecdi h\u00e0nh kh\u00e1ch.<\/p>\n<p><a href=\"https:\/\/chanrathanhthuy.com\/wp-content\/uploads\/2024\/08\/ga-trai-giuong-Chan-ga-goi-xe-khach-xe-giuong-nam-xe-phong-nam.png\"><img loading=\"lazy\" decoding=\"async\" class=\"aligncenter size-full wp-image-64195\" src=\"https:\/\/chanrathanhthuy.com\/wp-content\/uploads\/2024\/08\/ga-trai-giuong-Chan-ga-goi-xe-khach-xe-giuong-nam-xe-phong-nam.png\" alt=\"ga tr\u1ea3i gi\u01b0\u1eddng Ch\u0103n ga g\u1ed1i xe kh\u00e1ch, xe gi\u01b0\u1eddng n\u1eb1m, xe ph\u00f2ng n\u1eb1m\" width=\"1500\" height=\"1968\" title=\"\" srcset=\"https:\/\/chanrathanhthuy.com\/wp-content\/uploads\/2024\/08\/ga-trai-giuong-Chan-ga-goi-xe-khach-xe-giuong-nam-xe-phong-nam.png 1500w, https:\/\/chanrathanhthuy.com\/wp-content\/uploads\/2024\/08\/ga-trai-giuong-Chan-ga-goi-xe-khach-xe-giuong-nam-xe-phong-nam-600x787.png 600w, https:\/\/chanrathanhthuy.com\/wp-content\/uploads\/2024\/08\/ga-trai-giuong-Chan-ga-goi-xe-khach-xe-giuong-nam-xe-phong-nam-229x300.png 229w, https:\/\/chanrathanhthuy.com\/wp-content\/uploads\/2024\/08\/ga-trai-giuong-Chan-ga-goi-xe-khach-xe-giuong-nam-xe-phong-nam-780x1024.png 780w, https:\/\/chanrathanhthuy.com\/wp-content\/uploads\/2024\/08\/ga-trai-giuong-Chan-ga-goi-xe-khach-xe-giuong-nam-xe-phong-nam-114x150.png 114w, https:\/\/chanrathanhthuy.com\/wp-content\/uploads\/2024\/08\/ga-trai-giuong-Chan-ga-goi-xe-khach-xe-giuong-nam-xe-phong-nam-768x1008.png 768w, https:\/\/chanrathanhthuy.com\/wp-content\/uploads\/2024\/08\/ga-trai-giuong-Chan-ga-goi-xe-khach-xe-giuong-nam-xe-phong-nam-1171x1536.png 1171w\" sizes=\"auto, (max-width: 1500px) 100vw, 1500px\" \/><\/a><\/p>\n<h3 style=\"text-align: justify;\">V\u00ec Sao T\u1ea5m Ti\u1ec7n Nghi (Topper) L\u00e0 L\u1ef1a Ch\u1ecdn L\u00fd T\u01b0\u1edfng Cho Xe Kh\u00e1ch &#8211; Xe Gi\u01b0\u1eddng N\u1eb1m?<\/h3>\n<p style=\"text-align: justify;\">T\u0103ng C\u01b0\u1eddng \u0110\u1ed9 \u00cam \u00c1i: Topper b\u1ed5 sung th\u00eam m\u1ed9t l\u1edbp \u0111\u1ec7m m\u1ec1m m\u1ea1i, \u00eam \u00e1i, gi\u00fap gi\u1ea3m \u00e1p l\u1ef1c l\u00ean c\u01a1 th\u1ec3 h\u00e0nh kh\u00e1ch. \u0110i\u1ec1u n\u00e0y \u0111\u1eb7c bi\u1ec7t quan tr\u1ecdng tr\u00ean c\u00e1c chuy\u1ebfn \u0111i d\u00e0i, gi\u00fap h\u1ecd c\u00f3 \u0111\u01b0\u1ee3c gi\u1ea5c ng\u1ee7 s\u00e2u v\u00e0 th\u01b0 gi\u00e3n t\u1ed1i \u0111a.<\/p>\n<p style=\"text-align: justify;\">C\u1ea3i Thi\u1ec7n Ch\u1ea5t L\u01b0\u1ee3ng Gi\u1ea5c Ng\u1ee7: V\u1edbi kh\u1ea3 n\u0103ng n\u00e2ng \u0111\u1ee1 v\u00e0 ph\u00e2n b\u1ed5 tr\u1ecdng l\u01b0\u1ee3ng c\u01a1 th\u1ec3 \u0111\u1ed3ng \u0111\u1ec1u, topper gi\u00fap gi\u1ea3m thi\u1ec3u t\u00ecnh tr\u1ea1ng \u0111au nh\u1ee9c l\u01b0ng, vai g\u00e1y, mang \u0111\u1ebfn c\u1ea3m gi\u00e1c tho\u1ea3i m\u00e1i nh\u01b0 \u1edf nh\u00e0 ngay c\u1ea3 khi \u0111ang di chuy\u1ec3n.<\/p>\n<p><a href=\"https:\/\/chanrathanhthuy.com\/wp-content\/uploads\/2024\/11\/Du-an-Chan-ga-goi-dem-Xe-khach-Xe-giuong-nam-va-Xe-phong-nam-3.png\"><img loading=\"lazy\" decoding=\"async\" class=\"aligncenter size-full wp-image-66475\" src=\"https:\/\/chanrathanhthuy.com\/wp-content\/uploads\/2024\/11\/Du-an-Chan-ga-goi-dem-Xe-khach-Xe-giuong-nam-va-Xe-phong-nam-3.png\" alt=\"D\u1ef1 \u00e1n Ch\u0103n ga g\u1ed1i \u0111\u1ec7m Xe kh\u00e1ch, Xe gi\u01b0\u1eddng n\u1eb1m v\u00e0 Xe ph\u00f2ng n\u1eb1m\" width=\"1800\" height=\"900\" title=\"\" srcset=\"https:\/\/chanrathanhthuy.com\/wp-content\/uploads\/2024\/11\/Du-an-Chan-ga-goi-dem-Xe-khach-Xe-giuong-nam-va-Xe-phong-nam-3.png 1800w, https:\/\/chanrathanhthuy.com\/wp-content\/uploads\/2024\/11\/Du-an-Chan-ga-goi-dem-Xe-khach-Xe-giuong-nam-va-Xe-phong-nam-3-600x300.png 600w, https:\/\/chanrathanhthuy.com\/wp-content\/uploads\/2024\/11\/Du-an-Chan-ga-goi-dem-Xe-khach-Xe-giuong-nam-va-Xe-phong-nam-3-300x150.png 300w, https:\/\/chanrathanhthuy.com\/wp-content\/uploads\/2024\/11\/Du-an-Chan-ga-goi-dem-Xe-khach-Xe-giuong-nam-va-Xe-phong-nam-3-1024x512.png 1024w, https:\/\/chanrathanhthuy.com\/wp-content\/uploads\/2024\/11\/Du-an-Chan-ga-goi-dem-Xe-khach-Xe-giuong-nam-va-Xe-phong-nam-3-150x75.png 150w, https:\/\/chanrathanhthuy.com\/wp-content\/uploads\/2024\/11\/Du-an-Chan-ga-goi-dem-Xe-khach-Xe-giuong-nam-va-Xe-phong-nam-3-768x384.png 768w, https:\/\/chanrathanhthuy.com\/wp-content\/uploads\/2024\/11\/Du-an-Chan-ga-goi-dem-Xe-khach-Xe-giuong-nam-va-Xe-phong-nam-3-1536x768.png 1536w\" sizes=\"auto, (max-width: 1800px) 100vw, 1800px\" \/><\/a><\/p>\n<p style=\"text-align: justify;\">B\u1ea3o V\u1ec7 N\u1ec7m Ch\u00ednh: Topper ho\u1ea1t \u0111\u1ed9ng nh\u01b0 m\u1ed9t l\u1edbp l\u00e1 ch\u1eafn b\u1ea3o v\u1ec7, ng\u0103n ng\u1eeba b\u1ee5i b\u1ea9n, vi khu\u1ea9n v\u00e0 m\u1ed3 h\u00f4i th\u1ea5m v\u00e0o n\u1ec7m ch\u00ednh, gi\u00fap k\u00e9o d\u00e0i tu\u1ed5i th\u1ecd c\u1ee7a n\u1ec7m v\u00e0 gi\u1ea3m chi ph\u00ed b\u1ea3o tr\u00ec, thay th\u1ebf.<\/p>\n<p style=\"text-align: justify;\">\u0110\u1ea3m B\u1ea3o V\u1ec7 Sinh &amp; D\u1ec5 D\u00e0ng V\u1ec7 Sinh: Topper th\u01b0\u1eddng nh\u1eb9, d\u1ec5 d\u00e0ng th\u00e1o r\u1eddi v\u00e0 v\u1ec7 sinh. Vi\u1ec7c gi\u1eb7t gi\u0169 th\u01b0\u1eddng xuy\u00ean gi\u00fap \u0111\u1ea3m b\u1ea3o b\u1ec1 m\u1eb7t n\u1eb1m ngh\u1ec9 lu\u00f4n s\u1ea1ch s\u1ebd, h\u1ee3p v\u1ec7 sinh cho t\u1eebng l\u01b0\u1ee3t kh\u00e1ch, \u0111\u1eb7c bi\u1ec7t quan tr\u1ecdng trong m\u00f4i tr\u01b0\u1eddng c\u00f4ng c\u1ed9ng.<\/p>\n<p style=\"text-align: justify;\">T\u1ed1i \u01afu Chi Ph\u00ed \u0110\u1ea7u T\u01b0: Thay v\u00ec ph\u1ea3i thay to\u00e0n b\u1ed9 n\u1ec7m khi b\u1ecb c\u0169 ho\u1eb7c xu\u1ed1ng c\u1ea5p, vi\u1ec7c s\u1eed d\u1ee5ng topper gi\u00fap n\u00e2ng c\u1ea5p \u0111\u1ed9 \u00eam \u00e1i v\u1edbi chi ph\u00ed hi\u1ec7u qu\u1ea3 h\u01a1n, \u0111\u1ed3ng th\u1eddi b\u1ea3o v\u1ec7 n\u1ec7m g\u1ed1c.<\/p>\n<figure id=\"attachment_66472\" aria-describedby=\"caption-attachment-66472\" style=\"width: 1790px\" class=\"wp-caption aligncenter\"><a href=\"https:\/\/chanrathanhthuy.com\/wp-content\/uploads\/2024\/11\/Du-an-Chan-ga-goi-dem-Xe-khach-Xe-giuong-nam-va-Xe-phong-nam-2.png\"><img loading=\"lazy\" decoding=\"async\" class=\"size-full wp-image-66472\" src=\"https:\/\/chanrathanhthuy.com\/wp-content\/uploads\/2024\/11\/Du-an-Chan-ga-goi-dem-Xe-khach-Xe-giuong-nam-va-Xe-phong-nam-2.png\" alt=\"D\u1ef1 \u00e1n Ch\u0103n ga g\u1ed1i \u0111\u1ec7m Xe kh\u00e1ch, Xe gi\u01b0\u1eddng n\u1eb1m v\u00e0 Xe ph\u00f2ng n\u1eb1m\" width=\"1800\" height=\"900\" title=\"\" srcset=\"https:\/\/chanrathanhthuy.com\/wp-content\/uploads\/2024\/11\/Du-an-Chan-ga-goi-dem-Xe-khach-Xe-giuong-nam-va-Xe-phong-nam-2.png 1800w, https:\/\/chanrathanhthuy.com\/wp-content\/uploads\/2024\/11\/Du-an-Chan-ga-goi-dem-Xe-khach-Xe-giuong-nam-va-Xe-phong-nam-2-600x300.png 600w, https:\/\/chanrathanhthuy.com\/wp-content\/uploads\/2024\/11\/Du-an-Chan-ga-goi-dem-Xe-khach-Xe-giuong-nam-va-Xe-phong-nam-2-300x150.png 300w, https:\/\/chanrathanhthuy.com\/wp-content\/uploads\/2024\/11\/Du-an-Chan-ga-goi-dem-Xe-khach-Xe-giuong-nam-va-Xe-phong-nam-2-1024x512.png 1024w, https:\/\/chanrathanhthuy.com\/wp-content\/uploads\/2024\/11\/Du-an-Chan-ga-goi-dem-Xe-khach-Xe-giuong-nam-va-Xe-phong-nam-2-150x75.png 150w, https:\/\/chanrathanhthuy.com\/wp-content\/uploads\/2024\/11\/Du-an-Chan-ga-goi-dem-Xe-khach-Xe-giuong-nam-va-Xe-phong-nam-2-768x384.png 768w, https:\/\/chanrathanhthuy.com\/wp-content\/uploads\/2024\/11\/Du-an-Chan-ga-goi-dem-Xe-khach-Xe-giuong-nam-va-Xe-phong-nam-2-1536x768.png 1536w\" sizes=\"auto, (max-width: 1800px) 100vw, 1800px\" \/><\/a><figcaption id=\"caption-attachment-66472\" class=\"wp-caption-text\">D\u1ef1 \u00e1n Ch\u0103n ga g\u1ed1i \u0111\u1ec7m Xe kh\u00e1ch, Xe gi\u01b0\u1eddng n\u1eb1m v\u00e0 Xe ph\u00f2ng n\u1eb1m<\/figcaption><\/figure>\n<h3 style=\"text-align: justify;\">Ch\u0103n Ra Thanh Th\u1ee7y: \u0110\u1ed1i T\u00e1c Tin C\u1eady Cung C\u1ea5p Topper Cho Xe Kh\u00e1ch &#8211; Xe Gi\u01b0\u1eddng N\u1eb1m<\/h3>\n<p style=\"text-align: justify;\">V\u1edbi h\u01a1n 25 n\u0103m kinh nghi\u1ec7m trong l\u0129nh v\u1ef1c cung c\u1ea5p ch\u0103n ga g\u1ed1i \u0111\u1ec7m cho c\u00e1c d\u1ef1 \u00e1n v\u1eadn t\u1ea3i l\u1edbn, Ch\u0103n Ra Thanh Th\u1ee7y l\u00e0 \u0111\u1ed1i t\u00e1c h\u00e0ng \u0111\u1ea7u, chuy\u00ean nghi\u1ec7p trong vi\u1ec7c mang \u0111\u1ebfn c\u00e1c gi\u1ea3i ph\u00e1p t\u1ea5m ti\u1ec7n nghi (topper) t\u1ed1i \u01b0u cho xe kh\u00e1ch v\u00e0 xe gi\u01b0\u1eddng n\u1eb1m.<\/p>\n<p style=\"text-align: justify;\">Ch\u00fang t\u00f4i cam k\u1ebft:<\/p>\n<ul style=\"text-align: justify;\">\n<li>Ch\u1ea5t Li\u1ec7u Tuy\u1ec3n Ch\u1ecdn: Topper \u0111\u01b0\u1ee3c l\u00e0m t\u1eeb c\u00e1c lo\u1ea1i s\u1ee3i v\u00e0 v\u1eadt li\u1ec7u cao c\u1ea5p, c\u00f3 \u0111\u1ed9 \u0111\u00e0n h\u1ed3i l\u00fd t\u01b0\u1edfng, \u0111\u1ea3m b\u1ea3o s\u1ef1 tho\u1ea3i m\u00e1i, th\u00f4ng tho\u00e1ng v\u00e0 b\u1ec1n b\u1ec9 theo th\u1eddi gian.<\/li>\n<li>\u0110\u1ed9 B\u1ec1n V\u01b0\u1ee3t Tr\u1ed9i: \u0110\u01b0\u1ee3c thi\u1ebft k\u1ebf \u0111\u1ec3 ch\u1ecbu \u0111\u01b0\u1ee3c t\u1ea7n su\u1ea5t s\u1eed d\u1ee5ng cao v\u00e0 quy tr\u00ecnh v\u1ec7 sinh c\u00f4ng nghi\u1ec7p, topper c\u1ee7a ch\u00fang t\u00f4i gi\u1eef \u0111\u01b0\u1ee3c ch\u1ea5t l\u01b0\u1ee3ng v\u01b0\u1ee3t tr\u1ed9i, t\u1ed1i \u01b0u h\u00f3a hi\u1ec7u qu\u1ea3 \u0111\u1ea7u t\u01b0 cho doanh nghi\u1ec7p.<\/li>\n<li>Gi\u1ea3i Ph\u00e1p T\u00f9y Ch\u1ec9nh (OEM &amp; ODM): Ch\u0103n Ra Thanh Th\u1ee7y cung c\u1ea5p d\u1ecbch v\u1ee5 s\u1ea3n xu\u1ea5t theo y\u00eau c\u1ea7u, cho ph\u00e9p c\u00e1c \u0111\u1ed1i t\u00e1c t\u00f9y ch\u1ec9nh k\u00edch th\u01b0\u1edbc, \u0111\u1ed9 d\u00e0y v\u00e0 ch\u1ea5t li\u1ec7u topper \u0111\u1ec3 ph\u00f9 h\u1ee3p nh\u1ea5t v\u1edbi t\u1eebng v\u1ecb tr\u00ed gi\u01b0\u1eddng n\u1eb1m hay gh\u1ebf ng\u1ed3i tr\u00ean xe.<\/li>\n<li>Tu\u00e2n Th\u1ee7 Ti\u00eau Chu\u1ea9n V\u1ec7 Sinh &amp; An To\u00e0n: T\u1ea5t c\u1ea3 s\u1ea3n ph\u1ea9m \u0111\u1ec1u \u0111\u00e1p \u1ee9ng c\u00e1c ti\u00eau chu\u1ea9n nghi\u00eam ng\u1eb7t v\u1ec1 v\u1ec7 sinh v\u00e0 an to\u00e0n, mang l\u1ea1i s\u1ef1 an t\u00e2m tuy\u1ec7t \u0111\u1ed1i cho c\u1ea3 h\u00e0nh kh\u00e1ch v\u00e0 nh\u00e0 v\u1eadn h\u00e0nh.<\/li>\n<\/ul>\n<p style=\"text-align: justify;\">\u0110\u1ea7u t\u01b0 v\u00e0o t\u1ea5m ti\u1ec7n nghi (topper) t\u1eeb Ch\u0103n Ra Thanh Th\u1ee7y kh\u00f4ng ch\u1ec9 l\u00e0 n\u00e2ng c\u1ea5p s\u1ef1 tho\u1ea3i m\u00e1i m\u00e0 c\u00f2n l\u00e0 th\u1ec3 hi\u1ec7n s\u1ef1 chuy\u00ean nghi\u1ec7p, t\u1eadn t\u00e2m c\u1ee7a d\u1ecbch v\u1ee5 v\u1eadn t\u1ea3i, g\u00f3p ph\u1ea7n t\u1ea1o n\u00ean nh\u1eefng chuy\u1ebfn \u0111i \u0111\u00e1ng nh\u1edb v\u00e0 thu h\u00fat kh\u00e1ch h\u00e0ng quay l\u1ea1i.<\/p>\n","protected":false},"excerpt":{"rendered":"<p style=\"text-align: justify;\"><span style=\"color: #ff0000;\"><strong>GI\u00c1 \u01afU \u0110\u00c3I T\u1edaI 50% KHI \u0110\u1eb6T MAY THEO Y\u00caU C\u1ea6U<\/strong><\/span><\/p>\n","protected":false},"featured_media":75501,"comment_status":"open","ping_status":"closed","template":"","meta":{"_acf_changed":false,"inline_featured_image":false},"product_cat":[2116],"product_tag":[],"class_list":{"0":"post-72696","1":"product","2":"type-product","3":"status-publish","4":"has-post-thumbnail","6":"product_cat-xe-khach-xe-giuong-nam","8":"first","9":"instock","10":"purchasable","11":"product-type-variable","12":"rtwpvg-product"},"acf":[],"_links":{"self":[{"href":"https:\/\/chanrathanhthuy.com\/en\/wp-json\/wp\/v2\/product\/72696","targetHints":{"allow":["GET"]}}],"collection":[{"href":"https:\/\/chanrathanhthuy.com\/en\/wp-json\/wp\/v2\/product"}],"about":[{"href":"https:\/\/chanrathanhthuy.com\/en\/wp-json\/wp\/v2\/types\/product"}],"replies":[{"embeddable":true,"href":"https:\/\/chanrathanhthuy.com\/en\/wp-json\/wp\/v2\/comments?post=72696"}],"wp:featuredmedia":[{"embeddable":true,"href":"https:\/\/chanrathanhthuy.com\/en\/wp-json\/wp\/v2\/media\/75501"}],"wp:attachment":[{"href":"https:\/\/chanrathanhthuy.com\/en\/wp-json\/wp\/v2\/media?parent=72696"}],"wp:term":[{"taxonomy":"product_cat","embeddable":true,"href":"https:\/\/chanrathanhthuy.com\/en\/wp-json\/wp\/v2\/product_cat?post=72696"},{"taxonomy":"product_tag","embeddable":true,"href":"https:\/\/chanrathanhthuy.com\/en\/wp-json\/wp\/v2\/product_tag?post=72696"}],"curies":[{"name":"wp","href":"https:\/\/api.w.org\/{rel}","templated":true}]}}