{"id":72727,"date":"2025-04-24T06:12:58","date_gmt":"2025-04-24T06:12:58","guid":{"rendered":"https:\/\/chanrathanhthuy.com\/?post_type=product&#038;p=72727"},"modified":"2026-04-14T15:57:36","modified_gmt":"2026-04-14T15:57:36","slug":"chan-men-soc-chan-gon-tau-hoa-xe-lua-may-bay","status":"publish","type":"product","link":"https:\/\/chanrathanhthuy.com\/en\/product\/chan-men-soc-chan-gon-tau-hoa-xe-lua-may-bay\/","title":{"rendered":"Ch\u0103n, M\u1ec1n S\u1ecdc Ch\u1ea7n G\u00f2n T\u00e0u H\u1ecfa, Xe L\u1eeda, M\u00e1y Bay"},"content":{"rendered":"<h2 style=\"text-align: justify;\">Ch\u0103n, M\u1ec1n S\u1ecdc Ch\u1ea7n G\u00f2n Thanh Th\u1ee7y: \u1ea4m \u00c1p Tr\u1ecdn V\u1eb9n Tr\u00ean M\u1ecdi H\u00e0nh Tr\u00ecnh<\/h2>\n<p style=\"text-align: justify;\">Du l\u1ecbch b\u1eb1ng t\u00e0u h\u1ecfa, xe l\u1eeda, hay m\u00e1y bay \u0111\u00f2i h\u1ecfi s\u1ef1 chu\u1ea9n b\u1ecb k\u1ef9 l\u01b0\u1ee1ng \u0111\u1ec3 c\u00f3 tr\u1ea3i nghi\u1ec7m tho\u1ea3i m\u00e1i nh\u1ea5t. Ch\u0103n Ra Thanh Th\u1ee7y th\u1ea5u hi\u1ec3u \u0111i\u1ec1u \u0111\u00f3 v\u00e0 t\u1ef1 h\u00e0o gi\u1edbi thi\u1ec7u s\u1ea3n ph\u1ea9m Ch\u0103n, M\u1ec1n S\u1ecdc Ch\u1ea7n G\u00f2n T\u00e0u H\u1ecfa, Xe L\u1eeda, M\u00e1y Bay \u2013 gi\u1ea3i ph\u00e1p ho\u00e0n h\u1ea3o mang l\u1ea1i s\u1ef1 \u1ea5m \u00e1p v\u00e0 ti\u1ec7n nghi t\u1ed1i \u0111a cho m\u1ecdi chuy\u1ebfn \u0111i c\u1ee7a b\u1ea1n.<\/p>\n<p><a href=\"https:\/\/chanrathanhthuy.com\/wp-content\/uploads\/2025\/03\/chan-ga-goi-dem-cho-tau-hoa-xe-lua-va-may-bay.png\"><img loading=\"lazy\" decoding=\"async\" class=\"aligncenter size-full wp-image-70604\" src=\"https:\/\/chanrathanhthuy.com\/wp-content\/uploads\/2025\/03\/chan-ga-goi-dem-cho-tau-hoa-xe-lua-va-may-bay.png\" alt=\"\" width=\"1500\" height=\"999\" title=\"\" srcset=\"https:\/\/chanrathanhthuy.com\/wp-content\/uploads\/2025\/03\/chan-ga-goi-dem-cho-tau-hoa-xe-lua-va-may-bay.png 1500w, https:\/\/chanrathanhthuy.com\/wp-content\/uploads\/2025\/03\/chan-ga-goi-dem-cho-tau-hoa-xe-lua-va-may-bay-300x200.png 300w, https:\/\/chanrathanhthuy.com\/wp-content\/uploads\/2025\/03\/chan-ga-goi-dem-cho-tau-hoa-xe-lua-va-may-bay-1024x682.png 1024w, https:\/\/chanrathanhthuy.com\/wp-content\/uploads\/2025\/03\/chan-ga-goi-dem-cho-tau-hoa-xe-lua-va-may-bay-150x100.png 150w, https:\/\/chanrathanhthuy.com\/wp-content\/uploads\/2025\/03\/chan-ga-goi-dem-cho-tau-hoa-xe-lua-va-may-bay-768x511.png 768w, https:\/\/chanrathanhthuy.com\/wp-content\/uploads\/2025\/03\/chan-ga-goi-dem-cho-tau-hoa-xe-lua-va-may-bay-600x400.png 600w\" sizes=\"auto, (max-width: 1500px) 100vw, 1500px\" \/><\/a><\/p>\n<h3 style=\"text-align: justify;\">Ti\u1ec7n L\u1ee3i V\u00e0 \u1ea4m \u00c1p Tuy\u1ec7t \u0110\u1ed1i<\/h3>\n<p style=\"text-align: justify;\">V\u1edbi ch\u1ea5t li\u1ec7u ch\u1ea7n g\u00f2n m\u1ec1m m\u1ea1i, nh\u1eb9 nh\u00e0ng, nh\u1eefng chi\u1ebfc ch\u0103n m\u1ec1n s\u1ecdc n\u00e0y kh\u00f4ng ch\u1ec9 gi\u1eef \u1ea5m hi\u1ec7u qu\u1ea3 m\u00e0 c\u00f2n d\u1ec5 d\u00e0ng g\u1ea5p g\u1ecdn, thu\u1eadn ti\u1ec7n mang theo. Thi\u1ebft k\u1ebf s\u1ecdc tinh t\u1ebf c\u00f9ng kh\u1ea3 n\u0103ng ch\u1ed1ng nh\u0103n gi\u00fap s\u1ea3n ph\u1ea9m lu\u00f4n gi\u1eef \u0111\u01b0\u1ee3c v\u1ebb ngo\u00e0i \u0111\u1eb9p m\u1eaft. D\u00f9 l\u00e0 tr\u00ean khoang t\u00e0u l\u1ea1nh, trong cabin m\u00e1y bay hay xe l\u1eeda \u0111\u00eam, b\u1ea1n s\u1ebd lu\u00f4n c\u00f3 m\u1ed9t gi\u1ea5c ng\u1ee7 ngon v\u00e0 s\u00e2u, t\u00e1i t\u1ea1o n\u0103ng l\u01b0\u1ee3ng cho h\u00e0nh tr\u00ecnh s\u1eafp t\u1edbi.<\/p>\n<p><a href=\"https:\/\/chanrathanhthuy.com\/wp-content\/uploads\/2025\/03\/Goi-nam-va-Chan-men-cho-tau-hoa-xe-lua-va-may-bay.png\"><img loading=\"lazy\" decoding=\"async\" class=\"aligncenter size-full wp-image-70610\" src=\"https:\/\/chanrathanhthuy.com\/wp-content\/uploads\/2025\/03\/Goi-nam-va-Chan-men-cho-tau-hoa-xe-lua-va-may-bay.png\" alt=\"\" width=\"1500\" height=\"3439\" title=\"\" srcset=\"https:\/\/chanrathanhthuy.com\/wp-content\/uploads\/2025\/03\/Goi-nam-va-Chan-men-cho-tau-hoa-xe-lua-va-may-bay.png 1500w, https:\/\/chanrathanhthuy.com\/wp-content\/uploads\/2025\/03\/Goi-nam-va-Chan-men-cho-tau-hoa-xe-lua-va-may-bay-131x300.png 131w, https:\/\/chanrathanhthuy.com\/wp-content\/uploads\/2025\/03\/Goi-nam-va-Chan-men-cho-tau-hoa-xe-lua-va-may-bay-447x1024.png 447w, https:\/\/chanrathanhthuy.com\/wp-content\/uploads\/2025\/03\/Goi-nam-va-Chan-men-cho-tau-hoa-xe-lua-va-may-bay-65x150.png 65w, https:\/\/chanrathanhthuy.com\/wp-content\/uploads\/2025\/03\/Goi-nam-va-Chan-men-cho-tau-hoa-xe-lua-va-may-bay-768x1761.png 768w, https:\/\/chanrathanhthuy.com\/wp-content\/uploads\/2025\/03\/Goi-nam-va-Chan-men-cho-tau-hoa-xe-lua-va-may-bay-670x1536.png 670w, https:\/\/chanrathanhthuy.com\/wp-content\/uploads\/2025\/03\/Goi-nam-va-Chan-men-cho-tau-hoa-xe-lua-va-may-bay-893x2048.png 893w, https:\/\/chanrathanhthuy.com\/wp-content\/uploads\/2025\/03\/Goi-nam-va-Chan-men-cho-tau-hoa-xe-lua-va-may-bay-600x1376.png 600w\" sizes=\"auto, (max-width: 1500px) 100vw, 1500px\" \/><\/a><\/p>\n<h3 style=\"text-align: justify;\">Thanh Th\u1ee7y: \u0110\u1ea3m B\u1ea3o Ch\u1ea5t L\u01b0\u1ee3ng Cho M\u1ecdi Chuy\u1ebfn \u0110i<\/h3>\n<p style=\"text-align: justify;\">Ch\u0103n Ra Thanh Th\u1ee7y cam k\u1ebft mang \u0111\u1ebfn s\u1ea3n ph\u1ea9m ch\u1ea5t l\u01b0\u1ee3ng cao, b\u1ec1n b\u1ec9 v\u00e0 an to\u00e0n cho s\u1ee9c kh\u1ecfe. Ch\u0103n, M\u1ec1n S\u1ecdc Ch\u1ea7n G\u00f2n \u0111\u01b0\u1ee3c s\u1ea3n xu\u1ea5t theo quy tr\u00ecnh nghi\u00eam ng\u1eb7t, \u0111\u1ea3m b\u1ea3o \u0111\u1ed9 b\u1ec1n v\u01b0\u1ee3t tr\u1ed9i v\u00e0 d\u1ec5 d\u00e0ng v\u1ec7 sinh. H\u00e3y \u0111\u1ec3 s\u1ea3n ph\u1ea9m n\u00e0y tr\u1edf th\u00e0nh ng\u01b0\u1eddi b\u1ea1n \u0111\u1ed3ng h\u00e0nh tin c\u1eady, gi\u00fap b\u1ea1n t\u1eadn h\u01b0\u1edfng tr\u1ecdn v\u1eb9n t\u1eebng kho\u1ea3nh kh\u1eafc tr\u00ean m\u1ecdi n\u1ebbo \u0111\u01b0\u1eddng, xua tan n\u1ed7i lo v\u1ec1 s\u1ef1 l\u1ea1nh l\u1ebdo hay thi\u1ebfu ti\u1ec7n nghi.<\/p>\n","protected":false},"excerpt":{"rendered":"<p><span style=\"color: #ff0000;\"><strong>GI\u00c1 \u01afU \u0110\u00c3I T\u1edaI 50% KHI \u0110\u1eb6T MAY THEO Y\u00caU C\u1ea6U<\/strong><\/span><\/p>\n","protected":false},"featured_media":75456,"comment_status":"open","ping_status":"closed","template":"","meta":{"_acf_changed":false,"inline_featured_image":false},"product_cat":[2118],"product_tag":[],"class_list":{"0":"post-72727","1":"product","2":"type-product","3":"status-publish","4":"has-post-thumbnail","6":"product_cat-tau-hoa-xe-lua-may-bay","8":"first","9":"instock","10":"purchasable","11":"product-type-variable","12":"rtwpvg-product"},"acf":[],"_links":{"self":[{"href":"https:\/\/chanrathanhthuy.com\/en\/wp-json\/wp\/v2\/product\/72727","targetHints":{"allow":["GET"]}}],"collection":[{"href":"https:\/\/chanrathanhthuy.com\/en\/wp-json\/wp\/v2\/product"}],"about":[{"href":"https:\/\/chanrathanhthuy.com\/en\/wp-json\/wp\/v2\/types\/product"}],"replies":[{"embeddable":true,"href":"https:\/\/chanrathanhthuy.com\/en\/wp-json\/wp\/v2\/comments?post=72727"}],"wp:featuredmedia":[{"embeddable":true,"href":"https:\/\/chanrathanhthuy.com\/en\/wp-json\/wp\/v2\/media\/75456"}],"wp:attachment":[{"href":"https:\/\/chanrathanhthuy.com\/en\/wp-json\/wp\/v2\/media?parent=72727"}],"wp:term":[{"taxonomy":"product_cat","embeddable":true,"href":"https:\/\/chanrathanhthuy.com\/en\/wp-json\/wp\/v2\/product_cat?post=72727"},{"taxonomy":"product_tag","embeddable":true,"href":"https:\/\/chanrathanhthuy.com\/en\/wp-json\/wp\/v2\/product_tag?post=72727"}],"curies":[{"name":"wp","href":"https:\/\/api.w.org\/{rel}","templated":true}]}}