{"id":72753,"date":"2025-04-24T06:13:06","date_gmt":"2025-04-24T06:13:06","guid":{"rendered":"https:\/\/chanrathanhthuy.com\/?post_type=product&#038;p=72753"},"modified":"2026-04-14T10:03:38","modified_gmt":"2026-04-14T10:03:38","slug":"tam-tien-nghi-topper-tau-hoa-xe-lua-may-bay","status":"publish","type":"product","link":"https:\/\/chanrathanhthuy.com\/en\/product\/tam-tien-nghi-topper-tau-hoa-xe-lua-may-bay\/","title":{"rendered":"T\u1ea5m Ti\u1ec7n Nghi (TOPPER) T\u00e0u H\u1ecfa, Xe L\u1eeda, M\u00e1y Bay"},"content":{"rendered":"<h2 style=\"text-align: justify;\">T\u1ea5m Ti\u1ec7n Nghi (Topper) Cho T\u00e0u H\u1ecfa, Xe L\u1eeda, M\u00e1y Bay: N\u00e2ng C\u1ea5p S\u1ef1 Tho\u1ea3i M\u00e1i C\u00f9ng Ch\u0103n Ra Thanh Th\u1ee7y<\/h2>\n<p style=\"text-align: justify;\">Trong c\u00e1c h\u00e0nh tr\u00ecnh d\u00e0i tr\u00ean t\u00e0u h\u1ecfa, xe l\u1eeda hay m\u00e1y bay, y\u1ebfu t\u1ed1 then ch\u1ed1t \u0111\u1ec3 \u0111\u1ea3m b\u1ea3o tr\u1ea3i nghi\u1ec7m h\u00e0nh kh\u00e1ch l\u00e0 s\u1ef1 tho\u1ea3i m\u00e1i t\u1ed1i \u0111a. D\u00f9 \u0111\u00e3 c\u00f3 n\u1ec7m, vi\u1ec7c b\u1ed5 sung m\u1ed9t chi\u1ebfc t\u1ea5m ti\u1ec7n nghi (topper) c\u00f3 th\u1ec3 t\u1ea1o n\u00ean s\u1ef1 kh\u00e1c bi\u1ec7t \u0111\u00e1ng k\u1ec3. Ch\u0103n Ra Thanh Th\u1ee7y t\u1ef1 h\u00e0o cung c\u1ea5p c\u00e1c gi\u1ea3i ph\u00e1p topper chuy\u00ean bi\u1ec7t cho ng\u00e0nh v\u1eadn t\u1ea3i, gi\u00fap n\u00e2ng cao ch\u1ea5t l\u01b0\u1ee3ng ngh\u1ec9 ng\u01a1i cho m\u1ecdi h\u00e0nh kh\u00e1ch.<\/p>\n<p><a href=\"https:\/\/chanrathanhthuy.com\/wp-content\/uploads\/2025\/03\/chan-ga-goi-dem-cho-tau-hoa-xe-lua-va-may-bay.png\"><img loading=\"lazy\" decoding=\"async\" class=\"aligncenter size-full wp-image-70604\" src=\"https:\/\/chanrathanhthuy.com\/wp-content\/uploads\/2025\/03\/chan-ga-goi-dem-cho-tau-hoa-xe-lua-va-may-bay.png\" alt=\"\" width=\"1500\" height=\"999\" title=\"\" srcset=\"https:\/\/chanrathanhthuy.com\/wp-content\/uploads\/2025\/03\/chan-ga-goi-dem-cho-tau-hoa-xe-lua-va-may-bay.png 1500w, https:\/\/chanrathanhthuy.com\/wp-content\/uploads\/2025\/03\/chan-ga-goi-dem-cho-tau-hoa-xe-lua-va-may-bay-300x200.png 300w, https:\/\/chanrathanhthuy.com\/wp-content\/uploads\/2025\/03\/chan-ga-goi-dem-cho-tau-hoa-xe-lua-va-may-bay-1024x682.png 1024w, https:\/\/chanrathanhthuy.com\/wp-content\/uploads\/2025\/03\/chan-ga-goi-dem-cho-tau-hoa-xe-lua-va-may-bay-150x100.png 150w, https:\/\/chanrathanhthuy.com\/wp-content\/uploads\/2025\/03\/chan-ga-goi-dem-cho-tau-hoa-xe-lua-va-may-bay-768x511.png 768w, https:\/\/chanrathanhthuy.com\/wp-content\/uploads\/2025\/03\/chan-ga-goi-dem-cho-tau-hoa-xe-lua-va-may-bay-600x400.png 600w\" sizes=\"auto, (max-width: 1500px) 100vw, 1500px\" \/><\/a><\/p>\n<h3 style=\"text-align: justify;\">T\u1ea5m Ti\u1ec7n Nghi (Topper) L\u00e0 G\u00ec V\u00e0 V\u00ec Sao C\u1ea7n Thi\u1ebft Cho Ph\u01b0\u01a1ng Ti\u1ec7n Di Chuy\u1ec3n?<\/h3>\n<p style=\"text-align: justify;\">T\u0103ng C\u01b0\u1eddng \u0110\u1ed9 \u00cam \u00c1i: Topper b\u1ed5 sung th\u00eam m\u1ed9t l\u1edbp \u0111\u1ec7m m\u1ec1m m\u1ea1i, \u00eam \u00e1i, gi\u00fap gi\u1ea3m \u00e1p l\u1ef1c l\u00ean c\u01a1 th\u1ec3, mang l\u1ea1i c\u1ea3m gi\u00e1c th\u01b0 gi\u00e3n tuy\u1ec7t \u0111\u1ed1i cho h\u00e0nh kh\u00e1ch, \u0111\u1eb7c bi\u1ec7t trong c\u00e1c chuy\u1ebfn \u0111i d\u00e0i.<\/p>\n<p style=\"text-align: justify;\">C\u1ea3i Thi\u1ec7n Gi\u1ea5c Ng\u1ee7: V\u1edbi kh\u1ea3 n\u0103ng n\u00e2ng \u0111\u1ee1 \u0111\u01b0\u1eddng cong c\u01a1 th\u1ec3, topper gi\u00fap ph\u00e2n b\u1ed5 tr\u1ecdng l\u01b0\u1ee3ng \u0111\u1ed3ng \u0111\u1ec1u, gi\u1ea3m thi\u1ec3u t\u00ecnh tr\u1ea1ng \u0111au nh\u1ee9c, mang \u0111\u1ebfn gi\u1ea5c ng\u1ee7 s\u00e2u v\u00e0 tr\u1ecdn v\u1eb9n h\u01a1n.<\/p>\n<p style=\"text-align: justify;\">B\u1ea3o V\u1ec7 N\u1ec7m Ch\u00ednh: Topper ho\u1ea1t \u0111\u1ed9ng nh\u01b0 m\u1ed9t l\u1edbp b\u1ea3o v\u1ec7 h\u1eefu hi\u1ec7u, ng\u0103n ng\u1eeba b\u1ee5i b\u1ea9n, vi khu\u1ea9n v\u00e0 c\u00e1c t\u00e1c nh\u00e2n g\u00e2y h\u1ea1i x\u00e2m nh\u1eadp v\u00e0o n\u1ec7m ch\u00ednh, k\u00e9o d\u00e0i tu\u1ed5i th\u1ecd n\u1ec7m v\u00e0 ti\u1ebft ki\u1ec7m chi ph\u00ed b\u1ea3o tr\u00ec.<\/p>\n<p style=\"text-align: justify;\">\u0110\u1ea3m B\u1ea3o V\u1ec7 Sinh &amp; D\u1ec5 D\u00e0ng V\u1ec7 Sinh: Topper th\u01b0\u1eddng nh\u1eb9 v\u00e0 d\u1ec5 th\u00e1o r\u1eddi, thu\u1eadn ti\u1ec7n cho vi\u1ec7c gi\u1eb7t gi\u0169, ph\u01a1i ph\u00f3ng, \u0111\u1ea3m b\u1ea3o b\u1ec1 m\u1eb7t ngh\u1ec9 ng\u01a1i lu\u00f4n s\u1ea1ch s\u1ebd v\u00e0 h\u1ee3p v\u1ec7 sinh cho t\u1eebng l\u01b0\u1ee3t kh\u00e1ch.<\/p>\n<p style=\"text-align: justify;\">\u0110i\u1ec1u H\u00f2a Nhi\u1ec7t \u0110\u1ed9: M\u1ed9t s\u1ed1 lo\u1ea1i topper c\u00f2n c\u00f3 kh\u1ea3 n\u0103ng th\u00f4ng tho\u00e1ng t\u1ed1t, gi\u00fap \u0111i\u1ec1u h\u00f2a nhi\u1ec7t \u0111\u1ed9, mang l\u1ea1i c\u1ea3m gi\u00e1c m\u00e1t m\u1ebb v\u00e0o m\u00f9a h\u00e8 v\u00e0 \u1ea5m \u00e1p v\u00e0o m\u00f9a \u0111\u00f4ng.<\/p>\n<p><a href=\"https:\/\/chanrathanhthuy.com\/wp-content\/uploads\/2024\/08\/Ga-trai-giuong-ga-boc-ga-thang-cho-tau-hoa-xe-lua-va-may-bay.png\"><img loading=\"lazy\" decoding=\"async\" class=\"aligncenter size-full wp-image-64322\" src=\"https:\/\/chanrathanhthuy.com\/wp-content\/uploads\/2024\/08\/Ga-trai-giuong-ga-boc-ga-thang-cho-tau-hoa-xe-lua-va-may-bay.png\" alt=\"Ga tr\u1ea3i gi\u01b0\u1eddng, ga b\u1ecdc, ga th\u1eb3ng cho t\u00e0u h\u1ecfa, xe l\u1eeda v\u00e0 m\u00e1y bay\" width=\"1500\" height=\"6537\" title=\"\" srcset=\"https:\/\/chanrathanhthuy.com\/wp-content\/uploads\/2024\/08\/Ga-trai-giuong-ga-boc-ga-thang-cho-tau-hoa-xe-lua-va-may-bay.png 1500w, https:\/\/chanrathanhthuy.com\/wp-content\/uploads\/2024\/08\/Ga-trai-giuong-ga-boc-ga-thang-cho-tau-hoa-xe-lua-va-may-bay-600x2615.png 600w, https:\/\/chanrathanhthuy.com\/wp-content\/uploads\/2024\/08\/Ga-trai-giuong-ga-boc-ga-thang-cho-tau-hoa-xe-lua-va-may-bay-69x300.png 69w, https:\/\/chanrathanhthuy.com\/wp-content\/uploads\/2024\/08\/Ga-trai-giuong-ga-boc-ga-thang-cho-tau-hoa-xe-lua-va-may-bay-235x1024.png 235w, https:\/\/chanrathanhthuy.com\/wp-content\/uploads\/2024\/08\/Ga-trai-giuong-ga-boc-ga-thang-cho-tau-hoa-xe-lua-va-may-bay-768x3347.png 768w, https:\/\/chanrathanhthuy.com\/wp-content\/uploads\/2024\/08\/Ga-trai-giuong-ga-boc-ga-thang-cho-tau-hoa-xe-lua-va-may-bay-470x2048.png 470w\" sizes=\"auto, (max-width: 1500px) 100vw, 1500px\" \/><\/a><\/p>\n<h3 style=\"text-align: justify;\">Ch\u0103n Ra Thanh Th\u1ee7y: Gi\u1ea3i Ph\u00e1p Topper Cao C\u1ea5p Cho T\u00e0u H\u1ecfa, Xe L\u1eeda, M\u00e1y Bay<\/h3>\n<p style=\"text-align: justify;\">V\u1edbi h\u01a1n 25 n\u0103m kinh nghi\u1ec7m trong vi\u1ec7c cung c\u1ea5p ch\u0103n ga g\u1ed1i \u0111\u1ec7m cho c\u00e1c d\u1ef1 \u00e1n v\u1eadn t\u1ea3i quy m\u00f4 l\u1edbn, Ch\u0103n Ra Thanh Th\u1ee7y l\u00e0 \u0111\u1ed1i t\u00e1c \u0111\u00e1ng tin c\u1eady mang \u0111\u1ebfn c\u00e1c gi\u1ea3i ph\u00e1p t\u1ea5m ti\u1ec7n nghi (topper) ch\u1ea5t l\u01b0\u1ee3ng h\u00e0ng \u0111\u1ea7u.<\/p>\n<p style=\"text-align: justify;\">Ch\u00fang t\u00f4i cam k\u1ebft:<\/p>\n<ul style=\"text-align: justify;\">\n<li>Ch\u1ea5t Li\u1ec7u Tuy\u1ec3n Ch\u1ecdn: Topper \u0111\u01b0\u1ee3c l\u00e0m t\u1eeb c\u00e1c lo\u1ea1i s\u1ee3i cao c\u1ea5p, c\u00f3 \u0111\u1ed9 \u0111\u00e0n h\u1ed3i l\u00fd t\u01b0\u1edfng, \u0111\u1ea3m b\u1ea3o s\u1ef1 tho\u1ea3i m\u00e1i v\u00e0 b\u1ec1n b\u1ec9 theo th\u1eddi gian.<\/li>\n<li>\u0110\u1ed9 B\u1ec1n V\u01b0\u1ee3t Tr\u1ed9i: \u0110\u01b0\u1ee3c thi\u1ebft k\u1ebf \u0111\u1ec3 ch\u1ecbu \u0111\u01b0\u1ee3c t\u1ea7n su\u1ea5t s\u1eed d\u1ee5ng cao v\u00e0 quy tr\u00ecnh v\u1ec7 sinh c\u00f4ng nghi\u1ec7p, topper c\u1ee7a ch\u00fang t\u00f4i gi\u1eef \u0111\u01b0\u1ee3c ch\u1ea5t l\u01b0\u1ee3ng v\u01b0\u1ee3t tr\u1ed9i, t\u1ed1i \u01b0u h\u00f3a hi\u1ec7u qu\u1ea3 \u0111\u1ea7u t\u01b0 cho doanh nghi\u1ec7p.<\/li>\n<li>Gi\u1ea3i Ph\u00e1p T\u00f9y Ch\u1ec9nh: Ch\u0103n Ra Thanh Th\u1ee7y cung c\u1ea5p d\u1ecbch v\u1ee5 s\u1ea3n xu\u1ea5t theo y\u00eau c\u1ea7u (OEM &amp; ODM), cho ph\u00e9p c\u00e1c \u0111\u1ed1i t\u00e1c t\u00f9y ch\u1ec9nh k\u00edch th\u01b0\u1edbc, \u0111\u1ed9 d\u00e0y v\u00e0 ch\u1ea5t li\u1ec7u topper \u0111\u1ec3 ph\u00f9 h\u1ee3p nh\u1ea5t v\u1edbi t\u1eebng lo\u1ea1i khoang, gi\u01b0\u1eddng n\u1eb1m tr\u00ean t\u00e0u h\u1ecfa, xe l\u1eeda, hay gh\u1ebf m\u00e1y bay.<\/li>\n<li>Tu\u00e2n Th\u1ee7 Ti\u00eau Chu\u1ea9n V\u1ec7 Sinh: T\u1ea5t c\u1ea3 s\u1ea3n ph\u1ea9m \u0111\u1ec1u \u0111\u00e1p \u1ee9ng c\u00e1c ti\u00eau chu\u1ea9n nghi\u00eam ng\u1eb7t v\u1ec1 v\u1ec7 sinh v\u00e0 an to\u00e0n, mang l\u1ea1i s\u1ef1 an t\u00e2m tuy\u1ec7t \u0111\u1ed1i cho c\u1ea3 h\u00e0nh kh\u00e1ch v\u00e0 nh\u00e0 v\u1eadn h\u00e0nh.<\/li>\n<\/ul>\n<p style=\"text-align: justify;\">\u0110\u1ea7u t\u01b0 v\u00e0o t\u1ea5m ti\u1ec7n nghi (topper) t\u1eeb Ch\u0103n Ra Thanh Th\u1ee7y kh\u00f4ng ch\u1ec9 l\u00e0 n\u00e2ng c\u1ea5p s\u1ef1 tho\u1ea3i m\u00e1i m\u00e0 c\u00f2n l\u00e0 th\u1ec3 hi\u1ec7n s\u1ef1 chuy\u00ean nghi\u1ec7p, t\u1eadn t\u00e2m c\u1ee7a d\u1ecbch v\u1ee5 v\u1eadn t\u1ea3i, g\u00f3p ph\u1ea7n t\u1ea1o n\u00ean nh\u1eefng chuy\u1ebfn \u0111i \u0111\u00e1ng nh\u1edb cho m\u1ecdi h\u00e0nh kh\u00e1ch.<\/p>\n","protected":false},"excerpt":{"rendered":"<p style=\"text-align: justify;\"><span style=\"color: #ff0000;\"><strong>GI\u00c1 \u01afU \u0110\u00c3I T\u1edaI 50% KHI \u0110\u1eb6T MAY THEO Y\u00caU C\u1ea6U<\/strong><\/span><\/p>\n","protected":false},"featured_media":75474,"comment_status":"open","ping_status":"closed","template":"","meta":{"_acf_changed":false,"inline_featured_image":false},"product_cat":[2118],"product_tag":[],"class_list":{"0":"post-72753","1":"product","2":"type-product","3":"status-publish","4":"has-post-thumbnail","6":"product_cat-tau-hoa-xe-lua-may-bay","8":"first","9":"instock","10":"purchasable","11":"product-type-variable","12":"rtwpvg-product"},"acf":[],"_links":{"self":[{"href":"https:\/\/chanrathanhthuy.com\/en\/wp-json\/wp\/v2\/product\/72753","targetHints":{"allow":["GET"]}}],"collection":[{"href":"https:\/\/chanrathanhthuy.com\/en\/wp-json\/wp\/v2\/product"}],"about":[{"href":"https:\/\/chanrathanhthuy.com\/en\/wp-json\/wp\/v2\/types\/product"}],"replies":[{"embeddable":true,"href":"https:\/\/chanrathanhthuy.com\/en\/wp-json\/wp\/v2\/comments?post=72753"}],"wp:featuredmedia":[{"embeddable":true,"href":"https:\/\/chanrathanhthuy.com\/en\/wp-json\/wp\/v2\/media\/75474"}],"wp:attachment":[{"href":"https:\/\/chanrathanhthuy.com\/en\/wp-json\/wp\/v2\/media?parent=72753"}],"wp:term":[{"taxonomy":"product_cat","embeddable":true,"href":"https:\/\/chanrathanhthuy.com\/en\/wp-json\/wp\/v2\/product_cat?post=72753"},{"taxonomy":"product_tag","embeddable":true,"href":"https:\/\/chanrathanhthuy.com\/en\/wp-json\/wp\/v2\/product_tag?post=72753"}],"curies":[{"name":"wp","href":"https:\/\/api.w.org\/{rel}","templated":true}]}}