{"id":72764,"date":"2025-04-24T06:13:15","date_gmt":"2025-04-24T06:13:15","guid":{"rendered":"https:\/\/chanrathanhthuy.com\/?post_type=product&#038;p=72764"},"modified":"2026-04-14T10:00:40","modified_gmt":"2026-04-14T10:00:40","slug":"khan-cotton-tau-hoa-xe-lua-may-bay","status":"publish","type":"product","link":"https:\/\/chanrathanhthuy.com\/en\/product\/khan-cotton-tau-hoa-xe-lua-may-bay\/","title":{"rendered":"Kh\u0103n Cotton T\u00e0u H\u1ecfa, Xe L\u1eeda, M\u00e1y Bay"},"content":{"rendered":"<h2 style=\"text-align: justify;\">Kh\u0103n Cotton Cao C\u1ea5p Cho T\u00e0u H\u1ecfa, Xe L\u1eeda, M\u00e1y Bay: N\u00e2ng T\u1ea7m Tr\u1ea3i Nghi\u1ec7m Kh\u00e1ch H\u00e0ng C\u00f9ng Ch\u0103n Ra Thanh Th\u1ee7y<\/h2>\n<p style=\"text-align: justify;\">Trong ng\u00e0nh v\u1eadn t\u1ea3i h\u00e0nh kh\u00e1ch, t\u1eeb nh\u1eefng chuy\u1ebfn t\u00e0u h\u1ecfa xuy\u00ean Vi\u1ec7t, h\u00e0nh tr\u00ecnh xe l\u1eeda kh\u00e1m ph\u00e1 v\u00f9ng \u0111\u1ea5t m\u1edbi, \u0111\u1ebfn nh\u1eefng chuy\u1ebfn bay qu\u1ed1c t\u1ebf d\u00e0i, s\u1ef1 tho\u1ea3i m\u00e1i v\u00e0 ti\u1ec7n nghi c\u1ee7a h\u00e0nh kh\u00e1ch lu\u00f4n l\u00e0 \u01b0u ti\u00ean h\u00e0ng \u0111\u1ea7u. B\u00ean c\u1ea1nh ch\u0103n ga g\u1ed1i \u0111\u1ec7m ch\u1ea5t l\u01b0\u1ee3ng, nh\u1eefng chi\u1ebfc kh\u0103n cotton m\u1ec1m m\u1ea1i, s\u1ea1ch s\u1ebd \u0111\u00f3ng vai tr\u00f2 quan tr\u1ecdng trong vi\u1ec7c n\u00e2ng cao tr\u1ea3i nghi\u1ec7m t\u1ed5ng th\u1ec3. Ch\u0103n Ra Thanh Th\u1ee7y t\u1ef1 h\u00e0o mang \u0111\u1ebfn c\u00e1c gi\u1ea3i ph\u00e1p kh\u0103n cotton cao c\u1ea5p, chuy\u00ean bi\u1ec7t d\u00e0nh cho ng\u00e0nh v\u1eadn t\u1ea3i, \u0111\u00e1p \u1ee9ng m\u1ecdi ti\u00eau chu\u1ea9n v\u1ec1 ch\u1ea5t l\u01b0\u1ee3ng, an to\u00e0n v\u00e0 th\u1ea9m m\u1ef9.<\/p>\n<p><a href=\"https:\/\/chanrathanhthuy.com\/wp-content\/uploads\/2025\/03\/khan-cotton-tham-cotton-khan-tay-khan-mat-khan-tam-dep-long-cho-tau-hoa-xe-lua-va-may-bay.png\"><img loading=\"lazy\" decoding=\"async\" class=\"aligncenter size-full wp-image-70612\" src=\"https:\/\/chanrathanhthuy.com\/wp-content\/uploads\/2025\/03\/khan-cotton-tham-cotton-khan-tay-khan-mat-khan-tam-dep-long-cho-tau-hoa-xe-lua-va-may-bay.png\" alt=\"\" width=\"1500\" height=\"4307\" title=\"\" srcset=\"https:\/\/chanrathanhthuy.com\/wp-content\/uploads\/2025\/03\/khan-cotton-tham-cotton-khan-tay-khan-mat-khan-tam-dep-long-cho-tau-hoa-xe-lua-va-may-bay.png 1500w, https:\/\/chanrathanhthuy.com\/wp-content\/uploads\/2025\/03\/khan-cotton-tham-cotton-khan-tay-khan-mat-khan-tam-dep-long-cho-tau-hoa-xe-lua-va-may-bay-104x300.png 104w, https:\/\/chanrathanhthuy.com\/wp-content\/uploads\/2025\/03\/khan-cotton-tham-cotton-khan-tay-khan-mat-khan-tam-dep-long-cho-tau-hoa-xe-lua-va-may-bay-357x1024.png 357w, https:\/\/chanrathanhthuy.com\/wp-content\/uploads\/2025\/03\/khan-cotton-tham-cotton-khan-tay-khan-mat-khan-tam-dep-long-cho-tau-hoa-xe-lua-va-may-bay-52x150.png 52w, https:\/\/chanrathanhthuy.com\/wp-content\/uploads\/2025\/03\/khan-cotton-tham-cotton-khan-tay-khan-mat-khan-tam-dep-long-cho-tau-hoa-xe-lua-va-may-bay-768x2205.png 768w, https:\/\/chanrathanhthuy.com\/wp-content\/uploads\/2025\/03\/khan-cotton-tham-cotton-khan-tay-khan-mat-khan-tam-dep-long-cho-tau-hoa-xe-lua-va-may-bay-535x1536.png 535w, https:\/\/chanrathanhthuy.com\/wp-content\/uploads\/2025\/03\/khan-cotton-tham-cotton-khan-tay-khan-mat-khan-tam-dep-long-cho-tau-hoa-xe-lua-va-may-bay-713x2048.png 713w, https:\/\/chanrathanhthuy.com\/wp-content\/uploads\/2025\/03\/khan-cotton-tham-cotton-khan-tay-khan-mat-khan-tam-dep-long-cho-tau-hoa-xe-lua-va-may-bay-600x1723.png 600w\" sizes=\"auto, (max-width: 1500px) 100vw, 1500px\" \/><\/a><\/p>\n<h3 style=\"text-align: justify;\">V\u00ec Sao Kh\u0103n Cotton L\u00e0 L\u1ef1a Ch\u1ecdn T\u1ed1i \u01afu Cho Ng\u00e0nh V\u1eadn T\u1ea3i?<\/h3>\n<p style=\"text-align: justify;\">M\u1ec1m m\u1ea1i v\u00e0 Th\u1ea5m H\u00fat T\u1ed1t: S\u1ee3i cotton t\u1ef1 nhi\u00ean n\u1ed5i ti\u1ebfng v\u1edbi kh\u1ea3 n\u0103ng th\u1ea5m h\u00fat v\u01b0\u1ee3t tr\u1ed9i, mang l\u1ea1i c\u1ea3m gi\u00e1c kh\u00f4 tho\u00e1ng, d\u1ec5 ch\u1ecbu. \u0110i\u1ec1u n\u00e0y \u0111\u1eb7c bi\u1ec7t quan tr\u1ecdng cho h\u00e0nh kh\u00e1ch mu\u1ed1n v\u1ec7 sinh c\u00e1 nh\u00e2n, lau kh\u00f4 tay, m\u1eb7t ho\u1eb7c \u0111\u01a1n gi\u1ea3n l\u00e0 c\u1ea3m nh\u1eadn s\u1ef1 m\u1ec1m m\u1ea1i khi ti\u1ebfp x\u00fac.<\/p>\n<p style=\"text-align: justify;\">An To\u00e0n v\u00e0 Th\u00e2n Thi\u1ec7n V\u1edbi Da: Kh\u0103n cotton t\u1ef1 nhi\u00ean kh\u00f4ng ch\u1ee9a h\u00f3a ch\u1ea5t \u0111\u1ed9c h\u1ea1i, \u00edt g\u00e2y k\u00edch \u1ee9ng, an to\u00e0n cho m\u1ecdi lo\u1ea1i da, k\u1ec3 c\u1ea3 da nh\u1ea1y c\u1ea3m. \u0110\u00e2y l\u00e0 y\u1ebfu t\u1ed1 then ch\u1ed1t gi\u00fap kh\u00e1ch h\u00e0ng c\u1ea3m th\u1ea5y y\u00ean t\u00e2m khi s\u1eed d\u1ee5ng s\u1ea3n ph\u1ea9m trong su\u1ed1t h\u00e0nh tr\u00ecnh.<\/p>\n<p><a href=\"https:\/\/chanrathanhthuy.com\/wp-content\/uploads\/2025\/03\/chan-ga-goi-dem-cho-tau-hoa-xe-lua-va-may-bay.png\"><img loading=\"lazy\" decoding=\"async\" class=\"aligncenter size-full wp-image-70604\" src=\"https:\/\/chanrathanhthuy.com\/wp-content\/uploads\/2025\/03\/chan-ga-goi-dem-cho-tau-hoa-xe-lua-va-may-bay.png\" alt=\"\" width=\"1500\" height=\"999\" title=\"\" srcset=\"https:\/\/chanrathanhthuy.com\/wp-content\/uploads\/2025\/03\/chan-ga-goi-dem-cho-tau-hoa-xe-lua-va-may-bay.png 1500w, https:\/\/chanrathanhthuy.com\/wp-content\/uploads\/2025\/03\/chan-ga-goi-dem-cho-tau-hoa-xe-lua-va-may-bay-300x200.png 300w, https:\/\/chanrathanhthuy.com\/wp-content\/uploads\/2025\/03\/chan-ga-goi-dem-cho-tau-hoa-xe-lua-va-may-bay-1024x682.png 1024w, https:\/\/chanrathanhthuy.com\/wp-content\/uploads\/2025\/03\/chan-ga-goi-dem-cho-tau-hoa-xe-lua-va-may-bay-150x100.png 150w, https:\/\/chanrathanhthuy.com\/wp-content\/uploads\/2025\/03\/chan-ga-goi-dem-cho-tau-hoa-xe-lua-va-may-bay-768x511.png 768w, https:\/\/chanrathanhthuy.com\/wp-content\/uploads\/2025\/03\/chan-ga-goi-dem-cho-tau-hoa-xe-lua-va-may-bay-600x400.png 600w\" sizes=\"auto, (max-width: 1500px) 100vw, 1500px\" \/><\/a><\/p>\n<p style=\"text-align: justify;\">Tho\u00e1ng Kh\u00ed v\u00e0 Nhanh Kh\u00f4: C\u1ea5u tr\u00fac s\u1ee3i cotton gi\u00fap kh\u0103n tho\u00e1ng kh\u00ed, kh\u00f4ng g\u00e2y b\u00ed b\u00e1ch v\u00e0 kh\u00f4 nhanh ch\u00f3ng, h\u1ea1n ch\u1ebf s\u1ef1 ph\u00e1t tri\u1ec3n c\u1ee7a vi khu\u1ea9n v\u00e0 m\u00f9i kh\u00f3 ch\u1ecbu.<\/p>\n<p style=\"text-align: justify;\">B\u1ec1n B\u1ec9 v\u00e0 D\u1ec5 Gi\u1eb7t Gi\u0169: V\u1edbi t\u1ea7n su\u1ea5t s\u1eed d\u1ee5ng v\u00e0 gi\u1eb7t t\u1ea9y cao trong ng\u00e0nh v\u1eadn t\u1ea3i, kh\u0103n cotton l\u00e0 l\u1ef1a ch\u1ecdn l\u00fd t\u01b0\u1edfng nh\u1edd \u0111\u1ed9 b\u1ec1n v\u01b0\u1ee3t tr\u1ed9i, kh\u1ea3 n\u0103ng ch\u1ecbu \u0111\u01b0\u1ee3c nhi\u1ec1u l\u1ea7n gi\u1eb7t m\u00e0 v\u1eabn gi\u1eef \u0111\u01b0\u1ee3c form d\u00e1ng v\u00e0 ch\u1ea5t l\u01b0\u1ee3ng.<\/p>\n<p style=\"text-align: justify;\">T\u1ea1o C\u1ea3m Gi\u00e1c V\u1ec7 Sinh v\u00e0 Chuy\u00ean Nghi\u1ec7p: M\u1ed9t chi\u1ebfc kh\u0103n s\u1ea1ch s\u1ebd, \u0111\u01b0\u1ee3c g\u1ea5p g\u1ecdn g\u00e0ng th\u1ec3 hi\u1ec7n s\u1ef1 chuy\u00ean nghi\u1ec7p c\u1ee7a \u0111\u01a1n v\u1ecb v\u1eadn t\u1ea3i, gi\u00fap h\u00e0nh kh\u00e1ch c\u1ea3m th\u1ea5y \u0111\u01b0\u1ee3c quan t\u00e2m v\u00e0 ch\u0103m s\u00f3c chu \u0111\u00e1o.<\/p>\n<p><a href=\"https:\/\/chanrathanhthuy.com\/wp-content\/uploads\/2025\/03\/Do-vai-trong-vat-dung-ca-nhan-cho-tau-hoa-xe-lua-va-may-bay.png\"><img loading=\"lazy\" decoding=\"async\" class=\"aligncenter size-full wp-image-70613\" src=\"https:\/\/chanrathanhthuy.com\/wp-content\/uploads\/2025\/03\/Do-vai-trong-vat-dung-ca-nhan-cho-tau-hoa-xe-lua-va-may-bay.png\" alt=\"\" width=\"1500\" height=\"1696\" title=\"\" srcset=\"https:\/\/chanrathanhthuy.com\/wp-content\/uploads\/2025\/03\/Do-vai-trong-vat-dung-ca-nhan-cho-tau-hoa-xe-lua-va-may-bay.png 1500w, https:\/\/chanrathanhthuy.com\/wp-content\/uploads\/2025\/03\/Do-vai-trong-vat-dung-ca-nhan-cho-tau-hoa-xe-lua-va-may-bay-265x300.png 265w, https:\/\/chanrathanhthuy.com\/wp-content\/uploads\/2025\/03\/Do-vai-trong-vat-dung-ca-nhan-cho-tau-hoa-xe-lua-va-may-bay-906x1024.png 906w, https:\/\/chanrathanhthuy.com\/wp-content\/uploads\/2025\/03\/Do-vai-trong-vat-dung-ca-nhan-cho-tau-hoa-xe-lua-va-may-bay-133x150.png 133w, https:\/\/chanrathanhthuy.com\/wp-content\/uploads\/2025\/03\/Do-vai-trong-vat-dung-ca-nhan-cho-tau-hoa-xe-lua-va-may-bay-768x868.png 768w, https:\/\/chanrathanhthuy.com\/wp-content\/uploads\/2025\/03\/Do-vai-trong-vat-dung-ca-nhan-cho-tau-hoa-xe-lua-va-may-bay-1358x1536.png 1358w, https:\/\/chanrathanhthuy.com\/wp-content\/uploads\/2025\/03\/Do-vai-trong-vat-dung-ca-nhan-cho-tau-hoa-xe-lua-va-may-bay-600x678.png 600w\" sizes=\"auto, (max-width: 1500px) 100vw, 1500px\" \/><\/a><\/p>\n<h3 style=\"text-align: justify;\">Ch\u0103n Ra Thanh Th\u1ee7y: \u0110\u1ed1i T\u00e1c Tin C\u1eady Cung C\u1ea5p Kh\u0103n Cotton Cho M\u1ecdi Chuy\u1ebfn \u0110i<\/h3>\n<p style=\"text-align: justify;\">V\u1edbi g\u1ea7n 30 n\u0103m kinh nghi\u1ec7m trong ng\u00e0nh, Ch\u0103n Ra Thanh Th\u1ee7y kh\u00f4ng ch\u1ec9 l\u00e0 nh\u00e0 cung c\u1ea5p ch\u0103n ga g\u1ed1i \u0111\u1ec7m h\u00e0ng \u0111\u1ea7u m\u00e0 c\u00f2n l\u00e0 \u0111\u1ed1i t\u00e1c \u0111\u00e1ng tin c\u1eady trong vi\u1ec7c cung c\u1ea5p c\u00e1c lo\u1ea1i kh\u0103n cotton \u0111a d\u1ea1ng cho t\u00e0u h\u1ecfa, xe l\u1eeda, v\u00e0 m\u00e1y bay. Ch\u00fang t\u00f4i cung c\u1ea5p \u0111\u1ea7y \u0111\u1ee7 c\u00e1c lo\u1ea1i kh\u0103n t\u1eeb kh\u0103n m\u1eb7t, kh\u0103n tay, kh\u0103n t\u1eafm \u0111\u1ebfn th\u1ea3m ch\u00f9i ch\u00e2n cotton, \u0111\u1ea3m b\u1ea3o ch\u1ea5t l\u01b0\u1ee3ng \u0111\u1ed3ng b\u1ed9 v\u00e0 v\u01b0\u1ee3t tr\u1ed9i.<\/p>\n<ul style=\"text-align: justify;\">\n<li>S\u1ea3n Ph\u1ea9m \u0110a D\u1ea1ng, Ch\u1ea5t L\u01b0\u1ee3ng \u0110\u1ed3ng Nh\u1ea5t: T\u1eeb nh\u1eefng chi\u1ebfc kh\u0103n nh\u1ecf d\u00f9ng tr\u00ean b\u00e0n \u0103n m\u00e1y bay, \u0111\u1ebfn kh\u0103n t\u1eafm l\u1edbn cho khoang ng\u1ee7 t\u00e0u h\u1ecfa, t\u1ea5t c\u1ea3 s\u1ea3n ph\u1ea9m kh\u0103n cotton c\u1ee7a ch\u00fang t\u00f4i \u0111\u1ec1u \u0111\u01b0\u1ee3c s\u1ea3n xu\u1ea5t t\u1eeb ch\u1ea5t li\u1ec7u ch\u1ecdn l\u1ecdc, \u0111\u1ea3m b\u1ea3o \u0111\u1ed9 b\u1ec1n v\u00e0 an to\u00e0n t\u1ed1i \u0111a.<\/li>\n<li>Gi\u1ea3i Ph\u00e1p T\u00f9y Ch\u1ec9nh (OEM &amp; ODM): Ch\u00fang t\u00f4i hi\u1ec3u r\u1eb1ng m\u1ed7i \u0111\u01a1n v\u1ecb v\u1eadn t\u1ea3i c\u00f3 nh\u1eefng y\u00eau c\u1ea7u ri\u00eang bi\u1ec7t. Ch\u0103n Ra Thanh Th\u1ee7y cung c\u1ea5p d\u1ecbch v\u1ee5 s\u1ea3n xu\u1ea5t theo y\u00eau c\u1ea7u (OEM &amp; ODM), gi\u00fap kh\u00e1ch h\u00e0ng d\u1ec5 d\u00e0ng t\u00f9y ch\u1ec9nh k\u00edch th\u01b0\u1edbc, m\u00e0u s\u1eafc, v\u00e0 \u0111\u1eb7c bi\u1ec7t l\u00e0 th\u00eau logo th\u01b0\u01a1ng hi\u1ec7u l\u00ean kh\u0103n. Vi\u1ec7c th\u00eau logo kh\u00f4ng ch\u1ec9 qu\u1ea3ng b\u00e1 h\u00ecnh \u1ea3nh m\u00e0 c\u00f2n t\u1ea1o s\u1ef1 \u0111\u1ed3ng b\u1ed9, chuy\u00ean nghi\u1ec7p cho d\u1ecbch v\u1ee5.<\/li>\n<li>Tu\u00e2n Th\u1ee7 Ti\u00eau Chu\u1ea9n V\u1ec7 Sinh An To\u00e0n: T\u1ea5t c\u1ea3 s\u1ea3n ph\u1ea9m kh\u0103n cotton c\u1ee7a Ch\u0103n Ra Thanh Th\u1ee7y \u0111\u1ec1u \u0111\u00e1p \u1ee9ng nghi\u00eam ng\u1eb7t c\u00e1c ti\u00eau chu\u1ea9n v\u1ec1 an to\u00e0n v\u00e0 v\u1ec7 sinh, \u0111\u1ea3m b\u1ea3o an t\u00e2m tuy\u1ec7t \u0111\u1ed1i cho c\u1ea3 h\u00e0nh kh\u00e1ch v\u00e0 nh\u00e0 v\u1eadn h\u00e0nh.<\/li>\n<\/ul>\n<h3 style=\"text-align: justify;\">\u0110\u1ea7u T\u01b0 V\u00e0o Kh\u0103n Cotton Ch\u1ea5t L\u01b0\u1ee3ng: N\u00e2ng Cao S\u1ef1 H\u00e0i L\u00f2ng Kh\u00e1ch H\u00e0ng v\u00e0 V\u1ecb Th\u1ebf Th\u01b0\u01a1ng Hi\u1ec7u<\/h3>\n<p style=\"text-align: justify;\">Vi\u1ec7c trang b\u1ecb kh\u0103n cotton cao c\u1ea5p kh\u00f4ng ch\u1ec9 \u0111\u01a1n thu\u1ea7n l\u00e0 cung c\u1ea5p m\u1ed9t ti\u1ec7n \u00edch m\u00e0 c\u00f2n l\u00e0 m\u1ed9t kho\u1ea3n \u0111\u1ea7u t\u01b0 chi\u1ebfn l\u01b0\u1ee3c. H\u00e0nh kh\u00e1ch ng\u00e0y nay kh\u00f4ng ch\u1ec9 t\u00ecm ki\u1ebfm ph\u01b0\u01a1ng ti\u1ec7n di chuy\u1ec3n m\u00e0 c\u00f2n mong mu\u1ed1n m\u1ed9t tr\u1ea3i nghi\u1ec7m tho\u1ea3i m\u00e1i, ti\u1ec7n nghi nh\u01b0 \u1edf nh\u00e0. Nh\u1eefng chi\u1ebfc kh\u0103n cotton ch\u1ea5t l\u01b0\u1ee3ng t\u1eeb Ch\u0103n Ra Thanh Th\u1ee7y s\u1ebd g\u00f3p ph\u1ea7n:<\/p>\n<ul style=\"text-align: justify;\">\n<li>T\u1ea1o \u1ea4n T\u01b0\u1ee3ng T\u1ed1t \u0110\u1eb9p: M\u1ed9t chi\u1ebfc kh\u0103n s\u1ea1ch s\u1ebd, m\u1ec1m m\u1ea1i c\u00f3 th\u1ec3 l\u00e0 \u0111i\u1ec3m nh\u1ea5n nh\u1ecf nh\u01b0ng t\u1ea1o n\u00ean s\u1ef1 kh\u00e1c bi\u1ec7t l\u1edbn trong c\u1ea3m nh\u1eadn c\u1ee7a h\u00e0nh kh\u00e1ch.<\/li>\n<li>T\u0103ng C\u01b0\u1eddng S\u1ef1 H\u00e0i L\u00f2ng: S\u1ef1 tho\u1ea3i m\u00e1i trong su\u1ed1t chuy\u1ebfn \u0111i s\u1ebd khuy\u1ebfn kh\u00edch h\u00e0nh kh\u00e1ch quay l\u1ea1i v\u00e0 gi\u1edbi thi\u1ec7u d\u1ecbch v\u1ee5 c\u1ee7a b\u1ea1n cho ng\u01b0\u1eddi kh\u00e1c.<\/li>\n<li>N\u00e2ng T\u1ea7m Th\u01b0\u01a1ng Hi\u1ec7u: Th\u1ec3 hi\u1ec7n s\u1ef1 ch\u00fa tr\u1ecdng \u0111\u1ebfn t\u1eebng chi ti\u1ebft nh\u1ecf, g\u00f3p ph\u1ea7n x\u00e2y d\u1ef1ng h\u00ecnh \u1ea3nh th\u01b0\u01a1ng hi\u1ec7u uy t\u00edn, chuy\u00ean nghi\u1ec7p v\u00e0 \u0111\u1eb3ng c\u1ea5p.<\/li>\n<\/ul>\n<p style=\"text-align: justify;\">H\u00e3y \u0111\u1ec3 Ch\u0103n Ra Thanh Th\u1ee7y \u0111\u1ed3ng h\u00e0nh c\u00f9ng b\u1ea1n tr\u00ean h\u00e0nh tr\u00ecnh mang \u0111\u1ebfn nh\u1eefng tr\u1ea3i nghi\u1ec7m tuy\u1ec7t v\u1eddi nh\u1ea5t cho h\u00e0nh kh\u00e1ch c\u1ee7a m\u00ecnh. Li\u00ean h\u1ec7 v\u1edbi ch\u00fang t\u00f4i ngay h\u00f4m nay \u0111\u1ec3 nh\u1eadn b\u00e1o gi\u00e1 v\u00e0 t\u01b0 v\u1ea5n v\u1ec1 c\u00e1c gi\u1ea3i ph\u00e1p kh\u0103n cotton t\u1ed1i \u01b0u cho t\u00e0u h\u1ecfa, xe l\u1eeda, v\u00e0 m\u00e1y bay.<\/p>\n<p style=\"text-align: justify;\">\u0110\u1ec3 bi\u1ebft th\u00eam th\u00f4ng tin chi ti\u1ebft v\u1ec1 c\u00e1c s\u1ea3n ph\u1ea9m v\u00e0 d\u1ecbch v\u1ee5 c\u1ee7a Ch\u0103n Ra Thanh Th\u1ee7y, b\u1ea1n c\u00f3 th\u1ec3 truy c\u1eadp trang web: <a class=\"ng-star-inserted\" href=\"https:\/\/chanrathanhthuy.com\/du-an\/bao-gia-chan-ga-goi-dem-tau-hoa-xe-lua-may-bay\/\" target=\"_blank\" rel=\"noopener\">B\u00e1o Gi\u00e1 Ch\u0103n Ga G\u1ed1i \u0110\u1ec7m T\u00e0u H\u1ecfa, Xe L\u1eeda, M\u00e1y Bay | Ch\u0103n Ra Thanh Th\u1ee7y<\/a><\/p>\n","protected":false},"excerpt":{"rendered":"<p style=\"text-align: justify;\"><span style=\"color: #ff0000;\"><strong>GI\u00c1 \u01afU \u0110\u00c3I T\u1edaI 50% KHI \u0110\u1eb6T MAY THEO Y\u00caU C\u1ea6U<\/strong><\/span><\/p>\n","protected":false},"featured_media":75465,"comment_status":"open","ping_status":"closed","template":"","meta":{"_acf_changed":false,"inline_featured_image":false},"product_cat":[2118],"product_tag":[],"class_list":{"0":"post-72764","1":"product","2":"type-product","3":"status-publish","4":"has-post-thumbnail","6":"product_cat-tau-hoa-xe-lua-may-bay","8":"first","9":"instock","10":"taxable","11":"shipping-taxable","12":"purchasable","13":"product-type-variable","14":"rtwpvg-product"},"acf":[],"_links":{"self":[{"href":"https:\/\/chanrathanhthuy.com\/en\/wp-json\/wp\/v2\/product\/72764","targetHints":{"allow":["GET"]}}],"collection":[{"href":"https:\/\/chanrathanhthuy.com\/en\/wp-json\/wp\/v2\/product"}],"about":[{"href":"https:\/\/chanrathanhthuy.com\/en\/wp-json\/wp\/v2\/types\/product"}],"replies":[{"embeddable":true,"href":"https:\/\/chanrathanhthuy.com\/en\/wp-json\/wp\/v2\/comments?post=72764"}],"wp:featuredmedia":[{"embeddable":true,"href":"https:\/\/chanrathanhthuy.com\/en\/wp-json\/wp\/v2\/media\/75465"}],"wp:attachment":[{"href":"https:\/\/chanrathanhthuy.com\/en\/wp-json\/wp\/v2\/media?parent=72764"}],"wp:term":[{"taxonomy":"product_cat","embeddable":true,"href":"https:\/\/chanrathanhthuy.com\/en\/wp-json\/wp\/v2\/product_cat?post=72764"},{"taxonomy":"product_tag","embeddable":true,"href":"https:\/\/chanrathanhthuy.com\/en\/wp-json\/wp\/v2\/product_tag?post=72764"}],"curies":[{"name":"wp","href":"https:\/\/api.w.org\/{rel}","templated":true}]}}