{"id":72790,"date":"2025-04-24T06:24:21","date_gmt":"2025-04-24T06:24:21","guid":{"rendered":"https:\/\/chanrathanhthuy.com\/?post_type=product&#038;p=72790"},"modified":"2026-04-15T16:27:01","modified_gmt":"2026-04-15T16:27:01","slug":"chan-men-soc-chan-gon-khu-cong-nghiep","status":"publish","type":"product","link":"https:\/\/chanrathanhthuy.com\/en\/product\/chan-men-soc-chan-gon-khu-cong-nghiep\/","title":{"rendered":"Ch\u0103n, M\u1ec1n S\u1ecdc Ch\u1ea7n G\u00f2n Khu C\u00f4ng Nghi\u1ec7p"},"content":{"rendered":"<h1 style=\"text-align: justify;\">Ch\u0103n, M\u1ec1n S\u1ecdc Ch\u1ea7n G\u00f2n Khu C\u00f4ng Nghi\u1ec7p: Gi\u1ea3i Ph\u00e1p Ti\u1ec7n Nghi v\u00e0 B\u1ec1n \u0110\u1eb9p<\/h1>\n<p style=\"text-align: justify;\">Trong b\u1ed1i c\u1ea3nh ph\u00e1t tri\u1ec3n m\u1ea1nh m\u1ebd c\u1ee7a c\u00e1c khu c\u00f4ng nghi\u1ec7p, vi\u1ec7c \u0111\u1ea7u t\u01b0 v\u00e0o c\u01a1 s\u1edf v\u1eadt ch\u1ea5t, \u0111\u1eb7c bi\u1ec7t l\u00e0 c\u00e1c kh\u00f4ng gian ngh\u1ec9 ng\u01a1i cho nh\u00e2n s\u1ef1, chuy\u00ean gia v\u00e0 \u0111\u1ed1i t\u00e1c, ng\u00e0y c\u00e0ng tr\u1edf n\u00ean quan tr\u1ecdng. Ch\u0103n, M\u1ec1n S\u1ecdc Ch\u1ea7n G\u00f2n l\u00e0 m\u1ed9t l\u1ef1a ch\u1ecdn t\u1ed1i \u01b0u, kh\u00f4ng ch\u1ec9 mang l\u1ea1i s\u1ef1 tho\u1ea3i m\u00e1i m\u00e0 c\u00f2n \u0111\u1ea3m b\u1ea3o t\u00ednh th\u1ea9m m\u1ef9 v\u00e0 \u0111\u1ed9 b\u1ec1n cao, ph\u00f9 h\u1ee3p v\u1edbi m\u00f4i tr\u01b0\u1eddng \u0111\u1eb7c th\u00f9 n\u00e0y.<\/p>\n<p><a href=\"https:\/\/chanrathanhthuy.com\/wp-content\/uploads\/2023\/03\/chan-chan-bong-men-dan-gon-khach-san.jpg\"><img loading=\"lazy\" decoding=\"async\" class=\"aligncenter size-full wp-image-80062\" src=\"https:\/\/chanrathanhthuy.com\/wp-content\/uploads\/2023\/03\/chan-chan-bong-men-dan-gon-khach-san.jpg\" alt=\"\" width=\"1500\" height=\"2181\" title=\"\" srcset=\"https:\/\/chanrathanhthuy.com\/wp-content\/uploads\/2023\/03\/chan-chan-bong-men-dan-gon-khach-san.jpg 1500w, https:\/\/chanrathanhthuy.com\/wp-content\/uploads\/2023\/03\/chan-chan-bong-men-dan-gon-khach-san-206x300.jpg 206w, https:\/\/chanrathanhthuy.com\/wp-content\/uploads\/2023\/03\/chan-chan-bong-men-dan-gon-khach-san-704x1024.jpg 704w, https:\/\/chanrathanhthuy.com\/wp-content\/uploads\/2023\/03\/chan-chan-bong-men-dan-gon-khach-san-103x150.jpg 103w, https:\/\/chanrathanhthuy.com\/wp-content\/uploads\/2023\/03\/chan-chan-bong-men-dan-gon-khach-san-768x1117.jpg 768w, https:\/\/chanrathanhthuy.com\/wp-content\/uploads\/2023\/03\/chan-chan-bong-men-dan-gon-khach-san-1056x1536.jpg 1056w, https:\/\/chanrathanhthuy.com\/wp-content\/uploads\/2023\/03\/chan-chan-bong-men-dan-gon-khach-san-1409x2048.jpg 1409w, https:\/\/chanrathanhthuy.com\/wp-content\/uploads\/2023\/03\/chan-chan-bong-men-dan-gon-khach-san-600x872.jpg 600w\" sizes=\"auto, (max-width: 1500px) 100vw, 1500px\" \/><\/a><\/p>\n<h2 style=\"text-align: justify;\">T\u1ea1i Sao Ch\u0103n, M\u1ec1n S\u1ecdc Ch\u1ea7n G\u00f2n L\u00fd T\u01b0\u1edfng Cho Khu C\u00f4ng Nghi\u1ec7p?<\/h2>\n<p style=\"text-align: justify;\">Ch\u0103n, M\u1ec1n S\u1ecdc Ch\u1ea7n G\u00f2n \u0111\u01b0\u1ee3c thi\u1ebft k\u1ebf \u0111\u1eb7c bi\u1ec7t \u0111\u1ec3 \u0111\u00e1p \u1ee9ng c\u00e1c y\u00eau c\u1ea7u kh\u1eaft khe v\u1ec1 c\u00f4ng n\u0103ng v\u00e0 \u0111\u1ed9 b\u1ec1n trong m\u00f4i tr\u01b0\u1eddng s\u1eed d\u1ee5ng th\u01b0\u1eddng xuy\u00ean nh\u01b0 khu c\u00f4ng nghi\u1ec7p:<\/p>\n<ul style=\"text-align: justify;\">\n<li>Th\u1ea9m M\u1ef9 Tinh T\u1ebf, S\u1ea1ch S\u1ebd: H\u1ecda ti\u1ebft s\u1ecdc \u0111\u01a1n gi\u1ea3n k\u1ebft h\u1ee3p v\u1edbi m\u00e0u s\u1eafc trang nh\u00e3 t\u1ea1o c\u1ea3m gi\u00e1c g\u1ecdn g\u00e0ng, hi\u1ec7n \u0111\u1ea1i v\u00e0 s\u1ea1ch s\u1ebd. \u0110i\u1ec1u n\u00e0y gi\u00fap duy tr\u00ec kh\u00f4ng gian ngh\u1ec9 ng\u01a1i chuy\u00ean nghi\u1ec7p, t\u1ea1o \u1ea5n t\u01b0\u1ee3ng t\u1ed1t cho kh\u00e1ch h\u00e0ng v\u00e0 \u0111\u1ed1i t\u00e1c.<\/li>\n<li>Gi\u1eef \u1ea4m T\u1ed1i \u01afu: L\u1edbp g\u00f2n ch\u1ea7n b\u00ean trong gi\u00fap gi\u1eef nhi\u1ec7t hi\u1ec7u qu\u1ea3, mang l\u1ea1i s\u1ef1 \u1ea5m \u00e1p v\u00e0 tho\u1ea3i m\u00e1i t\u1ed1i \u0111a cho ng\u01b0\u1eddi s\u1eed d\u1ee5ng, \u0111\u1eb7c bi\u1ec7t quan tr\u1ecdng trong c\u00e1c khu v\u1ef1c c\u00f3 \u0111i\u1ec1u ki\u1ec7n th\u1eddi ti\u1ebft kh\u1eafc nghi\u1ec7t ho\u1eb7c ph\u00f2ng c\u00f3 \u0111i\u1ec1u h\u00f2a nhi\u1ec7t \u0111\u1ed9.<\/li>\n<li>\u0110\u1ed9 B\u1ec1n V\u01b0\u1ee3t Tr\u1ed9i: V\u1edbi ch\u1ea5t li\u1ec7u v\u1ea3i cao c\u1ea5p v\u00e0 k\u1ef9 thu\u1eadt ch\u1ea7n g\u00f2n ch\u1eafc ch\u1eafn, s\u1ea3n ph\u1ea9m c\u00f3 kh\u1ea3 n\u0103ng ch\u1ecbu \u0111\u1ef1ng \u0111\u01b0\u1ee3c t\u1ea7n su\u1ea5t gi\u1eb7t gi\u0169 cao v\u00e0 c\u01b0\u1eddng \u0111\u1ed9 s\u1eed d\u1ee5ng li\u00ean t\u1ee5c m\u00e0 v\u1eabn gi\u1eef \u0111\u01b0\u1ee3c form d\u00e1ng v\u00e0 ch\u1ea5t l\u01b0\u1ee3ng ban \u0111\u1ea7u, gi\u1ea3m thi\u1ec3u chi ph\u00ed thay th\u1ebf.<\/li>\n<li>D\u1ec5 D\u00e0ng B\u1ea3o Qu\u1ea3n: B\u1ec1 m\u1eb7t v\u1ea3i th\u01b0\u1eddng \u00edt b\u00e1m b\u1ea9n v\u00e0 d\u1ec5 v\u1ec7 sinh, ti\u1ebft ki\u1ec7m th\u1eddi gian v\u00e0 c\u00f4ng s\u1ee9c trong vi\u1ec7c gi\u1eb7t gi\u0169, ph\u00f9 h\u1ee3p v\u1edbi \u0111\u1eb7c th\u00f9 qu\u1ea3n l\u00fd c\u1ee7a c\u00e1c khu t\u1eadp th\u1ec3, nh\u00e0 \u1edf chuy\u00ean gia trong khu c\u00f4ng nghi\u1ec7p.<\/li>\n<\/ul>\n<p><a href=\"https:\/\/chanrathanhthuy.com\/wp-content\/uploads\/2023\/03\/Ruot-chan-Vo-chan-khach-san.jpg\"><img loading=\"lazy\" decoding=\"async\" class=\"aligncenter size-full wp-image-80065\" src=\"https:\/\/chanrathanhthuy.com\/wp-content\/uploads\/2023\/03\/Ruot-chan-Vo-chan-khach-san.jpg\" alt=\"\" width=\"1500\" height=\"1812\" title=\"\" srcset=\"https:\/\/chanrathanhthuy.com\/wp-content\/uploads\/2023\/03\/Ruot-chan-Vo-chan-khach-san.jpg 1500w, https:\/\/chanrathanhthuy.com\/wp-content\/uploads\/2023\/03\/Ruot-chan-Vo-chan-khach-san-248x300.jpg 248w, https:\/\/chanrathanhthuy.com\/wp-content\/uploads\/2023\/03\/Ruot-chan-Vo-chan-khach-san-848x1024.jpg 848w, https:\/\/chanrathanhthuy.com\/wp-content\/uploads\/2023\/03\/Ruot-chan-Vo-chan-khach-san-124x150.jpg 124w, https:\/\/chanrathanhthuy.com\/wp-content\/uploads\/2023\/03\/Ruot-chan-Vo-chan-khach-san-768x928.jpg 768w, https:\/\/chanrathanhthuy.com\/wp-content\/uploads\/2023\/03\/Ruot-chan-Vo-chan-khach-san-1272x1536.jpg 1272w, https:\/\/chanrathanhthuy.com\/wp-content\/uploads\/2023\/03\/Ruot-chan-Vo-chan-khach-san-600x725.jpg 600w\" sizes=\"auto, (max-width: 1500px) 100vw, 1500px\" \/><\/a><\/p>\n<h3 style=\"text-align: justify;\">Ch\u0103n Ra Thanh Th\u1ee7y: N\u00e2ng T\u1ea7m Ti\u1ec7n Nghi V\u1edbi Ch\u0103n M\u1ec1n Ch\u1ea5t L\u01b0\u1ee3ng<\/h3>\n<p style=\"text-align: justify;\">L\u00e0 \u0111\u01a1n v\u1ecb chuy\u00ean cung c\u1ea5p gi\u1ea3i ph\u00e1p \u0111\u1ed3 v\u1ea3i cho kh\u00e1ch s\u1ea1n, resort v\u00e0 c\u00e1c d\u1ef1 \u00e1n l\u1edbn, Ch\u0103n Ra Thanh Th\u1ee7y t\u1ef1 h\u00e0o mang \u0111\u1ebfn nh\u1eefng s\u1ea3n ph\u1ea9m Ch\u0103n, M\u1ec1n S\u1ecdc Ch\u1ea7n G\u00f2n ch\u1ea5t l\u01b0\u1ee3ng cao, \u0111\u00e1p \u1ee9ng m\u1ecdi nhu c\u1ea7u c\u1ee7a khu c\u00f4ng nghi\u1ec7p. Ch\u00fang t\u00f4i hi\u1ec3u r\u1eb1ng s\u1ef1 tho\u1ea3i m\u00e1i c\u1ee7a ng\u01b0\u1eddi s\u1eed d\u1ee5ng ch\u00ednh l\u00e0 y\u1ebfu t\u1ed1 then ch\u1ed1t g\u00f3p ph\u1ea7n v\u00e0o hi\u1ec7u su\u1ea5t l\u00e0m vi\u1ec7c v\u00e0 s\u1ef1 h\u00e0i l\u00f2ng t\u1ed5ng th\u1ec3.<\/p>\n<p style=\"text-align: justify;\">C\u00e1c s\u1ea3n ph\u1ea9m ch\u0103n m\u1ec1n c\u1ee7a Ch\u0103n Ra Thanh Th\u1ee7y \u0111\u01b0\u1ee3c s\u1ea3n xu\u1ea5t t\u1eeb ch\u1ea5t li\u1ec7u v\u1ea3i cao c\u1ea5p nh\u01b0 100% cotton ho\u1eb7c CVC, k\u1ebft h\u1ee3p v\u1edbi l\u1edbp g\u00f2n ch\u1ea7n \u0111\u1ecbnh h\u00ecnh, \u0111\u1ea3m b\u1ea3o \u0111\u1ed9 \u00eam \u00e1i, tho\u00e1ng kh\u00ed v\u00e0 b\u1ec1n \u0111\u1eb9p theo th\u1eddi gian. Ch\u00fang t\u00f4i cam k\u1ebft mang \u0111\u1ebfn gi\u1ea3i ph\u00e1p t\u1ed1i \u01b0u, gi\u00fap n\u00e2ng cao ch\u1ea5t l\u01b0\u1ee3ng kh\u00f4ng gian s\u1ed1ng v\u00e0 l\u00e0m vi\u1ec7c trong m\u00f4i tr\u01b0\u1eddng c\u00f4ng nghi\u1ec7p.<\/p>\n","protected":false},"excerpt":{"rendered":"<div class=\"wrap-product-attributes\">\n<p>&nbsp;<\/p>\n<\/div>\n","protected":false},"featured_media":75429,"comment_status":"open","ping_status":"closed","template":"","meta":{"_acf_changed":false,"inline_featured_image":false},"product_cat":[2117],"product_tag":[],"class_list":{"0":"post-72790","1":"product","2":"type-product","3":"status-publish","4":"has-post-thumbnail","6":"product_cat-khu-cong-nghiep","8":"first","9":"instock","10":"purchasable","11":"product-type-variable","12":"rtwpvg-product"},"acf":[],"_links":{"self":[{"href":"https:\/\/chanrathanhthuy.com\/en\/wp-json\/wp\/v2\/product\/72790","targetHints":{"allow":["GET"]}}],"collection":[{"href":"https:\/\/chanrathanhthuy.com\/en\/wp-json\/wp\/v2\/product"}],"about":[{"href":"https:\/\/chanrathanhthuy.com\/en\/wp-json\/wp\/v2\/types\/product"}],"replies":[{"embeddable":true,"href":"https:\/\/chanrathanhthuy.com\/en\/wp-json\/wp\/v2\/comments?post=72790"}],"wp:featuredmedia":[{"embeddable":true,"href":"https:\/\/chanrathanhthuy.com\/en\/wp-json\/wp\/v2\/media\/75429"}],"wp:attachment":[{"href":"https:\/\/chanrathanhthuy.com\/en\/wp-json\/wp\/v2\/media?parent=72790"}],"wp:term":[{"taxonomy":"product_cat","embeddable":true,"href":"https:\/\/chanrathanhthuy.com\/en\/wp-json\/wp\/v2\/product_cat?post=72790"},{"taxonomy":"product_tag","embeddable":true,"href":"https:\/\/chanrathanhthuy.com\/en\/wp-json\/wp\/v2\/product_tag?post=72790"}],"curies":[{"name":"wp","href":"https:\/\/api.w.org\/{rel}","templated":true}]}}