{"id":72814,"date":"2025-04-24T06:24:28","date_gmt":"2025-04-24T06:24:28","guid":{"rendered":"https:\/\/chanrathanhthuy.com\/?post_type=product&#038;p=72814"},"modified":"2026-04-15T12:03:10","modified_gmt":"2026-04-15T12:03:10","slug":"ao-goi-trang-soc-chong-nhan-khu-cong-nghiep","status":"publish","type":"product","link":"https:\/\/chanrathanhthuy.com\/en\/product\/ao-goi-trang-soc-chong-nhan-khu-cong-nghiep\/","title":{"rendered":"\u00c1o G\u1ed1i Tr\u1eafng S\u1ecdc Ch\u1ed1ng Nh\u0103n Khu C\u00f4ng Nghi\u1ec7p"},"content":{"rendered":"<h1 style=\"text-align: justify;\">\u00c1o G\u1ed1i Tr\u1eafng S\u1ecdc Ch\u1ed1ng Nh\u0103n Khu C\u00f4ng Nghi\u1ec7p: N\u00e2ng T\u1ea7m Ti\u1ec7n Nghi v\u00e0 Chuy\u00ean Nghi\u1ec7p<\/h1>\n<p style=\"text-align: justify;\">Trong m\u00f4i tr\u01b0\u1eddng khu c\u00f4ng nghi\u1ec7p hi\u1ec7n \u0111\u1ea1i, vi\u1ec7c \u0111\u1ea3m b\u1ea3o s\u1ef1 ti\u1ec7n nghi v\u00e0 chuy\u00ean nghi\u1ec7p cho nh\u00e2n s\u1ef1, c\u0169ng nh\u01b0 kh\u00e1ch h\u00e0ng v\u00e0 \u0111\u1ed1i t\u00e1c, ng\u00e0y c\u00e0ng \u0111\u01b0\u1ee3c ch\u00fa tr\u1ecdng. T\u1eeb kh\u00f4ng gian l\u00e0m vi\u1ec7c \u0111\u1ebfn c\u00e1c khu v\u1ef1c ngh\u1ec9 ng\u01a1i t\u1ea1m th\u1eddi hay nh\u00e0 \u1edf cho chuy\u00ean gia, m\u1ed7i chi ti\u1ebft \u0111\u1ec1u g\u00f3p ph\u1ea7n t\u1ea1o n\u00ean m\u1ed9t h\u00ecnh \u1ea3nh \u0111\u1eb3ng c\u1ea5p. Trong s\u1ed1 \u0111\u00f3, \u00c1o G\u1ed1i Tr\u1eafng S\u1ecdc Ch\u1ed1ng Nh\u0103n n\u1ed5i l\u00ean nh\u01b0 m\u1ed9t l\u1ef1a ch\u1ecdn t\u1ed1i \u01b0u, mang l\u1ea1i c\u1ea3 t\u00ednh th\u1ea9m m\u1ef9 v\u00e0 c\u00f4ng n\u0103ng v\u01b0\u1ee3t tr\u1ed9i.<\/p>\n<p><a href=\"https:\/\/chanrathanhthuy.com\/wp-content\/uploads\/2025\/05\/Vo-goi-khach-san-scaled.jpg\"><img loading=\"lazy\" decoding=\"async\" class=\"aligncenter size-full wp-image-80006\" src=\"https:\/\/chanrathanhthuy.com\/wp-content\/uploads\/2025\/05\/Vo-goi-khach-san-scaled.jpg\" alt=\"\" width=\"1378\" height=\"2560\" title=\"\" srcset=\"https:\/\/chanrathanhthuy.com\/wp-content\/uploads\/2025\/05\/Vo-goi-khach-san-scaled.jpg 1378w, https:\/\/chanrathanhthuy.com\/wp-content\/uploads\/2025\/05\/Vo-goi-khach-san-161x300.jpg 161w, https:\/\/chanrathanhthuy.com\/wp-content\/uploads\/2025\/05\/Vo-goi-khach-san-551x1024.jpg 551w, https:\/\/chanrathanhthuy.com\/wp-content\/uploads\/2025\/05\/Vo-goi-khach-san-81x150.jpg 81w, https:\/\/chanrathanhthuy.com\/wp-content\/uploads\/2025\/05\/Vo-goi-khach-san-768x1427.jpg 768w, https:\/\/chanrathanhthuy.com\/wp-content\/uploads\/2025\/05\/Vo-goi-khach-san-827x1536.jpg 827w, https:\/\/chanrathanhthuy.com\/wp-content\/uploads\/2025\/05\/Vo-goi-khach-san-1102x2048.jpg 1102w, https:\/\/chanrathanhthuy.com\/wp-content\/uploads\/2025\/05\/Vo-goi-khach-san-600x1115.jpg 600w\" sizes=\"auto, (max-width: 1378px) 100vw, 1378px\" \/><\/a><\/p>\n<h2 style=\"text-align: justify;\">T\u1ea1i Sao \u00c1o G\u1ed1i Tr\u1eafng S\u1ecdc Ch\u1ed1ng Nh\u0103n L\u00e0 L\u1ef1a Ch\u1ecdn L\u00fd T\u01b0\u1edfng?<\/h2>\n<p style=\"text-align: justify;\">T\u00ednh Th\u1ea9m M\u1ef9 v\u00e0 Chuy\u00ean Nghi\u1ec7p: M\u00e0u tr\u1eafng tinh kh\u00f4i k\u1ebft h\u1ee3p v\u1edbi h\u1ecda ti\u1ebft s\u1ecdc nh\u1eb9 nh\u00e0ng t\u1ea1o c\u1ea3m gi\u00e1c g\u1ecdn g\u00e0ng, thanh l\u1ecbch v\u00e0 chuy\u00ean nghi\u1ec7p. \u0110i\u1ec1u n\u00e0y r\u1ea5t quan tr\u1ecdng \u0111\u1ec3 duy tr\u00ec kh\u00f4ng gian s\u1ea1ch s\u1ebd, t\u1ea1o \u1ea5n t\u01b0\u1ee3ng t\u1ed1t.<\/p>\n<p style=\"text-align: justify;\">Ch\u1ed1ng Nh\u0103n Hi\u1ec7u Qu\u1ea3: V\u1edbi c\u00f4ng ngh\u1ec7 d\u1ec7t v\u00e0 x\u1eed l\u00fd \u0111\u1eb7c bi\u1ec7t, lo\u1ea1i v\u1ea3i n\u00e0y gi\u1ea3m thi\u1ec3u t\u1ed1i \u0111a t\u00ecnh tr\u1ea1ng nh\u0103n nh\u00fam sau khi gi\u1eb7t ho\u1eb7c s\u1eed d\u1ee5ng, gi\u00fap ti\u1ebft ki\u1ec7m th\u1eddi gian v\u00e0 c\u00f4ng s\u1ee9c l\u00e0 \u1ee7i, \u0111\u1ed3ng th\u1eddi lu\u00f4n gi\u1eef \u0111\u01b0\u1ee3c v\u1ebb ph\u1eb3ng phiu, t\u01b0\u01a1m t\u1ea5t.<\/p>\n<p><a href=\"https:\/\/chanrathanhthuy.com\/wp-content\/uploads\/2025\/05\/Ruot-goi-khach-san.jpg\"><img loading=\"lazy\" decoding=\"async\" class=\"aligncenter size-full wp-image-80009\" src=\"https:\/\/chanrathanhthuy.com\/wp-content\/uploads\/2025\/05\/Ruot-goi-khach-san.jpg\" alt=\"\" width=\"1500\" height=\"2370\" title=\"\" srcset=\"https:\/\/chanrathanhthuy.com\/wp-content\/uploads\/2025\/05\/Ruot-goi-khach-san.jpg 1500w, https:\/\/chanrathanhthuy.com\/wp-content\/uploads\/2025\/05\/Ruot-goi-khach-san-190x300.jpg 190w, https:\/\/chanrathanhthuy.com\/wp-content\/uploads\/2025\/05\/Ruot-goi-khach-san-648x1024.jpg 648w, https:\/\/chanrathanhthuy.com\/wp-content\/uploads\/2025\/05\/Ruot-goi-khach-san-95x150.jpg 95w, https:\/\/chanrathanhthuy.com\/wp-content\/uploads\/2025\/05\/Ruot-goi-khach-san-768x1213.jpg 768w, https:\/\/chanrathanhthuy.com\/wp-content\/uploads\/2025\/05\/Ruot-goi-khach-san-972x1536.jpg 972w, https:\/\/chanrathanhthuy.com\/wp-content\/uploads\/2025\/05\/Ruot-goi-khach-san-1296x2048.jpg 1296w, https:\/\/chanrathanhthuy.com\/wp-content\/uploads\/2025\/05\/Ruot-goi-khach-san-600x948.jpg 600w\" sizes=\"auto, (max-width: 1500px) 100vw, 1500px\" \/><\/a><\/p>\n<p style=\"text-align: justify;\">\u0110\u1ed9 B\u1ec1n Cao: \u0110\u01b0\u1ee3c s\u1ea3n xu\u1ea5t t\u1eeb c\u00e1c lo\u1ea1i v\u1ea3i ch\u1ea5t l\u01b0\u1ee3ng, \u00e1o g\u1ed1i ch\u1ed1ng nh\u0103n c\u00f3 kh\u1ea3 n\u0103ng ch\u1ecbu \u0111\u1ef1ng \u0111\u01b0\u1ee3c t\u1ea7n su\u1ea5t gi\u1eb7t cao v\u00e0 m\u00f4i tr\u01b0\u1eddng s\u1eed d\u1ee5ng th\u01b0\u1eddng xuy\u00ean, \u0111\u1ea3m b\u1ea3o tu\u1ed5i th\u1ecd s\u1ea3n ph\u1ea9m l\u00e2u d\u00e0i, ph\u00f9 h\u1ee3p v\u1edbi nhu c\u1ea7u c\u1ee7a c\u00e1c khu t\u1eadp th\u1ec3, kh\u00e1ch s\u1ea1n c\u00f4ng nghi\u1ec7p.<\/p>\n<p style=\"text-align: justify;\">D\u1ec5 D\u00e0ng V\u1ec7 Sinh: B\u1ec1 m\u1eb7t v\u1ea3i tr\u01a1n m\u1ecbn, \u00edt b\u00e1m b\u1ee5i b\u1ea9n, gi\u00fap vi\u1ec7c v\u1ec7 sinh tr\u1edf n\u00ean \u0111\u01a1n gi\u1ea3n v\u00e0 nhanh ch\u00f3ng, \u0111\u1ea3m b\u1ea3o ti\u00eau chu\u1ea9n v\u1ec7 sinh an to\u00e0n.<\/p>\n<h3 style=\"text-align: justify;\">Ch\u0103n Ra Thanh Th\u1ee7y: \u0110\u1ed1i T\u00e1c Tin C\u1eady Cung C\u1ea5p \u00c1o G\u1ed1i Ch\u1ea5t L\u01b0\u1ee3ng Cho Khu C\u00f4ng Nghi\u1ec7p<\/h3>\n<p style=\"text-align: justify;\">Khi t\u00ecm ki\u1ebfm gi\u1ea3i ph\u00e1p ch\u0103n ga g\u1ed1i cho c\u00e1c d\u1ef1 \u00e1n khu c\u00f4ng nghi\u1ec7p, Ch\u0103n Ra Thanh Th\u1ee7y l\u00e0 m\u1ed9t th\u01b0\u01a1ng hi\u1ec7u \u0111\u00e1ng tin c\u1eady. V\u1edbi kinh nghi\u1ec7m l\u00e2u n\u0103m trong ng\u00e0nh \u0111\u1ed3 v\u1ea3i kh\u00e1ch s\u1ea1n v\u00e0 khu ngh\u1ec9 d\u01b0\u1ee1ng (xem th\u00eam th\u00f4ng tin chi ti\u1ebft t\u1ea1i <a class=\"ng-star-inserted\" href=\"https:\/\/chanrathanhthuy.com\/du-an\/do-vai-khach-san\/\" target=\"_blank\" rel=\"noopener\">\u0110\u1ed3 V\u1ea3i Kh\u00e1ch S\u1ea1n Ch\u0103n Ra Thanh Th\u1ee7y<\/a>), Ch\u0103n Ra Thanh Th\u1ee7y cam k\u1ebft cung c\u1ea5p c\u00e1c s\u1ea3n ph\u1ea9m ch\u1ea5t l\u01b0\u1ee3ng cao, b\u1ec1n \u0111\u1eb9p v\u00e0 \u0111\u00e1p \u1ee9ng \u0111\u01b0\u1ee3c c\u00e1c ti\u00eau chu\u1ea9n kh\u1eaft khe v\u1ec1 ti\u1ec7n nghi v\u00e0 v\u1ec7 sinh. C\u00e1c s\u1ea3n ph\u1ea9m c\u1ee7a ch\u00fang t\u00f4i, bao g\u1ed3m c\u1ea3 \u00e1o g\u1ed1i tr\u1eafng s\u1ecdc ch\u1ed1ng nh\u0103n, \u0111\u01b0\u1ee3c s\u1ea3n xu\u1ea5t t\u1eeb ch\u1ea5t li\u1ec7u v\u1ea3i 100% cotton v\u00e0 CVC cao c\u1ea5p, mang \u0111\u1ebfn s\u1ef1 tho\u1ea3i m\u00e1i t\u1ed1i \u0111a v\u00e0 \u0111\u1ed9 b\u1ec1n v\u01b0\u1ee3t tr\u1ed9i.<\/p>\n<p style=\"text-align: justify;\">Vi\u1ec7c \u0111\u1ea7u t\u01b0 v\u00e0o \u00c1o G\u1ed1i Tr\u1eafng S\u1ecdc Ch\u1ed1ng Nh\u0103n t\u1eeb Ch\u0103n Ra Thanh Th\u1ee7y kh\u00f4ng ch\u1ec9 l\u00e0 n\u00e2ng c\u1ea5p kh\u00f4ng gian m\u00e0 c\u00f2n l\u00e0 s\u1ef1 kh\u1eb3ng \u0111\u1ecbnh v\u1ec1 ch\u1ea5t l\u01b0\u1ee3ng v\u00e0 s\u1ef1 quan t\u00e2m \u0111\u1ebfn ti\u1ec7n nghi, g\u00f3p ph\u1ea7n t\u1ea1o d\u1ef1ng m\u00f4i tr\u01b0\u1eddng chuy\u00ean nghi\u1ec7p cho khu c\u00f4ng nghi\u1ec7p c\u1ee7a b\u1ea1n.<\/p>\n","protected":false},"excerpt":{"rendered":"<div class=\"wrap-product-attributes\">\n<form class=\"variations_form cart wvs-loaded\" action=\"https:\/\/chanrathanhthuy.com\/chan-ga-khach-san\/khach-san-homestay-nha-nghi\/1-1-ao-goi-trang-tron-khach-san-dat-may-theo-yeu-cau\/\" enctype=\"multipart\/form-data\" method=\"post\" data-product_id=\"79859\" data-product_variations=\"false\">\n<div data-product_id=\"79859\" data-threshold_min=\"30\" data-threshold_max=\"100\" data-total=\"49\">\n<div class=\"single_variation_wrap\">\n<div class=\"woocommerce-product-details__short-description\">\n<p style=\"text-align: justify;\"><span style=\"color: #ff0000;\"><strong>GI\u00c1 \u01afU \u0110\u00c3I T\u1edaI 50% KHI \u0110\u1eb6T MAY THEO Y\u00caU C\u1ea6U<\/strong><\/span><\/p>\n<\/div>\n<\/div>\n<\/div>\n<\/form>\n<\/div>\n","protected":false},"featured_media":75414,"comment_status":"open","ping_status":"closed","template":"","meta":{"_acf_changed":false,"inline_featured_image":false},"product_cat":[2117],"product_tag":[],"class_list":{"0":"post-72814","1":"product","2":"type-product","3":"status-publish","4":"has-post-thumbnail","6":"product_cat-khu-cong-nghiep","8":"first","9":"instock","10":"purchasable","11":"product-type-variable","12":"rtwpvg-product"},"acf":[],"_links":{"self":[{"href":"https:\/\/chanrathanhthuy.com\/en\/wp-json\/wp\/v2\/product\/72814","targetHints":{"allow":["GET"]}}],"collection":[{"href":"https:\/\/chanrathanhthuy.com\/en\/wp-json\/wp\/v2\/product"}],"about":[{"href":"https:\/\/chanrathanhthuy.com\/en\/wp-json\/wp\/v2\/types\/product"}],"replies":[{"embeddable":true,"href":"https:\/\/chanrathanhthuy.com\/en\/wp-json\/wp\/v2\/comments?post=72814"}],"wp:featuredmedia":[{"embeddable":true,"href":"https:\/\/chanrathanhthuy.com\/en\/wp-json\/wp\/v2\/media\/75414"}],"wp:attachment":[{"href":"https:\/\/chanrathanhthuy.com\/en\/wp-json\/wp\/v2\/media?parent=72814"}],"wp:term":[{"taxonomy":"product_cat","embeddable":true,"href":"https:\/\/chanrathanhthuy.com\/en\/wp-json\/wp\/v2\/product_cat?post=72814"},{"taxonomy":"product_tag","embeddable":true,"href":"https:\/\/chanrathanhthuy.com\/en\/wp-json\/wp\/v2\/product_tag?post=72814"}],"curies":[{"name":"wp","href":"https:\/\/api.w.org\/{rel}","templated":true}]}}