{"id":73274,"date":"2025-04-25T09:18:41","date_gmt":"2025-04-25T09:18:41","guid":{"rendered":"https:\/\/chanrathanhthuy.com\/?post_type=product&#038;p=73274"},"modified":"2025-07-14T08:06:36","modified_gmt":"2025-07-14T08:06:36","slug":"nem-bong-ep-gap-truong-hoc-ky-tuc-xa","status":"publish","type":"product","link":"https:\/\/chanrathanhthuy.com\/en\/product\/nem-bong-ep-gap-truong-hoc-ky-tuc-xa\/","title":{"rendered":"N\u1ec7m B\u00f4ng \u00c9p G\u1ea5p Tr\u01b0\u1eddng H\u1ecdc &#8211; K\u00fd T\u00fac X\u00e1"},"content":{"rendered":"<h2 style=\"text-align: justify;\" data-sourcepos=\"1:1-1:99\">N\u1ec7m B\u00f4ng \u00c9p G\u1ea5p Tr\u01b0\u1eddng H\u1ecdc &#8211; K\u00fd T\u00fac X\u00e1: Ch\u0103n Ra Thanh Th\u1ee7y T\u1ed1i \u01afu H\u00f3a Gi\u1ea5c Ng\u1ee7 v\u00e0 Kh\u00f4ng Gian<\/h2>\n<p style=\"text-align: justify;\" data-sourcepos=\"3:1-3:422\">Trong m\u00f4i tr\u01b0\u1eddng h\u1ecdc \u0111\u01b0\u1eddng v\u00e0 k\u00fd t\u00fac x\u00e1, m\u1ed9t chi\u1ebfc n\u1ec7m ch\u1ea5t l\u01b0\u1ee3ng, ti\u1ec7n l\u1ee3i l\u00e0 y\u1ebfu t\u1ed1 quan tr\u1ecdng gi\u00fap h\u1ecdc sinh c\u00f3 gi\u1ea5c ng\u1ee7 s\u00e2u, ph\u1ee5c h\u1ed3i n\u0103ng l\u01b0\u1ee3ng sau nh\u1eefng gi\u1edd h\u1ecdc c\u0103ng th\u1eb3ng. Ch\u0103n Ra Thanh Th\u1ee7y t\u1ef1 h\u00e0o gi\u1edbi thi\u1ec7u s\u1ea3n ph\u1ea9m N\u1ec7m B\u00f4ng \u00c9p G\u1ea5p Tr\u01b0\u1eddng H\u1ecdc &#8211; K\u00fd T\u00fac X\u00e1 (\u0110\u1eb7t May Theo Y\u00eau C\u1ea7u), gi\u1ea3i ph\u00e1p ho\u00e0n h\u1ea3o mang l\u1ea1i s\u1ef1 tho\u1ea3i m\u00e1i, b\u1ec1n b\u1ec9 v\u00e0 ti\u1ebft ki\u1ec7m kh\u00f4ng gian cho h\u1ecdc sinh c\u00e1c c\u1ea5p: M\u1ea7m non, Ti\u1ec3u h\u1ecdc, v\u00e0 Ph\u1ed5 th\u00f4ng.<\/p>\n<p><a href=\"https:\/\/chanrathanhthuy.com\/wp-content\/uploads\/2025\/04\/Bao-gia-chan-ga-goi-truong-hoc-ki-tuc-xa.jpg\"><img loading=\"lazy\" decoding=\"async\" class=\"aligncenter size-full wp-image-76501\" src=\"https:\/\/chanrathanhthuy.com\/wp-content\/uploads\/2025\/04\/Bao-gia-chan-ga-goi-truong-hoc-ki-tuc-xa.jpg\" alt=\"\" width=\"1500\" height=\"1292\" title=\"\" srcset=\"https:\/\/chanrathanhthuy.com\/wp-content\/uploads\/2025\/04\/Bao-gia-chan-ga-goi-truong-hoc-ki-tuc-xa.jpg 1500w, https:\/\/chanrathanhthuy.com\/wp-content\/uploads\/2025\/04\/Bao-gia-chan-ga-goi-truong-hoc-ki-tuc-xa-300x258.jpg 300w, https:\/\/chanrathanhthuy.com\/wp-content\/uploads\/2025\/04\/Bao-gia-chan-ga-goi-truong-hoc-ki-tuc-xa-1024x882.jpg 1024w, https:\/\/chanrathanhthuy.com\/wp-content\/uploads\/2025\/04\/Bao-gia-chan-ga-goi-truong-hoc-ki-tuc-xa-150x129.jpg 150w, https:\/\/chanrathanhthuy.com\/wp-content\/uploads\/2025\/04\/Bao-gia-chan-ga-goi-truong-hoc-ki-tuc-xa-768x662.jpg 768w, https:\/\/chanrathanhthuy.com\/wp-content\/uploads\/2025\/04\/Bao-gia-chan-ga-goi-truong-hoc-ki-tuc-xa-600x517.jpg 600w\" sizes=\"auto, (max-width: 1500px) 100vw, 1500px\" \/><\/a><\/p>\n<h3 style=\"text-align: justify;\" data-sourcepos=\"5:1-5:101\">N\u1ec7m B\u00f4ng \u00c9p G\u1ea5p Tr\u01b0\u1eddng H\u1ecdc Ch\u0103n Ra Thanh Th\u1ee7y: S\u1ef1 L\u1ef1a Ch\u1ecdn Th\u00f4ng Minh Cho M\u00f4i Tr\u01b0\u1eddng Gi\u00e1o D\u1ee5c<\/h3>\n<p style=\"text-align: justify;\" data-sourcepos=\"7:1-7:177\">N\u1ec7m B\u00f4ng \u00c9p G\u1ea5p Tr\u01b0\u1eddng H\u1ecdc &#8211; K\u00fd T\u00fac X\u00e1 c\u1ee7a Ch\u0103n Ra Thanh Th\u1ee7y \u0111\u01b0\u1ee3c thi\u1ebft k\u1ebf \u0111\u1eb7c bi\u1ec7t \u0111\u1ec3 \u0111\u00e1p \u1ee9ng nh\u1eefng y\u00eau c\u1ea7u kh\u1eaft khe v\u1ec1 c\u00f4ng n\u0103ng v\u00e0 \u0111\u1ed9 b\u1ec1n trong m\u00f4i tr\u01b0\u1eddng h\u1ecdc \u0111\u01b0\u1eddng:<\/p>\n<ul style=\"text-align: justify;\" data-sourcepos=\"9:1-17:0\">\n<li data-sourcepos=\"9:1-9:197\">C\u1ea5u tr\u00fac B\u00f4ng \u00c9p V\u1eefng Ch\u1eafc: L\u00f5i n\u1ec7m \u0111\u01b0\u1ee3c l\u00e0m t\u1eeb b\u00f4ng \u00e9p ch\u1ea5t l\u01b0\u1ee3ng cao, mang l\u1ea1i \u0111\u1ed9 ph\u1eb3ng v\u00e0 \u0111\u1ed9 c\u1ee9ng t\u1ed1i \u01b0u, h\u1ed7 tr\u1ee3 n\u00e2ng \u0111\u1ee1 c\u1ed9t s\u1ed1ng hi\u1ec7u qu\u1ea3, ph\u00f9 h\u1ee3p v\u1edbi s\u1ef1 ph\u00e1t tri\u1ec3n th\u1ec3 ch\u1ea5t c\u1ee7a h\u1ecdc sinh.<\/li>\n<li data-sourcepos=\"10:1-10:178\">Thi\u1ebft k\u1ebf G\u1ea5p G\u1ecdn Ti\u1ec7n L\u1ee3i: Kh\u1ea3 n\u0103ng g\u1ea5p g\u1ecdn gi\u00fap d\u1ec5 d\u00e0ng di chuy\u1ec3n, c\u1ea5t gi\u1eef v\u00e0 ti\u1ebft ki\u1ec7m kh\u00f4ng gian \u0111\u00e1ng k\u1ec3, \u0111\u1eb7c bi\u1ec7t l\u00fd t\u01b0\u1edfng cho c\u00e1c ph\u00f2ng k\u00fd t\u00fac x\u00e1 c\u00f3 di\u1ec7n t\u00edch h\u1ea1n ch\u1ebf.<\/li>\n<li data-sourcepos=\"11:1-15:191\">Ch\u1ea5t li\u1ec7u V\u1ecf \u0110a D\u1ea1ng: V\u1ecf n\u1ec7m c\u00f3 th\u1ec3 \u0111\u01b0\u1ee3c \u0111\u1eb7t may v\u1edbi nhi\u1ec1u l\u1ef1a ch\u1ecdn ch\u1ea5t li\u1ec7u cao c\u1ea5p, t\u1ed1i \u01b0u h\u00f3a s\u1ef1 tho\u1ea3i m\u00e1i v\u00e0 \u0111\u1ed9 b\u1ec1n:\n<ul data-sourcepos=\"12:5-15:191\">\n<li data-sourcepos=\"12:5-12:113\">Polyester: B\u1ec1n b\u1ec9, ch\u1ed1ng nh\u0103n, d\u1ec5 v\u1ec7 sinh v\u00e0 nhanh kh\u00f4 \u2013 l\u00fd t\u01b0\u1edfng cho t\u1ea7n su\u1ea5t s\u1eed d\u1ee5ng v\u00e0 gi\u1eb7t t\u1ea9y cao.<\/li>\n<li data-sourcepos=\"13:5-13:104\">Cotton: M\u1ec1m m\u1ea1i, tho\u00e1ng m\u00e1t, th\u1ea5m h\u00fat m\u1ed3 h\u00f4i t\u1ed1t, mang l\u1ea1i c\u1ea3m gi\u00e1c d\u1ec5 ch\u1ecbu v\u00e0 an to\u00e0n cho da.<\/li>\n<li data-sourcepos=\"14:5-14:66\">N\u1ec9: Cung c\u1ea5p s\u1ef1 \u1ea5m \u00e1p v\u00e0 m\u1ec1m m\u1ea1i cho nh\u1eefng khu v\u1ef1c l\u1ea1nh.<\/li>\n<li data-sourcepos=\"15:5-15:191\">T\u1ec9 l\u1ec7 ch\u1ea5t li\u1ec7u theo y\u00eau c\u1ea7u: Ch\u0103n Ra Thanh Th\u1ee7y linh ho\u1ea1t pha tr\u1ed9n c\u00e1c lo\u1ea1i s\u1ee3i theo t\u1ec9 l\u1ec7 ph\u1ea7n tr\u0103m c\u1ee5 th\u1ec3 \u0111\u1ec3 t\u1ed1i \u01b0u h\u00f3a \u0111\u1eb7c t\u00ednh s\u1ea3n ph\u1ea9m, c\u00e2n b\u1eb1ng gi\u1eefa chi ph\u00ed v\u00e0 c\u00f4ng n\u0103ng.<\/li>\n<\/ul>\n<\/li>\n<li data-sourcepos=\"16:1-17:0\">\u0110\u1ea3m b\u1ea3o V\u1ec7 Sinh: V\u1ecf n\u1ec7m d\u1ec5 d\u00e0ng th\u00e1o r\u1eddi \u0111\u1ec3 v\u1ec7 sinh, gi\u00fap duy tr\u00ec m\u00f4i tr\u01b0\u1eddng ng\u1ee7 lu\u00f4n s\u1ea1ch s\u1ebd v\u00e0 an to\u00e0n cho s\u1ee9c kh\u1ecfe h\u1ecdc sinh.<\/li>\n<\/ul>\n<p><a href=\"https:\/\/chanrathanhthuy.com\/wp-content\/uploads\/2025\/04\/Bao-gia-chan-ga-goi-truong-hoc-ky-tuc-xa-san-pham-nem-bong-ep-gap.jpg\"><img loading=\"lazy\" decoding=\"async\" class=\"aligncenter size-full wp-image-76510\" src=\"https:\/\/chanrathanhthuy.com\/wp-content\/uploads\/2025\/04\/Bao-gia-chan-ga-goi-truong-hoc-ky-tuc-xa-san-pham-nem-bong-ep-gap.jpg\" alt=\"\" width=\"1500\" height=\"2264\" title=\"\" srcset=\"https:\/\/chanrathanhthuy.com\/wp-content\/uploads\/2025\/04\/Bao-gia-chan-ga-goi-truong-hoc-ky-tuc-xa-san-pham-nem-bong-ep-gap.jpg 1500w, https:\/\/chanrathanhthuy.com\/wp-content\/uploads\/2025\/04\/Bao-gia-chan-ga-goi-truong-hoc-ky-tuc-xa-san-pham-nem-bong-ep-gap-199x300.jpg 199w, https:\/\/chanrathanhthuy.com\/wp-content\/uploads\/2025\/04\/Bao-gia-chan-ga-goi-truong-hoc-ky-tuc-xa-san-pham-nem-bong-ep-gap-678x1024.jpg 678w, https:\/\/chanrathanhthuy.com\/wp-content\/uploads\/2025\/04\/Bao-gia-chan-ga-goi-truong-hoc-ky-tuc-xa-san-pham-nem-bong-ep-gap-99x150.jpg 99w, https:\/\/chanrathanhthuy.com\/wp-content\/uploads\/2025\/04\/Bao-gia-chan-ga-goi-truong-hoc-ky-tuc-xa-san-pham-nem-bong-ep-gap-768x1159.jpg 768w, https:\/\/chanrathanhthuy.com\/wp-content\/uploads\/2025\/04\/Bao-gia-chan-ga-goi-truong-hoc-ky-tuc-xa-san-pham-nem-bong-ep-gap-1018x1536.jpg 1018w, https:\/\/chanrathanhthuy.com\/wp-content\/uploads\/2025\/04\/Bao-gia-chan-ga-goi-truong-hoc-ky-tuc-xa-san-pham-nem-bong-ep-gap-1357x2048.jpg 1357w, https:\/\/chanrathanhthuy.com\/wp-content\/uploads\/2025\/04\/Bao-gia-chan-ga-goi-truong-hoc-ky-tuc-xa-san-pham-nem-bong-ep-gap-600x906.jpg 600w\" sizes=\"auto, (max-width: 1500px) 100vw, 1500px\" \/><\/a><\/p>\n<h3 style=\"text-align: justify;\" data-sourcepos=\"18:1-18:68\">\u0110\u1eb7t May N\u1ec7m B\u00f4ng \u00c9p G\u1ea5p Theo Y\u00eau C\u1ea7u C\u00f9ng Ch\u0103n Ra Thanh Th\u1ee7y<\/h3>\n<p style=\"text-align: justify;\" data-sourcepos=\"20:1-20:289\">Ch\u0103n Ra Thanh Th\u1ee7y cung c\u1ea5p d\u1ecbch v\u1ee5 \u0111\u1eb7t may N\u1ec7m B\u00f4ng \u00c9p G\u1ea5p Tr\u01b0\u1eddng H\u1ecdc &#8211; K\u00fd T\u00fac X\u00e1 theo y\u00eau c\u1ea7u v\u1ec1 k\u00edch th\u01b0\u1edbc, \u0111\u1ed9 d\u00e0y, m\u00e0u s\u1eafc v\u00e0 ch\u1ea5t li\u1ec7u v\u1ecf, th\u1eadm ch\u00ed l\u00e0 th\u00eau\/in logo c\u1ee7a tr\u01b0\u1eddng. \u0110i\u1ec1u n\u00e0y gi\u00fap c\u00e1c c\u01a1 s\u1edf gi\u00e1o d\u1ee5c t\u1ea1o n\u00ean s\u1ef1 \u0111\u1ed3ng b\u1ed9, chuy\u00ean nghi\u1ec7p v\u00e0 kh\u1eb3ng \u0111\u1ecbnh b\u1ea3n s\u1eafc ri\u00eang bi\u1ec7t.<\/p>\n<p style=\"text-align: justify;\" data-sourcepos=\"22:1-22:251\">H\u00e3y li\u00ean h\u1ec7 ngay v\u1edbi Ch\u0103n Ra Thanh Th\u1ee7y \u0111\u1ec3 \u0111\u01b0\u1ee3c t\u01b0 v\u1ea5n chi ti\u1ebft v\u00e0 nh\u1eadn b\u00e1o gi\u00e1 t\u1ed1t nh\u1ea5t cho gi\u1ea3i ph\u00e1p N\u1ec7m B\u00f4ng \u00c9p G\u1ea5p Tr\u01b0\u1eddng H\u1ecdc &#8211; K\u00fd T\u00fac X\u00e1 ch\u1ea5t l\u01b0\u1ee3ng, g\u00f3p ph\u1ea7n x\u00e2y d\u1ef1ng m\u00f4i tr\u01b0\u1eddng s\u1ed1ng v\u00e0 h\u1ecdc t\u1eadp ti\u1ec7n nghi, n\u00e2ng cao s\u1ee9c kh\u1ecfe cho th\u1ebf h\u1ec7 tr\u1ebb<\/p>\n","protected":false},"excerpt":{"rendered":"<p><span style=\"color: #ff0000;\"><strong>GI\u00c1 \u01afU \u0110\u00c3I T\u1edaI 50% KHI \u0110\u1eb6T MAY THEO Y\u00caU C\u1ea6U<\/strong><\/span><\/p>\n","protected":false},"featured_media":76519,"comment_status":"open","ping_status":"closed","template":"","meta":{"_acf_changed":false,"inline_featured_image":false},"product_cat":[2075],"product_tag":[],"class_list":{"0":"post-73274","1":"product","2":"type-product","3":"status-publish","4":"has-post-thumbnail","6":"product_cat-truong-hoc-ki-tuc-xa","8":"first","9":"outofstock","10":"taxable","11":"shipping-taxable","12":"product-type-variable","13":"rtwpvg-product"},"acf":[],"_links":{"self":[{"href":"https:\/\/chanrathanhthuy.com\/en\/wp-json\/wp\/v2\/product\/73274","targetHints":{"allow":["GET"]}}],"collection":[{"href":"https:\/\/chanrathanhthuy.com\/en\/wp-json\/wp\/v2\/product"}],"about":[{"href":"https:\/\/chanrathanhthuy.com\/en\/wp-json\/wp\/v2\/types\/product"}],"replies":[{"embeddable":true,"href":"https:\/\/chanrathanhthuy.com\/en\/wp-json\/wp\/v2\/comments?post=73274"}],"wp:featuredmedia":[{"embeddable":true,"href":"https:\/\/chanrathanhthuy.com\/en\/wp-json\/wp\/v2\/media\/76519"}],"wp:attachment":[{"href":"https:\/\/chanrathanhthuy.com\/en\/wp-json\/wp\/v2\/media?parent=73274"}],"wp:term":[{"taxonomy":"product_cat","embeddable":true,"href":"https:\/\/chanrathanhthuy.com\/en\/wp-json\/wp\/v2\/product_cat?post=73274"},{"taxonomy":"product_tag","embeddable":true,"href":"https:\/\/chanrathanhthuy.com\/en\/wp-json\/wp\/v2\/product_tag?post=73274"}],"curies":[{"name":"wp","href":"https:\/\/api.w.org\/{rel}","templated":true}]}}