{"id":73325,"date":"2025-04-26T02:02:38","date_gmt":"2025-04-26T02:02:38","guid":{"rendered":"https:\/\/chanrathanhthuy.com\/?post_type=product&#038;p=73325"},"modified":"2025-12-11T02:10:31","modified_gmt":"2025-12-11T02:10:31","slug":"bo-ga-goi-4-mon-microfiber-chevery-hoa-tiet","status":"publish","type":"product","link":"https:\/\/chanrathanhthuy.com\/en\/product\/bo-ga-goi-4-mon-microfiber-chevery-hoa-tiet\/","title":{"rendered":"B\u1ed9 Ga G\u1ed1i 4 m\u00f3n &#8211; Microfiber Chevery H\u1ecda Ti\u1ebft"},"content":{"rendered":"<h5><img loading=\"lazy\" decoding=\"async\" src=\"https:\/\/cf.shopee.vn\/file\/vn-11134208-7ra0g-m8fnvsflxab2cb\" width=\"1920\" height=\"3825\" data-uploading=\"uploaded\" data-upload-status=\"success\" alt=\"\" title=\"\"><br \/>\nM\u00d4 T\u1ea2 S\u1ea2N PH\u1ea8M &#8211; B\u1ed9 Ga G\u1ed1i 4 m\u00f3n &#8211; Microfiber Chevery H\u1ecda Ti\u1ebft<\/h5>\n<ul>\n<li>B\u1ed9 ch\u0103n ga g\u1ed1i cotton tici Microfiber Chevery cao c\u1ea5p, chu\u1ea9n L\u1ee5a th\u00e1i mang \u0111\u1ebfn tr\u1ea3i nghi\u1ec7m ng\u1ee7 ngon tuy\u1ec7t v\u1eddi v\u1edbi ch\u1ea5t li\u1ec7u m\u1ec1m m\u1ecbn, tho\u00e1ng m\u00e1t v\u00e0 th\u1ea5m h\u00fat m\u1ed3 h\u00f4i v\u01b0\u1ee3t tr\u1ed9i. V\u1edbi t\u00ednh ch\u1ea5t l\u00e0 v\u1ea3i Phi l\u1ee5a, s\u1ea3n ph\u1ea9m \u0111\u01b0\u1ee3c thi\u1ebft k\u1ebf v\u1edbi m\u00e0u s\u1eafc tr\u01a1n tinh t\u1ebf, ph\u00f9 h\u1ee3p v\u1edbi nhi\u1ec1u kh\u00f4ng gian n\u1ed9i th\u1ea5t. N\u1ebfu b\u1ea1n y\u00eau th\u00edch v\u00e0 mu\u1ed1n decor c\u0103n ph\u00f2ng ng\u1ee7 c\u1ee7a m\u00ecnh theo style minimalism \u0111\u01a1n gi\u1ea3n sang tr\u1ecdng th\u00ec b\u1ed9 ch\u0103n ga cotton tici s\u1ebd l\u00e0 m\u1ed9t l\u1ef1a ch\u1ecdn v\u00f4 c\u00f9ng h\u1ee3p l\u00fd.<\/li>\n<\/ul>\n<h5>\u0110\u1eb6C \u0110I\u1ec2M N\u1ed4I B\u1eacT:<\/h5>\n<ul>\n<li>Ch\u1ea5t li\u1ec7u Cotton Polyester microfiber: M\u1ec1m m\u1ea1i, tho\u00e1ng m\u00e1t, th\u1ea5m h\u00fat m\u1ed3 h\u00f4i t\u1ed1t, b\u1ec1n m\u00e0u, d\u1ec5 gi\u1eb7t \u1ee7i.<\/li>\n<li>Thi\u1ebft k\u1ebf: hi\u1ec7n \u0111\u1ea1i, ph\u00f9 h\u1ee3p v\u1edbi m\u1ecdi kh\u00f4ng gian.<\/li>\n<li>K\u00edch th\u01b0\u1edbc \u0111a d\u1ea1ng: 160x200cm, 180x200cm<\/li>\n<li>B\u1ed9 s\u1ea3n ph\u1ea9m bao g\u1ed3m: 1 ga b\u1ecdc, 2 v\u1ecf g\u1ed1i n\u1eb1m, 1 v\u1ecf g\u1ed1i \u00f4m<\/li>\n<\/ul>\n<h5>\u01afU \u0110I\u1ec2M:<\/h5>\n<ul>\n<li>Tho\u1ea3i m\u00e1i: Ch\u1ea5t li\u1ec7u cotton \u0111\u0169i microfiber mang \u0111\u1ebfn c\u1ea3m gi\u00e1c m\u1ec1m m\u1ea1i, tho\u00e1ng m\u00e1t, gi\u00fap b\u1ea1n c\u00f3 gi\u1ea5c ng\u1ee7 s\u00e2u v\u00e0 ngon h\u01a1n.<\/li>\n<li>B\u1ec1n \u0111\u1eb9p: M\u00e0u s\u1eafc b\u1ec1n m\u00e0u, kh\u00f4ng phai, d\u1ec5 d\u00e0ng gi\u1eb7t \u1ee7i v\u00e0 b\u1ea3o qu\u1ea3n.<\/li>\n<li>\u0110a n\u0103ng: Ph\u00f9 h\u1ee3p v\u1edbi m\u1ecdi m\u00f9a v\u00e0 m\u1ecdi lo\u1ea1i th\u1eddi ti\u1ebft.<\/li>\n<li>Gi\u00e1 c\u1ea3 h\u1ee3p l\u00fd: S\u1ea3n ph\u1ea9m ch\u1ea5t l\u01b0\u1ee3ng cao v\u1edbi gi\u00e1 c\u1ea3 c\u1ea1nh tranh.<\/li>\n<\/ul>\n<h5>H\u01af\u1edaNG D\u1eaaN S\u1eec D\u1ee4NG V\u00c0 B\u1ea2O QU\u1ea2N:<\/h5>\n<ul>\n<li>Kh\u00f4ng gi\u1eb7t chung s\u1ea3n ph\u1ea9m v\u1edbi c\u00e1c lo\u1ea1i v\u1ea3i kh\u00e1c, \u0111\u1eb7c bi\u1ec7t l\u00e0 c\u00e1c lo\u1ea1i v\u1ea3i b\u1ec1 m\u1eb7t c\u1ee9ng, c\u00f3 d\u00e2y k\u00e9o d\u1ea1ng l\u1edbn ho\u1eb7c c\u00f3 th\u00e0nh ph\u1ea7n polyester, c\u00f3 th\u1ec3 l\u00e0m h\u1ecfng b\u1ec1 m\u1eb7t v\u1ea3i v\u00e0 l\u00e0m s\u1ea3n ph\u1ea9m b\u1ecb x\u00f9 l\u00f4ng.<\/li>\n<li>Kh\u00f4ng s\u1eed d\u1ee5ng thu\u1ed1c t\u1ea9y ho\u1eb7c c\u00e1c lo\u1ea1i n\u01b0\u1edbc gi\u1eb7t c\u00f3 ch\u1ee9a th\u00e0nh ph\u1ea7n thu\u1ed1c t\u1ea9y.<\/li>\n<li>Kh\u00f4ng s\u1ea5y s\u1ea3n ph\u1ea9m \u1edf m\u1ee9c nhi\u1ec7t \u0111\u1ed9 qu\u00e1 cao ho\u1eb7c ph\u01a1i tr\u1ef1c ti\u1ebfp d\u01b0\u1edbi \u00e1nh n\u1eafng g\u1eaft<\/li>\n<li>B\u1ea3o qu\u1ea3n s\u1ea3n ph\u1ea9m \u1edf n\u01a1i kh\u00f4 r\u00e1o, tho\u00e1ng m\u00e1t, tr\u00e1nh \u00e1nh s\u00e1ng tr\u1ef1c ti\u1ebfp c\u1ee7a m\u1eb7t tr\u1eddi.<\/li>\n<\/ul>\n<h5>L\u01afU \u00dd:<\/h5>\n<ul>\n<li>H\u00ecnh \u1ea3nh th\u1eadt do THANHTHUY ch\u1ee5p, s\u1ebd c\u00f3 s\u1ef1 ch\u00eanh l\u1ec7ch 3%-5% v\u1ec1 m\u00e0u s\u1eafc, \u00e1nh s\u00e1ng c\u0169ng nh\u01b0 c\u00e1c y\u00eau t\u1ed1 kh\u00e1c.<\/li>\n<li>H\u00ecnh \u1ea3nh m\u00f4 t\u1ea3 v\u1ecf ch\u0103n\/v\u1ecf g\u1ed1i \u0111\u00e3 \u0111\u01b0\u1ee3c l\u1ed3ng ru\u1ed9t, th\u1ef1c t\u1ebf ch\u01b0a c\u00f3. Qu\u00fd kh\u00e1ch c\u00f3 th\u1ec3 mua th\u00eam ru\u1ed9t ch\u0103n\/ru\u1ed9t g\u1ed1i \u1edf m\u1ee5c \u201cMua k\u00e8m deal s\u1ed1c\u201d \u0111\u1ec3 \u0111\u01b0\u1ee3c m\u1ee9c gi\u00e1 \u01b0u \u0111\u00e3i nh\u1ea5t<\/li>\n<\/ul>\n<p>#bochanga #bogagoi #gagiuong #gagoi #ruotgoi #goidau #chan #ga #goi #cotton #tici #poly #vogoi #baogoi #loigoi #ruot #bochun #drap #ranem #ga #men #pastel #changagoidem #microfiber #chevery #thanhthuy #giuongngu #giacngu #memmai #thamhut #thoangmat #cotton #tici #lua #thai #polyester #philua<\/p>\n","protected":false},"excerpt":{"rendered":"<p>M\u00d4 T\u1ea2 S\u1ea2N PH\u1ea8M &#8211; B\u1ed9 Ga G\u1ed1i 4 m\u00f3n &#8211; Microfiber Chevery H\u1ecda Ti\u1ebft B\u1ed9 ch\u0103n ga g\u1ed1i cotton tici Microfiber Chevery cao c\u1ea5p, chu\u1ea9n L\u1ee5a th\u00e1i mang \u0111\u1ebfn tr\u1ea3i nghi\u1ec7m ng\u1ee7 ngon tuy\u1ec7t v\u1eddi v\u1edbi ch\u1ea5t li\u1ec7u m\u1ec1m m\u1ecbn, tho\u00e1ng m\u00e1t v\u00e0 th\u1ea5m h\u00fat m\u1ed3 h\u00f4i v\u01b0\u1ee3t tr\u1ed9i. V\u1edbi t\u00ednh ch\u1ea5t l\u00e0 v\u1ea3i &#8230; <a title=\"B\u1ed9 Ga G\u1ed1i 4 m\u00f3n &#8211; Microfiber Chevery H\u1ecda Ti\u1ebft\" class=\"read-more\" href=\"https:\/\/chanrathanhthuy.com\/en\/product\/bo-ga-goi-4-mon-microfiber-chevery-hoa-tiet\/\" aria-label=\"More on B\u1ed9 Ga G\u1ed1i 4 m\u00f3n &#8211; Microfiber Chevery H\u1ecda Ti\u1ebft\">Read more<\/a><\/p>\n","protected":false},"featured_media":89548,"comment_status":"open","ping_status":"closed","template":"","meta":{"_acf_changed":false,"inline_featured_image":false},"product_cat":[1960,2493,1931,2172],"product_tag":[],"class_list":{"0":"post-73325","1":"product","2":"type-product","3":"status-publish","4":"has-post-thumbnail","6":"product_cat-chan-ga-gia-dinh","7":"product_cat-tat-ca-2","8":"product_cat-chan-ga-goi-microfiber","9":"product_cat-chevery-microfiber-hoa-tiet","11":"first","12":"instock","13":"taxable","14":"shipping-taxable","15":"purchasable","16":"product-type-variable","17":"has-default-attributes","18":"rtwpvg-product"},"acf":[],"_links":{"self":[{"href":"https:\/\/chanrathanhthuy.com\/en\/wp-json\/wp\/v2\/product\/73325","targetHints":{"allow":["GET"]}}],"collection":[{"href":"https:\/\/chanrathanhthuy.com\/en\/wp-json\/wp\/v2\/product"}],"about":[{"href":"https:\/\/chanrathanhthuy.com\/en\/wp-json\/wp\/v2\/types\/product"}],"replies":[{"embeddable":true,"href":"https:\/\/chanrathanhthuy.com\/en\/wp-json\/wp\/v2\/comments?post=73325"}],"wp:featuredmedia":[{"embeddable":true,"href":"https:\/\/chanrathanhthuy.com\/en\/wp-json\/wp\/v2\/media\/89548"}],"wp:attachment":[{"href":"https:\/\/chanrathanhthuy.com\/en\/wp-json\/wp\/v2\/media?parent=73325"}],"wp:term":[{"taxonomy":"product_cat","embeddable":true,"href":"https:\/\/chanrathanhthuy.com\/en\/wp-json\/wp\/v2\/product_cat?post=73325"},{"taxonomy":"product_tag","embeddable":true,"href":"https:\/\/chanrathanhthuy.com\/en\/wp-json\/wp\/v2\/product_tag?post=73325"}],"curies":[{"name":"wp","href":"https:\/\/api.w.org\/{rel}","templated":true}]}}