{"id":75873,"date":"2025-05-05T08:32:18","date_gmt":"2025-05-05T08:32:18","guid":{"rendered":"https:\/\/chanrathanhthuy.com\/?post_type=product&#038;p=75873"},"modified":"2025-12-27T11:31:42","modified_gmt":"2025-12-27T11:31:42","slug":"bo-ga-goi-4-mon-100-cotton-vanila-thoang-mat-vo-goi-khong-lot-gon-2","status":"publish","type":"product","link":"https:\/\/chanrathanhthuy.com\/en\/product\/bo-ga-goi-4-mon-100-cotton-vanila-thoang-mat-vo-goi-khong-lot-gon-2\/","title":{"rendered":"B\u1ed9 Ga G\u1ed1i 4 m\u00f3n &#8211; 100% Cotton Vanila tho\u00e1ng m\u00e1t (V\u1ecf g\u1ed1i kh\u00f4ng l\u00f3t g\u00f2n) (2)"},"content":{"rendered":"<p><img loading=\"lazy\" decoding=\"async\" src=\"https:\/\/cf.shopee.vn\/file\/vn-11134208-7ra0g-m8fzutdomv72b7\" width=\"1440\" height=\"2869\" data-uploading=\"uploaded\" data-upload-status=\"success\" alt=\"\" title=\"\"><\/p>\n<h5>M\u00d4 T\u1ea2 S\u1ea2N PH\u1ea8M &#8211; B\u1ed9 Ga G\u1ed1i 4 m\u00f3n &#8211; 100% Cotton Vanila tho\u00e1ng m\u00e1t (V\u1ecf g\u1ed1i kh\u00f4ng l\u00f3t g\u00f2n)<\/h5>\n<ul>\n<li>V\u1edbi r\u1ea5t nhi\u1ec1u \u01b0u \u0111i\u1ec3m nh\u01b0: th\u1ea5m h\u00fat m\u1ed3 h\u00f4i t\u1ed1t, th\u00f4ng tho\u00e1ng, v\u00e0 kh\u00f4ng g\u00e2y k\u00edch \u1ee9ng da. Nh\u1edd nh\u1eefng t\u00ednh n\u0103ng v\u01b0\u1ee3t tr\u1ed9i m\u00e0 v\u1ea3i cotton \u0111ang \u0111\u01b0\u1ee3c s\u1eed d\u1ee5ng r\u1ed9ng r\u00e3i v\u00e0 \u0111\u01b0\u1ee3c kh\u00e1ch h\u00e0ng \u01b0a chu\u1ed9ng s\u1eed d\u1ee5ng hi\u1ec7n nay. \u201cVanila\u201d l\u00e0 t\u00ean g\u1ecdi m\u00e0 ch\u0103n ra THANH THUY d\u00f9ng \u0111\u1ec3 ph\u00e2n bi\u1ec7t c\u00e1c d\u00f2ng ch\u0103n ga g\u1ed1i cotton c\u1ee7a THANH THUY.<\/li>\n<\/ul>\n<h5>\u01afU \u0110I\u1ec2M V\u01af\u1ee2T TR\u1ed8I B\u1ed8 CH\u0102N GA COTTON VANILA<\/h5>\n<ul>\n<li>Tho\u1ea3i m\u00e1i: Ch\u1ea5t li\u1ec7u cotton mang \u0111\u1ebfn c\u1ea3m gi\u00e1c m\u1ec1m m\u1ea1i, tho\u00e1ng m\u00e1t, gi\u00fap b\u1ea1n c\u00f3 gi\u1ea5c ng\u1ee7 s\u00e2u v\u00e0 ngon h\u01a1n.<\/li>\n<li>B\u1ec1n \u0111\u1eb9p: M\u00e0u s\u1eafc b\u1ec1n m\u00e0u, kh\u00f4ng phai, d\u1ec5 d\u00e0ng gi\u1eb7t \u1ee7i v\u00e0 b\u1ea3o qu\u1ea3n.<\/li>\n<li>\u0110a n\u0103ng: Ph\u00f9 h\u1ee3p v\u1edbi m\u1ecdi m\u00f9a v\u00e0 m\u1ecdi lo\u1ea1i th\u1eddi ti\u1ebft.<\/li>\n<li>Gi\u00e1 c\u1ea3 h\u1ee3p l\u00fd: S\u1ea3n ph\u1ea9m ch\u1ea5t l\u01b0\u1ee3ng cao v\u1edbi gi\u00e1 c\u1ea3 c\u1ea1nh tranh.<\/li>\n<\/ul>\n<h5>H\u01af\u1edaNG D\u1eaaN S\u1eec D\u1ee4NG V\u00c0 B\u1ea2O QU\u1ea2N CH\u0102N RA G\u1ed0I COTTON<\/h5>\n<ul>\n<li>Ph\u00e2n lo\u1ea1i v\u1ea3i theo m\u00e0u s\u00e1ng hay m\u00e0u t\u1ed1i. Tr\u00e1nh gi\u1eb7t chung v\u1edbi nhau<\/li>\n<li>H\u1ea1n ch\u1ebf s\u1eed d\u1ee5ng c\u00e1c ch\u1ea5t t\u1ea9y, n\u00ean x\u1ea3 b\u1eb1ng n\u01b0\u1edbc l\u1ea1nh<\/li>\n<li>\u0110\u1ec3 n\u01b0\u1edbc trong m\u00e1y gi\u1eb7t \u0111\u1ea7y tr\u01b0\u1edbc khi cho b\u1ed9t gi\u1eb7t v\u00e0o<\/li>\n<li>V\u1ec7 sinh ch\u0103n ga g\u1ed1i \u0111\u1ecbnh k\u1ef3<\/li>\n<li>L\u00e0 (\u1ee7i) khi ga c\u00f2n h\u01a1i \u1ea9m. L\u00e0 \u1edf m\u1eb7t tr\u00e1i nh\u1eb1m tr\u00e1nh \u1ea3nh h\u01b0\u1edfng c\u00e1c \u0111\u01b0\u1eddng th\u00eau \u1edf m\u1eb7t tr\u00ean. Ch\u00fa \u00fd \u0111\u1ebfn c\u00e1c tem h\u01b0\u1edbng d\u1eabn l\u00e0, \u1ee7i c\u00f3 \u0111i k\u00e8m v\u1edbi ga \u0111\u1ec3 c\u00f3 th\u1ec3 \u0111i\u1ec1u ch\u1ec9nh nhi\u1ec7t \u0111\u1ed9 t\u1ed1t nh\u1ea5t. \u0110\u1eb7c bi\u1ec7t l\u01b0u \u00fd KH\u00d4NG l\u00e0 v\u1edbi v\u1ea3i b\u00f4ng&#8230;<\/li>\n<\/ul>\n<h5>\ud83d\udca4 L\u01afU \u00dd:<\/h5>\n<ul>\n<li>H\u00ecnh \u1ea3nh th\u1eadt do THANHTHUY ch\u1ee5p, s\u1ebd c\u00f3 s\u1ef1 ch\u00eanh l\u1ec7ch 3%-5% v\u1ec1 m\u00e0u s\u1eafc, \u00e1nh s\u00e1ng c\u0169ng nh\u01b0 c\u00e1c y\u00eau t\u1ed1 kh\u00e1c.<\/li>\n<li>H\u00ecnh \u1ea3nh m\u00f4 t\u1ea3 v\u1ecf ch\u0103n\/v\u1ecf g\u1ed1i \u0111\u00e3 \u0111\u01b0\u1ee3c l\u1ed3ng ru\u1ed9t, th\u1ef1c t\u1ebf ch\u01b0a c\u00f3. Qu\u00fd kh\u00e1ch c\u00f3 th\u1ec3 mua th\u00eam ru\u1ed9t ch\u0103n\/ru\u1ed9t g\u1ed1i \u1edf m\u1ee5c \u201cMua k\u00e8m deal s\u1ed1c\u201d \u0111\u1ec3 \u0111\u01b0\u1ee3c m\u1ee9c gi\u00e1 \u01b0u \u0111\u00e3i nh\u1ea5t<\/li>\n<\/ul>\n<p>#bochanga #bogagoi #gagiuong #gagoi #ruotgoi #goidau #chan #ga #goi #cotton #tici #poly #vogoi #baogoi #loigoi #ruot #bochun #drap #ranem #ga #men #pastel #changagoidem #microfiber #chevery #thanhthuy #giuongngu #giacngu #memmai #thamhut #thoangmat #cotton #tici #lua #thai #polyester #philua<\/p>\n","protected":false},"excerpt":{"rendered":"<p>M\u00d4 T\u1ea2 S\u1ea2N PH\u1ea8M &#8211; B\u1ed9 Ga G\u1ed1i 4 m\u00f3n &#8211; 100% Cotton Vanila tho\u00e1ng m\u00e1t (V\u1ecf g\u1ed1i kh\u00f4ng l\u00f3t g\u00f2n) V\u1edbi r\u1ea5t nhi\u1ec1u \u01b0u \u0111i\u1ec3m nh\u01b0: th\u1ea5m h\u00fat m\u1ed3 h\u00f4i t\u1ed1t, th\u00f4ng tho\u00e1ng, v\u00e0 kh\u00f4ng g\u00e2y k\u00edch \u1ee9ng da. Nh\u1edd nh\u1eefng t\u00ednh n\u0103ng v\u01b0\u1ee3t tr\u1ed9i m\u00e0 v\u1ea3i cotton \u0111ang \u0111\u01b0\u1ee3c s\u1eed d\u1ee5ng r\u1ed9ng r\u00e3i &#8230; <a title=\"B\u1ed9 Ga G\u1ed1i 4 m\u00f3n &#8211; 100% Cotton Vanila tho\u00e1ng m\u00e1t (V\u1ecf g\u1ed1i kh\u00f4ng l\u00f3t g\u00f2n) (2)\" class=\"read-more\" href=\"https:\/\/chanrathanhthuy.com\/en\/product\/bo-ga-goi-4-mon-100-cotton-vanila-thoang-mat-vo-goi-khong-lot-gon-2\/\" aria-label=\"More on B\u1ed9 Ga G\u1ed1i 4 m\u00f3n &#8211; 100% Cotton Vanila tho\u00e1ng m\u00e1t (V\u1ecf g\u1ed1i kh\u00f4ng l\u00f3t g\u00f2n) (2)\">Read more<\/a><\/p>\n","protected":false},"featured_media":88709,"comment_status":"open","ping_status":"closed","template":"","meta":{"_acf_changed":false,"inline_featured_image":false},"product_cat":[1960,2493,1932,2066],"product_tag":[],"class_list":{"0":"post-75873","1":"product","2":"type-product","3":"status-publish","4":"has-post-thumbnail","6":"product_cat-chan-ga-gia-dinh","7":"product_cat-tat-ca-2","8":"product_cat-chan-ga-goi-cotton","9":"product_cat-cotton-vanila","11":"first","12":"instock","13":"taxable","14":"shipping-taxable","15":"purchasable","16":"product-type-variable","17":"has-default-attributes","18":"rtwpvg-product"},"acf":[],"_links":{"self":[{"href":"https:\/\/chanrathanhthuy.com\/en\/wp-json\/wp\/v2\/product\/75873","targetHints":{"allow":["GET"]}}],"collection":[{"href":"https:\/\/chanrathanhthuy.com\/en\/wp-json\/wp\/v2\/product"}],"about":[{"href":"https:\/\/chanrathanhthuy.com\/en\/wp-json\/wp\/v2\/types\/product"}],"replies":[{"embeddable":true,"href":"https:\/\/chanrathanhthuy.com\/en\/wp-json\/wp\/v2\/comments?post=75873"}],"wp:featuredmedia":[{"embeddable":true,"href":"https:\/\/chanrathanhthuy.com\/en\/wp-json\/wp\/v2\/media\/88709"}],"wp:attachment":[{"href":"https:\/\/chanrathanhthuy.com\/en\/wp-json\/wp\/v2\/media?parent=75873"}],"wp:term":[{"taxonomy":"product_cat","embeddable":true,"href":"https:\/\/chanrathanhthuy.com\/en\/wp-json\/wp\/v2\/product_cat?post=75873"},{"taxonomy":"product_tag","embeddable":true,"href":"https:\/\/chanrathanhthuy.com\/en\/wp-json\/wp\/v2\/product_tag?post=75873"}],"curies":[{"name":"wp","href":"https:\/\/api.w.org\/{rel}","templated":true}]}}