{"id":77101,"date":"2025-05-16T08:49:45","date_gmt":"2025-05-16T08:49:45","guid":{"rendered":"https:\/\/chanrathanhthuy.com\/?post_type=product&#038;p=77101"},"modified":"2025-11-05T09:40:16","modified_gmt":"2025-11-05T09:40:16","slug":"ruot-goi-om-thanh-thuy-thanh-thuy","status":"publish","type":"product","link":"https:\/\/chanrathanhthuy.com\/en\/product\/ruot-goi-om-thanh-thuy-thanh-thuy\/","title":{"rendered":"Ru\u1ed9t g\u1ed1i \u00f4m Thanh Th\u1ee7y &#8211; THANH THUY"},"content":{"rendered":"<h5>TH\u00d4NG S\u1ed0 K\u0128 THU\u1eacT<\/h5>\n<ul>\n<li>Ch\u1ea5t li\u1ec7u: ru\u1ed9t g\u1ed1i \u0111\u01b0\u1ee3c l\u00e0m b\u1eb1ng s\u1ee3i polyester theo d\u1ea1ng v\u00f3n bi, t\u1ea1o \u0111\u1ed9 b\u1ed3ng t\u1ed1t, l\u00e2u x\u1eb9p, \u0111\u1ea3m b\u1ea3o c\u00e1c t\u00ednh n\u0103ng v\u1ec1 \u0111\u1ed9 tinh, s\u1ea1ch, t\u1ed1t cho s\u1ee9c kh\u1ecfe. S\u1ee3i b\u00f4ng nh\u1ecf m\u1ecbn, th\u00f4ng tho\u00e1ng, h\u00fat m\u1ed3 h\u00f4i, t\u1ea1o c\u1ea3m gi\u00e1c \u00eam \u00e1i, nh\u1eb9 nh\u00e0ng khi s\u1eed d\u1ee5ng v\u00e0 kh\u00f4ng b\u1ecb v\u00f3n c\u1ee5c cho d\u00f9 gi\u1eb7t g\u1ed1i b\u1eb1ng m\u00e1y gi\u1eb7t th\u00f4ng th\u01b0\u1eddng<\/li>\n<li>\u0110\u1eb7c t\u00ednh: \u00eam \u00e1i, m\u1ec1m m\u1ea1i, tho\u00e1ng m\u00e1t, d\u1ec5 th\u1ea5m h\u00fat m\u1ed3 h\u00f4i, \u0111\u00e0n h\u1ed3i gi\u00fap b\u1ea1n v\u00e0 gia \u0111\u00ecnh c\u00f3 nh\u1eefng gi\u1ea5c ng\u1ee7 ngon v\u00e0 s\u00e2u<\/li>\n<li>K\u00edch th\u01b0\u1edbc: 35*100 cm<\/li>\n<li>Quy c\u00e1ch: Ru\u1ed9t g\u1ed1i \u0111\u01b0\u1ee3c \u00e9p ch\u00e2n kh\u00f4ng, do \u0111\u00f3 sau khi \u0111\u01b0\u1ee3c l\u1ea5y ra kh\u1ecfi bao b\u00ec, c\u1ea7n kho\u1ea3ng 30 ph\u00fat \u0111\u1ec3 g\u1ed1i quay v\u1ec1 tr\u1ea1ng th\u00e1i ti\u00eau chu\u1ea9n<\/li>\n<\/ul>\n<h5>H\u01af\u1edaNG D\u1eaaN S\u1eec D\u1ee4NG V\u00c0 B\u1ea2O QU\u1ea2N<\/h5>\n<ul>\n<li>Sau m\u1ed9t th\u1eddi gian s\u1eed d\u1ee5ng, ru\u1ed9t g\u1ed1i b\u1ecb \u1ed1 v\u00e0ng v\u00e0 b\u1ea9n. Ch\u00ednh v\u00ec v\u1eady, b\u1ea1n c\u1ea7n bi\u1ebft m\u1ed9t s\u1ed1 m\u1eb9o hay hi\u1ec7u qu\u1ea3 b\u1ea1n n\u00ean bi\u1ebft \u0111\u1ec3 b\u1ea3o qu\u1ea3n ru\u1ed9t g\u1ed1i lu\u00f4n tr\u1eafng tinh nh\u01b0 m\u1edbi:<\/li>\n<li>Gi\u1eb7t b\u1eb1ng tay: N\u1ebfu b\u1ea1n gi\u1eb7t g\u1ed1i b\u1eb1ng tay h\u00e3y h\u00f2a h\u1ed7n h\u1ee3p gi\u1eb7t tr\u00ean c\u00f9ng nhau v\u00e0 cho g\u1ed1i v\u00e0o ng\u00e2m. Sau \u0111\u00f3, b\u1ea1n ch\u1ec9 c\u1ea7n b\u00f3p nh\u1eb9 \u0111\u1ec3 x\u00e0 b\u00f4ng v\u00e0 c\u00e1c ch\u1ea5t t\u1ea9y cho trong h\u1ed7n h\u1ee3p tr\u00ean l\u1ea5y \u0111i h\u1ebft b\u1ee5i b\u1ea9n l\u00e0 \u0111\u01b0\u1ee3c, c\u1ee9 l\u1eb7p l\u1ea1i cho t\u1edbi khi th\u1ea5y ru\u1ed9t g\u1ed1i tr\u1eafng. Sau khi x\u1ea3 nhi\u1ec1u l\u1ea7n cho s\u1ea1ch x\u00e0 ph\u00f2ng th\u00ec cho v\u00e0o n\u01b0\u1edbc x\u1ea3 ng\u00e2m \u0111\u1ec3 \u01b0\u1edbp m\u00f9i th\u01a1m cho g\u1ed1i nh\u00e9.<\/li>\n<li>Gi\u1eb7t b\u1eb1ng m\u00e1y: N\u1ebfu m\u00e1y gi\u1eb7t c\u00f3 ch\u1ebf \u0111\u1ed9 gi\u1eb7t n\u01b0\u1edbc n\u00f3ng th\u00ec b\u1ea1n h\u00e3y ch\u1ecdn ch\u1ebf \u0111\u1ed9 gi\u1eb7t n\u00e0y. Cho t\u1ea5t c\u1ea3 c\u00e1c ch\u1ea5t gi\u1eb7t t\u1ea9y \u0111\u00e3 chu\u1ea9n b\u1ecb v\u00e0o l\u1ed3ng gi\u1eb7t. N\u1ebfu kh\u00f4ng, x\u1ea3 n\u01b0\u1edbc \u0111\u1ea7y m\u00e1y gi\u1eb7t, trong \u0111\u00f3 t\u1ef7 l\u1ec7 n\u01b0\u1edbc n\u00f3ng chi\u1ebfm 1\/3 &#8211; 1\/2, c\u00e0ng nhi\u1ec1u n\u01b0\u1edbc n\u00f3ng c\u00e0ng t\u1ed1t. B\u1eadt kh\u1edfi \u0111\u1ed9ng v\u00e0 \u0111\u1ec3 cho m\u00e1y ch\u1ea1y 1-2 ph\u00fat \u0111\u1ec3 b\u1ea3o \u0111\u1ea3m t\u1ea5t c\u1ea3 c\u00e1c nguy\u00ean li\u1ec7u \u0111\u00e3 \u0111\u01b0\u1ee3c h\u00f2a \u0111\u1ec1u tr\u01b0\u1edbc khi cho ru\u1ed9t g\u1ed1i v\u00e0o. Trong qu\u00e1 tr\u00ecnh m\u00e1y gi\u1eb7t ho\u1ea1t \u0111\u1ed9ng, b\u1ea1n n\u00ean quan s\u00e1t m\u00e1y, khi th\u1ea5y m\u00e1y chuy\u1ec3n sang quy tr\u00ecnh x\u1ea3 n\u01b0\u1edbc l\u1ea7n th\u1ee9 hai ho\u1eb7c h\u1ebft n\u1eeda chu k\u1ef3 gi\u1eb7t th\u00ec b\u1ea5m n\u00fat t\u1ea1m d\u1eebng sau \u0111\u00f3 l\u1eadt ng\u01b0\u1ee3c ru\u1ed9t g\u1ed1i l\u1ea1i \u0111\u1ec3 c\u1ea3 hai m\u1eb7t c\u1ee7a ru\u1ed9t g\u1ed1i \u0111\u01b0\u1ee3c ng\u1ea5m \u0111\u1ec1u c\u00e1c ch\u1ea5t t\u1ea9y, \u0111\u1ea3m b\u1ea3o cho g\u1ed1i \u0111\u01b0\u1ee3c gi\u1eb7t s\u1ea1ch hi\u1ec7u qu\u1ea3.<\/li>\n<li>L\u01b0u \u00fd: N\u00ean \u0111\u1ecdc k\u1ef9 h\u01b0\u1edbng d\u1eabn s\u1eed d\u1ee5ng c\u1ee7a ru\u1ed9t g\u1ed1i khi mua. \u0110\u1ed1i v\u1edbi s\u1ea3n ph\u1ea9m ghi r\u00f5 l\u00e0 tuy\u1ec7t \u0111\u1ed1i kh\u00f4ng gi\u1eb7t m\u00e1y th\u00ec n\u00ean ch\u1ecdn c\u00e1ch gi\u1eb7t h\u1ea5p hay gi\u1eb7t kh\u00f4.<\/li>\n<\/ul>\n<h5>C\u00c1CH L\u00c0M KH\u00d4 RU\u1ed8T G\u1ed0I<\/h5>\n<ul>\n<li>Sau khi gi\u1eb7t, b\u1ea1n l\u1ea5y ru\u1ed9t g\u1ed1i ra kh\u1ecfi m\u00e1y, \u0111\u1eadp, gi\u0169, k\u00e9o \u0111\u1ec3 l\u00e0m b\u1ed3ng ru\u1ed9t g\u1ed1i tr\u1edf l\u1ea1i nh\u01b0 l\u00fac ban \u0111\u1ea7u<\/li>\n<li>Ru\u1ed9t g\u1ed1i d\u00e0y h\u01a1n qu\u1ea7n \u00e1o n\u00ean th\u1eddi gian kh\u00f4 c\u1ee7a ru\u1ed9t g\u1ed1i s\u1ebd l\u00e2u h\u01a1n qu\u1ea7n \u00e1o, \u0111\u1ec3 tr\u00e1nh ru\u1ed9t g\u1ed1i b\u1ecb \u1ea9m m\u1ed1c, c\u00f3 m\u00f9i h\u00f4i, b\u1ea1n n\u00ean ph\u01a1i ru\u1ed9t g\u1ed1i d\u01b0\u1edbi \u00e1nh n\u1eafng m\u1eb7t tr\u1eddi trong v\u00e0i ti\u1ebfng \u0111\u1ed3ng h\u1ed3<\/li>\n<\/ul>\n","protected":false},"excerpt":{"rendered":"<p>TH\u00d4NG S\u1ed0 K\u0128 THU\u1eacT Ch\u1ea5t li\u1ec7u: ru\u1ed9t g\u1ed1i \u0111\u01b0\u1ee3c l\u00e0m b\u1eb1ng s\u1ee3i polyester theo d\u1ea1ng v\u00f3n bi, t\u1ea1o \u0111\u1ed9 b\u1ed3ng t\u1ed1t, l\u00e2u x\u1eb9p, \u0111\u1ea3m b\u1ea3o c\u00e1c t\u00ednh n\u0103ng v\u1ec1 \u0111\u1ed9 tinh, s\u1ea1ch, t\u1ed1t cho s\u1ee9c kh\u1ecfe. S\u1ee3i b\u00f4ng nh\u1ecf m\u1ecbn, th\u00f4ng tho\u00e1ng, h\u00fat m\u1ed3 h\u00f4i, t\u1ea1o c\u1ea3m gi\u00e1c \u00eam \u00e1i, nh\u1eb9 nh\u00e0ng khi s\u1eed d\u1ee5ng &#8230; <a title=\"Ru\u1ed9t g\u1ed1i \u00f4m Thanh Th\u1ee7y &#8211; THANH THUY\" class=\"read-more\" href=\"https:\/\/chanrathanhthuy.com\/en\/product\/ruot-goi-om-thanh-thuy-thanh-thuy\/\" aria-label=\"More on Ru\u1ed9t g\u1ed1i \u00f4m Thanh Th\u1ee7y &#8211; THANH THUY\">Read more<\/a><\/p>\n","protected":false},"featured_media":88863,"comment_status":"open","ping_status":"closed","template":"","meta":{"_acf_changed":false,"inline_featured_image":false},"product_cat":[1960,1933],"product_tag":[],"class_list":{"0":"post-77101","1":"product","2":"type-product","3":"status-publish","4":"has-post-thumbnail","6":"product_cat-chan-ga-gia-dinh","7":"product_cat-ruot-goi-phu-kien-khac","9":"first","10":"instock","11":"taxable","12":"shipping-taxable","13":"purchasable","14":"product-type-variable","15":"rtwpvg-product"},"acf":[],"_links":{"self":[{"href":"https:\/\/chanrathanhthuy.com\/en\/wp-json\/wp\/v2\/product\/77101","targetHints":{"allow":["GET"]}}],"collection":[{"href":"https:\/\/chanrathanhthuy.com\/en\/wp-json\/wp\/v2\/product"}],"about":[{"href":"https:\/\/chanrathanhthuy.com\/en\/wp-json\/wp\/v2\/types\/product"}],"replies":[{"embeddable":true,"href":"https:\/\/chanrathanhthuy.com\/en\/wp-json\/wp\/v2\/comments?post=77101"}],"wp:featuredmedia":[{"embeddable":true,"href":"https:\/\/chanrathanhthuy.com\/en\/wp-json\/wp\/v2\/media\/88863"}],"wp:attachment":[{"href":"https:\/\/chanrathanhthuy.com\/en\/wp-json\/wp\/v2\/media?parent=77101"}],"wp:term":[{"taxonomy":"product_cat","embeddable":true,"href":"https:\/\/chanrathanhthuy.com\/en\/wp-json\/wp\/v2\/product_cat?post=77101"},{"taxonomy":"product_tag","embeddable":true,"href":"https:\/\/chanrathanhthuy.com\/en\/wp-json\/wp\/v2\/product_tag?post=77101"}],"curies":[{"name":"wp","href":"https:\/\/api.w.org\/{rel}","templated":true}]}}