{"id":77199,"date":"2025-05-17T02:28:50","date_gmt":"2025-05-17T02:28:50","guid":{"rendered":"https:\/\/chanrathanhthuy.com\/?post_type=product&#038;p=77199"},"modified":"2025-12-14T01:42:29","modified_gmt":"2025-12-14T01:42:29","slug":"nem-bong-ep-hoat-tinh-gap-8-cmnem-em-vuanang-do-co-the-thanh-thuy-mau-ngau-nhien","status":"publish","type":"product","link":"https:\/\/chanrathanhthuy.com\/en\/product\/nem-bong-ep-hoat-tinh-gap-8-cmnem-em-vuanang-do-co-the-thanh-thuy-mau-ngau-nhien\/","title":{"rendered":"N\u1ec7m B\u00f4ng \u00c9p Ho\u1ea1t T\u00ednh G\u1ea5p 8cm, N\u1ec7m \u00cam V\u1eeba, N\u00e2ng \u0110\u1ee1 C\u01a1 Th\u1ec3 &#8211; THANH THUY (M\u1eabu ng\u1eabu nhi\u00ean)"},"content":{"rendered":"<h5>TH\u00d4NG S\u1ed0 K\u0128 THU\u1eacT<\/h5>\n<ul>\n<li>\u0110\u1ed9 cao 8 cm<\/li>\n<li>K\u00edch th\u01b0\u1edbc: 100*200, 120*200, 140*200, 160*200, 180*200<\/li>\n<li>Ru\u1ed9t n\u1ec7m: b\u00f4ng (g\u00f2n) \u00e9p<\/li>\n<li>\u00c1o n\u1ec7m: m\u1ed9t m\u1eb7t cotton, m\u1ed9t m\u1eb7t poly<\/li>\n<li>M\u00e0u \u00e1o n\u1ec7m giao ng\u1eabu nhi\u00ean ho\u1eb7c li\u00ean h\u1ec7 nh\u00e2n vi\u00ean \u0111\u1ec3 g\u1eedi m\u1eabu n\u1ec7m g\u1ea5p c\u00f3 t\u1ea1i c\u1eeda h\u00e0ng<\/li>\n<\/ul>\n<h5>M\u00d4 T\u1ea2 S\u1ea2N PH\u1ea8M N\u1ec6M B\u00d4NG \u00c9P G\u1ea4P GALAXY<\/h5>\n<ul>\n<li>\u0110\u00e2y s\u1ea3n ph\u1ea9m ti\u1ec7n d\u1ee5ng d\u00e0nh cho gia \u0111\u00ecnh c\u00f3 k\u00edch th\u01b0\u1edbc kh\u00f4ng gian ph\u00f2ng ng\u1ee7 khi\u00eam t\u1ed1n. D\u00f2ng n\u1ec7m g\u1ea5p lu\u00f4n th\u01b0\u1eddng xuy\u00ean \u0111\u01b0\u1ee3c \u0111\u1ed5i m\u1edbi v\u1ec1 m\u1eabu m\u00e3 v\u00e0 h\u1ecda ti\u1ebft cho kh\u00e1ch h\u00e0ng tho\u1ea3i m\u00e1i l\u1ef1a ch\u1ecdn theo s\u1edf th\u00edch.<\/li>\n<\/ul>\n<h5>\u01afU \u0110I\u1ec2M N\u1ec6M B\u00d4NG \u00c9P G\u1ea4P GALAXY THANH TH\u1ee6Y<\/h5>\n<ul>\n<li>N\u1ec7m g\u1ea5p Galaxy Thanh Th\u1ee7y v\u1edbi k\u1ebft c\u1ea5u \u0111\u1eb7c bi\u1ec7t, t\u1eadn d\u1ee5ng t\u1ed1i \u0111a t\u00ednh n\u0103ng \u0111\u00e0n h\u1ed3i c\u1ee7a b\u00f4ng (g\u00f2n) k\u1ebft h\u1ee3p v\u1edbi c\u00f4ng ngh\u1ec7 s\u1ea3n xu\u1ea5t ri\u00eang bi\u1ec7t t\u1ea1o cho s\u1ea3n ph\u1ea9m c\u00f3 \u0111\u1ed9 \u00eam \u00e1i v\u00e0 ch\u1eafc ch\u1eafn \u1ed5n \u0111\u1ecbnh. T\u1ea1o n\u00ean \u0111\u1ed9 b\u1ec1n v\u01b0\u1ee3t th\u1eddi gian, ch\u1eafc ch\u1eafn v\u00e0 n\u00e2ng \u0111\u1ee1 \u0111\u1ed3ng \u0111\u1ec1u cho ng\u01b0\u1eddi s\u1eed d\u1ee5ng. \u0110\u1ed9 nh\u00fan t\u1ed1i \u01b0u v\u00e0 \u0111\u1ed9 th\u00f4ng tho\u00e1ng v\u01b0\u1ee3t tr\u1ed9i, gi\u00fap n\u00e2ng \u0111\u1ee1 t\u1ed1i \u0111a tr\u1ecdng l\u1ef1c c\u01a1 th\u1ec3, h\u1ed7 tr\u1ee3 n\u00e2ng \u0111\u1ee1, t\u1ea1o gi\u1ea5c ng\u1ee7 s\u00e2u cho ng\u01b0\u1eddi s\u1eed d\u1ee5ng<\/li>\n<li>C\u00e1c t\u00fai n\u1ec7m g\u1ea5p hi\u1ec7n \u0111\u1ea1i c\u1ee7a Thanh Th\u1ee7y \u0111\u01b0\u1ee3c bao b\u1ecdc trong t\u1eebng t\u00fai ri\u00eang bi\u1ec7t, ch\u1eafc ch\u1eafn v\u00e0 ho\u00e0n to\u00e0n \u0111\u1ed9c l\u1eadp, kh\u00f4ng g\u00e2y dao \u0111\u1ed9ng lan truy\u1ec1n v\u00e0 h\u1ed7 tr\u1ee3 s\u1ee9c kh\u1ecfe ng\u01b0\u1eddi d\u00f9ng r\u1ea5t nhi\u1ec1u. S\u1ed1 l\u01b0\u1ee3ng l\u1edbn c\u00e1c t\u00fai n\u1ec7m g\u1ea5p c\u00f2n kh\u1eafc ph\u1ee5c \u0111\u01b0\u1ee3c ho\u00e0n to\u00e0n nh\u01b0\u1ee3c \u0111i\u1ec3m b\u1ecb l\u00f5m b\u1ec1 m\u1eb7t qua th\u1eddi gian d\u00e0i s\u1eed d\u1ee5ng. S\u1ea3n ph\u1ea9m n\u1ec7m g\u1ea5p gi\u00e1 r\u1ebb v\u1edbi m\u1eabu m\u00e3 \u0111\u1eb9p, s\u1eed d\u1ee5ng c\u00e1c nguy\u00ean li\u1ec7u c\u00f3 kh\u1ea3 n\u0103ng ch\u1ed1ng khu\u1ea9n, th\u00e2n thi\u1ec7n v\u1edbi m\u00f4i tr\u01b0\u1eddng, \u0111\u1ed9 an to\u00e0n cao v\u00e0 kh\u00f4ng \u0111\u1ed9c h\u1ea1i<\/li>\n<li>N\u1ec7m c\u00f3 \u0111\u1ed9 c\u1ee9ng h\u1ee3p l\u00fd c\u00f9ng \u0111\u1ed9 ph\u1eb3ng cao n\u00ean kh\u00f4ng g\u00e2y \u0111au l\u01b0ng, th\u00f4ng kh\u00ed t\u1ed1t, tho\u00e1t \u1ea9m nhanh, c\u00f3 l\u1ee3i cho qu\u00e1 tr\u00ecnh tu\u1ea7n ho\u00e0n m\u00e1u c\u1ee7a ng\u01b0\u1eddi s\u1eed d\u1ee5ng. L\u1edbp b\u00f4ng \u00e9p tho\u00e1ng kh\u00ed, gi\u00fap chi\u1ebfc n\u1ec7m n\u1eb1m m\u00e1t h\u01a1n, l\u01b0u th\u00f4ng tu\u1ea7n ho\u00e0n m\u00e1u t\u1ed1t h\u01a1n<\/li>\n<\/ul>\n<h5>H\u1ea0N CH\u1ebe N\u1ec6M B\u00d4NG \u00c9P<\/h5>\n<ul>\n<li>\u0110\u1ed9 \u0111\u00e0n h\u1ed3i kh\u00f4ng cao b\u1eb1ng n\u1ec7m cao su v\u00e0 n\u1ec7m l\u00f2 xo<\/li>\n<li>Tu\u1ed5i th\u1ecd kh\u00f4ng cao. Ch\u1ec9 kho\u1ea3ng t\u1eeb 4-5 n\u0103m<\/li>\n<li>D\u1ec5 b\u1ecb b\u00e1m m\u00f9i<\/li>\n<\/ul>\n","protected":false},"excerpt":{"rendered":"<p>TH\u00d4NG S\u1ed0 K\u0128 THU\u1eacT \u0110\u1ed9 cao 8 cm K\u00edch th\u01b0\u1edbc: 100*200, 120*200, 140*200, 160*200, 180*200 Ru\u1ed9t n\u1ec7m: b\u00f4ng (g\u00f2n) \u00e9p \u00c1o n\u1ec7m: m\u1ed9t m\u1eb7t cotton, m\u1ed9t m\u1eb7t poly M\u00e0u \u00e1o n\u1ec7m giao ng\u1eabu nhi\u00ean ho\u1eb7c li\u00ean h\u1ec7 nh\u00e2n vi\u00ean \u0111\u1ec3 g\u1eedi m\u1eabu n\u1ec7m g\u1ea5p c\u00f3 t\u1ea1i c\u1eeda h\u00e0ng M\u00d4 T\u1ea2 S\u1ea2N PH\u1ea8M N\u1ec6M B\u00d4NG \u00c9P &#8230; <a title=\"N\u1ec7m B\u00f4ng \u00c9p Ho\u1ea1t T\u00ednh G\u1ea5p 8cm, N\u1ec7m \u00cam V\u1eeba, N\u00e2ng \u0110\u1ee1 C\u01a1 Th\u1ec3 &#8211; THANH THUY (M\u1eabu ng\u1eabu nhi\u00ean)\" class=\"read-more\" href=\"https:\/\/chanrathanhthuy.com\/en\/product\/nem-bong-ep-hoat-tinh-gap-8-cmnem-em-vuanang-do-co-the-thanh-thuy-mau-ngau-nhien\/\" aria-label=\"More on N\u1ec7m B\u00f4ng \u00c9p Ho\u1ea1t T\u00ednh G\u1ea5p 8cm, N\u1ec7m \u00cam V\u1eeba, N\u00e2ng \u0110\u1ee1 C\u01a1 Th\u1ec3 &#8211; THANH THUY (M\u1eabu ng\u1eabu nhi\u00ean)\">Read more<\/a><\/p>\n","protected":false},"featured_media":78476,"comment_status":"open","ping_status":"closed","template":"","meta":{"_acf_changed":false,"inline_featured_image":false},"product_cat":[1960,2061],"product_tag":[],"class_list":{"0":"post-77199","1":"product","2":"type-product","3":"status-publish","4":"has-post-thumbnail","6":"product_cat-chan-ga-gia-dinh","7":"product_cat-nem","9":"first","10":"instock","11":"taxable","12":"shipping-taxable","13":"purchasable","14":"product-type-variable","15":"rtwpvg-product"},"acf":[],"_links":{"self":[{"href":"https:\/\/chanrathanhthuy.com\/en\/wp-json\/wp\/v2\/product\/77199","targetHints":{"allow":["GET"]}}],"collection":[{"href":"https:\/\/chanrathanhthuy.com\/en\/wp-json\/wp\/v2\/product"}],"about":[{"href":"https:\/\/chanrathanhthuy.com\/en\/wp-json\/wp\/v2\/types\/product"}],"replies":[{"embeddable":true,"href":"https:\/\/chanrathanhthuy.com\/en\/wp-json\/wp\/v2\/comments?post=77199"}],"wp:featuredmedia":[{"embeddable":true,"href":"https:\/\/chanrathanhthuy.com\/en\/wp-json\/wp\/v2\/media\/78476"}],"wp:attachment":[{"href":"https:\/\/chanrathanhthuy.com\/en\/wp-json\/wp\/v2\/media?parent=77199"}],"wp:term":[{"taxonomy":"product_cat","embeddable":true,"href":"https:\/\/chanrathanhthuy.com\/en\/wp-json\/wp\/v2\/product_cat?post=77199"},{"taxonomy":"product_tag","embeddable":true,"href":"https:\/\/chanrathanhthuy.com\/en\/wp-json\/wp\/v2\/product_tag?post=77199"}],"curies":[{"name":"wp","href":"https:\/\/api.w.org\/{rel}","templated":true}]}}