{"id":77667,"date":"2025-05-20T01:41:46","date_gmt":"2025-05-20T01:41:46","guid":{"rendered":"https:\/\/chanrathanhthuy.com\/?post_type=product&#038;p=77667"},"modified":"2026-03-26T09:42:34","modified_gmt":"2026-03-26T09:42:34","slug":"ga-giuong-100-cotton-vanila-thoang-mat-khong-gom-vo-goi-2","status":"publish","type":"product","link":"https:\/\/chanrathanhthuy.com\/en\/product\/ga-giuong-100-cotton-vanila-thoang-mat-khong-gom-vo-goi-2\/","title":{"rendered":"Ga gi\u01b0\u1eddng &#8211; 100% Cotton Vanila tho\u00e1ng m\u00e1t (Kh\u00f4ng g\u1ed3m v\u1ecf g\u1ed1i) (2)"},"content":{"rendered":"<h5>Ga gi\u01b0\u1eddng &#8211; 100% Cotton Vanila tho\u00e1ng m\u00e1t (Kh\u00f4ng g\u1ed3m v\u1ecf g\u1ed1i) &#8211; THANH THUY<\/h5>\n<h5>TH\u00d4NG S\u1ed0 K\u0128 THU\u1eacT<\/h5>\n<ul>\n<li>T\u00ean s\u1ea3n ph\u1ea9m: Ga l\u1ebb tr\u1ea3i gi\u01b0\u1eddng Cotton Vanila<\/li>\n<li>Ch\u1ea5t li\u1ec7u: Cotton<\/li>\n<li>K\u00edch th\u01b0\u1edbc: 160&#215;200, 180&#215;200<\/li>\n<li>Chi\u1ec1u cao n\u1ec7m: T\u1eeb 5 \u2013 20 (cm)<\/li>\n<\/ul>\n<p>V\u1edbi r\u1ea5t nhi\u1ec1u \u01b0u \u0111i\u1ec3m nh\u01b0: th\u1ea5m h\u00fat m\u1ed3 h\u00f4i t\u1ed1t, th\u00f4ng tho\u00e1ng, v\u00e0 kh\u00f4ng g\u00e2y k\u00edch \u1ee9ng da. Nh\u1edd nh\u1eefng t\u00ednh n\u0103ng v\u01b0\u1ee3t tr\u1ed9i m\u00e0 v\u1ea3i cotton \u0111ang \u0111\u01b0\u1ee3c s\u1eed d\u1ee5ng r\u1ed9ng r\u00e3i v\u00e0 \u0111\u01b0\u1ee3c kh\u00e1ch h\u00e0ng \u01b0a chu\u1ed9ng s\u1eed d\u1ee5ng hi\u1ec7n nay. \u201cVanila\u201d l\u00e0 t\u00ean g\u1ecdi m\u00e0 ch\u0103n ra THANH THUY d\u00f9ng \u0111\u1ec3 ph\u00e2n bi\u1ec7t c\u00e1c d\u00f2ng ch\u0103n ga g\u1ed1i cotton c\u1ee7a THANH THUY.<\/p>\n<h5>\u01afU \u0110I\u1ec2M V\u01af\u1ee2T TR\u1ed8I C\u1ee6A GA GI\u01af\u1edcNG COTTON VANILA<\/h5>\n<ul>\n<li>Tho\u1ea3i m\u00e1i: Ch\u1ea5t li\u1ec7u cotton mang \u0111\u1ebfn c\u1ea3m gi\u00e1c m\u1ec1m m\u1ea1i, tho\u00e1ng m\u00e1t, gi\u00fap b\u1ea1n c\u00f3 gi\u1ea5c ng\u1ee7 s\u00e2u v\u00e0 ngon h\u01a1n.<\/li>\n<li>B\u1ec1n \u0111\u1eb9p: M\u00e0u s\u1eafc b\u1ec1n m\u00e0u, kh\u00f4ng phai, d\u1ec5 d\u00e0ng gi\u1eb7t \u1ee7i v\u00e0 b\u1ea3o qu\u1ea3n.<\/li>\n<li>\u0110a n\u0103ng: Ph\u00f9 h\u1ee3p v\u1edbi m\u1ecdi m\u00f9a v\u00e0 m\u1ecdi lo\u1ea1i th\u1eddi ti\u1ebft.<\/li>\n<li>Gi\u00e1 c\u1ea3 h\u1ee3p l\u00fd: S\u1ea3n ph\u1ea9m ch\u1ea5t l\u01b0\u1ee3ng cao v\u1edbi gi\u00e1 c\u1ea3 c\u1ea1nh tranh.<\/li>\n<\/ul>\n<h5>H\u01af\u1edaNG D\u1eaaN S\u1eec D\u1ee4NG V\u00c0 B\u1ea2O QU\u1ea2N<\/h5>\n<ul>\n<li>Ph\u00e2n lo\u1ea1i v\u1ea3i theo m\u00e0u s\u00e1ng hay m\u00e0u t\u1ed1i. Tr\u00e1nh gi\u1eb7t chung v\u1edbi nhau<\/li>\n<li>H\u1ea1n ch\u1ebf s\u1eed d\u1ee5ng c\u00e1c ch\u1ea5t t\u1ea9y, n\u00ean x\u1ea3 b\u1eb1ng n\u01b0\u1edbc l\u1ea1nh<\/li>\n<li>\u0110\u1ec3 n\u01b0\u1edbc trong m\u00e1y gi\u1eb7t \u0111\u1ea7y tr\u01b0\u1edbc khi cho b\u1ed9t gi\u1eb7t v\u00e0o<\/li>\n<li>V\u1ec7 sinh ch\u0103n ga g\u1ed1i \u0111\u1ecbnh k\u1ef3<\/li>\n<li>L\u00e0 (\u1ee7i) khi ga c\u00f2n h\u01a1i \u1ea9m. L\u00e0 \u1edf m\u1eb7t tr\u00e1i nh\u1eb1m tr\u00e1nh \u1ea3nh h\u01b0\u1edfng c\u00e1c \u0111\u01b0\u1eddng th\u00eau \u1edf m\u1eb7t tr\u00ean. Ch\u00fa \u00fd \u0111\u1ebfn c\u00e1c tem h\u01b0\u1edbng d\u1eabn l\u00e0, \u1ee7i c\u00f3 \u0111i k\u00e8m v\u1edbi ga \u0111\u1ec3 c\u00f3 th\u1ec3 \u0111i\u1ec1u ch\u1ec9nh nhi\u1ec7t \u0111\u1ed9 t\u1ed1t nh\u1ea5t. \u0110\u1eb7c bi\u1ec7t l\u01b0u \u00fd KH\u00d4NG l\u00e0 v\u1edbi v\u1ea3i b\u00f4ng&#8230;<\/li>\n<\/ul>\n<h5>L\u01afU \u00dd:<\/h5>\n<p>H\u00ecnh \u1ea3nh th\u1eadt do THANHTHUY ch\u1ee5p, s\u1ebd c\u00f3 s\u1ef1 ch\u00eanh l\u1ec7ch 3%-5% v\u1ec1 m\u00e0u s\u1eafc, \u00e1nh s\u00e1ng c\u0169ng nh\u01b0 c\u00e1c y\u00eau t\u1ed1 kh\u00e1c<\/p>\n","protected":false},"excerpt":{"rendered":"<p>Ga gi\u01b0\u1eddng &#8211; 100% Cotton Vanila tho\u00e1ng m\u00e1t (Kh\u00f4ng g\u1ed3m v\u1ecf g\u1ed1i) &#8211; THANH THUY TH\u00d4NG S\u1ed0 K\u0128 THU\u1eacT T\u00ean s\u1ea3n ph\u1ea9m: Ga l\u1ebb tr\u1ea3i gi\u01b0\u1eddng Cotton Vanila Ch\u1ea5t li\u1ec7u: Cotton K\u00edch th\u01b0\u1edbc: 160&#215;200, 180&#215;200 Chi\u1ec1u cao n\u1ec7m: T\u1eeb 5 \u2013 20 (cm) V\u1edbi r\u1ea5t nhi\u1ec1u \u01b0u \u0111i\u1ec3m nh\u01b0: th\u1ea5m h\u00fat m\u1ed3 h\u00f4i t\u1ed1t, th\u00f4ng &#8230; <a title=\"Ga gi\u01b0\u1eddng &#8211; 100% Cotton Vanila tho\u00e1ng m\u00e1t (Kh\u00f4ng g\u1ed3m v\u1ecf g\u1ed1i) (2)\" class=\"read-more\" href=\"https:\/\/chanrathanhthuy.com\/en\/product\/ga-giuong-100-cotton-vanila-thoang-mat-khong-gom-vo-goi-2\/\" aria-label=\"More on Ga gi\u01b0\u1eddng &#8211; 100% Cotton Vanila tho\u00e1ng m\u00e1t (Kh\u00f4ng g\u1ed3m v\u1ecf g\u1ed1i) (2)\">Read more<\/a><\/p>\n","protected":false},"featured_media":88733,"comment_status":"open","ping_status":"closed","template":"","meta":{"_acf_changed":false,"inline_featured_image":false},"product_cat":[1960,1932,2066],"product_tag":[],"class_list":{"0":"post-77667","1":"product","2":"type-product","3":"status-publish","4":"has-post-thumbnail","6":"product_cat-chan-ga-gia-dinh","7":"product_cat-chan-ga-goi-cotton","8":"product_cat-cotton-vanila","10":"first","11":"instock","12":"taxable","13":"shipping-taxable","14":"purchasable","15":"product-type-variable","16":"has-default-attributes","17":"rtwpvg-product"},"acf":[],"_links":{"self":[{"href":"https:\/\/chanrathanhthuy.com\/en\/wp-json\/wp\/v2\/product\/77667","targetHints":{"allow":["GET"]}}],"collection":[{"href":"https:\/\/chanrathanhthuy.com\/en\/wp-json\/wp\/v2\/product"}],"about":[{"href":"https:\/\/chanrathanhthuy.com\/en\/wp-json\/wp\/v2\/types\/product"}],"replies":[{"embeddable":true,"href":"https:\/\/chanrathanhthuy.com\/en\/wp-json\/wp\/v2\/comments?post=77667"}],"wp:featuredmedia":[{"embeddable":true,"href":"https:\/\/chanrathanhthuy.com\/en\/wp-json\/wp\/v2\/media\/88733"}],"wp:attachment":[{"href":"https:\/\/chanrathanhthuy.com\/en\/wp-json\/wp\/v2\/media?parent=77667"}],"wp:term":[{"taxonomy":"product_cat","embeddable":true,"href":"https:\/\/chanrathanhthuy.com\/en\/wp-json\/wp\/v2\/product_cat?post=77667"},{"taxonomy":"product_tag","embeddable":true,"href":"https:\/\/chanrathanhthuy.com\/en\/wp-json\/wp\/v2\/product_tag?post=77667"}],"curies":[{"name":"wp","href":"https:\/\/api.w.org\/{rel}","templated":true}]}}