{"id":78187,"date":"2025-05-21T07:33:27","date_gmt":"2025-05-21T07:33:27","guid":{"rendered":"https:\/\/chanrathanhthuy.com\/?post_type=product&#038;p=78187"},"modified":"2025-12-04T09:55:57","modified_gmt":"2025-12-04T09:55:57","slug":"chan-chan-bong-100-cotton-vanila-mem-mai-thoang-mat-thanh-thuy","status":"publish","type":"product","link":"https:\/\/chanrathanhthuy.com\/en\/product\/chan-chan-bong-100-cotton-vanila-mem-mai-thoang-mat-thanh-thuy\/","title":{"rendered":"Ch\u0103n Ch\u1ea7n B\u00f4ng 100% Cotton Vanila m\u1ec1m m\u1ea1i, tho\u00e1ng m\u00e1t &#8211; THANH THUY"},"content":{"rendered":"<h5>Ch\u0103n Ch\u1ea7n B\u00f4ng Size 1m8 &#8211; 100% Cotton Vanila m\u1ec1m m\u1ea1i, tho\u00e1ng m\u00e1t &#8211; THANH THUY<\/h5>\n<h5>TH\u00d4NG TIN S\u1ea2N PH\u1ea8M:<\/h5>\n<ul>\n<li>S\u1ea3n ph\u1ea9m Ch\u0103n ch\u1ea7n b\u00f4ng Cotton Vanila<\/li>\n<li>Th\u00e0nh ph\u1ea7n: 100% cotton<\/li>\n<li>K\u00edch th\u01b0\u1edbc: 1m8x2m<\/li>\n<\/ul>\n<p>V\u1ea3i cotton l\u00e0 s\u1ee3i v\u1ea3i t\u1ef1 nhi\u00ean \u0111\u01b0\u1ee3c l\u00e0m t\u1eeb nguy\u00ean li\u1ec7u ch\u00ednh l\u00e0 s\u1ee3i b\u00f4ng v\u00e0 c\u00e1c ch\u1ea5t h\u00f3a h\u1ecdc. V\u1edbi r\u1ea5t nhi\u1ec1u \u01b0u \u0111i\u1ec3m nh\u01b0: th\u1ea5m h\u00fat m\u1ed3 h\u00f4i t\u1ed1t, th\u00f4ng tho\u00e1ng, v\u00e0 kh\u00f4ng g\u00e2y k\u00edch \u1ee9ng da. Nh\u1edd nh\u1eefng t\u00ednh n\u0103ng v\u01b0\u1ee3t tr\u1ed9i m\u00e0 v\u1ea3i cotton \u0111ang \u0111\u01b0\u1ee3c s\u1eed d\u1ee5ng r\u1ed9ng r\u00e3i v\u00e0 \u0111\u01b0\u1ee3c kh\u00e1ch h\u00e0ng \u01b0a chu\u1ed9ng s\u1eed d\u1ee5ng hi\u1ec7n nay. \u201cVanila\u201d l\u00e0 t\u00ean g\u1ecdi m\u00e0 ch\u0103n ra THANH THUY d\u00f9ng \u0111\u1ec3 ph\u00e2n bi\u1ec7t c\u00e1c d\u00f2ng ch\u0103n ga g\u1ed1i cotton c\u1ee7a THANH THUY.<\/p>\n<h5>\u01afU \u0110I\u1ec2M V\u01af\u1ee2T TR\u1ed8I B\u1ed8 CH\u0102N GA COTTON VANILA<\/h5>\n<p>\u01afu:<\/p>\n<ul>\n<li>H\u00fat \u1ea9m, th\u1ea5m m\u1ed3 h\u00f4i, gi\u1ea3m nhi\u1ec7t, mang l\u1ea1i s\u1ef1 tho\u1ea3i m\u00e1i, m\u00e1t m\u1ebb cho ng\u01b0\u1eddi m\u1eb7c<\/li>\n<li>\u0110\u1ed9 b\u1ec1n cao, gi\u1eb7t nhanh kh\u00f4. V\u1ea3i c\u00f3 \u0111\u1ed9 th\u00f4ng tho\u00e1ng t\u1ed1t d\u00f9ng m\u00e1t cho m\u00f9a h\u00e8, \u1ea5m cho m\u00f9a \u0111\u00f4ng<\/li>\n<li>L\u00e0 ch\u1ea5t li\u1ec7u ph\u1ed5 bi\u1ebfn nh\u1ea5t trong thi\u1ebft k\u1ebf ga g\u1ed1i v\u00ec d\u1ec5 ph\u00f9 h\u1ee3p v\u1edbi m\u1ecdi lo\u1ea1i th\u1eddi ti\u1ebft v\u00e0 mang l\u1ea1i s\u1ef1 tho\u1ea3i m\u00e1i cho ng\u01b0\u1eddi s\u1eed d\u1ee5ng<\/li>\n<\/ul>\n<p>Nh\u01b0\u1ee3c:<\/p>\n<ul>\n<li>L\u00e0 s\u1ee3 kh\u00f4 n\u00ean d\u1ec5 d\u00e0ng b\u1ecb b\u00e1m b\u1ea9n, c\u00f3 n\u1ebfp nh\u0103n v\u00e0 n\u1ebfp g\u1ea5p<\/li>\n<li>Sau khi gi\u1eb7t c\u1ea7n \u0111\u01b0\u1ee3c l\u00e0 ph\u1eb3ng<\/li>\n<\/ul>\n<h5>H\u01af\u1edaNG D\u1eaaN S\u1eec D\u1ee4NG V\u00c0 B\u1ea2O QU\u1ea2N CH\u0102N GA G\u1ed0I COTTON<\/h5>\n<ul>\n<li>\u0110\u1ec3 s\u1ea3n ph\u1ea9m s\u1eed d\u1ee5ng \u0111\u01b0\u1ee3c l\u00e2u v\u00e0 b\u1ec1n m\u00e0u, b\u1ea1n h\u00e3y l\u01b0u gi\u1eef c\u00e1c th\u00f4ng tin sau \u0111\u1ec3 b\u1ea3o qu\u1ea3n v\u00e0 v\u1ec7 sinh ch\u0103n ga g\u1ed1i n\u1ec7m:<\/li>\n<li>Ph\u00e2n lo\u1ea1i v\u1ea3i theo m\u00e0u s\u00e1ng hay m\u00e0u t\u1ed1i. Tr\u00e1nh gi\u1eb7t chung v\u1edbi nhau<\/li>\n<li>H\u1ea1n ch\u1ebf s\u1eed d\u1ee5ng c\u00e1c ch\u1ea5t t\u1ea9y, n\u00ean x\u1ea3 b\u1eb1ng n\u01b0\u1edbc l\u1ea1nh<\/li>\n<li>\u0110\u1ec3 n\u01b0\u1edbc trong m\u00e1y gi\u1eb7t \u0111\u1ea7y tr\u01b0\u1edbc khi cho b\u1ed9t gi\u1eb7t v\u00e0o<\/li>\n<li>V\u1ec7 sinh ch\u0103n ga g\u1ed1i \u0111\u1ecbnh k\u1ef3<\/li>\n<li>L\u00e0 (\u1ee7i) khi ga c\u00f2n h\u01a1i \u1ea9m. L\u00e0 \u1edf m\u1eb7t tr\u00e1i nh\u1eb1m tr\u00e1nh \u1ea3nh h\u01b0\u1edfng c\u00e1c \u0111\u01b0\u1eddng th\u00eau \u1edf m\u1eb7t tr\u00ean. Ch\u00fa \u00fd \u0111\u1ebfn c\u00e1c tem h\u01b0\u1edbng d\u1eabn l\u00e0, \u1ee7i c\u00f3 \u0111i k\u00e8m v\u1edbi ga \u0111\u1ec3 c\u00f3 th\u1ec3 \u0111i\u1ec1u ch\u1ec9nh nhi\u1ec7t \u0111\u1ed9 t\u1ed1t nh\u1ea5t. \u0110\u1eb7c bi\u1ec7t l\u01b0u \u00fd KH\u00d4NG l\u00e0 v\u1edbi v\u1ea3i b\u00f4ng&#8230;<\/li>\n<\/ul>\n<h5>L\u01afU \u00dd:<\/h5>\n<p>H\u00ecnh \u1ea3nh th\u1eadt do THANHTHUY ch\u1ee5p, s\u1ebd c\u00f3 s\u1ef1 ch\u00eanh l\u1ec7ch 3%-5% v\u1ec1 m\u00e0u s\u1eafc, \u00e1nh s\u00e1ng c\u0169ng nh\u01b0 c\u00e1c y\u00eau t\u1ed1 kh\u00e1c<\/p>\n","protected":false},"excerpt":{"rendered":"<p>Ch\u0103n Ch\u1ea7n B\u00f4ng Size 1m8 &#8211; 100% Cotton Vanila m\u1ec1m m\u1ea1i, tho\u00e1ng m\u00e1t &#8211; THANH THUY TH\u00d4NG TIN S\u1ea2N PH\u1ea8M: S\u1ea3n ph\u1ea9m Ch\u0103n ch\u1ea7n b\u00f4ng Cotton Vanila Th\u00e0nh ph\u1ea7n: 100% cotton K\u00edch th\u01b0\u1edbc: 1m8x2m V\u1ea3i cotton l\u00e0 s\u1ee3i v\u1ea3i t\u1ef1 nhi\u00ean \u0111\u01b0\u1ee3c l\u00e0m t\u1eeb nguy\u00ean li\u1ec7u ch\u00ednh l\u00e0 s\u1ee3i b\u00f4ng v\u00e0 c\u00e1c ch\u1ea5t h\u00f3a h\u1ecdc. &#8230; <a title=\"Ch\u0103n Ch\u1ea7n B\u00f4ng 100% Cotton Vanila m\u1ec1m m\u1ea1i, tho\u00e1ng m\u00e1t &#8211; THANH THUY\" class=\"read-more\" href=\"https:\/\/chanrathanhthuy.com\/en\/product\/chan-chan-bong-100-cotton-vanila-mem-mai-thoang-mat-thanh-thuy\/\" aria-label=\"More on Ch\u0103n Ch\u1ea7n B\u00f4ng 100% Cotton Vanila m\u1ec1m m\u1ea1i, tho\u00e1ng m\u00e1t &#8211; THANH THUY\">Read more<\/a><\/p>\n","protected":false},"featured_media":89433,"comment_status":"open","ping_status":"closed","template":"","meta":{"_acf_changed":false,"inline_featured_image":false},"product_cat":[1960,1932,2066],"product_tag":[],"class_list":{"0":"post-78187","1":"product","2":"type-product","3":"status-publish","4":"has-post-thumbnail","6":"product_cat-chan-ga-gia-dinh","7":"product_cat-chan-ga-goi-cotton","8":"product_cat-cotton-vanila","9":"discount-new","11":"first","12":"instock","13":"taxable","14":"shipping-taxable","15":"purchasable","16":"product-type-variable","17":"rtwpvg-product"},"acf":[],"_links":{"self":[{"href":"https:\/\/chanrathanhthuy.com\/en\/wp-json\/wp\/v2\/product\/78187","targetHints":{"allow":["GET"]}}],"collection":[{"href":"https:\/\/chanrathanhthuy.com\/en\/wp-json\/wp\/v2\/product"}],"about":[{"href":"https:\/\/chanrathanhthuy.com\/en\/wp-json\/wp\/v2\/types\/product"}],"replies":[{"embeddable":true,"href":"https:\/\/chanrathanhthuy.com\/en\/wp-json\/wp\/v2\/comments?post=78187"}],"wp:featuredmedia":[{"embeddable":true,"href":"https:\/\/chanrathanhthuy.com\/en\/wp-json\/wp\/v2\/media\/89433"}],"wp:attachment":[{"href":"https:\/\/chanrathanhthuy.com\/en\/wp-json\/wp\/v2\/media?parent=78187"}],"wp:term":[{"taxonomy":"product_cat","embeddable":true,"href":"https:\/\/chanrathanhthuy.com\/en\/wp-json\/wp\/v2\/product_cat?post=78187"},{"taxonomy":"product_tag","embeddable":true,"href":"https:\/\/chanrathanhthuy.com\/en\/wp-json\/wp\/v2\/product_tag?post=78187"}],"curies":[{"name":"wp","href":"https:\/\/api.w.org\/{rel}","templated":true}]}}