{"id":78973,"date":"2025-05-22T08:49:53","date_gmt":"2025-05-22T08:49:53","guid":{"rendered":"https:\/\/chanrathanhthuy.com\/?post_type=product&#038;p=78973"},"modified":"2025-11-05T08:51:42","modified_gmt":"2025-11-05T08:51:42","slug":"vo-goi-om-cao-cap-lua-chevery-modal-tencel-modal-mem-mai-thanh-thuy","status":"publish","type":"product","link":"https:\/\/chanrathanhthuy.com\/en\/product\/vo-goi-om-cao-cap-lua-chevery-modal-tencel-modal-mem-mai-thanh-thuy\/","title":{"rendered":"V\u1ecf G\u1ed1i \u00d4m cao c\u1ea5p &#8211; L\u1ee5a Chevery Modal (Tencel Modal) &#8211; m\u1ec1m m\u1ea1i &#8211; THANH THUY"},"content":{"rendered":"<h5>V\u1ece G\u1ed0I \u00d4M: L\u1ee4A CHEVERY MODAL<\/h5>\n<ul>\n<li>Th\u00e0nh ph\u1ea7n: L\u1ee5a Chevery Modal<\/li>\n<li>K\u00edch th\u01b0\u1edbc: 35&#215;100 cm<\/li>\n<li>T\u00ednh n\u0103ng: Tho\u00e1ng m\u00e1t, m\u1ec1m m\u1ecbn, th\u1ea5m h\u00fat m\u1ed3 h\u00f4i, si\u00eau \u1ea5m, si\u1ec1u m\u1ec1m m\u1ecbn<\/li>\n<li>S\u1ea3n xu\u1ea5t t\u1ea1i Vi\u1ec7t Nam<\/li>\n<\/ul>\n<h5>CHI TI\u1ebeT N\u1ed4I B\u1eacT C\u1ee6A V\u1ece G\u1ed0I<\/h5>\n<ul>\n<li>V\u1ecf \u00e1o g\u1ed1i \u00f4m: \u0110\u01b0\u1ee3c may tai b\u00e8o 2 \u0111\u1ea7u \u00e1o g\u1ed1i nh\u1eb1m t\u1ea1o \u0111i\u1ec3m nh\u1ea5n v\u00e0 gi\u00fap s\u1ea3n ph\u1ea9m tr\u1edf n\u00ean \u0111\u1eb7c bi\u1ec7t<\/li>\n<li>D\u00e2y kh\u00f3a k\u00e9o ti\u1ec7n l\u1ee3i v\u00e0 c\u00f3 \u0111\u1ed9 b\u1ec1n cao, \u0111\u1ea3m b\u1ea3o kh\u00f4ng b\u1ecb tr\u01b0\u1ee3t ho\u1eb7c bung ra trong qu\u00e1 tr\u00ecnh s\u1eed d\u1ee5ng s\u1ea3n ph\u1ea9m Ch\u0103n Ga G\u1ed1i<\/li>\n<\/ul>\n<h5>\u01afU \u0110I\u1ec2M<\/h5>\n<ul>\n<li>Tho\u1ea3i m\u00e1i: Ch\u1ea5t li\u1ec7u L\u1ee5a Chevery Modal mang \u0111\u1ebfn c\u1ea3m gi\u00e1c m\u1ec1m m\u1ea1i, tho\u00e1ng m\u00e1t, gi\u00fap b\u1ea1n c\u00f3 gi\u1ea5c ng\u1ee7 s\u00e2u v\u00e0 ngon h\u01a1n.<\/li>\n<li>B\u1ec1n \u0111\u1eb9p: M\u00e0u s\u1eafc b\u1ec1n m\u00e0u, kh\u00f4ng phai, d\u1ec5 d\u00e0ng gi\u1eb7t \u1ee7i v\u00e0 b\u1ea3o qu\u1ea3n.<\/li>\n<li>\u0110a n\u0103ng: Ph\u00f9 h\u1ee3p v\u1edbi m\u1ecdi m\u00f9a v\u00e0 m\u1ecdi lo\u1ea1i th\u1eddi ti\u1ebft.<\/li>\n<li>Gi\u00e1 c\u1ea3 h\u1ee3p l\u00fd: S\u1ea3n ph\u1ea9m ch\u1ea5t l\u01b0\u1ee3ng cao v\u1edbi gi\u00e1 c\u1ea3 c\u1ea1nh tranh.<\/li>\n<\/ul>\n<h5>H\u01af\u1edaNG D\u1eaaN S\u1eec D\u1ee4NG V\u00c0 B\u1ea2O QU\u1ea2N:<\/h5>\n<ul>\n<li>Kh\u00f4ng gi\u1eb7t chung s\u1ea3n ph\u1ea9m v\u1edbi c\u00e1c lo\u1ea1i v\u1ea3i kh\u00e1c, \u0111\u1eb7c bi\u1ec7t l\u00e0 c\u00e1c lo\u1ea1i v\u1ea3i b\u1ec1 m\u1eb7t c\u1ee9ng, c\u00f3 d\u00e2y k\u00e9o d\u1ea1ng l\u1edbn ho\u1eb7c c\u00f3 th\u00e0nh ph\u1ea7n polyester, c\u00f3 th\u1ec3 l\u00e0m h\u1ecfng b\u1ec1 m\u1eb7t v\u1ea3i v\u00e0 l\u00e0m s\u1ea3n ph\u1ea9m b\u1ecb x\u00f9 l\u00f4ng.<\/li>\n<li>Kh\u00f4ng s\u1eed d\u1ee5ng thu\u1ed1c t\u1ea9y ho\u1eb7c c\u00e1c lo\u1ea1i n\u01b0\u1edbc gi\u1eb7t c\u00f3 ch\u1ee9a th\u00e0nh ph\u1ea7n thu\u1ed1c t\u1ea9y.<\/li>\n<li>Kh\u00f4ng s\u1ea5y s\u1ea3n ph\u1ea9m \u1edf m\u1ee9c nhi\u1ec7t \u0111\u1ed9 qu\u00e1 cao ho\u1eb7c ph\u01a1i tr\u1ef1c ti\u1ebfp d\u01b0\u1edbi \u00e1nh n\u1eafng g\u1eaft<\/li>\n<li>B\u1ea3o qu\u1ea3n s\u1ea3n ph\u1ea9m \u1edf n\u01a1i kh\u00f4 r\u00e1o, tho\u00e1ng m\u00e1t, tr\u00e1nh \u00e1nh s\u00e1ng tr\u1ef1c ti\u1ebfp c\u1ee7a m\u1eb7t tr\u1eddi.<\/li>\n<\/ul>\n<h5>L\u01afU \u00dd:<\/h5>\n<ul>\n<li>H\u00ecnh \u1ea3nh th\u1eadt do THANHTHUY ch\u1ee5p, s\u1ebd c\u00f3 s\u1ef1 ch\u00eanh l\u1ec7ch 3%-5% v\u1ec1 m\u00e0u s\u1eafc, \u00e1nh s\u00e1ng c\u0169ng nh\u01b0 c\u00e1c y\u00eau t\u1ed1 kh\u00e1c.<\/li>\n<\/ul>\n","protected":false},"excerpt":{"rendered":"<p>V\u1ece G\u1ed0I \u00d4M: L\u1ee4A CHEVERY MODAL Th\u00e0nh ph\u1ea7n: L\u1ee5a Chevery Modal K\u00edch th\u01b0\u1edbc: 35&#215;100 cm T\u00ednh n\u0103ng: Tho\u00e1ng m\u00e1t, m\u1ec1m m\u1ecbn, th\u1ea5m h\u00fat m\u1ed3 h\u00f4i, si\u00eau \u1ea5m, si\u1ec1u m\u1ec1m m\u1ecbn S\u1ea3n xu\u1ea5t t\u1ea1i Vi\u1ec7t Nam CHI TI\u1ebeT N\u1ed4I B\u1eacT C\u1ee6A V\u1ece G\u1ed0I V\u1ecf \u00e1o g\u1ed1i \u00f4m: \u0110\u01b0\u1ee3c may tai b\u00e8o 2 \u0111\u1ea7u \u00e1o g\u1ed1i nh\u1eb1m &#8230; <a title=\"V\u1ecf G\u1ed1i \u00d4m cao c\u1ea5p &#8211; L\u1ee5a Chevery Modal (Tencel Modal) &#8211; m\u1ec1m m\u1ea1i &#8211; THANH THUY\" class=\"read-more\" href=\"https:\/\/chanrathanhthuy.com\/en\/product\/vo-goi-om-cao-cap-lua-chevery-modal-tencel-modal-mem-mai-thanh-thuy\/\" aria-label=\"More on V\u1ecf G\u1ed1i \u00d4m cao c\u1ea5p &#8211; L\u1ee5a Chevery Modal (Tencel Modal) &#8211; m\u1ec1m m\u1ea1i &#8211; THANH THUY\">Read more<\/a><\/p>\n","protected":false},"featured_media":88791,"comment_status":"open","ping_status":"closed","template":"","meta":{"_acf_changed":false,"inline_featured_image":false},"product_cat":[2063,2173],"product_tag":[],"class_list":{"0":"post-78973","1":"product","2":"type-product","3":"status-publish","4":"has-post-thumbnail","6":"product_cat-chan-ga-goi-lua","7":"product_cat-chevery-modal","9":"first","10":"instock","11":"taxable","12":"shipping-taxable","13":"purchasable","14":"product-type-variable","15":"rtwpvg-product"},"acf":[],"_links":{"self":[{"href":"https:\/\/chanrathanhthuy.com\/en\/wp-json\/wp\/v2\/product\/78973","targetHints":{"allow":["GET"]}}],"collection":[{"href":"https:\/\/chanrathanhthuy.com\/en\/wp-json\/wp\/v2\/product"}],"about":[{"href":"https:\/\/chanrathanhthuy.com\/en\/wp-json\/wp\/v2\/types\/product"}],"replies":[{"embeddable":true,"href":"https:\/\/chanrathanhthuy.com\/en\/wp-json\/wp\/v2\/comments?post=78973"}],"wp:featuredmedia":[{"embeddable":true,"href":"https:\/\/chanrathanhthuy.com\/en\/wp-json\/wp\/v2\/media\/88791"}],"wp:attachment":[{"href":"https:\/\/chanrathanhthuy.com\/en\/wp-json\/wp\/v2\/media?parent=78973"}],"wp:term":[{"taxonomy":"product_cat","embeddable":true,"href":"https:\/\/chanrathanhthuy.com\/en\/wp-json\/wp\/v2\/product_cat?post=78973"},{"taxonomy":"product_tag","embeddable":true,"href":"https:\/\/chanrathanhthuy.com\/en\/wp-json\/wp\/v2\/product_tag?post=78973"}],"curies":[{"name":"wp","href":"https:\/\/api.w.org\/{rel}","templated":true}]}}