{"id":79137,"date":"2025-05-23T02:50:59","date_gmt":"2025-05-23T02:50:59","guid":{"rendered":"https:\/\/chanrathanhthuy.com\/?post_type=product&#038;p=79137"},"modified":"2025-11-05T09:20:45","modified_gmt":"2025-11-05T09:20:45","slug":"vo-goi-om-lua-modal-cao-cap-mem-mai-thoang-mat-thanh-thuy","status":"publish","type":"product","link":"https:\/\/chanrathanhthuy.com\/en\/product\/vo-goi-om-lua-modal-cao-cap-mem-mai-thoang-mat-thanh-thuy\/","title":{"rendered":"V\u1ecf G\u1ed1i \u00d4m L\u1ee5a Modal cao c\u1ea5p &#8211; m\u1ec1m m\u1ea1i, tho\u00e1ng m\u00e1t &#8211; THANH THUY"},"content":{"rendered":"<h5>V\u1ece G\u1ed0I \u00d4M: L\u1ee4A MODAL<\/h5>\n<ul>\n<li>K\u00edch th\u01b0\u1edbc: 35&#215;100 cm<\/li>\n<li>T\u00ednh n\u0103ng: Tho\u00e1ng m\u00e1t, m\u1ec1m m\u1ecbn, th\u1ea5m h\u00fat m\u1ed3 h\u00f4i, si\u00eau \u1ea5m, si\u1ec1u m\u1ec1m m\u1ecbn<\/li>\n<li>S\u1ea3n xu\u1ea5t t\u1ea1i Vi\u1ec7t Nam<\/li>\n<\/ul>\n<h5>CHI TI\u1ebeT N\u1ed4I B\u1eacT C\u1ee6A V\u1ece G\u1ed0I:<\/h5>\n<ul>\n<li>V\u1ecf \u00e1o g\u1ed1i \u00f4m: \u0110\u01b0\u1ee3c may tai b\u00e8o 2 \u0111\u1ea7u nh\u1eb1m t\u1ea1o \u0111i\u1ec3m nh\u1ea5n v\u00e0 gi\u00fap s\u1ea3n ph\u1ea9m tr\u1edf n\u00ean \u0111\u1eb7c bi\u1ec7t<\/li>\n<li>D\u00e2y kh\u00f3a k\u00e9o ti\u1ec7n l\u1ee3i v\u00e0 c\u00f3 \u0111\u1ed9 b\u1ec1n cao, \u0111\u1ea3m b\u1ea3o kh\u00f4ng b\u1ecb tr\u01b0\u1ee3t ho\u1eb7c bung ra trong qu\u00e1 tr\u00ecnh s\u1eed d\u1ee5ng s\u1ea3n ph\u1ea9m Ch\u0103n Ga G\u1ed1i<\/li>\n<\/ul>\n<h5>T\u00ccM HI\u1ec2U V\u1ec0 CH\u1ea4T LI\u1ec6U\u00a0S\u1ea2N PH\u1ea8M<\/h5>\n<p>Modal l\u00e0 lo\u1ea1i v\u1ea3i t\u01a1 nh\u00e2n t\u1ea1o \u0111\u01b0\u1ee3c l\u00e0m t\u1eeb ngu\u1ed3n cellulose t\u00e1i ch\u1ebf t\u1eeb c\u00e1c lo\u1ea1i c\u00e2y s\u1ed3i. Do v\u1eady, s\u1ee3i modal kh\u00f4ng ph\u1ea3i l\u00e0m t\u1eeb 100% thi\u00ean nhi\u00ean, s\u1ea3n ph\u1ea9m c\u00f3 qua quy tr\u00ecnh x\u1eed l\u00fd kh\u00e1c nhau \u0111\u1ec3 t\u1ea1o th\u00e0nh. Nh\u01b0ng s\u1ee3i v\u1ea3i v\u1eabn \u0111\u1ea3m b\u1ea3o ti\u00eau ch\u00ed an to\u00e0n v\u00e0 th\u00e2n thi\u1ec7n v\u1edbi ng\u01b0\u1eddi d\u00f9ng. \u1ee8ng d\u1ee5ng nhi\u1ec1u trong l\u0129nh v\u1ef1c may m\u1eb7c, \u0111\u1eb7c bi\u1ec7t l\u00e0 ch\u0103n ga g\u1ed1i \u0111\u1ec7m.<\/p>\n<h5>\u01afU \u0110I\u1ec2M C\u1ee6A D\u00d2NG V\u1ea2I L\u1ee4A MODAL<\/h5>\n<ul>\n<li>Ch\u1ed1ng co r\u00fat, b\u1ec1n m\u00e0u<\/li>\n<li>T\u00ednh ch\u1ea5t tho\u00e1ng kh\u00ed, m\u1ec1m m\u1ecbn, \u0111\u1ed9 th\u1ea5m h\u00fat cao<\/li>\n<li>Kh\u00f4ng g\u00e2y k\u00edch \u1ee9ng da<\/li>\n<li>Th\u00e2n thi\u1ec7n v\u1edbi m\u00f4i tr\u01b0\u1eddng, d\u1ec5 ph\u00e2n h\u1ee7y<\/li>\n<li>\u0110\u1ed9 b\u1ec1n cao h\u01a1n c\u00e1c lo\u1ea1i v\u1ea3i kh\u00e1c<\/li>\n<\/ul>\n<h5>H\u01af\u1edaNG D\u1eaaN S\u1eec D\u1ee4NG V\u00c0 B\u1ea2O QU\u1ea2N CH\u0102N RA G\u1ed0I<\/h5>\n<ul>\n<li>\u0110\u1ec3 \u0111\u1ea3m b\u1ea3o \u0111\u01b0\u1ee3c \u0111\u1ed9 b\u1ec1n v\u00e0 k\u00e9o d\u00e0i tu\u1ed5i th\u1ecd c\u1ee7a s\u1ea3n ph\u1ea9m, b\u1ea1n c\u1ea7n l\u01b0u \u00fd m\u1ed9t s\u1ed1 m\u1eb9o sau \u0111\u00e2y \u0111\u1ec3 b\u1ea3o qu\u1ea3n v\u00e0 v\u1ec7 sinh ch\u0103n drap g\u1ed1i b\u1eb1ng ch\u1ea5t li\u1ec7u Kh\u00f4ng d\u00f9ng h\u00f3a ch\u1ea5t t\u1ea9y r\u1eeda, n\u00ean d\u00f9ng c\u00e1c lo\u1ea1i x\u00e0 ph\u00f2ng trung t\u00ednh<\/li>\n<li>Gi\u1eb7t nh\u1eb9 nh\u00e0ng, v\u00e0 n\u00ean d\u00f9ng n\u01b0\u1edbc l\u1ea1nh trong l\u1ea7n gi\u1eb7t \u0111\u1ea7u ti\u00ean<\/li>\n<li>Kh\u00f4ng n\u00ean d\u00f9ng b\u00e0n ch\u1ea3i ch\u00e0 m\u1ea1nh l\u00ean b\u1ec1 m\u1eb7t v\u1ea3i<\/li>\n<li>T\u1ed1t nh\u1ea5t l\u00e0 kh\u00f4ng n\u00ean d\u00f9ng m\u00e1y gi\u1eb7t ho\u1eb7c m\u00e1y s\u1ea5y l\u00e0m kh\u00f4 v\u1ea3i.<\/li>\n<\/ul>\n<h5>L\u01afU \u00dd:<\/h5>\n<ul>\n<li>H\u00ecnh \u1ea3nh th\u1eadt do THANHTHUY ch\u1ee5p, s\u1ebd c\u00f3 s\u1ef1 ch\u00eanh l\u1ec7ch 3%-5% v\u1ec1 m\u00e0u s\u1eafc, \u00e1nh s\u00e1ng c\u0169ng nh\u01b0 c\u00e1c y\u00eau t\u1ed1 kh\u00e1c<\/li>\n<\/ul>\n","protected":false},"excerpt":{"rendered":"<p>V\u1ece G\u1ed0I \u00d4M: L\u1ee4A MODAL K\u00edch th\u01b0\u1edbc: 35&#215;100 cm T\u00ednh n\u0103ng: Tho\u00e1ng m\u00e1t, m\u1ec1m m\u1ecbn, th\u1ea5m h\u00fat m\u1ed3 h\u00f4i, si\u00eau \u1ea5m, si\u1ec1u m\u1ec1m m\u1ecbn S\u1ea3n xu\u1ea5t t\u1ea1i Vi\u1ec7t Nam CHI TI\u1ebeT N\u1ed4I B\u1eacT C\u1ee6A V\u1ece G\u1ed0I: V\u1ecf \u00e1o g\u1ed1i \u00f4m: \u0110\u01b0\u1ee3c may tai b\u00e8o 2 \u0111\u1ea7u nh\u1eb1m t\u1ea1o \u0111i\u1ec3m nh\u1ea5n v\u00e0 gi\u00fap s\u1ea3n ph\u1ea9m tr\u1edf &#8230; <a title=\"V\u1ecf G\u1ed1i \u00d4m L\u1ee5a Modal cao c\u1ea5p &#8211; m\u1ec1m m\u1ea1i, tho\u00e1ng m\u00e1t &#8211; THANH THUY\" class=\"read-more\" href=\"https:\/\/chanrathanhthuy.com\/en\/product\/vo-goi-om-lua-modal-cao-cap-mem-mai-thoang-mat-thanh-thuy\/\" aria-label=\"More on V\u1ecf G\u1ed1i \u00d4m L\u1ee5a Modal cao c\u1ea5p &#8211; m\u1ec1m m\u1ea1i, tho\u00e1ng m\u00e1t &#8211; THANH THUY\">Read more<\/a><\/p>\n","protected":false},"featured_media":88821,"comment_status":"open","ping_status":"closed","template":"","meta":{"_acf_changed":false,"inline_featured_image":false},"product_cat":[1960,2063,2174],"product_tag":[],"class_list":{"0":"post-79137","1":"product","2":"type-product","3":"status-publish","4":"has-post-thumbnail","6":"product_cat-chan-ga-gia-dinh","7":"product_cat-chan-ga-goi-lua","8":"product_cat-modal","10":"first","11":"instock","12":"taxable","13":"shipping-taxable","14":"purchasable","15":"product-type-variable","16":"rtwpvg-product"},"acf":[],"_links":{"self":[{"href":"https:\/\/chanrathanhthuy.com\/en\/wp-json\/wp\/v2\/product\/79137","targetHints":{"allow":["GET"]}}],"collection":[{"href":"https:\/\/chanrathanhthuy.com\/en\/wp-json\/wp\/v2\/product"}],"about":[{"href":"https:\/\/chanrathanhthuy.com\/en\/wp-json\/wp\/v2\/types\/product"}],"replies":[{"embeddable":true,"href":"https:\/\/chanrathanhthuy.com\/en\/wp-json\/wp\/v2\/comments?post=79137"}],"wp:featuredmedia":[{"embeddable":true,"href":"https:\/\/chanrathanhthuy.com\/en\/wp-json\/wp\/v2\/media\/88821"}],"wp:attachment":[{"href":"https:\/\/chanrathanhthuy.com\/en\/wp-json\/wp\/v2\/media?parent=79137"}],"wp:term":[{"taxonomy":"product_cat","embeddable":true,"href":"https:\/\/chanrathanhthuy.com\/en\/wp-json\/wp\/v2\/product_cat?post=79137"},{"taxonomy":"product_tag","embeddable":true,"href":"https:\/\/chanrathanhthuy.com\/en\/wp-json\/wp\/v2\/product_tag?post=79137"}],"curies":[{"name":"wp","href":"https:\/\/api.w.org\/{rel}","templated":true}]}}