{"id":79663,"date":"2025-05-23T09:06:17","date_gmt":"2025-05-23T09:06:17","guid":{"rendered":"https:\/\/chanrathanhthuy.com\/?post_type=product&#038;p=79663"},"modified":"2026-04-13T06:35:35","modified_gmt":"2026-04-13T06:35:35","slug":"khan-khach-san-loai-a-dat-may-theo-yeu-cau","status":"publish","type":"product","link":"https:\/\/chanrathanhthuy.com\/en\/product\/khan-khach-san-loai-a-dat-may-theo-yeu-cau\/","title":{"rendered":"5. Kh\u0103n Kh\u00e1ch S\u1ea1n Lo\u1ea1i A"},"content":{"rendered":"<h2 style=\"text-align: justify;\" data-sourcepos=\"2:1-2:72\">Kh\u0103n Cotton Kh\u00e1ch S\u1ea1n Lo\u1ea1i A \u2013 Ch\u1ea5t L\u01b0\u1ee3ng \u0110\u1ec9nh Cao T\u1eeb Ch\u0103n Ra Thanh Th\u1ee7y<\/h2>\n<p style=\"text-align: justify;\" data-sourcepos=\"4:1-4:330\">Trong ng\u00e0nh kh\u00e1ch s\u1ea1n, ch\u1ea5t l\u01b0\u1ee3ng kh\u0103n l\u00e0 y\u1ebfu t\u1ed1 then ch\u1ed1t t\u1ea1o n\u00ean s\u1ef1 h\u00e0i l\u00f2ng v\u00e0 tr\u1ea3i nghi\u1ec7m \u0111\u00e1ng nh\u1edb cho kh\u00e1ch l\u01b0u tr\u00fa. Ch\u0103n Ra Thanh Th\u1ee7y t\u1ef1 h\u00e0o gi\u1edbi thi\u1ec7u d\u00f2ng kh\u0103n kh\u00e1ch s\u1ea1n Lo\u1ea1i A, \u0111\u01b0\u1ee3c s\u1ea3n xu\u1ea5t t\u1eeb 100% ch\u1ea5t li\u1ec7u cotton cao c\u1ea5p, \u0111\u1ea3m b\u1ea3o mang \u0111\u1ebfn s\u1ef1 m\u1ec1m m\u1ea1i, b\u1ec1n \u0111\u1eb9p v\u00e0 an to\u00e0n tuy\u1ec7t \u0111\u1ed1i cho l\u00e0n da ng\u01b0\u1eddi s\u1eed d\u1ee5ng.<\/p>\n<p><a href=\"https:\/\/chanrathanhthuy.com\/wp-content\/uploads\/2025\/03\/khan-cotton-tham-cotton-khan-tay-khan-mat-khan-tam-dep-long-cho-tau-hoa-xe-lua-va-may-bay.png\"><img loading=\"lazy\" decoding=\"async\" class=\"aligncenter size-full wp-image-70612\" src=\"https:\/\/chanrathanhthuy.com\/wp-content\/uploads\/2025\/03\/khan-cotton-tham-cotton-khan-tay-khan-mat-khan-tam-dep-long-cho-tau-hoa-xe-lua-va-may-bay.png\" alt=\"\" width=\"1500\" height=\"4307\" title=\"\" srcset=\"https:\/\/chanrathanhthuy.com\/wp-content\/uploads\/2025\/03\/khan-cotton-tham-cotton-khan-tay-khan-mat-khan-tam-dep-long-cho-tau-hoa-xe-lua-va-may-bay.png 1500w, https:\/\/chanrathanhthuy.com\/wp-content\/uploads\/2025\/03\/khan-cotton-tham-cotton-khan-tay-khan-mat-khan-tam-dep-long-cho-tau-hoa-xe-lua-va-may-bay-104x300.png 104w, https:\/\/chanrathanhthuy.com\/wp-content\/uploads\/2025\/03\/khan-cotton-tham-cotton-khan-tay-khan-mat-khan-tam-dep-long-cho-tau-hoa-xe-lua-va-may-bay-357x1024.png 357w, https:\/\/chanrathanhthuy.com\/wp-content\/uploads\/2025\/03\/khan-cotton-tham-cotton-khan-tay-khan-mat-khan-tam-dep-long-cho-tau-hoa-xe-lua-va-may-bay-52x150.png 52w, https:\/\/chanrathanhthuy.com\/wp-content\/uploads\/2025\/03\/khan-cotton-tham-cotton-khan-tay-khan-mat-khan-tam-dep-long-cho-tau-hoa-xe-lua-va-may-bay-768x2205.png 768w, https:\/\/chanrathanhthuy.com\/wp-content\/uploads\/2025\/03\/khan-cotton-tham-cotton-khan-tay-khan-mat-khan-tam-dep-long-cho-tau-hoa-xe-lua-va-may-bay-535x1536.png 535w, https:\/\/chanrathanhthuy.com\/wp-content\/uploads\/2025\/03\/khan-cotton-tham-cotton-khan-tay-khan-mat-khan-tam-dep-long-cho-tau-hoa-xe-lua-va-may-bay-713x2048.png 713w, https:\/\/chanrathanhthuy.com\/wp-content\/uploads\/2025\/03\/khan-cotton-tham-cotton-khan-tay-khan-mat-khan-tam-dep-long-cho-tau-hoa-xe-lua-va-may-bay-600x1723.png 600w\" sizes=\"auto, (max-width: 1500px) 100vw, 1500px\" \/><\/a><\/p>\n<h3 style=\"text-align: justify;\" data-sourcepos=\"6:1-6:69\">\u0110\u1eb7c \u0110i\u1ec3m N\u1ed5i B\u1eadt C\u1ee7a Kh\u0103n Cotton Kh\u00e1ch S\u1ea1n Lo\u1ea1i A Ch\u0103n Ra Thanh Th\u1ee7y<\/h3>\n<p style=\"text-align: justify;\" data-sourcepos=\"8:1-8:163\">Kh\u0103n kh\u00e1ch s\u1ea1n Lo\u1ea1i A c\u1ee7a ch\u00fang t\u00f4i \u0111\u01b0\u1ee3c thi\u1ebft k\u1ebf v\u1edbi nh\u1eefng \u01b0u \u0111i\u1ec3m v\u01b0\u1ee3t tr\u1ed9i, \u0111\u00e1p \u1ee9ng m\u1ecdi y\u00eau c\u1ea7u kh\u1eaft khe nh\u1ea5t c\u1ee7a c\u00e1c c\u01a1 s\u1edf l\u01b0u tr\u00fa t\u1eeb b\u00ecnh d\u00e2n \u0111\u1ebfn cao c\u1ea5p:<\/p>\n<ul style=\"text-align: justify;\" data-sourcepos=\"10:1-16:0\">\n<li data-sourcepos=\"10:1-10:139\">B\u1ec1 m\u1eb7t m\u1ec1m m\u1ea1i, \u00eam d\u1ecbu: S\u1ee3i cotton t\u1ef1 nhi\u00ean t\u1ea1o n\u00ean b\u1ec1 m\u1eb7t kh\u0103n m\u1ecbn m\u00e0ng, mang l\u1ea1i c\u1ea3m gi\u00e1c tho\u1ea3i m\u00e1i v\u00e0 d\u1ec5 ch\u1ecbu khi ti\u1ebfp x\u00fac v\u1edbi da.<\/li>\n<li data-sourcepos=\"11:1-11:125\">Th\u1ea5m h\u00fat t\u1ed1t: Kh\u1ea3 n\u0103ng th\u1ea5m h\u00fat n\u01b0\u1edbc v\u01b0\u1ee3t tr\u1ed9i gi\u00fap kh\u00e1ch h\u00e0ng nhanh ch\u00f3ng kh\u00f4 r\u00e1o, t\u0103ng th\u00eam s\u1ef1 ti\u1ec7n nghi v\u00e0 h\u00e0i l\u00f2ng.<\/li>\n<li data-sourcepos=\"12:1-12:126\">An to\u00e0n cho l\u00e0n da: Ch\u1ea5t li\u1ec7u cotton t\u1ef1 nhi\u00ean, kh\u00f4ng g\u00e2y k\u00edch \u1ee9ng, an to\u00e0n tuy\u1ec7t \u0111\u1ed1i cho m\u1ecdi lo\u1ea1i da, k\u1ec3 c\u1ea3 da nh\u1ea1y c\u1ea3m.<\/li>\n<li data-sourcepos=\"13:1-13:204\">Ch\u1ea5t l\u01b0\u1ee3ng b\u1ec1n \u0111\u1eb9p: Kh\u0103n kh\u00e1ch s\u1ea1n Lo\u1ea1i A c\u1ee7a Ch\u0103n Ra Thanh Th\u1ee7y \u0111\u01b0\u1ee3c d\u1ec7t v\u1edbi quy tr\u00ecnh ki\u1ec3m so\u00e1t ch\u1eb7t ch\u1ebd, \u0111\u1ea3m b\u1ea3o \u0111\u1ed9 b\u1ec1n cao, kh\u00f4ng x\u00f9 l\u00f4ng hay phai m\u00e0u sau nhi\u1ec1u l\u1ea7n gi\u1eb7t t\u1ea9y c\u00f4ng nghi\u1ec7p.<\/li>\n<li data-sourcepos=\"14:1-14:148\">T\u00ednh th\u1ea9m m\u1ef9: V\u1edbi thi\u1ebft k\u1ebf tinh t\u1ebf, kh\u0103n kh\u00f4ng ch\u1ec9 ph\u1ee5c v\u1ee5 c\u00f4ng n\u0103ng m\u00e0 c\u00f2n g\u00f3p ph\u1ea7n n\u00e2ng cao t\u00ednh th\u1ea9m m\u1ef9 cho kh\u00f4ng gian ph\u00f2ng t\u1eafm kh\u00e1ch s\u1ea1n.<\/li>\n<li data-sourcepos=\"15:1-16:0\">\u0110a d\u1ea1ng k\u00edch th\u01b0\u1edbc: Ch\u00fang t\u00f4i cung c\u1ea5p kh\u0103n kh\u00e1ch s\u1ea1n Lo\u1ea1i A v\u1edbi nhi\u1ec1u k\u00edch th\u01b0\u1edbc kh\u00e1c nhau, ph\u00f9 h\u1ee3p v\u1edbi m\u1ecdi nhu c\u1ea7u s\u1eed d\u1ee5ng nh\u01b0 kh\u0103n m\u1eb7t, kh\u0103n t\u1eafm, kh\u0103n tay, v.v.<\/li>\n<\/ul>\n<h3 style=\"text-align: justify;\" data-sourcepos=\"17:1-17:50\">V\u00ec Sao N\u00ean Ch\u1ecdn Kh\u0103n Cotton Kh\u00e1ch S\u1ea1n Thanh Th\u1ee7y?<\/h3>\n<p style=\"text-align: justify;\" data-sourcepos=\"19:1-19:103\">Ch\u0103n Ra Thanh Th\u1ee7y cam k\u1ebft mang \u0111\u1ebfn nh\u1eefng s\u1ea3n ph\u1ea9m ch\u1ea5t l\u01b0\u1ee3ng v\u01b0\u1ee3t tr\u1ed9i c\u00f9ng d\u1ecbch v\u1ee5 chuy\u00ean nghi\u1ec7p:<\/p>\n<ol style=\"text-align: justify;\" data-sourcepos=\"21:1-26:0\">\n<li data-sourcepos=\"21:1-21:138\">V\u1ea3i m\u1ec1m v\u00e0 b\u1ec1n: Chuy\u00ean nghi\u1ec7p cho kh\u0103n tr\u1ea3i gi\u01b0\u1eddng kh\u00e1ch s\u1ea1n m\u00e0u tr\u1eafng v\u00e0 c\u00e1c lo\u1ea1i kh\u0103n kh\u00e1c, \u0111\u1ea3m b\u1ea3o \u0111\u1ed9 m\u1ec1m m\u1ea1i v\u00e0 \u0111\u1ed9 b\u1ec1n t\u1ed1i \u01b0u.<\/li>\n<li data-sourcepos=\"22:1-22:144\">\u0110\u1ea1t chu\u1ea9n 100% c\u1ee7a kh\u00e1ch h\u00e0ng: M\u1eadt \u0111\u1ed9, tr\u1ecdng l\u01b0\u1ee3ng v\u00e0 s\u1ee3i c\u1ee7a s\u1ea3n ph\u1ea9m lu\u00f4n \u0111\u01b0\u1ee3c ki\u1ec3m so\u00e1t ch\u1eb7t ch\u1ebd, \u0111\u1ea1t ti\u00eau chu\u1ea9n ch\u1ea5t l\u01b0\u1ee3ng cao nh\u1ea5t.<\/li>\n<li data-sourcepos=\"23:1-23:165\">V\u1eadt li\u1ec7u th\u00e2n thi\u1ec7n m\u00f4i tr\u01b0\u1eddng: Ch\u00fang t\u00f4i s\u1eed d\u1ee5ng v\u1eadt li\u1ec7u t\u1ea9y v\u00e0 nhu\u1ed9m kh\u00f4ng ch\u1ee9a AZO, \u0111\u1ea3m b\u1ea3o an to\u00e0n cho s\u1ee9c kh\u1ecfe ng\u01b0\u1eddi d\u00f9ng v\u00e0 th\u00e2n thi\u1ec7n v\u1edbi m\u00f4i tr\u01b0\u1eddng.<\/li>\n<li data-sourcepos=\"24:1-24:142\">Co r\u00fat t\u1ed1i thi\u1ec3u: S\u1ea3n ph\u1ea9m c\u00f3 \u0111\u1ed9 co r\u00fat trong v\u00f2ng 3% sau 3 l\u1ea7n gi\u1eb7t \u1edf 40 \u0111\u1ed9 v\u00e0 s\u1ea5y kh\u00f4, gi\u00fap duy tr\u00ec form d\u00e1ng v\u00e0 k\u00edch th\u01b0\u1edbc ban \u0111\u1ea7u.<\/li>\n<li data-sourcepos=\"25:1-26:0\">Ki\u1ec3m so\u00e1t ch\u1ea5t l\u01b0\u1ee3ng t\u1eeb g\u1ed1c: V\u1edbi x\u01b0\u1edfng k\u00e9o s\u1ee3i v\u00e0 d\u1ec7t v\u1ea3i ri\u00eang, Ch\u0103n Ra Thanh Th\u1ee7y ch\u1ee7 \u0111\u1ed9ng ho\u00e0n to\u00e0n trong vi\u1ec7c ki\u1ec3m so\u00e1t ch\u1ea5t l\u01b0\u1ee3ng s\u1ea3n ph\u1ea9m v\u00e0 \u0111\u1ea3m b\u1ea3o th\u1eddi gian giao h\u00e0ng nhanh ch\u00f3ng ngay t\u1eeb kh\u00e2u nguy\u00ean li\u1ec7u th\u00f4.<\/li>\n<\/ol>\n<p style=\"text-align: justify;\" data-sourcepos=\"27:1-27:198\">H\u00e3y li\u00ean h\u1ec7 v\u1edbi Ch\u0103n Ra Thanh Th\u1ee7y ngay h\u00f4m nay \u0111\u1ec3 nh\u1eadn t\u01b0 v\u1ea5n v\u00e0 \u0111\u1eb7t mua kh\u0103n kh\u00e1ch s\u1ea1n Lo\u1ea1i A ch\u1ea5t l\u01b0\u1ee3ng cao, g\u00f3p ph\u1ea7n n\u00e2ng t\u1ea7m d\u1ecbch v\u1ee5 v\u00e0 s\u1ef1 h\u00e0i l\u00f2ng c\u1ee7a kh\u00e1ch h\u00e0ng t\u1ea1i kh\u00e1ch s\u1ea1n c\u1ee7a b\u1ea1n<\/p>\n","protected":false},"excerpt":{"rendered":"<p><span style=\"color: #ff0000;\"><strong>GI\u00c1 \u01afU \u0110\u00c3I T\u1edaI 50% KHI \u0110\u1eb6T MAY THEO Y\u00caU C\u1ea6U<\/strong><\/span><\/p>\n","protected":false},"featured_media":75037,"comment_status":"open","ping_status":"closed","template":"","meta":{"_acf_changed":false,"inline_featured_image":false},"product_cat":[2073,2651],"product_tag":[],"class_list":{"0":"post-79663","1":"product","2":"type-product","3":"status-publish","4":"has-post-thumbnail","6":"product_cat-khach-san-homestay-nha-nghi","7":"product_cat-khan-tham","9":"first","10":"instock","11":"purchasable","12":"product-type-variable","13":"rtwpvg-product"},"acf":[],"_links":{"self":[{"href":"https:\/\/chanrathanhthuy.com\/en\/wp-json\/wp\/v2\/product\/79663","targetHints":{"allow":["GET"]}}],"collection":[{"href":"https:\/\/chanrathanhthuy.com\/en\/wp-json\/wp\/v2\/product"}],"about":[{"href":"https:\/\/chanrathanhthuy.com\/en\/wp-json\/wp\/v2\/types\/product"}],"replies":[{"embeddable":true,"href":"https:\/\/chanrathanhthuy.com\/en\/wp-json\/wp\/v2\/comments?post=79663"}],"wp:featuredmedia":[{"embeddable":true,"href":"https:\/\/chanrathanhthuy.com\/en\/wp-json\/wp\/v2\/media\/75037"}],"wp:attachment":[{"href":"https:\/\/chanrathanhthuy.com\/en\/wp-json\/wp\/v2\/media?parent=79663"}],"wp:term":[{"taxonomy":"product_cat","embeddable":true,"href":"https:\/\/chanrathanhthuy.com\/en\/wp-json\/wp\/v2\/product_cat?post=79663"},{"taxonomy":"product_tag","embeddable":true,"href":"https:\/\/chanrathanhthuy.com\/en\/wp-json\/wp\/v2\/product_tag?post=79663"}],"curies":[{"name":"wp","href":"https:\/\/api.w.org\/{rel}","templated":true}]}}