{"id":79878,"date":"2025-05-30T03:51:50","date_gmt":"2025-05-30T03:51:50","guid":{"rendered":"https:\/\/chanrathanhthuy.com\/?post_type=product&#038;p=79878"},"modified":"2026-04-10T06:27:32","modified_gmt":"2026-04-10T06:27:32","slug":"1-5-chan-men-trang-tron-chan-bong-khach-san","status":"publish","type":"product","link":"https:\/\/chanrathanhthuy.com\/en\/product\/1-5-chan-men-trang-tron-chan-bong-khach-san\/","title":{"rendered":"1.5. Ch\u0103n, M\u1ec1n Tr\u1eafng Tr\u01a1n Ch\u1ea7n B\u00f4ng Kh\u00e1ch S\u1ea1n"},"content":{"rendered":"<h2 style=\"text-align: justify;\" data-sourcepos=\"3:1-3:84\">Ch\u0103n, M\u1ec1n Tr\u1eafng Tr\u01a1n Ch\u1ea7n B\u00f4ng Cao C\u1ea5p &#8211; Gi\u1ea3i Ph\u00e1p B\u1ec1n V\u1eefng t\u1eeb Ch\u0103n Ra Thanh Th\u1ee7y<\/h2>\n<p style=\"text-align: justify;\" data-sourcepos=\"5:1-5:370\">\u0110\u1ed1i v\u1edbi ng\u00e0nh kh\u00e1ch s\u1ea1n, \u0111\u1ed9 b\u1ec1n c\u1ee7a b\u1ed9 ch\u0103n ga g\u1ed1i \u0111\u1ec7m kh\u00e1ch s\u1ea1n l\u00e0 y\u1ebfu t\u1ed1 then ch\u1ed1t, g\u00f3p ph\u1ea7n t\u1ed1i \u01b0u chi ph\u00ed \u0111\u1ea7u t\u01b0. C\u00e1c s\u1ea3n ph\u1ea9m ch\u0103n, m\u1ec1n ch\u1ea7n b\u00f4ng trong kh\u00e1ch s\u1ea1n ph\u1ea3i \u0111\u1ed1i m\u1eb7t v\u1edbi t\u1ea7n su\u1ea5t gi\u1eb7t gi\u0169 cao v\u00e0 h\u00f3a ch\u1ea5t t\u1ea9y r\u1eeda m\u1ea1nh. Do \u0111\u00f3, vi\u1ec7c l\u1ef1a ch\u1ecdn ch\u1ea5t li\u1ec7u ph\u00f9 h\u1ee3p l\u00e0 v\u00f4 c\u00f9ng quan tr\u1ecdng \u0111\u1ec3 \u0111\u1ea3m b\u1ea3o hi\u1ec7u qu\u1ea3 kinh t\u1ebf m\u00e0 v\u1eabn gi\u1eef \u0111\u01b0\u1ee3c s\u1ef1 sang tr\u1ecdng v\u00e0 tinh t\u1ebf.<\/p>\n<p data-sourcepos=\"5:1-5:370\"><a href=\"https:\/\/chanrathanhthuy.com\/wp-content\/uploads\/2023\/03\/Chan-ga-goi-dem-khach-san-homestay-resort-nha-nghi.jpg\"><img loading=\"lazy\" decoding=\"async\" class=\"aligncenter size-full wp-image-80019\" src=\"https:\/\/chanrathanhthuy.com\/wp-content\/uploads\/2023\/03\/Chan-ga-goi-dem-khach-san-homestay-resort-nha-nghi.jpg\" alt=\"\" width=\"1500\" height=\"1089\" title=\"\" srcset=\"https:\/\/chanrathanhthuy.com\/wp-content\/uploads\/2023\/03\/Chan-ga-goi-dem-khach-san-homestay-resort-nha-nghi.jpg 1500w, https:\/\/chanrathanhthuy.com\/wp-content\/uploads\/2023\/03\/Chan-ga-goi-dem-khach-san-homestay-resort-nha-nghi-300x218.jpg 300w, https:\/\/chanrathanhthuy.com\/wp-content\/uploads\/2023\/03\/Chan-ga-goi-dem-khach-san-homestay-resort-nha-nghi-1024x743.jpg 1024w, https:\/\/chanrathanhthuy.com\/wp-content\/uploads\/2023\/03\/Chan-ga-goi-dem-khach-san-homestay-resort-nha-nghi-150x109.jpg 150w, https:\/\/chanrathanhthuy.com\/wp-content\/uploads\/2023\/03\/Chan-ga-goi-dem-khach-san-homestay-resort-nha-nghi-768x558.jpg 768w, https:\/\/chanrathanhthuy.com\/wp-content\/uploads\/2023\/03\/Chan-ga-goi-dem-khach-san-homestay-resort-nha-nghi-600x436.jpg 600w\" sizes=\"auto, (max-width: 1500px) 100vw, 1500px\" \/><\/a><\/p>\n<p style=\"text-align: justify;\" data-sourcepos=\"7:1-7:323\">Ch\u0103n Ra Thanh Th\u1ee7y hi\u1ec3u r\u00f5 \u0111i\u1ec1u n\u00e0y v\u00e0 chuy\u00ean cung c\u1ea5p ch\u0103n, m\u1ec1n tr\u1eafng tr\u01a1n ch\u1ea7n b\u00f4ng \u0111\u01b0\u1ee3c thi\u1ebft k\u1ebf \u0111\u1eb7c bi\u1ec7t cho kh\u00e1ch s\u1ea1n, nh\u00e0 ngh\u1ec9, homestay. C\u00e1c kh\u00e1ch s\u1ea1n t\u1ea1i Vi\u1ec7t Nam th\u01b0\u1eddng \u01b0a chu\u1ed9ng ch\u0103n ga g\u1ed1i m\u00e0u tr\u1eafng tinh kh\u00f4i, \u0111\u00f4i khi \u0111i\u1ec3m xuy\u1ebft th\u00eam chi ti\u1ebft k\u1ebb s\u1ecdc, hoa v\u0103n d\u1ec7t ch\u00ecm ho\u1eb7c th\u00eau \u0111\u1ec3 t\u0103ng v\u1ebb sang tr\u1ecdng.<\/p>\n<p data-sourcepos=\"7:1-7:323\"><a href=\"https:\/\/chanrathanhthuy.com\/wp-content\/uploads\/2023\/03\/chan-chan-bong-men-dan-gon-khach-san.jpg\"><img loading=\"lazy\" decoding=\"async\" class=\"aligncenter size-full wp-image-80062\" src=\"https:\/\/chanrathanhthuy.com\/wp-content\/uploads\/2023\/03\/chan-chan-bong-men-dan-gon-khach-san.jpg\" alt=\"\" width=\"1500\" height=\"2181\" title=\"\" srcset=\"https:\/\/chanrathanhthuy.com\/wp-content\/uploads\/2023\/03\/chan-chan-bong-men-dan-gon-khach-san.jpg 1500w, https:\/\/chanrathanhthuy.com\/wp-content\/uploads\/2023\/03\/chan-chan-bong-men-dan-gon-khach-san-206x300.jpg 206w, https:\/\/chanrathanhthuy.com\/wp-content\/uploads\/2023\/03\/chan-chan-bong-men-dan-gon-khach-san-704x1024.jpg 704w, https:\/\/chanrathanhthuy.com\/wp-content\/uploads\/2023\/03\/chan-chan-bong-men-dan-gon-khach-san-103x150.jpg 103w, https:\/\/chanrathanhthuy.com\/wp-content\/uploads\/2023\/03\/chan-chan-bong-men-dan-gon-khach-san-768x1117.jpg 768w, https:\/\/chanrathanhthuy.com\/wp-content\/uploads\/2023\/03\/chan-chan-bong-men-dan-gon-khach-san-1056x1536.jpg 1056w, https:\/\/chanrathanhthuy.com\/wp-content\/uploads\/2023\/03\/chan-chan-bong-men-dan-gon-khach-san-1409x2048.jpg 1409w, https:\/\/chanrathanhthuy.com\/wp-content\/uploads\/2023\/03\/chan-chan-bong-men-dan-gon-khach-san-600x872.jpg 600w\" sizes=\"auto, (max-width: 1500px) 100vw, 1500px\" \/><\/a><\/p>\n<h3 style=\"text-align: justify;\" data-sourcepos=\"7:1-7:323\">Chi ti\u1ebft v\u1ec1 ch\u1ea5t li\u1ec7u Ch\u0103n, M\u1ec1n tr\u1eafng tr\u01a1n ch\u1ea7n b\u00f4ng<\/h3>\n<p style=\"text-align: justify;\" data-sourcepos=\"9:1-9:153\">T\u1ea1i Ch\u0103n Ra Thanh Th\u1ee7y, qu\u00fd kh\u00e1ch c\u00f3 th\u1ec3 \u0111\u1eb7t h\u00e0ng ch\u0103n, m\u1ec1n ch\u1ea7n b\u00f4ng cho d\u1ef1 \u00e1n kh\u00e1ch s\u1ea1n c\u1ee7a m\u00ecnh v\u1edbi b\u1ed1n ch\u1ea5t li\u1ec7u ph\u1ed5 bi\u1ebfn nh\u1ea5t c\u1ee7a ch\u00fang t\u00f4i:<\/p>\n<ul style=\"text-align: justify;\" data-sourcepos=\"11:1-14:0\">\n<li data-sourcepos=\"11:1-11:119\">V\u1ea3i CVC (50% Cotton, 50% Polyester): N\u1ed5i b\u1eadt v\u1edbi kh\u1ea3 n\u0103ng ch\u1ed1ng nh\u0103n v\u01b0\u1ee3t tr\u1ed9i, gi\u1eef cho ch\u0103n lu\u00f4n ph\u1eb3ng phiu.<\/li>\n<li data-sourcepos=\"12:1-12:112\">V\u1ea3i Cotton S\u1ecdc T300 (60% Cotton, 40% Polyester): Mang l\u1ea1i s\u1ef1 b\u1ec1n b\u1ec9 c\u00f9ng kh\u1ea3 n\u0103ng ch\u1ed1ng nh\u0103n hi\u1ec7u qu\u1ea3.<\/li>\n<li data-sourcepos=\"13:1-14:0\">V\u1ea3i Cotton S\u1ecdc T300 (100% Cotton): \u0110\u1ea3m b\u1ea3o s\u1ef1 m\u1ec1m m\u1ecbn, tho\u00e1ng m\u00e1t t\u1ed1i \u0111a v\u00e0 th\u1eddi gian s\u1eed d\u1ee5ng l\u00e2u d\u00e0i, l\u00fd t\u01b0\u1edfng cho nh\u1eefng kh\u00e1ch s\u1ea1n \u0111\u1ec1 cao s\u1ef1 tho\u1ea3i m\u00e1i tuy\u1ec7t \u0111\u1ed1i.<\/li>\n<\/ul>\n<h3 style=\"text-align: justify;\" data-sourcepos=\"15:1-15:170\">\u01afu \u0111i\u1ec3m Ch\u0103n, M\u1ec1n tr\u1eafng tr\u01a1n ch\u1ea7n b\u00f4ng<\/h3>\n<p style=\"text-align: justify;\" data-sourcepos=\"15:1-15:170\">M\u1ed7i ch\u1ea5t li\u1ec7u \u0111\u1ec1u c\u00f3 nh\u1eefng \u01b0u \u0111i\u1ec3m ri\u00eang v\u1ec1 t\u00ednh ch\u1ea5t v\u00e0 gi\u00e1 th\u00e0nh, cho ph\u00e9p qu\u00fd kh\u00e1ch t\u00f9y ch\u1ecdn s\u1ea3n ph\u1ea9m ph\u00f9 h\u1ee3p nh\u1ea5t v\u1edbi ph\u00e2n kh\u00fac v\u00e0 ho\u1ea1t \u0111\u1ed9ng kinh doanh c\u1ee7a kh\u00e1ch s\u1ea1n.<\/p>\n<p style=\"text-align: justify;\" data-sourcepos=\"17:1-17:79\">Ch\u0103n Ra Thanh Th\u1ee7y cam k\u1ebft ch\u1ea5t l\u01b0\u1ee3ng v\u01b0\u1ee3t tr\u1ed9i v\u1edbi c\u00e1c t\u00ednh n\u0103ng \u0111\u1eb7c bi\u1ec7t:<\/p>\n<ol data-sourcepos=\"19:1-23:116\">\n<li style=\"text-align: justify;\" data-sourcepos=\"19:1-19:83\">V\u1ea3i m\u1ec1m v\u00e0 b\u1ec1n: Chuy\u00ean nghi\u1ec7p cho kh\u0103n tr\u1ea3i gi\u01b0\u1eddng kh\u00e1ch s\u1ea1n m\u00e0u tr\u1eafng.<\/li>\n<li style=\"text-align: justify;\" data-sourcepos=\"20:1-20:78\">Ti\u00eau chu\u1ea9n 100%: M\u1eadt \u0111\u1ed9, tr\u1ecdng l\u01b0\u1ee3ng v\u00e0 s\u1ee3i \u0111\u1ea1t ti\u00eau chu\u1ea9n kh\u00e1ch h\u00e0ng.<\/li>\n<li style=\"text-align: justify;\" data-sourcepos=\"21:1-21:65\">An to\u00e0n m\u00f4i tr\u01b0\u1eddng: V\u1eadt li\u1ec7u t\u1ea9y v\u00e0 nhu\u1ed9m kh\u00f4ng ch\u1ee9a AZO.<\/li>\n<li style=\"text-align: justify;\" data-sourcepos=\"22:1-22:66\">H\u1ea1n ch\u1ebf co r\u00fat: D\u01b0\u1edbi 3% sau 3 l\u1ea7n gi\u1eb7t \u1edf 40 \u0111\u1ed9 v\u00e0 s\u1ea5y kh\u00f4.<\/li>\n<li style=\"text-align: justify;\" data-sourcepos=\"23:1-23:116\">Ki\u1ec3m so\u00e1t ch\u1ea5t l\u01b0\u1ee3ng t\u1eeb g\u1ed1c: S\u1edf h\u1eefu x\u01b0\u1edfng k\u00e9o s\u1ee3i, d\u1ec7t v\u1ea3i ri\u00eang, \u0111\u1ea3m b\u1ea3o ch\u1ea5t l\u01b0\u1ee3ng v\u00e0 th\u1eddi gian giao h\u00e0ng.<\/li>\n<\/ol>\n","protected":false},"excerpt":{"rendered":"<p><span style=\"color: #ff0000;\"><strong>GI\u00c1 \u01afU \u0110\u00c3I T\u1edaI 50% KHI \u0110\u1eb6T MAY THEO Y\u00caU C\u1ea6U<\/strong><\/span><\/p>\n","protected":false},"featured_media":79892,"comment_status":"open","ping_status":"closed","template":"","meta":{"_acf_changed":false,"inline_featured_image":false},"product_cat":[2073,2647],"product_tag":[],"class_list":{"0":"post-79878","1":"product","2":"type-product","3":"status-publish","4":"has-post-thumbnail","6":"product_cat-khach-san-homestay-nha-nghi","7":"product_cat-trang-tron","9":"first","10":"instock","11":"purchasable","12":"product-type-variable","13":"rtwpvg-product"},"acf":[],"_links":{"self":[{"href":"https:\/\/chanrathanhthuy.com\/en\/wp-json\/wp\/v2\/product\/79878","targetHints":{"allow":["GET"]}}],"collection":[{"href":"https:\/\/chanrathanhthuy.com\/en\/wp-json\/wp\/v2\/product"}],"about":[{"href":"https:\/\/chanrathanhthuy.com\/en\/wp-json\/wp\/v2\/types\/product"}],"replies":[{"embeddable":true,"href":"https:\/\/chanrathanhthuy.com\/en\/wp-json\/wp\/v2\/comments?post=79878"}],"wp:featuredmedia":[{"embeddable":true,"href":"https:\/\/chanrathanhthuy.com\/en\/wp-json\/wp\/v2\/media\/79892"}],"wp:attachment":[{"href":"https:\/\/chanrathanhthuy.com\/en\/wp-json\/wp\/v2\/media?parent=79878"}],"wp:term":[{"taxonomy":"product_cat","embeddable":true,"href":"https:\/\/chanrathanhthuy.com\/en\/wp-json\/wp\/v2\/product_cat?post=79878"},{"taxonomy":"product_tag","embeddable":true,"href":"https:\/\/chanrathanhthuy.com\/en\/wp-json\/wp\/v2\/product_tag?post=79878"}],"curies":[{"name":"wp","href":"https:\/\/api.w.org\/{rel}","templated":true}]}}