{"id":79895,"date":"2025-05-30T03:58:39","date_gmt":"2025-05-30T03:58:39","guid":{"rendered":"https:\/\/chanrathanhthuy.com\/?post_type=product&#038;p=79895"},"modified":"2026-04-28T10:28:25","modified_gmt":"2026-04-28T10:28:25","slug":"2-2-ga-thang-trang-soc-chong-nhan-khach-san-dat-may-theo-yeu-cau","status":"publish","type":"product","link":"https:\/\/chanrathanhthuy.com\/en\/product\/2-2-ga-thang-trang-soc-chong-nhan-khach-san-dat-may-theo-yeu-cau\/","title":{"rendered":"2.2. Ga Th\u1eb3ng Tr\u1eafng S\u1ecdc Ch\u1ed1ng Nh\u0103n Kh\u00e1ch S\u1ea1n"},"content":{"rendered":"<h2 data-sourcepos=\"3:1-3:91\">Ga Th\u1eb3ng V\u00e0 T\u1ea5m Tr\u1ea3i Tr\u1eafng S\u1ecdc Ch\u1ed1ng Nh\u0103n Kh\u00e1ch S\u1ea1n &#8211; N\u00e2ng T\u1ea7m Ch\u0103n Ga G\u1ed1i \u0110\u1ec7m t\u1eeb Ch\u0103n Ra Thanh Th\u1ee7y<\/h2>\n<p data-sourcepos=\"5:1-5:430\">Ga th\u1eb3ng gi\u01b0\u1eddng v\u00e0 T\u1ea5m tr\u1ea3i gi\u01b0\u1eddng l\u00e0 tr\u00e1i tim c\u1ee7a m\u1ed7i b\u1ed9 ch\u0103n ga g\u1ed1i \u0111\u1ec7m, l\u00e0 n\u01a1i c\u01a1 th\u1ec3 ch\u00fang ta tr\u1ef1c ti\u1ebfp ti\u1ebfp x\u00fac \u0111\u1ec3 t\u00ecm ki\u1ebfm gi\u1ea5c ng\u1ee7 ngon. V\u1edbi t\u1ea7m quan tr\u1ecdng \u0111\u00f3, vi\u1ec7c l\u1ef1a ch\u1ecdn m\u1ed9t t\u1ea5m ga tr\u1ea3i gi\u01b0\u1eddng m\u1ec1m m\u1ea1i, b\u1ec1n b\u1ec9 v\u00e0 ph\u00f9 h\u1ee3p l\u00e0 y\u1ebfu t\u1ed1 then ch\u1ed1t cho m\u1ecdi kh\u00e1ch s\u1ea1n. Ch\u0103n Ra Thanh Th\u1ee7y t\u1ef1 h\u00e0o gi\u1edbi thi\u1ec7u s\u1ea3n ph\u1ea9m ga th\u1eb3ng tr\u1eafng s\u1ecdc ch\u1ed1ng nh\u0103n v\u00e0 T\u1ea5m tr\u1ea3i kh\u00e1ch s\u1ea1n, mang \u0111\u1ebfn s\u1ef1 k\u1ebft h\u1ee3p ho\u00e0n h\u1ea3o gi\u1eefa v\u1ebb \u0111\u1eb9p tinh t\u1ebf v\u00e0 t\u00ednh n\u0103ng v\u01b0\u1ee3t tr\u1ed9i.<\/p>\n<p data-sourcepos=\"5:1-5:430\"><a href=\"https:\/\/chanrathanhthuy.com\/wp-content\/uploads\/2023\/03\/Chan-ga-goi-dem-khach-san-homestay-resort-nha-nghi.jpg\"><img loading=\"lazy\" decoding=\"async\" class=\"aligncenter size-full wp-image-80019\" src=\"https:\/\/chanrathanhthuy.com\/wp-content\/uploads\/2023\/03\/Chan-ga-goi-dem-khach-san-homestay-resort-nha-nghi.jpg\" alt=\"\" width=\"1500\" height=\"1089\" title=\"\" srcset=\"https:\/\/chanrathanhthuy.com\/wp-content\/uploads\/2023\/03\/Chan-ga-goi-dem-khach-san-homestay-resort-nha-nghi.jpg 1500w, https:\/\/chanrathanhthuy.com\/wp-content\/uploads\/2023\/03\/Chan-ga-goi-dem-khach-san-homestay-resort-nha-nghi-300x218.jpg 300w, https:\/\/chanrathanhthuy.com\/wp-content\/uploads\/2023\/03\/Chan-ga-goi-dem-khach-san-homestay-resort-nha-nghi-1024x743.jpg 1024w, https:\/\/chanrathanhthuy.com\/wp-content\/uploads\/2023\/03\/Chan-ga-goi-dem-khach-san-homestay-resort-nha-nghi-150x109.jpg 150w, https:\/\/chanrathanhthuy.com\/wp-content\/uploads\/2023\/03\/Chan-ga-goi-dem-khach-san-homestay-resort-nha-nghi-768x558.jpg 768w, https:\/\/chanrathanhthuy.com\/wp-content\/uploads\/2023\/03\/Chan-ga-goi-dem-khach-san-homestay-resort-nha-nghi-600x436.jpg 600w\" sizes=\"auto, (max-width: 1500px) 100vw, 1500px\" \/><\/a> <a href=\"https:\/\/chanrathanhthuy.com\/wp-content\/uploads\/2023\/03\/Ga-boc-ga-thang-khach-san.jpg\"><img loading=\"lazy\" decoding=\"async\" class=\"aligncenter size-full wp-image-80022\" src=\"https:\/\/chanrathanhthuy.com\/wp-content\/uploads\/2023\/03\/Ga-boc-ga-thang-khach-san.jpg\" alt=\"\" width=\"1500\" height=\"1682\" title=\"\" srcset=\"https:\/\/chanrathanhthuy.com\/wp-content\/uploads\/2023\/03\/Ga-boc-ga-thang-khach-san.jpg 1500w, https:\/\/chanrathanhthuy.com\/wp-content\/uploads\/2023\/03\/Ga-boc-ga-thang-khach-san-268x300.jpg 268w, https:\/\/chanrathanhthuy.com\/wp-content\/uploads\/2023\/03\/Ga-boc-ga-thang-khach-san-913x1024.jpg 913w, https:\/\/chanrathanhthuy.com\/wp-content\/uploads\/2023\/03\/Ga-boc-ga-thang-khach-san-134x150.jpg 134w, https:\/\/chanrathanhthuy.com\/wp-content\/uploads\/2023\/03\/Ga-boc-ga-thang-khach-san-768x861.jpg 768w, https:\/\/chanrathanhthuy.com\/wp-content\/uploads\/2023\/03\/Ga-boc-ga-thang-khach-san-1370x1536.jpg 1370w, https:\/\/chanrathanhthuy.com\/wp-content\/uploads\/2023\/03\/Ga-boc-ga-thang-khach-san-600x673.jpg 600w\" sizes=\"auto, (max-width: 1500px) 100vw, 1500px\" \/><\/a><\/p>\n<h3 data-sourcepos=\"5:1-5:430\">Chi ti\u1ebft Ga th\u1eb3ng tr\u1eafng s\u1ecdc ch\u1ed1ng nh\u0103n v\u00e0 T\u1ea5m tr\u1ea3i d\u00e0nh cho kh\u00e1ch s\u1ea1n<\/h3>\n<p><a href=\"https:\/\/chanrathanhthuy.com\/wp-content\/uploads\/2025\/05\/Chi-tiet-ve-chat-lieu-san-pham-chan-ga-khach-san-scaled.jpg\"><img loading=\"lazy\" decoding=\"async\" class=\"aligncenter size-full wp-image-80349\" src=\"https:\/\/chanrathanhthuy.com\/wp-content\/uploads\/2025\/05\/Chi-tiet-ve-chat-lieu-san-pham-chan-ga-khach-san-scaled.jpg\" alt=\"\" width=\"1081\" height=\"2560\" title=\"\" srcset=\"https:\/\/chanrathanhthuy.com\/wp-content\/uploads\/2025\/05\/Chi-tiet-ve-chat-lieu-san-pham-chan-ga-khach-san-scaled.jpg 1081w, https:\/\/chanrathanhthuy.com\/wp-content\/uploads\/2025\/05\/Chi-tiet-ve-chat-lieu-san-pham-chan-ga-khach-san-127x300.jpg 127w, https:\/\/chanrathanhthuy.com\/wp-content\/uploads\/2025\/05\/Chi-tiet-ve-chat-lieu-san-pham-chan-ga-khach-san-432x1024.jpg 432w, https:\/\/chanrathanhthuy.com\/wp-content\/uploads\/2025\/05\/Chi-tiet-ve-chat-lieu-san-pham-chan-ga-khach-san-63x150.jpg 63w, https:\/\/chanrathanhthuy.com\/wp-content\/uploads\/2025\/05\/Chi-tiet-ve-chat-lieu-san-pham-chan-ga-khach-san-768x1819.jpg 768w, https:\/\/chanrathanhthuy.com\/wp-content\/uploads\/2025\/05\/Chi-tiet-ve-chat-lieu-san-pham-chan-ga-khach-san-648x1536.jpg 648w, https:\/\/chanrathanhthuy.com\/wp-content\/uploads\/2025\/05\/Chi-tiet-ve-chat-lieu-san-pham-chan-ga-khach-san-865x2048.jpg 865w, https:\/\/chanrathanhthuy.com\/wp-content\/uploads\/2025\/05\/Chi-tiet-ve-chat-lieu-san-pham-chan-ga-khach-san-600x1421.jpg 600w\" sizes=\"auto, (max-width: 1081px) 100vw, 1081px\" \/><\/a><\/p>\n<h3 data-sourcepos=\"5:1-5:430\">C\u00e1c t\u00ednh n\u0103ng \u0111\u1eb7t bi\u1ec7t Ga th\u1eb3ng tr\u1eafng s\u1ecdc ch\u1ed1ng nh\u0103n kh\u00e1ch s\u1ea1n<\/h3>\n<p data-sourcepos=\"7:1-7:251\">S\u1ea3n ph\u1ea9m ga th\u1eb3ng tr\u1eafng s\u1ecdc v\u00e0 T\u1ea5m tr\u1ea3i c\u1ee7a Ch\u0103n Ra Thanh Th\u1ee7y kh\u00f4ng ch\u1ec9 t\u1ea1o \u0111i\u1ec3m nh\u1ea5n sang tr\u1ecdng cho kh\u00f4ng gian ph\u00f2ng ngh\u1ec9 m\u00e0 c\u00f2n \u0111\u1ea3m b\u1ea3o ch\u1ea5t l\u01b0\u1ee3ng t\u1ed1i \u01b0u. Ch\u00fang t\u00f4i cam k\u1ebft mang \u0111\u1ebfn nh\u1eefng \u0111\u1eb7c t\u00ednh n\u1ed5i b\u1eadt, \u0111\u01b0\u1ee3c thi\u1ebft k\u1ebf chuy\u00ean bi\u1ec7t cho ng\u00e0nh kh\u00e1ch s\u1ea1n:<\/p>\n<ul data-sourcepos=\"9:1-14:0\">\n<li data-sourcepos=\"9:1-9:170\">V\u1ea3i m\u1ec1m v\u00e0 b\u1ec1n: S\u1ea3n ph\u1ea9m \u0111\u01b0\u1ee3c l\u00e0m t\u1eeb ch\u1ea5t li\u1ec7u chuy\u00ean nghi\u1ec7p cho kh\u0103n tr\u1ea3i gi\u01b0\u1eddng kh\u00e1ch s\u1ea1n m\u00e0u tr\u1eafng, \u0111\u1ea3m b\u1ea3o \u0111\u1ed9 b\u1ec1n cao v\u00e0 gi\u1eef \u0111\u01b0\u1ee3c v\u1ebb \u0111\u1eb9p sau nhi\u1ec1u l\u1ea7n gi\u1eb7t.<\/li>\n<li data-sourcepos=\"10:1-10:187\">M\u1eadt \u0111\u1ed9, tr\u1ecdng l\u01b0\u1ee3ng v\u00e0 s\u1ee3i \u0111\u1ea1t ti\u00eau chu\u1ea9n 100% c\u1ee7a kh\u00e1ch h\u00e0ng: \u0110i\u1ec1u n\u00e0y kh\u1eb3ng \u0111\u1ecbnh ch\u1ea5t l\u01b0\u1ee3ng \u0111\u1ed3ng \u0111\u1ec1u v\u00e0 cao c\u1ea5p c\u1ee7a t\u1eebng t\u1ea5m ga, ph\u00f9 h\u1ee3p v\u1edbi c\u00e1c ti\u00eau chu\u1ea9n kh\u1eaft khe c\u1ee7a kh\u00e1ch s\u1ea1n.<\/li>\n<li data-sourcepos=\"11:1-11:148\">V\u1eadt li\u1ec7u t\u1ea9y v\u00e0 nhu\u1ed9m m\u00f4i tr\u01b0\u1eddng kh\u00f4ng c\u00f3 AZO: Ch\u0103n Ra Thanh Th\u1ee7y \u01b0u ti\u00ean s\u1ef1 an to\u00e0n cho s\u1ee9c kh\u1ecfe ng\u01b0\u1eddi d\u00f9ng v\u00e0 th\u00e2n thi\u1ec7n v\u1edbi m\u00f4i tr\u01b0\u1eddng.<\/li>\n<li data-sourcepos=\"12:1-12:143\">Co r\u00fat trong v\u00f2ng 3% sau 3 l\u1ea7n gi\u1eb7t 40 \u0111\u1ed9 v\u00e0 s\u1ea5y kh\u00f4: Gi\u00fap ga th\u1eb3ng duy tr\u00ec k\u00edch th\u01b0\u1edbc v\u00e0 h\u00ecnh d\u00e1ng chu\u1ea9n, k\u00e9o d\u00e0i tu\u1ed5i th\u1ecd s\u1ea3n ph\u1ea9m.<\/li>\n<li data-sourcepos=\"13:1-14:0\">C\u00f3 x\u01b0\u1edfng k\u00e9o s\u1ee3i, d\u1ec7t v\u1ea3i ri\u00eang: Ch\u0103n Ra Thanh Th\u1ee7y ki\u1ec3m so\u00e1t ch\u1eb7t ch\u1ebd to\u00e0n b\u1ed9 quy tr\u00ecnh s\u1ea3n xu\u1ea5t t\u1eeb nguy\u00ean li\u1ec7u b\u00f4ng th\u00f4, \u0111\u1ea3m b\u1ea3o ch\u1ea5t l\u01b0\u1ee3ng v\u01b0\u1ee3t tr\u1ed9i v\u00e0 th\u1eddi gian giao h\u00e0ng nhanh ch\u00f3ng.<\/li>\n<\/ul>\n<p data-sourcepos=\"15:1-15:152\">L\u1ef1a ch\u1ecdn ga th\u1eb3ng tr\u1eafng s\u1ecdc ch\u1ed1ng nh\u0103n v\u00e0 T\u1ea5m tr\u1ea3i kh\u00e1ch s\u1ea1n t\u1eeb Ch\u0103n Ra Thanh Th\u1ee7y l\u00e0 \u0111\u1ea7u t\u01b0 v\u00e0o s\u1ef1 tho\u1ea3i m\u00e1i, sang tr\u1ecdng v\u00e0 b\u1ec1n v\u1eefng cho kh\u00e1ch s\u1ea1n c\u1ee7a b\u1ea1n.<\/p>\n","protected":false},"excerpt":{"rendered":"<p><span style=\"color: #ff0000;\"><strong>GI\u00c1 \u01afU \u0110\u00c3I T\u1edaI 50% KHI \u0110\u1eb6T MAY THEO Y\u00caU C\u1ea6U<\/strong><\/span><\/p>\n","protected":false},"featured_media":79898,"comment_status":"open","ping_status":"closed","template":"","meta":{"_acf_changed":false,"inline_featured_image":false},"product_cat":[2073,2648],"product_tag":[],"class_list":{"0":"post-79895","1":"product","2":"type-product","3":"status-publish","4":"has-post-thumbnail","6":"product_cat-khach-san-homestay-nha-nghi","7":"product_cat-trang-soc","9":"first","10":"instock","11":"purchasable","12":"product-type-variable","13":"rtwpvg-product"},"acf":[],"_links":{"self":[{"href":"https:\/\/chanrathanhthuy.com\/en\/wp-json\/wp\/v2\/product\/79895","targetHints":{"allow":["GET"]}}],"collection":[{"href":"https:\/\/chanrathanhthuy.com\/en\/wp-json\/wp\/v2\/product"}],"about":[{"href":"https:\/\/chanrathanhthuy.com\/en\/wp-json\/wp\/v2\/types\/product"}],"replies":[{"embeddable":true,"href":"https:\/\/chanrathanhthuy.com\/en\/wp-json\/wp\/v2\/comments?post=79895"}],"wp:featuredmedia":[{"embeddable":true,"href":"https:\/\/chanrathanhthuy.com\/en\/wp-json\/wp\/v2\/media\/79898"}],"wp:attachment":[{"href":"https:\/\/chanrathanhthuy.com\/en\/wp-json\/wp\/v2\/media?parent=79895"}],"wp:term":[{"taxonomy":"product_cat","embeddable":true,"href":"https:\/\/chanrathanhthuy.com\/en\/wp-json\/wp\/v2\/product_cat?post=79895"},{"taxonomy":"product_tag","embeddable":true,"href":"https:\/\/chanrathanhthuy.com\/en\/wp-json\/wp\/v2\/product_tag?post=79895"}],"curies":[{"name":"wp","href":"https:\/\/api.w.org\/{rel}","templated":true}]}}