{"id":81571,"date":"2025-06-13T02:20:28","date_gmt":"2025-06-13T02:20:28","guid":{"rendered":"https:\/\/chanrathanhthuy.com\/?post_type=product&#038;p=81571"},"modified":"2026-04-14T17:24:34","modified_gmt":"2026-04-14T17:24:34","slug":"nem-bong-ep-gap-xe-khach-xe-giuong-nam","status":"publish","type":"product","link":"https:\/\/chanrathanhthuy.com\/en\/product\/nem-bong-ep-gap-xe-khach-xe-giuong-nam\/","title":{"rendered":"N\u1ec7m B\u00f4ng \u00c9p G\u1ea5p Xe Kh\u00e1ch &#8211; Xe Gi\u01b0\u1eddng N\u1eb1m"},"content":{"rendered":"<h2 style=\"text-align: justify;\">N\u1ec7m B\u00f4ng \u00c9p G\u1ea5p Cho Xe Kh\u00e1ch &#8211; Xe Gi\u01b0\u1eddng N\u1eb1m: N\u00e2ng T\u1ea7m Tho\u1ea3i M\u00e1i v\u00e0 Ti\u1ec7n Nghi C\u00f9ng Ch\u0103n Ra Thanh Th\u1ee7y<\/h2>\n<p style=\"text-align: justify;\">Trong ng\u00e0nh d\u1ecbch v\u1ee5 v\u1eadn t\u1ea3i h\u00e0nh kh\u00e1ch, \u0111\u1eb7c bi\u1ec7t l\u00e0 tr\u00ean c\u00e1c chuy\u1ebfn xe kh\u00e1ch \u0111\u01b0\u1eddng d\u00e0i hay xe gi\u01b0\u1eddng n\u1eb1m, s\u1ef1 tho\u1ea3i m\u00e1i c\u1ee7a kh\u00e1ch h\u00e0ng l\u00e0 y\u1ebfu t\u1ed1 then ch\u1ed1t quy\u1ebft \u0111\u1ecbnh s\u1ef1 h\u00e0i l\u00f2ng v\u00e0 l\u00f2ng trung th\u00e0nh. \u0110\u1ec3 t\u1ed1i \u01b0u h\u00f3a tr\u1ea3i nghi\u1ec7m n\u00e0y, vi\u1ec7c trang b\u1ecb n\u1ec7m b\u00f4ng \u00e9p g\u1ea5p ch\u1ea5t l\u01b0\u1ee3ng cao l\u00e0 m\u1ed9t gi\u1ea3i ph\u00e1p kh\u00f4ng th\u1ec3 thi\u1ebfu. Ch\u0103n Ra Thanh Th\u1ee7y t\u1ef1 h\u00e0o cung c\u1ea5p c\u00e1c s\u1ea3n ph\u1ea9m n\u1ec7m b\u00f4ng \u00e9p g\u1ea5p chuy\u00ean bi\u1ec7t cho xe kh\u00e1ch v\u00e0 xe gi\u01b0\u1eddng n\u1eb1m, mang \u0111\u1ebfn s\u1ef1 \u00eam \u00e1i, b\u1ec1n b\u1ec9 v\u00e0 ti\u1ec7n l\u1ee3i v\u01b0\u1ee3t tr\u1ed9i.<\/p>\n<p><a href=\"https:\/\/chanrathanhthuy.com\/wp-content\/uploads\/2024\/08\/Chan-ga-goi-xe-khach-xe-giuong-nam-xe-phong-nam.png\"><img loading=\"lazy\" decoding=\"async\" class=\"aligncenter size-full wp-image-64183\" src=\"https:\/\/chanrathanhthuy.com\/wp-content\/uploads\/2024\/08\/Chan-ga-goi-xe-khach-xe-giuong-nam-xe-phong-nam.png\" alt=\"\" width=\"1500\" height=\"1044\" title=\"\" srcset=\"https:\/\/chanrathanhthuy.com\/wp-content\/uploads\/2024\/08\/Chan-ga-goi-xe-khach-xe-giuong-nam-xe-phong-nam.png 1500w, https:\/\/chanrathanhthuy.com\/wp-content\/uploads\/2024\/08\/Chan-ga-goi-xe-khach-xe-giuong-nam-xe-phong-nam-600x418.png 600w, https:\/\/chanrathanhthuy.com\/wp-content\/uploads\/2024\/08\/Chan-ga-goi-xe-khach-xe-giuong-nam-xe-phong-nam-300x209.png 300w, https:\/\/chanrathanhthuy.com\/wp-content\/uploads\/2024\/08\/Chan-ga-goi-xe-khach-xe-giuong-nam-xe-phong-nam-1024x713.png 1024w, https:\/\/chanrathanhthuy.com\/wp-content\/uploads\/2024\/08\/Chan-ga-goi-xe-khach-xe-giuong-nam-xe-phong-nam-150x104.png 150w, https:\/\/chanrathanhthuy.com\/wp-content\/uploads\/2024\/08\/Chan-ga-goi-xe-khach-xe-giuong-nam-xe-phong-nam-768x535.png 768w\" sizes=\"auto, (max-width: 1500px) 100vw, 1500px\" \/><\/a><\/p>\n<h3 style=\"text-align: justify;\">V\u00ec Sao N\u1ec7m B\u00f4ng \u00c9p G\u1ea5p L\u00e0 L\u1ef1a Ch\u1ecdn L\u00fd T\u01b0\u1edfng Cho Xe Kh\u00e1ch &#8211; Xe Gi\u01b0\u1eddng N\u1eb1m?<\/h3>\n<p style=\"text-align: justify;\">T\u1ed1i \u01afu Kh\u00f4ng Gian &amp; Ti\u1ec7n L\u1ee3i: Kh\u1ea3 n\u0103ng g\u1ea5p g\u1ecdn l\u00e0 l\u1ee3i th\u1ebf l\u1edbn, gi\u00fap ti\u1ebft ki\u1ec7m di\u1ec7n t\u00edch t\u1ed1i \u0111a khi kh\u00f4ng s\u1eed d\u1ee5ng ho\u1eb7c trong qu\u00e1 tr\u00ecnh b\u1ea3o qu\u1ea3n, v\u1ec7 sinh. \u0110i\u1ec1u n\u00e0y \u0111\u1eb7c bi\u1ec7t quan tr\u1ecdng tr\u00ean c\u00e1c d\u00f2ng xe c\u00f3 kh\u00f4ng gian h\u1ea1n ch\u1ebf.<\/p>\n<p style=\"text-align: justify;\">\u0110\u1ed9 B\u1ec1n V\u01b0\u1ee3t Tr\u1ed9i: N\u1ec7m b\u00f4ng \u00e9p c\u00f3 c\u1ea5u tr\u00fac v\u1eefng ch\u1eafc, \u00edt l\u00fan x\u1eb9p theo th\u1eddi gian, \u0111\u1ea3m b\u1ea3o tu\u1ed5i th\u1ecd s\u1eed d\u1ee5ng l\u00e2u d\u00e0i, gi\u00fap c\u00e1c \u0111\u01a1n v\u1ecb v\u1eadn t\u1ea3i ti\u1ebft ki\u1ec7m chi ph\u00ed \u0111\u1ea7u t\u01b0 v\u00e0 thay th\u1ebf.<\/p>\n<p><a href=\"https:\/\/chanrathanhthuy.com\/wp-content\/uploads\/2024\/08\/ga-trai-giuong-Chan-ga-goi-xe-khach-xe-giuong-nam-xe-phong-nam.png\"><img loading=\"lazy\" decoding=\"async\" class=\"aligncenter size-full wp-image-64195\" src=\"https:\/\/chanrathanhthuy.com\/wp-content\/uploads\/2024\/08\/ga-trai-giuong-Chan-ga-goi-xe-khach-xe-giuong-nam-xe-phong-nam.png\" alt=\"ga tr\u1ea3i gi\u01b0\u1eddng Ch\u0103n ga g\u1ed1i xe kh\u00e1ch, xe gi\u01b0\u1eddng n\u1eb1m, xe ph\u00f2ng n\u1eb1m\" width=\"1500\" height=\"1968\" title=\"\" srcset=\"https:\/\/chanrathanhthuy.com\/wp-content\/uploads\/2024\/08\/ga-trai-giuong-Chan-ga-goi-xe-khach-xe-giuong-nam-xe-phong-nam.png 1500w, https:\/\/chanrathanhthuy.com\/wp-content\/uploads\/2024\/08\/ga-trai-giuong-Chan-ga-goi-xe-khach-xe-giuong-nam-xe-phong-nam-600x787.png 600w, https:\/\/chanrathanhthuy.com\/wp-content\/uploads\/2024\/08\/ga-trai-giuong-Chan-ga-goi-xe-khach-xe-giuong-nam-xe-phong-nam-229x300.png 229w, https:\/\/chanrathanhthuy.com\/wp-content\/uploads\/2024\/08\/ga-trai-giuong-Chan-ga-goi-xe-khach-xe-giuong-nam-xe-phong-nam-780x1024.png 780w, https:\/\/chanrathanhthuy.com\/wp-content\/uploads\/2024\/08\/ga-trai-giuong-Chan-ga-goi-xe-khach-xe-giuong-nam-xe-phong-nam-114x150.png 114w, https:\/\/chanrathanhthuy.com\/wp-content\/uploads\/2024\/08\/ga-trai-giuong-Chan-ga-goi-xe-khach-xe-giuong-nam-xe-phong-nam-768x1008.png 768w, https:\/\/chanrathanhthuy.com\/wp-content\/uploads\/2024\/08\/ga-trai-giuong-Chan-ga-goi-xe-khach-xe-giuong-nam-xe-phong-nam-1171x1536.png 1171w\" sizes=\"auto, (max-width: 1500px) 100vw, 1500px\" \/><\/a><\/p>\n<p style=\"text-align: justify;\">H\u1ed7 Tr\u1ee3 T\u1ed1t Cho Gi\u1ea5c Ng\u1ee7: V\u1edbi \u0111\u1ed9 ph\u1eb3ng v\u00e0 \u0111\u1ed9 c\u1ee9ng v\u1eeba ph\u1ea3i, n\u1ec7m b\u00f4ng \u00e9p gi\u00fap n\u00e2ng \u0111\u1ee1 c\u1ed9t s\u1ed1ng hi\u1ec7u qu\u1ea3, mang l\u1ea1i gi\u1ea5c ng\u1ee7 ngon v\u00e0 s\u00e2u, gi\u1ea3m thi\u1ec3u m\u1ec7t m\u1ecfi cho h\u00e0nh kh\u00e1ch trong su\u1ed1t chuy\u1ebfn \u0111i d\u00e0i.<\/p>\n<p style=\"text-align: justify;\">Tho\u00e1ng Kh\u00ed &amp; V\u1ec7 Sinh: L\u00f5i b\u00f4ng \u00e9p c\u00f3 kh\u1ea3 n\u0103ng tho\u00e1t \u1ea9m t\u1ed1t, h\u1ea1n ch\u1ebf t\u00edch t\u1ee5 \u1ea9m m\u1ed1c v\u00e0 vi khu\u1ea9n. V\u1ecf n\u1ec7m th\u01b0\u1eddng d\u1ec5 d\u00e0ng th\u00e1o r\u1eddi \u0111\u1ec3 v\u1ec7 sinh, \u0111\u1ea3m b\u1ea3o m\u00f4i tr\u01b0\u1eddng n\u1eb1m ngh\u1ec9 lu\u00f4n s\u1ea1ch s\u1ebd, an to\u00e0n cho t\u1eebng l\u01b0\u1ee3t kh\u00e1ch.<\/p>\n<p><a href=\"https:\/\/chanrathanhthuy.com\/wp-content\/uploads\/2024\/11\/Du-an-Chan-ga-goi-dem-Xe-khach-Xe-giuong-nam-va-Xe-phong-nam-3.png\"><img loading=\"lazy\" decoding=\"async\" class=\"aligncenter size-full wp-image-66475\" src=\"https:\/\/chanrathanhthuy.com\/wp-content\/uploads\/2024\/11\/Du-an-Chan-ga-goi-dem-Xe-khach-Xe-giuong-nam-va-Xe-phong-nam-3.png\" alt=\"D\u1ef1 \u00e1n Ch\u0103n ga g\u1ed1i \u0111\u1ec7m Xe kh\u00e1ch, Xe gi\u01b0\u1eddng n\u1eb1m v\u00e0 Xe ph\u00f2ng n\u1eb1m\" width=\"1800\" height=\"900\" title=\"\" srcset=\"https:\/\/chanrathanhthuy.com\/wp-content\/uploads\/2024\/11\/Du-an-Chan-ga-goi-dem-Xe-khach-Xe-giuong-nam-va-Xe-phong-nam-3.png 1800w, https:\/\/chanrathanhthuy.com\/wp-content\/uploads\/2024\/11\/Du-an-Chan-ga-goi-dem-Xe-khach-Xe-giuong-nam-va-Xe-phong-nam-3-600x300.png 600w, https:\/\/chanrathanhthuy.com\/wp-content\/uploads\/2024\/11\/Du-an-Chan-ga-goi-dem-Xe-khach-Xe-giuong-nam-va-Xe-phong-nam-3-300x150.png 300w, https:\/\/chanrathanhthuy.com\/wp-content\/uploads\/2024\/11\/Du-an-Chan-ga-goi-dem-Xe-khach-Xe-giuong-nam-va-Xe-phong-nam-3-1024x512.png 1024w, https:\/\/chanrathanhthuy.com\/wp-content\/uploads\/2024\/11\/Du-an-Chan-ga-goi-dem-Xe-khach-Xe-giuong-nam-va-Xe-phong-nam-3-150x75.png 150w, https:\/\/chanrathanhthuy.com\/wp-content\/uploads\/2024\/11\/Du-an-Chan-ga-goi-dem-Xe-khach-Xe-giuong-nam-va-Xe-phong-nam-3-768x384.png 768w, https:\/\/chanrathanhthuy.com\/wp-content\/uploads\/2024\/11\/Du-an-Chan-ga-goi-dem-Xe-khach-Xe-giuong-nam-va-Xe-phong-nam-3-1536x768.png 1536w\" sizes=\"auto, (max-width: 1800px) 100vw, 1800px\" \/><\/a><\/p>\n<h3 style=\"text-align: justify;\">Ch\u0103n Ra Thanh Th\u1ee7y: \u0110\u1ed1i T\u00e1c Tin C\u1eady Cung C\u1ea5p N\u1ec7m B\u00f4ng \u00c9p G\u1ea5p Cho Xe Kh\u00e1ch &#8211; Xe Gi\u01b0\u1eddng N\u1eb1m<\/h3>\n<p style=\"text-align: justify;\">V\u1edbi h\u01a1n 25 n\u0103m kinh nghi\u1ec7m trong l\u0129nh v\u1ef1c cung c\u1ea5p ch\u0103n ga g\u1ed1i \u0111\u1ec7m cho c\u00e1c d\u1ef1 \u00e1n v\u1eadn t\u1ea3i l\u1edbn, Ch\u0103n Ra Thanh Th\u1ee7y l\u00e0 \u0111\u1ed1i t\u00e1c h\u00e0ng \u0111\u1ea7u, chuy\u00ean nghi\u1ec7p trong vi\u1ec7c mang \u0111\u1ebfn c\u00e1c gi\u1ea3i ph\u00e1p n\u1ec7m b\u00f4ng \u00e9p g\u1ea5p t\u1ed1i \u01b0u cho xe kh\u00e1ch v\u00e0 xe gi\u01b0\u1eddng n\u1eb1m.<\/p>\n<p style=\"text-align: justify;\">Ch\u00fang t\u00f4i cam k\u1ebft:<\/p>\n<ul style=\"text-align: justify;\">\n<li>Ch\u1ea5t L\u01b0\u1ee3ng V\u01b0\u1ee3t Tr\u1ed9i: N\u1ec7m \u0111\u01b0\u1ee3c s\u1ea3n xu\u1ea5t t\u1eeb nguy\u00ean li\u1ec7u b\u00f4ng \u00e9p cao c\u1ea5p, \u0111\u1ea3m b\u1ea3o \u0111\u1ed9 b\u1ec1n, s\u1ef1 \u00eam \u00e1i v\u00e0 an to\u00e0n tuy\u1ec7t \u0111\u1ed1i cho ng\u01b0\u1eddi s\u1eed d\u1ee5ng.<\/li>\n<li>Gi\u1ea3i Ph\u00e1p T\u00f9y Bi\u1ebfn: Ch\u0103n Ra Thanh Th\u1ee7y cung c\u1ea5p d\u1ecbch v\u1ee5 s\u1ea3n xu\u1ea5t theo y\u00eau c\u1ea7u (OEM &amp; ODM), gi\u00fap c\u00e1c \u0111\u1ed1i t\u00e1c d\u1ec5 d\u00e0ng t\u00f9y ch\u1ec9nh k\u00edch th\u01b0\u1edbc, \u0111\u1ed9 d\u00e0y, v\u00e0 thi\u1ebft k\u1ebf ph\u00f9 h\u1ee3p v\u1edbi t\u1eebng lo\u1ea1i gi\u01b0\u1eddng n\u1eb1m hay gh\u1ebf ng\u1ed3i tr\u00ean xe.<\/li>\n<li>Tu\u00e2n Th\u1ee7 Ti\u00eau Chu\u1ea9n Nghi\u00eam Ng\u1eb7t: M\u1ecdi s\u1ea3n ph\u1ea9m \u0111\u1ec1u \u0111\u1ea1t c\u00e1c ti\u00eau chu\u1ea9n v\u1ec1 v\u1ec7 sinh, an to\u00e0n ch\u00e1y n\u1ed5 v\u00e0 \u0111\u1ed9 b\u1ec1n, mang l\u1ea1i s\u1ef1 an t\u00e2m tuy\u1ec7t \u0111\u1ed1i cho c\u1ea3 h\u00e0nh kh\u00e1ch v\u00e0 nh\u00e0 v\u1eadn h\u00e0nh.<\/li>\n<\/ul>\n<p style=\"text-align: justify;\">\u0110\u1ea7u t\u01b0 v\u00e0o n\u1ec7m b\u00f4ng \u00e9p g\u1ea5p ch\u1ea5t l\u01b0\u1ee3ng cao t\u1eeb Ch\u0103n Ra Thanh Th\u1ee7y kh\u00f4ng ch\u1ec9 l\u00e0 n\u00e2ng c\u1ea5p s\u1ef1 tho\u1ea3i m\u00e1i m\u00e0 c\u00f2n l\u00e0 th\u1ec3 hi\u1ec7n s\u1ef1 chuy\u00ean nghi\u1ec7p, t\u1eadn t\u00e2m c\u1ee7a d\u1ecbch v\u1ee5 v\u1eadn t\u1ea3i, g\u00f3p ph\u1ea7n t\u1ea1o n\u00ean nh\u1eefng chuy\u1ebfn \u0111i \u0111\u00e1ng nh\u1edb v\u00e0 thu h\u00fat kh\u00e1ch h\u00e0ng quay l\u1ea1i.<\/p>\n","protected":false},"excerpt":{"rendered":"<p style=\"text-align: justify;\"><span style=\"color: #ff0000;\"><strong>GI\u00c1 \u01afU \u0110\u00c3I T\u1edaI 50% KHI \u0110\u1eb6T MAY THEO Y\u00caU C\u1ea6U<\/strong><\/span><\/p>\n","protected":false},"featured_media":82766,"comment_status":"open","ping_status":"closed","template":"","meta":{"_acf_changed":false,"inline_featured_image":false},"product_cat":[2116],"product_tag":[],"class_list":{"0":"post-81571","1":"product","2":"type-product","3":"status-publish","4":"has-post-thumbnail","6":"product_cat-xe-khach-xe-giuong-nam","8":"first","9":"instock","10":"purchasable","11":"product-type-variable","12":"rtwpvg-product"},"acf":[],"_links":{"self":[{"href":"https:\/\/chanrathanhthuy.com\/en\/wp-json\/wp\/v2\/product\/81571","targetHints":{"allow":["GET"]}}],"collection":[{"href":"https:\/\/chanrathanhthuy.com\/en\/wp-json\/wp\/v2\/product"}],"about":[{"href":"https:\/\/chanrathanhthuy.com\/en\/wp-json\/wp\/v2\/types\/product"}],"replies":[{"embeddable":true,"href":"https:\/\/chanrathanhthuy.com\/en\/wp-json\/wp\/v2\/comments?post=81571"}],"wp:featuredmedia":[{"embeddable":true,"href":"https:\/\/chanrathanhthuy.com\/en\/wp-json\/wp\/v2\/media\/82766"}],"wp:attachment":[{"href":"https:\/\/chanrathanhthuy.com\/en\/wp-json\/wp\/v2\/media?parent=81571"}],"wp:term":[{"taxonomy":"product_cat","embeddable":true,"href":"https:\/\/chanrathanhthuy.com\/en\/wp-json\/wp\/v2\/product_cat?post=81571"},{"taxonomy":"product_tag","embeddable":true,"href":"https:\/\/chanrathanhthuy.com\/en\/wp-json\/wp\/v2\/product_tag?post=81571"}],"curies":[{"name":"wp","href":"https:\/\/api.w.org\/{rel}","templated":true}]}}