{"id":83870,"date":"2025-07-04T08:44:01","date_gmt":"2025-07-04T08:44:01","guid":{"rendered":"https:\/\/chanrathanhthuy.com\/?post_type=product&#038;p=83870"},"modified":"2026-04-07T03:08:30","modified_gmt":"2026-04-07T03:08:30","slug":"2-3-ga-boc-trang-soc-17cm-chong-nhan-khach-san","status":"publish","type":"product","link":"https:\/\/chanrathanhthuy.com\/en\/product\/2-3-ga-boc-trang-soc-17cm-chong-nhan-khach-san\/","title":{"rendered":"2.3.2. Ga B\u1ecdc Tr\u1eafng S\u1ecdc (17cm) Ch\u1ed1ng Nh\u0103n Kh\u00e1ch S\u1ea1n"},"content":{"rendered":"<h2 style=\"text-align: justify;\" data-sourcepos=\"2:1-2:92\">Ga Tr\u1ea3i Gi\u01b0\u1eddng Kh\u00e1ch S\u1ea1n Tr\u1eafng S\u1ecdc 3F T300 \u2013 Gi\u1ea3i Ph\u00e1p Ho\u00e0n H\u1ea3o T\u1eeb Ch\u0103n Ra Thanh Th\u1ee7y<\/h2>\n<p style=\"text-align: justify;\" data-sourcepos=\"4:1-4:340\">Ga tr\u1ea3i gi\u01b0\u1eddng kh\u00e1ch s\u1ea1n tr\u1eafng s\u1ecdc 3F T300 c\u1ee7a Ch\u0103n Ra Thanh Th\u1ee7y l\u00e0 l\u1ef1a ch\u1ecdn l\u00fd t\u01b0\u1edfng cho c\u00e1c kh\u00e1ch s\u1ea1n mu\u1ed1n t\u1ed1i \u01b0u h\u00f3a s\u1ef1 ti\u1ec7n l\u1ee3i v\u00e0 mang l\u1ea1i tr\u1ea3i nghi\u1ec7m ngh\u1ec9 d\u01b0\u1ee1ng \u0111\u1eb3ng c\u1ea5p cho kh\u00e1ch h\u00e0ng. V\u1edbi thi\u1ebft k\u1ebf drap b\u1ecdc ti\u1ec7n d\u1ee5ng, s\u1ea3n ph\u1ea9m n\u00e0y kh\u00f4ng ch\u1ec9 d\u1ec5 d\u00e0ng l\u1eafp \u0111\u1eb7t m\u00e0 c\u00f2n ti\u1ebft ki\u1ec7m th\u1eddi gian v\u00e0 c\u00f4ng s\u1ee9c trong qu\u00e1 tr\u00ecnh gi\u1eb7t \u1ee7i.<\/p>\n<p data-sourcepos=\"4:1-4:340\"><a href=\"https:\/\/chanrathanhthuy.com\/wp-content\/uploads\/2023\/03\/Chan-ga-goi-dem-khach-san-homestay-resort-nha-nghi.jpg\"><img loading=\"lazy\" decoding=\"async\" class=\"aligncenter size-full wp-image-80019\" src=\"https:\/\/chanrathanhthuy.com\/wp-content\/uploads\/2023\/03\/Chan-ga-goi-dem-khach-san-homestay-resort-nha-nghi.jpg\" alt=\"\" width=\"1500\" height=\"1089\" title=\"\" srcset=\"https:\/\/chanrathanhthuy.com\/wp-content\/uploads\/2023\/03\/Chan-ga-goi-dem-khach-san-homestay-resort-nha-nghi.jpg 1500w, https:\/\/chanrathanhthuy.com\/wp-content\/uploads\/2023\/03\/Chan-ga-goi-dem-khach-san-homestay-resort-nha-nghi-300x218.jpg 300w, https:\/\/chanrathanhthuy.com\/wp-content\/uploads\/2023\/03\/Chan-ga-goi-dem-khach-san-homestay-resort-nha-nghi-1024x743.jpg 1024w, https:\/\/chanrathanhthuy.com\/wp-content\/uploads\/2023\/03\/Chan-ga-goi-dem-khach-san-homestay-resort-nha-nghi-150x109.jpg 150w, https:\/\/chanrathanhthuy.com\/wp-content\/uploads\/2023\/03\/Chan-ga-goi-dem-khach-san-homestay-resort-nha-nghi-768x558.jpg 768w, https:\/\/chanrathanhthuy.com\/wp-content\/uploads\/2023\/03\/Chan-ga-goi-dem-khach-san-homestay-resort-nha-nghi-600x436.jpg 600w\" sizes=\"auto, (max-width: 1500px) 100vw, 1500px\" \/><\/a><\/p>\n<h3 style=\"text-align: justify;\" data-sourcepos=\"6:1-6:71\">\u0110\u1eb7c T\u00ednh N\u1ed5i B\u1eadt C\u1ee7a Ga Tr\u1ea3i Gi\u01b0\u1eddng Kh\u00e1ch S\u1ea1n Tr\u1eafng S\u1ecdc 3F T300<\/h3>\n<p>Nhanh g\u1ecdn v\u00e0 d\u1ec5 s\u1eed d\u1ee5ng: Drap b\u1ecdc \u0111\u01b0\u1ee3c thi\u1ebft k\u1ebf \u0111\u1ec3 \u00f4m s\u00e1t n\u1ec7m, gi\u00fap vi\u1ec7c thay ga tr\u1edf n\u00ean nhanh ch\u00f3ng v\u00e0 \u0111\u01a1n gi\u1ea3n.<\/p>\n<p>D\u1ec5 gi\u1eb7t, mau kh\u00f4 v\u00e0 kh\u00f4ng c\u1ea7n \u1ee7i: Ch\u1ea5t li\u1ec7u v\u1ea3i \u0111\u1eb7c bi\u1ec7t c\u1ee7a s\u1ea3n ph\u1ea9m gi\u00fap ga nhanh kh\u00f4 sau khi gi\u1eb7t v\u00e0 th\u01b0\u1eddng kh\u00f4ng c\u1ea7n \u1ee7i, ti\u1ebft ki\u1ec7m \u0111\u00e1ng k\u1ec3 chi ph\u00ed v\u00e0 th\u1eddi gian cho kh\u00e1ch s\u1ea1n.<\/p>\n<p><a href=\"https:\/\/chanrathanhthuy.com\/wp-content\/uploads\/2023\/03\/Ga-boc-ga-thang-khach-san.jpg\"><img loading=\"lazy\" decoding=\"async\" class=\"aligncenter size-full wp-image-80022\" src=\"https:\/\/chanrathanhthuy.com\/wp-content\/uploads\/2023\/03\/Ga-boc-ga-thang-khach-san.jpg\" alt=\"\" width=\"1500\" height=\"1682\" title=\"\" srcset=\"https:\/\/chanrathanhthuy.com\/wp-content\/uploads\/2023\/03\/Ga-boc-ga-thang-khach-san.jpg 1500w, https:\/\/chanrathanhthuy.com\/wp-content\/uploads\/2023\/03\/Ga-boc-ga-thang-khach-san-268x300.jpg 268w, https:\/\/chanrathanhthuy.com\/wp-content\/uploads\/2023\/03\/Ga-boc-ga-thang-khach-san-913x1024.jpg 913w, https:\/\/chanrathanhthuy.com\/wp-content\/uploads\/2023\/03\/Ga-boc-ga-thang-khach-san-134x150.jpg 134w, https:\/\/chanrathanhthuy.com\/wp-content\/uploads\/2023\/03\/Ga-boc-ga-thang-khach-san-768x861.jpg 768w, https:\/\/chanrathanhthuy.com\/wp-content\/uploads\/2023\/03\/Ga-boc-ga-thang-khach-san-1370x1536.jpg 1370w, https:\/\/chanrathanhthuy.com\/wp-content\/uploads\/2023\/03\/Ga-boc-ga-thang-khach-san-600x673.jpg 600w\" sizes=\"auto, (max-width: 1500px) 100vw, 1500px\" \/><\/a><\/p>\n<h3 style=\"text-align: justify;\" data-sourcepos=\"11:1-11:69\">Chi Ti\u1ebft S\u1ea3n Ph\u1ea9m: Ga Tr\u1ea3i Gi\u01b0\u1eddng Kh\u00e1ch S\u1ea1n Tr\u1eafng S\u1ecdc 3F T300<\/h3>\n<p style=\"text-align: justify;\" data-sourcepos=\"13:1-13:146\">Ch\u0103n Ra Thanh Th\u1ee7y t\u1ef1 h\u00e0o gi\u1edbi thi\u1ec7u s\u1ea3n ph\u1ea9m ga tr\u1ea3i gi\u01b0\u1eddng kh\u00e1ch s\u1ea1n tr\u1eafng s\u1ecdc 3F T300 v\u1edbi ch\u1ea5t li\u1ec7u cao c\u1ea5p v\u00e0 nhi\u1ec1u \u01b0u \u0111i\u1ec3m v\u01b0\u1ee3t tr\u1ed9i:<\/p>\n<ul style=\"text-align: justify;\" data-sourcepos=\"15:1-22:0\">\n<li data-sourcepos=\"15:1-15:181\">Ch\u1ea5t li\u1ec7u: S\u1ee3i v\u1ea3i s\u1ecdc 3F T300 \u0111\u01b0\u1ee3c d\u1ec7t t\u1eeb 60% Cotton v\u00e0 40% Polyester, mang l\u1ea1i s\u1ef1 k\u1ebft h\u1ee3p ho\u00e0n h\u1ea3o gi\u1eefa \u0111\u1ed9 m\u1ec1m m\u1ea1i t\u1ef1 nhi\u00ean c\u1ee7a cotton v\u00e0 \u0111\u1ed9 b\u1ec1n v\u01b0\u1ee3t tr\u1ed9i c\u1ee7a polyester.<\/li>\n<li data-sourcepos=\"16:1-18:87\">\u0110\u1eb7c t\u00ednh v\u1ea3i s\u1ecdc 3F T300:\n<ul data-sourcepos=\"17:5-18:87\">\n<li data-sourcepos=\"17:5-17:116\">M\u1eadt \u0111\u1ed9 s\u1ee3i T300 \u0111\u1ea3m b\u1ea3o \u0111\u1ed9 m\u1ecbn m\u00e0ng v\u00e0 b\u1ec1n ch\u1eafc, kh\u00f4ng g\u00e2y k\u00edch \u1ee9ng da, an to\u00e0n cho m\u1ecdi \u0111\u1ed1i t\u01b0\u1ee3ng s\u1eed d\u1ee5ng.<\/li>\n<li data-sourcepos=\"18:5-18:87\">Kh\u1ea3 n\u0103ng th\u1ea5m h\u00fat m\u1ed3 h\u00f4i t\u1ed1t, mang \u0111\u1ebfn c\u1ea3m gi\u00e1c tho\u00e1ng m\u00e1t v\u00e0 tho\u1ea3i m\u00e1i su\u1ed1t \u0111\u00eam.<\/li>\n<\/ul>\n<\/li>\n<li data-sourcepos=\"19:1-22:0\">\u01afu \u0111i\u1ec3m:\n<ul data-sourcepos=\"20:5-22:0\">\n<li data-sourcepos=\"20:5-20:105\">Ch\u1ed1ng nh\u0103n hi\u1ec7u qu\u1ea3, gi\u1eef cho b\u1ec1 m\u1eb7t ga lu\u00f4n ph\u1eb3ng phiu, t\u1ea1o v\u1ebb sang tr\u1ecdng cho kh\u00f4ng gian ph\u00f2ng.<\/li>\n<li data-sourcepos=\"21:5-22:0\">M\u1eadt \u0111\u1ed9 T300 m\u1ec1m m\u1ecbn \u0111\u1ea1t chu\u1ea9n kh\u00e1ch s\u1ea1n t\u1eeb 3 sao \u0111\u1ebfn 5 sao, kh\u1eb3ng \u0111\u1ecbnh ch\u1ea5t l\u01b0\u1ee3ng cao c\u1ea5p.<\/li>\n<\/ul>\n<\/li>\n<\/ul>\n<p><a href=\"https:\/\/chanrathanhthuy.com\/wp-content\/uploads\/2025\/05\/Chi-tiet-ve-chat-lieu-san-pham-chan-ga-khach-san-scaled.jpg\"><img loading=\"lazy\" decoding=\"async\" class=\"aligncenter size-full wp-image-80349\" src=\"https:\/\/chanrathanhthuy.com\/wp-content\/uploads\/2025\/05\/Chi-tiet-ve-chat-lieu-san-pham-chan-ga-khach-san-scaled.jpg\" alt=\"\" width=\"1081\" height=\"2560\" title=\"\" srcset=\"https:\/\/chanrathanhthuy.com\/wp-content\/uploads\/2025\/05\/Chi-tiet-ve-chat-lieu-san-pham-chan-ga-khach-san-scaled.jpg 1081w, https:\/\/chanrathanhthuy.com\/wp-content\/uploads\/2025\/05\/Chi-tiet-ve-chat-lieu-san-pham-chan-ga-khach-san-127x300.jpg 127w, https:\/\/chanrathanhthuy.com\/wp-content\/uploads\/2025\/05\/Chi-tiet-ve-chat-lieu-san-pham-chan-ga-khach-san-432x1024.jpg 432w, https:\/\/chanrathanhthuy.com\/wp-content\/uploads\/2025\/05\/Chi-tiet-ve-chat-lieu-san-pham-chan-ga-khach-san-63x150.jpg 63w, https:\/\/chanrathanhthuy.com\/wp-content\/uploads\/2025\/05\/Chi-tiet-ve-chat-lieu-san-pham-chan-ga-khach-san-768x1819.jpg 768w, https:\/\/chanrathanhthuy.com\/wp-content\/uploads\/2025\/05\/Chi-tiet-ve-chat-lieu-san-pham-chan-ga-khach-san-648x1536.jpg 648w, https:\/\/chanrathanhthuy.com\/wp-content\/uploads\/2025\/05\/Chi-tiet-ve-chat-lieu-san-pham-chan-ga-khach-san-865x2048.jpg 865w, https:\/\/chanrathanhthuy.com\/wp-content\/uploads\/2025\/05\/Chi-tiet-ve-chat-lieu-san-pham-chan-ga-khach-san-600x1421.jpg 600w\" sizes=\"auto, (max-width: 1081px) 100vw, 1081px\" \/><\/a><\/p>\n<h3 style=\"text-align: justify;\" data-sourcepos=\"23:1-23:54\">Nh\u1eefng T\u00ednh N\u0103ng \u0110\u1eb7c Bi\u1ec7t T\u1eeb Ch\u0103n Ra Thanh Th\u1ee7y<\/h3>\n<p style=\"text-align: justify;\" data-sourcepos=\"25:1-25:104\">Ch\u0103n Ra Thanh Th\u1ee7y cam k\u1ebft mang \u0111\u1ebfn nh\u1eefng s\u1ea3n ph\u1ea9m ch\u1ea5t l\u01b0\u1ee3ng cao nh\u1ea5t v\u1edbi nh\u1eefng t\u00ednh n\u0103ng \u0111\u1eb7c bi\u1ec7t:<\/p>\n<ul>\n<li>V\u1ea3i m\u1ec1m v\u00e0 b\u1ec1n: Chuy\u00ean nghi\u1ec7p cho kh\u0103n tr\u1ea3i gi\u01b0\u1eddng kh\u00e1ch s\u1ea1n m\u00e0u tr\u1eafng, duy tr\u00ec v\u1ebb \u0111\u1eb9p v\u00e0 \u0111\u1ed9 b\u1ec1n theo th\u1eddi gian.<\/li>\n<li>\u0110\u1ea1t chu\u1ea9n 100% c\u1ee7a kh\u00e1ch h\u00e0ng: M\u1eadt \u0111\u1ed9, tr\u1ecdng l\u01b0\u1ee3ng v\u00e0 s\u1ee3i v\u1ea3i lu\u00f4n \u0111\u1ea1t ti\u00eau chu\u1ea9n cao, \u0111\u00e1p \u1ee9ng m\u1ecdi y\u00eau c\u1ea7u kh\u1eaft khe t\u1eeb kh\u00e1ch s\u1ea1n.<\/li>\n<li>V\u1eadt li\u1ec7u th\u00e2n thi\u1ec7n m\u00f4i tr\u01b0\u1eddng: S\u1eed d\u1ee5ng v\u1eadt li\u1ec7u t\u1ea9y v\u00e0 nhu\u1ed9m kh\u00f4ng ch\u1ee9a AZO, \u0111\u1ea3m b\u1ea3o an to\u00e0n cho ng\u01b0\u1eddi d\u00f9ng v\u00e0 m\u00f4i tr\u01b0\u1eddng.<\/li>\n<li>\u0110\u1ed9 co r\u00fat t\u1ed1i thi\u1ec3u: Co r\u00fat trong v\u00f2ng 3% sau 3 l\u1ea7n gi\u1eb7t \u1edf 40 \u0111\u1ed9 v\u00e0 s\u1ea5y kh\u00f4, gi\u1eef nguy\u00ean form d\u00e1ng v\u00e0 k\u00edch th\u01b0\u1edbc s\u1ea3n ph\u1ea9m.<\/li>\n<li>Ki\u1ec3m so\u00e1t ch\u1ea5t l\u01b0\u1ee3ng t\u1eeb g\u1ed1c: Ch\u0103n Ra Thanh Th\u1ee7y c\u00f3 x\u01b0\u1edfng k\u00e9o s\u1ee3i v\u00e0 d\u1ec7t v\u1ea3i ri\u00eang, \u0111\u1ea3m b\u1ea3o ch\u1ea5t l\u01b0\u1ee3ng v\u00e0 th\u1eddi gian giao h\u00e0ng ngay t\u1eeb kh\u00e2u nguy\u00ean li\u1ec7u th\u00f4.<\/li>\n<\/ul>\n<p style=\"text-align: justify;\" data-sourcepos=\"33:1-33:167\">Ch\u1ecdn Ga Tr\u1ea3i Gi\u01b0\u1eddng Kh\u00e1ch S\u1ea1n Tr\u1eafng S\u1ecdc 3F T300 c\u1ee7a Ch\u0103n Ra Thanh Th\u1ee7y \u0111\u1ec3 n\u00e2ng t\u1ea7m ch\u1ea5t l\u01b0\u1ee3ng d\u1ecbch v\u1ee5 v\u00e0 mang l\u1ea1i s\u1ef1 h\u00e0i l\u00f2ng tuy\u1ec7t \u0111\u1ed1i cho kh\u00e1ch h\u00e0ng c\u1ee7a b\u1ea1n.<\/p>\n","protected":false},"excerpt":{"rendered":"<p><span style=\"color: #ff0000;\"><strong>GI\u00c1 \u01afU \u0110\u00c3I T\u1edaI 50% KHI \u0110\u1eb6T MAY THEO Y\u00caU C\u1ea6U<\/strong><\/span><\/p>\n","protected":false},"featured_media":79923,"comment_status":"open","ping_status":"closed","template":"","meta":{"_acf_changed":false,"inline_featured_image":false},"product_cat":[2073,2648],"product_tag":[],"class_list":{"0":"post-83870","1":"product","2":"type-product","3":"status-publish","4":"has-post-thumbnail","6":"product_cat-khach-san-homestay-nha-nghi","7":"product_cat-trang-soc","9":"first","10":"instock","11":"purchasable","12":"product-type-variable","13":"rtwpvg-product"},"acf":[],"_links":{"self":[{"href":"https:\/\/chanrathanhthuy.com\/en\/wp-json\/wp\/v2\/product\/83870","targetHints":{"allow":["GET"]}}],"collection":[{"href":"https:\/\/chanrathanhthuy.com\/en\/wp-json\/wp\/v2\/product"}],"about":[{"href":"https:\/\/chanrathanhthuy.com\/en\/wp-json\/wp\/v2\/types\/product"}],"replies":[{"embeddable":true,"href":"https:\/\/chanrathanhthuy.com\/en\/wp-json\/wp\/v2\/comments?post=83870"}],"wp:featuredmedia":[{"embeddable":true,"href":"https:\/\/chanrathanhthuy.com\/en\/wp-json\/wp\/v2\/media\/79923"}],"wp:attachment":[{"href":"https:\/\/chanrathanhthuy.com\/en\/wp-json\/wp\/v2\/media?parent=83870"}],"wp:term":[{"taxonomy":"product_cat","embeddable":true,"href":"https:\/\/chanrathanhthuy.com\/en\/wp-json\/wp\/v2\/product_cat?post=83870"},{"taxonomy":"product_tag","embeddable":true,"href":"https:\/\/chanrathanhthuy.com\/en\/wp-json\/wp\/v2\/product_tag?post=83870"}],"curies":[{"name":"wp","href":"https:\/\/api.w.org\/{rel}","templated":true}]}}