{"id":84007,"date":"2025-07-09T06:26:32","date_gmt":"2025-07-09T06:26:32","guid":{"rendered":"https:\/\/chanrathanhthuy.com\/?post_type=product&#038;p=84007"},"modified":"2026-03-26T16:14:24","modified_gmt":"2026-03-26T16:14:24","slug":"goi-tua-lung-sofa-goi-trang-tri-tafta-goi-vuong-45x45-thanhthuy","status":"publish","type":"product","link":"https:\/\/chanrathanhthuy.com\/en\/product\/goi-tua-lung-sofa-goi-trang-tri-tafta-goi-vuong-45x45-thanhthuy\/","title":{"rendered":"G\u1ed1i t\u1ef1a l\u01b0ng sofa, g\u1ed1i trang tr\u00ed Tafta, g\u1ed1i vu\u00f4ng 45&#215;45 &#8211; THANHTHUY"},"content":{"rendered":"<h5>G\u1ed0I TRANG TR\u00cd<\/h5>\n<ul>\n<li>K\u00edch th\u01b0\u1edbc: 45&#215;45<\/li>\n<li>T\u00ednh n\u0103ng: Tho\u00e1ng m\u00e1t, m\u1ec1m m\u1ecbn, th\u1ea5m h\u00fat m\u1ed3 h\u00f4i, si\u00eau \u1ea5m, si\u1ec1u m\u1ec1m m\u1ecbn<\/li>\n<li>S\u1ea3n xu\u1ea5t t\u1ea1i: Vi\u1ec7t Nam<\/li>\n<li>T\u1ef1 h\u00e0o \u201cH\u00e0ng Vi\u1ec7t Nam ch\u1ea5t l\u01b0\u1ee3ng cao\u201d<\/li>\n<\/ul>\n","protected":false},"excerpt":{"rendered":"<p>G\u1ed0I TRANG TR\u00cd K\u00edch th\u01b0\u1edbc: 45&#215;45 T\u00ednh n\u0103ng: Tho\u00e1ng m\u00e1t, m\u1ec1m m\u1ecbn, th\u1ea5m h\u00fat m\u1ed3 h\u00f4i, si\u00eau \u1ea5m, si\u1ec1u m\u1ec1m m\u1ecbn S\u1ea3n xu\u1ea5t t\u1ea1i: Vi\u1ec7t Nam T\u1ef1 h\u00e0o \u201cH\u00e0ng Vi\u1ec7t Nam ch\u1ea5t l\u01b0\u1ee3ng cao\u201d<\/p>\n","protected":false},"featured_media":89203,"comment_status":"open","ping_status":"closed","template":"","meta":{"_acf_changed":false,"inline_featured_image":false},"product_cat":[1933],"product_tag":[],"class_list":{"0":"post-84007","1":"product","2":"type-product","3":"status-publish","4":"has-post-thumbnail","6":"product_cat-ruot-goi-phu-kien-khac","7":"pa_mau-sac-2980","8":"pa_mau-sac-2981","9":"pa_mau-sac-2982","10":"pa_mau-sac-2983","11":"pa_mau-sac-2984","12":"pa_mau-sac-2985","13":"pa_mau-sac-2986","14":"pa_mau-sac-2987","15":"pa_mau-sac-2988","16":"pa_mau-sac-2989","17":"pa_mau-sac-2990","18":"pa_mau-sac-2991","19":"pa_mau-sac-2992","20":"pa_mau-sac-2993","21":"pa_mau-sac-2994","22":"pa_mau-sac-2995","23":"pa_mau-sac-2996","24":"pa_mau-sac-2997","25":"pa_mau-sac-2998","26":"pa_mau-sac-2999","27":"pa_mau-sac-3000","28":"pa_mau-sac-3001","30":"first","31":"instock","32":"taxable","33":"shipping-taxable","34":"purchasable","35":"product-type-variable","36":"rtwpvg-product"},"acf":[],"_links":{"self":[{"href":"https:\/\/chanrathanhthuy.com\/en\/wp-json\/wp\/v2\/product\/84007","targetHints":{"allow":["GET"]}}],"collection":[{"href":"https:\/\/chanrathanhthuy.com\/en\/wp-json\/wp\/v2\/product"}],"about":[{"href":"https:\/\/chanrathanhthuy.com\/en\/wp-json\/wp\/v2\/types\/product"}],"replies":[{"embeddable":true,"href":"https:\/\/chanrathanhthuy.com\/en\/wp-json\/wp\/v2\/comments?post=84007"}],"wp:featuredmedia":[{"embeddable":true,"href":"https:\/\/chanrathanhthuy.com\/en\/wp-json\/wp\/v2\/media\/89203"}],"wp:attachment":[{"href":"https:\/\/chanrathanhthuy.com\/en\/wp-json\/wp\/v2\/media?parent=84007"}],"wp:term":[{"taxonomy":"product_cat","embeddable":true,"href":"https:\/\/chanrathanhthuy.com\/en\/wp-json\/wp\/v2\/product_cat?post=84007"},{"taxonomy":"product_tag","embeddable":true,"href":"https:\/\/chanrathanhthuy.com\/en\/wp-json\/wp\/v2\/product_tag?post=84007"}],"curies":[{"name":"wp","href":"https:\/\/api.w.org\/{rel}","templated":true}]}}