{"id":68994,"date":"2023-03-07T03:01:58","date_gmt":"2023-03-07T03:01:58","guid":{"rendered":"https:\/\/chanrathanhthuy.com\/product\/goi-trang-tri-may-theo-yeu-cau"},"modified":"2026-04-13T06:11:57","modified_gmt":"2026-04-13T06:11:57","slug":"goi-trang-tri-may-theo-yeu-cau","status":"publish","type":"product","link":"https:\/\/chanrathanhthuy.com\/ja\/product\/goi-trang-tri-may-theo-yeu-cau\/","title":{"rendered":"3. G\u1ed1i Trang Tr\u00ed Kh\u00e1ch S\u1ea1n"},"content":{"rendered":"<h2 style=\"text-align: justify;\" data-sourcepos=\"2:1-2:84\">G\u1ed1i Trang Tr\u00ed Kh\u00e1ch S\u1ea1n Cao C\u1ea5p \u2013 N\u00e2ng T\u1ea7m Kh\u00f4ng Gian C\u00f9ng Ch\u0103n Ra Thanh Th\u1ee7y<\/h2>\n<p style=\"text-align: justify;\" data-sourcepos=\"4:1-4:388\">Ch\u0103n Ra Thanh Th\u1ee7y l\u00e0 \u0111\u01a1n v\u1ecb chuy\u00ean s\u1ea3n xu\u1ea5t v\u00e0 cung c\u1ea5p g\u1ed1i trang tr\u00ed kh\u00e1ch s\u1ea1n ch\u1ea5t l\u01b0\u1ee3ng cao, mang \u0111\u1ebfn v\u1ebb \u0111\u1eb9p sang tr\u1ecdng v\u00e0 tinh t\u1ebf cho n\u1ed9i th\u1ea5t ph\u00f2ng ng\u1ee7. V\u1edbi kinh nghi\u1ec7m l\u00e2u n\u0103m trong ng\u00e0nh, ch\u00fang t\u00f4i t\u1ef1 h\u00e0o cung c\u1ea5p nh\u1eefng b\u1ed9 g\u1ed1i trang tr\u00ed ph\u00f2ng ng\u1ee7 kh\u00e1ch s\u1ea1n 5 sao v\u1edbi gam m\u00e0u s\u00e1ng, nh\u1eb9 nh\u00e0ng, kh\u00f4ng ch\u1ec9 \u0111\u1eb9p m\u1eaft m\u00e0 c\u00f2n \u0111\u1ea3m b\u1ea3o ch\u1ea5t l\u01b0\u1ee3ng cao c\u1ea5p theo ti\u00eau chu\u1ea9n qu\u1ed1c t\u1ebf.<\/p>\n<p data-sourcepos=\"4:1-4:388\"><a href=\"https:\/\/chanrathanhthuy.com\/wp-content\/uploads\/2023\/03\/Chan-ga-goi-dem-khach-san-homestay-resort-nha-nghi.jpg\"><img loading=\"lazy\" decoding=\"async\" class=\"aligncenter size-full wp-image-80019\" src=\"https:\/\/chanrathanhthuy.com\/wp-content\/uploads\/2023\/03\/Chan-ga-goi-dem-khach-san-homestay-resort-nha-nghi.jpg\" alt=\"\" width=\"1500\" height=\"1089\" title=\"\" srcset=\"https:\/\/chanrathanhthuy.com\/wp-content\/uploads\/2023\/03\/Chan-ga-goi-dem-khach-san-homestay-resort-nha-nghi.jpg 1500w, https:\/\/chanrathanhthuy.com\/wp-content\/uploads\/2023\/03\/Chan-ga-goi-dem-khach-san-homestay-resort-nha-nghi-300x218.jpg 300w, https:\/\/chanrathanhthuy.com\/wp-content\/uploads\/2023\/03\/Chan-ga-goi-dem-khach-san-homestay-resort-nha-nghi-1024x743.jpg 1024w, https:\/\/chanrathanhthuy.com\/wp-content\/uploads\/2023\/03\/Chan-ga-goi-dem-khach-san-homestay-resort-nha-nghi-150x109.jpg 150w, https:\/\/chanrathanhthuy.com\/wp-content\/uploads\/2023\/03\/Chan-ga-goi-dem-khach-san-homestay-resort-nha-nghi-768x558.jpg 768w, https:\/\/chanrathanhthuy.com\/wp-content\/uploads\/2023\/03\/Chan-ga-goi-dem-khach-san-homestay-resort-nha-nghi-600x436.jpg 600w\" sizes=\"auto, (max-width: 1500px) 100vw, 1500px\" \/><\/a><\/p>\n<p style=\"text-align: justify;\" data-sourcepos=\"6:1-6:177\">S\u1ea3n ph\u1ea9m g\u1ed1i trang tr\u00ed c\u1ee7a Ch\u0103n Ra Thanh Th\u1ee7y \u0111\u01b0\u1ee3c l\u00e0m t\u1eeb nguy\u00ean li\u1ec7u \u01afu Vi\u1ec7t \u0111\u00e3 qua ki\u1ec3m \u0111\u1ecbnh, \u0111\u1ea3m b\u1ea3o s\u1ef1 tho\u1ea3i m\u00e1i t\u1ed1i \u0111a, gi\u00fap du kh\u00e1ch d\u1ec5 d\u00e0ng ch\u00ecm v\u00e0o gi\u1ea5c ng\u1ee7 s\u00e2u.<\/p>\n<h3 style=\"text-align: justify;\" data-sourcepos=\"8:1-8:60\">Th\u00f4ng S\u1ed1 K\u1ef9 Thu\u1eadt G\u1ed1i Trang Tr\u00ed Kh\u00e1ch S\u1ea1n Thanh Th\u1ee7y<\/h3>\n<p style=\"text-align: justify;\" data-sourcepos=\"10:1-10:363\">Hi\u1ec7n t\u1ea1i, Ch\u0103n Ra Thanh Th\u1ee7y cung c\u1ea5p g\u1ed1i trang tr\u00ed kh\u00e1ch s\u1ea1n v\u1edbi ch\u1ea5t li\u1ec7u v\u1ea3i g\u1ea5m cao c\u1ea5p (kh\u00f4ng th\u00eau), c\u00f3 hai k\u00edch th\u01b0\u1edbc ph\u1ed5 bi\u1ebfn l\u00e0 <strong>40cm x 40cm v\u00e0 45cm x 45cm<\/strong>. Ngo\u00e0i ra, ch\u00fang t\u00f4i c\u0169ng h\u1ed7 tr\u1ee3 may g\u1ed1i vu\u00f4ng trong kh\u00e1ch s\u1ea1n theo k\u00edch th\u01b0\u1edbc y\u00eau c\u1ea7u ri\u00eang c\u1ee7a kh\u00e1ch h\u00e0ng ho\u1eb7c theo k\u00edch c\u1ee1 n\u1ec7m \u0111\u1ec3 \u0111\u1ea3m b\u1ea3o s\u1ef1 ph\u00f9 h\u1ee3p tuy\u1ec7t \u0111\u1ed1i cho d\u1ef1 \u00e1n c\u1ee7a b\u1ea1n.<\/p>\n<p data-sourcepos=\"10:1-10:363\"><a href=\"https:\/\/chanrathanhthuy.com\/wp-content\/uploads\/2023\/03\/Goi-trang-tri-khach-san-Tam-trang-tri-khach-san-Vay-giuong-khach-san.jpg\"><img loading=\"lazy\" decoding=\"async\" class=\"aligncenter size-full wp-image-80485\" src=\"https:\/\/chanrathanhthuy.com\/wp-content\/uploads\/2023\/03\/Goi-trang-tri-khach-san-Tam-trang-tri-khach-san-Vay-giuong-khach-san.jpg\" alt=\"\" width=\"1500\" height=\"1696\" title=\"\" srcset=\"https:\/\/chanrathanhthuy.com\/wp-content\/uploads\/2023\/03\/Goi-trang-tri-khach-san-Tam-trang-tri-khach-san-Vay-giuong-khach-san.jpg 1500w, https:\/\/chanrathanhthuy.com\/wp-content\/uploads\/2023\/03\/Goi-trang-tri-khach-san-Tam-trang-tri-khach-san-Vay-giuong-khach-san-265x300.jpg 265w, https:\/\/chanrathanhthuy.com\/wp-content\/uploads\/2023\/03\/Goi-trang-tri-khach-san-Tam-trang-tri-khach-san-Vay-giuong-khach-san-906x1024.jpg 906w, https:\/\/chanrathanhthuy.com\/wp-content\/uploads\/2023\/03\/Goi-trang-tri-khach-san-Tam-trang-tri-khach-san-Vay-giuong-khach-san-133x150.jpg 133w, https:\/\/chanrathanhthuy.com\/wp-content\/uploads\/2023\/03\/Goi-trang-tri-khach-san-Tam-trang-tri-khach-san-Vay-giuong-khach-san-768x868.jpg 768w, https:\/\/chanrathanhthuy.com\/wp-content\/uploads\/2023\/03\/Goi-trang-tri-khach-san-Tam-trang-tri-khach-san-Vay-giuong-khach-san-1358x1536.jpg 1358w, https:\/\/chanrathanhthuy.com\/wp-content\/uploads\/2023\/03\/Goi-trang-tri-khach-san-Tam-trang-tri-khach-san-Vay-giuong-khach-san-600x678.jpg 600w\" sizes=\"auto, (max-width: 1500px) 100vw, 1500px\" \/><\/a><\/p>\n<p style=\"text-align: justify;\" data-sourcepos=\"14:1-14:310\">V\u00ec \u0111\u00e2y l\u00e0 s\u1ea3n ph\u1ea9m ch\u1ee7 y\u1ebfu ph\u1ee5c v\u1ee5 c\u00e1c d\u1ef1 \u00e1n l\u1edbn, gi\u00e1 th\u00e0nh s\u1ea3n ph\u1ea9m s\u1ebd \u0111\u01b0\u1ee3c t\u01b0 v\u1ea5n tr\u1ef1c ti\u1ebfp. N\u1ebfu Qu\u00fd kh\u00e1ch quan t\u00e2m \u0111\u1ebfn g\u1ed1i trang tr\u00ed kh\u00e1ch s\u1ea1n c\u1ee7a Thanh Th\u1ee7y v\u00e0 c\u1ea7n t\u01b0 v\u1ea5n chi ti\u1ebft h\u01a1n ho\u1eb7c b\u00e1o gi\u00e1, xin vui l\u00f2ng li\u00ean h\u1ec7 tr\u1ef1c ti\u1ebfp v\u1edbi Ch\u0103n Ra Thanh Th\u1ee7y. Ch\u00fang t\u00f4i lu\u00f4n s\u1eb5n l\u00f2ng h\u1ed7 tr\u1ee3 Qu\u00fd kh\u00e1ch.<\/p>\n<p data-sourcepos=\"14:1-14:310\"><a href=\"https:\/\/chanrathanhthuy.com\/wp-content\/uploads\/2023\/03\/Pic-4-2.jpg\"><img loading=\"lazy\" decoding=\"async\" class=\"aligncenter size-full wp-image-80494\" src=\"https:\/\/chanrathanhthuy.com\/wp-content\/uploads\/2023\/03\/Pic-4-2.jpg\" alt=\"\" width=\"2500\" height=\"2500\" title=\"\" srcset=\"https:\/\/chanrathanhthuy.com\/wp-content\/uploads\/2023\/03\/Pic-4-2.jpg 2500w, https:\/\/chanrathanhthuy.com\/wp-content\/uploads\/2023\/03\/Pic-4-2-300x300.jpg 300w, https:\/\/chanrathanhthuy.com\/wp-content\/uploads\/2023\/03\/Pic-4-2-1024x1024.jpg 1024w, https:\/\/chanrathanhthuy.com\/wp-content\/uploads\/2023\/03\/Pic-4-2-150x150.jpg 150w, https:\/\/chanrathanhthuy.com\/wp-content\/uploads\/2023\/03\/Pic-4-2-768x768.jpg 768w, https:\/\/chanrathanhthuy.com\/wp-content\/uploads\/2023\/03\/Pic-4-2-1536x1536.jpg 1536w, https:\/\/chanrathanhthuy.com\/wp-content\/uploads\/2023\/03\/Pic-4-2-2048x2048.jpg 2048w, https:\/\/chanrathanhthuy.com\/wp-content\/uploads\/2023\/03\/Pic-4-2-600x600.jpg 600w, https:\/\/chanrathanhthuy.com\/wp-content\/uploads\/2023\/03\/Pic-4-2-100x100.jpg 100w, https:\/\/chanrathanhthuy.com\/wp-content\/uploads\/2023\/03\/Pic-4-2-50x50.jpg 50w\" sizes=\"auto, (max-width: 2500px) 100vw, 2500px\" \/><\/a><\/p>\n<h3 style=\"text-align: justify;\" data-sourcepos=\"18:1-18:78\">H\u01b0\u1edbng D\u1eabn S\u1eed D\u1ee5ng V\u00e0 B\u1ea3o Qu\u1ea3n S\u1ea3n Ph\u1ea9m Ch\u0103n Ga Kh\u00e1ch S\u1ea1n T\u1eeb Thanh Th\u1ee7y<\/h3>\n<p style=\"text-align: justify;\" data-sourcepos=\"20:1-20:222\">\u0110\u1ec3 duy tr\u00ec \u0111\u1ed9 b\u1ec1n v\u00e0 v\u1ebb \u0111\u1eb9p c\u1ee7a g\u1ed1i trang tr\u00ed kh\u00e1ch s\u1ea1n c\u0169ng nh\u01b0 c\u00e1c s\u1ea3n ph\u1ea9m ch\u0103n ga kh\u00e1ch s\u1ea1n kh\u00e1c c\u1ee7a Thanh Th\u1ee7y, ph\u1ea7n l\u1edbn l\u00e0m t\u1eeb ch\u1ea5t li\u1ec7u Cotton m\u1ec1m m\u1ea1i ho\u1eb7c CVC, Qu\u00fd kh\u00e1ch n\u00ean tham kh\u1ea3o c\u00e1c h\u01b0\u1edbng d\u1eabn sau:<\/p>\n<ul style=\"text-align: justify;\" data-sourcepos=\"22:1-28:0\">\n<li data-sourcepos=\"22:1-22:73\">N\u00ean gi\u1eb7t v\u1edbi n\u01b0\u1edbc \u1ea5m v\u00e0 tuy\u1ec7t \u0111\u1ed1i kh\u00f4ng s\u1eed d\u1ee5ng c\u00e1c ch\u1ea5t gi\u1eb7t t\u1ea9y m\u1ea1nh.<\/li>\n<li data-sourcepos=\"23:1-23:128\">Gi\u1eb7t v\u1ecf g\u1ed1i, v\u1ecf ch\u0103n v\u00e0 ga gi\u01b0\u1eddng \u0111\u1ecbnh k\u1ef3 \u0111\u1ec1u \u0111\u1eb7n \u0111\u1ec3 lo\u1ea1i b\u1ecf vi khu\u1ea9n, b\u1ee5i b\u1ea9n, \u0111\u1ea3m b\u1ea3o v\u1ec7 sinh v\u00e0 s\u1ee9c kh\u1ecfe cho ng\u01b0\u1eddi s\u1eed d\u1ee5ng.<\/li>\n<li data-sourcepos=\"24:1-24:127\">Kh\u00f4ng \u0111\u1ec3 s\u1ea3n ph\u1ea9m g\u1ea7n n\u01a1i c\u00f3 nhi\u1ec7t \u0111\u1ed9 cao ho\u1eb7c \u0111\u1ec3 x\u0103ng d\u1ea7u, h\u00f3a ch\u1ea5t \u0111\u1ed5 l\u00ean ch\u0103n, ga, g\u1ed1i v\u00ec c\u00f3 th\u1ec3 \u1ea3nh h\u01b0\u1edfng \u0111\u1ebfn ch\u1ea5t l\u01b0\u1ee3ng.<\/li>\n<li data-sourcepos=\"25:1-25:60\">N\u00ean b\u1ecdc b\u1ea3o v\u1ec7 n\u1ec7m v\u00e0 \u00e1o g\u1ed1i trong su\u1ed1t qu\u00e1 tr\u00ecnh s\u1eed d\u1ee5ng.<\/li>\n<li data-sourcepos=\"26:1-26:138\">\u0110\u1ed1i v\u1edbi ch\u0103n: Gi\u1eb7t v\u1ecf ch\u0103n \u00edt nh\u1ea5t 2 l\u1ea7n\/tu\u1ea7n v\u00e0 ph\u01a1i kh\u00f4 d\u01b0\u1edbi b\u00f3ng r\u00e2m \u0111\u1ec3 \u0111\u1ea3m b\u1ea3o \u0111\u1ed9 b\u1ec1n. Ru\u1ed9t m\u1ec1n n\u00ean \u0111\u01b0\u1ee3c gi\u1eb7t \u00edt nh\u1ea5t 2 l\u1ea7n\/n\u0103m.<\/li>\n<li data-sourcepos=\"27:1-28:0\">\u0110\u1ed1i v\u1edbi ga g\u1ed1i: C\u1ea7n l\u00e0m s\u1ea1ch th\u01b0\u1eddng xuy\u00ean h\u01a1n \u0111\u1ec3 duy tr\u00ec s\u1ef1 t\u01b0\u01a1i m\u1edbi v\u00e0 v\u1ec7 sinh.<\/li>\n<\/ul>\n<p style=\"text-align: justify;\" data-sourcepos=\"29:1-29:190\">Vi\u1ec7c tu\u00e2n th\u1ee7 c\u00e1c h\u01b0\u1edbng d\u1eabn n\u00e0y s\u1ebd gi\u00fap s\u1ea3n ph\u1ea9m g\u1ed1i trang tr\u00ed kh\u00e1ch s\u1ea1n v\u00e0 c\u00e1c \u0111\u1ed3 v\u1ea3i kh\u00e1c c\u1ee7a Ch\u0103n Ra Thanh Th\u1ee7y lu\u00f4n b\u1ec1n \u0111\u1eb9p, mang l\u1ea1i tr\u1ea3i nghi\u1ec7m t\u1ed1t nh\u1ea5t cho kh\u00e1ch h\u00e0ng c\u1ee7a b\u1ea1n.<\/p>\n","protected":false},"excerpt":{"rendered":"<p><span style=\"color: #ff0000;\"><strong>GI\u00c1 \u01afU \u0110\u00c3I T\u1edaI 50% KHI \u0110\u1eb6T MAY THEO Y\u00caU C\u1ea6U<\/strong><\/span><\/p>\n","protected":false},"featured_media":82038,"comment_status":"open","ping_status":"closed","template":"","meta":{"_acf_changed":false,"inline_featured_image":false},"product_cat":[2073,2649],"product_tag":[],"class_list":{"0":"post-68994","1":"product","2":"type-product","3":"status-publish","4":"has-post-thumbnail","6":"product_cat-khach-san-homestay-nha-nghi","7":"product_cat-phu-kien","9":"first","10":"instock","11":"purchasable","12":"product-type-variable","13":"rtwpvg-product"},"acf":[],"_links":{"self":[{"href":"https:\/\/chanrathanhthuy.com\/ja\/wp-json\/wp\/v2\/product\/68994","targetHints":{"allow":["GET"]}}],"collection":[{"href":"https:\/\/chanrathanhthuy.com\/ja\/wp-json\/wp\/v2\/product"}],"about":[{"href":"https:\/\/chanrathanhthuy.com\/ja\/wp-json\/wp\/v2\/types\/product"}],"replies":[{"embeddable":true,"href":"https:\/\/chanrathanhthuy.com\/ja\/wp-json\/wp\/v2\/comments?post=68994"}],"wp:featuredmedia":[{"embeddable":true,"href":"https:\/\/chanrathanhthuy.com\/ja\/wp-json\/wp\/v2\/media\/82038"}],"wp:attachment":[{"href":"https:\/\/chanrathanhthuy.com\/ja\/wp-json\/wp\/v2\/media?parent=68994"}],"wp:term":[{"taxonomy":"product_cat","embeddable":true,"href":"https:\/\/chanrathanhthuy.com\/ja\/wp-json\/wp\/v2\/product_cat?post=68994"},{"taxonomy":"product_tag","embeddable":true,"href":"https:\/\/chanrathanhthuy.com\/ja\/wp-json\/wp\/v2\/product_tag?post=68994"}],"curies":[{"name":"wp","href":"https:\/\/api.w.org\/{rel}","templated":true}]}}