{"id":69025,"date":"2023-03-08T01:40:30","date_gmt":"2023-03-08T01:40:30","guid":{"rendered":"https:\/\/chanrathanhthuy.com\/product\/tam-tien-nghi-may-theo-nhu-cau"},"modified":"2026-04-13T06:16:05","modified_gmt":"2026-04-13T06:16:05","slug":"tam-tien-nghi-may-theo-nhu-cau","status":"publish","type":"product","link":"https:\/\/chanrathanhthuy.com\/ja\/product\/tam-tien-nghi-may-theo-nhu-cau\/","title":{"rendered":"3. T\u1ea5m Ti\u1ec7n Nghi (TOPPER) Kh\u00e1ch S\u1ea1n"},"content":{"rendered":"<h2 style=\"text-align: justify;\" data-sourcepos=\"2:1-2:90\">T\u1ea5m Ti\u1ec7n Nghi (Topper) Kh\u00e1ch S\u1ea1n \u2013 B\u00ed Quy\u1ebft N\u00e2ng T\u1ea7m Gi\u1ea5c Ng\u1ee7 T\u1eeb Ch\u0103n Ra Thanh Th\u1ee7y<\/h2>\n<p style=\"text-align: justify;\" data-sourcepos=\"4:1-4:414\">B\u1ea1n \u0111\u00e3 bao gi\u1edd t\u1ef1 h\u1ecfi \u0111i\u1ec1u g\u00ec l\u00e0m n\u00ean s\u1ef1 \u00eam \u00e1i v\u00e0 tho\u1ea3i m\u00e1i tuy\u1ec7t v\u1eddi c\u1ee7a chi\u1ebfc gi\u01b0\u1eddng trong c\u00e1c kh\u00e1ch s\u1ea1n cao c\u1ea5p ch\u01b0a? B\u00ed m\u1eadt n\u1eb1m \u1edf t\u1ea5m ti\u1ec7n nghi (topper) \u2013 m\u1ed9t s\u1ea3n ph\u1ea9m chuy\u00ean d\u1ee5ng \u0111\u01b0\u1ee3c tr\u1ea3i l\u00ean b\u1ec1 m\u1eb7t n\u1ec7m, gi\u00fap t\u0103ng c\u01b0\u1eddng \u0111\u00e1ng k\u1ec3 tr\u1ea3i nghi\u1ec7m gi\u1ea5c ng\u1ee7. Ch\u0103n Ra Thanh Th\u1ee7y mang \u0111\u1ebfn nh\u1eefng t\u1ea5m ti\u1ec7n nghi ch\u1ea5t l\u01b0\u1ee3ng cao, gi\u00fap b\u1ea1n bi\u1ebfn kh\u00f4ng gian ngh\u1ec9 ng\u01a1i t\u1ea1i nh\u00e0 th\u00e0nh m\u1ed9t thi\u00ean \u0111\u01b0\u1eddng th\u01b0 gi\u00e3n chu\u1ea9n 5 sao.<\/p>\n<p><a href=\"https:\/\/chanrathanhthuy.com\/wp-content\/uploads\/2025\/04\/Tam-bao-ve-nem-khach-san-Tam-tien-nghi-topper-khach-san-scaled.jpg\"><img loading=\"lazy\" decoding=\"async\" class=\"aligncenter size-full wp-image-82944\" src=\"https:\/\/chanrathanhthuy.com\/wp-content\/uploads\/2025\/04\/Tam-bao-ve-nem-khach-san-Tam-tien-nghi-topper-khach-san-scaled.jpg\" alt=\"\" width=\"1075\" height=\"2560\" title=\"\" srcset=\"https:\/\/chanrathanhthuy.com\/wp-content\/uploads\/2025\/04\/Tam-bao-ve-nem-khach-san-Tam-tien-nghi-topper-khach-san-scaled.jpg 1075w, https:\/\/chanrathanhthuy.com\/wp-content\/uploads\/2025\/04\/Tam-bao-ve-nem-khach-san-Tam-tien-nghi-topper-khach-san-126x300.jpg 126w, https:\/\/chanrathanhthuy.com\/wp-content\/uploads\/2025\/04\/Tam-bao-ve-nem-khach-san-Tam-tien-nghi-topper-khach-san-430x1024.jpg 430w, https:\/\/chanrathanhthuy.com\/wp-content\/uploads\/2025\/04\/Tam-bao-ve-nem-khach-san-Tam-tien-nghi-topper-khach-san-63x150.jpg 63w, https:\/\/chanrathanhthuy.com\/wp-content\/uploads\/2025\/04\/Tam-bao-ve-nem-khach-san-Tam-tien-nghi-topper-khach-san-768x1829.jpg 768w, https:\/\/chanrathanhthuy.com\/wp-content\/uploads\/2025\/04\/Tam-bao-ve-nem-khach-san-Tam-tien-nghi-topper-khach-san-645x1536.jpg 645w, https:\/\/chanrathanhthuy.com\/wp-content\/uploads\/2025\/04\/Tam-bao-ve-nem-khach-san-Tam-tien-nghi-topper-khach-san-860x2048.jpg 860w, https:\/\/chanrathanhthuy.com\/wp-content\/uploads\/2025\/04\/Tam-bao-ve-nem-khach-san-Tam-tien-nghi-topper-khach-san-600x1429.jpg 600w\" sizes=\"auto, (max-width: 1075px) 100vw, 1075px\" \/><\/a><\/p>\n<h3 style=\"text-align: justify;\" data-sourcepos=\"6:1-6:59\">T\u1ea5m Ti\u1ec7n Nghi (Topper) L\u00e0 G\u00ec V\u00e0 T\u1ea1i Sao B\u1ea1n N\u00ean C\u00f3?<\/h3>\n<p style=\"text-align: justify;\" data-sourcepos=\"8:1-8:274\">T\u1ea5m ti\u1ec7n nghi (topper) l\u00e0 l\u1edbp \u0111\u1ec7m m\u1ecfng \u0111\u01b0\u1ee3c \u0111\u1eb7t tr\u00ean b\u1ec1 m\u1eb7t n\u1ec7m ch\u00ednh, mang l\u1ea1i c\u1ea3m gi\u00e1c \u00eam \u00e1i, tho\u00e1ng m\u00e1t v\u00e0 d\u1ec5 ch\u1ecbu h\u01a1n khi ng\u1ee7. H\u1ea7u h\u1ebft c\u00e1c kh\u00e1ch s\u1ea1n cao c\u1ea5p \u0111\u1ec1u s\u1eed d\u1ee5ng t\u1ea5m ti\u1ec7n nghi \u0111\u1ec3 gia t\u0103ng \u0111\u1ed9 m\u1ec1m m\u1ea1i, t\u1ea1o n\u00ean tr\u1ea3i nghi\u1ec7m ngh\u1ec9 d\u01b0\u1ee1ng ho\u00e0n h\u1ea3o cho kh\u00e1ch h\u00e0ng.<\/p>\n<p style=\"text-align: justify;\" data-sourcepos=\"10:1-10:88\">C\u00f3 4 l\u00fd do ch\u00ednh khi\u1ebfn n\u1ec7m c\u1ee7a b\u1ea1n c\u1ea7n m\u1ed9t t\u1ea5m ti\u1ec7n nghi c\u1ee7a Ch\u0103n Ra Thanh Th\u1ee7y:<\/p>\n<ul>\n<li>T\u0103ng \u0111\u1ed9 \u00eam \u00e1i cho n\u1ec7m: T\u1ea5m ti\u1ec7n nghi b\u1ed5 sung m\u1ed9t l\u1edbp \u0111\u1ec7m m\u1ec1m m\u1ea1i, mang l\u1ea1i c\u1ea3m gi\u00e1c tuy\u1ec7t v\u1eddi khi n\u1eb1m, gi\u00fap b\u1ea1n d\u1ec5 d\u00e0ng \u0111i v\u00e0o gi\u1ea5c ng\u1ee7 s\u00e2u h\u01a1n.<\/li>\n<li>H\u1ed7 tr\u1ee3 ch\u1ed1ng \u0111au l\u01b0ng v\u00e0 c\u00e1c b\u1ec7nh v\u1ec1 x\u01b0\u01a1ng kh\u1edbp: L\u1edbp \u0111\u1ec7m \u00eam \u00e1i n\u00e0y gi\u00fap ph\u00e2n t\u00e1n \u00e1p l\u1ef1c \u0111\u1ed3ng \u0111\u1ec1u, h\u1ed7 tr\u1ee3 n\u00e2ng \u0111\u1ee1 c\u1ed9t s\u1ed1ng, gi\u1ea3m thi\u1ec3u t\u00ecnh tr\u1ea1ng \u0111au l\u01b0ng v\u00e0 kh\u00f3 ch\u1ecbu.<\/li>\n<li>B\u1ea3o v\u1ec7 v\u00e0 ph\u1ee5c h\u1ed3i t\u00ednh n\u0103ng c\u1ee7a n\u1ec7m: T\u1ea5m ti\u1ec7n nghi ho\u1ea1t \u0111\u1ed9ng nh\u01b0 m\u1ed9t l\u1edbp b\u1ea3o v\u1ec7, gi\u00fap k\u00e9o d\u00e0i tu\u1ed5i th\u1ecd c\u1ee7a n\u1ec7m ch\u00ednh, \u0111\u1ed3ng th\u1eddi c\u00f3 th\u1ec3 ph\u1ee5c h\u1ed3i c\u1ea3m gi\u00e1c \u00eam \u00e1i cho nh\u1eefng t\u1ea5m n\u1ec7m \u0111\u00e3 c\u0169.<\/li>\n<li>Gi\u00fap ti\u1ebft ki\u1ec7m chi ph\u00ed: Thay v\u00ec ph\u1ea3i chi tr\u1ea3 m\u1ed9t kho\u1ea3n l\u1edbn \u0111\u1ec3 mua n\u1ec7m m\u1edbi, vi\u1ec7c th\u00eam m\u1ed9t t\u1ea5m topper l\u00e0 gi\u1ea3i ph\u00e1p ti\u1ebft ki\u1ec7m hi\u1ec7u qu\u1ea3. Gi\u00e1 th\u00e0nh c\u1ee7a t\u1ea5m ti\u1ec7n nghi t\u01b0\u01a1ng \u0111\u1ed1i ph\u00f9 h\u1ee3p, gi\u00fap b\u1ea1n b\u1ea3o v\u1ec7 n\u1ec7m v\u00e0 gia t\u0103ng tu\u1ed5i th\u1ecd m\u00e0 kh\u00f4ng t\u1ed1n qu\u00e1 nhi\u1ec1u chi ph\u00ed.<\/li>\n<\/ul>\n<p><a href=\"https:\/\/chanrathanhthuy.com\/wp-content\/uploads\/2023\/03\/Chan-ga-goi-dem-khach-san-homestay-resort-nha-nghi.jpg\"><img loading=\"lazy\" decoding=\"async\" class=\"aligncenter size-full wp-image-80019\" src=\"https:\/\/chanrathanhthuy.com\/wp-content\/uploads\/2023\/03\/Chan-ga-goi-dem-khach-san-homestay-resort-nha-nghi.jpg\" alt=\"\" width=\"1500\" height=\"1089\" title=\"\" srcset=\"https:\/\/chanrathanhthuy.com\/wp-content\/uploads\/2023\/03\/Chan-ga-goi-dem-khach-san-homestay-resort-nha-nghi.jpg 1500w, https:\/\/chanrathanhthuy.com\/wp-content\/uploads\/2023\/03\/Chan-ga-goi-dem-khach-san-homestay-resort-nha-nghi-300x218.jpg 300w, https:\/\/chanrathanhthuy.com\/wp-content\/uploads\/2023\/03\/Chan-ga-goi-dem-khach-san-homestay-resort-nha-nghi-1024x743.jpg 1024w, https:\/\/chanrathanhthuy.com\/wp-content\/uploads\/2023\/03\/Chan-ga-goi-dem-khach-san-homestay-resort-nha-nghi-150x109.jpg 150w, https:\/\/chanrathanhthuy.com\/wp-content\/uploads\/2023\/03\/Chan-ga-goi-dem-khach-san-homestay-resort-nha-nghi-768x558.jpg 768w, https:\/\/chanrathanhthuy.com\/wp-content\/uploads\/2023\/03\/Chan-ga-goi-dem-khach-san-homestay-resort-nha-nghi-600x436.jpg 600w\" sizes=\"auto, (max-width: 1500px) 100vw, 1500px\" \/><\/a><\/p>\n<h3 style=\"text-align: justify;\" data-sourcepos=\"17:1-17:58\">Chi Ti\u1ebft S\u1ea3n Ph\u1ea9m T\u1ea5m Ti\u1ec7n Nghi Ch\u0103n Ra Thanh Th\u1ee7y<\/h3>\n<p style=\"text-align: justify;\" data-sourcepos=\"19:1-19:120\">T\u1ea5m ti\u1ec7n nghi (topper) c\u1ee7a Ch\u0103n Ra Thanh Th\u1ee7y \u0111\u01b0\u1ee3c ch\u1ebf t\u00e1c t\u1eeb ch\u1ea5t li\u1ec7u cao c\u1ea5p, \u0111\u1ea3m b\u1ea3o s\u1ef1 tho\u1ea3i m\u00e1i v\u00e0 b\u1ec1n b\u1ec9:<\/p>\n<ul style=\"text-align: justify;\" data-sourcepos=\"21:1-26:0\">\n<li data-sourcepos=\"21:1-21:125\">Ch\u1ea5t li\u1ec7u: CVC (50% cotton, 50% polyester), s\u1ef1 k\u1ebft h\u1ee3p ho\u00e0n h\u1ea3o gi\u1eefa \u0111\u1ed9 m\u1ec1m m\u1ea1i c\u1ee7a cotton v\u00e0 \u0111\u1ed9 b\u1ec1n c\u1ee7a polyester.<\/li>\n<li data-sourcepos=\"22:1-22:68\">M\u1eadt \u0111\u1ed9 s\u1ee3i: T250, \u0111\u1ea3m b\u1ea3o \u0111\u1ed9 m\u1ecbn v\u00e0 b\u1ec1n ch\u1eafc cho s\u1ea3n ph\u1ea9m.<\/li>\n<li data-sourcepos=\"23:1-23:122\">C\u00e1ch d\u00f9ng: D\u1ec5 d\u00e0ng ph\u1ee7 t\u1ea5m Topper l\u00ean tr\u00ean t\u1ea5m n\u1ec7m, c\u1ed1 \u0111\u1ecbnh 4 g\u00f3c b\u1eb1ng d\u00e2y chun v\u00e0 sau \u0111\u00f3 ph\u1ee7 drap gi\u01b0\u1eddng b\u00ean ngo\u00e0i.<\/li>\n<li data-sourcepos=\"24:1-24:124\">K\u00edch th\u01b0\u1edbc ph\u1ed5 bi\u1ebfn: Hi\u1ec7n c\u00f3 s\u1eb5n c\u00e1c k\u00edch th\u01b0\u1edbc b\u00e1n l\u1ebb t\u1ea1i c\u00e1c c\u1eeda h\u00e0ng c\u1ee7a ch\u00fang t\u00f4i l\u00e0 1m4x2m; 1m6x2m v\u00e0 1m8x2m.<\/li>\n<li data-sourcepos=\"25:1-26:0\">\u0110\u1eb7t h\u00e0ng theo y\u00eau c\u1ea7u: Ch\u0103n Ra Thanh Th\u1ee7y c\u0169ng nh\u1eadn s\u1ea3n xu\u1ea5t t\u1ea5m ti\u1ec7n nghi (topper) v\u1edbi k\u00edch th\u01b0\u1edbc theo y\u00eau c\u1ea7u ri\u00eang c\u1ee7a kh\u00e1ch h\u00e0ng cho c\u00e1c d\u1ef1 \u00e1n l\u1edbn.<\/li>\n<\/ul>\n<p style=\"text-align: justify;\" data-sourcepos=\"27:1-27:189\">\u0110\u1ed1i v\u1edbi \u0111\u01a1n h\u00e0ng s\u1ed1 l\u01b0\u1ee3ng l\u1edbn, vui l\u00f2ng cung c\u1ea5p th\u00f4ng tin (h\u1ecd t\u00ean, s\u1ed1 \u0111i\u1ec7n tho\u1ea1i v\u00e0 email) \u0111\u1ec3 ph\u00f2ng kinh doanh c\u1ee7a Ch\u0103n Ra Thanh Th\u1ee7y c\u00f3 th\u1ec3 li\u00ean h\u1ec7 v\u00e0 b\u00e1o gi\u00e1 \u01b0u \u0111\u00e3i t\u1ed1t nh\u1ea5t cho b\u1ea1n.<\/p>\n<h3 style=\"text-align: justify;\" data-sourcepos=\"31:1-31:70\">V\u00ec Sao N\u00ean Ch\u1ecdn T\u1ea5m Ti\u1ec7n Nghi (Topper) C\u1ee7a Ch\u0103n Ra Thanh Th\u1ee7y?<\/h3>\n<p style=\"text-align: justify;\" data-sourcepos=\"33:1-33:104\">Ch\u0103n Ra Thanh Th\u1ee7y cam k\u1ebft mang \u0111\u1ebfn nh\u1eefng s\u1ea3n ph\u1ea9m ch\u1ea5t l\u01b0\u1ee3ng v\u01b0\u1ee3t tr\u1ed9i c\u00f9ng nh\u1eefng \u0111\u1eb7c t\u00ednh \u01b0u vi\u1ec7t:<\/p>\n<ol style=\"text-align: justify;\" data-sourcepos=\"35:1-40:0\">\n<li data-sourcepos=\"35:1-35:116\">V\u1ea3i m\u1ec1m v\u00e0 b\u1ec1n: Chuy\u00ean nghi\u1ec7p cho kh\u0103n tr\u1ea3i gi\u01b0\u1eddng kh\u00e1ch s\u1ea1n m\u00e0u tr\u1eafng, \u0111\u1ea3m b\u1ea3o \u0111\u1ed9 m\u1ec1m m\u1ea1i v\u00e0 \u0111\u1ed9 b\u1ec1n t\u1ed1i \u01b0u.<\/li>\n<li data-sourcepos=\"36:1-36:135\">\u0110\u1ea1t chu\u1ea9n 100% c\u1ee7a kh\u00e1ch h\u00e0ng: M\u1eadt \u0111\u1ed9, tr\u1ecdng l\u01b0\u1ee3ng v\u00e0 s\u1ee3i v\u1ea3i lu\u00f4n \u0111\u01b0\u1ee3c ki\u1ec3m so\u00e1t ch\u1eb7t ch\u1ebd, \u0111\u1ea1t ti\u00eau chu\u1ea9n ch\u1ea5t l\u01b0\u1ee3ng cao nh\u1ea5t.<\/li>\n<li data-sourcepos=\"37:1-37:132\">V\u1eadt li\u1ec7u th\u00e2n thi\u1ec7n m\u00f4i tr\u01b0\u1eddng: S\u1eed d\u1ee5ng v\u1eadt li\u1ec7u t\u1ea9y v\u00e0 nhu\u1ed9m kh\u00f4ng ch\u1ee9a AZO, an to\u00e0n cho s\u1ee9c kh\u1ecfe ng\u01b0\u1eddi d\u00f9ng v\u00e0 m\u00f4i tr\u01b0\u1eddng.<\/li>\n<li data-sourcepos=\"38:1-38:142\">Co r\u00fat t\u1ed1i thi\u1ec3u: S\u1ea3n ph\u1ea9m c\u00f3 \u0111\u1ed9 co r\u00fat trong v\u00f2ng 3% sau 3 l\u1ea7n gi\u1eb7t \u1edf 40 \u0111\u1ed9 v\u00e0 s\u1ea5y kh\u00f4, gi\u00fap duy tr\u00ec form d\u00e1ng v\u00e0 k\u00edch th\u01b0\u1edbc ban \u0111\u1ea7u.<\/li>\n<li data-sourcepos=\"39:1-40:0\">Ki\u1ec3m so\u00e1t ch\u1ea5t l\u01b0\u1ee3ng t\u1eeb g\u1ed1c: V\u1edbi x\u01b0\u1edfng k\u00e9o s\u1ee3i v\u00e0 d\u1ec7t v\u1ea3i ri\u00eang, Ch\u0103n Ra Thanh Th\u1ee7y ch\u1ee7 \u0111\u1ed9ng ho\u00e0n to\u00e0n trong vi\u1ec7c ki\u1ec3m so\u00e1t ch\u1ea5t l\u01b0\u1ee3ng s\u1ea3n ph\u1ea9m v\u00e0 \u0111\u1ea3m b\u1ea3o th\u1eddi gian giao h\u00e0ng nhanh ch\u00f3ng ngay t\u1eeb kh\u00e2u nguy\u00ean li\u1ec7u th\u00f4.<\/li>\n<\/ol>\n<p style=\"text-align: justify;\" data-sourcepos=\"41:1-41:168\">H\u00e3y li\u00ean h\u1ec7 v\u1edbi Ch\u0103n Ra Thanh Th\u1ee7y ngay h\u00f4m nay \u0111\u1ec3 \u0111\u01b0\u1ee3c t\u01b0 v\u1ea5n v\u00e0 s\u1edf h\u1eefu t\u1ea5m ti\u1ec7n nghi (topper) ch\u1ea5t l\u01b0\u1ee3ng, n\u00e2ng t\u1ea7m tr\u1ea3i nghi\u1ec7m gi\u1ea5c ng\u1ee7 c\u1ee7a b\u1ea1n v\u00e0 kh\u00e1ch h\u00e0ng<\/p>\n","protected":false},"excerpt":{"rendered":"<p><span style=\"color: #ff0000;\"><strong>GI\u00c1 \u01afU \u0110\u00c3I T\u1edaI 50% KHI \u0110\u1eb6T MAY THEO Y\u00caU C\u1ea6U<\/strong><\/span><\/p>\n","protected":false},"featured_media":74986,"comment_status":"open","ping_status":"closed","template":"","meta":{"_acf_changed":false,"inline_featured_image":false},"product_cat":[2073,2649],"product_tag":[],"class_list":{"0":"post-69025","1":"product","2":"type-product","3":"status-publish","4":"has-post-thumbnail","6":"product_cat-khach-san-homestay-nha-nghi","7":"product_cat-phu-kien","9":"first","10":"instock","11":"purchasable","12":"product-type-variable","13":"rtwpvg-product"},"acf":[],"_links":{"self":[{"href":"https:\/\/chanrathanhthuy.com\/ja\/wp-json\/wp\/v2\/product\/69025","targetHints":{"allow":["GET"]}}],"collection":[{"href":"https:\/\/chanrathanhthuy.com\/ja\/wp-json\/wp\/v2\/product"}],"about":[{"href":"https:\/\/chanrathanhthuy.com\/ja\/wp-json\/wp\/v2\/types\/product"}],"replies":[{"embeddable":true,"href":"https:\/\/chanrathanhthuy.com\/ja\/wp-json\/wp\/v2\/comments?post=69025"}],"wp:featuredmedia":[{"embeddable":true,"href":"https:\/\/chanrathanhthuy.com\/ja\/wp-json\/wp\/v2\/media\/74986"}],"wp:attachment":[{"href":"https:\/\/chanrathanhthuy.com\/ja\/wp-json\/wp\/v2\/media?parent=69025"}],"wp:term":[{"taxonomy":"product_cat","embeddable":true,"href":"https:\/\/chanrathanhthuy.com\/ja\/wp-json\/wp\/v2\/product_cat?post=69025"},{"taxonomy":"product_tag","embeddable":true,"href":"https:\/\/chanrathanhthuy.com\/ja\/wp-json\/wp\/v2\/product_tag?post=69025"}],"curies":[{"name":"wp","href":"https:\/\/api.w.org\/{rel}","templated":true}]}}