{"id":69027,"date":"2023-03-08T01:53:12","date_gmt":"2023-03-08T01:53:12","guid":{"rendered":"https:\/\/chanrathanhthuy.com\/product\/tam-bao-ve-nem-nhan-may-theo-nhu-cau"},"modified":"2026-04-13T06:19:19","modified_gmt":"2026-04-13T06:19:19","slug":"tam-bao-ve-nem-nhan-may-theo-nhu-cau","status":"publish","type":"product","link":"https:\/\/chanrathanhthuy.com\/ja\/product\/tam-bao-ve-nem-nhan-may-theo-nhu-cau\/","title":{"rendered":"3. T\u1ea5m B\u1ea3o V\u1ec7 N\u1ec7m Kh\u00e1ch S\u1ea1n"},"content":{"rendered":"<h2 style=\"text-align: justify;\" data-sourcepos=\"2:1-2:72\">T\u1ea5m B\u1ea3o V\u1ec7 N\u1ec7m Kh\u00e1ch S\u1ea1n \u2013 Gi\u1ea3i Ph\u00e1p T\u1ed1i \u01afu T\u1eeb Ch\u0103n Ra Thanh Th\u1ee7y<\/h2>\n<p style=\"text-align: justify;\" data-sourcepos=\"4:1-4:383\">T\u1ea5m b\u1ea3o v\u1ec7 n\u1ec7m kh\u00e1ch s\u1ea1n l\u00e0 m\u1ed9t s\u1ea3n ph\u1ea9m thi\u1ebft y\u1ebfu gi\u00fap t\u0103ng c\u01b0\u1eddng tu\u1ed5i th\u1ecd v\u00e0 gi\u1eef cho t\u1ea5m n\u1ec7m lu\u00f4n s\u1ea1ch s\u1ebd nh\u01b0 m\u1edbi. V\u1edbi kh\u1ea3 n\u0103ng h\u1ea1n ch\u1ebf t\u1ed1i \u0111a m\u1ed3 h\u00f4i v\u00e0 h\u01a1i \u1ea9m t\u1eeb c\u01a1 th\u1ec3 th\u1ea5m tr\u1ef1c ti\u1ebfp xu\u1ed1ng n\u1ec7m, t\u1ea5m b\u1ea3o v\u1ec7 n\u1ec7m c\u1ee7a Ch\u0103n Ra Thanh Th\u1ee7y \u0111\u00f3ng vai tr\u00f2 quan tr\u1ecdng trong vi\u1ec7c duy tr\u00ec v\u1ec7 sinh v\u00e0 \u0111\u1ed9 b\u1ec1n c\u1ee7a n\u1ec7m, \u0111\u1ed3ng th\u1eddi mang l\u1ea1i tr\u1ea3i nghi\u1ec7m ngh\u1ec9 ng\u01a1i t\u1ed1t nh\u1ea5t cho kh\u00e1ch h\u00e0ng.<\/p>\n<p><a href=\"https:\/\/chanrathanhthuy.com\/wp-content\/uploads\/2025\/04\/Tam-bao-ve-nem-khach-san-Tam-tien-nghi-topper-khach-san-scaled.jpg\"><img loading=\"lazy\" decoding=\"async\" class=\"aligncenter size-full wp-image-82944\" src=\"https:\/\/chanrathanhthuy.com\/wp-content\/uploads\/2025\/04\/Tam-bao-ve-nem-khach-san-Tam-tien-nghi-topper-khach-san-scaled.jpg\" alt=\"\" width=\"1075\" height=\"2560\" title=\"\" srcset=\"https:\/\/chanrathanhthuy.com\/wp-content\/uploads\/2025\/04\/Tam-bao-ve-nem-khach-san-Tam-tien-nghi-topper-khach-san-scaled.jpg 1075w, https:\/\/chanrathanhthuy.com\/wp-content\/uploads\/2025\/04\/Tam-bao-ve-nem-khach-san-Tam-tien-nghi-topper-khach-san-126x300.jpg 126w, https:\/\/chanrathanhthuy.com\/wp-content\/uploads\/2025\/04\/Tam-bao-ve-nem-khach-san-Tam-tien-nghi-topper-khach-san-430x1024.jpg 430w, https:\/\/chanrathanhthuy.com\/wp-content\/uploads\/2025\/04\/Tam-bao-ve-nem-khach-san-Tam-tien-nghi-topper-khach-san-63x150.jpg 63w, https:\/\/chanrathanhthuy.com\/wp-content\/uploads\/2025\/04\/Tam-bao-ve-nem-khach-san-Tam-tien-nghi-topper-khach-san-768x1829.jpg 768w, https:\/\/chanrathanhthuy.com\/wp-content\/uploads\/2025\/04\/Tam-bao-ve-nem-khach-san-Tam-tien-nghi-topper-khach-san-645x1536.jpg 645w, https:\/\/chanrathanhthuy.com\/wp-content\/uploads\/2025\/04\/Tam-bao-ve-nem-khach-san-Tam-tien-nghi-topper-khach-san-860x2048.jpg 860w, https:\/\/chanrathanhthuy.com\/wp-content\/uploads\/2025\/04\/Tam-bao-ve-nem-khach-san-Tam-tien-nghi-topper-khach-san-600x1429.jpg 600w\" sizes=\"auto, (max-width: 1075px) 100vw, 1075px\" \/><\/a><\/p>\n<h3 style=\"text-align: justify;\" data-sourcepos=\"6:1-6:64\">T\u1ea1i Sao N\u00ean \u0110\u1ea7u T\u01b0 T\u1ea5m B\u1ea3o V\u1ec7 N\u1ec7m Cho Kh\u00e1ch S\u1ea1n C\u1ee7a B\u1ea1n?<\/h3>\n<p style=\"text-align: justify;\" data-sourcepos=\"8:1-8:73\">\u0110\u1ea7u t\u01b0 v\u00e0o t\u1ea5m b\u1ea3o v\u1ec7 n\u1ec7m kh\u00e1ch s\u1ea1n mang l\u1ea1i nhi\u1ec1u l\u1ee3i \u00edch v\u01b0\u1ee3t tr\u1ed9i:<\/p>\n<ul>\n<li>T\u0103ng tu\u1ed5i th\u1ecd v\u00e0 \u0111\u1ed9 b\u1ec1n cho n\u1ec7m: B\u1ea3o v\u1ec7 n\u1ec7m kh\u1ecfi c\u00e1c y\u1ebfu t\u1ed1 g\u00e2y h\u1ea1i t\u1eeb b\u00ean ngo\u00e0i, k\u00e9o d\u00e0i th\u1eddi gian s\u1eed d\u1ee5ng.<\/li>\n<li>H\u1ea1n ch\u1ebf b\u00e1m b\u1ee5i v\u00e0 v\u1ebft b\u1ea9n: Ng\u0103n ch\u1eb7n b\u1ee5i b\u1ea9n, v\u1ebft \u1ed1 b\u00e1m tr\u1ef1c ti\u1ebfp l\u00ean b\u1ec1 m\u1eb7t n\u1ec7m, gi\u1eef n\u1ec7m lu\u00f4n s\u1ea1ch s\u1ebd.<\/li>\n<li>Gia t\u0103ng \u0111\u1ed9 \u00eam \u00e1i: L\u1edbp ch\u1ea7n g\u00f2n \u00eam \u00e1i gi\u00fap t\u0103ng th\u00eam s\u1ef1 tho\u1ea3i m\u00e1i cho ng\u01b0\u1eddi n\u1eb1m.<\/li>\n<li>D\u1ec5 d\u00e0ng v\u1ec7 sinh: C\u00f3 th\u1ec3 gi\u1eb7t b\u1eb1ng m\u00e1y ho\u1eb7c b\u1eb1ng tay, ti\u1ebft ki\u1ec7m th\u1eddi gian v\u00e0 c\u00f4ng s\u1ee9c b\u1ea3o d\u01b0\u1ee1ng.<\/li>\n<\/ul>\n<p><a href=\"https:\/\/chanrathanhthuy.com\/wp-content\/uploads\/2023\/03\/Chan-ga-goi-dem-khach-san-homestay-resort-nha-nghi.jpg\"><img loading=\"lazy\" decoding=\"async\" class=\"aligncenter size-full wp-image-80019\" src=\"https:\/\/chanrathanhthuy.com\/wp-content\/uploads\/2023\/03\/Chan-ga-goi-dem-khach-san-homestay-resort-nha-nghi.jpg\" alt=\"\" width=\"1500\" height=\"1089\" title=\"\" srcset=\"https:\/\/chanrathanhthuy.com\/wp-content\/uploads\/2023\/03\/Chan-ga-goi-dem-khach-san-homestay-resort-nha-nghi.jpg 1500w, https:\/\/chanrathanhthuy.com\/wp-content\/uploads\/2023\/03\/Chan-ga-goi-dem-khach-san-homestay-resort-nha-nghi-300x218.jpg 300w, https:\/\/chanrathanhthuy.com\/wp-content\/uploads\/2023\/03\/Chan-ga-goi-dem-khach-san-homestay-resort-nha-nghi-1024x743.jpg 1024w, https:\/\/chanrathanhthuy.com\/wp-content\/uploads\/2023\/03\/Chan-ga-goi-dem-khach-san-homestay-resort-nha-nghi-150x109.jpg 150w, https:\/\/chanrathanhthuy.com\/wp-content\/uploads\/2023\/03\/Chan-ga-goi-dem-khach-san-homestay-resort-nha-nghi-768x558.jpg 768w, https:\/\/chanrathanhthuy.com\/wp-content\/uploads\/2023\/03\/Chan-ga-goi-dem-khach-san-homestay-resort-nha-nghi-600x436.jpg 600w\" sizes=\"auto, (max-width: 1500px) 100vw, 1500px\" \/><\/a><\/p>\n<h3 style=\"text-align: justify;\" data-sourcepos=\"15:1-15:66\">T\u1ea5m B\u1ea3o V\u1ec7 N\u1ec7m Kh\u00e1ch S\u1ea1n Thanh Th\u1ee7y \u2013 Ch\u1ea5t L\u01b0\u1ee3ng V\u01b0\u1ee3t Tr\u1ed9i<\/h3>\n<p style=\"text-align: justify;\" data-sourcepos=\"17:1-17:152\">T\u1ea5m b\u1ea3o v\u1ec7 n\u1ec7m Thanh Th\u1ee7y \u0111\u01b0\u1ee3c may t\u1eeb ch\u1ea5t li\u1ec7u kate d\u00f9 (m\u1ed9t m\u1eb7t kate, m\u1ed9t m\u1eb7t d\u00f9, ch\u00ednh gi\u1eefa ch\u1ea7n g\u00f2n vi t\u00ednh), mang \u0111\u1ebfn nhi\u1ec1u \u01b0u \u0111i\u1ec3m n\u1ed5i b\u1eadt:<\/p>\n<ul style=\"text-align: justify;\" data-sourcepos=\"19:1-25:0\">\n<li data-sourcepos=\"19:1-19:183\">Ch\u1ea5t li\u1ec7u m\u1ec1m m\u1ecbn v\u00e0 tho\u00e1ng m\u00e1t: \u0110\u01b0\u1ee3c l\u00e0m t\u1eeb cotton ch\u1ea5t l\u01b0\u1ee3ng cao, t\u1ea5m b\u1ea3o v\u1ec7 n\u1ec7m c\u00f3 kh\u1ea3 n\u0103ng h\u00fat \u1ea9m t\u1ed1t, d\u1ec5 gi\u1eb7t v\u00e0 nhanh kh\u00f4, c\u1ef1c k\u1ef3 ph\u00f9 h\u1ee3p v\u1edbi kh\u00ed h\u1eadu n\u00f3ng \u1ea9m c\u1ee7a Vi\u1ec7t Nam.<\/li>\n<li data-sourcepos=\"20:1-20:149\">\u0110i\u1ec1u h\u00f2a nhi\u1ec7t \u0111\u1ed9: S\u1ea3n ph\u1ea9m c\u00f3 \u0111\u1eb7c t\u00ednh m\u00e1t m\u1ebb v\u00e0o m\u00f9a h\u00e8 v\u00e0 \u1ea5m \u00e1p v\u00e0o m\u00f9a \u0111\u00f4ng, m\u00e0 v\u1eabn kh\u00f4ng h\u1ec1 l\u00e0m thay \u0111\u1ed5i c\u1ea3m nh\u1eadn c\u1ee7a b\u1ea1n v\u1ec1 chi\u1ebfc gi\u01b0\u1eddng.<\/li>\n<li data-sourcepos=\"21:1-21:191\">Thay th\u1ebf drap tr\u1ea3i n\u1ec7m: L\u1edbp g\u00f2n d\u00e0y \u00eam \u00e1i \u0111\u01b0\u1ee3c ch\u1ea7n \u1edf gi\u1eefa c\u00f3 t\u00e1c d\u1ee5ng thay th\u1ebf c\u00e1c lo\u1ea1i drap tr\u1ea3i n\u1ec7m kh\u00e1ch s\u1ea1n th\u00f4ng th\u01b0\u1eddng, v\u1eabn \u0111\u1ea3m b\u1ea3o c\u1ea3m gi\u00e1c tho\u1ea3i m\u00e1i v\u00e0 d\u1ec5 ch\u1ecbu khi s\u1eed d\u1ee5ng.<\/li>\n<li data-sourcepos=\"22:1-22:274\">Thi\u1ebft k\u1ebf ti\u1ec7n l\u1ee3i: T\u1ea5m b\u1ea3o v\u1ec7 n\u1ec7m \u0111\u01b0\u1ee3c may b\u1eb1ng v\u1ea3i ch\u1ea7n g\u00f2n, v\u1edbi 04 g\u00f3c \u0111\u01b0\u1ee3c may d\u00e2y thun \u0111\u1ec3 c\u1ed1 \u0111\u1ecbnh ch\u1eafc ch\u1eafn v\u00e0o n\u1ec7m. K\u00edch th\u01b0\u1edbc s\u1ea3n ph\u1ea9m t\u01b0\u01a1ng \u1ee9ng v\u1edbi k\u00edch th\u01b0\u1edbc b\u1ec1 m\u1eb7t n\u1ec7m, khuy\u1ebfn kh\u00edch s\u1eed d\u1ee5ng trong ph\u00f2ng c\u00f3 trang b\u1ecb m\u00e1y \u0111i\u1ec1u h\u00f2a nhi\u1ec7t \u0111\u1ed9 \u0111\u1ec3 t\u1ed1i \u01b0u hi\u1ec7u qu\u1ea3.<\/li>\n<li data-sourcepos=\"23:1-23:74\">\u01afu \u0111i\u1ec3m n\u1ed5i b\u1eadt: H\u1ea1n ch\u1ebf ch\u1ed1ng th\u1ea5m, t\u0103ng tu\u1ed5i th\u1ecd c\u1ee7a n\u1ec7m hi\u1ec7u qu\u1ea3.<\/li>\n<li data-sourcepos=\"24:1-25:0\">\u0110a d\u1ea1ng k\u00edch th\u01b0\u1edbc: Ngo\u00e0i c\u00e1c k\u00edch th\u01b0\u1edbc ti\u00eau chu\u1ea9n, Ch\u0103n Ra Thanh Th\u1ee7y nh\u1eadn \u0111\u1eb7t s\u1ea3n xu\u1ea5t theo y\u00eau c\u1ea7u c\u1ee7a kh\u00e1ch h\u00e0ng.<\/li>\n<\/ul>\n<p style=\"text-align: justify;\" data-sourcepos=\"26:1-26:142\">\u0110\u1ec3 nh\u1eadn b\u00e1o gi\u00e1 t\u1ed1t h\u01a1n cho s\u1ed1 l\u01b0\u1ee3ng l\u1edbn, vui l\u00f2ng cung c\u1ea5p th\u00f4ng tin (h\u1ecd t\u00ean, S\u0110T v\u00e0 email) \u0111\u1ec3 ph\u00f2ng kinh doanh c\u1ee7a ch\u00fang t\u00f4i li\u00ean h\u1ec7 t\u01b0 v\u1ea5n.<\/p>\n<h3 style=\"text-align: justify;\" data-sourcepos=\"30:1-30:54\">C\u00e1c T\u00ednh N\u0103ng \u0110\u1eb7c Bi\u1ec7t C\u1ee7a S\u1ea3n Ph\u1ea9m Thanh Th\u1ee7y<\/h3>\n<p style=\"text-align: justify;\" data-sourcepos=\"32:1-32:107\">Ch\u0103n Ra Thanh Th\u1ee7y lu\u00f4n cam k\u1ebft mang \u0111\u1ebfn nh\u1eefng s\u1ea3n ph\u1ea9m ch\u1ea5t l\u01b0\u1ee3ng cao nh\u1ea5t v\u1edbi c\u00e1c t\u00ednh n\u0103ng \u0111\u1eb7c bi\u1ec7t:<\/p>\n<ol style=\"text-align: justify;\" data-sourcepos=\"34:1-39:0\">\n<li data-sourcepos=\"34:1-34:120\">V\u1ea3i m\u1ec1m v\u00e0 b\u1ec1n: Chuy\u00ean nghi\u1ec7p cho kh\u0103n tr\u1ea3i gi\u01b0\u1eddng kh\u00e1ch s\u1ea1n m\u00e0u tr\u1eafng, \u0111\u1ea3m b\u1ea3o \u0111\u1ed9 b\u1ec1n v\u00e0 v\u1ebb \u0111\u1eb9p theo th\u1eddi gian.<\/li>\n<li data-sourcepos=\"35:1-35:137\">\u0110\u1ea1t chu\u1ea9n 100% c\u1ee7a kh\u00e1ch h\u00e0ng: M\u1eadt \u0111\u1ed9, tr\u1ecdng l\u01b0\u1ee3ng v\u00e0 s\u1ee3i v\u1ea3i lu\u00f4n \u0111\u1ea1t ti\u00eau chu\u1ea9n cao, \u0111\u00e1p \u1ee9ng m\u1ecdi y\u00eau c\u1ea7u kh\u1eaft khe t\u1eeb kh\u00e1ch s\u1ea1n.<\/li>\n<li data-sourcepos=\"36:1-36:131\">V\u1eadt li\u1ec7u th\u00e2n thi\u1ec7n m\u00f4i tr\u01b0\u1eddng: S\u1eed d\u1ee5ng v\u1eadt li\u1ec7u t\u1ea9y v\u00e0 nhu\u1ed9m kh\u00f4ng ch\u1ee9a AZO, \u0111\u1ea3m b\u1ea3o an to\u00e0n cho ng\u01b0\u1eddi d\u00f9ng v\u00e0 m\u00f4i tr\u01b0\u1eddng.<\/li>\n<li data-sourcepos=\"37:1-37:129\">\u0110\u1ed9 co r\u00fat t\u1ed1i thi\u1ec3u: Co r\u00fat trong v\u00f2ng 3% sau 3 l\u1ea7n gi\u1eb7t \u1edf 40 \u0111\u1ed9 v\u00e0 s\u1ea5y kh\u00f4, gi\u1eef nguy\u00ean form d\u00e1ng v\u00e0 k\u00edch th\u01b0\u1edbc s\u1ea3n ph\u1ea9m.<\/li>\n<li data-sourcepos=\"38:1-39:0\">Ki\u1ec3m so\u00e1t ch\u1ea5t l\u01b0\u1ee3ng t\u1eeb g\u1ed1c: Ch\u0103n Ra Thanh Th\u1ee7y c\u00f3 x\u01b0\u1edfng k\u00e9o s\u1ee3i v\u00e0 d\u1ec7t v\u1ea3i ri\u00eang, \u0111\u1ea3m b\u1ea3o ch\u1ea5t l\u01b0\u1ee3ng v\u00e0 th\u1eddi gian giao h\u00e0ng ngay t\u1eeb kh\u00e2u nguy\u00ean li\u1ec7u th\u00f4.<\/li>\n<\/ol>\n<p style=\"text-align: justify;\" data-sourcepos=\"40:1-40:166\">H\u00e3y li\u00ean h\u1ec7 Ch\u0103n Ra Thanh Th\u1ee7y ngay h\u00f4m nay \u0111\u1ec3 s\u1edf h\u1eefu t\u1ea5m b\u1ea3o v\u1ec7 n\u1ec7m kh\u00e1ch s\u1ea1n ch\u1ea5t l\u01b0\u1ee3ng cao, gi\u00fap b\u1ea3o v\u1ec7 n\u1ec7m c\u1ee7a b\u1ea1n v\u00e0 n\u00e2ng cao tr\u1ea3i nghi\u1ec7m cho kh\u00e1ch h\u00e0ng<\/p>\n","protected":false},"excerpt":{"rendered":"<p><span style=\"color: #ff0000;\"><strong>GI\u00c1 \u01afU \u0110\u00c3I T\u1edaI 50% KHI \u0110\u1eb6T MAY THEO Y\u00caU C\u1ea6U<\/strong><\/span><\/p>\n","protected":false},"featured_media":74956,"comment_status":"open","ping_status":"closed","template":"","meta":{"_acf_changed":false,"inline_featured_image":false},"product_cat":[2073,2649],"product_tag":[],"class_list":{"0":"post-69027","1":"product","2":"type-product","3":"status-publish","4":"has-post-thumbnail","6":"product_cat-khach-san-homestay-nha-nghi","7":"product_cat-phu-kien","9":"first","10":"instock","11":"purchasable","12":"product-type-variable","13":"rtwpvg-product"},"acf":[],"_links":{"self":[{"href":"https:\/\/chanrathanhthuy.com\/ja\/wp-json\/wp\/v2\/product\/69027","targetHints":{"allow":["GET"]}}],"collection":[{"href":"https:\/\/chanrathanhthuy.com\/ja\/wp-json\/wp\/v2\/product"}],"about":[{"href":"https:\/\/chanrathanhthuy.com\/ja\/wp-json\/wp\/v2\/types\/product"}],"replies":[{"embeddable":true,"href":"https:\/\/chanrathanhthuy.com\/ja\/wp-json\/wp\/v2\/comments?post=69027"}],"wp:featuredmedia":[{"embeddable":true,"href":"https:\/\/chanrathanhthuy.com\/ja\/wp-json\/wp\/v2\/media\/74956"}],"wp:attachment":[{"href":"https:\/\/chanrathanhthuy.com\/ja\/wp-json\/wp\/v2\/media?parent=69027"}],"wp:term":[{"taxonomy":"product_cat","embeddable":true,"href":"https:\/\/chanrathanhthuy.com\/ja\/wp-json\/wp\/v2\/product_cat?post=69027"},{"taxonomy":"product_tag","embeddable":true,"href":"https:\/\/chanrathanhthuy.com\/ja\/wp-json\/wp\/v2\/product_tag?post=69027"}],"curies":[{"name":"wp","href":"https:\/\/api.w.org\/{rel}","templated":true}]}}