{"id":69029,"date":"2023-03-08T02:02:29","date_gmt":"2023-03-08T02:02:29","guid":{"rendered":"https:\/\/chanrathanhthuy.com\/product\/nem-lo-xo-tui-cao-25-cm"},"modified":"2026-04-13T06:07:48","modified_gmt":"2026-04-13T06:07:48","slug":"nem-lo-xo-tui-cao-25-cm","status":"publish","type":"product","link":"https:\/\/chanrathanhthuy.com\/ja\/product\/nem-lo-xo-tui-cao-25-cm\/","title":{"rendered":"3. N\u1ec7m L\u00f2 Xo T\u00fai Cao 25 cm Kh\u00e1ch S\u1ea1n"},"content":{"rendered":"<h2 style=\"text-align: justify;\" data-sourcepos=\"2:1-2:75\">N\u1ec7m L\u00f2 Xo T\u00fai Kh\u00e1ch S\u1ea1n \u2013 S\u1ef1 L\u1ef1a Ch\u1ecdn Ho\u00e0n H\u1ea3o T\u1eeb Ch\u0103n Ra Thanh Th\u1ee7y<\/h2>\n<p style=\"text-align: justify;\" data-sourcepos=\"4:1-4:463\">N\u1ec7m l\u00f2 xo t\u00fai kh\u00e1ch s\u1ea1n l\u00e0 gi\u1ea3i ph\u00e1p n\u00e2ng t\u1ea7m ch\u1ea5t l\u01b0\u1ee3ng gi\u1ea5c ng\u1ee7, mang l\u1ea1i s\u1ef1 tho\u1ea3i m\u00e1i t\u1ed1i \u0111a cho du kh\u00e1ch, \u0111\u1eb7c bi\u1ec7t quan tr\u1ecdng \u0111\u1ed1i v\u1edbi c\u00e1c kh\u00e1ch s\u1ea1n v\u00e0 resort mu\u1ed1n \u0111\u1ea7u t\u01b0 v\u00e0o tr\u1ea3i nghi\u1ec7m c\u1ee7a kh\u00e1ch h\u00e0ng.<\/p>\n<p style=\"text-align: justify;\" data-sourcepos=\"4:1-4:463\">T\u1ea1i Ch\u0103n Ra Thanh Th\u1ee7y, ch\u00fang t\u00f4i cung c\u1ea5p c\u00e1c lo\u1ea1i n\u1ec7m l\u00f2 xo t\u00fai v\u1edbi \u0111\u1ed9 cao ti\u00eau chu\u1ea9n kho\u1ea3ng 23cm v\u00e0 c\u00e1c k\u00edch th\u01b0\u1edbc ph\u1ed5 bi\u1ebfn nh\u01b0 160x200cm, 180x200cm, c\u00f9ng kh\u1ea3 n\u0103ng \u0111\u1eb7t s\u1ea3n xu\u1ea5t theo y\u00eau c\u1ea7u ri\u00eang, \u0111\u1ea3m b\u1ea3o ph\u00f9 h\u1ee3p v\u1edbi m\u1ecdi kh\u00f4ng gian ph\u00f2ng.<\/p>\n<p data-sourcepos=\"4:1-4:463\"><a href=\"https:\/\/chanrathanhthuy.com\/wp-content\/uploads\/2023\/03\/Chan-ga-goi-dem-khach-san-homestay-resort-nha-nghi.jpg\"><img loading=\"lazy\" decoding=\"async\" class=\"aligncenter size-full wp-image-80019\" src=\"https:\/\/chanrathanhthuy.com\/wp-content\/uploads\/2023\/03\/Chan-ga-goi-dem-khach-san-homestay-resort-nha-nghi.jpg\" alt=\"\" width=\"1500\" height=\"1089\" title=\"\" srcset=\"https:\/\/chanrathanhthuy.com\/wp-content\/uploads\/2023\/03\/Chan-ga-goi-dem-khach-san-homestay-resort-nha-nghi.jpg 1500w, https:\/\/chanrathanhthuy.com\/wp-content\/uploads\/2023\/03\/Chan-ga-goi-dem-khach-san-homestay-resort-nha-nghi-300x218.jpg 300w, https:\/\/chanrathanhthuy.com\/wp-content\/uploads\/2023\/03\/Chan-ga-goi-dem-khach-san-homestay-resort-nha-nghi-1024x743.jpg 1024w, https:\/\/chanrathanhthuy.com\/wp-content\/uploads\/2023\/03\/Chan-ga-goi-dem-khach-san-homestay-resort-nha-nghi-150x109.jpg 150w, https:\/\/chanrathanhthuy.com\/wp-content\/uploads\/2023\/03\/Chan-ga-goi-dem-khach-san-homestay-resort-nha-nghi-768x558.jpg 768w, https:\/\/chanrathanhthuy.com\/wp-content\/uploads\/2023\/03\/Chan-ga-goi-dem-khach-san-homestay-resort-nha-nghi-600x436.jpg 600w\" sizes=\"auto, (max-width: 1500px) 100vw, 1500px\" \/><\/a><\/p>\n<h3 style=\"text-align: justify;\" data-sourcepos=\"6:1-6:28\">N\u1ec7m L\u00f2 Xo T\u00fai L\u00e0 G\u00ec?<\/h3>\n<p style=\"text-align: justify;\" data-sourcepos=\"8:1-8:499\">N\u1ec7m l\u00f2 xo t\u00fai c\u00f3 c\u1ea5u tr\u00fac \u0111\u1eb7c bi\u1ec7t v\u1edbi c\u00e1c con l\u00f2 xo ho\u1ea1t \u0111\u1ed9ng ho\u00e0n to\u00e0n \u0111\u1ed9c l\u1eadp, \u0111\u01b0\u1ee3c b\u1ecdc trong t\u1eebng t\u00fai v\u1ea3i ri\u00eang bi\u1ec7t v\u00e0 li\u00ean k\u1ebft v\u1edbi nhau qua \u0111\u01b0\u1eddng may c\u00f9ng khung \u0111\u1ee1 v\u1eefng ch\u1eafc. Nh\u1edd c\u1ea5u tr\u00fac n\u00e0y, l\u1ef1c t\u00e1c \u0111\u1ed9ng ch\u1ec9 \u1ea3nh h\u01b0\u1edfng t\u1ea1i \u0111i\u1ec3m ch\u1ecbu l\u1ef1c tr\u00ean b\u1ec1 m\u1eb7t n\u1ec7m, gi\u1ea3m thi\u1ec3u t\u1ed1i \u0111a s\u1ef1 rung \u0111\u1ed9ng v\u00e0 ti\u1ebfng \u1ed3n, kh\u00f4ng g\u00e2y \u1ea3nh h\u01b0\u1edfng \u0111\u1ebfn ng\u01b0\u1eddi n\u1eb1m c\u1ea1nh. \u0110\u1eb7c bi\u1ec7t, n\u1ec7m l\u00f2 xo t\u00fai c\u1ee7a Ch\u0103n Ra Thanh Th\u1ee7y c\u00f3 kh\u1ea3 n\u0103ng th\u00f4ng tho\u00e1ng v\u01b0\u1ee3t tr\u1ed9i, gi\u00fap \u0111i\u1ec1u h\u00f2a nhi\u1ec7t \u0111\u1ed9, mang l\u1ea1i c\u1ea3m gi\u00e1c d\u1ec5 ch\u1ecbu su\u1ed1t \u0111\u00eam.<\/p>\n<p data-sourcepos=\"8:1-8:499\"><a href=\"https:\/\/chanrathanhthuy.com\/wp-content\/uploads\/2023\/03\/Nem-khach-san-scaled.jpg\"><img loading=\"lazy\" decoding=\"async\" class=\"aligncenter size-full wp-image-80499\" src=\"https:\/\/chanrathanhthuy.com\/wp-content\/uploads\/2023\/03\/Nem-khach-san-scaled.jpg\" alt=\"\" width=\"861\" height=\"2560\" title=\"\" srcset=\"https:\/\/chanrathanhthuy.com\/wp-content\/uploads\/2023\/03\/Nem-khach-san-scaled.jpg 861w, https:\/\/chanrathanhthuy.com\/wp-content\/uploads\/2023\/03\/Nem-khach-san-101x300.jpg 101w, https:\/\/chanrathanhthuy.com\/wp-content\/uploads\/2023\/03\/Nem-khach-san-344x1024.jpg 344w, https:\/\/chanrathanhthuy.com\/wp-content\/uploads\/2023\/03\/Nem-khach-san-50x150.jpg 50w, https:\/\/chanrathanhthuy.com\/wp-content\/uploads\/2023\/03\/Nem-khach-san-600x1785.jpg 600w\" sizes=\"auto, (max-width: 861px) 100vw, 861px\" \/><\/a><\/p>\n<p style=\"text-align: justify;\" data-sourcepos=\"10:1-10:189\">S\u1ea3n ph\u1ea9m n\u00e0y kh\u00f4ng ch\u1ec9 l\u00fd t\u01b0\u1edfng cho ng\u01b0\u1eddi cao tu\u1ed5i, gi\u00fap h\u1ecd d\u1ec5 d\u00e0ng \u0111i v\u00e0o gi\u1ea5c ng\u1ee7 s\u00e2u m\u00e0 c\u00f2n r\u1ea5t ph\u00f9 h\u1ee3p cho tr\u1ebb em v\u00e0 ph\u1ee5 n\u1eef mang thai, nh\u1edd kh\u1ea3 n\u0103ng n\u00e2ng \u0111\u1ee1 c\u01a1 th\u1ec3 t\u1ed1i \u01b0u v\u00e0 gi\u1ea3m \u00e1p l\u1ef1c.<\/p>\n<h3 style=\"text-align: justify;\" data-sourcepos=\"12:1-12:52\">\u01afu V\u00e0 Nh\u01b0\u1ee3c \u0110i\u1ec3m C\u1ee7a N\u1ec7m L\u00f2 Xo T\u00fai Kh\u00e1ch S\u1ea1n<\/h3>\n<p style=\"text-align: justify;\" data-sourcepos=\"14:1-14:12\">\u01afu \u0111i\u1ec3m:<\/p>\n<ul style=\"text-align: justify;\" data-sourcepos=\"16:1-20:0\">\n<li data-sourcepos=\"16:1-16:125\">Ch\u1ed1ng rung \u0111\u1ed9ng: C\u00e1c con l\u00f2 xo ho\u1ea1t \u0111\u1ed9ng \u0111\u1ed9c l\u1eadp gi\u00fap lo\u1ea1i b\u1ecf ma s\u00e1t v\u00e0 rung \u0111\u1ed9ng, \u0111\u1ea3m b\u1ea3o gi\u1ea5c ng\u1ee7 kh\u00f4ng b\u1ecb gi\u00e1n \u0111o\u1ea1n.<\/li>\n<li data-sourcepos=\"17:1-17:143\">N\u00e2ng \u0111\u1ee1 c\u1ed9t s\u1ed1ng t\u1ed1i \u01b0u: C\u00f4ng ngh\u1ec7 n\u00e2ng \u0111\u1ee1 7 v\u00f9ng c\u01a1 th\u1ec3 khi ng\u1ee7 mang l\u1ea1i s\u1ef1 h\u1ed7 tr\u1ee3 tuy\u1ec7t v\u1eddi cho c\u1ed9t s\u1ed1ng, gi\u00fap duy tr\u00ec t\u01b0 th\u1ebf ng\u1ee7 \u0111\u00fang.<\/li>\n<li data-sourcepos=\"18:1-18:105\">\u0110\u1ed9 \u0111\u00e0n h\u1ed3i cao: Mang l\u1ea1i c\u1ea3m gi\u00e1c \u00eam \u00e1i, tho\u1ea3i m\u00e1i v\u01b0\u1ee3t tr\u1ed9i, n\u00e2ng niu t\u1eebng chuy\u1ec3n \u0111\u1ed9ng c\u1ee7a c\u01a1 th\u1ec3.<\/li>\n<li data-sourcepos=\"19:1-20:0\">Th\u1eddi gian b\u1ea3o h\u00e0nh l\u00e2u d\u00e0i: Ch\u0103n Ra Thanh Th\u1ee7y cam k\u1ebft ch\u1ea5t l\u01b0\u1ee3ng v\u1edbi th\u1eddi gian b\u1ea3o h\u00e0nh t\u01b0\u01a1ng \u0111\u1ed1i l\u00e2u, mang l\u1ea1i s\u1ef1 y\u00ean t\u00e2m cho kh\u00e1ch h\u00e0ng.<\/li>\n<\/ul>\n<p style=\"text-align: justify;\" data-sourcepos=\"21:1-21:15\">Nh\u01b0\u1ee3c \u0111i\u1ec3m:<\/p>\n<ul style=\"text-align: justify;\" data-sourcepos=\"23:1-24:0\">\n<li data-sourcepos=\"23:1-24:0\">Gi\u00e1 th\u00e0nh cao: V\u1edbi nhi\u1ec1u t\u00ednh n\u0103ng \u01b0u vi\u1ec7t v\u00e0 c\u00f4ng ngh\u1ec7 s\u1ea3n xu\u1ea5t ti\u00ean ti\u1ebfn, n\u1ec7m l\u00f2 xo t\u00fai hi\u1ec7n l\u00e0 m\u1ed9t trong nh\u1eefng s\u1ea3n ph\u1ea9m ch\u0103n ga n\u1ec7m g\u1ed1i c\u00f3 gi\u00e1 b\u00e1n cao nh\u1ea5t tr\u00ean th\u1ecb tr\u01b0\u1eddng. Tuy nhi\u00ean, \u0111\u00e2y l\u00e0 kho\u1ea3n \u0111\u1ea7u t\u01b0 x\u1ee9ng \u0111\u00e1ng cho ch\u1ea5t l\u01b0\u1ee3ng gi\u1ea5c ng\u1ee7 v\u00e0 s\u1ef1 h\u00e0i l\u00f2ng c\u1ee7a kh\u00e1ch h\u00e0ng.<\/li>\n<\/ul>\n<p style=\"text-align: justify;\" data-sourcepos=\"25:1-25:219\">\u0110\u1ec3 bi\u1ebft th\u00eam th\u00f4ng tin chi ti\u1ebft v\u1ec1 n\u1ec7m l\u00f2 xo t\u00fai kh\u00e1ch s\u1ea1n v\u00e0 c\u00e1c s\u1ea3n ph\u1ea9m kh\u00e1c c\u1ee7a Ch\u0103n Ra Thanh Th\u1ee7y, h\u00e3y li\u00ean h\u1ec7 v\u1edbi ch\u00fang t\u00f4i ngay h\u00f4m nay \u0111\u1ec3 nh\u1eadn t\u01b0 v\u1ea5n chuy\u00ean s\u00e2u v\u00e0 b\u00e1o gi\u00e1 ph\u00f9 h\u1ee3p nh\u1ea5t cho d\u1ef1 \u00e1n c\u1ee7a b\u1ea1n.<\/p>\n","protected":false},"excerpt":{"rendered":"<p><span style=\"color: #ff0000;\"><strong>GI\u00c1 \u01afU \u0110\u00c3I T\u1edaI 50% KHI \u0110\u1eb6T MAY THEO Y\u00caU C\u1ea6U<\/strong><\/span><\/p>\n","protected":false},"featured_media":73312,"comment_status":"open","ping_status":"closed","template":"","meta":{"_acf_changed":false,"inline_featured_image":false},"product_cat":[2073,2649],"product_tag":[],"class_list":{"0":"post-69029","1":"product","2":"type-product","3":"status-publish","4":"has-post-thumbnail","6":"product_cat-khach-san-homestay-nha-nghi","7":"product_cat-phu-kien","9":"first","10":"instock","11":"purchasable","12":"product-type-variable","13":"rtwpvg-product"},"acf":[],"_links":{"self":[{"href":"https:\/\/chanrathanhthuy.com\/ja\/wp-json\/wp\/v2\/product\/69029","targetHints":{"allow":["GET"]}}],"collection":[{"href":"https:\/\/chanrathanhthuy.com\/ja\/wp-json\/wp\/v2\/product"}],"about":[{"href":"https:\/\/chanrathanhthuy.com\/ja\/wp-json\/wp\/v2\/types\/product"}],"replies":[{"embeddable":true,"href":"https:\/\/chanrathanhthuy.com\/ja\/wp-json\/wp\/v2\/comments?post=69029"}],"wp:featuredmedia":[{"embeddable":true,"href":"https:\/\/chanrathanhthuy.com\/ja\/wp-json\/wp\/v2\/media\/73312"}],"wp:attachment":[{"href":"https:\/\/chanrathanhthuy.com\/ja\/wp-json\/wp\/v2\/media?parent=69029"}],"wp:term":[{"taxonomy":"product_cat","embeddable":true,"href":"https:\/\/chanrathanhthuy.com\/ja\/wp-json\/wp\/v2\/product_cat?post=69029"},{"taxonomy":"product_tag","embeddable":true,"href":"https:\/\/chanrathanhthuy.com\/ja\/wp-json\/wp\/v2\/product_tag?post=69029"}],"curies":[{"name":"wp","href":"https:\/\/api.w.org\/{rel}","templated":true}]}}