{"id":69031,"date":"2023-03-08T02:13:33","date_gmt":"2023-03-08T02:13:33","guid":{"rendered":"https:\/\/chanrathanhthuy.com\/product\/tam-trang-tri-dat-may-theo-yeu-cau"},"modified":"2026-04-13T04:19:17","modified_gmt":"2026-04-13T04:19:17","slug":"tam-trang-tri-dat-may-theo-yeu-cau","status":"publish","type":"product","link":"https:\/\/chanrathanhthuy.com\/ja\/product\/tam-trang-tri-dat-may-theo-yeu-cau\/","title":{"rendered":"3. T\u1ea5m Trang Tr\u00ed Kh\u00e1ch S\u1ea1n"},"content":{"rendered":"<h2 style=\"text-align: justify;\" data-sourcepos=\"2:1-2:92\">T\u1ea5m Trang Tr\u00ed Gi\u01b0\u1eddng Kh\u00e1ch S\u1ea1n \u2013 N\u00e2ng T\u1ea7m Th\u1ea9m M\u1ef9 v\u00e0 Ti\u1ec7n \u00cdch C\u00f9ng Ch\u0103n Ra Thanh Th\u1ee7y<\/h2>\n<p style=\"text-align: justify;\" data-sourcepos=\"4:1-4:449\">B\u1ea1n c\u00f3 bao gi\u1edd t\u1ef1 h\u1ecfi v\u1ec1 nh\u1eefng t\u1ea5m v\u1ea3i hoa v\u0103n n\u1ed5i b\u1eadt \u0111\u01b0\u1ee3c tr\u1ea3i ngang tr\u00ean gi\u01b0\u1eddng trong c\u00e1c kh\u00e1ch s\u1ea1n sang tr\u1ecdng kh\u00f4ng? \u0110\u00f3 ch\u00ednh l\u00e0 t\u1ea5m trang tr\u00ed gi\u01b0\u1eddng kh\u00e1ch s\u1ea1n, hay c\u00f2n g\u1ecdi l\u00e0 bed-runner, m\u1ed9t s\u1ea3n ph\u1ea9m \u0111\u1ed9c \u0111\u00e1o m\u00e0 Ch\u0103n Ra Thanh Th\u1ee7y mang \u0111\u1ebfn \u0111\u1ec3 n\u00e2ng t\u1ea7m kh\u00f4ng gian ph\u00f2ng ng\u1ee7 c\u1ee7a b\u1ea1n. Kh\u00f4ng ch\u1ec9 \u0111\u01a1n thu\u1ea7n l\u00e0 v\u1eadt d\u1ee5ng trang tr\u00ed, t\u1ea5m trang tr\u00ed gi\u01b0\u1eddng c\u00f2n s\u1edf h\u1eefu nhi\u1ec1u c\u00f4ng d\u1ee5ng b\u1ea5t ng\u1edd, t\u1ea1o n\u00ean s\u1ef1 ti\u1ec7n nghi v\u00e0 \u0111\u1eb3ng c\u1ea5p cho kh\u00e1ch s\u1ea1n.<\/p>\n<p data-sourcepos=\"4:1-4:449\"><a href=\"https:\/\/chanrathanhthuy.com\/wp-content\/uploads\/2023\/03\/Goi-trang-tri-khach-san-Tam-trang-tri-khach-san-Vay-giuong-khach-san.jpg\"><img loading=\"lazy\" decoding=\"async\" class=\"aligncenter size-full wp-image-80485\" src=\"https:\/\/chanrathanhthuy.com\/wp-content\/uploads\/2023\/03\/Goi-trang-tri-khach-san-Tam-trang-tri-khach-san-Vay-giuong-khach-san.jpg\" alt=\"\" width=\"1500\" height=\"1696\" title=\"\" srcset=\"https:\/\/chanrathanhthuy.com\/wp-content\/uploads\/2023\/03\/Goi-trang-tri-khach-san-Tam-trang-tri-khach-san-Vay-giuong-khach-san.jpg 1500w, https:\/\/chanrathanhthuy.com\/wp-content\/uploads\/2023\/03\/Goi-trang-tri-khach-san-Tam-trang-tri-khach-san-Vay-giuong-khach-san-265x300.jpg 265w, https:\/\/chanrathanhthuy.com\/wp-content\/uploads\/2023\/03\/Goi-trang-tri-khach-san-Tam-trang-tri-khach-san-Vay-giuong-khach-san-906x1024.jpg 906w, https:\/\/chanrathanhthuy.com\/wp-content\/uploads\/2023\/03\/Goi-trang-tri-khach-san-Tam-trang-tri-khach-san-Vay-giuong-khach-san-133x150.jpg 133w, https:\/\/chanrathanhthuy.com\/wp-content\/uploads\/2023\/03\/Goi-trang-tri-khach-san-Tam-trang-tri-khach-san-Vay-giuong-khach-san-768x868.jpg 768w, https:\/\/chanrathanhthuy.com\/wp-content\/uploads\/2023\/03\/Goi-trang-tri-khach-san-Tam-trang-tri-khach-san-Vay-giuong-khach-san-1358x1536.jpg 1358w, https:\/\/chanrathanhthuy.com\/wp-content\/uploads\/2023\/03\/Goi-trang-tri-khach-san-Tam-trang-tri-khach-san-Vay-giuong-khach-san-600x678.jpg 600w\" sizes=\"auto, (max-width: 1500px) 100vw, 1500px\" \/><\/a><\/p>\n<h3 style=\"text-align: justify;\" data-sourcepos=\"6:1-6:57\">T\u1ea5m Trang Tr\u00ed Gi\u01b0\u1eddng Kh\u00e1ch S\u1ea1n: H\u01a1n C\u1ea3 S\u1ef1 Th\u1ea9m M\u1ef9<\/h3>\n<p style=\"text-align: justify;\" data-sourcepos=\"8:1-8:296\">T\u1ea5m trang tr\u00ed gi\u01b0\u1eddng kh\u00e1ch s\u1ea1n th\u01b0\u1eddng \u0111\u01b0\u1ee3c tr\u1ea3i ngang t\u1eeb gi\u1eefa ho\u1eb7c 1\/3 gi\u01b0\u1eddng, v\u1edbi nhi\u1ec1u ch\u1ea5t li\u1ec7u \u0111a d\u1ea1ng, trong \u0111\u00f3 ph\u1ed5 bi\u1ebfn l\u00e0 v\u1ea3i tafta. Ngo\u00e0i t\u00e1c d\u1ee5ng ch\u00ednh l\u00e0 t\u0103ng t\u00ednh th\u1ea9m m\u1ef9, l\u00e0m \u0111\u1eb9p cho ph\u00f2ng ng\u1ee7, t\u1ea5m trang tr\u00ed gi\u01b0\u1eddng c\u00f2n c\u00f3 nh\u1eefng c\u00f4ng d\u1ee5ng tuy\u1ec7t v\u1eddi m\u00e0 b\u1ea1n c\u00f3 th\u1ec3 ch\u01b0a bi\u1ebft:<\/p>\n<ul style=\"text-align: justify;\" data-sourcepos=\"10:1-13:0\">\n<li data-sourcepos=\"10:1-10:146\">N\u01a1i \u0111\u1eb7t \u0111\u1ed3 d\u00f9ng c\u00e1 nh\u00e2n: Gi\u00fap b\u1ea3o v\u1ec7 ga tr\u1ea3i gi\u01b0\u1eddng kh\u1ecfi vi khu\u1ea9n v\u00e0 b\u1ee5i b\u1ea9n khi b\u1ea1n \u0111\u1eb7t t\u00fai x\u00e1ch, \u0111i\u1ec7n tho\u1ea1i hay c\u00e1c v\u1eadt d\u1ee5ng c\u00e1 nh\u00e2n kh\u00e1c.<\/li>\n<li data-sourcepos=\"11:1-11:244\">Thay th\u1ebf kh\u0103n tr\u1ea3i b\u00e0n ti\u1ec7n l\u1ee3i: N\u1ebfu kh\u00e1ch h\u00e0ng c\u00f3 th\u00f3i quen \u0103n s\u00e1ng ngay t\u1ea1i gi\u01b0\u1eddng, t\u1ea5m trang tr\u00ed gi\u01b0\u1eddng s\u1ebd ho\u1ea1t \u0111\u1ed9ng nh\u01b0 m\u1ed9t t\u1ea5m kh\u0103n tr\u1ea3i b\u00e0n t\u1ea1m th\u1eddi, gi\u00fap h\u1ecd tho\u1ea3i m\u00e1i b\u00e0y \u0111\u1ed3 \u0103n v\u00e0 v\u1eadt d\u1ee5ng m\u00e0 kh\u00f4ng lo l\u00e0m b\u1ea9n n\u1ec7m hay ga gi\u01b0\u1eddng.<\/li>\n<li data-sourcepos=\"12:1-13:0\">Ch\u1ed7 \u0111\u1ec3 ch\u00e2n ho\u1eb7c gi\u00e0y: M\u1ed9t s\u1ed1 kh\u00e1ch s\u1ea1n s\u1eed d\u1ee5ng t\u1ea5m trang tr\u00ed nh\u01b0 m\u1ed9t khu v\u1ef1c \u0111\u1ec3 kh\u00e1ch h\u00e0ng c\u00f3 th\u1ec3 \u0111\u1eb7t ch\u00e2n ho\u1eb7c gi\u00e0y d\u00e9p m\u00e0 kh\u00f4ng l\u00e0m \u1ea3nh h\u01b0\u1edfng \u0111\u1ebfn s\u1ef1 s\u1ea1ch s\u1ebd c\u1ee7a ga gi\u01b0\u1eddng.<\/li>\n<\/ul>\n<p><a href=\"https:\/\/chanrathanhthuy.com\/wp-content\/uploads\/2023\/03\/Chan-ga-goi-dem-khach-san-homestay-resort-nha-nghi.jpg\"><img loading=\"lazy\" decoding=\"async\" class=\"aligncenter size-full wp-image-80019\" src=\"https:\/\/chanrathanhthuy.com\/wp-content\/uploads\/2023\/03\/Chan-ga-goi-dem-khach-san-homestay-resort-nha-nghi.jpg\" alt=\"\" width=\"1500\" height=\"1089\" title=\"\" srcset=\"https:\/\/chanrathanhthuy.com\/wp-content\/uploads\/2023\/03\/Chan-ga-goi-dem-khach-san-homestay-resort-nha-nghi.jpg 1500w, https:\/\/chanrathanhthuy.com\/wp-content\/uploads\/2023\/03\/Chan-ga-goi-dem-khach-san-homestay-resort-nha-nghi-300x218.jpg 300w, https:\/\/chanrathanhthuy.com\/wp-content\/uploads\/2023\/03\/Chan-ga-goi-dem-khach-san-homestay-resort-nha-nghi-1024x743.jpg 1024w, https:\/\/chanrathanhthuy.com\/wp-content\/uploads\/2023\/03\/Chan-ga-goi-dem-khach-san-homestay-resort-nha-nghi-150x109.jpg 150w, https:\/\/chanrathanhthuy.com\/wp-content\/uploads\/2023\/03\/Chan-ga-goi-dem-khach-san-homestay-resort-nha-nghi-768x558.jpg 768w, https:\/\/chanrathanhthuy.com\/wp-content\/uploads\/2023\/03\/Chan-ga-goi-dem-khach-san-homestay-resort-nha-nghi-600x436.jpg 600w\" sizes=\"auto, (max-width: 1500px) 100vw, 1500px\" \/><\/a><\/p>\n<h3 style=\"text-align: justify;\" data-sourcepos=\"14:1-14:79\">Chi Ti\u1ebft S\u1ea3n Ph\u1ea9m T\u1ea5m Trang Tr\u00ed Gi\u01b0\u1eddng Kh\u00e1ch S\u1ea1n T\u1ea1i Ch\u0103n Ra Thanh Th\u1ee7y<\/h3>\n<p style=\"text-align: justify;\" data-sourcepos=\"16:1-16:171\">T\u1ea1i Ch\u0103n Ra Thanh Th\u1ee7y, ch\u00fang t\u00f4i ch\u00fa tr\u1ecdng \u0111\u1ebfn ch\u1ea5t l\u01b0\u1ee3ng v\u00e0 t\u00ednh th\u1ea9m m\u1ef9 trong t\u1eebng s\u1ea3n ph\u1ea9m. T\u1ea5m trang tr\u00ed gi\u01b0\u1eddng kh\u00e1ch s\u1ea1n c\u1ee7a ch\u00fang t\u00f4i \u0111\u01b0\u1ee3c l\u00e0m t\u1eeb ch\u1ea5t li\u1ec7u:<\/p>\n<ul style=\"text-align: justify;\" data-sourcepos=\"18:1-19:0\">\n<li data-sourcepos=\"18:1-19:0\">V\u1ea3i tafta (Taffeta): \u0110\u00e2y l\u00e0 lo\u1ea1i v\u1ea3i d\u1ec7t l\u00e1ng b\u00f3ng t\u1eeb s\u1ee3i t\u01a1 ho\u1eb7c s\u1ee3i nh\u00e2n t\u1ea1o, n\u1ed5i b\u1eadt v\u1edbi \u0111\u1ed9 b\u00f3ng \u0111\u1eb9p, \u0111\u1ed9 c\u1ee9ng v\u1eeba ph\u1ea3i, kh\u00f4ng b\u00e1m da v\u00e0 kh\u1ea3 n\u0103ng gi\u1eef form d\u00e1ng t\u1ed1t. \u0110i\u1ec1u n\u00e0y gi\u00fap t\u1ea5m trang tr\u00ed gi\u01b0\u1eddng kh\u00e1ch s\u1ea1n lu\u00f4n gi\u1eef \u0111\u01b0\u1ee3c v\u1ebb \u0111\u1eb9p sang tr\u1ecdng v\u00e0 tinh t\u1ebf theo th\u1eddi gian.<\/li>\n<\/ul>\n<p style=\"text-align: justify;\" data-sourcepos=\"20:1-20:174\">V\u1edbi t\u1ea5m trang tr\u00ed gi\u01b0\u1eddng kh\u00e1ch s\u1ea1n t\u1eeb Ch\u0103n Ra Thanh Th\u1ee7y, kh\u00f4ng gian ph\u00f2ng ng\u1ee7 c\u1ee7a b\u1ea1n s\u1ebd tr\u1edf n\u00ean \u0111\u1eb3ng c\u1ea5p h\u01a1n, \u0111\u1ed3ng th\u1eddi mang l\u1ea1i s\u1ef1 ti\u1ec7n nghi t\u1ed1i \u0111a cho kh\u00e1ch h\u00e0ng.<\/p>\n","protected":false},"excerpt":{"rendered":"<p><span style=\"color: #ff0000;\"><strong>GI\u00c1 \u01afU \u0110\u00c3I T\u1edaI 50% KHI \u0110\u1eb6T MAY THEO Y\u00caU C\u1ea6U<\/strong><\/span><\/p>\n","protected":false},"featured_media":82059,"comment_status":"open","ping_status":"closed","template":"","meta":{"_acf_changed":false,"inline_featured_image":false},"product_cat":[2073,2649],"product_tag":[],"class_list":{"0":"post-69031","1":"product","2":"type-product","3":"status-publish","4":"has-post-thumbnail","6":"product_cat-khach-san-homestay-nha-nghi","7":"product_cat-phu-kien","9":"first","10":"instock","11":"purchasable","12":"product-type-variable","13":"rtwpvg-product"},"acf":[],"_links":{"self":[{"href":"https:\/\/chanrathanhthuy.com\/ja\/wp-json\/wp\/v2\/product\/69031","targetHints":{"allow":["GET"]}}],"collection":[{"href":"https:\/\/chanrathanhthuy.com\/ja\/wp-json\/wp\/v2\/product"}],"about":[{"href":"https:\/\/chanrathanhthuy.com\/ja\/wp-json\/wp\/v2\/types\/product"}],"replies":[{"embeddable":true,"href":"https:\/\/chanrathanhthuy.com\/ja\/wp-json\/wp\/v2\/comments?post=69031"}],"wp:featuredmedia":[{"embeddable":true,"href":"https:\/\/chanrathanhthuy.com\/ja\/wp-json\/wp\/v2\/media\/82059"}],"wp:attachment":[{"href":"https:\/\/chanrathanhthuy.com\/ja\/wp-json\/wp\/v2\/media?parent=69031"}],"wp:term":[{"taxonomy":"product_cat","embeddable":true,"href":"https:\/\/chanrathanhthuy.com\/ja\/wp-json\/wp\/v2\/product_cat?post=69031"},{"taxonomy":"product_tag","embeddable":true,"href":"https:\/\/chanrathanhthuy.com\/ja\/wp-json\/wp\/v2\/product_tag?post=69031"}],"curies":[{"name":"wp","href":"https:\/\/api.w.org\/{rel}","templated":true}]}}