{"id":69060,"date":"2023-03-08T02:34:29","date_gmt":"2023-03-08T02:34:29","guid":{"rendered":"https:\/\/chanrathanhthuy.com\/product\/ao-choang-tam-to-ong-loai-a-dat-may-theo-yeu-cau-2"},"modified":"2026-04-13T06:21:25","modified_gmt":"2026-04-13T06:21:25","slug":"ao-choang-tam-to-ong-loai-a-dat-may-theo-yeu-cau-2","status":"publish","type":"product","link":"https:\/\/chanrathanhthuy.com\/ja\/product\/ao-choang-tam-to-ong-loai-a-dat-may-theo-yeu-cau-2\/","title":{"rendered":"5. \u00c1o Cho\u00e0ng T\u1eafm T\u1ed5 Ong Lo\u1ea1i A Kh\u00e1ch S\u1ea1n"},"content":{"rendered":"<h2 style=\"text-align: justify;\" data-sourcepos=\"2:1-2:79\">\u00c1o Cho\u00e0ng Kh\u00e1ch S\u1ea1n Cao C\u1ea5p \u2013 Ch\u1ea5t L\u01b0\u1ee3ng V\u01b0\u1ee3t Tr\u1ed9i T\u1eeb Ch\u0103n Ra Thanh Th\u1ee7y<\/h2>\n<p style=\"text-align: justify;\" data-sourcepos=\"4:1-4:341\">\u00c1o cho\u00e0ng kh\u00e1ch s\u1ea1n l\u00e0 m\u1ed9t trong nh\u1eefng y\u1ebfu t\u1ed1 quan tr\u1ecdng g\u00f3p ph\u1ea7n t\u1ea1o n\u00ean tr\u1ea3i nghi\u1ec7m \u0111\u1eb3ng c\u1ea5p v\u00e0 tho\u1ea3i m\u00e1i cho kh\u00e1ch l\u01b0u tr\u00fa. T\u1ea1i Ch\u0103n Ra Thanh Th\u1ee7y, ch\u00fang t\u00f4i t\u1ef1 h\u00e0o cung c\u1ea5p \u00e1o cho\u00e0ng kh\u00e1ch s\u1ea1n \u0111\u01b0\u1ee3c s\u1ea3n xu\u1ea5t t\u1eeb 100% s\u1ee3i Cotton nh\u1eadp kh\u1ea9u, mang \u0111\u1ebfn nhi\u1ec1u \u01b0u \u0111i\u1ec3m v\u01b0\u1ee3t tr\u1ed9i so v\u1edbi c\u00e1c lo\u1ea1i kh\u0103n b\u00f4ng th\u00f4ng th\u01b0\u1eddng tr\u00ean th\u1ecb tr\u01b0\u1eddng.<\/p>\n<p data-sourcepos=\"4:1-4:341\"><a href=\"https:\/\/chanrathanhthuy.com\/wp-content\/uploads\/2023\/03\/Ao-choang-tam-to-ong-khach-san.jpg\"><img loading=\"lazy\" decoding=\"async\" class=\"aligncenter size-full wp-image-80545\" src=\"https:\/\/chanrathanhthuy.com\/wp-content\/uploads\/2023\/03\/Ao-choang-tam-to-ong-khach-san.jpg\" alt=\"\" width=\"1500\" height=\"1746\" title=\"\" srcset=\"https:\/\/chanrathanhthuy.com\/wp-content\/uploads\/2023\/03\/Ao-choang-tam-to-ong-khach-san.jpg 1500w, https:\/\/chanrathanhthuy.com\/wp-content\/uploads\/2023\/03\/Ao-choang-tam-to-ong-khach-san-258x300.jpg 258w, https:\/\/chanrathanhthuy.com\/wp-content\/uploads\/2023\/03\/Ao-choang-tam-to-ong-khach-san-880x1024.jpg 880w, https:\/\/chanrathanhthuy.com\/wp-content\/uploads\/2023\/03\/Ao-choang-tam-to-ong-khach-san-129x150.jpg 129w, https:\/\/chanrathanhthuy.com\/wp-content\/uploads\/2023\/03\/Ao-choang-tam-to-ong-khach-san-768x894.jpg 768w, https:\/\/chanrathanhthuy.com\/wp-content\/uploads\/2023\/03\/Ao-choang-tam-to-ong-khach-san-1320x1536.jpg 1320w, https:\/\/chanrathanhthuy.com\/wp-content\/uploads\/2023\/03\/Ao-choang-tam-to-ong-khach-san-600x698.jpg 600w\" sizes=\"auto, (max-width: 1500px) 100vw, 1500px\" \/><\/a><\/p>\n<h3 style=\"text-align: justify;\" data-sourcepos=\"6:1-6:67\">\u0110\u1eb7c T\u00ednh N\u1ed5i B\u1eadt C\u1ee7a \u00c1o Cho\u00e0ng Kh\u00e1ch S\u1ea1n Ch\u0103n Ra Thanh Th\u1ee7y<\/h3>\n<p style=\"text-align: justify;\" data-sourcepos=\"8:1-8:152\">V\u1edbi c\u00f4ng ngh\u1ec7 s\u1ea3n xu\u1ea5t hi\u1ec7n \u0111\u1ea1i v\u00e0 quy tr\u00ecnh ki\u1ec3m so\u00e1t ch\u1ea5t l\u01b0\u1ee3ng nghi\u00eam ng\u1eb7t, \u00e1o cho\u00e0ng kh\u00e1ch s\u1ea1n Ch\u0103n Ra Thanh Th\u1ee7y s\u1edf h\u1eefu nh\u1eefng \u0111\u1eb7c t\u00ednh \u01b0u vi\u1ec7t:<\/p>\n<ul style=\"text-align: justify;\" data-sourcepos=\"10:1-15:0\">\n<li data-sourcepos=\"10:1-10:203\">M\u1ec1m m\u1ea1i v\u01b0\u1ee3t tr\u1ed9i: Kh\u00f4ng th\u00f4 c\u1ee9ng, \u00e1o cho\u00e0ng kh\u00e1ch s\u1ea1n c\u1ee7a ch\u00fang t\u00f4i gi\u1eef \u0111\u01b0\u1ee3c s\u1ef1 m\u1ec1m m\u1ea1i t\u1ed1i \u0111a ngay c\u1ea3 khi ph\u01a1i kh\u00f4 ngo\u00e0i \u00e1nh n\u1eafng m\u1eb7t tr\u1eddi, mang l\u1ea1i c\u1ea3m gi\u00e1c d\u1ec5 ch\u1ecbu tuy\u1ec7t \u0111\u1ed1i cho ng\u01b0\u1eddi d\u00f9ng.<\/li>\n<li data-sourcepos=\"11:1-11:223\">\u0110\u1ed9 b\u1ec1n cao: S\u1ea3n ph\u1ea9m kh\u00f4ng b\u1ecb m\u1ed1c, h\u00f4i, hay \u1ed1 m\u00e0u ngay c\u1ea3 sau th\u1eddi gian d\u00e0i s\u1eed d\u1ee5ng. C\u00e1c s\u1ee3i b\u00f4ng \u0111\u01b0\u1ee3c li\u00ean k\u1ebft b\u1ec1n ch\u1eb7t v\u1edbi n\u1ec1n kh\u0103n, gi\u00fap t\u0103ng tu\u1ed5i th\u1ecd c\u1ee7a \u00e1o cho\u00e0ng l\u00ean g\u1ea5p \u0111\u00f4i so v\u1edbi c\u00e1c s\u1ea3n ph\u1ea9m th\u00f4ng th\u01b0\u1eddng.<\/li>\n<li data-sourcepos=\"12:1-12:144\">Kh\u00f4ng bung t\u01a1 l\u00f4ng: B\u1ea1n s\u1ebd kh\u00f4ng c\u00f2n lo l\u1eafng v\u1ec1 t\u00ecnh tr\u1ea1ng t\u01a1 l\u00f4ng b\u1ecb bung ra trong qu\u00e1 tr\u00ecnh s\u1eed d\u1ee5ng, \u0111\u1ea3m b\u1ea3o s\u1ef1 s\u1ea1ch s\u1ebd v\u00e0 t\u00ednh th\u1ea9m m\u1ef9.<\/li>\n<li data-sourcepos=\"13:1-13:156\">Th\u1ea5m h\u00fat n\u01b0\u1edbc c\u1ef1c t\u1ed1t: Kh\u1ea3 n\u0103ng th\u1ea5m h\u00fat n\u01b0\u1edbc v\u01b0\u1ee3t tr\u1ed9i, g\u1ea5p 8 l\u1ea7n tr\u1ecdng l\u01b0\u1ee3ng c\u1ee7a kh\u0103n, gi\u00fap ng\u01b0\u1eddi d\u00f9ng nhanh ch\u00f3ng kh\u00f4 r\u00e1o v\u00e0 tho\u1ea3i m\u00e1i sau khi t\u1eafm.<\/li>\n<li data-sourcepos=\"14:1-15:0\">\u0110\u01b0\u1eddng may ch\u1eafc ch\u1eafn: V\u1edbi \u0111\u01b0\u1eddng ch\u1ec9 \u0111\u01b0\u1ee3c may b\u1eb1ng m\u00e1y 5 kim Nh\u1eadt B\u1ea3n, \u00e1o cho\u00e0ng kh\u00e1ch s\u1ea1n Thanh Th\u1ee7y c\u00f3 \u0111\u1ed9 b\u1ec1n v\u01b0\u1ee3t tr\u1ed9i, kh\u00f4ng b\u1ecb bung sau nhi\u1ec1u l\u1ea7n gi\u1eb7t t\u1ea9y b\u1eb1ng m\u00e1y gi\u1eb7t c\u00f4ng nghi\u1ec7p, \u0111\u1ea3m b\u1ea3o s\u1ef1 \u0111\u1ea7u t\u01b0 l\u00e2u d\u00e0i cho kh\u00e1ch s\u1ea1n.<\/li>\n<\/ul>\n<h3 style=\"text-align: justify;\" data-sourcepos=\"16:1-16:60\">Ch\u0103n Ra Thanh Th\u1ee7y \u2013 Gi\u1ea3i Ph\u00e1p \u0110\u1ed3ng B\u1ed9 Cho Kh\u00e1ch S\u1ea1n<\/h3>\n<p style=\"text-align: justify;\" data-sourcepos=\"18:1-18:255\">T\u1ea1i Ch\u0103n Ra Thanh Th\u1ee7y, v\u1edbi h\u1ec7 th\u1ed1ng c\u00f4ng ngh\u1ec7 v\u00e0 thi\u1ebft b\u1ecb hi\u1ec7n \u0111\u1ea1i b\u1eadc nh\u1ea5t trong khu v\u1ef1c l\u00e0ng ngh\u1ec1 kh\u0103n b\u00f4ng, ch\u00fang t\u00f4i kh\u00f4ng ch\u1ec9 kh\u1eafc ph\u1ee5c v\u00e0 ki\u1ec3m so\u00e1t ch\u1eb7t ch\u1ebd c\u00e1c y\u1ebfu t\u1ed1 v\u1ec1 ch\u1ea5t l\u01b0\u1ee3ng m\u00e0 c\u00f2n t\u1ed1i \u01b0u h\u00f3a n\u0103ng su\u1ea5t, mang l\u1ea1i m\u1ee9c gi\u00e1 c\u1ea1nh tranh nh\u1ea5t.<\/p>\n<p style=\"text-align: justify;\" data-sourcepos=\"20:1-20:313\">\u00c1o cho\u00e0ng kh\u00e1ch s\u1ea1n n\u00f3i ri\u00eang, hay c\u00e1c lo\u1ea1i kh\u0103n kh\u00e1ch s\u1ea1n n\u00f3i chung, l\u00e0 nh\u1eefng s\u1ea3n ph\u1ea9m v\u00e0 ph\u1ee5 ki\u1ec7n m\u00e0 b\u1ea5t k\u1ef3 nh\u00e0 th\u1ea7u d\u1ef1 \u00e1n n\u00e0o c\u0169ng c\u1ea7n \u0111\u1eb7t s\u1ef1 quan t\u00e2m h\u00e0ng \u0111\u1ea7u, b\u00ean c\u1ea1nh c\u00e1c s\u1ea3n ph\u1ea9m ch\u0103n ga g\u1ed1i \u0111\u1ec7m. Ch\u00fang t\u00f4i t\u1ef1 tin cung c\u1ea5p gi\u1ea3i ph\u00e1p \u0111\u1ed3ng b\u1ed9, ch\u1ea5t l\u01b0\u1ee3ng cao cho m\u1ecdi nhu c\u1ea7u c\u1ee7a kh\u00e1ch s\u1ea1n, resort.<\/p>\n<p style=\"text-align: justify;\" data-sourcepos=\"22:1-22:167\">H\u00e3y li\u00ean h\u1ec7 v\u1edbi Ch\u0103n Ra Thanh Th\u1ee7y ngay h\u00f4m nay \u0111\u1ec3 \u0111\u01b0\u1ee3c t\u01b0 v\u1ea5n v\u00e0 nh\u1eadn b\u00e1o gi\u00e1 t\u1ed1t nh\u1ea5t cho c\u00e1c s\u1ea3n ph\u1ea9m \u00e1o cho\u00e0ng kh\u00e1ch s\u1ea1n v\u00e0 \u0111\u1ed3 v\u1ea3i kh\u00e1ch s\u1ea1n chuy\u00ean nghi\u1ec7p<\/p>\n","protected":false},"excerpt":{"rendered":"<p><span style=\"color: #ff0000;\"><strong>GI\u00c1 \u01afU \u0110\u00c3I T\u1edaI 50% KHI \u0110\u1eb6T MAY THEO Y\u00caU C\u1ea6U<\/strong><\/span><\/p>\n","protected":false},"featured_media":72985,"comment_status":"open","ping_status":"closed","template":"","meta":{"_acf_changed":false,"inline_featured_image":false},"product_cat":[2073,1987,2649],"product_tag":[],"class_list":{"0":"post-69060","1":"product","2":"type-product","3":"status-publish","4":"has-post-thumbnail","6":"product_cat-khach-san-homestay-nha-nghi","7":"product_cat-chan-ga-khach-san","8":"product_cat-phu-kien","10":"first","11":"instock","12":"purchasable","13":"product-type-variable","14":"rtwpvg-product"},"acf":[],"_links":{"self":[{"href":"https:\/\/chanrathanhthuy.com\/ja\/wp-json\/wp\/v2\/product\/69060","targetHints":{"allow":["GET"]}}],"collection":[{"href":"https:\/\/chanrathanhthuy.com\/ja\/wp-json\/wp\/v2\/product"}],"about":[{"href":"https:\/\/chanrathanhthuy.com\/ja\/wp-json\/wp\/v2\/types\/product"}],"replies":[{"embeddable":true,"href":"https:\/\/chanrathanhthuy.com\/ja\/wp-json\/wp\/v2\/comments?post=69060"}],"wp:featuredmedia":[{"embeddable":true,"href":"https:\/\/chanrathanhthuy.com\/ja\/wp-json\/wp\/v2\/media\/72985"}],"wp:attachment":[{"href":"https:\/\/chanrathanhthuy.com\/ja\/wp-json\/wp\/v2\/media?parent=69060"}],"wp:term":[{"taxonomy":"product_cat","embeddable":true,"href":"https:\/\/chanrathanhthuy.com\/ja\/wp-json\/wp\/v2\/product_cat?post=69060"},{"taxonomy":"product_tag","embeddable":true,"href":"https:\/\/chanrathanhthuy.com\/ja\/wp-json\/wp\/v2\/product_tag?post=69060"}],"curies":[{"name":"wp","href":"https:\/\/api.w.org\/{rel}","templated":true}]}}