{"id":69080,"date":"2023-03-08T06:46:30","date_gmt":"2023-03-08T06:46:30","guid":{"rendered":"https:\/\/chanrathanhthuy.com\/product\/ruot-goi-khach-san-dat-may-theo-yeu-cau"},"modified":"2026-04-13T06:31:59","modified_gmt":"2026-04-13T06:31:59","slug":"ruot-goi-khach-san-dat-may-theo-yeu-cau","status":"publish","type":"product","link":"https:\/\/chanrathanhthuy.com\/ja\/product\/ruot-goi-khach-san-dat-may-theo-yeu-cau\/","title":{"rendered":"4. Ru\u1ed9t G\u1ed1i Kh\u00e1ch S\u1ea1n"},"content":{"rendered":"<h2 style=\"text-align: justify;\" data-sourcepos=\"2:1-2:80\">Ru\u1ed9t G\u1ed1i Kh\u00e1ch S\u1ea1n \u2013 N\u00e2ng Niu Gi\u1ea5c Ng\u1ee7 Kh\u00e1ch H\u00e0ng C\u00f9ng Ch\u0103n Ra Thanh Th\u1ee7y<\/h2>\n<p style=\"text-align: justify;\" data-sourcepos=\"4:1-4:365\">Ru\u1ed9t g\u1ed1i kh\u00e1ch s\u1ea1n l\u00e0 m\u1ed9t trong nh\u1eefng v\u1eadt d\u1ee5ng kh\u00f4ng th\u1ec3 thi\u1ebfu, \u0111\u00f3ng vai tr\u00f2 quan tr\u1ecdng trong vi\u1ec7c mang l\u1ea1i gi\u1ea5c ng\u1ee7 tr\u1ecdn v\u1eb9n v\u00e0 tho\u1ea3i m\u00e1i cho du kh\u00e1ch. Hi\u1ec3u \u0111\u01b0\u1ee3c \u0111i\u1ec1u n\u00e0y, Ch\u0103n Ra Thanh Th\u1ee7y chuy\u00ean cung c\u1ea5p c\u00e1c lo\u1ea1i ru\u1ed9t g\u1ed1i kh\u00e1ch s\u1ea1n ch\u1ea5t l\u01b0\u1ee3ng cao, gi\u00fap n\u00e2ng \u0111\u1ee1 \u00eam \u00e1i ph\u1ea7n \u0111\u1ea7u, c\u1ed5 v\u00e0 g\u00e1y, \u0111\u1ea3m b\u1ea3o kh\u00e1ch h\u00e0ng c\u00f3 nh\u1eefng gi\u1edd ph\u00fat ngh\u1ec9 ng\u01a1i th\u01b0 gi\u00e3n nh\u1ea5t.<\/p>\n<p data-sourcepos=\"4:1-4:365\"><a href=\"https:\/\/chanrathanhthuy.com\/wp-content\/uploads\/2025\/05\/Ruot-goi-khach-san.jpg\"><img loading=\"lazy\" decoding=\"async\" class=\"aligncenter size-full wp-image-80009\" src=\"https:\/\/chanrathanhthuy.com\/wp-content\/uploads\/2025\/05\/Ruot-goi-khach-san.jpg\" alt=\"\" width=\"1500\" height=\"2370\" title=\"\" srcset=\"https:\/\/chanrathanhthuy.com\/wp-content\/uploads\/2025\/05\/Ruot-goi-khach-san.jpg 1500w, https:\/\/chanrathanhthuy.com\/wp-content\/uploads\/2025\/05\/Ruot-goi-khach-san-190x300.jpg 190w, https:\/\/chanrathanhthuy.com\/wp-content\/uploads\/2025\/05\/Ruot-goi-khach-san-648x1024.jpg 648w, https:\/\/chanrathanhthuy.com\/wp-content\/uploads\/2025\/05\/Ruot-goi-khach-san-95x150.jpg 95w, https:\/\/chanrathanhthuy.com\/wp-content\/uploads\/2025\/05\/Ruot-goi-khach-san-768x1213.jpg 768w, https:\/\/chanrathanhthuy.com\/wp-content\/uploads\/2025\/05\/Ruot-goi-khach-san-972x1536.jpg 972w, https:\/\/chanrathanhthuy.com\/wp-content\/uploads\/2025\/05\/Ruot-goi-khach-san-1296x2048.jpg 1296w, https:\/\/chanrathanhthuy.com\/wp-content\/uploads\/2025\/05\/Ruot-goi-khach-san-600x948.jpg 600w\" sizes=\"auto, (max-width: 1500px) 100vw, 1500px\" \/><\/a><\/p>\n<h3 style=\"text-align: justify;\" data-sourcepos=\"6:1-6:65\">T\u1ea1i Sao Ru\u1ed9t G\u1ed1i G\u00f2n \u00c9p L\u00e0 L\u1ef1a Ch\u1ecdn T\u1ed1i \u01afu Cho Kh\u00e1ch S\u1ea1n?<\/h3>\n<p style=\"text-align: justify;\" data-sourcepos=\"8:1-8:200\">Tr\u00ean th\u1ecb tr\u01b0\u1eddng hi\u1ec7n c\u00f3 \u0111a d\u1ea1ng c\u00e1c lo\u1ea1i ru\u1ed9t g\u1ed1i, nh\u01b0ng ru\u1ed9t g\u1ed1i g\u00f2n \u00e9p v\u1eabn \u0111\u01b0\u1ee3c c\u00e1c kh\u00e1ch s\u1ea1n \u01b0a chu\u1ed9ng v\u00e0 s\u1eed d\u1ee5ng ph\u1ed5 bi\u1ebfn h\u01a1n c\u1ea3. L\u00fd do l\u00e0 b\u1edfi nh\u1eefng \u01b0u \u0111i\u1ec3m v\u01b0\u1ee3t tr\u1ed9i m\u00e0 s\u1ea3n ph\u1ea9m n\u00e0y mang l\u1ea1i:<\/p>\n<ul style=\"text-align: justify;\" data-sourcepos=\"10:1-13:0\">\n<li data-sourcepos=\"10:1-10:156\">Gi\u00e1 th\u00e0nh ti\u1ebft ki\u1ec7m: Ru\u1ed9t g\u1ed1i g\u00f2n \u00e9p c\u00f3 m\u1ee9c gi\u00e1 ph\u1ea3i ch\u0103ng, gi\u00fap c\u00e1c \u0111\u01a1n v\u1ecb kh\u00e1ch s\u1ea1n t\u1ed1i \u01b0u h\u00f3a chi ph\u00ed \u0111\u1ea7u t\u01b0 m\u00e0 v\u1eabn \u0111\u1ea3m b\u1ea3o ch\u1ea5t l\u01b0\u1ee3ng ph\u1ee5c v\u1ee5.<\/li>\n<li data-sourcepos=\"11:1-11:193\">D\u1ec5 d\u00e0ng s\u1eed d\u1ee5ng v\u00e0 v\u1ec7 sinh: V\u1edbi \u0111\u1eb7c t\u00ednh g\u1ecdn nh\u1eb9 v\u00e0 kh\u1ea3 n\u0103ng kh\u00f4 nhanh, ru\u1ed9t g\u1ed1i g\u00f2n \u00e9p r\u1ea5t thu\u1eadn ti\u1ec7n cho vi\u1ec7c thay th\u1ebf v\u00e0 v\u1ec7 sinh \u0111\u1ecbnh k\u1ef3, \u0111\u1ea3m b\u1ea3o v\u1ec7 sinh an to\u00e0n cho kh\u00e1ch l\u01b0u tr\u00fa.<\/li>\n<li data-sourcepos=\"12:1-13:0\">Mang l\u1ea1i l\u1ee3i \u00edch cao: S\u1ef1 k\u1ebft h\u1ee3p gi\u1eefa gi\u00e1 th\u00e0nh h\u1ee3p l\u00fd, d\u1ec5 b\u1ea3o qu\u1ea3n v\u00e0 kh\u1ea3 n\u0103ng n\u00e2ng \u0111\u1ee1 t\u1ed1t gi\u00fap ru\u1ed9t g\u1ed1i g\u00f2n \u00e9p tr\u1edf th\u00e0nh gi\u1ea3i ph\u00e1p hi\u1ec7u qu\u1ea3, mang l\u1ea1i l\u1ee3i \u00edch kinh t\u1ebf v\u00e0 tr\u1ea3i nghi\u1ec7m t\u1ed1t cho kh\u00e1ch h\u00e0ng c\u1ee7a kh\u00e1ch s\u1ea1n.<\/li>\n<\/ul>\n<p><a href=\"https:\/\/chanrathanhthuy.com\/wp-content\/uploads\/2023\/03\/Chan-ga-goi-dem-khach-san-homestay-resort-nha-nghi.jpg\"><img loading=\"lazy\" decoding=\"async\" class=\"aligncenter size-full wp-image-80019\" src=\"https:\/\/chanrathanhthuy.com\/wp-content\/uploads\/2023\/03\/Chan-ga-goi-dem-khach-san-homestay-resort-nha-nghi.jpg\" alt=\"\" width=\"1500\" height=\"1089\" title=\"\" srcset=\"https:\/\/chanrathanhthuy.com\/wp-content\/uploads\/2023\/03\/Chan-ga-goi-dem-khach-san-homestay-resort-nha-nghi.jpg 1500w, https:\/\/chanrathanhthuy.com\/wp-content\/uploads\/2023\/03\/Chan-ga-goi-dem-khach-san-homestay-resort-nha-nghi-300x218.jpg 300w, https:\/\/chanrathanhthuy.com\/wp-content\/uploads\/2023\/03\/Chan-ga-goi-dem-khach-san-homestay-resort-nha-nghi-1024x743.jpg 1024w, https:\/\/chanrathanhthuy.com\/wp-content\/uploads\/2023\/03\/Chan-ga-goi-dem-khach-san-homestay-resort-nha-nghi-150x109.jpg 150w, https:\/\/chanrathanhthuy.com\/wp-content\/uploads\/2023\/03\/Chan-ga-goi-dem-khach-san-homestay-resort-nha-nghi-768x558.jpg 768w, https:\/\/chanrathanhthuy.com\/wp-content\/uploads\/2023\/03\/Chan-ga-goi-dem-khach-san-homestay-resort-nha-nghi-600x436.jpg 600w\" sizes=\"auto, (max-width: 1500px) 100vw, 1500px\" \/><\/a><\/p>\n<h3 style=\"text-align: justify;\" data-sourcepos=\"16:1-16:75\">Ch\u1ecdn Ru\u1ed9t G\u1ed1i Kh\u00e1ch S\u1ea1n Ch\u0103n Ra Thanh Th\u1ee7y \u2013 Ch\u1ecdn An T\u00e2m Ch\u1ea5t L\u01b0\u1ee3ng<\/h3>\n<p style=\"text-align: justify;\" data-sourcepos=\"18:1-18:308\">Ch\u0103n Ra Thanh Th\u1ee7y cam k\u1ebft mang \u0111\u1ebfn nh\u1eefng s\u1ea3n ph\u1ea9m ru\u1ed9t g\u1ed1i kh\u00e1ch s\u1ea1n kh\u00f4ng ch\u1ec9 \u0111\u00e1p \u1ee9ng ti\u00eau chu\u1ea9n v\u1ec1 \u0111\u1ed9 b\u1ec1n v\u00e0 t\u00ednh n\u0103ng, m\u00e0 c\u00f2n \u0111\u1ea3m b\u1ea3o s\u1ef1 tho\u1ea3i m\u00e1i t\u1ed1i \u0111a cho ng\u01b0\u1eddi d\u00f9ng. Ch\u00fang t\u00f4i hi\u1ec3u r\u1eb1ng m\u1ed9t chi\u1ebfc g\u1ed1i ch\u1ea5t l\u01b0\u1ee3ng s\u1ebd g\u00f3p ph\u1ea7n kh\u00f4ng nh\u1ecf v\u00e0o s\u1ef1 h\u00e0i l\u00f2ng t\u1ed5ng th\u1ec3 c\u1ee7a kh\u00e1ch h\u00e0ng v\u1ec1 d\u1ecbch v\u1ee5 l\u01b0u tr\u00fa.<\/p>\n<p style=\"text-align: justify;\" data-sourcepos=\"20:1-20:170\">H\u00e3y li\u00ean h\u1ec7 v\u1edbi Ch\u0103n Ra Thanh Th\u1ee7y ngay h\u00f4m nay \u0111\u1ec3 \u0111\u01b0\u1ee3c t\u01b0 v\u1ea5n chi ti\u1ebft v\u00e0 l\u1ef1a ch\u1ecdn lo\u1ea1i ru\u1ed9t g\u1ed1i kh\u00e1ch s\u1ea1n ph\u00f9 h\u1ee3p nh\u1ea5t v\u1edbi nhu c\u1ea7u v\u00e0 ti\u00eau chu\u1ea9n c\u1ee7a \u0111\u01a1n v\u1ecb b\u1ea1n.<\/p>\n","protected":false},"excerpt":{"rendered":"<p><span style=\"color: #ff0000;\"><strong>GI\u00c1 \u01afU \u0110\u00c3I T\u1edaI 50% KHI \u0110\u1eb6T MAY THEO Y\u00caU C\u1ea6U<\/strong><\/span><\/p>\n","protected":false},"featured_media":73070,"comment_status":"open","ping_status":"closed","template":"","meta":{"_acf_changed":false,"inline_featured_image":false},"product_cat":[2073,2650],"product_tag":[],"class_list":{"0":"post-69080","1":"product","2":"type-product","3":"status-publish","4":"has-post-thumbnail","6":"product_cat-khach-san-homestay-nha-nghi","7":"product_cat-ruot-goi-2","9":"first","10":"instock","11":"purchasable","12":"product-type-variable","13":"rtwpvg-product"},"acf":[],"_links":{"self":[{"href":"https:\/\/chanrathanhthuy.com\/ja\/wp-json\/wp\/v2\/product\/69080","targetHints":{"allow":["GET"]}}],"collection":[{"href":"https:\/\/chanrathanhthuy.com\/ja\/wp-json\/wp\/v2\/product"}],"about":[{"href":"https:\/\/chanrathanhthuy.com\/ja\/wp-json\/wp\/v2\/types\/product"}],"replies":[{"embeddable":true,"href":"https:\/\/chanrathanhthuy.com\/ja\/wp-json\/wp\/v2\/comments?post=69080"}],"wp:featuredmedia":[{"embeddable":true,"href":"https:\/\/chanrathanhthuy.com\/ja\/wp-json\/wp\/v2\/media\/73070"}],"wp:attachment":[{"href":"https:\/\/chanrathanhthuy.com\/ja\/wp-json\/wp\/v2\/media?parent=69080"}],"wp:term":[{"taxonomy":"product_cat","embeddable":true,"href":"https:\/\/chanrathanhthuy.com\/ja\/wp-json\/wp\/v2\/product_cat?post=69080"},{"taxonomy":"product_tag","embeddable":true,"href":"https:\/\/chanrathanhthuy.com\/ja\/wp-json\/wp\/v2\/product_tag?post=69080"}],"curies":[{"name":"wp","href":"https:\/\/api.w.org\/{rel}","templated":true}]}}