{"id":69157,"date":"2023-03-08T07:28:35","date_gmt":"2023-03-08T07:28:35","guid":{"rendered":"https:\/\/chanrathanhthuy.com\/product\/ao-men-trang-tron-chong-nhan-dat-may-theo-yeu-cau"},"modified":"2026-04-10T04:27:51","modified_gmt":"2026-04-10T04:27:51","slug":"ao-men-trang-tron-chong-nhan-dat-may-theo-yeu-cau","status":"publish","type":"product","link":"https:\/\/chanrathanhthuy.com\/ja\/product\/ao-men-trang-tron-chong-nhan-dat-may-theo-yeu-cau\/","title":{"rendered":"1.4. \u00c1o M\u1ec1n Tr\u1eafng Tr\u01a1n Ch\u1ed1ng Nh\u0103n Kh\u00e1ch S\u1ea1n"},"content":{"rendered":"<h2 style=\"text-align: justify;\" data-sourcepos=\"3:1-3:83\">Ch\u0103n Ga G\u1ed1i \u0110\u1ec7m Kh\u00e1ch S\u1ea1n: \u00c1o M\u1ec1n Tr\u1eafng Tr\u01a1n Ch\u1ed1ng Nh\u0103n Cao C\u1ea5p t\u1eeb Ch\u0103n Ra Thanh Th\u1ee7y<\/h2>\n<p style=\"text-align: justify;\" data-sourcepos=\"5:1-5:423\">\u0110\u1ec3 ho\u00e0n thi\u1ec7n kh\u00f4ng gian ph\u00f2ng ngh\u1ec9 v\u00e0 mang \u0111\u1ebfn s\u1ef1 tho\u1ea3i m\u00e1i t\u1ed1i \u01b0u, \u00e1o m\u1ec1n kh\u00e1ch s\u1ea1n \u2013 hay c\u00f2n g\u1ecdi l\u00e0 v\u1ecf m\u1ec1n (v\u1ecf ch\u0103n kh\u00e1ch s\u1ea1n) \u2013 l\u00e0 th\u00e0nh ph\u1ea7n kh\u00f4ng th\u1ec3 thi\u1ebfu trong b\u1ed9 ch\u0103n ga g\u1ed1i \u0111\u1ec7m. Ch\u0103n Ra Thanh Th\u1ee7y t\u1ef1 h\u00e0o l\u00e0 \u0111\u01a1n v\u1ecb chuy\u00ean cung c\u1ea5p ch\u0103n ga g\u1ed1i kh\u00e1ch s\u1ea1n \u0111\u1ea1t ti\u00eau chu\u1ea9n t\u1eeb 3 \u0111\u1ebfn 5 sao, v\u1edbi c\u00e1c s\u1ea3n ph\u1ea9m \u00e1o m\u1ec1n tr\u1eafng tr\u01a1n v\u00e0 tr\u1eafng s\u1ecdc \u0111a d\u1ea1ng k\u00edch th\u01b0\u1edbc, \u0111\u00e1p \u1ee9ng m\u1ecdi y\u00eau c\u1ea7u ri\u00eang bi\u1ec7t c\u1ee7a kh\u00e1ch h\u00e0ng.<\/p>\n<p data-sourcepos=\"5:1-5:423\"><a href=\"https:\/\/chanrathanhthuy.com\/wp-content\/uploads\/2023\/03\/Chan-ga-goi-dem-khach-san-homestay-resort-nha-nghi.jpg\"><img loading=\"lazy\" decoding=\"async\" class=\"aligncenter size-full wp-image-80019\" src=\"https:\/\/chanrathanhthuy.com\/wp-content\/uploads\/2023\/03\/Chan-ga-goi-dem-khach-san-homestay-resort-nha-nghi.jpg\" alt=\"\" width=\"1500\" height=\"1089\" title=\"\" srcset=\"https:\/\/chanrathanhthuy.com\/wp-content\/uploads\/2023\/03\/Chan-ga-goi-dem-khach-san-homestay-resort-nha-nghi.jpg 1500w, https:\/\/chanrathanhthuy.com\/wp-content\/uploads\/2023\/03\/Chan-ga-goi-dem-khach-san-homestay-resort-nha-nghi-300x218.jpg 300w, https:\/\/chanrathanhthuy.com\/wp-content\/uploads\/2023\/03\/Chan-ga-goi-dem-khach-san-homestay-resort-nha-nghi-1024x743.jpg 1024w, https:\/\/chanrathanhthuy.com\/wp-content\/uploads\/2023\/03\/Chan-ga-goi-dem-khach-san-homestay-resort-nha-nghi-150x109.jpg 150w, https:\/\/chanrathanhthuy.com\/wp-content\/uploads\/2023\/03\/Chan-ga-goi-dem-khach-san-homestay-resort-nha-nghi-768x558.jpg 768w, https:\/\/chanrathanhthuy.com\/wp-content\/uploads\/2023\/03\/Chan-ga-goi-dem-khach-san-homestay-resort-nha-nghi-600x436.jpg 600w\" sizes=\"auto, (max-width: 1500px) 100vw, 1500px\" \/><\/a><\/p>\n<p style=\"text-align: justify;\" data-sourcepos=\"7:1-7:340\">\u00c1o m\u1ec1n tr\u1eafng tr\u01a1n ch\u1ed1ng nh\u0103n Ch\u0103n Ra Thanh Th\u1ee7y \u0111\u01b0\u1ee3c may theo quy c\u00e1ch chuy\u00ean bi\u1ec7t d\u00e0nh cho kh\u00e1ch s\u1ea1n v\u00e0 resort, \u0111\u1ea3m b\u1ea3o \u0111\u1ed9 b\u1ec1n v\u00e0 v\u1ebb \u0111\u1eb9p tinh t\u1ebf. Ch\u00fang t\u00f4i s\u1eed d\u1ee5ng ch\u1ea5t li\u1ec7u v\u1ea3i cao c\u1ea5p nh\u01b0 CVC v\u00e0 Cotton Satin, n\u1ed5i b\u1eadt v\u1edbi kh\u1ea3 n\u0103ng ch\u1ed1ng nh\u0103n v\u01b0\u1ee3t tr\u1ed9i, gi\u1eef cho \u00e1o m\u1ec1n lu\u00f4n ph\u1eb3ng phiu v\u00e0 sang tr\u1ecdng, ngay c\u1ea3 sau nhi\u1ec1u l\u1ea7n gi\u1eb7t.<\/p>\n<p style=\"text-align: justify;\" data-sourcepos=\"7:1-7:340\"><a href=\"https:\/\/chanrathanhthuy.com\/wp-content\/uploads\/2023\/03\/Ruot-chan-Vo-chan-khach-san.jpg\"><img loading=\"lazy\" decoding=\"async\" class=\"aligncenter size-full wp-image-80065\" src=\"https:\/\/chanrathanhthuy.com\/wp-content\/uploads\/2023\/03\/Ruot-chan-Vo-chan-khach-san.jpg\" alt=\"\" width=\"1500\" height=\"1812\" title=\"\" srcset=\"https:\/\/chanrathanhthuy.com\/wp-content\/uploads\/2023\/03\/Ruot-chan-Vo-chan-khach-san.jpg 1500w, https:\/\/chanrathanhthuy.com\/wp-content\/uploads\/2023\/03\/Ruot-chan-Vo-chan-khach-san-248x300.jpg 248w, https:\/\/chanrathanhthuy.com\/wp-content\/uploads\/2023\/03\/Ruot-chan-Vo-chan-khach-san-848x1024.jpg 848w, https:\/\/chanrathanhthuy.com\/wp-content\/uploads\/2023\/03\/Ruot-chan-Vo-chan-khach-san-124x150.jpg 124w, https:\/\/chanrathanhthuy.com\/wp-content\/uploads\/2023\/03\/Ruot-chan-Vo-chan-khach-san-768x928.jpg 768w, https:\/\/chanrathanhthuy.com\/wp-content\/uploads\/2023\/03\/Ruot-chan-Vo-chan-khach-san-1272x1536.jpg 1272w, https:\/\/chanrathanhthuy.com\/wp-content\/uploads\/2023\/03\/Ruot-chan-Vo-chan-khach-san-600x725.jpg 600w\" sizes=\"auto, (max-width: 1500px) 100vw, 1500px\" \/><\/a><\/p>\n<h3 style=\"text-align: justify;\" data-sourcepos=\"9:1-9:79\">\u01afu \u0111i\u1ec3m n\u1ed5i b\u1eadt c\u1ee7a \u00e1o m\u1ec1n kh\u00e1ch s\u1ea1n v\u00e0 ch\u0103n ga g\u1ed1i \u0111\u1ec7m Ch\u0103n Ra Thanh Th\u1ee7y<\/h3>\n<ul style=\"text-align: justify;\" data-sourcepos=\"11:1-16:0\">\n<li data-sourcepos=\"11:1-11:138\">V\u1ea3i m\u1ec1m v\u00e0 b\u1ec1n: Chuy\u00ean nghi\u1ec7p cho kh\u0103n tr\u1ea3i gi\u01b0\u1eddng kh\u00e1ch s\u1ea1n m\u00e0u tr\u1eafng, \u0111\u1ea3m b\u1ea3o tu\u1ed5i th\u1ecd s\u1ea3n ph\u1ea9m v\u00e0 c\u1ea3m gi\u00e1c \u00eam \u00e1i khi s\u1eed d\u1ee5ng.<\/li>\n<li data-sourcepos=\"12:1-12:195\">Ti\u00eau chu\u1ea9n ch\u1ea5t l\u01b0\u1ee3ng nghi\u00eam ng\u1eb7t: M\u1eadt \u0111\u1ed9, tr\u1ecdng l\u01b0\u1ee3ng v\u00e0 s\u1ee3i v\u1ea3i \u0111\u1ea1t 100% ti\u00eau chu\u1ea9n kh\u00e1ch h\u00e0ng, kh\u1eb3ng \u0111\u1ecbnh ch\u1ea5t l\u01b0\u1ee3ng \u0111\u1ed3ng \u0111\u1ec1u v\u00e0 cao c\u1ea5p cho to\u00e0n b\u1ed9 h\u1ec7 th\u1ed1ng ch\u0103n ga g\u1ed1i \u0111\u1ec7m c\u1ee7a b\u1ea1n.<\/li>\n<li data-sourcepos=\"13:1-13:149\">An to\u00e0n v\u00e0 th\u00e2n thi\u1ec7n m\u00f4i tr\u01b0\u1eddng: V\u1eadt li\u1ec7u t\u1ea9y v\u00e0 nhu\u1ed9m \u0111\u01b0\u1ee3c ki\u1ec3m \u0111\u1ecbnh kh\u00f4ng ch\u1ee9a AZO, ho\u00e0n to\u00e0n an to\u00e0n cho s\u1ee9c kh\u1ecfe ng\u01b0\u1eddi d\u00f9ng v\u00e0 m\u00f4i tr\u01b0\u1eddng.<\/li>\n<li data-sourcepos=\"14:1-14:142\">H\u1ea1n ch\u1ebf co r\u00fat t\u1ed1i \u0111a: V\u1edbi \u0111\u1ed9 co r\u00fat trong v\u00f2ng 3% sau 3 l\u1ea7n gi\u1eb7t \u1edf 40 \u0111\u1ed9 v\u00e0 s\u1ea5y kh\u00f4, \u00e1o m\u1ec1n gi\u1eef \u0111\u01b0\u1ee3c form d\u00e1ng v\u00e0 k\u00edch th\u01b0\u1edbc chu\u1ea9n x\u00e1c.<\/li>\n<li data-sourcepos=\"15:1-16:0\">Ki\u1ec3m so\u00e1t ch\u1ea5t l\u01b0\u1ee3ng to\u00e0n di\u1ec7n: Ch\u0103n Ra Thanh Th\u1ee7y s\u1edf h\u1eefu x\u01b0\u1edfng k\u00e9o s\u1ee3i v\u00e0 d\u1ec7t v\u1ea3i ri\u00eang, cho ph\u00e9p ki\u1ec3m so\u00e1t ch\u1ea5t l\u01b0\u1ee3ng t\u1eeb kh\u00e2u nguy\u00ean li\u1ec7u th\u00f4 ban \u0111\u1ea7u \u0111\u1ebfn th\u00e0nh ph\u1ea9m, \u0111\u1ea3m b\u1ea3o ch\u1ea5t l\u01b0\u1ee3ng t\u1ed1i \u01b0u v\u00e0 th\u1eddi gian giao h\u00e0ng nhanh ch\u00f3ng.<\/li>\n<\/ul>\n<p style=\"text-align: justify;\" data-sourcepos=\"17:1-17:177\">L\u1ef1a ch\u1ecdn \u00e1o m\u1ec1n kh\u00e1ch s\u1ea1n v\u00e0 ch\u0103n ga g\u1ed1i \u0111\u1ec7m t\u1eeb Ch\u0103n Ra Thanh Th\u1ee7y l\u00e0 s\u1ef1 \u0111\u1ea7u t\u01b0 th\u00f4ng minh cho s\u1ef1 ti\u1ec7n nghi, sang tr\u1ecdng v\u00e0 b\u1ec1n v\u1eefng trong kh\u00f4ng gian l\u01b0u tr\u00fa c\u1ee7a b\u1ea1n.<\/p>\n","protected":false},"excerpt":{"rendered":"<p><span style=\"color: #ff0000;\"><strong>GI\u00c1 \u01afU \u0110\u00c3I T\u1edaI 50% KHI \u0110\u1eb6T MAY THEO Y\u00caU C\u1ea6U<\/strong><\/span><\/p>\n","protected":false},"featured_media":72982,"comment_status":"open","ping_status":"closed","template":"","meta":{"_acf_changed":false,"inline_featured_image":false},"product_cat":[2073,2647],"product_tag":[],"class_list":{"0":"post-69157","1":"product","2":"type-product","3":"status-publish","4":"has-post-thumbnail","6":"product_cat-khach-san-homestay-nha-nghi","7":"product_cat-trang-tron","9":"first","10":"instock","11":"purchasable","12":"product-type-variable","13":"rtwpvg-product"},"acf":[],"_links":{"self":[{"href":"https:\/\/chanrathanhthuy.com\/ja\/wp-json\/wp\/v2\/product\/69157","targetHints":{"allow":["GET"]}}],"collection":[{"href":"https:\/\/chanrathanhthuy.com\/ja\/wp-json\/wp\/v2\/product"}],"about":[{"href":"https:\/\/chanrathanhthuy.com\/ja\/wp-json\/wp\/v2\/types\/product"}],"replies":[{"embeddable":true,"href":"https:\/\/chanrathanhthuy.com\/ja\/wp-json\/wp\/v2\/comments?post=69157"}],"wp:featuredmedia":[{"embeddable":true,"href":"https:\/\/chanrathanhthuy.com\/ja\/wp-json\/wp\/v2\/media\/72982"}],"wp:attachment":[{"href":"https:\/\/chanrathanhthuy.com\/ja\/wp-json\/wp\/v2\/media?parent=69157"}],"wp:term":[{"taxonomy":"product_cat","embeddable":true,"href":"https:\/\/chanrathanhthuy.com\/ja\/wp-json\/wp\/v2\/product_cat?post=69157"},{"taxonomy":"product_tag","embeddable":true,"href":"https:\/\/chanrathanhthuy.com\/ja\/wp-json\/wp\/v2\/product_tag?post=69157"}],"curies":[{"name":"wp","href":"https:\/\/api.w.org\/{rel}","templated":true}]}}